{"id":97,"date":"2025-06-30T08:39:47","date_gmt":"2025-06-30T08:39:47","guid":{"rendered":"https:\/\/customacrylicproduct.com\/?page_id=97"},"modified":"2025-08-05T05:24:05","modified_gmt":"2025-08-05T05:24:05","slug":"shipping-policy","status":"publish","type":"page","link":"https:\/\/customacrylicproduct.com\/de\/terms-of-use\/shipping-policy\/","title":{"rendered":"Versandpolitik"},"content":{"rendered":"<div data-elementor-type=\"wp-page\" data-elementor-id=\"97\" class=\"elementor elementor-97\" data-elementor-post-type=\"page\">\n\t\t\t\t\t\t<section class=\"elementor-section elementor-top-section elementor-element elementor-element-663e1fd elementor-section-height-min-height elementor-section-boxed elementor-section-height-default elementor-section-items-middle\" data-id=\"663e1fd\" data-element_type=\"section\" data-e-type=\"section\" data-settings=\"{&quot;background_background&quot;:&quot;classic&quot;,&quot;ekit_has_onepagescroll_dot&quot;:&quot;yes&quot;}\">\n\t\t\t\t\t\t\t<div class=\"elementor-background-overlay\"><\/div>\n\t\t\t\t\t\t\t<div class=\"elementor-container elementor-column-gap-default\">\n\t\t\t\t\t<div class=\"elementor-column elementor-col-50 elementor-top-column elementor-element elementor-element-9a44d78\" data-id=\"9a44d78\" data-element_type=\"column\" data-e-type=\"column\">\n\t\t\t<div class=\"elementor-widget-wrap elementor-element-populated\">\n\t\t\t\t\t\t<div class=\"elementor-element elementor-element-6b84372 elementor-widget elementor-widget-breadcrumbs\" data-id=\"6b84372\" data-element_type=\"widget\" data-e-type=\"widget\" data-settings=\"{&quot;ekit_we_effect_on&quot;:&quot;none&quot;}\" data-widget_type=\"breadcrumbs.default\">\n\t\t\t\t<div class=\"elementor-widget-container\">\n\t\t\t\t\t<nav aria-label=\"Semmelbr\u00f6sel\" class=\"rank-math-breadcrumb\"><p><span class=\"last\">Startseite<\/span><\/p><\/nav>\t\t\t\t<\/div>\n\t\t\t\t<\/div>\n\t\t\t\t<div class=\"elementor-element elementor-element-7ac53b1 elementor-widget elementor-widget-elementskit-heading\" data-id=\"7ac53b1\" data-element_type=\"widget\" data-e-type=\"widget\" data-settings=\"{&quot;ekit_we_effect_on&quot;:&quot;none&quot;}\" data-widget_type=\"elementskit-heading.default\">\n\t\t\t\t<div class=\"elementor-widget-container\">\n\t\t\t\t\t<div class=\"ekit-wid-con\" ><div class=\"ekit-heading elementskit-section-title-wraper text_left   ekit_heading_tablet-   ekit_heading_mobile-\"><h1 class=\"ekit-heading--title elementskit-section-title\">Versandpolitik<\/h1>\t\t\t\t<div class='ekit-heading__description'>\n\t\t\t\t\t<p>CustomAcrylicProduct.com's Datenschutzrichtlinie: wie Ihre Daten gesammelt und verwendet werden.<\/p>\n\t\t\t\t<\/div>\n\t\t\t<\/div><\/div>\t\t\t\t<\/div>\n\t\t\t\t<\/div>\n\t\t\t\t<section class=\"elementor-section elementor-inner-section elementor-element elementor-element-0dcaa03 elementor-section-boxed elementor-section-height-default elementor-section-height-default\" data-id=\"0dcaa03\" data-element_type=\"section\" data-e-type=\"section\" data-settings=\"{&quot;ekit_has_onepagescroll_dot&quot;:&quot;yes&quot;}\">\n\t\t\t\t\t\t<div class=\"elementor-container elementor-column-gap-default\">\n\t\t\t\t\t<div class=\"elementor-column elementor-col-50 elementor-inner-column elementor-element elementor-element-aa71d9b\" data-id=\"aa71d9b\" data-element_type=\"column\" data-e-type=\"column\">\n\t\t\t<div class=\"elementor-widget-wrap elementor-element-populated\">\n\t\t\t\t\t\t<div class=\"elementor-element elementor-element-4df351d elementor-align-left elementor-widget__width-auto elementor-widget elementor-widget-elementskit-button\" data-id=\"4df351d\" data-element_type=\"widget\" data-e-type=\"widget\" data-settings=\"{&quot;ekit_we_effect_on&quot;:&quot;none&quot;}\" data-widget_type=\"elementskit-button.default\">\n\t\t\t\t<div class=\"elementor-widget-container\">\n\t\t\t\t\t<div class=\"ekit-wid-con\" >\t\t<div class=\"ekit-btn-wraper\">\n\t\t\t\t\t\t\t<a href=\"https:\/\/customacrylicproduct.com\/de\/contact\/\" class=\"elementskit-btn  whitespace--normal\" id=\"\">\n\t\t\t\t\tKontakt heute \t\t\t\t<\/a>\n\t\t\t\t\t<\/div>\n        <\/div>\t\t\t\t<\/div>\n\t\t\t\t<\/div>\n\t\t\t\t\t<\/div>\n\t\t<\/div>\n\t\t\t\t<div class=\"elementor-column elementor-col-50 elementor-inner-column elementor-element elementor-element-f1c4bc2\" data-id=\"f1c4bc2\" data-element_type=\"column\" data-e-type=\"column\">\n\t\t\t<div class=\"elementor-widget-wrap elementor-element-populated\">\n\t\t\t\t\t\t<div class=\"elementor-element elementor-element-7ffbef8 elementor-align-left elementor-widget__width-auto elementor-widget elementor-widget-elementskit-button\" data-id=\"7ffbef8\" data-element_type=\"widget\" data-e-type=\"widget\" data-settings=\"{&quot;ekit_we_effect_on&quot;:&quot;none&quot;}\" data-widget_type=\"elementskit-button.default\">\n\t\t\t\t<div class=\"elementor-widget-container\">\n\t\t\t\t\t<div class=\"ekit-wid-con\" >\t\t<div class=\"ekit-btn-wraper\">\n\t\t\t\t\t\t\t<a href=\"#elementor-action%3Aaction%3Dpopup%3Aopen%26settings%3DeyJpZCI6IjMyMyIsInRvZ2dsZSI6ZmFsc2V9\" class=\"elementskit-btn  whitespace--normal\" id=\"\">\n\t\t\t\t\tOnline-Chat\t\t\t\t<\/a>\n\t\t\t\t\t<\/div>\n        <\/div>\t\t\t\t<\/div>\n\t\t\t\t<\/div>\n\t\t\t\t\t<\/div>\n\t\t<\/div>\n\t\t\t\t\t<\/div>\n\t\t<\/section>\n\t\t\t\t\t<\/div>\n\t\t<\/div>\n\t\t\t\t<div class=\"elementor-column elementor-col-50 elementor-top-column elementor-element elementor-element-ab83184\" data-id=\"ab83184\" data-element_type=\"column\" data-e-type=\"column\">\n\t\t\t<div class=\"elementor-widget-wrap\">\n\t\t\t\t\t\t\t<\/div>\n\t\t<\/div>\n\t\t\t\t\t<\/div>\n\t\t<\/section>\n\t\t<div class=\"elementor-element elementor-element-f55431e e-flex e-con-boxed e-con e-parent\" data-id=\"f55431e\" data-element_type=\"container\" data-e-type=\"container\" data-settings=\"{&quot;ekit_has_onepagescroll_dot&quot;:&quot;yes&quot;}\">\n\t\t\t\t\t<div class=\"e-con-inner\">\n\t\t\t\t<div class=\"elementor-element elementor-element-3c33d0c elementor-widget elementor-widget-text-editor\" data-id=\"3c33d0c\" data-element_type=\"widget\" data-e-type=\"widget\" data-settings=\"{&quot;ekit_we_effect_on&quot;:&quot;none&quot;}\" data-widget_type=\"text-editor.default\">\n\t\t\t\t<div class=\"elementor-widget-container\">\n\t\t\t\t\t\t\t\t\t<h2 id=\"-shipping-policy-\"><strong>Versandpolitik<\/strong><\/h2><p><strong>Zuletzt aktualisiert:<\/strong>\u00a030. Juli 2025<\/p><p>Vielen Dank f\u00fcr Ihren Besuch und Ihren Einkauf bei CustomAcrylicProduct.com. Unten ist unsere detaillierte Versandpolitik f\u00fcr alle Bestellungen.<\/p><hr \/><h3 id=\"-1-order-processing-\"><strong>1. Auftragsabwicklung<\/strong><\/h3><ul><li>Alle kundenspezifischen Acrylprodukte sind\u00a0<strong>auf Bestellung gefertigt<\/strong>.<\/li><li>Die Produktionszeit betr\u00e4gt in der Regel\u00a0<strong>5 bis 10 Arbeitstage<\/strong>, je nach Umfang und Komplexit\u00e4t Ihres Auftrags.<\/li><li>Bestellungen werden von Montag bis Freitag (au\u00dfer an Feiertagen) bearbeitet.<\/li><li>Nach dem Versand erhalten Sie eine Tracking-Nummer und eine Versandbest\u00e4tigung per E-Mail.<\/li><\/ul><hr \/><h3 id=\"-2-shipping-methods-delivery-estimates-\"><strong>2. Versandmethoden &amp; Lieferkostenvoranschl\u00e4ge<\/strong><\/h3><p>Wir bieten zwei Hauptversandarten an:\u00a0<strong>Express-Luftfracht<\/strong>\u00a0und\u00a0<strong>Kosteng\u00fcnstige Seefracht<\/strong>.<\/p><h4 id=\"-a-express-air-shipping-for-urgent-or-small-volume-orders-\"><strong>A. Express-Luftfracht<\/strong>\u00a0<em>(F\u00fcr dringende oder kleinvolumige Bestellungen)<\/em><\/h4><table><thead><tr><th>Region<\/th><th>Bef\u00f6rderer (DHL\/UPS\/FedEx)<\/th><th>Gesch\u00e4tzte Lieferfrist<\/th><th>Versandgeb\u00fchr<\/th><\/tr><\/thead><tbody><tr><td>Vereinigte Staaten<\/td><td>Express<\/td><td>5-8 Arbeitstage<\/td><td>Wird an der Kasse berechnet<\/td><\/tr><tr><td>Europa &amp; UK<\/td><td>Express<\/td><td>6-10 Arbeitstage<\/td><td>Wird an der Kasse berechnet<\/td><\/tr><tr><td>Asien-Pazifik<\/td><td>EMS\/Express<\/td><td>4-7 Arbeitstage<\/td><td>Wird an der Kasse berechnet<\/td><\/tr><tr><td>Rest der Welt<\/td><td>Internationaler Express<\/td><td>7-12 Arbeitstage<\/td><td>Wird an der Kasse berechnet<\/td><\/tr><\/tbody><\/table><h4 id=\"-b-sea-shipping-for-bulk-or-heavy-orders-\"><strong>B. Seeschifffahrt<\/strong>\u00a0<em>(F\u00fcr Gro\u00dfauftr\u00e4ge oder schwere Bestellungen)<\/em><\/h4><ul><li>Seefracht ist\u00a0<strong>wirtschaftlicher<\/strong>\u00a0f\u00fcr gro\u00dfe oder palettengro\u00dfe Sendungen.<\/li><li>Gesch\u00e4tzte Lieferfrist:\u00a0<strong>25-45 Tage<\/strong>, abh\u00e4ngig von Ihrem Standort und der \u00dcberlastung der H\u00e4fen.<\/li><li>Wir liefern an die meisten\u00a0<strong>gro\u00dfe internationale Seeh\u00e4fen<\/strong>.<\/li><li>Von den Kunden kann verlangt werden, dass sie bei der Zollabfertigung und der endg\u00fcltigen Lieferlogistik behilflich sind.<\/li><\/ul><blockquote><p><strong>Anmerkung:<\/strong>\u00a0Die Preise f\u00fcr den Seetransport variieren je nach Zielhafen, Volumen (CBM) und Incoterms (EXW, FOB, CIF). Kontaktieren Sie uns f\u00fcr eine\u00a0<strong>Individuelles Versandangebot<\/strong>.<\/p><\/blockquote><hr \/><h3 id=\"-3-customs-duties-import-taxes-\"><strong>3. Z\u00f6lle, Abgaben und Einfuhrsteuern<\/strong><\/h3><ul><li>Einfuhrz\u00f6lle, Steuern und Abgaben\u00a0<strong>sind nicht enthalten<\/strong>\u00a0in unseren Preisen oder Versandgeb\u00fchren.<\/li><li>Diese Kosten liegen in der Verantwortung des K\u00e4ufers und variieren je nach Land.<\/li><li>Bei Seetransporten kann es erforderlich sein, dass Sie sich mit einem\u00a0<strong>\u00f6rtlicher Spediteur oder Zollagent<\/strong>.<\/li><\/ul><hr \/><h3 id=\"-4-shipping-carriers-\"><strong>4. Spediteure<\/strong><\/h3><p>Wir versenden \u00fcber vertrauensw\u00fcrdige Logistikpartner:<\/p><ul><li><strong>Air Express:<\/strong>\u00a0DHL, UPS, FedEx, EMS<\/li><li><strong>Seefracht:<\/strong>\u00a0COSCO, MSC, Maersk oder andere renommierte Spediteure<\/li><\/ul><p>Sobald Ihre Bestellung versandt wird, erhalten Sie eine Kontrollnummer.<\/p><hr \/><h3 id=\"-5-shipping-address-accuracy-\"><strong>5. Genauigkeit der Lieferadresse<\/strong><\/h3><ul><li>Bitte stellen Sie sicher, dass Ihre Lieferadresse\u00a0<strong>vollst\u00e4ndig und korrekt<\/strong>\u00a0an der Kasse.<\/li><li>Wir haften nicht f\u00fcr Verz\u00f6gerungen oder Verluste, die durch\u00a0<strong>falsche oder unvollst\u00e4ndige Adressen<\/strong>.<\/li><\/ul><hr \/><h3 id=\"-6-damaged-or-lost-packages-\"><strong>6. Besch\u00e4digte oder verlorene Pakete<\/strong><\/h3><p>Wenn Ihr Paket auf dem Transportweg besch\u00e4digt wird oder verloren geht:<\/p><ul><li>Kontaktieren Sie uns innerhalb\u00a0<strong>5 Arbeitstage<\/strong>\u00a0der Lieferung.<\/li><li>Legen Sie gegebenenfalls Fotos und eine Dokumentation des Schadens vor.<\/li><li>Wir unterst\u00fctzen Sie bei der L\u00f6sung des Problems mit dem Spediteur und veranlassen gegebenenfalls einen Ersatz oder eine R\u00fcckerstattung.<\/li><\/ul><hr \/><h3 id=\"-7-sea-freight-tips-notes-\"><strong>7. Seefracht Tipps &amp; Hinweise<\/strong><\/h3><ul><li><strong>Am besten geeignet f\u00fcr:<\/strong>\u00a0Gro\u00dfauftr\u00e4ge, gro\u00dfe Acryl-Displays, M\u00f6bel oder schwere Sonderanfertigungen.<\/li><li>Wenn Sie eine\u00a0<strong>Spediteur<\/strong>, k\u00f6nnen wir direkt an ihr Lager in China liefern.<\/li><li>F\u00fcr DDP-Optionen (Delivered Duty Paid) wenden Sie sich bitte direkt an uns.<\/li><\/ul><hr \/><h3 id=\"-8-contact-us-\"><strong>8. Kontakt<\/strong><\/h3><p>Sie haben Fragen oder ben\u00f6tigen ein Seefrachtangebot?<\/p><p>\ud83d\udce7\u00a0<strong>E-Mail:<\/strong>\u00a0<a href=\"mailto:support@customacrylicproduct.com\">info@customacrylicproduct.com<\/a>\u00a0\ud83c\udf10\u00a0<strong>Website:<\/strong>\u00a0<a href=\"https:\/\/customacrylicproduct.com\/de\">https:\/\/customacrylicproduct.com<\/a>\u00a0\ud83d\udcde\u00a0<strong>Kundenstunden:<\/strong>\u00a0Montag bis Freitag, 9 AM - 6 PM (UTC+8)<\/p><hr \/><p>Lassen Sie mich wissen, ob Sie die\u00a0<strong>HTML-Fassung<\/strong>\u00a0oder wenn Sie die Versandoptionen f\u00fcr See- und Luftfracht dynamisch auf Ihren Produktseiten anzeigen m\u00f6chten.<\/p>\t\t\t\t\t\t\t\t<\/div>\n\t\t\t\t<\/div>\n\t\t\t\t\t<\/div>\n\t\t\t\t<\/div>\n\t\t\t\t<\/div>","protected":false},"excerpt":{"rendered":"<p>Home Shipping Policy CustomAcrylicProduct.com's Privacy Policy: wie Ihre Daten gesammelt und verwendet werden. Kontakt Heute Online Chat Versandbedingungen Zuletzt aktualisiert: Juli 30, 2025 Vielen Dank f\u00fcr Ihren Besuch und Ihren Einkauf bei CustomAcrylicProduct.com. Nachfolgend finden Sie unsere detaillierten Versandbedingungen f\u00fcr alle Bestellungen. 1. Auftragsabwicklung Alle kundenspezifischen Acrylprodukte werden auf Bestellung gefertigt. Die Produktionszeit betr\u00e4gt normalerweise 5 bis...<\/p>","protected":false},"author":1,"featured_media":3254,"parent":93,"menu_order":2,"comment_status":"closed","ping_status":"closed","template":"","meta":{"_kad_post_transparent":"","_kad_post_title":"hide","_kad_post_layout":"fullwidth","_kad_post_sidebar_id":"","_kad_post_content_style":"unboxed","_kad_post_vertical_padding":"hide","_kad_post_feature":"hide","_kad_post_feature_position":"","_kad_post_header":false,"_kad_post_footer":false,"_kad_post_classname":"","footnotes":""},"class_list":["post-97","page","type-page","status-publish","has-post-thumbnail","hentry"],"_links":{"self":[{"href":"https:\/\/customacrylicproduct.com\/de\/wp-json\/wp\/v2\/pages\/97","targetHints":{"allow":["GET"]}}],"collection":[{"href":"https:\/\/customacrylicproduct.com\/de\/wp-json\/wp\/v2\/pages"}],"about":[{"href":"https:\/\/customacrylicproduct.com\/de\/wp-json\/wp\/v2\/types\/page"}],"author":[{"embeddable":true,"href":"https:\/\/customacrylicproduct.com\/de\/wp-json\/wp\/v2\/users\/1"}],"replies":[{"embeddable":true,"href":"https:\/\/customacrylicproduct.com\/de\/wp-json\/wp\/v2\/comments?post=97"}],"version-history":[{"count":0,"href":"https:\/\/customacrylicproduct.com\/de\/wp-json\/wp\/v2\/pages\/97\/revisions"}],"up":[{"embeddable":true,"href":"https:\/\/customacrylicproduct.com\/de\/wp-json\/wp\/v2\/pages\/93"}],"wp:featuredmedia":[{"embeddable":true,"href":"https:\/\/customacrylicproduct.com\/de\/wp-json\/wp\/v2\/media\/3254"}],"wp:attachment":[{"href":"https:\/\/customacrylicproduct.com\/de\/wp-json\/wp\/v2\/media?parent=97"}],"curies":[{"name":"wp","href":"https:\/\/api.w.org\/{rel}","templated":true}]}}