{"id":1064,"date":"2025-07-14T09:37:08","date_gmt":"2025-07-14T09:37:08","guid":{"rendered":"https:\/\/customacrylicproduct.com\/?post_type=product&#038;p=1064"},"modified":"2025-07-14T09:58:05","modified_gmt":"2025-07-14T09:58:05","slug":"bespoke-freestanding-laser-engraving-acrylic-awards-factory","status":"publish","type":"product","link":"https:\/\/customacrylicproduct.com\/de\/bespoke-freestanding-laser-engraving-acrylic-awards-factory\/","title":{"rendered":"Freistehende Lasergravur f\u00fcr Acryl-Auszeichnungen nach Ma\u00df Fabrik"},"content":{"rendered":"<h3 id=\"-the-art-of-recognition-a-thorough-intro-to-bespoke-freestanding-laser-engraved-acrylic-awards-\"><strong>Die Kunst der Anerkennung: Eine gr\u00fcndliche Einf\u00fchrung in ma\u00dfgeschneiderte, freistehende, lasergravierte Acryl-Auszeichnungen\u00a0<\/strong>.<\/h3>\n<p>In einer Welt voller fl\u00fcchtiger digitaler Anerkennungen ist der greifbare Akt der Anerkennung von Leistungen heute wichtiger denn je. Eine Auszeichnung ist nicht nur etwas, sie ist ein Zeichen, eine dauerhafte Markierung f\u00fcr Qualit\u00e4t, Engagement und Erfolg. Sie ist eine Geschichte, die in physischer Form erz\u00e4hlt wird. Unsere ma\u00dfgeschneiderten, freistehenden, lasergravierten Acryl-Ehrungen sind daf\u00fcr gemacht, diese Geschichte mit un\u00fcbertroffener Eleganz, Pr\u00e4zision und moderner Eleganz zu erz\u00e4hlen.<\/p>\n<p>Das sind keine konventionellen Preise, die Staub ansammeln. Sie sind Kunstwerke, die das Licht und die Kreativit\u00e4t festhalten sollen. Indem wir die bemerkenswerten Eigenschaften des modernen Acryls mit der mikroskopischen Genauigkeit der modernen Lasertechnologie verbinden, entwickeln wir Auszeichnungen, die so einzigartig und fantastisch sind wie die Personen und Gruppen, an die sie erinnern. Ob im Konferenzraum eines Unternehmens oder auf dem Schulpodium - diese Auszeichnungen sind ein Zeugnis f\u00fcr Leistung, das ein Leben lang gesch\u00e4tzt wird.<\/p>\n<p>Diese Einf\u00fchrung wird Sie sicherlich \u00fcber die sechs grundlegenden S\u00e4ulen leiten, die unsere Auszeichnungen ausmachen: die erstklassigen Qualit\u00e4ten des Materials, das technische Wunder unseres \u00c4tzverfahrens, die unendlichen M\u00f6glichkeiten im Design, die gro\u00dfe Auswahl an Anwendungen, unser kooperativer \u00c4nderungsdienst und der au\u00dfergew\u00f6hnliche Wert, den sie darstellen.<\/p>\n<h4 id=\"-1-the-spirit-of-the-honor-unmatched-product-qualities-of-acrylic-\"><strong>1. Der Geist der Ehre: Die un\u00fcbertroffenen Produkteigenschaften von Acryl\u00a0<\/strong>.<\/h4>\n<p>Das Ger\u00fcst jeder gro\u00dfen Ehre ist das Produkt, aus dem sie gemacht ist. Wir w\u00e4hlen Acryl, das h\u00e4ufig als \u201cK\u00f6nigin der Kunststoffe\u201d bewundert wird, wegen seiner bemerkenswerten Kombination von Attraktivit\u00e4t, Ausdauer und Flexibilit\u00e4t. Es ist ein Material, das die Erwartungen \u00fcbertrifft und ein Kostenerlebnis bietet, das \u00fcber die Erwartungen hinausgeht.<\/p>\n<p><strong>Leuchtende Klarheit und Glanz:\u00a0<\/strong>Die auff\u00e4lligste Eigenschaft unseres Acryls ist seine au\u00dfergew\u00f6hnliche Transparenz. Mit einer Lichtdurchl\u00e4ssigkeit, die der von feinstem Glas und Kristall entspricht oder sie sogar \u00fcbertrifft, l\u00e4sst es das Licht durch und bricht es in einem spektakul\u00e4ren Bildschirm. Diese optische Reinheit sorgt daf\u00fcr, dass die detaillierten Informationen der Lasergravur mit absoluter Klarheit zu sehen sind, wodurch ein Gef\u00fchl von Tiefe und Dimension entsteht, das einfach aufregend ist. Im Gegensatz zu minderwertigen Kunststoffen hat unser hochwertiges Acrylglas nicht die blassblaue oder umweltfreundliche T\u00f6nung von Glas, sondern bietet eine perfekt neutrale Leinwand f\u00fcr Ihren Stil.<\/p>\n<p><strong>Signifikantes Gewicht und Gef\u00fchl:\u00a0<\/strong>Eine Auszeichnung muss sich in den H\u00e4nden des Empf\u00e4ngers wirklich bedeutend anf\u00fchlen. Unser Acryl ist zwar leichter als Glas, besitzt aber eine angenehme Dichte und ein Gewicht, das ein Gef\u00fchl von Wert, Wert und Haltbarkeit vermittelt. Dieses Gef\u00fchl der Zufriedenheit ist ein wichtiger, h\u00e4ufig vernachl\u00e4ssigter Aspekt der Erfahrung mit Auszeichnungen. Wenn eine Person ihre Auszeichnung in den H\u00e4nden h\u00e4lt, verst\u00e4rkt das betr\u00e4chtliche Gef\u00fchl die Schwere und Bedeutung ihres Erfolgs.<\/p>\n<p><strong>Au\u00dfergew\u00f6hnliche Z\u00e4higkeit und St\u00e4rke:\u00a0<\/strong>Sch\u00f6nheit muss best\u00e4ndig sein. Polymer ist wesentlich sto\u00dffester als Glas oder Kristall, so dass es viel weniger anf\u00e4llig f\u00fcr Bruch oder Zersplitterung ist. Diese grundlegende Z\u00e4higkeit sorgt f\u00fcr Komfort und garantiert, dass die Auszeichnung an belebten Arbeitspl\u00e4tzen, in Schulen oder zu Hause ohne st\u00e4ndige Angst vor unbeabsichtigter Besch\u00e4digung stolz pr\u00e4sentiert werden kann. Dar\u00fcber hinaus verf\u00fcgt Acryl \u00fcber eine ausgezeichnete Witterungsbest\u00e4ndigkeit und chemische Stabilit\u00e4t. Es vergilbt nicht und wird auch nicht br\u00fcchig, wenn es im Laufe der Zeit der Sonne ausgesetzt wird, so dass die Ehrung so makellos und fantastisch bleibt wie an dem Tag, an dem sie erhalten wurde. Die verschlei\u00dffeste Oberfl\u00e4che ist pflegeleicht und reinigungsfreundlich, so dass die gl\u00e4nzende, polierte Beschichtung \u00fcber mehrere Jahre hinweg erhalten bleibt.<\/p>\n<p><a href=\"https:\/\/customacrylicproduct.com\/de\/bespoke-freestanding-laser-engraving-acrylic-awards-factory\/\"><img fetchpriority=\"high\" decoding=\"async\" class=\"aligncenter wp-image-1068 size-large\" src=\"https:\/\/customacrylicproduct.com\/wp-content\/uploads\/2025\/07\/Acrylic-Awards-1024x1024.jpg\" alt=\"Acryl-Auszeichnungen\" width=\"1024\" height=\"1024\" srcset=\"https:\/\/customacrylicproduct.com\/wp-content\/uploads\/2025\/07\/Acrylic-Awards-1024x1024.jpg 1024w, https:\/\/customacrylicproduct.com\/wp-content\/uploads\/2025\/07\/Acrylic-Awards-300x300.jpg 300w, https:\/\/customacrylicproduct.com\/wp-content\/uploads\/2025\/07\/Acrylic-Awards-150x150.jpg 150w, https:\/\/customacrylicproduct.com\/wp-content\/uploads\/2025\/07\/Acrylic-Awards-768x768.jpg 768w, https:\/\/customacrylicproduct.com\/wp-content\/uploads\/2025\/07\/Acrylic-Awards-12x12.jpg 12w, https:\/\/customacrylicproduct.com\/wp-content\/uploads\/2025\/07\/Acrylic-Awards-600x600.jpg 600w, https:\/\/customacrylicproduct.com\/wp-content\/uploads\/2025\/07\/Acrylic-Awards-100x100.jpg 100w, https:\/\/customacrylicproduct.com\/wp-content\/uploads\/2025\/07\/Acrylic-Awards.jpg 1465w\" sizes=\"(max-width: 1024px) 100vw, 1024px\" \/><\/a><\/p>\n<h4 id=\"-2-accuracy-perfected-the-technological-benefits-of-laser-inscription-\"><strong>2. Perfektionierte Genauigkeit: Die technologischen Vorteile der Laserbeschriftung\u00a0<\/strong>.<\/h4>\n<p>Wenn Acryl die Seele der Ehre ist, dann ist unser Laserbeschriftungsverfahren ihre Stimme. Wir nutzen die modernste Lasertechnologie, um einen leeren Acrylblock in ein pers\u00f6nliches Meisterwerk zu verwandeln. Dieses Verfahren bietet eine Vielzahl von Vorteilen gegen\u00fcber herk\u00f6mmlichen Methoden und f\u00fchrt zu einem Produkt von h\u00f6chster Qualit\u00e4t und Information.<\/p>\n<p><strong>Mikroskopische Genauigkeit und bemerkenswerte Details:\u00a0<\/strong>Unsere Laser arbeiten mit einer verbl\u00fcffenden Genauigkeit von etwa \u00b1 0,1 mm. Diese mikroskopische Pr\u00e4zision erm\u00f6glicht es uns, selbst die kompliziertesten Stile mit erstaunlicher Genauigkeit wiederzugeben. Aufw\u00e4ndige Firmenlogos, fragile Handschriften, tiefgr\u00fcndige Bilder und feine Botschaften werden in gestochener Qualit\u00e4t graviert. Die R\u00e4nder jedes gravierten Elements sind perfekt glatt und sauber, so dass kein zweites Polieren oder Schleifen erforderlich ist. Das Ergebnis ist eine gestochen scharfe, professionelle Oberfl\u00e4che, die mit mechanischen Ger\u00e4ten nur schwer zu erreichen ist.<\/p>\n<p><strong>Ber\u00fchrungsloses, stressfreies Verfahren:\u00a0<\/strong>Im Gegensatz zur konventionellen CNC-Richtung oder mechanischen Gravur, bei der das Produkt physisch belastet wird, ist die Laserbeschriftung ein ber\u00fchrungsfreies Verfahren. Ein fokussierter Strahl verdampft das Acrylglas an einem bestimmten Punkt, wodurch die Gefahr von mechanischen Spannungen, Mikrobr\u00fcchen oder Verformungen ausgeschlossen wird. Dies ist besonders wichtig bei der Zusammenarbeit mit detaillierten Formen oder empfindlichen Designs, da so die architektonische Integrit\u00e4t und die makellose Oberfl\u00e4che des Acryls w\u00e4hrend des gesamten Herstellungsprozesses erhalten bleibt.<\/p>\n<p><strong>Unerreichte Geschwindigkeit und Effizienz:\u00a0<\/strong>Die Geschwindigkeit unserer Lasersysteme ist ein wesentlicher Vorteil. Der \u00c4tzprozess ist mehr als dreimal so schnell wie die herk\u00f6mmliche CNC-Beschriftung, so dass selbst bei gro\u00dfen Auftr\u00e4gen kurze Durchlaufzeiten m\u00f6glich sind. Diese Effektivit\u00e4t wird durch intelligente Schriftsatz- und Verschachtelungssoftware, die das Layout mehrerer Stile auf einer einzigen Acrylplatte maximiert, noch weiter verbessert. Dies beschleunigt nicht nur die Herstellung, sondern verringert auch den Produktabfall, was zu einem nachhaltigeren Verfahren beitr\u00e4gt und es uns erm\u00f6glicht, diese Kosteneinsparungen direkt an unsere Kunden weiterzugeben.<\/p>\n<p><a href=\"https:\/\/customacrylicproduct.com\/de\/bespoke-freestanding-laser-engraving-acrylic-awards-factory\/\"><img decoding=\"async\" class=\"aligncenter wp-image-1065 size-large\" src=\"https:\/\/customacrylicproduct.com\/wp-content\/uploads\/2025\/07\/Acrylic-Awards-1-1024x1024.jpg\" alt=\"Acryl-Auszeichnungen\" width=\"1024\" height=\"1024\" srcset=\"https:\/\/customacrylicproduct.com\/wp-content\/uploads\/2025\/07\/Acrylic-Awards-1-1024x1024.jpg 1024w, https:\/\/customacrylicproduct.com\/wp-content\/uploads\/2025\/07\/Acrylic-Awards-1-300x300.jpg 300w, https:\/\/customacrylicproduct.com\/wp-content\/uploads\/2025\/07\/Acrylic-Awards-1-150x150.jpg 150w, https:\/\/customacrylicproduct.com\/wp-content\/uploads\/2025\/07\/Acrylic-Awards-1-768x768.jpg 768w, https:\/\/customacrylicproduct.com\/wp-content\/uploads\/2025\/07\/Acrylic-Awards-1-12x12.jpg 12w, https:\/\/customacrylicproduct.com\/wp-content\/uploads\/2025\/07\/Acrylic-Awards-1-600x600.jpg 600w, https:\/\/customacrylicproduct.com\/wp-content\/uploads\/2025\/07\/Acrylic-Awards-1-100x100.jpg 100w, https:\/\/customacrylicproduct.com\/wp-content\/uploads\/2025\/07\/Acrylic-Awards-1.jpg 1500w\" sizes=\"(max-width: 1024px) 100vw, 1024px\" \/><\/a><\/p>\n<h4 id=\"-3-layout-beyond-convention-crafting-a-vision-in-acrylic-\"><strong>3. Layout jenseits der Konvention: Eine Vision in Acryl entwerfen\u00a0<\/strong>.<\/h4>\n<p>Die freie Natur unserer Auszeichnungen er\u00f6ffnet eine Welt der kreativen M\u00f6glichkeiten. Frei von den Zw\u00e4ngen eines typischen Sockels, ist die Auszeichnung selbst die komplette fantasievolle Erkl\u00e4rung. Unsere Designf\u00e4higkeiten erm\u00f6glichen es Ihnen, ein wirklich unverwechselbares St\u00fcck zu entwickeln, das Ihre Marke, Ihre Veranstaltung oder Ihre Botschaft vollst\u00e4ndig widerspiegelt.<\/p>\n<p><strong>Unendliche Formen und Gestalten:\u00a0<\/strong>Von klassischen rechteckigen Bl\u00f6cken und eleganten Kreisen bis hin zu individuell gestalteten Silhouetten, die Ihr Firmenlogo oder ein entsprechendes Zeichen widerspiegeln - die Gestaltungsm\u00f6glichkeiten sind praktisch unbegrenzt. Die Auszeichnung kann dick und beachtlich sein, um eine starke Aussage zu machen, oder stromlinienf\u00f6rmig und schlank, um eine besonders minimale Optik zu erzielen. Wir k\u00f6nnen facettierte Seiten herstellen, die das Licht wie ein Diamant einfangen, oder abgerundete Ecken f\u00fcr ein weicheres, besonders modernes Gef\u00fchl.<\/p>\n<p><strong>Die Macht der Basis:\u00a0<\/strong>Einige unserer Auszeichnungen sind zwar v\u00f6llig freistehend, aber ein anderer Sockel kann eine zus\u00e4tzliche Ebene der Klasse hinzuf\u00fcgen. Ein klassischer, hochgl\u00e4nzender schwarzer Acrylsockel bietet einen auff\u00e4lligen Vergleich zum klaren K\u00f6rper der Auszeichnung und dient als stilvolle St\u00fctze. Dieser Sockel eignet sich au\u00dferdem perfekt f\u00fcr eine zweite Personalisierung, wie z. B. die Ver\u00f6ffentlichung eines vollfarbigen Logos, die Eintragung des Namens des Empf\u00e4ngers oder die Angabe des Datums des Anlasses. F\u00fcr einen wirklich aufsehenerregenden Effekt kann der Sockel in Form einer Hohlkiste mit integrierten LED-Leuchten ausgef\u00fchrt werden. Auf Knopfdruck leuchtet der gesamte Preis auf und verwandelt sich in eine dynamische, lebendige Troph\u00e4e, die die Aufmerksamkeit auf sich zieht.<\/p>\n<p><strong>Die Magie der 3D-Erleichterung:\u00a0<\/strong>Eine unserer au\u00dfergew\u00f6hnlichsten F\u00e4higkeiten ist die Entwicklung von 3D-Erleichterungseffekten durch eine geschickte Strategie namens Graustufenbeschriftung. Durch die gezielte Steuerung der Leistung und des Fokus des Lasers k\u00f6nnen unsere Handwerker unterschiedliche Mittelwerte der Beschriftung im Acrylglas erzeugen. Dadurch entsteht der Eindruck, dass das Muster oder Logo holografisch im Inneren des Blocks schwebt und einen gro\u00dfartigen dreidimensionalen Charme entwickelt, den man sich nicht entgehen lassen sollte. Dies verleiht der Auszeichnung eine besondere Tiefe und Raffinesse, die sie von einer einfachen Plakette zu einem echten Meisterwerk macht.<\/p>\n<h4 id=\"-4-a-canvas-for-every-single-occasion-versatile-application-situations-\"><strong>4. Ein Canvas f\u00fcr jede Gelegenheit: Vielseitige Einsatzm\u00f6glichkeiten\u00a0<\/strong>.<\/h4>\n<p>Die zeitgem\u00e4\u00dfe Optik, die Widerstandsf\u00e4higkeit und die umfangreichen Personalisierungsm\u00f6glichkeiten unserer freistehenden Acryl-Ehrungen machen sie zur perfekten Wahl f\u00fcr eine unglaubliche Vielfalt von Veranstaltungen und Anerkennungen.<\/p>\n<ul>\n<li><strong>Welt der Unternehmen und Organisationen:\u00a0<\/strong>Erinnern Sie an Qualit\u00e4t im Arbeitsumfeld mit Auszeichnungen f\u00fcr \u201cMitarbeiter des Monats\u201d, \u201cTop Sales Entertainer\u201d, \u201cPresident's Club Inductee\u201d oder \u201cYears of Service\u201d. Sie eignen sich f\u00fcr Jahresversammlungen von Unternehmen, Anerkennungen von Partnern und Geschenke f\u00fcr Ruhest\u00e4ndler.<\/li>\n<li><strong>Akademische und Bildungseinrichtungen:\u00a0<\/strong>W\u00fcrdigen Sie den Erfolg von Sch\u00fclern mit Auszeichnungen f\u00fcr Abschiedsredner, schulische Qualit\u00e4t und Sportmeister. Erkennen Sie die Leistungen der Fakult\u00e4t, die Entwicklungen in der Forschung und die Gro\u00dfz\u00fcgigkeit von Wohlt\u00e4tern mit einem ausgekl\u00fcgelten Erinnerungsst\u00fcck an.<\/li>\n<li><strong>Sport und Wettbewerbe:\u00a0<\/strong>Von lokalen Wettbewerben bis hin zu Meisterschaften - diese Auszeichnungen sind gro\u00dfartige Troph\u00e4en und Medaillen, die den Geist des Sieges einfangen. Ihre Haltbarkeit gew\u00e4hrleistet, dass sie viel l\u00e4nger halten als typische Plastiktroph\u00e4en.<\/li>\n<li><strong>Kommerzielle und werbliche Anl\u00e4sse:\u00a0<\/strong>Nutzen Sie individuell gravierte Acrylbl\u00f6cke als hochwertige Werbeartikel, Messegeschenke oder Erinnerungsst\u00fccke f\u00fcr Produkteinf\u00fchrungen und einzigartige Anl\u00e4sse. Sie fungieren als dauerhafter Hinweis auf das Engagement Ihrer Marke f\u00fcr Qualit\u00e4t.<\/li>\n<li><strong>Pers\u00f6nliche Meilensteine und Non-Profit:\u00a0<\/strong>W\u00fcrdigen Sie Hochzeitsjubil\u00e4en, feiern Sie individuelle Leistungen oder verwenden Sie sie als besondere Dankesch\u00f6n-Geschenke f\u00fcr Ehrenamtliche und Kunden im karitativen Bereich. Sie sind ein hervorragender Dienstleister f\u00fcr die Vermittlung von Ehre, Dankbarkeit und Gef\u00fchl.<\/li>\n<\/ul>\n<h4 id=\"-5-your-vision-our-knowledge-a-genuinely-bespoke-personalization-service-\"><strong>5. Ihre Vision, unser Wissen: Ein wahrhaft ma\u00dfgeschneiderter Personalisierungsservice\u00a0<\/strong>.<\/h4>\n<p>Unser Unternehmen ist der Meinung, dass eine ma\u00dfgeschneiderte Ehrung eine gemeinschaftliche Produktion sein sollte. Unser Verfahren ist so angelegt, dass es reibungslos und klar abl\u00e4uft und sich darauf konzentriert, Ihre individuelle Vision zum Leben zu erwecken.<\/p>\n<p>Unsere engagierte Layout-Gruppe steht Ihnen bei jedem Schritt zur Seite. Sie k\u00f6nnen uns ein komplettes, druckfertiges Design-Dokument oder auch nur ein Konzept vorlegen. Unsere Spezialisten h\u00f6ren sich Ihre Anforderungen an, verstehen den Kontext des Auftrags und arbeiten mit Ihnen zusammen, um ein Konzept zu erstellen. Mit professioneller Stilsoftware wie CorelDRAW und AutoCAD setzen wir Ihre Ideen in einen detaillierten digitalen Proof um. So k\u00f6nnen Sie genau sehen, wie Ihre Auszeichnung aussehen wird, und wir k\u00f6nnen alle erforderlichen \u00c4nderungen an Form, Gr\u00f6\u00dfe, Botschaft oder Logoplatzierung vornehmen, bis Sie 100% zufrieden sind. Dieses partnerschaftliche Engagement garantiert, dass das Endprodukt nicht nur etwas ist, das wir f\u00fcr Sie hergestellt haben, sondern auch etwas, das wir mit Ihnen zusammen hergestellt haben.<\/p>\n<p><a href=\"https:\/\/customacrylicproduct.com\/de\/bespoke-freestanding-laser-engraving-acrylic-awards-factory\/\"><img decoding=\"async\" class=\"aligncenter wp-image-1067 size-full\" src=\"https:\/\/customacrylicproduct.com\/wp-content\/uploads\/2025\/07\/Acrylic-Awards-3.jpg\" alt=\"Acryl-Auszeichnungen\" width=\"1500\" height=\"1500\" srcset=\"https:\/\/customacrylicproduct.com\/wp-content\/uploads\/2025\/07\/Acrylic-Awards-3.jpg 1500w, https:\/\/customacrylicproduct.com\/wp-content\/uploads\/2025\/07\/Acrylic-Awards-3-300x300.jpg 300w, https:\/\/customacrylicproduct.com\/wp-content\/uploads\/2025\/07\/Acrylic-Awards-3-1024x1024.jpg 1024w, https:\/\/customacrylicproduct.com\/wp-content\/uploads\/2025\/07\/Acrylic-Awards-3-150x150.jpg 150w, https:\/\/customacrylicproduct.com\/wp-content\/uploads\/2025\/07\/Acrylic-Awards-3-768x768.jpg 768w, https:\/\/customacrylicproduct.com\/wp-content\/uploads\/2025\/07\/Acrylic-Awards-3-12x12.jpg 12w, https:\/\/customacrylicproduct.com\/wp-content\/uploads\/2025\/07\/Acrylic-Awards-3-600x600.jpg 600w, https:\/\/customacrylicproduct.com\/wp-content\/uploads\/2025\/07\/Acrylic-Awards-3-100x100.jpg 100w\" sizes=\"(max-width: 1500px) 100vw, 1500px\" \/><\/a><\/p>\n<h4 id=\"-6-premium-top-quality-accessible-rate-the-smart-financial-investment-in-recognition-\"><strong>6. Erstklassige Qualit\u00e4t, erschwinglicher Preis: Die kluge Finanzinvestition in Anerkennung\u00a0<\/strong>.<\/h4>\n<p>Exklusivit\u00e4t und au\u00dfergew\u00f6hnliche Qualit\u00e4t m\u00fcssen nicht mit einem unversch\u00e4mten Preis verbunden sein. Eine der interessantesten Facetten unserer <a href=\"https:\/\/customacrylicproduct.com\/de\/bespoke-freestanding-laser-engraving-acrylic-awards-factory\/\">Acryl-Auszeichnungen<\/a> ist ihr au\u00dfergew\u00f6hnliches Preis-Leistungs-Verh\u00e4ltnis.<\/p>\n<p>Acryl selbst ist ein \u00e4u\u00dferst kosteneffizientes Produkt. Eine gew\u00f6hnliche Acrylplatte, die einen Teil des Rohkristalls oder Metalls kostet, bietet das Rohprodukt f\u00fcr diese spektakul\u00e4ren Artikel. Kombiniert mit der Hochgeschwindigkeitseffizienz unseres Laserbeschriftungsverfahrens, bleiben die allgemeinen Produktionskosten extrem niedrig.<\/p>\n<p>Daher sind unsere freistehenden Acryl-Ehrungen deutlich preisg\u00fcnstiger als vergleichbare Ehrungen aus Kristall oder Stahl. Sie erm\u00f6glichen es Ihnen, ein wundersch\u00f6nes, langlebiges und vollst\u00e4ndig personalisiertes Produkt zu einem Preis zu erhalten, der in der Regel f\u00fcr Budgets aller Gr\u00f6\u00dfenordnungen besser geeignet ist. Dieser Kostenvorteil ist besonders wertvoll f\u00fcr umfangreiche Anpassungen, so dass unsere Auszeichnungen eine ausgezeichnete Wahl f\u00fcr gesch\u00e4ftliche Anl\u00e4sse, schulweite Veranstaltungen oder andere Anl\u00e4sse sind, bei denen viele hochwertige, individuelle Auszeichnungen ben\u00f6tigt werden, ohne das Budget zu sprengen.<\/p>\n<p>Abschlie\u00dfend sei gesagt, dass unsere ma\u00dfgeschneiderten freistehenden lasergravierten<a href=\"https:\/\/customacrylicproduct.com\/de\/custom-acrylic-trophies-awards\/\"> St\u00e4nder f\u00fcr Auszeichnungen aus Acryl<\/a> f\u00fcr die perfekte Harmonie von Art, Funktion und Wert. Sie sind eine moderne, unverw\u00fcstliche und st\u00e4ndig anpassbare Option f\u00fcr alle, die ihren Erfolg auf sinnvolle und bemerkenswerte Weise feiern wollen. Rufen Sie unser Gestaltungsteam noch heute an und lassen Sie sich von uns helfen, etwas wirklich Au\u00dfergew\u00f6hnliches zu schaffen.<\/p>","protected":false},"excerpt":{"rendered":"<p>Feiern Sie Ihren Erfolg mit unseren freistehenden Acryl-Auszeichnungen. Pr\u00e4zise Lasergravur mit Ihrem individuellen Logo und Text auf hochwertigem, poliertem Acryl. Dieses schlanke, freistehende Design bietet ein modernes und elegantes Erinnerungsst\u00fcck f\u00fcr jede Leistung.<\/p>","protected":false},"featured_media":1068,"template":"","meta":{"_kad_post_transparent":"default","_kad_post_title":"","_kad_post_layout":"default","_kad_post_sidebar_id":"","_kad_post_content_style":"default","_kad_post_vertical_padding":"default","_kad_post_feature":"","_kad_post_feature_position":"","_kad_post_header":false,"_kad_post_footer":false,"_kad_post_classname":""},"product_brand":[],"product_cat":[19],"product_tag":[96,59,58],"class_list":{"0":"post-1064","1":"product","2":"type-product","3":"status-publish","4":"has-post-thumbnail","6":"product_cat-custom-acrylic-trophies-awards","7":"product_tag-acrylic-awards","8":"product_tag-custom-acrylic-awards","9":"product_tag-custom-acrylic-trophies","11":"first","12":"instock","13":"shipping-taxable","14":"product-type-simple","15":"entry","16":"content-bg","17":"loop-entry"},"_links":{"self":[{"href":"https:\/\/customacrylicproduct.com\/de\/wp-json\/wp\/v2\/product\/1064","targetHints":{"allow":["GET"]}}],"collection":[{"href":"https:\/\/customacrylicproduct.com\/de\/wp-json\/wp\/v2\/product"}],"about":[{"href":"https:\/\/customacrylicproduct.com\/de\/wp-json\/wp\/v2\/types\/product"}],"wp:featuredmedia":[{"embeddable":true,"href":"https:\/\/customacrylicproduct.com\/de\/wp-json\/wp\/v2\/media\/1068"}],"wp:attachment":[{"href":"https:\/\/customacrylicproduct.com\/de\/wp-json\/wp\/v2\/media?parent=1064"}],"wp:term":[{"taxonomy":"product_brand","embeddable":true,"href":"https:\/\/customacrylicproduct.com\/de\/wp-json\/wp\/v2\/product_brand?post=1064"},{"taxonomy":"product_cat","embeddable":true,"href":"https:\/\/customacrylicproduct.com\/de\/wp-json\/wp\/v2\/product_cat?post=1064"},{"taxonomy":"product_tag","embeddable":true,"href":"https:\/\/customacrylicproduct.com\/de\/wp-json\/wp\/v2\/product_tag?post=1064"}],"curies":[{"name":"wp","href":"https:\/\/api.w.org\/{rel}","templated":true}]}}