{"id":1076,"date":"2025-07-14T12:26:45","date_gmt":"2025-07-14T12:26:45","guid":{"rendered":"https:\/\/customacrylicproduct.com\/?post_type=product&#038;p=1076"},"modified":"2025-07-14T12:29:31","modified_gmt":"2025-07-14T12:29:31","slug":"oem-butterfly-shaped-acrylic-plaques-christmas-souvenir-gift","status":"publish","type":"product","link":"https:\/\/customacrylicproduct.com\/de\/oem-butterfly-shaped-acrylic-plaques-christmas-souvenir-gift\/","title":{"rendered":"OEM Schmetterling geformt Acryl Plaques Weihnachten Souvenir Geschenk"},"content":{"rendered":"<h3 id=\"-the-long-lasting-butterfly-a-xmas-memento-of-enduring-love-for-your-granny-\"><strong>Der dauerhafte Schmetterling: Eine weihnachtliche Erinnerung an die ewige Liebe zu deiner Oma\u00a0<\/strong>.<\/h3>\n<p>Im leisen Summen der Weihnachtszeit, inmitten der funkelnden Lichter und der fr\u00f6hlichen Stimmung, suchen wir nach mehr als nur einem Geschenk. Wir suchen nach einer Sensation, einer Erinnerung, die festgehalten wird, einem greifbaren St\u00fcck unseres Herzens, das wir denen geben k\u00f6nnen, die unsere Welt gepr\u00e4gt haben. F\u00fcr die Frau, die ein Universum von Geschichten in ihrem L\u00e4cheln tr\u00e4gt, deren H\u00e4nde tats\u00e4chlich Bequemlichkeit benutzt haben und deren Herz ein st\u00e4ndiger Zufluchtsort war, kann sich die Suche nach dem idealen Ausdruck der Liebe wie eine unm\u00f6gliche Aufgabe anf\u00fchlen. Dieses Weihnachten laden wir Sie dazu ein, ihr etwas zu schenken, das so zeitlos und wundersch\u00f6n ist wie ihr Geist: unsere wundersch\u00f6nen <a href=\"https:\/\/customacrylicproduct.com\/de\/oem-butterfly-shaped-acrylic-plaques-christmas-souvenir-gift\/\">Polymer-Plakette in Schmetterlingsform<\/a>.<\/p>\n<p>Dies ist nicht nur ein Design, es ist ein Erbe der Liebe, ein Denkmal f\u00fcr die wunderbare Verbindung, die Sie mit der sch\u00f6nsten Frau in Ihrem Leben teilen - Ihrer Oma.<\/p>\n<h4 id=\"-finest-granny-gifts-redefining-the-art-of-gifting-\"><strong>FEINSTE OMA-GESCHENKE: Die Kunst des Schenkens neu definiert\u00a0<\/strong>.<\/h4>\n<p>Unser <a href=\"https:\/\/customacrylicproduct.com\/de\/oem-butterfly-shaped-acrylic-plaques-christmas-souvenir-gift\/\">schmetterling acryl plakette<\/a> definiert die Kunst des Schenkens f\u00fcr Gro\u00dfm\u00fctter neu und verwandelt ein einfaches Geschenk in ein umfassendes Statement. Wir verstehen, dass Gro\u00dfm\u00fctter die H\u00fcterinnen der Familiengeschichte sind, die S\u00e4ulen der st\u00e4ndigen Unterst\u00fctzung und die Quelle der bedingungslosen Liebe. Sie haben ein Recht auf ein Geschenk, das die Tiefe und Eleganz ihrer Aufgabe in unserem Leben widerspiegelt. Mit ihrem fein gearbeiteten Schmetterlingsumriss ist diese Plakette ein kraftvolles Symbol f\u00fcr Gelassenheit, Wiedergutmachung und eine dauerhafte Liebe, die den Pr\u00fcfungen der Zeit standh\u00e4lt.<\/p>\n<p>Der Schmetterling, ein Gesch\u00f6pf mit \u00e4therischem Charme, steht f\u00fcr vieles, was eine Gro\u00dfmutter ausmacht. Er symbolisiert die Reise des Lebens, die Entwicklung, die sie in Ihnen gef\u00f6rdert hat, und den milden, best\u00e4ndigen Geist, der Ihre Familienmitglieder geleitet hat. Ihre Fl\u00fcgel, obwohl scheinbar zart, tragen sie \u00fcber Landmeilen, so wie ihre Liebe Sie durch die vielen Perioden des Lebens gebracht hat.<\/p>\n<p>Diese Plakette ist ein eleganter und idealer Mittelpunkt f\u00fcr jede Art von Feier zu ihren Ehren. Ob Sie auf der Suche nach dem idealen\u00a0<strong>Geschenk zum Muttertag\u00a0<\/strong>um ihre matriarchalische Ausdauer zu w\u00fcrdigen, eine einzigartige\u00a0<strong>Omas Geburtstagsgeschenk\u00a0<\/strong>die die Aufmerksamkeit der anderen auf sich zieht, eine von ganzem Herzen kommende\u00a0<strong>Weihnachtsgeschenk\u00a0<\/strong>unter den Baum zu legen, oder ein Erinnerungsst\u00fcck f\u00fcr einen\u00a0<strong>Hochzeitstag, Hochzeitsereignis, oder Leben im Ruhestand\u00a0<\/strong>, Diese Schmetterlingstafel ist nicht nur f\u00fcr einen bestimmten Anlass gedacht. Es ist, vielmehr nur, das beste Mittel, um alles zu sagen, was Sie f\u00fchlen, so dass es die ultimative Oma Geschenk f\u00fcr jede Art von Moment wert zu sch\u00e4tzen wissen.<\/p>\n<p><a href=\"https:\/\/customacrylicproduct.com\/de\/oem-butterfly-shaped-acrylic-plaques-christmas-souvenir-gift\/\"><img fetchpriority=\"high\" decoding=\"async\" class=\"aligncenter wp-image-1083 size-large\" src=\"https:\/\/customacrylicproduct.com\/wp-content\/uploads\/2025\/07\/Butterfly-Shaped-Acrylic-Plaque-2-1024x1024.jpg\" alt=\"Acryl-Plakette in Form eines Schmetterlings\" width=\"1024\" height=\"1024\" srcset=\"https:\/\/customacrylicproduct.com\/wp-content\/uploads\/2025\/07\/Butterfly-Shaped-Acrylic-Plaque-2-1024x1024.jpg 1024w, https:\/\/customacrylicproduct.com\/wp-content\/uploads\/2025\/07\/Butterfly-Shaped-Acrylic-Plaque-2-300x300.jpg 300w, https:\/\/customacrylicproduct.com\/wp-content\/uploads\/2025\/07\/Butterfly-Shaped-Acrylic-Plaque-2-150x150.jpg 150w, https:\/\/customacrylicproduct.com\/wp-content\/uploads\/2025\/07\/Butterfly-Shaped-Acrylic-Plaque-2-768x768.jpg 768w, https:\/\/customacrylicproduct.com\/wp-content\/uploads\/2025\/07\/Butterfly-Shaped-Acrylic-Plaque-2-12x12.jpg 12w, https:\/\/customacrylicproduct.com\/wp-content\/uploads\/2025\/07\/Butterfly-Shaped-Acrylic-Plaque-2-600x600.jpg 600w, https:\/\/customacrylicproduct.com\/wp-content\/uploads\/2025\/07\/Butterfly-Shaped-Acrylic-Plaque-2-100x100.jpg 100w, https:\/\/customacrylicproduct.com\/wp-content\/uploads\/2025\/07\/Butterfly-Shaped-Acrylic-Plaque-2.jpg 1500w\" sizes=\"(max-width: 1024px) 100vw, 1024px\" \/><\/a><\/p>\n<h4 id=\"-love-messages-for-every-grandma-words-to-last-a-lifetime-\"><strong>LIEBESBRIEFE F\u00dcR JEDE GROSSMUTTER: Worte f\u00fcr ein ganzes Leben\u00a0<\/strong>.<\/h4>\n<p>Manchmal sind die wichtigsten Worte am schwersten zu sagen. Das allt\u00e4gliche \u201cIch mag dich\u201d kann sich wirklich regelm\u00e4\u00dfig anf\u00fchlen und die immense Dankbarkeit und Zuneigung, die wir in unseren Herzen tragen, nicht wiedergeben. Unsere Schmetterlingstafel \u00fcberbr\u00fcckt diese L\u00fccke, indem sie Ihre innersten Ansichten direkt in ein wundersch\u00f6nes Objekt eingraviert, das sie jeden Tag sehen und ber\u00fchren kann.<\/p>\n<p>Die mit Pr\u00e4zision und Sorgfalt eingravierte Plakette tr\u00e4gt eine ebenso grundlegende wie umfassende Botschaft:.<\/p>\n<p><strong>\u201d F\u00fcr meine sch\u00f6ne Gro\u00dfmutter, denk immer daran, dass ich dich liebe.\u201d\u00a0<\/strong>.<\/p>\n<p>Dieser wirkungsvolle Satz ist eine best\u00e4ndige, sanfte Beruhigung. Er ist ein Hinweis f\u00fcr die ruhigen Minuten, wenn du nicht da bist, ein Gemurmel der Liebe, das sich in ihrem Zuhause widerspiegelt. Er ist f\u00fcr die Oma, die Oma, die Nana, die Nan - f\u00fcr jeden einzelnen Titel, den sie tr\u00e4gt, spricht diese Botschaft eine universelle Sprache der Liebe. Sie informiert sie dar\u00fcber, dass ihre Dankbarkeit unersch\u00fctterlich ist, auch wenn man sie aufgrund des aktiven Lebensrhythmus nicht oft genug aussprechen kann. Sie erinnert sie daran, dass sie gesehen wird, dass sie gesch\u00e4tzt wird und dass sie \u00fcber alle Ma\u00dfen gesch\u00e4tzt wird. Es ist ein Versprechen, dass die Verbindung, die Sie teilen, ein grundlegender Teil dessen ist, was Sie sind, eine Verbindung, die immer gesch\u00e4tzt werden wird.<\/p>\n<h4 id=\"-durable-and-eco-friendly-high-quality-a-commitment-to-elegance-and-duty-\"><strong>DAUERHAFTE UND UMWELTFREUNDLICHE HOCHQUALIT\u00c4T: Eine Verpflichtung zu Eleganz und Pflichtbewusstsein\u00a0<\/strong>.<\/h4>\n<p>Ein Geschenk, das ein Leben lang halten soll, muss aus Materialien gefertigt werden, die Bestand haben. Unsere Oma-Plaketten werden sorgf\u00e4ltig aus robustem, hochwertigem, kristallklarem Acryl hergestellt, das den Gipfel an Langlebigkeit und moderner Handwerkskunst darstellt. Es handelt sich dabei nicht um fadenscheiniges Plastik, sondern um ein bedeutendes, substantielles Material mit der bemerkenswerten Offenheit von Glas, jedoch ohne dessen Zerbrechlichkeit. Sie k\u00f6nnen sich ganz entspannt zur\u00fccklehnen, denn Sie wissen, dass dieses wundersch\u00f6ne Erinnerungsst\u00fcck weder zerbrechen noch zerspringen wird und seine Botschaft und seinen Charme \u00fcber Jahrzehnte hinweg bewahrt.<\/p>\n<p>Die Seiten sind diamantgeschliffen und mit einer glatten, leuchtenden Beschichtung versehen, die das Licht so einf\u00e4ngt und bricht, dass der gesamte Artikel zum Leben erweckt wird. Die Klarheit des Acryls f\u00fchrt zu einem gro\u00dfartigen, praktisch luftigen Ergebnis, das die komplizierten Farben des Schmetterlingslayouts und die Qualit\u00e4t des Textes in au\u00dfergew\u00f6hnlicher Lebendigkeit erstrahlen l\u00e4sst.<\/p>\n<p>In einer Zeit, in der ein bewusster Konsum wichtiger ist als je zuvor, sind wir stolz darauf, dass unser Engagement f\u00fcr hohe Qualit\u00e4t mit einer Verpflichtung gegen\u00fcber unserem Planeten einhergeht. Das hochwertige Polymer, das wir verwenden, ist recycelbar - eine Eigenschaft, die den umweltbewussten Werten der britischen Verbraucher sehr entgegenkommt. Wenn Sie sich f\u00fcr unsere Gro\u00dfmutter-Plakette entscheiden, w\u00e4hlen Sie nicht nur ein widerstandsf\u00e4higes und langlebiges Geschenk, sondern treffen auch eine verantwortungsvolle Entscheidung, die ein gemeinsames Engagement f\u00fcr eine gr\u00fcnere und nachhaltigere Zukunft widerspiegelt. Dies ist ein Geschenk, das sich gut anf\u00fchlt, in jedem Sinne des Wortes.<\/p>\n<p><a href=\"https:\/\/customacrylicproduct.com\/de\/custom-acrylic-crafts\/\"><img decoding=\"async\" class=\"aligncenter wp-image-1081 size-large\" src=\"https:\/\/customacrylicproduct.com\/wp-content\/uploads\/2025\/07\/Acrylic-Plaques-1024x1024.jpg\" alt=\"Acryl-Plaketten\" width=\"1024\" height=\"1024\" srcset=\"https:\/\/customacrylicproduct.com\/wp-content\/uploads\/2025\/07\/Acrylic-Plaques-1024x1024.jpg 1024w, https:\/\/customacrylicproduct.com\/wp-content\/uploads\/2025\/07\/Acrylic-Plaques-300x300.jpg 300w, https:\/\/customacrylicproduct.com\/wp-content\/uploads\/2025\/07\/Acrylic-Plaques-150x150.jpg 150w, https:\/\/customacrylicproduct.com\/wp-content\/uploads\/2025\/07\/Acrylic-Plaques-768x768.jpg 768w, https:\/\/customacrylicproduct.com\/wp-content\/uploads\/2025\/07\/Acrylic-Plaques-12x12.jpg 12w, https:\/\/customacrylicproduct.com\/wp-content\/uploads\/2025\/07\/Acrylic-Plaques-600x600.jpg 600w, https:\/\/customacrylicproduct.com\/wp-content\/uploads\/2025\/07\/Acrylic-Plaques-100x100.jpg 100w, https:\/\/customacrylicproduct.com\/wp-content\/uploads\/2025\/07\/Acrylic-Plaques.jpg 1200w\" sizes=\"(max-width: 1024px) 100vw, 1024px\" \/><\/a><\/p>\n<h4 id=\"-trendy-home-accent-boosting-her-cherished-spaces-\"><strong>TRENDIGER WOHNAKZENT: Ihre geliebten R\u00e4ume aufwerten\u00a0<\/strong>.<\/h4>\n<p>Unser <a href=\"https:\/\/customacrylicproduct.com\/de\/oem-butterfly-shaped-acrylic-plaques-christmas-souvenir-gift\/\">Schmetterlingsplakette<\/a> ist mehr als ein emotionales Zeichen; es ist ein Kunstwerk, das entwickelt wurde, um den Charme ihres Heims zu verbessern. Mit ihrem klaren, freistehenden Layout und dem delikaten, umfassenden Farbdruck ist diese Tafel eine beeindruckende Wohndekoration, die sich nahtlos in jeden Einrichtungsstil einf\u00fcgt, von klassisch und entspannend bis modern und minimalistisch.<\/p>\n<p>Stellen Sie ihn sich auf einer sonnenbeschienenen Fensterbank in ihrem Wohnzimmer vor, wobei das Licht durch die Fl\u00fcgel des Schmetterlings str\u00f6mt und eine lebendige Dunkelheit \u00fcber die Umgebung legt. Stellen Sie ihn sich auf ihrem Nachttisch vor, der erste und letzte Punkt, den sie jeden Tag sieht, ein st\u00e4ndiger Hinweis auf Ihre Liebe. Stellen Sie sich vor, wie er einen Ehrenplatz auf dem Kaminsims in der N\u00e4he der wertvollen Familienfotos einnimmt oder einer ruhigen Ecke ihres Arbeitszimmers oder einem Regal im Badezimmer einen Hauch von Stil verleiht. Sie kann sogar einem gesch\u00fctzten Innenhof oder einem Sonnenzimmer einen Hauch von innerer Sch\u00f6nheit verleihen.<\/p>\n<p>Der stabile, selbststehende Sockel der Plakette macht umst\u00e4ndliche St\u00e4nder oder Staffeleien \u00fcberfl\u00fcssig. Sie ist so konzipiert, dass sie m\u00fchelos angebracht und sofort wahrgenommen werden kann. Ihre Existenz ist sowohl substanziell als auch stilvoll und verleiht einem Haus eine raffinierte und individuelle Note, die es in ein Haus voller Liebe und Erinnerungen verwandelt.<\/p>\n<p><a href=\"https:\/\/customacrylicproduct.com\/de\/custom-acrylic-crafts\/\"><img decoding=\"async\" class=\"aligncenter wp-image-1082 size-large\" src=\"https:\/\/customacrylicproduct.com\/wp-content\/uploads\/2025\/07\/Butterfly-Shaped-Acrylic-Plaque-1-1024x1024.jpg\" alt=\"Acryl-Plakette in Form eines Schmetterlings\" width=\"1024\" height=\"1024\" srcset=\"https:\/\/customacrylicproduct.com\/wp-content\/uploads\/2025\/07\/Butterfly-Shaped-Acrylic-Plaque-1-1024x1024.jpg 1024w, https:\/\/customacrylicproduct.com\/wp-content\/uploads\/2025\/07\/Butterfly-Shaped-Acrylic-Plaque-1-300x300.jpg 300w, https:\/\/customacrylicproduct.com\/wp-content\/uploads\/2025\/07\/Butterfly-Shaped-Acrylic-Plaque-1-150x150.jpg 150w, https:\/\/customacrylicproduct.com\/wp-content\/uploads\/2025\/07\/Butterfly-Shaped-Acrylic-Plaque-1-768x768.jpg 768w, https:\/\/customacrylicproduct.com\/wp-content\/uploads\/2025\/07\/Butterfly-Shaped-Acrylic-Plaque-1-12x12.jpg 12w, https:\/\/customacrylicproduct.com\/wp-content\/uploads\/2025\/07\/Butterfly-Shaped-Acrylic-Plaque-1-600x600.jpg 600w, https:\/\/customacrylicproduct.com\/wp-content\/uploads\/2025\/07\/Butterfly-Shaped-Acrylic-Plaque-1-100x100.jpg 100w, https:\/\/customacrylicproduct.com\/wp-content\/uploads\/2025\/07\/Butterfly-Shaped-Acrylic-Plaque-1.jpg 1500w\" sizes=\"(max-width: 1024px) 100vw, 1024px\" \/><\/a><\/p>\n<h4 id=\"-a-world-of-possibilities-the-power-of-personalization-\"><strong>EINE WELT DER M\u00d6GLICHKEITEN: Die Macht der Personalisierung\u00a0<\/strong>.<\/h4>\n<p>W\u00e4hrend unser konventionelles Layout mit einer globalen Liebe spricht, erkennen wir, dass jede Verbindung mit einer Gro\u00dfmutter einzigartig ist. Es ist eine Geschichte, die aus gemeinsamem Lachen, geheimen Gerichten und pers\u00f6nlichen Witzen besteht. Um diese Individualit\u00e4t zu w\u00fcrdigen, bieten wir einen umfassenden Anpassungsservice direkt von unserer Produktionsst\u00e4tte aus an.<\/p>\n<p>Unsere erfahrenen Handwerker k\u00f6nnen Ihre Vision zum Leben erwecken. Sie haben es in der Hand, ein wirklich einzigartiges Kunstwerk zu schaffen.<\/p>\n<ul>\n<li><strong>Form und Gr\u00f6\u00dfe:\u00a0<\/strong>Der Schmetterling ist zwar unser Markenzeichen, aber vielleicht gibt es noch eine andere Form, die f\u00fcr Sie und Ihre Oma eine besondere Bedeutung hat. Wir k\u00f6nnen mit Ihnen zusammenarbeiten, um die Dimensionen anzupassen oder brandneue Typen zu testen.<\/li>\n<li><strong>Farbschema:\u00a0<\/strong>Passen Sie die Farben des Schmetterlings an die Einrichtung Ihres Hauses an oder w\u00e4hlen Sie ihre Lieblingst\u00f6ne.<\/li>\n<li><strong>Eingravierte Muster und Text:\u00a0<\/strong>Das ist der Punkt, an dem die Magie voll zum Tragen kommt. \u00c4ndern Sie \u201cGro\u00dfmutter\u201d in \u201cNana\u201d, \u201cNanny\u201d, \u201cGro\u00dfmutter\u201d oder einen anderen geliebten Begriff der Z\u00e4rtlichkeit. F\u00fcgen Sie einen bedeutenden Tag hinzu - ihren Geburtstag, den Jahrestag ihrer Hochzeit oder den Tag, an dem Sie geboren wurden. Bestehen Sie aus einem kurzen, pers\u00f6nlichen Insider-Witz oder einem anderen Zitat, das Ihre Verbindung immer wieder unterstrichen hat.<\/li>\n<\/ul>\n<p>Das Verfahren ist einfach und unkompliziert. Sie k\u00f6nnen Ihre eigenen Design-Zeichnungen zur Verf\u00fcgung stellen, oder Sie k\u00f6nnen Ihre Konzepte direkt mit unserer begabten Fabrik Stil Gruppe, die Ihnen helfen, Handwerk die beste, benutzerdefinierte Plakette wird interagieren. Dieser Grad an Individualisierung verwandelt das Geschenk von einem sch\u00f6nen Objekt in ein individuelles Erbst\u00fcck, das nur ihr geh\u00f6rt und einzigartig ist.<\/p>\n<h4 id=\"-pleasant-gifting-experience-our-pledge-of-excellence-\"><strong>EIN ANGENEHMES GESCHENKERLEBNIS: Unser Versprechen der Exzellenz\u00a0<\/strong>.<\/h4>\n<p>Unser Team ist der Meinung, dass der Akt des Schenkens f\u00fcr den Kunden ebenso gl\u00fccklich und reibungslos sein sollte wie f\u00fcr den Empf\u00e4nger. Unsere Marke basiert auf der Grundlage von Vertrauen und dem Streben nach absoluter Zufriedenheit. Wir stellen sicher, dass jede Plakette, die unser Haus verl\u00e4sst, die h\u00f6chsten Qualit\u00e4tsstandards erf\u00fcllt.<\/p>\n<p>F\u00fcr unsere Kunden, die ein ausgezeichnetes, sorgloses Geschenk suchen, k\u00f6nnen Sie mit vollem Selbstvertrauen einkaufen. Wir unterst\u00fctzen unsere Produkte mit einer uneingeschr\u00e4nkten Garantie. F\u00fcr den unwahrscheinlichen Fall, dass Ihre Plakette mit M\u00e4ngeln ankommt oder auf dem Transport besch\u00e4digt wird, sorgen wir daf\u00fcr, dass sie unverz\u00fcglich und ohne Unannehmlichkeiten ersetzt wird. Ihr Gl\u00fcck und das Ihrer Gro\u00dfmutter ist unsere oberste Priorit\u00e4t.<\/p>\n<p>Gehen Sie dieses Weihnachten \u00fcber das Normale hinaus. Schenken Sie ein Geschenk, das vor Leben flattert, das von Herzen kommt und ein dauerhaftes Zeugnis der sch\u00f6nsten Liebe von allen ist. Schenken Sie ihr den Ewigen Schmetterling.<\/p>","protected":false},"excerpt":{"rendered":"<p>Erweitern Sie Ihre Produktpalette mit unserer hochwertigen, vollst\u00e4ndig anpassbaren Acrylplakette in Schmetterlingsform. Als f\u00fchrender OEM-Hersteller bieten wir die vollst\u00e4ndige Kontrolle \u00fcber Design, Branding und Verpackung, um ein begehrtes Andenken f\u00fcr den Weihnachts-, Urlaubs- und sentimentalen Geschenkmarkt zu schaffen. Arbeiten Sie mit uns zusammen, um zuverl\u00e4ssige Qualit\u00e4t und wettbewerbsf\u00e4hige Gro\u00dfhandelspreise zu erhalten.<\/p>","protected":false},"featured_media":1077,"template":"","meta":{"_kad_post_transparent":"default","_kad_post_title":"","_kad_post_layout":"default","_kad_post_sidebar_id":"","_kad_post_content_style":"default","_kad_post_vertical_padding":"default","_kad_post_feature":"","_kad_post_feature_position":"","_kad_post_header":false,"_kad_post_footer":false,"_kad_post_classname":""},"product_brand":[],"product_cat":[20],"product_tag":[97,65],"class_list":{"0":"post-1076","1":"product","2":"type-product","3":"status-publish","4":"has-post-thumbnail","6":"product_cat-custom-acrylic-crafts","7":"product_tag-acrylic-plaques","8":"product_tag-custom-acrylic-crafts","10":"first","11":"instock","12":"shipping-taxable","13":"product-type-simple","14":"entry","15":"content-bg","16":"loop-entry"},"_links":{"self":[{"href":"https:\/\/customacrylicproduct.com\/de\/wp-json\/wp\/v2\/product\/1076","targetHints":{"allow":["GET"]}}],"collection":[{"href":"https:\/\/customacrylicproduct.com\/de\/wp-json\/wp\/v2\/product"}],"about":[{"href":"https:\/\/customacrylicproduct.com\/de\/wp-json\/wp\/v2\/types\/product"}],"wp:featuredmedia":[{"embeddable":true,"href":"https:\/\/customacrylicproduct.com\/de\/wp-json\/wp\/v2\/media\/1077"}],"wp:attachment":[{"href":"https:\/\/customacrylicproduct.com\/de\/wp-json\/wp\/v2\/media?parent=1076"}],"wp:term":[{"taxonomy":"product_brand","embeddable":true,"href":"https:\/\/customacrylicproduct.com\/de\/wp-json\/wp\/v2\/product_brand?post=1076"},{"taxonomy":"product_cat","embeddable":true,"href":"https:\/\/customacrylicproduct.com\/de\/wp-json\/wp\/v2\/product_cat?post=1076"},{"taxonomy":"product_tag","embeddable":true,"href":"https:\/\/customacrylicproduct.com\/de\/wp-json\/wp\/v2\/product_tag?post=1076"}],"curies":[{"name":"wp","href":"https:\/\/api.w.org\/{rel}","templated":true}]}}