{"id":1094,"date":"2025-07-14T12:48:08","date_gmt":"2025-07-14T12:48:08","guid":{"rendered":"https:\/\/customacrylicproduct.com\/?post_type=product&#038;p=1094"},"modified":"2025-07-15T08:54:27","modified_gmt":"2025-07-15T08:54:27","slug":"customized-printed-acrylic-no-smoking-signs-signage-supplier","status":"publish","type":"product","link":"https:\/\/customacrylicproduct.com\/de\/customized-printed-acrylic-no-smoking-signs-signage-supplier\/","title":{"rendered":"Kundenspezifisch bedruckte Acryl nicht rauchen Zeichen Signage Lieferant"},"content":{"rendered":"<h3 id=\"-boost-your-setting-the-ultimate-overview-to-custom-printed-polymer-no-smoking-indications-\"><strong>Verst\u00e4rken Sie Ihre Einstellung: Der ultimative \u00dcberblick \u00fcber individuell bedruckte Polymer Nichtraucher-Indikationen\u00a0<\/strong>.<\/h3>\n<p>In jeder Art von professionellem oder \u00f6ffentlichem Raum sind die Informationen wichtig. Die Umgebung, das Branding und die klare Kommunikation von Pl\u00e4nen tragen alle zum Erlebnis und zur Sicherheit der Besucher bei. Eines der wichtigsten Elemente der Beschilderung von Bildungseinrichtungen ist das bescheidene Rauchverbotsschild. Doch \u201cbescheiden\u201d muss nicht gleichbedeutend mit \u201ceinfallslos\u201d sein. Vorbei sind die Zeiten leichter, allgemeiner Schilder, die abbl\u00e4ttern, sich verf\u00e4rben und von Ihrem sorgf\u00e4ltig gestalteten Erscheinungsbild ablenken. Laden Sie zum brandneuen Kriterium f\u00fcr Konformit\u00e4t und Design ein: <a href=\"https:\/\/customacrylicproduct.com\/de\/customized-printed-acrylic-no-smoking-signs-signage-supplier\/\">Individuell ver\u00f6ffentlichte Acryl-Nichtraucherhinweise<\/a>.<\/p>\n<p>Als ein f\u00fchrender Anbieter von Beschilderungen,\u00a0<strong><a href=\"https:\/\/customacrylicproduct.com\/de\/custom-acrylic-signs\/\">Personalisiertes Produkt aus Acryl<\/a>\u00a0<\/strong>steht im Mittelpunkt dieses Fortschritts. Wir sind nicht nur ein Vertriebsunternehmen, sondern Ihr strategischer Partner bei der Umwandlung einer einfachen Anforderung in eine wirksame Erkl\u00e4rung von Qualit\u00e4t und Professionalit\u00e4t. Dank unseres Know-hows bei Gesundheits- und Sicherheitsanzeigen, Bannern und kundenspezifischen Optionen haben wir uns zu einem Marktf\u00fchrer entwickelt, der f\u00fcr sein unerm\u00fcdliches Engagement f\u00fcr h\u00f6chste Qualit\u00e4t und absolute Kundenzufriedenheit bekannt ist. Dieser \u00dcberblick wird sicherlich die au\u00dfergew\u00f6hnliche Welt der kundenspezifischen Acrylschilder untersuchen und zeigen, wie unsere Produkte perfekt in Ihre Umgebung integriert werden k\u00f6nnen, Ihren Markennamen aufwerten und eine lang anhaltende, dauerhafte L\u00f6sung f\u00fcr jeden Veranstaltungsort bieten.<\/p>\n<h4 id=\"-the-product-benefit-why-acrylic-is-the-superior-option-\"><strong>Der Produktvorteil: Warum Acryl die bessere Wahl ist\u00a0<\/strong>.<\/h4>\n<p>Die Struktur jeder Art von gro\u00dfartigem Hinweis ist sein Produkt. Unsere Rauchverbotsschilder werden aus kostenintensivem, selbstklebendem Acryl hergestellt, einem Material, das speziell f\u00fcr seine unvergleichliche Mischung aus Robustheit, Stil und Langlebigkeit ausgew\u00e4hlt wurde.<\/p>\n<ul>\n<li><strong>Au\u00dfergew\u00f6hnliche Robustheit und Langlebigkeit:\u00a0<\/strong>Im Gegensatz zu Papier oder kosteng\u00fcnstigem Kunststoff ist Acryl ein robustes Polycarbonat, das f\u00fcr seine Widerstandsf\u00e4higkeit gegen Einfl\u00fcsse, Splitter und \u00f6kologische Belastungen bekannt ist. <a href=\"https:\/\/customacrylicproduct.com\/de\/customized-printed-acrylic-no-smoking-signs-signage-supplier\/\">Eine\u00a0<\/a><strong>Acrylschild\u00a0<\/strong>verzieht sich nicht, bricht nicht und verblasst nicht, selbst an stark frequentierten Orten oder in Bereichen, die indirekter Sonneneinstrahlung ausgesetzt sind. Dies stellt sicher, dass Ihre Investition \u00fcber mehrere Jahre hinweg makellos aussieht und ein fachm\u00e4nnisches Erscheinungsbild bewahrt, ohne dass ein regelm\u00e4\u00dfiger Austausch erforderlich ist.<\/li>\n<li><strong>Kristallklare und moderne \u00c4sthetik:\u00a0<\/strong>Polymer bietet die Klarheit von Glas, ohne dessen Zerbrechlichkeit. Diese kristallklare Qualit\u00e4t bietet einen anspruchsvollen, erstklassigen Hintergrund f\u00fcr Ihren ma\u00dfgeschneiderten Druck, der Text und Grafiken scharf und lebendig erscheinen l\u00e4sst. Die glatten, polierten Kanten eines\u00a0<strong>Acryl-Rauchverbotsschild\u00a0<\/strong>vermitteln ein modernes, minimalistisches Gef\u00fchl, das jede Art von Inneneinrichtung aufwertet, vom Arbeitsplatz in einem Unternehmen bis zum Luxusresort.<\/li>\n<li><strong>Leicht und sicher:\u00a0<\/strong>Trotz seiner Langlebigkeit ist Acryl wesentlich leichter als Glas, wodurch es sicherer und weniger kompliziert in der Pflege und Installation ist. Dies senkt die Lieferkosten und verringert die Gefahr bei der Installation, was sowohl f\u00fcr Center-Manager als auch f\u00fcr Gesch\u00e4ftsinhaber ein sinnvoller Vorteil ist.<\/li>\n<\/ul>\n<p><a href=\"https:\/\/customacrylicproduct.com\/de\/customized-printed-acrylic-no-smoking-signs-signage-supplier\/\"><img fetchpriority=\"high\" decoding=\"async\" class=\"aligncenter wp-image-1095 size-full\" src=\"https:\/\/customacrylicproduct.com\/wp-content\/uploads\/2025\/07\/No-Smoking-Sign-Clear-Acrylic.jpg\" alt=\"Rauchverbotsschild Klar Acryl\" width=\"750\" height=\"750\" srcset=\"https:\/\/customacrylicproduct.com\/wp-content\/uploads\/2025\/07\/No-Smoking-Sign-Clear-Acrylic.jpg 750w, https:\/\/customacrylicproduct.com\/wp-content\/uploads\/2025\/07\/No-Smoking-Sign-Clear-Acrylic-300x300.jpg 300w, https:\/\/customacrylicproduct.com\/wp-content\/uploads\/2025\/07\/No-Smoking-Sign-Clear-Acrylic-150x150.jpg 150w, https:\/\/customacrylicproduct.com\/wp-content\/uploads\/2025\/07\/No-Smoking-Sign-Clear-Acrylic-600x600.jpg 600w, https:\/\/customacrylicproduct.com\/wp-content\/uploads\/2025\/07\/No-Smoking-Sign-Clear-Acrylic-100x100.jpg 100w\" sizes=\"(max-width: 750px) 100vw, 750px\" \/><\/a><\/p>\n<h4 id=\"-the-power-of-real-personalization-an-indicator-as-unique-as-your-brand-\"><strong>Die Macht der echten Personalisierung: Ein Indikator, der so einzigartig ist wie Ihre Marke\u00a0<\/strong>.<\/h4>\n<p>Wir von Custom Acrylic Product sind der Meinung, dass ein Hinweisschild mehr sein sollte als nur eine Richtlinie; es sollte eine Erweiterung Ihrer Markenidentifikation sein. Wir haben unsere Produktionsst\u00e4tte und Verfahren um ein un\u00fcbertroffenes Ma\u00df an Anpassung gebaut, garantiert jede\u00a0<strong>Warnschild \"Rauchen verboten\u00a0<\/strong>die wir erstellen, ist genau auf Ihre Anforderungen zugeschnitten.<\/p>\n<p><strong>1. Gr\u00f6\u00dfen und Formanpassung: Vorbei das Kriterium Rechteckige Form\u00a0<\/strong>.<\/p>\n<p>Ihr Gebiet hat besondere Geb\u00e4udeeigenschaften, und Ihre Beschilderung muss dies widerspiegeln. Wir l\u00f6sen uns von der Einheitsgr\u00f6\u00dfe, indem wir Form und Gr\u00f6\u00dfe vollst\u00e4ndig personalisieren.<\/p>\n<ul>\n<li><strong>Jede erdenkliche Art der Formgebung:\u00a0<\/strong>Ganz gleich, ob Sie ein zeitloses quadratisches oder rundes Schild, ein raffiniertes Oval oder eine ganz pers\u00f6nliche Sonderform ben\u00f6tigen, die Ihr Logo oder ein architektonisches Element widerspiegelt, unsere fortschrittliche Reduktionsinnovation kann dies bewerkstelligen.<\/li>\n<li><strong>Skalierbar f\u00fcr jede Art von Nachfrage:\u00a0<\/strong>Unsere F\u00e4higkeit, die Dimensionen anzupassen, erm\u00f6glicht es Ihnen, ein einheitliches Erscheinungsbild in Ihrem Haus zu schaffen. Von einer kleinen, diskreten\u00a0<strong>Rauchverbotsschild an der Wand\u00a0<\/strong>f\u00fcr eine einzelne B\u00fcrot\u00fcr bis hin zu einer gro\u00dfen, prominenten\u00a0<strong>Rauchverbot-Schild\u00a0<\/strong>f\u00fcr einen Haupteingang oder eine Au\u00dfenterrasse, sorgen wir daf\u00fcr, dass die Botschaft mit angemessener Wirkung vermittelt wird.<\/li>\n<\/ul>\n<p><strong>2. Individuelle Anpassung von Farbe, Muster und Grafik: Eine Leinwand f\u00fcr Ihren Markennamen\u00a0<\/strong>.<\/p>\n<p>Hier erwacht Ihre Marke wirklich zum Leben. Unsere fortschrittlichen Druck- und Endverarbeitungsinnovationen erm\u00f6glichen eine Vielzahl von visuellen M\u00f6glichkeiten.<\/p>\n<ul>\n<li><strong>Lebendiger, vollfarbiger Druck:\u00a0<\/strong>Durch den Einsatz hochentwickelter moderner UV-Drucktechnologie k\u00f6nnen wir jede Art von Design in brillanten, vollst\u00e4ndigen Farben herstellen. Bei diesem Verfahren wird die Tinte direkt auf die Acryloberfl\u00e4che aufgetragen, wodurch eine widerstandsf\u00e4hige, kratzfeste und lichtbest\u00e4ndige Beschichtung entsteht. Sie k\u00f6nnen vollfarbige Logodesigns, aufwendige Muster oder Details in markengerechten Pantone-Farben hinzuf\u00fcgen.<\/li>\n<li><strong>Oberfl\u00e4chen- und K\u00f6rperf\u00e4rbung:\u00a0<\/strong>F\u00fcr ein tieferes, integrierteres Aussehen kann das Acrylmaterial selbst eingef\u00e4rbt werden, so dass der Farbton durchgehend, auch an den Schnittkanten, gleich bleibt.<\/li>\n<li><strong>Text, Logos und n\u00fctzliche Grafiken:\u00a0<\/strong>Integrieren Sie den Namen Ihres Unternehmens, besondere Sicherheitshinweise und sogar einen QR-Code, der auf Ihre Unternehmenswebsite oder detaillierte Richtlinien verweist. Dies macht eine einfache\u00a0<strong><a href=\"https:\/\/customacrylicproduct.com\/de\/custom-acrylic-signs\/\">Rauchverbotsschild<\/a>\u00a0<\/strong>zu einem interaktiven und aufschlussreichen Marken-Touchpoint.<\/li>\n<li><strong>Einzigartige Auswirkungen auf die Gesamtkosten:\u00a0<\/strong>F\u00fcr Kunden, die ein einzigartiges Zeichen setzen wollen, bieten wir eine Reihe von Spezialeffekten an, darunter ansprechende fluoreszierende Farbt\u00f6ne, innovative Metallic- oder Perlglanzoberfl\u00e4chen und subtile, raffinierte Schr\u00e4gen.<\/li>\n<\/ul>\n<p><a href=\"https:\/\/customacrylicproduct.com\/de\/custom-acrylic-signs\/\"><img decoding=\"async\" class=\"aligncenter wp-image-1098 size-full\" src=\"https:\/\/customacrylicproduct.com\/wp-content\/uploads\/2025\/07\/No-Smoking-Sign-Clear-Acrylic-3.jpg\" alt=\"Rauchverbotsschild Klar Acryl\" width=\"800\" height=\"800\" srcset=\"https:\/\/customacrylicproduct.com\/wp-content\/uploads\/2025\/07\/No-Smoking-Sign-Clear-Acrylic-3.jpg 800w, https:\/\/customacrylicproduct.com\/wp-content\/uploads\/2025\/07\/No-Smoking-Sign-Clear-Acrylic-3-300x300.jpg 300w, https:\/\/customacrylicproduct.com\/wp-content\/uploads\/2025\/07\/No-Smoking-Sign-Clear-Acrylic-3-150x150.jpg 150w, https:\/\/customacrylicproduct.com\/wp-content\/uploads\/2025\/07\/No-Smoking-Sign-Clear-Acrylic-3-768x768.jpg 768w, https:\/\/customacrylicproduct.com\/wp-content\/uploads\/2025\/07\/No-Smoking-Sign-Clear-Acrylic-3-600x600.jpg 600w, https:\/\/customacrylicproduct.com\/wp-content\/uploads\/2025\/07\/No-Smoking-Sign-Clear-Acrylic-3-100x100.jpg 100w\" sizes=\"(max-width: 800px) 100vw, 800px\" \/><\/a><\/p>\n<p><strong>3. Personalisierung von Texten und Webinhalten: Mit absoluter Klarheit in Verbindung treten\u00a0<\/strong>.<\/p>\n<p>Effiziente Kommunikation ist extrem wichtig. Wir k\u00f6nnen jede Art von Text drucken, die Sie ben\u00f6tigen, in jeder Schriftart, die mit Ihren Markenrichtlinien \u00fcbereinstimmt. Dazu geh\u00f6ren auch mehrsprachige Wegbeschreibungen f\u00fcr unterschiedliche Kunden, die sicherstellen, dass Ihre Pl\u00e4ne von allen Besuchern an \u00f6ffentlichen Orten wie Hotels, Flugh\u00e4fen und Touristenorten weltweit erkannt werden.<\/p>\n<h4 id=\"-manufacturing-excellence-the-technology-behind-the-quality-\"><strong>Exzellente Fertigung: Die Technologie hinter der Qualit\u00e4t\u00a0<\/strong>.<\/h4>\n<p>Unser Engagement f\u00fcr Qualit\u00e4t erstreckt sich auf jeden Schritt des Produktionsprozesses. Wir setzen innovative, moderne Technologien ein und verwenden eine Auswahl an Materialien, die den Anforderungen und dem Budgetplan Ihres Projekts perfekt entsprechen.<\/p>\n<p><strong>1. Produkt- und Dickenoption\u00a0<\/strong>.<\/p>\n<ul>\n<li><strong>Gegossene Polymerfolie:\u00a0<\/strong>Die Premium-Auswahl. Gegossenes Acryl bietet die h\u00f6chstm\u00f6gliche optische Klarheit, eine bemerkenswerte Oberfl\u00e4chenh\u00e4rte und eine bemerkenswerte Klimabest\u00e4ndigkeit, was es zum idealen Material f\u00fcr hochwertige Innenanwendungen und jede Art von langlebigen Au\u00dfenanwendungen macht.\u00a0<strong>Rauchverbotsschild an der Wand\u00a0<\/strong>. Es ist in Dichten von 2,5 mm bis zu beachtlichen 200 mm erh\u00e4ltlich.<\/li>\n<li><strong>Extrudierte Acrylglasplatten:\u00a0<\/strong>Eine noch kosteng\u00fcnstigere und dennoch hocheffektive Option. Extrudiertes Acryl ist leichter und hat eine au\u00dfergew\u00f6hnliche Klarheit, so dass es f\u00fcr die meisten Anforderungen an die Innenbeschilderung geeignet ist, z. B. f\u00fcr B\u00fcrot\u00fcren, Innenwandfl\u00e4chen und gesch\u00fctzte Bereiche. \u00dcbliche Dicken reichen von 1 mm bis 12 mm.<\/li>\n<\/ul>\n<p>Unsere Fachleute helfen Ihnen bei der Auswahl des richtigen Materials und der richtigen St\u00e4rke f\u00fcr Ihre spezielle Anwendung, um eine optimale Effizienz und einen optimalen Wert zu gew\u00e4hrleisten.<\/p>\n<p><strong>2. Genaue Verarbeitung und Endbearbeitung\u00a0<\/strong>.<\/p>\n<ul>\n<li><strong>Fortschrittliche Reduktionstechnologie:\u00a0<\/strong>Um die komplizierten Formen und sauberen Linien zu erreichen, die unsere Kunden ben\u00f6tigen, setzen wir das CNC-Laserschneiden und das Hochdruckwasserstrahlschneiden ein. Diese Techniken erlauben eine unvergleichliche Pr\u00e4zision und erm\u00f6glichen die Erstellung komplizierter Layouts und perfekt polierter Seiten, die mit herk\u00f6mmlichen Techniken unm\u00f6glich zu erreichen sind.<\/li>\n<li><strong>Spezialisierte Behandlungen:\u00a0<\/strong>Wir bieten eine Vielzahl von Endbearbeitungen an, um Ihre Indikatoren zus\u00e4tzlich zu verbessern. Dies besteht aus\u00a0<strong>Beschriftung\u00a0<\/strong>f\u00fcr eine traditionelle, dimensionale Wirkung;\u00a0<strong>Hei\u00dfbiegen\u00a0<\/strong>dreidimensionale oder gebogene Angaben zu entwickeln, die um Kanten passen; und pr\u00e4zise\u00a0<strong>Kantenaufhellung\u00a0<\/strong>f\u00fcr eine makellose, glasartige Oberfl\u00e4che.<\/li>\n<li><strong>Lumineszenz-Anzeige Herstellung:\u00a0<\/strong>F\u00fcr das Beste an Pr\u00e4senz und modernem Design k\u00f6nnen wir leuchtende Rauchverbotsschilder entwickeln. Durch den Einbau energieeffizienter LED-Lichtquellen hinter einer ma\u00dfgeschneiderten Acrylplatte erzeugen wir eine elegante, beleuchtete Anzeige, die sowohl fesselnd als auch umweltfreundlich ist und sich perfekt f\u00fcr schwach beleuchtete Umgebungen wie Bars, Restaurants und Hotelflure eignet.<\/li>\n<\/ul>\n<p><a href=\"https:\/\/customacrylicproduct.com\/de\/customized-printed-acrylic-no-smoking-signs-signage-supplier\/\"><img decoding=\"async\" class=\"aligncenter wp-image-1099 size-full\" src=\"https:\/\/customacrylicproduct.com\/wp-content\/uploads\/2025\/07\/No-Smoking-Sign-Clear-Acrylic-4.jpg\" alt=\"Rauchverbotsschild Klar Acryl\" width=\"800\" height=\"800\" srcset=\"https:\/\/customacrylicproduct.com\/wp-content\/uploads\/2025\/07\/No-Smoking-Sign-Clear-Acrylic-4.jpg 800w, https:\/\/customacrylicproduct.com\/wp-content\/uploads\/2025\/07\/No-Smoking-Sign-Clear-Acrylic-4-300x300.jpg 300w, https:\/\/customacrylicproduct.com\/wp-content\/uploads\/2025\/07\/No-Smoking-Sign-Clear-Acrylic-4-150x150.jpg 150w, https:\/\/customacrylicproduct.com\/wp-content\/uploads\/2025\/07\/No-Smoking-Sign-Clear-Acrylic-4-768x768.jpg 768w, https:\/\/customacrylicproduct.com\/wp-content\/uploads\/2025\/07\/No-Smoking-Sign-Clear-Acrylic-4-600x600.jpg 600w, https:\/\/customacrylicproduct.com\/wp-content\/uploads\/2025\/07\/No-Smoking-Sign-Clear-Acrylic-4-100x100.jpg 100w\" sizes=\"(max-width: 800px) 100vw, 800px\" \/><\/a><\/p>\n<h4 id=\"-easy-installment-and-versatile-application-\"><strong>Einfache Installation und vielseitige Anwendung\u00a0<\/strong>.<\/h4>\n<p>Ein gut gemachter Anzeiger ist nur dann zuverl\u00e4ssig, wenn er bequem und fest installiert werden kann. Wir haben unsere Schilder so konzipiert, dass sie maximalen Komfort bieten, ohne dabei an Stabilit\u00e4t einzub\u00fc\u00dfen.<\/p>\n<ul>\n<li><strong>Unkomplizierte Selbstklebe-Installation:\u00a0<\/strong>Alle\u00a0<strong>Innenwandanzeiger\u00a0<\/strong>wird mit einer hochfesten, industrietauglichen selbstklebenden R\u00fcckseite geliefert. Diese Eigenschaft macht Bohrer, Schrauben oder fachkundige Installateure v\u00f6llig \u00fcberfl\u00fcssig. Entfernen Sie einfach die Schutzschicht und kleben Sie den Hinweis auf jede glatte, saubere und vollst\u00e4ndig trockene Oberfl\u00e4che, wie W\u00e4nde, T\u00fcren, Glasw\u00e4nde oder Fenster. Die Anbringung ist sauber, besch\u00e4digungsfrei und dauert nur Sekunden.<\/li>\n<li><strong>Vielseitiger Einsatz an allen Standorten:\u00a0<\/strong>Die Kombination aus trendigem, tragbarem Layout und haltbarem Aufbau macht unsere personalisierten Acrylschilder ideal f\u00fcr eine Vielzahl von \u00f6ffentlichen und pers\u00f6nlichen Orten. Sie sind die perfekte Wahl f\u00fcr:.<\/li>\n<li><strong>Einzelhandel:\u00a0<\/strong>Einkaufszentren, Lebensmittell\u00e4den und Gesch\u00e4fte.<\/li>\n<li><strong>Gastfreundschaft:\u00a0<\/strong>Hotels, Ferienanlagen, Restaurants, Caf\u00e9s und Bars.<\/li>\n<li><strong>Unternehmen:\u00a0<\/strong>Arbeitspl\u00e4tze, Tagungseinrichtungen und Organisationsparks.<\/li>\n<li><strong>\u00d6ffentlich und institutionell:\u00a0<\/strong>Medizinische Einrichtungen, Zentren, Hochschulen, Sammlungen und staatliche Strukturen.<\/li>\n<\/ul>\n<p>Ob Sie nun eine einsame, stilvolle\u00a0<strong>Wandfl\u00e4chenschild\u00a0<\/strong>f\u00fcr einen Sitzungssaal oder Hunderte von zusammenh\u00e4ngenden Schildern f\u00fcr einen brandneuen Ferienkomplex - unsere Option l\u00e4sst sich skalieren und anpassen.<\/p>\n<h4 id=\"-the-personalized-acrylic-item-benefit-your-trusted-signs-companion-\"><strong>Der Vorteil von personalisierten Artikeln aus Acryl: Ihr zuverl\u00e4ssiger Begleiter f\u00fcr Schilder\u00a0<\/strong>.<\/h4>\n<p>Bei der Wahl eines Anbieters geht es um mehr als nur um den Artikel; es geht um Vertrauen, Verl\u00e4sslichkeit und Kompetenz. Bei Custom-made Acrylic Product haben wir unsere Glaubw\u00fcrdigkeit darauf aufgebaut, ein Partner zu sein, auf den sich unsere Kunden verlassen k\u00f6nnen. Wenn Sie mit uns zusammenarbeiten, entscheiden Sie sich f\u00fcr ein branchenf\u00fchrendes Unternehmen, das Folgendes gew\u00e4hrleistet:.<\/p>\n<ul>\n<li><strong>Unerm\u00fcdliches Engagement f\u00fcr hohe Qualit\u00e4t:\u00a0<\/strong>Von den Rohstoffen, die wir beziehen, bis hin zum letzten Glanz wird jeder Schritt durch strenge Qualit\u00e4tssicherungsstandards kontrolliert.<\/li>\n<li><strong>Tiefgreifende Branchenkenntnis:\u00a0<\/strong>Unser Team kennt die Feinheiten einer effektiven Beschilderung - von den Anforderungen an die Konformit\u00e4t bis hin zur Erstellung von Konzepten - und steht Ihnen bei der Umsetzung zur Seite.<\/li>\n<li><strong>Volle Kundenzufriedenheit:\u00a0<\/strong>Ihre Vision ist unser Ziel. Wir arbeiten mit Ihnen zusammen, um sicherzustellen, dass das Endprodukt Ihre Erwartungen nicht nur erf\u00fcllt, sondern \u00fcbertrifft.<\/li>\n<\/ul>\n<p>Werten Sie Ihren Bereich auf, verbessern Sie Ihre Marke und sorgen Sie f\u00fcr eine klare Kommunikation mit ma\u00dfgeschneiderten ver\u00f6ffentlichten Acryl-Zigarettenverbotsschildern von einem Anbieter, dem Sie vertrauen k\u00f6nnen.<\/p>\n<p><strong>Sind Sie bereit, die beste Beschilderung f\u00fcr Ihren Raum zu entwerfen? Kontaktieren Sie unsere Stilexperten noch heute f\u00fcr eine kostenlose Beratung und ein Angebot. Lassen Sie uns gemeinsam etwas Fantastisches entwickeln.\u00a0<\/strong>.<\/p>","protected":false},"excerpt":{"rendered":"<p>Erstellen Sie professionelle, individuelle Rauchverbotsschilder aus Acryl f\u00fcr Ihr Unternehmen. Unsere langlebigen, witterungsbest\u00e4ndigen Schilder werden mit Ihrem Logo bedruckt und passen perfekt zu Ihrer Marke. Als einer der f\u00fchrenden Anbieter garantieren wir Qualit\u00e4t und schnellen Versand. Bestellen Sie Ihr Schild noch heute!<\/p>","protected":false},"featured_media":1095,"template":"","meta":{"_kad_post_transparent":"default","_kad_post_title":"","_kad_post_layout":"default","_kad_post_sidebar_id":"","_kad_post_content_style":"default","_kad_post_vertical_padding":"default","_kad_post_feature":"","_kad_post_feature_position":"","_kad_post_header":false,"_kad_post_footer":false,"_kad_post_classname":""},"product_brand":[],"product_cat":[18],"product_tag":[98,51],"class_list":{"0":"post-1094","1":"product","2":"type-product","3":"status-publish","4":"has-post-thumbnail","6":"product_cat-custom-acrylic-signs","7":"product_tag-acrylic-signs","8":"product_tag-custom-acrylic-signs","10":"first","11":"instock","12":"shipping-taxable","13":"product-type-simple","14":"entry","15":"content-bg","16":"loop-entry"},"_links":{"self":[{"href":"https:\/\/customacrylicproduct.com\/de\/wp-json\/wp\/v2\/product\/1094","targetHints":{"allow":["GET"]}}],"collection":[{"href":"https:\/\/customacrylicproduct.com\/de\/wp-json\/wp\/v2\/product"}],"about":[{"href":"https:\/\/customacrylicproduct.com\/de\/wp-json\/wp\/v2\/types\/product"}],"wp:featuredmedia":[{"embeddable":true,"href":"https:\/\/customacrylicproduct.com\/de\/wp-json\/wp\/v2\/media\/1095"}],"wp:attachment":[{"href":"https:\/\/customacrylicproduct.com\/de\/wp-json\/wp\/v2\/media?parent=1094"}],"wp:term":[{"taxonomy":"product_brand","embeddable":true,"href":"https:\/\/customacrylicproduct.com\/de\/wp-json\/wp\/v2\/product_brand?post=1094"},{"taxonomy":"product_cat","embeddable":true,"href":"https:\/\/customacrylicproduct.com\/de\/wp-json\/wp\/v2\/product_cat?post=1094"},{"taxonomy":"product_tag","embeddable":true,"href":"https:\/\/customacrylicproduct.com\/de\/wp-json\/wp\/v2\/product_tag?post=1094"}],"curies":[{"name":"wp","href":"https:\/\/api.w.org\/{rel}","templated":true}]}}