{"id":1116,"date":"2025-07-15T09:30:05","date_gmt":"2025-07-15T09:30:05","guid":{"rendered":"https:\/\/customacrylicproduct.com\/?post_type=product&#038;p=1116"},"modified":"2025-07-15T09:45:40","modified_gmt":"2025-07-15T09:45:40","slug":"coloured-cast-acrylic-panel-tinted-acrylic-sheets-wholesaler","status":"publish","type":"product","link":"https:\/\/customacrylicproduct.com\/de\/coloured-cast-acrylic-panel-tinted-acrylic-sheets-wholesaler\/","title":{"rendered":"Farbige gegossene Acrylplatten Get\u00f6nte Acrylplatten Gro\u00dfh\u00e4ndler"},"content":{"rendered":"<h3 id=\"-the-art-of-shade-the-scientific-research-of-product-a-wholesaler-s-guide-to-costs-coloured-cast-acrylic-\"><strong>Die Kunst des Schattens, Die wissenschaftliche Erforschung des Produkts: Ein Leitfaden f\u00fcr Gro\u00dfh\u00e4ndler \u00fcber die Kosten von farbigem Gussacryl\u00a0<\/strong>.<\/h3>\n<p>Auf dem Planeten des Designs, der Herstellung und der Kunst sind Produkte das Vokabular, das wir verwenden, um zu erz\u00e4hlen. Die richtige Option kann eine einfache Arbeit in ein Kunstwerk verwandeln, einen kommerziellen Raum in ein immersives Markenerlebnis und einen n\u00fctzlichen Gegenstand in ein Kunstwerk. Seit Jahrzehnten hat sich ein Material immer wieder als eines der vielseitigsten, lebendigsten und modernsten Medien f\u00fcr Entwickler aller Art erwiesen: Acryl.<\/p>\n<p>Als f\u00fchrender H\u00e4ndler wissen wir, dass unsere Kunden - die Designer, Konstrukteure, Produzenten und Gro\u00dfproduzenten - mehr brauchen als nur einen Artikel. Sie brauchen einen vertrauensw\u00fcrdigen Partner, eine umfangreiche Kombination von M\u00f6glichkeiten und ein Produkt, das auch unter Druck perfekt funktioniert. Wir sind stolz darauf, unsere f\u00fchrende Linie von\u00a0<strong><a href=\"https:\/\/customacrylicproduct.com\/de\/coloured-cast-acrylic-panel-tinted-acrylic-sheets-wholesaler\/\">Farbige und get\u00f6nte gegossene Polymerplatten<\/a>\u00a0<\/strong>, eine Sammlung, die nicht nur Ihre Anforderungen erf\u00fcllt, sondern auch Ihre n\u00e4chste herausragende Entwicklung beeinflussen soll.<\/p>\n<p>In diesem Leitfaden werden die bemerkenswerten Qualit\u00e4ten unserer gegossenen Acrylplatten vorgestellt, von ihrer atemberaubenden Farbpalette und ihrer hervorragenden physikalischen Eigenschaften bis hin zu ihrer einfachen Herstellung und ihren unbegrenzten Einsatzm\u00f6glichkeiten. Entdecken Sie, warum wir die verl\u00e4ssliche Quelle f\u00fcr Fachleute sind, die das Effektivste ben\u00f6tigen.<\/p>\n<h4 id=\"-chapter-1-a-spectrum-of-infinite-opportunity-our-unrivaled-color-scheme-\"><strong>Kapitel 1: Ein Spektrum der unendlichen M\u00f6glichkeiten - unser konkurrenzloses Farbschema\u00a0<\/strong>.<\/h4>\n<p>Farbe ist Emotion, Identifikation und sichtbar gemachtes Licht. Unsere Kollektion ist auf diesem Ansatz aufgebaut. Wenn Sie bei uns einkaufen, erhalten Sie ein erstaunliches Spektrum an Optionen, die entwickelt wurden, um jede Vision zum Leben zu erwecken.<\/p>\n<p>Sie werden sicherlich eine spektakul\u00e4re Auswahl an\u00a0<strong><a href=\"https:\/\/customacrylicproduct.com\/de\/coloured-cast-acrylic-panel-tinted-acrylic-sheets-wholesaler\/\">transparente farbige Schauspieler Acrylplatten<\/a>\u00a0<\/strong>in einer F\u00fclle von verschiedenen Farben. Unser gemeinsames Angebot besteht aus, ist aber nicht beschr\u00e4nkt auf:.<\/p>\n<ul>\n<li><strong>Tiefer, ozeanischer Blues\u00a0<\/strong>.<\/li>\n<li><strong>Lebendige, energiegeladene Orangen\u00a0<\/strong>.<\/li>\n<li><strong>Sonnengek\u00fcsste, leuchtende Gelbt\u00f6ne\u00a0<\/strong>.<\/li>\n<li><strong>\u00dcppige, nat\u00fcrliche Umweltfreundlichkeit\u00a0<\/strong>.<\/li>\n<li><strong>Starke, enthusiastische Rote\u00a0<\/strong>.<\/li>\n<li><strong>Schickes, verspieltes Rosenrot\u00a0<\/strong>.<\/li>\n<li><strong>Deep, Outright Pure Blacks\u00a0<\/strong>.<\/li>\n<li><strong>Kristallklare Transparente\u00a0<\/strong>.<\/li>\n<\/ul>\n<p>Dies ist mehr als nur eine Checkliste von Farben; es ist ein Werkzeugkasten f\u00fcr Kreativit\u00e4t. Der wahre Zauber liegt in der Interaktion des Materials mit dem Licht. Als klares Medium ist das Aussehen jedes Blattes lebendig.\u00a0<strong>Die Farben sind in verschiedenen Beleuchtungen, das Programm ist vielf\u00e4ltig.\u00a0<\/strong>Eine Platte, die bei ged\u00e4mpftem Licht wie ein tiefes, irritierendes Blau aussieht, kann sich bei Hintergrundbeleuchtung in einen leuchtenden, himmlischen Saphir verwandeln. Diese Eigenschaft erm\u00f6glicht die Entwicklung dynamischer Beschilderungen, faszinierender Beleuchtungsk\u00f6rper und mehrschichtiger Kunstwerke mit unglaublicher Tiefe.<\/p>\n<p>Unsere Farbpalette ist so zusammengestellt, dass sie Ihren unterschiedlichen Anforderungen gerecht wird - von der Anpassung an bestimmte Markenfarben Ihres Unternehmens bis hin zur Erstellung einzigartiger, fantasievoller Designs.<\/p>\n<p><a href=\"https:\/\/customacrylicproduct.com\/de\/coloured-cast-acrylic-panel-tinted-acrylic-sheets-wholesaler\/\"><img fetchpriority=\"high\" decoding=\"async\" class=\"aligncenter wp-image-1123 size-full\" src=\"https:\/\/customacrylicproduct.com\/wp-content\/uploads\/2025\/07\/Tinted-Acrylic-Sheets.jpg\" alt=\"Get\u00f6nte Acrylglasplatten\" width=\"800\" height=\"800\" srcset=\"https:\/\/customacrylicproduct.com\/wp-content\/uploads\/2025\/07\/Tinted-Acrylic-Sheets.jpg 800w, https:\/\/customacrylicproduct.com\/wp-content\/uploads\/2025\/07\/Tinted-Acrylic-Sheets-300x300.jpg 300w, https:\/\/customacrylicproduct.com\/wp-content\/uploads\/2025\/07\/Tinted-Acrylic-Sheets-150x150.jpg 150w, https:\/\/customacrylicproduct.com\/wp-content\/uploads\/2025\/07\/Tinted-Acrylic-Sheets-768x768.jpg 768w, https:\/\/customacrylicproduct.com\/wp-content\/uploads\/2025\/07\/Tinted-Acrylic-Sheets-600x600.jpg 600w, https:\/\/customacrylicproduct.com\/wp-content\/uploads\/2025\/07\/Tinted-Acrylic-Sheets-100x100.jpg 100w\" sizes=\"(max-width: 800px) 100vw, 800px\" \/><\/a><\/p>\n<h4 id=\"-chapter-2-the-structure-of-quality-superior-product-unwavering-quality-\"><strong>Kapitel 2: Die Struktur der Qualit\u00e4t - \u00dcberlegenes Produkt und unersch\u00fctterliche Qualit\u00e4t\u00a0<\/strong>.<\/h4>\n<p>Eine attraktive Farbe ist nur so gut wie das Material, das sie tr\u00e4gt. Wir liefern ausschlie\u00dflich\u00a0<strong>gegossenes Acryl\u00a0<\/strong>, der h\u00f6chste Standard auf dem Markt, der f\u00fcr seine \u00fcberragende Z\u00e4higkeit, Qualit\u00e4t und Best\u00e4ndigkeit bekannt ist.<\/p>\n<ul>\n<li><strong>Robust, langlebig und leicht:\u00a0<\/strong>Dies ist das Paradoxon, das Acryl so wichtig macht. Unser\u00a0<strong>Kunststoffplatten f\u00fcr Bastelzwecke und Spezialanwendungen\u00a0<\/strong>sind aus unglaublich robustem Acryl gefertigt, das Einwirkungen und Splittern viel besser widersteht als Glas. Es ist ein starkes, robustes Material, das auf Langlebigkeit ausgelegt ist. Dennoch ist es unglaublich leicht, wodurch es viel einfacher und sicherer zu transportieren, zu pflegen und zu montieren ist, was sich in geringeren Kosten und minimierten Risiken f\u00fcr Gro\u00dfprojekte niederschl\u00e4gt.<\/li>\n<li><strong>Makellose Vollst\u00e4ndigkeit und Schutz:\u00a0<\/strong>Spitzenqualit\u00e4t steckt in den Informationen. Jedes Blatt, das wir anbieten, ist so gemacht, dass es tadellos\u00a0<strong>glatte Kanten\u00a0<\/strong>, So ist eine professionelle Beschichtung von Anfang an gew\u00e4hrleistet. Damit diese sch\u00f6ne hohe Qualit\u00e4t unversehrt bei Ihnen ankommt,\u00a0<strong>Jede Acrylplatte ist beidseitig mit einer Schutzfolie versehen.\u00a0<\/strong>Durch diese entscheidende Ma\u00dfnahme wird die Oberfl\u00e4che w\u00e4hrend des gesamten Transports, der Handhabung und des Aufbaus vor Kratzern und Fingerabdr\u00fccken gesch\u00fctzt, so dass weniger Abfall anf\u00e4llt und sichergestellt wird, dass jeder Quadratzentimeter des Produkts nutzbar ist.<\/li>\n<li><strong>Farbe, die Bestand hat:\u00a0<\/strong>Der Farbton in unseren gegossenen Acrylplatten ist kein Oberfl\u00e4chenfinish. Er wird direkt in das Monomer eingearbeitet, bevor das Streichverfahren beginnt, was bedeutet, dass der Farbton \u00fcber die gesamte Dichte der Platte gleichm\u00e4\u00dfig ist. Dies stellt sicher, dass die\u00a0<strong>die Farbe h\u00e4lt und ist schwer zu verf\u00e4rben\u00a0<\/strong>, trotz langfristiger direkter Exposition gegen\u00fcber Innenraumbeleuchtung. Die Lebendigkeit, die Sie damit entwickeln, ist die Lebendigkeit, die mit Sicherheit von Dauer sein wird.<\/li>\n<\/ul>\n<p><a href=\"https:\/\/customacrylicproduct.com\/de\/coloured-cast-acrylic-panel-tinted-acrylic-sheets-wholesaler\/\"><img decoding=\"async\" class=\"aligncenter wp-image-1120 size-full\" src=\"https:\/\/customacrylicproduct.com\/wp-content\/uploads\/2025\/07\/Tinted-Acrylic-Sheets-1.jpg\" alt=\"Get\u00f6nte Acrylglasplatten\" width=\"800\" height=\"800\" srcset=\"https:\/\/customacrylicproduct.com\/wp-content\/uploads\/2025\/07\/Tinted-Acrylic-Sheets-1.jpg 800w, https:\/\/customacrylicproduct.com\/wp-content\/uploads\/2025\/07\/Tinted-Acrylic-Sheets-1-300x300.jpg 300w, https:\/\/customacrylicproduct.com\/wp-content\/uploads\/2025\/07\/Tinted-Acrylic-Sheets-1-150x150.jpg 150w, https:\/\/customacrylicproduct.com\/wp-content\/uploads\/2025\/07\/Tinted-Acrylic-Sheets-1-768x768.jpg 768w, https:\/\/customacrylicproduct.com\/wp-content\/uploads\/2025\/07\/Tinted-Acrylic-Sheets-1-600x600.jpg 600w, https:\/\/customacrylicproduct.com\/wp-content\/uploads\/2025\/07\/Tinted-Acrylic-Sheets-1-100x100.jpg 100w\" sizes=\"(max-width: 800px) 100vw, 800px\" \/><\/a><\/p>\n<h4 id=\"-chapter-3-engineered-for-development-customization-effortless-construction-\"><strong>Kapitel 3: Entwickelt f\u00fcr die Entwicklung - Individuelle Anpassung und m\u00fchelose Konstruktion\u00a0<\/strong>.<\/h4>\n<p>Ihre Auftr\u00e4ge haben besondere Anforderungen, und unsere L\u00f6sung wurde entwickelt, um diese mit Pr\u00e4zision und Vielseitigkeit zu erf\u00fcllen. Wir ermutigen Sie, \u00fcber die grundlegenden Beschr\u00e4nkungen hinauszugehen, mit einer umfassenden Personalisierung und einem Produkt, mit dem zu arbeiten ein Traum ist.<\/p>\n<ul>\n<li><strong>Ma\u00dfgeschneiderte Gr\u00f6\u00dfen f\u00fcr Zero Waste:\u00a0<\/strong>Wir wissen, dass Leistung in einem professionellen Betrieb eine wichtige Rolle spielt. Unsere get\u00f6nten Acrylplatten werden angeboten in\u00a0<strong>ma\u00dfgeschneiderte Gr\u00f6\u00dfen\u00a0<\/strong>. Wir haben zwar handels\u00fcbliche Plattenabmessungen auf Lager, aber unsere Hauptdienstleistung als H\u00e4ndler ist das Zuschneiden von Platten, die auf die spezifischen Abmessungen Ihrer Aufgabe zugeschnitten sind. Dies reduziert den Abfall, spart wertvolle Bauzeit und senkt Ihre Gesamtkosten. Zus\u00e4tzlich k\u00f6nnen Sie einfach\u00a0<strong>mit Zerkleinerungsger\u00e4ten in die gew\u00fcnschte Form schneiden\u00a0<\/strong>vor Ort.<\/li>\n<li><strong>Maximiert f\u00fcr eine einfache Konstruktion:\u00a0<\/strong>Unsere Acrylplatten sind f\u00fcr ihre hervorragende Bearbeitbarkeit bekannt. Die herausragende\u00a0<strong>1\/8 Zoll (etwa 3 mm) Dicke\u00a0<\/strong>bietet ein optimales Gleichgewicht zwischen Steifigkeit und bequemer Handhabung. Als Gro\u00dfh\u00e4ndler k\u00f6nnen wir jedoch eine breite Palette von Dicken beschaffen, die f\u00fcr jede Art von Anwendung geeignet sind. Die gleichm\u00e4\u00dfige Dichte und die erstklassige Qualit\u00e4t des Produkts machen den Umgang mit ihm unglaublich einfach. Sie k\u00f6nnen:.<\/li>\n<li><strong>Schneiden mit Pr\u00e4zision:\u00a0<\/strong>Verwenden Sie eine\u00a0<strong>Bands\u00e4ge, Tischs\u00e4ge oder Vorritzer\u00a0<\/strong>zum Schneiden von Acrylplatten mit sauberen, scharfen Linien, so dass Sie schnell die gew\u00fcnschte Form erhalten.<\/li>\n<li><strong>Laserschneiden und -gravieren:\u00a0<\/strong>Das Produkt l\u00e4sst sich perfekt mit Laserschneidern bearbeiten und erm\u00f6glicht die Entwicklung von aufwendigen Mustern, detaillierten Logodesigns und komplizierten Formen mit glatten Seiten.<\/li>\n<li><strong>Drill, Course und Mill:\u00a0<\/strong>Es l\u00e4sst sich mit handels\u00fcblichen Werkzeugen bequem bearbeiten, ohne dass es zu Rissen oder Spr\u00fcngen kommt.<\/li>\n<li><strong>Warme Biegung und Form:\u00a0<\/strong>Durch sanftes Erw\u00e4rmen lassen sich die Platten biegen und zu Konturen und dreidimensionalen Formen formen.<\/li>\n<\/ul>\n<p>Diese einfache Konstruktion macht unser Acrylglas zur idealen Wahl sowohl f\u00fcr die schnelle Herstellung von Prototypen als auch f\u00fcr gro\u00dfe Produktionsserien.<\/p>\n<h4 id=\"-chapter-4-the-canvas-for-development-a-cosmos-of-applications-\"><strong>Kapitel 4: Die Leinwand f\u00fcr Entwicklung - ein Kosmos von Anwendungen\u00a0<\/strong>.<\/h4>\n<p>Die Anpassungsf\u00e4higkeit unserer farbigen Acrylplatten ist nur durch Ihre Fantasie begrenzt. Diese Platten sind zu einem wichtigen Material in einer Vielzahl von Sektoren und fantasievollen Projekten geworden.<\/p>\n<ul>\n<li><strong>Schilder und Verkaufsdisplays:\u00a0<\/strong>Produzieren Sie ansprechende, leuchtende Anzeigen, Point-of-Purchase-Displays und bekannte Befestigungen, die die Verbraucher anziehen. Die leuchtenden, transparenten Farben sind besonders effizient, wenn sie von hinten beleuchtet werden.<\/li>\n<li><strong>Architektur und Innenarchitektur:\u00a0<\/strong>Verwenden Sie die Paneele als dekorative Trennw\u00e4nde, moderne Schrankfronten, get\u00f6nte Verglasungen als Ersatz f\u00fcr\u00a0<strong>Bildstrukturglas\u00a0<\/strong>, ma\u00dfgefertigte M\u00f6belst\u00fccke und Schutzma\u00dfnahmen\u00a0<strong>Thekendekorationen\u00a0<\/strong>. Sein geringes Gewicht und seine Robustheit machen ihn zu einer hervorragenden Wahl f\u00fcr \u00f6ffentliche Bereiche.<\/li>\n<li><strong>Kunst und Do It Yourself-Handwerk:\u00a0<\/strong>Dies ist das beste Medium f\u00fcr K\u00fcnstler und Entwickler. Verwenden Sie es als glatte, nicht por\u00f6se Oberfl\u00e4che f\u00fcr\u00a0<strong>Malerei\u00a0<\/strong>, als Basis f\u00fcr Mixed-Media-Skulpturen oder f\u00fcr aufwendige lasergeschnittene Kunstwerke.<\/li>\n<li><strong>Ausstellungen und Museumsdisplays:\u00a0<\/strong>Bauen Sie glatte, haltbare Geh\u00e4use, Vitrinen und Schutzhindernisse, die optische Klarheit und einen Hauch von Schatten bieten, ohne von den Artefakten abzulenken.<\/li>\n<li><strong>Dekoration f\u00fcr Haus und Veranstaltung:\u00a0<\/strong>Lassen Sie Ihrer Kreativit\u00e4t f\u00fcr saisonale und feierliche Anl\u00e4sse freien Lauf.\u00a0<strong>dekorative Weihnachtslichterketten zum Selbermachen\u00a0<\/strong>indem sie personalisierte Formen ausschneiden, aufsehenerregende Tischdekorationen kreieren oder individuelle\u00a0<strong>Veranstaltungsdekorationen\u00a0<\/strong>die sicherlich einen bleibenden Eindruck hinterlassen werden.<\/li>\n<\/ul>\n<p><a href=\"https:\/\/customacrylicproduct.com\/de\/coloured-cast-acrylic-panel-tinted-acrylic-sheets-wholesaler\/\"><img decoding=\"async\" class=\"aligncenter wp-image-1121 size-full\" src=\"https:\/\/customacrylicproduct.com\/wp-content\/uploads\/2025\/07\/Tinted-Acrylic-Sheets-2.jpg\" alt=\"Get\u00f6nte Acrylglasplatten\" width=\"800\" height=\"800\" srcset=\"https:\/\/customacrylicproduct.com\/wp-content\/uploads\/2025\/07\/Tinted-Acrylic-Sheets-2.jpg 800w, https:\/\/customacrylicproduct.com\/wp-content\/uploads\/2025\/07\/Tinted-Acrylic-Sheets-2-300x300.jpg 300w, https:\/\/customacrylicproduct.com\/wp-content\/uploads\/2025\/07\/Tinted-Acrylic-Sheets-2-150x150.jpg 150w, https:\/\/customacrylicproduct.com\/wp-content\/uploads\/2025\/07\/Tinted-Acrylic-Sheets-2-768x768.jpg 768w, https:\/\/customacrylicproduct.com\/wp-content\/uploads\/2025\/07\/Tinted-Acrylic-Sheets-2-600x600.jpg 600w, https:\/\/customacrylicproduct.com\/wp-content\/uploads\/2025\/07\/Tinted-Acrylic-Sheets-2-100x100.jpg 100w\" sizes=\"(max-width: 800px) 100vw, 800px\" \/><\/a><\/p>\n<p>Von den anspruchsvollsten kommerziellen\u00a0<strong>Aufgaben anzeigen\u00a0<\/strong>zur pers\u00f6nlichen\u00a0<strong>Heimdekoration\u00a0<\/strong>Verbesserungen, unsere <a href=\"https:\/\/customacrylicproduct.com\/de\/coloured-cast-acrylic-panel-tinted-acrylic-sheets-wholesaler\/\">Acrylglasplatten<\/a> bieten eine Struktur von hoher Qualit\u00e4t und eine Kombination von Inspiration.<\/p>\n<h4 id=\"-the-wholesale-advantage-your-strategic-companion-in-supply-\"><strong>Der Gro\u00dfhandelsvorteil: Ihr strategischer Begleiter bei der Beschaffung\u00a0<\/strong>.<\/h4>\n<p>Wenn Sie sich f\u00fcr uns als H\u00e4ndler entscheiden, erwerben Sie mehr als nur einen Distributor; Sie gewinnen einen Partner, der sich f\u00fcr Ihren Erfolg einsetzt. Wir verstehen die einzigartigen Anforderungen von Unternehmen, Herstellern und Gro\u00dfserienherstellern. Unser gesamtes Verfahren ist so strukturiert, dass es Ihnen Folgendes bietet:.<\/p>\n<ul>\n<li><strong>Wettbewerbsf\u00e4hige Gro\u00dfmengenpreise:\u00a0<\/strong>Wir bieten Ihnen erhebliche finanzielle Einsparungen bei Gro\u00dfauftr\u00e4gen, so dass Sie Ihre Gewinnspannen erh\u00f6hen und wettbewerbsf\u00e4higere Angebote f\u00fcr Projekte abgeben k\u00f6nnen.<\/li>\n<li><strong>Unver\u00e4nderliche Einheitlichkeit:\u00a0<\/strong>Wir garantieren die Gleichm\u00e4\u00dfigkeit von Farbe und Dicke jedes einzelnen Bogens in Ihrer Bestellung und sorgen so f\u00fcr Einheitlichkeit bei gro\u00dfen Auftr\u00e4gen und Produktionsl\u00e4ufen.<\/li>\n<li><strong>Erhebliches Inventar:\u00a0<\/strong>Unser gro\u00dfer Lagerbestand an bevorzugten Farben und Abmessungen bedeutet, dass wir Ihre Bestellungen umgehend erf\u00fcllen k\u00f6nnen, wodurch die Vorbereitungen minimiert werden und Ihre Projekte im Zeitplan bleiben.<\/li>\n<li><strong>Engagierte Unterst\u00fctzung:\u00a0<\/strong>Unsere Fachleute helfen Ihnen bei der Auswahl des richtigen Produkts f\u00fcr Ihre Anwendung, geben Ihnen technische Ratschl\u00e4ge und sorgen f\u00fcr einen reibungslosen Kaufvorgang von Anfang bis Ende.<\/li>\n<li><strong>Zuverl\u00e4ssige Logistik:\u00a0<\/strong>Mit einer robusten Verpackung und einem Netzwerk von zuverl\u00e4ssigen Lieferpartnern garantieren wir, dass Ihre Bestellung sicher, schnell und in einwandfreiem Zustand ankommt.<\/li>\n<\/ul>\n<p>Treten Sie ein in eine Welt voller leuchtender Farben, unvergleichlicher Qualit\u00e4t und unbegrenzter M\u00f6glichkeiten. Lassen Sie unsere gef\u00e4rbten und get\u00f6nten Acrylglasplatten der Schl\u00fcsselstein f\u00fcr Ihren n\u00e4chsten Auftrag sein.<\/p>\n<p><strong>Rufen Sie unsere Gro\u00dfhandelsexperten noch heute an, um ein Beispielpaket anzufordern, ein g\u00fcnstiges Angebot f\u00fcr Ihren Mengenbedarf einzuholen oder \u00fcber die individuellen Anforderungen Ihres bevorstehenden Projekts zu sprechen.\u00a0<\/strong>.<\/p>","protected":false},"excerpt":{"rendered":"<p>Ihr vertrauensw\u00fcrdiger Gro\u00dfh\u00e4ndler f\u00fcr hochwertige farbige und get\u00f6nte gegossene Acrylplatten. Wir bieten eine gro\u00dfe Auswahl an leuchtenden Platten, die sich perfekt f\u00fcr Beschilderungen, Fertigung und Einzelhandelsauslagen eignen. Profitieren Sie von verl\u00e4sslichen Gro\u00dfhandelspreisen, individuellen Zuschnittservices und schnellem Versand.<\/p>","protected":false},"featured_media":1123,"template":"","meta":{"_kad_post_transparent":"default","_kad_post_title":"","_kad_post_layout":"default","_kad_post_sidebar_id":"","_kad_post_content_style":"default","_kad_post_vertical_padding":"default","_kad_post_feature":"","_kad_post_feature_position":"","_kad_post_header":false,"_kad_post_footer":false,"_kad_post_classname":""},"product_brand":[],"product_cat":[24],"product_tag":[100,75,73],"class_list":{"0":"post-1116","1":"product","2":"type-product","3":"status-publish","4":"has-post-thumbnail","6":"product_cat-custom-acrylic-sheets","7":"product_tag-coloured-acrylic-sheets","8":"product_tag-custom-cut-acrylic-sheets","9":"product_tag-laser-acrylic-sheets","11":"first","12":"instock","13":"shipping-taxable","14":"product-type-simple","15":"entry","16":"content-bg","17":"loop-entry"},"_links":{"self":[{"href":"https:\/\/customacrylicproduct.com\/de\/wp-json\/wp\/v2\/product\/1116","targetHints":{"allow":["GET"]}}],"collection":[{"href":"https:\/\/customacrylicproduct.com\/de\/wp-json\/wp\/v2\/product"}],"about":[{"href":"https:\/\/customacrylicproduct.com\/de\/wp-json\/wp\/v2\/types\/product"}],"wp:featuredmedia":[{"embeddable":true,"href":"https:\/\/customacrylicproduct.com\/de\/wp-json\/wp\/v2\/media\/1123"}],"wp:attachment":[{"href":"https:\/\/customacrylicproduct.com\/de\/wp-json\/wp\/v2\/media?parent=1116"}],"wp:term":[{"taxonomy":"product_brand","embeddable":true,"href":"https:\/\/customacrylicproduct.com\/de\/wp-json\/wp\/v2\/product_brand?post=1116"},{"taxonomy":"product_cat","embeddable":true,"href":"https:\/\/customacrylicproduct.com\/de\/wp-json\/wp\/v2\/product_cat?post=1116"},{"taxonomy":"product_tag","embeddable":true,"href":"https:\/\/customacrylicproduct.com\/de\/wp-json\/wp\/v2\/product_tag?post=1116"}],"curies":[{"name":"wp","href":"https:\/\/api.w.org\/{rel}","templated":true}]}}