{"id":1148,"date":"2025-07-17T09:17:13","date_gmt":"2025-07-17T09:17:13","guid":{"rendered":"https:\/\/customacrylicproduct.com\/?post_type=product&#038;p=1148"},"modified":"2025-07-18T03:59:47","modified_gmt":"2025-07-18T03:59:47","slug":"custom-acrylic-tray-living-room-club-decoration-water-cup","status":"publish","type":"product","link":"https:\/\/customacrylicproduct.com\/de\/custom-acrylic-tray-living-room-club-decoration-water-cup\/","title":{"rendered":"Benutzerdefinierte Acryl Tablett Wohnzimmer Club Dekoration Wasser Cup"},"content":{"rendered":"<h3 id=\"-the-significance-of-modern-clearness-the-versatile-polymer-tray-\"><strong>Die Bedeutung der modernen Klarheit: Das vielseitige Polymer-Tablett<\/strong><\/h3>\n<p>Auf der Suche nach innovativem Wohnen sind die St\u00fccke am wirkungsvollsten, die nicht schreien, sondern murmeln. Wir bieten den perfekten Aspekt des modernen Stils: das Clear Polymer Tray. Es ist nicht einfach nur ein Ger\u00e4t, sondern ein funktionelles Stilmittel, eine funktionelle Skulptur, die Ordnung, Licht und einen Hauch von High-End in jeden Raum bringt. Von der gepflegten Ruhe eines Wohnzimmers bis hin zur vibrierenden Kraft eines High-End-Clubs - dieses Tablett ist ein Beweis f\u00fcr die klassische Kraft des minimalistischen Designs.<\/p>\n<p><img fetchpriority=\"high\" decoding=\"async\" class=\"size-full wp-image-1152 aligncenter\" src=\"https:\/\/customacrylicproduct.com\/wp-content\/uploads\/2025\/07\/acrylic-tray-4.jpg\" alt=\"Acrylglasschale\" width=\"800\" height=\"800\" srcset=\"https:\/\/customacrylicproduct.com\/wp-content\/uploads\/2025\/07\/acrylic-tray-4.jpg 800w, https:\/\/customacrylicproduct.com\/wp-content\/uploads\/2025\/07\/acrylic-tray-4-300x300.jpg 300w, https:\/\/customacrylicproduct.com\/wp-content\/uploads\/2025\/07\/acrylic-tray-4-150x150.jpg 150w, https:\/\/customacrylicproduct.com\/wp-content\/uploads\/2025\/07\/acrylic-tray-4-768x768.jpg 768w, https:\/\/customacrylicproduct.com\/wp-content\/uploads\/2025\/07\/acrylic-tray-4-600x600.jpg 600w, https:\/\/customacrylicproduct.com\/wp-content\/uploads\/2025\/07\/acrylic-tray-4-100x100.jpg 100w\" sizes=\"(max-width: 800px) 100vw, 800px\" \/><\/p>\n<p><strong>Eine Studie in makelloser Form und Funktion<\/strong><\/p>\n<p>Auf den ersten Blick besticht es durch seine Schlichtheit. Das Tablett hat eine aufger\u00e4umte, rechteckige Silhouette mit hochgezogenen Seiten, die einen wohl\u00fcberlegten Raum schaffen. Bei n\u00e4herer Betrachtung, wie sie in den umfassenden Abbildungen zu sehen ist, zeigt sich jedoch die Hingabe an eine hervorragende Verarbeitung.<\/p>\n<ul>\n<li><strong>Unverf\u00e4lschtes Material:\u00a0<\/strong>Dieses Tablett aus teurem, hochdichtem Acryl hat eine fantastische, glas\u00e4hnliche Klarheit, ohne die Zerbrechlichkeit und das Gewicht von Glas. Seine bemerkenswerten lichtdurchl\u00e4ssigen Eigenschaften lassen es fast verschwinden und erzeugen einen \u00e4therischen \u201cschwebenden\u201d Effekt f\u00fcr die Dinge, die es enth\u00e4lt. Diese Transparenz garantiert, dass es niemals mit Ihrem Stil kollidiert, sondern ihn vielmehr unterstreicht, indem es das Erscheinungsbild Ihres h\u00f6lzernen Couchtisches, den \u00fcppigen Farbton Ihrer Ottomane oder die Eleganz Ihrer Marmorarbeitsplatte durchscheinen l\u00e4sst.<\/li>\n<li><strong>Nachdenkliche Stil-Fakten:\u00a0<\/strong>Die F\u00e4higkeit ist in seine Art eingewoben. Die Griffe sind keine nachtr\u00e4glichen \u00dcberlegungen, sie sind nahtlos in die Seiten integriert und pr\u00e4zise geschnitten. Ihre glatten, abgerundeten Seiten bieten einen bequemen und gesch\u00fctzten Halt und machen den Transport einfach und stilvoll. Die Kanten sind so geschickt verklebt, dass sie praktisch nicht wahrnehmbar sind, was zu einem einzigen, nat\u00fcrlichen System f\u00fchrt, das sowohl au\u00dfergew\u00f6hnlich stabil als auch sehr leicht zu reinigen ist, ohne dass sich Staub oder versch\u00fcttete Fl\u00fcssigkeiten ansammeln k\u00f6nnen. Als letzter Punkt einer durchdachten Konstruktion sind sehr diskrete, rutschfeste Silikonf\u00fc\u00dfe auf dem Sockel angebracht. Diese kleinen Puffer verhindern ein Verrutschen auf glatten Oberfl\u00e4chen und sch\u00fctzen sowohl das Tablett als auch Ihre M\u00f6bel von Anfang an.<\/li>\n<\/ul>\n<p><strong>Eine Leinwand f\u00fcr Ihr Leben: Un\u00fcbertroffener Komfort<\/strong><\/p>\n<p>Die wahre Brillanz dieses Acryltabletts liegt in seiner unendlichen Anpassungsf\u00e4higkeit. Seine klare \u00c4sthetik und Langlebigkeit machen es zum perfekten Mittel f\u00fcr eine beeindruckende Reihe von Anwendungen, die m\u00fchelos zwischen Aufgaben und R\u00e4umen \u00fcbergehen.<\/p>\n<p><img decoding=\"async\" class=\"size-full wp-image-1151 aligncenter\" src=\"https:\/\/customacrylicproduct.com\/wp-content\/uploads\/2025\/07\/acrylic-tray-3.jpg\" alt=\"Acrylglasschale\" width=\"800\" height=\"800\" srcset=\"https:\/\/customacrylicproduct.com\/wp-content\/uploads\/2025\/07\/acrylic-tray-3.jpg 800w, https:\/\/customacrylicproduct.com\/wp-content\/uploads\/2025\/07\/acrylic-tray-3-300x300.jpg 300w, https:\/\/customacrylicproduct.com\/wp-content\/uploads\/2025\/07\/acrylic-tray-3-150x150.jpg 150w, https:\/\/customacrylicproduct.com\/wp-content\/uploads\/2025\/07\/acrylic-tray-3-768x768.jpg 768w, https:\/\/customacrylicproduct.com\/wp-content\/uploads\/2025\/07\/acrylic-tray-3-600x600.jpg 600w, https:\/\/customacrylicproduct.com\/wp-content\/uploads\/2025\/07\/acrylic-tray-3-100x100.jpg 100w\" sizes=\"(max-width: 800px) 100vw, 800px\" \/><\/p>\n<p><strong>F\u00fcr das Erziehungsheim:\u00a0<\/strong>.<\/p>\n<ul>\n<li><strong>Herzst\u00fcck des Wohnbereichs:\u00a0<\/strong>Verwandeln Sie Ihren Couchtisch oder Ihre Fu\u00dfst\u00fctze in eine stilvolle Auslage. Nutzen Sie ihn, um Ihr Zuhause zu verankern, indem Sie Druckkn\u00f6pfe, Achterbahnen, eine Lieblingskerze und einen kleinen Blumenhalter elegant einschlie\u00dfen. Es bringt sofortige Gesellschaft und ein raffiniertes, magazinw\u00fcrdiges Aussehen.<\/li>\n<li><strong>Artist's Necessary:\u00a0<\/strong>Als Serviertablett ist es un\u00fcbertroffen. Pr\u00e4sentieren Sie Ihren G\u00e4sten alkoholische Getr\u00e4nke, einen Beh\u00e4lter mit Wei\u00dfwein und Gl\u00e4sern oder eine Reihe von Appetith\u00e4ppchen mit Anmut und Design. Seine erh\u00f6hten R\u00e4nder verhindern, dass etwas versch\u00fcttet wird, und sein geringes Gewicht macht das Servieren zu einem Kinderspiel. Verwenden Sie ihn auf einem Barwagen, um Ihre besten Spirituosen und Gl\u00e4ser zu arrangieren, so dass die reichen Farbt\u00f6ne der Fl\u00fcssigkeiten durchscheinen.<\/li>\n<li><strong>Shelter Organisator:\u00a0<\/strong>Bringen Sie Spa-\u00e4hnliche Gelassenheit in Ihren Duschraum oder Ihren Waschtisch. Organisieren Sie Parf\u00fcm, Hautpflege, Make-up oder Pflegeprodukte auf der makellosen Oberfl\u00e4che. Das wasserabweisende Acryl sch\u00fctzt Ihre Arbeitsfl\u00e4chen und schafft gleichzeitig einen eleganten, organisierten Bildschirm f\u00fcr Ihre t\u00e4glichen Rituale.<\/li>\n<li><strong>Die moderne Ablage f\u00fcr den Schreibtisch:\u00a0<\/strong>Beseitigen Sie das Chaos in Ihrem Heimb\u00fcro. Organisieren Sie Notizbl\u00f6cke, Stifte und andere wichtige Dinge, um ein sauberes, konzentriertes B\u00fcro zu schaffen, das die Produktivit\u00e4t und die Qualit\u00e4t der Gedanken f\u00f6rdert.<\/li>\n<\/ul>\n<p><strong>F\u00fcr Spezial- und Industrier\u00e4ume:<\/strong><\/p>\n<ul>\n<li><strong>Clubs und Lounges:\u00a0<\/strong>Dieses Tablett ist die Verk\u00f6rperung einer anspruchsvollen L\u00f6sung. Es ist die beste Plattform f\u00fcr VIP-Flaschenl\u00f6sungen und pr\u00e4sentiert Premium-Spirituosen und Glaswaren mit einem Hauch von Exklusivit\u00e4t. F\u00fcr Barkeeper ist es optimal, um eine Runde von Craft Water Bechern oder Cocktails bereitzustellen und dabei eine elegante und professionelle \u00c4sthetik zu bewahren.<\/li>\n<li><strong>Luxushotels:\u00a0<\/strong>Steigern Sie das Erlebnis im Zimmer, indem Sie das Tablett f\u00fcr die Pr\u00e4sentation von Willkommensangeboten, f\u00fcr den Versand von Rauml\u00f6sungen oder f\u00fcr die Bereitstellung von hochwertigen Toilettenartikeln im Duschraum verwenden. Es verbindet den Anspruch an h\u00f6chste Qualit\u00e4t und Interesse mit Informationen.<\/li>\n<li><strong>Einzelhandel und Ausstellungsr\u00e4ume:\u00a0<\/strong>In einem Gesch\u00e4ft oder einer Galerie wird das Tablett zu einem minimalistischen Aufsteller. Es kann feinen Modeschmuck, luxuri\u00f6se Kosmetika oder andere wertvolle Gegenst\u00e4nde hervorheben, ohne vom eigentlichen Produkt abzulenken, so dass das Produkt der Star der Show ist.<\/li>\n<\/ul>\n<p><img decoding=\"async\" class=\"size-full wp-image-1150 aligncenter\" src=\"https:\/\/customacrylicproduct.com\/wp-content\/uploads\/2025\/07\/acrylic-tray-2.jpg\" alt=\"Acrylglasschale\" width=\"800\" height=\"800\" srcset=\"https:\/\/customacrylicproduct.com\/wp-content\/uploads\/2025\/07\/acrylic-tray-2.jpg 800w, https:\/\/customacrylicproduct.com\/wp-content\/uploads\/2025\/07\/acrylic-tray-2-300x300.jpg 300w, https:\/\/customacrylicproduct.com\/wp-content\/uploads\/2025\/07\/acrylic-tray-2-150x150.jpg 150w, https:\/\/customacrylicproduct.com\/wp-content\/uploads\/2025\/07\/acrylic-tray-2-768x768.jpg 768w, https:\/\/customacrylicproduct.com\/wp-content\/uploads\/2025\/07\/acrylic-tray-2-600x600.jpg 600w, https:\/\/customacrylicproduct.com\/wp-content\/uploads\/2025\/07\/acrylic-tray-2-100x100.jpg 100w\" sizes=\"(max-width: 800px) 100vw, 800px\" \/><\/p>\n<p><strong>Die Alternative f\u00fcr einen individuellen Touch<\/strong><\/p>\n<p>Um den besonderen Anforderungen Ihres Hauses oder Ihrer Marke gerecht zu werden, kann dieses Tablett ma\u00dfgeschneidert werden. Ganz gleich, ob Sie ma\u00dfgeschneiderte Ma\u00dfe f\u00fcr ein bestimmtes M\u00f6belst\u00fcck ben\u00f6tigen oder ein dezentes, lasergraviertes Logo oder Monogramm f\u00fcr ein Unternehmen oder eine pers\u00f6nliche Note hinzuf\u00fcgen m\u00f6chten, wir k\u00f6nnen ein St\u00fcck entwickeln, das eindeutig Ihr eigenes ist.<\/p>\n<p><strong>Langfristige Sch\u00f6nheit und einfache Behandlung<\/strong><\/p>\n<p>Die strahlende Klarheit des Tabletts zu erhalten, ist ganz einfach. Eine sanfte Reinigung mit einem weichen, nicht scheuernden Handtuch (z. B. aus Mikrofaser) und etwas milder Seife und Wasser ist alles, was n\u00f6tig ist, um das Tablett sch\u00f6n zu halten. Vermeiden Sie scharfe chemische Reinigungsmittel und unangenehme Produkte, damit die leuchtende Oberfl\u00e4che auch nach Jahren noch strahlt.<\/p>\n<p>Das Clear Polymer Tray ist mehr als ein Objekt - es ist eine Investition in Stil, Ordnung und Raffinesse. Es ist ein stiller, selbstbewusster Gegenstand, der jede Art von Umgebung verbessert, die er schm\u00fcckt, und best\u00e4tigt, dass wahrer Luxus von der besten, geradlinigen und praktischen Gestaltung abh\u00e4ngt. Versch\u00f6nern Sie Ihr Zimmer noch heute.<\/p>","protected":false},"excerpt":{"rendered":"<p class=\"ng-star-inserted\"><span class=\"ng-star-inserted\">Werten Sie Ihren Raum mit diesem atemberaubenden, kristallklaren Acryltablett auf. Sein minimalistisches Design eignet sich perfekt zum Servieren von G\u00e4sten, zum Organisieren Ihres Waschbeckens oder als schicke dekorative Basis in jedem Wohnzimmer oder Club. Die eleganten integrierten Griffe sorgen f\u00fcr m\u00fchelosen Stil und Tragbarkeit.<\/span><\/p>","protected":false},"featured_media":1149,"template":"","meta":{"_kad_post_transparent":"default","_kad_post_title":"","_kad_post_layout":"default","_kad_post_sidebar_id":"","_kad_post_content_style":"default","_kad_post_vertical_padding":"default","_kad_post_feature":"","_kad_post_feature_position":"","_kad_post_header":false,"_kad_post_footer":false,"_kad_post_classname":""},"product_brand":[],"product_cat":[22],"product_tag":[118],"class_list":{"0":"post-1148","1":"product","2":"type-product","3":"status-publish","4":"has-post-thumbnail","6":"product_cat-custom-acrylic-trays","7":"product_tag-custom-acrylic-tray","9":"first","10":"instock","11":"shipping-taxable","12":"product-type-simple","13":"entry","14":"content-bg","15":"loop-entry"},"_links":{"self":[{"href":"https:\/\/customacrylicproduct.com\/de\/wp-json\/wp\/v2\/product\/1148","targetHints":{"allow":["GET"]}}],"collection":[{"href":"https:\/\/customacrylicproduct.com\/de\/wp-json\/wp\/v2\/product"}],"about":[{"href":"https:\/\/customacrylicproduct.com\/de\/wp-json\/wp\/v2\/types\/product"}],"wp:featuredmedia":[{"embeddable":true,"href":"https:\/\/customacrylicproduct.com\/de\/wp-json\/wp\/v2\/media\/1149"}],"wp:attachment":[{"href":"https:\/\/customacrylicproduct.com\/de\/wp-json\/wp\/v2\/media?parent=1148"}],"wp:term":[{"taxonomy":"product_brand","embeddable":true,"href":"https:\/\/customacrylicproduct.com\/de\/wp-json\/wp\/v2\/product_brand?post=1148"},{"taxonomy":"product_cat","embeddable":true,"href":"https:\/\/customacrylicproduct.com\/de\/wp-json\/wp\/v2\/product_cat?post=1148"},{"taxonomy":"product_tag","embeddable":true,"href":"https:\/\/customacrylicproduct.com\/de\/wp-json\/wp\/v2\/product_tag?post=1148"}],"curies":[{"name":"wp","href":"https:\/\/api.w.org\/{rel}","templated":true}]}}