{"id":1154,"date":"2025-07-17T10:35:45","date_gmt":"2025-07-17T10:35:45","guid":{"rendered":"https:\/\/customacrylicproduct.com\/?post_type=product&#038;p=1154"},"modified":"2025-07-18T04:03:57","modified_gmt":"2025-07-18T04:03:57","slug":"acrylic-tray-octagonal-storage-box-with-gold-handle","status":"publish","type":"product","link":"https:\/\/customacrylicproduct.com\/de\/acrylic-tray-octagonal-storage-box-with-gold-handle\/","title":{"rendered":"Achteckige Aufbewahrungsbox mit goldenem Griff und Acryltablett"},"content":{"rendered":"<h3 id=\"raise-the-everyday-the-octagonal-polymer-tray-with-gold-deals-with\">Erh\u00f6hen Sie den Alltag: Das achteckige Polymer-Tablett mit Gold besch\u00e4ftigt sich mit<\/h3>\n<p>In der Kunst, ein Zuhause zu gestalten, liegt die Sch\u00f6nheit in den Details. Sie liegt in der bewussten Auswahl von Objekten, die nicht nur atemberaubend sind, sondern auch ein Gef\u00fchl von Ordnung und Gelassenheit in unser Leben bringen. Wir pr\u00e4sentieren unser achteckiges Acryltablett mit goldenen Griffen - eine wunderbare Verschmelzung von zeitgem\u00e4\u00dfem Design und zeitlosem Nutzen, die jede Oberfl\u00e4che in eine geschmackvolle Pr\u00e4sentationsfl\u00e4che verwandelt. Dieses Tablett ist mehr als nur ein Tablett; es ist ein Statement, ein vielseitiger Organizer und ein wichtiges Hilfsmittel f\u00fcr ein anspruchsvolles Leben.<\/p>\n<p><img fetchpriority=\"high\" decoding=\"async\" class=\"aligncenter wp-image-1158 size-large\" src=\"https:\/\/customacrylicproduct.com\/wp-content\/uploads\/2025\/07\/\u4e3b\u56fe05-1024x1024.jpg\" alt=\"\" width=\"1024\" height=\"1024\" srcset=\"https:\/\/customacrylicproduct.com\/wp-content\/uploads\/2025\/07\/\u4e3b\u56fe05-1024x1024.jpg 1024w, https:\/\/customacrylicproduct.com\/wp-content\/uploads\/2025\/07\/\u4e3b\u56fe05-300x300.jpg 300w, https:\/\/customacrylicproduct.com\/wp-content\/uploads\/2025\/07\/\u4e3b\u56fe05-150x150.jpg 150w, https:\/\/customacrylicproduct.com\/wp-content\/uploads\/2025\/07\/\u4e3b\u56fe05-768x768.jpg 768w, https:\/\/customacrylicproduct.com\/wp-content\/uploads\/2025\/07\/\u4e3b\u56fe05-1536x1536.jpg 1536w, https:\/\/customacrylicproduct.com\/wp-content\/uploads\/2025\/07\/\u4e3b\u56fe05-600x600.jpg 600w, https:\/\/customacrylicproduct.com\/wp-content\/uploads\/2025\/07\/\u4e3b\u56fe05-100x100.jpg 100w, https:\/\/customacrylicproduct.com\/wp-content\/uploads\/2025\/07\/\u4e3b\u56fe05.jpg 1600w\" sizes=\"(max-width: 1024px) 100vw, 1024px\" \/><\/p>\n<p><strong>Ein Layout, das fesselt<\/strong><\/p>\n<p>Der Reiz dieses Tabletts liegt in seiner besonderen achteckigen Form. Diese achteckige Silhouette, die \u00fcber das Traditionelle hinausgeht, ist eine Erforschung der geometrischen Harmonie. Jede Facette f\u00e4ngt das Licht ein und reflektiert es, wodurch ein raffinierter, dynamischer Schimmer entsteht, der die Blicke auf sich zieht. Die Form ist weicher und einladender als ein klares Quadrat, aber auch strukturierter und bewusster als ein einfacher Kreis, wodurch sie sich perfekt in eine Vielzahl von Einrichtungsstilen integrieren l\u00e4sst - von minimalistisch und zeitgen\u00f6ssisch bis zu Art Deco und Glam. Es fungiert als beste visuelle Unterst\u00fctzung, die einen Raum definiert, ohne ihn zu frustrieren.<\/p>\n<p><strong>Die Eleganz der makellosen Klarheit<\/strong><\/p>\n<p>Der Korpus des Tabletts besteht aus einem einzigen St\u00fcck erstklassigen, hochwertigen Acryls, das bis zu einer perfekten, kristallklaren Beschichtung aufgehellt ist. Diese Materialoption nutzt die hervorragende Transparenz von Glas, ohne dessen Zerbrechlichkeit und Gewicht. Das Ergebnis ist ein langlebiges, leichtes Tablett, das sowohl sch\u00f6n als auch n\u00fctzlich ist. Seine \u201ckaum vorhandene\u201d Qualit\u00e4t erlaubt es, die Struktur und den Farbton der darunter liegenden Fl\u00e4che - sei es reiches Holz, erstaunlicher Marmor oder eine Bettw\u00e4sche - durchscheinen zu lassen, so dass eine optische Unordnung vermieden wird. Die Gegenst\u00e4nde, die Sie darin platzieren, scheinen zu schweben, ihre Farben und Typen werden hervorgehoben und verwandeln eine einfache Sammlung von Produkten direkt in eine stilvolle Vignette.<\/p>\n<p><img decoding=\"async\" class=\"aligncenter wp-image-1157 size-large\" src=\"https:\/\/customacrylicproduct.com\/wp-content\/uploads\/2025\/07\/\u4e3b\u56fe04-\u526f\u672c-1024x1024.jpg\" alt=\"\" width=\"1024\" height=\"1024\" srcset=\"https:\/\/customacrylicproduct.com\/wp-content\/uploads\/2025\/07\/\u4e3b\u56fe04-\u526f\u672c-1024x1024.jpg 1024w, https:\/\/customacrylicproduct.com\/wp-content\/uploads\/2025\/07\/\u4e3b\u56fe04-\u526f\u672c-300x300.jpg 300w, https:\/\/customacrylicproduct.com\/wp-content\/uploads\/2025\/07\/\u4e3b\u56fe04-\u526f\u672c-150x150.jpg 150w, https:\/\/customacrylicproduct.com\/wp-content\/uploads\/2025\/07\/\u4e3b\u56fe04-\u526f\u672c-768x768.jpg 768w, https:\/\/customacrylicproduct.com\/wp-content\/uploads\/2025\/07\/\u4e3b\u56fe04-\u526f\u672c-1536x1536.jpg 1536w, https:\/\/customacrylicproduct.com\/wp-content\/uploads\/2025\/07\/\u4e3b\u56fe04-\u526f\u672c-600x600.jpg 600w, https:\/\/customacrylicproduct.com\/wp-content\/uploads\/2025\/07\/\u4e3b\u56fe04-\u526f\u672c-100x100.jpg 100w, https:\/\/customacrylicproduct.com\/wp-content\/uploads\/2025\/07\/\u4e3b\u56fe04-\u526f\u672c.jpg 1920w\" sizes=\"(max-width: 1024px) 100vw, 1024px\" \/><\/p>\n<p><strong>Ein Hauch von fortschrittlicher W\u00e4rme<\/strong><\/p>\n<p>Einen fantastischen Kontrast zur erstaunlichen Klarheit des Acryls bilden die beiden stromlinienf\u00f6rmigen, minimalen Abschl\u00fcsse. Sie sind aus massivem Metall gefertigt und in einem gem\u00fctlichen, gek\u00e4mmten Goldton gehalten, der einen Hauch von Luxus ausstrahlt. Die satinierte Oberfl\u00e4che zeugt von zeitgem\u00e4\u00dfer Raffinesse und vermeidet die Protzigkeit einer Hochglanzpolitur. Sie sind nicht nur dekorativ, sondern auch ergonomisch geformt, so dass sie bequem und sicher in der Hand liegen und vom Morgenkaffee bis zum Abendcocktail alles mitnehmen k\u00f6nnen. Diese exzellente eheliche Verbindung von wunderbarem Acryl und warmem Metall entwickelt ein atemberaubendes \u00e4sthetisches und taktiles Gleichgewicht.<\/p>\n<p><img decoding=\"async\" class=\"aligncenter wp-image-1156 size-large\" src=\"https:\/\/customacrylicproduct.com\/wp-content\/uploads\/2025\/07\/\u4e3b\u56fe03-\u526f\u672c-1024x1024.jpg\" alt=\"\" width=\"1024\" height=\"1024\" srcset=\"https:\/\/customacrylicproduct.com\/wp-content\/uploads\/2025\/07\/\u4e3b\u56fe03-\u526f\u672c-1024x1024.jpg 1024w, https:\/\/customacrylicproduct.com\/wp-content\/uploads\/2025\/07\/\u4e3b\u56fe03-\u526f\u672c-300x300.jpg 300w, https:\/\/customacrylicproduct.com\/wp-content\/uploads\/2025\/07\/\u4e3b\u56fe03-\u526f\u672c-150x150.jpg 150w, https:\/\/customacrylicproduct.com\/wp-content\/uploads\/2025\/07\/\u4e3b\u56fe03-\u526f\u672c-768x768.jpg 768w, https:\/\/customacrylicproduct.com\/wp-content\/uploads\/2025\/07\/\u4e3b\u56fe03-\u526f\u672c-1536x1536.jpg 1536w, https:\/\/customacrylicproduct.com\/wp-content\/uploads\/2025\/07\/\u4e3b\u56fe03-\u526f\u672c-600x600.jpg 600w, https:\/\/customacrylicproduct.com\/wp-content\/uploads\/2025\/07\/\u4e3b\u56fe03-\u526f\u672c-100x100.jpg 100w, https:\/\/customacrylicproduct.com\/wp-content\/uploads\/2025\/07\/\u4e3b\u56fe03-\u526f\u672c.jpg 1920w\" sizes=\"(max-width: 1024px) 100vw, 1024px\" \/><\/p>\n<p><strong>Vielseitigkeit neu definiert: Ein Tablett f\u00fcr jeden Raum<\/strong><\/p>\n<p>Der wahre Glanz dieses achteckigen Tabletts liegt in seinen unbegrenzten M\u00f6glichkeiten. Sein schickes Design und seine Funktionalit\u00e4t machen es zu einem unverzichtbaren Element f\u00fcr jeden einzelnen Raum in Ihrem Zuhause.<\/p>\n<ul>\n<li><strong>F\u00fcr den Wohnbereich:\u00a0<\/strong>R\u00e4umen Sie sofort auf und gestalten Sie Ihren Couchtisch oder Ihre Fu\u00dfbank. Nutzen Sie ihn, um mit Kerzenlicht, einer kleinen Blumenvase und Ihren Lieblingsb\u00fcchern einen raffinierten Blickpunkt zu schaffen. Der Couchtisch ist der ideale Ablageort f\u00fcr Fernbedienungen und sorgt daf\u00fcr, dass Ihr Wohnraum sauber und schick bleibt.<\/li>\n<li><strong>Auf dem Waschtisch oder der Kommode:\u00a0<\/strong>Verwandeln Sie Ihre allt\u00e4gliche Pflege in eine luxuri\u00f6se Routine. Ordnen Sie Ihre Parfums, Ihre Hautpflege, Ihr Make-up und Ihren Schmuck in einem aufsehenerregenden Schaufenster. Die durchsichtigen Seiten erm\u00f6glichen es Ihnen, alles auf einen Blick zu sehen, w\u00e4hrend das Tablett Ihre M\u00f6beloberfl\u00e4chen auf elegante Weise sch\u00fctzt.<\/li>\n<li><strong>Als elegantes Portionsst\u00fcck:\u00a0<\/strong>Beeindrucken Sie Ihre G\u00e4ste, indem Sie Getr\u00e4nke und Vorspeisen auf diesem beeindruckenden Tablett servieren. Die verst\u00e4rkten Seiten halten alles sicher, und die stabilen Griffe machen den Transport von der K\u00fcche zu den G\u00e4sten zu einem Kinderspiel. Ein einfacher Touch, der jede Art von Zusammenkunft aufwertet.<\/li>\n<li><strong>Im Innenministerium:\u00a0<\/strong>Bringen Sie Ordnung und Inspiration in Ihren Arbeitsbereich. Nutzen Sie ihn, um wichtige Arbeitsutensilien wie Stifte, Notizbl\u00f6cke und Ihr Telefon zu ordnen und einen markierten Bereich zu schaffen, der die Unordnung verringert und die Konzentration verbessert.<\/li>\n<li><strong>Am Eingangsbereich:\u00a0<\/strong>Machen Sie einen bemerkenswerten Eindruck. Auf einem Konsolentisch platziert, dient er als schicke Ablage f\u00fcr Schl\u00fcssel, Post und Sonnenbrille und sorgt daf\u00fcr, dass Ihr Eingang gut organisiert und einladend bleibt.<\/li>\n<\/ul>\n<p><strong>Das perfekte Geschenk des Designs<\/strong><\/p>\n<p>Suchen Sie nach einem durchdachten Geschenk f\u00fcr eine Einweihung, eine Hochzeit, einen Geburtstag oder f\u00fcr die Person, die alles hat? Dieses achteckige Acryltablett ist eine ausgezeichnete Wahl. Es ist ein Geschenk mit Charme, Funktion und Organisation - ein zeitloser Gegenstand, den jeder, der ein Auge f\u00fcr Stil hat, zu sch\u00e4tzen wei\u00df.<\/p>\n<p>Dieses Tablett ist sehr pflegeleicht - es muss nur mit einem weichen, feuchten Tuch abgewischt werden - und wurde mit viel Liebe zum Detail entwickelt, um dauerhaft sch\u00f6n zu bleiben.<\/p>\n<p>Entdecken Sie den Artikel, der alles kann. Das achteckige Polymer-Tablett mit Golddekor ist eine Einladung, Ihr Leben mit Stil zu gestalten, sachlich zu arrangieren und den Charme Ihrer t\u00e4glichen Minuten zu erh\u00f6hen.<\/p>","protected":false},"excerpt":{"rendered":"<p class=\"ng-star-inserted\"><strong class=\"ng-star-inserted\"><span class=\"ng-star-inserted\">Option 1:<\/span><\/strong><br class=\"ng-star-inserted\" \/><span class=\"ng-star-inserted\">Elegantes achteckiges Acryltablett mit schicken goldenen Griffen. Ein modernes, vielseitiges St\u00fcck zum Servieren, Ausstellen oder zur stilvollen Organisation der Eitelkeit.<\/span><\/p>\n<p class=\"ng-star-inserted\"><strong class=\"ng-star-inserted\"><span class=\"ng-star-inserted\">Option 2:<\/span><\/strong><br class=\"ng-star-inserted\" \/><span class=\"ng-star-inserted\">Servieren und Organisieren mit Stil! Dieses durchsichtige achteckige Tablett mit goldenen Griffen verleiht jedem Couchtisch oder Schreibtisch einen raffinierten, modernen Touch.<\/span><\/p>\n<p class=\"ng-star-inserted\"><strong class=\"ng-star-inserted\"><span class=\"ng-star-inserted\">Option 3:<\/span><\/strong><br class=\"ng-star-inserted\" \/><span class=\"ng-star-inserted\">Ein atemberaubendes, modernes achteckiges Tablett aus klarem Acryl mit auff\u00e4lligen goldenen Griffen. Perfekt f\u00fcr die Pr\u00e4sentation von Dekoration, das Servieren von Getr\u00e4nken oder das Ordnen von wichtigen Dingen.<\/span><\/p>","protected":false},"featured_media":1158,"template":"","meta":{"_kad_post_transparent":"default","_kad_post_title":"","_kad_post_layout":"default","_kad_post_sidebar_id":"","_kad_post_content_style":"default","_kad_post_vertical_padding":"default","_kad_post_feature":"","_kad_post_feature_position":"","_kad_post_header":false,"_kad_post_footer":false,"_kad_post_classname":""},"product_brand":[],"product_cat":[22],"product_tag":[125],"class_list":{"0":"post-1154","1":"product","2":"type-product","3":"status-publish","4":"has-post-thumbnail","6":"product_cat-custom-acrylic-trays","7":"product_tag-acrylic-tray","9":"first","10":"instock","11":"shipping-taxable","12":"product-type-simple","13":"entry","14":"content-bg","15":"loop-entry"},"_links":{"self":[{"href":"https:\/\/customacrylicproduct.com\/de\/wp-json\/wp\/v2\/product\/1154","targetHints":{"allow":["GET"]}}],"collection":[{"href":"https:\/\/customacrylicproduct.com\/de\/wp-json\/wp\/v2\/product"}],"about":[{"href":"https:\/\/customacrylicproduct.com\/de\/wp-json\/wp\/v2\/types\/product"}],"wp:featuredmedia":[{"embeddable":true,"href":"https:\/\/customacrylicproduct.com\/de\/wp-json\/wp\/v2\/media\/1158"}],"wp:attachment":[{"href":"https:\/\/customacrylicproduct.com\/de\/wp-json\/wp\/v2\/media?parent=1154"}],"wp:term":[{"taxonomy":"product_brand","embeddable":true,"href":"https:\/\/customacrylicproduct.com\/de\/wp-json\/wp\/v2\/product_brand?post=1154"},{"taxonomy":"product_cat","embeddable":true,"href":"https:\/\/customacrylicproduct.com\/de\/wp-json\/wp\/v2\/product_cat?post=1154"},{"taxonomy":"product_tag","embeddable":true,"href":"https:\/\/customacrylicproduct.com\/de\/wp-json\/wp\/v2\/product_tag?post=1154"}],"curies":[{"name":"wp","href":"https:\/\/api.w.org\/{rel}","templated":true}]}}