{"id":1169,"date":"2025-07-17T11:30:47","date_gmt":"2025-07-17T11:30:47","guid":{"rendered":"https:\/\/customacrylicproduct.com\/?post_type=product&#038;p=1169"},"modified":"2025-07-22T07:33:23","modified_gmt":"2025-07-22T07:33:23","slug":"acrylic-transparent-chair-outdoor-event-bamboo-napoleon-chair","status":"publish","type":"product","link":"https:\/\/customacrylicproduct.com\/de\/acrylic-transparent-chair-outdoor-event-bamboo-napoleon-chair\/","title":{"rendered":"Acryl Transparent Stuhl Outdoor Event Bambus Napoleon Stuhl"},"content":{"rendered":"<h3 id=\"the-crystal-napoleon-chair-where-classic-style-meets-modern-radiance\">Der Napoleon-Stuhl aus Kristall: Wo klassischer Stil auf moderne Ausstrahlung trifft<\/h3>\n<p>Denken Sie an einen Anlass, bei dem jede Information Eleganz ausstrahlt. Stellen Sie sich eine sonnen\u00fcberflutete Hofzeremonie, eine attraktive Gala mit Sternenhimmel oder eine schicke Gesch\u00e4ftser\u00f6ffnung vor, bei der die Dekoration sowohl gro\u00dfartig als auch leicht wirkt. Im Mittelpunkt dieser Vision steht eine Sitzm\u00f6belauswahl, die mehr bietet als nur eine Funktion - sie wertet die gesamte Atmosph\u00e4re auf. Wir pr\u00e4sentieren den transparenten \u201cGhost\u201d Napoleon-Stuhl aus Polymer, eine gekonnte Verschmelzung von historischer Erhabenheit und moderner Gestaltungstechnik. Dieser Stuhl ist nicht einfach nur ein Stuhl, er ist ein Statement, ein Gestaltungselement und der Trick, um eine denkw\u00fcrdige Atmosph\u00e4re zu schaffen.<\/p>\n<p><img fetchpriority=\"high\" decoding=\"async\" class=\"aligncenter wp-image-1172 size-full\" src=\"https:\/\/customacrylicproduct.com\/wp-content\/uploads\/2025\/07\/\u4e3b\u56fe05-3.jpg\" alt=\"Acryl Transparenter Stuhl\" width=\"800\" height=\"800\" srcset=\"https:\/\/customacrylicproduct.com\/wp-content\/uploads\/2025\/07\/\u4e3b\u56fe05-3.jpg 800w, https:\/\/customacrylicproduct.com\/wp-content\/uploads\/2025\/07\/\u4e3b\u56fe05-3-300x300.jpg 300w, https:\/\/customacrylicproduct.com\/wp-content\/uploads\/2025\/07\/\u4e3b\u56fe05-3-150x150.jpg 150w, https:\/\/customacrylicproduct.com\/wp-content\/uploads\/2025\/07\/\u4e3b\u56fe05-3-768x768.jpg 768w, https:\/\/customacrylicproduct.com\/wp-content\/uploads\/2025\/07\/\u4e3b\u56fe05-3-600x600.jpg 600w, https:\/\/customacrylicproduct.com\/wp-content\/uploads\/2025\/07\/\u4e3b\u56fe05-3-100x100.jpg 100w\" sizes=\"(max-width: 800px) 100vw, 800px\" \/><\/p>\n<p><strong>Ein neu interpretiertes Erbe: Der napoleonische Geist<\/strong><\/p>\n<p>Der Napoleon-Stuhl hat ein reiches Erbe, das seine Wurzeln in der luxuri\u00f6sen Periode des Franz\u00f6sischen Reiches zu Beginn des 19. Jahrhunderts hat. Der zeitlose Napoleon-Stuhl ist f\u00fcr seine k\u00f6nigliche und doch raffinierte Silhouette bekannt und zeichnet sich durch seine charakteristischen Merkmale aus: eine sorgf\u00e4ltig geschwungene oder gewellte F\u00fchrungsschiene, edle aufrechte Stifte oder Latten, die die R\u00fcckenlehne entwickeln, und sch\u00f6n gedrechselte Beine. Unser Polymer-Napoleon-Stuhl ist eine treue Hommage an dieses klassische Design.<\/p>\n<p>Wir haben die legend\u00e4re Form, die seit Jahrhunderten Empfangss\u00e4le und Herrenh\u00e4user versch\u00f6nert, sorgf\u00e4ltig bewahrt. Die subtil geschwungene Kammschiene erzeugt ein weiches, einladendes Profil, w\u00e4hrend die schlanken, gleichm\u00e4\u00dfig verteilten Stifte sowohl optischen Charme als auch ergonomische Unterst\u00fctzung f\u00fcr den R\u00fccken bieten. Die Beine und St\u00fctzsprossen sind mit zarten, bambusartigen Drechselarbeiten versehen - eine Anspielung auf die im europ\u00e4ischen Design bevorzugte Chinoiserie -, die Struktur, Detailreichtum und ein Gef\u00fchl von handwerklicher Kunstfertigkeit vermitteln. Indem er diese historische Essenz aufgreift, bringt der Stuhl einen Hauch von klassischer, kontinentaler Anziehungskraft in jede Art von Umgebung.<img decoding=\"async\" class=\"aligncenter wp-image-1170 size-full\" src=\"https:\/\/customacrylicproduct.com\/wp-content\/uploads\/2025\/07\/\u4e3b\u56fe03-1.jpg\" alt=\"Acryl Transparenter Stuhl\" width=\"800\" height=\"800\" srcset=\"https:\/\/customacrylicproduct.com\/wp-content\/uploads\/2025\/07\/\u4e3b\u56fe03-1.jpg 800w, https:\/\/customacrylicproduct.com\/wp-content\/uploads\/2025\/07\/\u4e3b\u56fe03-1-300x300.jpg 300w, https:\/\/customacrylicproduct.com\/wp-content\/uploads\/2025\/07\/\u4e3b\u56fe03-1-150x150.jpg 150w, https:\/\/customacrylicproduct.com\/wp-content\/uploads\/2025\/07\/\u4e3b\u56fe03-1-768x768.jpg 768w, https:\/\/customacrylicproduct.com\/wp-content\/uploads\/2025\/07\/\u4e3b\u56fe03-1-600x600.jpg 600w, https:\/\/customacrylicproduct.com\/wp-content\/uploads\/2025\/07\/\u4e3b\u56fe03-1-100x100.jpg 100w\" sizes=\"(max-width: 800px) 100vw, 800px\" \/><\/p>\n<p><strong>Die Transformation der Offenheit: Die Magie des Polymers<\/strong><\/p>\n<p>W\u00e4hrend seine Form zeitlos ist, ist sein Produkt innovativ. Der Stuhl wird aus einem einzigen St\u00fcck hochmodernen, spritzgegossenen Polycarbonats (Acryl) gefertigt. Dieses ausgekl\u00fcgelte Herstellungsverfahren sorgt f\u00fcr eine makellose, nahtlose Konstruktion ohne Fugen, Schrauben oder Kraftlosigkeit, was zu einer bemerkenswerten St\u00e4rke und Z\u00e4higkeit f\u00fchrt.<\/p>\n<p>Die wahre Magie liegt jedoch in seiner unglaublichen Offenheit. H\u00e4ufig als \u201cGeister\u201d- oder \u201cKristall\u201d-Stuhl beschrieben, erzeugt seine fl\u00fcssigkeitsartige Klarheit eine sensationelle \u00e4sthetische Wirkung. Im Folgenden erfahren Sie, wie diese einzigartige Wohn- oder Gewerbeimmobilie Ihren Raum ver\u00e4ndert:.<\/p>\n<ul>\n<li><strong>Entwickelt einen Eindruck vom Gebiet:\u00a0<\/strong>In kleineren R\u00e4umen oder an Orten mit vielen Sitzgelegenheiten k\u00f6nnen Standardst\u00fchle einen Raum \u00fcberf\u00fcllt und schwerf\u00e4llig wirken lassen. Der Crystal Napoleon Chair bewirkt das Gegenteil. Seine klare Beschaffenheit l\u00e4sst das Licht durch ihn hindurch, wodurch ein offenes, bel\u00fcftetes und minimalistisches Erscheinungsbild entsteht. Er l\u00e4sst jeden Raum gr\u00f6\u00dfer, heller und einladender erscheinen.<\/li>\n<li><strong>Eine perfekte Leinwand f\u00fcr Ihr Dekor:\u00a0<\/strong>Dieser Stuhl nimmt Ihr Einrichtungsthema nicht auf, sondern unterstreicht es. Die klare Struktur erm\u00f6glicht es, dass Ihre Tischw\u00e4sche, Ihre Blumenmuster und Ihre Beleuchtung im Mittelpunkt stehen. Er f\u00fcgt sich nahtlos in jede Art von Farbschema ein, von sanften Pastellt\u00f6nen und raffinierten Cremefarben bis hin zu kr\u00e4ftigen, signifikanten Farben. Es ist ein wahres Cham\u00e4leon, das sich perfekt an rustikale, moderne, klassische oder b\u00f6hmische \u00c4sthetik anpasst.<\/li>\n<li><strong>Interagiert perfekt mit Licht:\u00a0<\/strong>Tags\u00fcber f\u00e4ngt der Stuhl das nat\u00fcrliche Sonnenlicht ein und bricht es so, dass er schimmert und gl\u00e4nzt. In der Nacht wird er zur Leinwand f\u00fcr die Beleuchtung Ihrer Veranstaltung. Uplights, Lichterketten oder farbige LEDs werden durch die St\u00fchle wandern und sie zur Geltung bringen. So entsteht ein spektakul\u00e4res, himmlisches Strahlen, das Ihrer Veranstaltung einen Hauch von Zauber verleiht.<\/li>\n<\/ul>\n<p><img decoding=\"async\" class=\"aligncenter wp-image-1173 size-full\" src=\"https:\/\/customacrylicproduct.com\/wp-content\/uploads\/2025\/07\/\u4e3b\u56fe06-1.jpg\" alt=\"Acryl Transparenter Stuhl\" width=\"800\" height=\"800\" srcset=\"https:\/\/customacrylicproduct.com\/wp-content\/uploads\/2025\/07\/\u4e3b\u56fe06-1.jpg 800w, https:\/\/customacrylicproduct.com\/wp-content\/uploads\/2025\/07\/\u4e3b\u56fe06-1-300x300.jpg 300w, https:\/\/customacrylicproduct.com\/wp-content\/uploads\/2025\/07\/\u4e3b\u56fe06-1-150x150.jpg 150w, https:\/\/customacrylicproduct.com\/wp-content\/uploads\/2025\/07\/\u4e3b\u56fe06-1-768x768.jpg 768w, https:\/\/customacrylicproduct.com\/wp-content\/uploads\/2025\/07\/\u4e3b\u56fe06-1-600x600.jpg 600w, https:\/\/customacrylicproduct.com\/wp-content\/uploads\/2025\/07\/\u4e3b\u56fe06-1-100x100.jpg 100w\" sizes=\"(max-width: 800px) 100vw, 800px\" \/><\/p>\n<p><strong>Entwickelt f\u00fcr die Party: Robustheit erf\u00fcllt Zweckm\u00e4\u00dfigkeit<\/strong><\/p>\n<p>Ein Stuhl f\u00fcr Anl\u00e4sse sollte mehr als nur sch\u00f6n sein; er muss ein Arbeitstier sein. Der Acrylic Napoleon Chair wurde entwickelt, um die umfangreichen Anforderungen der Veranstaltungsbranche und die Annahmen anspruchsvoller Hausbesitzer zu erf\u00fcllen.<\/p>\n<ul>\n<li><strong>Unerreichte Z\u00e4higkeit:\u00a0<\/strong>Trotz seines zerbrechlichen, glas\u00e4hnlichen Aussehens ist dieser Stuhl au\u00dfergew\u00f6hnlich langlebig. Er besteht aus sto\u00dffestem Polycarbonat und ist so konstruiert, dass er den rauen Bedingungen des h\u00e4ufigen Gebrauchs standh\u00e4lt und ein hohes Gewicht tr\u00e4gt, ohne sich zu biegen oder zu brechen.<\/li>\n<li><strong>Klima und UV-Immunit\u00e4t:\u00a0<\/strong>Das Material ist sowohl f\u00fcr den Innen- als auch f\u00fcr den Au\u00dfenbereich geeignet, denn es ist wasserfest und witterungsbest\u00e4ndig. Zus\u00e4tzlich ist es mit einem UV-Stabilisator behandelt, der garantiert, dass es nicht vergilbt oder schwach wird, wenn es dem Sonnenlicht ausgesetzt ist, und seine kristallklare Farbe f\u00fcr mehrere Jahre beibeh\u00e4lt.<\/li>\n<li><strong>Einfache und leichte Instandhaltung:\u00a0<\/strong>Spritzer, Fingerabdr\u00fccke und Schmutz lassen sich bequem mit einem weichen Tuch entfernen, sodass die Reinigung nach einer Veranstaltung schnell und einfach vonstatten geht. Die porenfreie Oberfl\u00e4che h\u00e4lt Flecken stand, so dass die St\u00fchle auch nach der Veranstaltung noch makellos aussehen.<\/li>\n<li><strong>Leicht und stapelbar:\u00a0<\/strong>F\u00fcr Veranstaltungsorganisatoren und Vermieter ist die Logistik entscheidend. Diese St\u00fchle sind bemerkenswert leicht und lassen sich einfach transportieren, konfigurieren und neu anordnen. Sie sind au\u00dferdem so konzipiert, dass sie effizient gestapelt werden k\u00f6nnen und somit weniger Lagerplatz ben\u00f6tigen.<\/li>\n<\/ul>\n<p><strong>Die Bequemlichkeit in Person: Vom \u201cIch will\u201d zum eleganten Unternehmen<\/strong><\/p>\n<p>Der universelle Charme des Crystal Napoleon Chair macht ihn zur idealen Wahl f\u00fcr eine erstaunlich breite Palette von Anl\u00e4ssen:.<\/p>\n<ul>\n<li><strong>Hochzeiten und Empf\u00e4nge:\u00a0<\/strong>Ob am Gang bei der Zeremonie oder um die perfekt gedeckten Tische bei der Feier, dieser Stuhl verleiht einen Hauch von M\u00e4rchenromantik und moderner Klasse.<\/li>\n<li><strong>Gala-Dinner und Bankette:\u00a0<\/strong>Unterst\u00fctzen Sie eine formelle Veranstaltung mit einer Bestuhlung, die Luxus und Klasse ausstrahlt. Die Offenheit der St\u00fchle verhindert \u00e4sthetische Unordnung und erm\u00f6glicht ungest\u00f6rte Blicke in den Raum.<\/li>\n<li><strong>Firmenveranstaltungen und Konferenzen:\u00a0<\/strong>Zeigen Sie ein zukunftsorientiertes, trendiges und kompetentes Image. Diese St\u00fchle eignen sich am besten f\u00fcr Preisverleihungen, Produkteinf\u00fchrungen und hochwertige Workshops.<\/li>\n<li><strong>Pers\u00f6nliche Feiern und Partys:\u00a0<\/strong>Von runden Geburtstagen bis hin zu raffinierten Gartenpartys und Brautschauen wertet dieser Stuhl das Aussehen und die Atmosph\u00e4re jeder Party auf.<\/li>\n<li><strong>Zu Hause:\u00a0<\/strong>Bei anderen Anl\u00e4ssen dient er als umwerfender Esszimmerstuhl, als eleganter Akzentstuhl im Wohnzimmer oder als glamour\u00f6ser Frisierstuhl im Schlafzimmer oder begehbaren Kleiderschrank.<\/li>\n<\/ul>\n<p><strong>Ma\u00dfgeschneiderter Komfort<\/strong><\/p>\n<p>Auch wenn der Stuhl an sich schon spektakul\u00e4r ist, l\u00e4sst er sich doch ganz einfach versch\u00f6nern. F\u00fcgen Sie eines unserer ma\u00dfgeschneiderten Sitzkissen hinzu, die in einer Reihe von Farben wie traditionellem Wei\u00df, Elfenbein oder Schwarz angeboten werden, um den Besuchern bei l\u00e4ngeren Anl\u00e4ssen zus\u00e4tzlichen Komfort zu bieten und sich direkt in Ihr bestimmtes Farbschema einzuf\u00fcgen. Die stilvolle R\u00fcckenlehne eignet sich au\u00dferdem hervorragend als Accessoire f\u00fcr Blumenaufsteller, Sch\u00e4rpen oder personalisierte Schilder.<\/p>\n<p>Der acryltransparente Napoleon-Stuhl ist mehr als nur ein Ruheplatz. Er ist ein Gestaltungsmittel, mit dem Sie spektakul\u00e4re R\u00e4ume schaffen k\u00f6nnen. Er verk\u00f6rpert das beste Paradoxon: Er ist eine substanzielle Pr\u00e4senz, die ein Gef\u00fchl der Schwerelosigkeit erzeugt; ein historisches Design, das sich absolut neu anf\u00fchlt; ein robustes Arbeitstier, das wie ein zerbrechliches Kunstwerk wirkt. Entscheiden Sie sich f\u00fcr den Crystal Napoleon Chair und lassen Sie seine zeitlose Eleganz und seinen zeitgen\u00f6ssischen Glanz die Grundlage f\u00fcr Ihre bemerkenswertesten Momente sein.<\/p>","protected":false},"excerpt":{"rendered":"<p class=\"ng-star-inserted\"><strong class=\"ng-star-inserted\"><span class=\"ng-star-inserted\">Option 1 (Elegant und aussagekr\u00e4ftig):<\/span><\/strong><br class=\"ng-star-inserted\" \/><span class=\"ng-star-inserted\">Heben Sie Ihre Veranstaltung mit unserem atemberaubenden Napoleon-Stuhl aus Acryl hervor. Sein kristallklares \u201cGhost\u201d-Design und sein klassisches Bambusgestell bieten zeitlose Eleganz. Langlebig und schick, ist er perfekt f\u00fcr anspruchsvolle Hochzeiten, Bankette und Partys im Freien.<\/span><\/p>\n<p class=\"ng-star-inserted\"><strong class=\"ng-star-inserted\"><span class=\"ng-star-inserted\">Option 2 (direkt und informativ):<\/span><\/strong><br class=\"ng-star-inserted\" \/><span class=\"ng-star-inserted\">Ein moderner Klassiker f\u00fcr jede Veranstaltung. Unser transparenter Napoleon-Stuhl aus Acryl zeichnet sich durch elegante Details im Bambus-Stil aus. Dieser langlebige Stuhl ist perfekt, um Hochzeiten, Galas und Veranstaltungen im Innen- und Au\u00dfenbereich einen Hauch von Raffinesse zu verleihen.<\/span><\/p>\n<p class=\"ng-star-inserted\"><strong class=\"ng-star-inserted\"><span class=\"ng-star-inserted\">Option 3 (kurz und pr\u00e4gnant):<\/span><\/strong><br class=\"ng-star-inserted\" \/><span class=\"ng-star-inserted\">Moderne Eleganz trifft auf zeitloses Design. Unser transparenter Napoleon-Stuhl aus Acryl mit Details im Bambus-Stil bietet einen atemberaubenden Look f\u00fcr jeden Anlass. Ideal f\u00fcr schicke Hochzeiten und Veranstaltungen, drinnen oder drau\u00dfen. Stark, stilvoll und unvergesslich.<\/span><\/p>","protected":false},"featured_media":1172,"template":"","meta":{"_kad_post_transparent":"default","_kad_post_title":"","_kad_post_layout":"default","_kad_post_sidebar_id":"","_kad_post_content_style":"default","_kad_post_vertical_padding":"default","_kad_post_feature":"","_kad_post_feature_position":"","_kad_post_header":false,"_kad_post_footer":false,"_kad_post_classname":""},"product_brand":[],"product_cat":[21],"product_tag":[122],"class_list":{"0":"post-1169","1":"product","2":"type-product","3":"status-publish","4":"has-post-thumbnail","6":"product_cat-custom-acrylic-furnitures","7":"product_tag-acrylic-transparent-chair","9":"first","10":"instock","11":"shipping-taxable","12":"product-type-simple","13":"entry","14":"content-bg","15":"loop-entry"},"_links":{"self":[{"href":"https:\/\/customacrylicproduct.com\/de\/wp-json\/wp\/v2\/product\/1169","targetHints":{"allow":["GET"]}}],"collection":[{"href":"https:\/\/customacrylicproduct.com\/de\/wp-json\/wp\/v2\/product"}],"about":[{"href":"https:\/\/customacrylicproduct.com\/de\/wp-json\/wp\/v2\/types\/product"}],"wp:featuredmedia":[{"embeddable":true,"href":"https:\/\/customacrylicproduct.com\/de\/wp-json\/wp\/v2\/media\/1172"}],"wp:attachment":[{"href":"https:\/\/customacrylicproduct.com\/de\/wp-json\/wp\/v2\/media?parent=1169"}],"wp:term":[{"taxonomy":"product_brand","embeddable":true,"href":"https:\/\/customacrylicproduct.com\/de\/wp-json\/wp\/v2\/product_brand?post=1169"},{"taxonomy":"product_cat","embeddable":true,"href":"https:\/\/customacrylicproduct.com\/de\/wp-json\/wp\/v2\/product_cat?post=1169"},{"taxonomy":"product_tag","embeddable":true,"href":"https:\/\/customacrylicproduct.com\/de\/wp-json\/wp\/v2\/product_tag?post=1169"}],"curies":[{"name":"wp","href":"https:\/\/api.w.org\/{rel}","templated":true}]}}