{"id":1175,"date":"2025-07-17T12:17:59","date_gmt":"2025-07-17T12:17:59","guid":{"rendered":"https:\/\/customacrylicproduct.com\/?post_type=product&#038;p=1175"},"modified":"2025-07-22T07:34:19","modified_gmt":"2025-07-22T07:34:19","slug":"acrylic-medal-cup-trophy-commemorative-trophy-customization","status":"publish","type":"product","link":"https:\/\/customacrylicproduct.com\/de\/acrylic-medal-cup-trophy-commemorative-trophy-customization\/","title":{"rendered":"Acryl Medaille Tasse Troph\u00e4e Gedenktroph\u00e4e Anpassung"},"content":{"rendered":"<h3 id=\"-celebrate-quality-with-our-bespoke-custom-polymer-trophies-honors-\"><strong>Feiern Sie Qualit\u00e4t mit unseren ma\u00dfgeschneiderten Troph\u00e4en und Ehrungen aus Polymer\u00a0<\/strong>.<\/h3>\n<p>In einer Welt der kurzlebigen Momente und der elektronischen Auszeichnungen ist die Kraft eines konkreten Zeichens der Anerkennung nach wie vor unvergleichlich. Eine Auszeichnung ist mehr als nur ein Gegenstand; sie ist eine Geschichte, ein Zeugnis des Engagements, eine Markierung eines bedeutenden Wendepunkts. Wir laden Sie ein, \u00fcber den Durchschnitt hinauszugehen und die moderne Sch\u00f6nheit und das unbegrenzte Potenzial unserer personalisierten Polymer-Troph\u00e4en zu genie\u00dfen. Unsere Troph\u00e4en werden hergestellt, um den einzigartigen Geist jeder Leistung festzuhalten, und verwandeln die Anerkennung in ein zeitloses Kunstwerk.<\/p>\n<p>Ganz gleich, ob Sie einen herausragenden Mitarbeiter auszeichnen, eine Meisterschaftsmannschaft feiern oder sich bei einem gesch\u00e4tzten Berater bedanken m\u00f6chten, unsere individuell gefertigten Acrylprodukte sind ein innovatives, langlebiges und sehr pers\u00f6nliches Mittel, um zu sagen: \u201cIhr Beitrag ist wichtig\u201d.<\/p>\n<p><img fetchpriority=\"high\" decoding=\"async\" class=\"aligncenter wp-image-1179 size-full\" src=\"https:\/\/customacrylicproduct.com\/wp-content\/uploads\/2025\/07\/\u4e3b\u56fe05-4.jpg\" alt=\"Acryl-Medaillenbecher\" width=\"800\" height=\"800\" srcset=\"https:\/\/customacrylicproduct.com\/wp-content\/uploads\/2025\/07\/\u4e3b\u56fe05-4.jpg 800w, https:\/\/customacrylicproduct.com\/wp-content\/uploads\/2025\/07\/\u4e3b\u56fe05-4-300x300.jpg 300w, https:\/\/customacrylicproduct.com\/wp-content\/uploads\/2025\/07\/\u4e3b\u56fe05-4-150x150.jpg 150w, https:\/\/customacrylicproduct.com\/wp-content\/uploads\/2025\/07\/\u4e3b\u56fe05-4-768x768.jpg 768w, https:\/\/customacrylicproduct.com\/wp-content\/uploads\/2025\/07\/\u4e3b\u56fe05-4-600x600.jpg 600w, https:\/\/customacrylicproduct.com\/wp-content\/uploads\/2025\/07\/\u4e3b\u56fe05-4-100x100.jpg 100w\" sizes=\"(max-width: 800px) 100vw, 800px\" \/><\/p>\n<h4 id=\"-why-acrylic-the-clear-selection-for-modern-acknowledgment-\"><strong>Warum Acryl? Die klare Wahl f\u00fcr moderne Anerkennung\u00a0<\/strong>.<\/h4>\n<p>Jahrelang waren die Standardpreise auf Stahl und Glas beschr\u00e4nkt. Heute hat sich hochwertiges Acryl als das \u00fcberlegene Material f\u00fcr moderne Auszeichnungen durchgesetzt, das das Beste aus allen Welten in sich vereint.<\/p>\n<ul>\n<li><strong>Unverf\u00e4lschte Qualit\u00e4t und visuelle Strahlkraft:\u00a0<\/strong>Unser Acryl zeichnet sich durch eine kristallklare Qualit\u00e4t aus, die einem der teuersten optischen Gl\u00e4ser entspricht. Es f\u00e4ngt das Licht auf wunderbare Weise ein und bricht es, was jeder Auszeichnung einen strahlenden Glanz und ein Gef\u00fchl der Erhabenheit verleiht. Im Gegensatz zu Glas hat es keine gr\u00fcnliche F\u00e4rbung, so dass die Aufmerksamkeit ganz auf Ihr individuelles Layout und Ihre Gravur gerichtet bleibt.<\/li>\n<li><strong>Hervorragende Langlebigkeit und Sicherheit:\u00a0<\/strong>Das Leben passiert, und Unf\u00e4lle k\u00f6nnen passieren. Acryl ist wesentlich bruchsicherer und sto\u00dffester als Glas, was es zu einer sichereren und langlebigeren Wahl macht, insbesondere f\u00fcr Sporttroph\u00e4en oder Auszeichnungen, die in stark frequentierten Bereichen ausgestellt werden. Durch sein geringes Gewicht ist es au\u00dferdem einfacher und sicherer zu handhaben, zu pr\u00e4sentieren und zu versenden.<\/li>\n<li><strong>Unerreichte Anpassungsf\u00e4higkeit des Designs:\u00a0<\/strong>Hier kann Acryl wirklich gl\u00e4nzen. Das Material l\u00e4sst sich mit Pr\u00e4zision in praktisch jede erdenkliche Form schneiden. Wie in unserer Galerie zu sehen ist, k\u00f6nnen wir alles herstellen, von einem klassischen rechteckigen Block f\u00fcr ein Firmen-Dankesch\u00f6n-Geschenk bis hin zu einem dynamischen, mehrteiligen Fu\u00dfballpreis, einem edlen Prominenten, einem formellen W\u00e4chter oder einem ausgepr\u00e4gten facettierten Schatz. Ihre Vision ist die einzige Grenze.<\/li>\n<li><strong>Kosteneffiziente Raffinesse:\u00a0<\/strong>Erzielen Sie das Aussehen von hochwertigem Kristall ohne den \u00fcberm\u00e4\u00dfig hohen Preis. Acryl bietet ein hochwertiges Erscheinungsbild, das eine starke Aussage \u00fcber den Wert macht und es Ihnen erm\u00f6glicht, Ihre Ausgaben f\u00fcr kompliziertere Anpassungen oder die Auszeichnung von noch mehr Empf\u00e4ngern zu verwenden.<\/li>\n<\/ul>\n<p><img decoding=\"async\" class=\"aligncenter wp-image-1176 size-full\" src=\"https:\/\/customacrylicproduct.com\/wp-content\/uploads\/2025\/07\/\u8be6\u60c5\u56fe15-1.jpg\" alt=\"Acryl-Medaillenbecher\" width=\"790\" height=\"738\" srcset=\"https:\/\/customacrylicproduct.com\/wp-content\/uploads\/2025\/07\/\u8be6\u60c5\u56fe15-1.jpg 790w, https:\/\/customacrylicproduct.com\/wp-content\/uploads\/2025\/07\/\u8be6\u60c5\u56fe15-1-300x280.jpg 300w, https:\/\/customacrylicproduct.com\/wp-content\/uploads\/2025\/07\/\u8be6\u60c5\u56fe15-1-768x717.jpg 768w, https:\/\/customacrylicproduct.com\/wp-content\/uploads\/2025\/07\/\u8be6\u60c5\u56fe15-1-600x561.jpg 600w\" sizes=\"(max-width: 790px) 100vw, 790px\" \/><\/p>\n<h4 id=\"-the-art-of-customization-your-vision-brought-to-life-\"><strong>Die Kunst der Individualisierung: Ihre Vision, zum Leben erweckt\u00a0<\/strong>.<\/h4>\n<p>Eine generische Auszeichnung von der Stange kann sehr unpers\u00f6nlich wirken. Unser Individualisierungsverfahren soll sicherstellen, dass jeder Preis so besonders ist wie die Person oder die Leistung, an die er erinnert. Wir bieten eine umfangreiche Sammlung von Personalisierungsoptionen, um ein wirklich unverwechselbares St\u00fcck zu entwickeln.<\/p>\n<p><strong>1. Form &amp; Art: Hinter dem Rechteck\u00a0<\/strong>. Die Fotos zeigen nur einen Teil der M\u00f6glichkeiten. Wir k\u00f6nnen Ihre Auszeichnung in einer Reihe von Formen herstellen:.<\/p>\n<ul>\n<li><strong>Sportartspezifische Formulare:\u00a0<\/strong>Wie bei unseren auff\u00e4lligen Fu\u00dfball- und Schwimmtroph\u00e4en k\u00f6nnen wir eine Ehrung in Form eines Balls, eines Ausr\u00fcstungsgegenstands, eines Maskottchens oder einer beliebigen sportrelevanten Ikone anfertigen.<\/li>\n<li><strong>Symbolische Formen:\u00a0<\/strong>Der sternf\u00f6rmige Preis eignet sich perfekt f\u00fcr die Auszeichnung eines \u201cStar-Entertainers\u201d, w\u00e4hrend der W\u00e4chterpreis Schutz, Ehre und Z\u00e4higkeit vermittelt. Die achteckigen und facettierten Kristallformen sorgen f\u00fcr einen Hauch von geometrischem Stil und Differenzierung.<\/li>\n<li><strong>Logo-zentrierte Stile:\u00a0<\/strong>Wir k\u00f6nnen das Acryl auf das Logo Ihres Unternehmens oder Ihrer Gruppe reduzieren, um eine Auszeichnung zu erhalten, die sofort bekannt ist und einen hohen Wiedererkennungswert hat.<\/li>\n<li><strong>Standard-Plaketten &amp; Bl\u00f6cke:\u00a0<\/strong>Der zeitlose Charme eines aufgehellten rechteckigen oder quadratischen Blocks, wie unsere Dankesch\u00f6n-Plakette, bietet eine gro\u00dfe Leinwand f\u00fcr detaillierte Botschaften und eignet sich perfekt f\u00fcr die Anzeige auf dem Schreibtisch.<\/li>\n<\/ul>\n<p><strong>2. Beschriftung &amp; Druck: Einschlie\u00dflich Tiefe und Detail\u00a0<\/strong>. Wir verwenden fortschrittliche moderne Technologie, um Ihre Botschaft und Grafiken mit spektakul\u00e4rer Pr\u00e4zision anzubringen.<\/p>\n<ul>\n<li><strong>Laser-Beschriftung:\u00a0<\/strong>F\u00fcr eine gestochen scharfe, saubere und unwiderrufliche Personalisierung ist die Lasergravur das beste Kriterium. Sie erzeugt eine attraktive, mattwei\u00dfe Botschaft und Linienkunst, die einen eleganten Kontrast zum klaren Polymer bildet. Diese Methode eignet sich perfekt f\u00fcr detaillierte Botschaften, wie z. B. die aufrichtigen Botschaften auf unseren Anerkennungspreisen:\u00a0<em>\u201d Seien Sie stolz auf die Arbeit, die Sie tun, auf die Person, die Sie sind, und auf den Unterschied, den Sie machen\u201d.\u201d\u00a0<\/em>.<\/li>\n<li><strong>Vollfarbiger UV-Druck:\u00a0<\/strong>Um lebendige Logodesigns, Fotos oder eingef\u00e4rbte Grafiken einzubringen, verwenden wir den modernen UV-Druck. Bei dieser Technik wird die Tinte direkt auf die Acryloberfl\u00e4che gedruckt, die dann sofort aush\u00e4rtet, um ein robustes, kratzfestes und \u00e4sthetisch hervorragendes Vollfarbbild zu entwickeln. Die satte braune Textur des Fu\u00dfballs und das kr\u00e4ftige Gelb des Schwimmers sind Paradebeispiele f\u00fcr diese moderne Technologie im B\u00fcro.<\/li>\n<\/ul>\n<p><strong>3. Ma\u00dfgeschneiderte Webinhalte: Das Herzst\u00fcck des Preises\u00a0<\/strong>. Jede Auszeichnung spricht f\u00fcr sich. Wir werden sicherlich mit Ihnen zusammenarbeiten, um alle wichtigen Komponenten zu integrieren:.<\/p>\n<ul>\n<li><strong>Name und Titel des Empf\u00e4ngers\u00a0<\/strong>.<\/li>\n<li><strong>Bezeichnung der Auszeichnung (z. B. \u201cMitarbeiter des Jahres\u201d, \u201cMVP\u201d, \u201cHead of State's Club\u201d)\u00a0<\/strong>.<\/li>\n<li><strong>Tag des Erfolgs\u00a0<\/strong>.<\/li>\n<li><strong>Motivierende Zitate oder individuelle Botschaften\u00a0<\/strong>.<\/li>\n<li><strong>Firmen-, Gruppen- oder Veranstaltungslogos\u00a0<\/strong>.<\/li>\n<\/ul>\n<p><img decoding=\"async\" class=\"aligncenter wp-image-1177 size-full\" src=\"https:\/\/customacrylicproduct.com\/wp-content\/uploads\/2025\/07\/\u8be6\u60c5\u56fe16.jpg\" alt=\"Acryl-Medaillenbecher\" width=\"790\" height=\"767\" srcset=\"https:\/\/customacrylicproduct.com\/wp-content\/uploads\/2025\/07\/\u8be6\u60c5\u56fe16.jpg 790w, https:\/\/customacrylicproduct.com\/wp-content\/uploads\/2025\/07\/\u8be6\u60c5\u56fe16-300x291.jpg 300w, https:\/\/customacrylicproduct.com\/wp-content\/uploads\/2025\/07\/\u8be6\u60c5\u56fe16-768x746.jpg 768w, https:\/\/customacrylicproduct.com\/wp-content\/uploads\/2025\/07\/\u8be6\u60c5\u56fe16-600x583.jpg 600w\" sizes=\"(max-width: 790px) 100vw, 790px\" \/><\/p>\n<h4 id=\"-a-prize-for-each-celebration-\"><strong>Ein Preis f\u00fcr jede Feierlichkeit\u00a0<\/strong>.<\/h4>\n<p>Unsere ma\u00dfgefertigten Acryl-Auszeichnungen sind so flexibel, dass sie zu jeder Art von Ereignis oder Meilenstein passen, die es verdient haben, geehrt zu werden.<\/p>\n<ul>\n<li><strong>Anerkennung f\u00fcr Unternehmen und Gesch\u00e4ftsleute:\u00a0<\/strong>Steigern Sie die Stimmung und pflegen Sie eine Kultur der Bewunderung. Perfekt geeignet f\u00fcr Auszeichnungen, Mitarbeiter des Monats, F\u00fchrungstroph\u00e4en, Geschenke zum Ruhestand und Anerkennungsplaketten f\u00fcr Partnerschaften. Der ge\u00e4tzte \u201cDanke\u201d-Block ist ein ideales Geschenk f\u00fcr Kunden, Weggef\u00e4hrten und Mentoren.<\/li>\n<li><strong>Sporttroph\u00e4en und Medaillen:\u00a0<\/strong>Von Jugendorganisationen bis hin zu Expertenwettbewerben, entwickeln Sie eine Ehrung, die den Spielern sicherlich eine Ehre ist. Wir k\u00f6nnen Troph\u00e4en f\u00fcr Fu\u00dfball, Schwimmen, Basketball, Fu\u00dfball, Golf und jede andere Sportart personalisieren.<\/li>\n<li><strong>Akademische und p\u00e4dagogische Leistungen:\u00a0<\/strong>W\u00fcrdigung der Leistungen von Sch\u00fclern, Lehrern und Professoren. Geeignet f\u00fcr College-Abschlussfeiern, Valediktorianer-Auszeichnungen, wissenschaftliche Forschungsmessen, Debattierclubs und Ehrungen f\u00fcr den \u201cP\u00e4dagogen des Jahres\u201d.<\/li>\n<li><strong>Pers\u00f6nliche Geschenke und Erinnerungsst\u00fccke:\u00a0<\/strong>Markieren Sie einen besonderen Jahrestag, einen Geburtstag oder einen individuellen Wendepunkt. Entwickeln Sie ein sch\u00f6nes Andenken, um sich bei einem Freund, Verwandten oder ehrenamtlichen Mitarbeiter f\u00fcr die besondere Leistung zu bedanken, die er in Ihrem Leben erbracht hat. Die Botschaft,\u00a0<em>\u201d Ignorieren Sie niemals den Unterschied, den Sie gemacht haben, und die Leben, die Sie ber\u00fchrt haben.\u201d\u00a0<\/em>ist ein beeindruckender Anblick f\u00fcr eine solche Feier.<\/li>\n<\/ul>\n<h4 id=\"-our-commitment-to-remarkable-quality-\"><strong>Unser Bekenntnis zu au\u00dfergew\u00f6hnlicher Qualit\u00e4t\u00a0<\/strong>.<\/h4>\n<p>Wir glauben, dass eine Auszeichnung sowohl die Qualit\u00e4t des Empf\u00e4ngers als auch die Wertsch\u00e4tzung des Gebers widerspiegelt. Deshalb sind wir kompromisslos in unserem Engagement f\u00fcr Spitzenqualit\u00e4t. Jede Troph\u00e4e wird aus hochwertigem, gegossenem Acryl mit hoher Dichte hergestellt, das garantiert nicht vergilbt. Unsere Pr\u00e4zisions-Laserschneider garantieren bemerkenswerte, raffinierte Seiten, und unser gr\u00fcndlicher Qualit\u00e4tssicherungsprozess stellt sicher, dass Ihr Endprodukt ein ideales Kunstwerk ist, das bereit f\u00fcr seine stolze Diskussion ist.<\/p>\n<p>Bieten Sie nicht nur eine Auszeichnung an. Bieten Sie ein Symbol der Ehre, ein Kunstwerk und eine bleibende Erinnerung. Entdecken Sie die M\u00f6glichkeiten, die sich Ihnen mit unseren ma\u00dfgeschneiderten Acrylpreisen bieten, und lassen Sie sich von uns dabei helfen, Erfolge geb\u00fchrend zu feiern.<\/p>\n<p><strong>Bestellen Sie noch heute Ihr eigenes Exemplar und schaffen Sie sich ein Erbe der Anerkennung.\u00a0<\/strong>.<\/p>","protected":false},"excerpt":{"rendered":"<p class=\"ng-star-inserted\"><span class=\"ng-star-inserted\">Feiern Sie jede Leistung mit unseren individuellen Acryltroph\u00e4en. Wir bieten eine breite Palette von Designs, von Sportmedaillen bis hin zu Firmenauszeichnungen und Gedenktafeln. Personalisieren Sie sie mit Ihrem Logo oder Text, um ein einzigartiges, hochwertiges und unvergessliches Geschenk zu erhalten. Perfekt f\u00fcr jeden Anlass.<\/span><\/p>","protected":false},"featured_media":1179,"template":"","meta":{"_kad_post_transparent":"default","_kad_post_title":"","_kad_post_layout":"default","_kad_post_sidebar_id":"","_kad_post_content_style":"default","_kad_post_vertical_padding":"default","_kad_post_feature":"","_kad_post_feature_position":"","_kad_post_header":false,"_kad_post_footer":false,"_kad_post_classname":""},"product_brand":[],"product_cat":[19],"product_tag":[121],"class_list":{"0":"post-1175","1":"product","2":"type-product","3":"status-publish","4":"has-post-thumbnail","6":"product_cat-custom-acrylic-trophies-awards","7":"product_tag-acrylic-medal-cup","9":"first","10":"instock","11":"shipping-taxable","12":"product-type-simple","13":"entry","14":"content-bg","15":"loop-entry"},"_links":{"self":[{"href":"https:\/\/customacrylicproduct.com\/de\/wp-json\/wp\/v2\/product\/1175","targetHints":{"allow":["GET"]}}],"collection":[{"href":"https:\/\/customacrylicproduct.com\/de\/wp-json\/wp\/v2\/product"}],"about":[{"href":"https:\/\/customacrylicproduct.com\/de\/wp-json\/wp\/v2\/types\/product"}],"wp:featuredmedia":[{"embeddable":true,"href":"https:\/\/customacrylicproduct.com\/de\/wp-json\/wp\/v2\/media\/1179"}],"wp:attachment":[{"href":"https:\/\/customacrylicproduct.com\/de\/wp-json\/wp\/v2\/media?parent=1175"}],"wp:term":[{"taxonomy":"product_brand","embeddable":true,"href":"https:\/\/customacrylicproduct.com\/de\/wp-json\/wp\/v2\/product_brand?post=1175"},{"taxonomy":"product_cat","embeddable":true,"href":"https:\/\/customacrylicproduct.com\/de\/wp-json\/wp\/v2\/product_cat?post=1175"},{"taxonomy":"product_tag","embeddable":true,"href":"https:\/\/customacrylicproduct.com\/de\/wp-json\/wp\/v2\/product_tag?post=1175"}],"curies":[{"name":"wp","href":"https:\/\/api.w.org\/{rel}","templated":true}]}}