{"id":1180,"date":"2025-07-17T12:39:45","date_gmt":"2025-07-17T12:39:45","guid":{"rendered":"https:\/\/customacrylicproduct.com\/?post_type=product&#038;p=1180"},"modified":"2025-07-22T07:42:09","modified_gmt":"2025-07-22T07:42:09","slug":"custom-acrylic-box-dustproof-storage-translucent-splicing-box","status":"publish","type":"product","link":"https:\/\/customacrylicproduct.com\/de\/custom-acrylic-box-dustproof-storage-translucent-splicing-box\/","title":{"rendered":"Benutzerdefinierte Acryl-Box staubdicht Lagerung transluzent Splei\u00dfen Box"},"content":{"rendered":"<h3 id=\"-elevate-your-space-the-personalized-acrylic-storage-box-where-organization-meets-art-\"><strong>Erh\u00f6hen Sie Ihren Raum: Die personalisierte Aufbewahrungsbox aus Acryl - wo Organisation auf Kunst trifft<\/strong><\/h3>\n<p>In einer Welt voller gew\u00f6hnlicher Aufbewahrungsm\u00f6glichkeiten erweist sich unsere personalisierte Polymerbox als ein Leuchtfeuer des Stils, der Raffinesse und des individuellen Ausdrucks. Dies ist nicht einfach nur eine Box, sondern ein sorgf\u00e4ltig gefertigtes, n\u00fctzliches Kunstwerk, das entwickelt wurde, um Ihre Umgebung zu ver\u00e4ndern. Sie stellt die Vorstellung in Frage, dass n\u00fctzliche Gegenst\u00e4nde schlicht sein m\u00fcssen, und beweist, dass Gesellschaft auch sch\u00f6n sein kann und dass Ihre wertvollsten Besitzt\u00fcmer ein ebenso stilvolles Zuhause verdienen wie sie selbst. Ganz gleich, ob Sie Ihren Schreibtisch entr\u00fcmpeln, eine wertvolle Sammlung ausstellen oder ein hochwertiges Statement abgeben wollen, diese klare Acrylbox ist die schl\u00fcssige Antwort, die au\u00dfergew\u00f6hnliche \u00c4sthetik mit robuster Funktionalit\u00e4t perfekt verbindet.<\/p>\n<p><img fetchpriority=\"high\" decoding=\"async\" class=\"aligncenter wp-image-1185 size-full\" src=\"https:\/\/customacrylicproduct.com\/wp-content\/uploads\/2025\/07\/O1CN01ayjUyL1G7OeFxgHWs_2208241780575-0-cib.jpg\" alt=\"Kundenspezifische Acryl-Box\" width=\"750\" height=\"750\" srcset=\"https:\/\/customacrylicproduct.com\/wp-content\/uploads\/2025\/07\/O1CN01ayjUyL1G7OeFxgHWs_2208241780575-0-cib.jpg 750w, https:\/\/customacrylicproduct.com\/wp-content\/uploads\/2025\/07\/O1CN01ayjUyL1G7OeFxgHWs_2208241780575-0-cib-300x300.jpg 300w, https:\/\/customacrylicproduct.com\/wp-content\/uploads\/2025\/07\/O1CN01ayjUyL1G7OeFxgHWs_2208241780575-0-cib-150x150.jpg 150w, https:\/\/customacrylicproduct.com\/wp-content\/uploads\/2025\/07\/O1CN01ayjUyL1G7OeFxgHWs_2208241780575-0-cib-600x600.jpg 600w, https:\/\/customacrylicproduct.com\/wp-content\/uploads\/2025\/07\/O1CN01ayjUyL1G7OeFxgHWs_2208241780575-0-cib-100x100.jpg 100w\" sizes=\"(max-width: 750px) 100vw, 750px\" \/><\/p>\n<h4 id=\"-a-work-of-art-of-layout-the-blend-of-type-and-function-\"><strong>Ein Kunstwerk des Layouts: Die Verschmelzung von Typ und Funktion<\/strong><\/h4>\n<p>Schon auf den ersten Blick ist die Spitzenqualit\u00e4t der personalisierten Polymer-Box offensichtlich. Gefertigt aus erstklassigem, hochmodernem Schauspieler-Acryl, besitzt sie eine signifikante Haptik und eine kristallklare Leuchtkraft, die billigere Kunststoffe einfach nicht nachahmen k\u00f6nnen. Das Material wird nicht nur wegen seiner Langlebigkeit ausgew\u00e4hlt, sondern auch wegen seiner einzigartigen \u00e4sthetischen Geb\u00e4ude. Im Gegensatz zu undurchsichtigen Beh\u00e4ltern, die alles verstecken, oder v\u00f6llig durchsichtigen Boxen, die \u00fcberladen wirken k\u00f6nnen, bietet unser transparentes Modell ein hervorragendes Gleichgewicht. Es gew\u00e4hrt einen verf\u00fchrerischen Blick auf den Inhalt, der in einen satten, gleichm\u00e4\u00dfigen Farbton geh\u00fcllt ist - sei es die tiefe, entspannende Anziehungskraft von Saphirblau oder die lebendige, anspruchsvolle Kraft von Smaragdgr\u00fcn.<\/p>\n<p>Diese raffinierte Offenheit verwandelt allt\u00e4gliche Gegenst\u00e4nde in einen kuratierten Bildschirm. Die Farben werden nicht einfach aufgetragen; sie sind f\u00fcr das Acryl selbst unverzichtbar und gew\u00e4hrleisten eine tiefe, gleichm\u00e4\u00dfige Farbe, die sich nicht verf\u00e4rbt, abplatzt oder allm\u00e4hlich abbl\u00e4ttert. Die Verpackung f\u00e4ngt das Licht ein und bricht es, wodurch ein lebhaftes Spiel von Farben und Schatten entsteht, das jeder Art von Oberfl\u00e4che Tiefe und Charakter verleiht. Seine sauberen Linien, rechten Winkel und minimale Form sind aus einem zeitgen\u00f6ssischen Design Werte geboren, so dass es einwandfrei in moderne, minimale oder eklektische Dekorationen zu integrieren. Dies ist eine Aufbewahrungsm\u00f6glichkeit, die Sie nicht in einem Schrank verstecken, sondern zum Mittelpunkt machen wollen.<\/p>\n<p><img decoding=\"async\" class=\"aligncenter wp-image-1186 size-full\" src=\"https:\/\/customacrylicproduct.com\/wp-content\/uploads\/2025\/07\/O1CN01gwScma1G7OjXeoUZQ_2208241780575-0-cib.jpg\" alt=\"Kundenspezifische Acryl-Box\" width=\"750\" height=\"750\" srcset=\"https:\/\/customacrylicproduct.com\/wp-content\/uploads\/2025\/07\/O1CN01gwScma1G7OjXeoUZQ_2208241780575-0-cib.jpg 750w, https:\/\/customacrylicproduct.com\/wp-content\/uploads\/2025\/07\/O1CN01gwScma1G7OjXeoUZQ_2208241780575-0-cib-300x300.jpg 300w, https:\/\/customacrylicproduct.com\/wp-content\/uploads\/2025\/07\/O1CN01gwScma1G7OjXeoUZQ_2208241780575-0-cib-150x150.jpg 150w, https:\/\/customacrylicproduct.com\/wp-content\/uploads\/2025\/07\/O1CN01gwScma1G7OjXeoUZQ_2208241780575-0-cib-600x600.jpg 600w, https:\/\/customacrylicproduct.com\/wp-content\/uploads\/2025\/07\/O1CN01gwScma1G7OjXeoUZQ_2208241780575-0-cib-100x100.jpg 100w\" sizes=\"(max-width: 750px) 100vw, 750px\" \/><\/p>\n<h4 id=\"-unparalleled-practicality-built-permanently-\"><strong>Un\u00fcbertroffene Praktikabilit\u00e4t: Dauerhaft eingebaut<\/strong><\/h4>\n<p>Abgesehen von ihrem auff\u00e4lligen Aussehen ist diese Acrylbox ein organisatorisches Kraftpaket. Die prim\u00e4re Layout-Funktion ist ihre\u00a0<strong>staubdicht\u00a0<\/strong>Natur. Der Deckel ist so zugeschnitten, dass er fest und sicher auf dem Boden sitzt und eine nahezu perfekte Abdichtung schafft, die Ihre Sachen vor Schmutz, Luftpartikeln und Umgebungsfeuchtigkeit sch\u00fctzt. Das macht ihn zum optimalen Zufluchtsort f\u00fcr zerbrechliche Dinge:.<\/p>\n<ul>\n<li><strong>Antiquit\u00e4ten:\u00a0<\/strong>Sichern Sie sich signierte Souvenirs, ungew\u00f6hnliche Sammelkarten oder zerbrechliche Figurinen.<\/li>\n<li><strong>Hochwertiger Artikel:\u00a0<\/strong>Bieten Sie Designertaschen, Seidenkopft\u00fcchern oder wertvollen Schuhsammlungen ein w\u00fcrdiges Zuhause.<\/li>\n<li><strong>Elektronische Ger\u00e4te und Zubeh\u00f6r:\u00a0<\/strong>Bewahren Sie Kabel, Ladeger\u00e4te und hochwertige Kopfh\u00f6rer geordnet und ohne zerst\u00f6rerischen Schmutz auf.<\/li>\n<li><strong>Wichtige Dokumente:\u00a0<\/strong>Sch\u00fctzen Sie wichtige Dokumente, Bilder oder emotionale Briefe vor den Aspekten und dem Zahn der Zeit.<\/li>\n<\/ul>\n<p>Die Konstruktion selbst ist ein Zeugnis h\u00f6chster Qualit\u00e4t. Der Begriff \u201cSplei\u00dfbox\u201d bezieht sich auf die professionelle Technik, mit der die Paneele zusammengef\u00fcgt werden. Jedes St\u00fcck wird mit dem Laser geschnitten, um makellose Seiten zu erhalten, und anschlie\u00dfend fachm\u00e4nnisch verbunden, um solide, nahtlose Verbindungen herzustellen, die sowohl optisch ansprechend als auch strukturell solide sind. Diese dauerhafte Konstruktion bedeutet, dass sich die Kiste unter Druck nicht verzieht oder verbiegt, was eine sichere Stapelung erm\u00f6glicht. Wie auf den Bildern zu sehen ist, sind diese Boxen als modulares System konzipiert. Sie k\u00f6nnen mehrere Einheiten stapeln, um einen personalisierten, vertikalen Aufbewahrungsturm zu entwickeln, der den Platz in einem Regal, in einem Lagerraum oder auf Ihrem Arbeitstisch optimiert, ohne auf Stabilit\u00e4t oder Stil zu verzichten.<\/p>\n<p>Um die Benutzung zu erleichtern, sind 2 diskrete, eingearbeitete \u00d6ffnungen an den Seiten angebracht. Diese ergonomischen \u00d6ffnungen erm\u00f6glichen es Ihnen, das Paket bequem anzuheben und zu tragen, auch wenn es voll ist, ohne sein glattes, geometrisches Profil zu beeintr\u00e4chtigen.<\/p>\n<p><img decoding=\"async\" class=\"aligncenter wp-image-1187 size-full\" src=\"https:\/\/customacrylicproduct.com\/wp-content\/uploads\/2025\/07\/O1CN01TBavgq1G7OjhPJS6v_2208241780575-0-cib.jpg\" alt=\"Kundenspezifische Acryl-Box\" width=\"750\" height=\"750\" srcset=\"https:\/\/customacrylicproduct.com\/wp-content\/uploads\/2025\/07\/O1CN01TBavgq1G7OjhPJS6v_2208241780575-0-cib.jpg 750w, https:\/\/customacrylicproduct.com\/wp-content\/uploads\/2025\/07\/O1CN01TBavgq1G7OjhPJS6v_2208241780575-0-cib-300x300.jpg 300w, https:\/\/customacrylicproduct.com\/wp-content\/uploads\/2025\/07\/O1CN01TBavgq1G7OjhPJS6v_2208241780575-0-cib-150x150.jpg 150w, https:\/\/customacrylicproduct.com\/wp-content\/uploads\/2025\/07\/O1CN01TBavgq1G7OjhPJS6v_2208241780575-0-cib-600x600.jpg 600w, https:\/\/customacrylicproduct.com\/wp-content\/uploads\/2025\/07\/O1CN01TBavgq1G7OjhPJS6v_2208241780575-0-cib-100x100.jpg 100w\" sizes=\"(max-width: 750px) 100vw, 750px\" \/><\/p>\n<h4 id=\"-the-power-of-customization-make-it-distinctively-yours-\"><strong>Die Macht der Individualisierung: Machen Sie es unverwechselbar zu Ihrem<\/strong><\/h4>\n<p>Das ist der Punkt, an dem die personalisierte Acrylbox absolut \u00fcber den Durchschnitt hinausgeht. Unser Unternehmen ist der Meinung, dass Ihre Aufbewahrung Ihre Identifikation, Ihren Markennamen oder Ihre Geschichte zeigen sollte. Unser hochmoderner Personalisierungsservice erm\u00f6glicht es Ihnen, diesen attraktiven Gegenstand in ein einzigartiges Produkt zu verwandeln. Mit einem hochaufl\u00f6senden, robusten Druck k\u00f6nnen wir Ihre Box versch\u00f6nern mit:.<\/p>\n<ul>\n<li><strong>Markenzeichen &amp; Branding:\u00a0<\/strong>Perfekt f\u00fcr Unternehmen, die innovative Kundengeschenke entwickeln, ihren Arbeitsplatz mit einem Markenzeichen versehen oder die Schaufenster im Einzelhandel aufwerten m\u00f6chten.<\/li>\n<li><strong>Pers\u00f6nliche Monogramme:\u00a0<\/strong>Mit Ihren Initialen verleihen Sie Ihrem B\u00fcro, einem begehbaren Abstellraum oder einer Frisierkommode einen klassischen Touch von Raffinesse.<\/li>\n<li><strong>Bedeutungsvolle Zahlen oder Daten:\u00a0<\/strong>Erinnern Sie sich an ein besonderes Jubil\u00e4um, einen Geburtstag oder eine Gl\u00fcckszahl, wie die trendige \u201c9\u201d auf unseren Produktbildern zeigt.<\/li>\n<li><strong>Inspirierende Zitate oder Texte:\u00a0<\/strong>Bedrucken Sie den Deckel mit einem Lieblingsmantra oder einer Verszeile und verwandeln Sie Ihre Ablage in einen Fundus f\u00fcr allt\u00e4gliche Ideen.<\/li>\n<\/ul>\n<p>Der wei\u00dfe Aufdruck sorgt f\u00fcr ein klares, kontrastreiches Erscheinungsbild gegen\u00fcber dem satten Blau und Gr\u00fcn des Acryls und garantiert, dass Ihr individueller Stil sowohl lesbar als auch visuell auff\u00e4llig ist. Diese Eigenschaft macht die Box zu einem au\u00dfergew\u00f6hnlichen und durchdachten Geschenk f\u00fcr Hochzeiten, Hochschulabschl\u00fcsse, Firmenjubil\u00e4en oder jede Art von Veranstaltung, die etwas absolut Individuelles und Dauerhaftes erfordert.<\/p>\n<h4 id=\"-an-universe-of-possibilities-adaptability-in-every-area-\"><strong>Ein Universum der M\u00f6glichkeiten: Anpassungsf\u00e4higkeit in jedem Bereich<\/strong><\/h4>\n<p>Die schiere Flexibilit\u00e4t dieser Box macht sie zu einem unverzichtbaren Objekt in Haus und B\u00fcro.<\/p>\n<ul>\n<li><strong>Im Lebensraum:\u00a0<\/strong>Bezwingen Sie die Unordnung von Fernbedienungen, Achterbahnen und PC-Gaming-Controllern. Legen Sie beeindruckende Publikationen oder Zeitschriften auf den Couchtisch, um die Oberfl\u00e4chen sauber zu halten und gleichzeitig einen Farbtupfer zu setzen.<\/li>\n<li><strong>Im Innenministerium:\u00a0<\/strong>Bringen Sie Ordnung auf Ihren Schreibtisch. Er ist das beste Zuhause f\u00fcr Schreibwaren, Notizbl\u00f6cke, technische Ger\u00e4te oder Aufgabendaten und sorgt daf\u00fcr, dass Sie sich auf das Wesentliche konzentrieren und Ihre Umgebung motivierend bleibt.<\/li>\n<li><strong>Im Zimmer &amp; im Kleiderschrank:\u00a0<\/strong>Ordnen Sie Schmuck, Uhren, G\u00fcrtel und verschiedene andere Accessoires. Verwenden Sie es als moderne \u201cErinnerungsbox\u201d f\u00fcr Andenken oder um ein einziges Paar hochwertiger Schuhe zu pr\u00e4sentieren und zu sch\u00fctzen.<\/li>\n<li><strong>In Einzelhandels- und Gewerbefl\u00e4chen:\u00a0<\/strong>Produzieren Sie atemberaubende Point-of-Sale-Bildschirme, die extravagant und exklusiv wirken. Verwenden Sie sie, um Artikel zu pr\u00e4sentieren, Marketingmaterialien aufzubewahren oder als elegante Einwurfboxen f\u00fcr Wettbewerbe und Antworten.<\/li>\n<\/ul>\n<p><strong>Bestimmen Sie Ihren Raum, sch\u00fctzen Sie Ihre Besitzt\u00fcmer<\/strong><\/p>\n<p>Die personalisierte Acrylbox ist mehr als nur ein Beh\u00e4lter; sie ist eine finanzielle Investition in eine geordnete, sch\u00f6ne und individuelle Umgebung. Es ist eine Aussage, dass Sie sowohl auf Aussehen als auch auf Ordnung Wert legen, dass Sie sich um Ihre Gegenst\u00e4nde k\u00fcmmern und dass Sie handwerkliches K\u00f6nnen sch\u00e4tzen. Entscheiden Sie sich nicht f\u00fcr Stauraum, den Sie verstecken m\u00fcssen. Entscheiden Sie sich f\u00fcr eine L\u00f6sung, die Sie gerne zeigen m\u00f6chten.<\/p>\n<p>Verwandeln Sie das Gew\u00f6hnliche in etwas Erstaunliches. Bestellen Sie noch heute Ihre individuelle Polymer-Aufbewahrungsbox und erleben Sie die hervorragende Synthese aus Design, Funktion und individuellem Ausdruck.<\/p>","protected":false},"excerpt":{"rendered":"<p class=\"ng-star-inserted\"><span class=\"ng-star-inserted\">Organisieren Sie stilvoll mit unserer individuellen Acrylbox. Dieser robuste, staubdichte Beh\u00e4lter bietet eine elegante, durchsichtige Aufbewahrung in leuchtenden Farben. Mit ihrem passenden Deckel und den leicht zu tragenden Griffen ist sie perfekt f\u00fcr eine moderne Einrichtung zu Hause oder im B\u00fcro. Gestalten Sie die Box mit Ihrem individuellen Text oder Logo und sorgen Sie so f\u00fcr einen unverwechselbaren Look.<\/span><\/p>","protected":false},"featured_media":1185,"template":"","meta":{"_kad_post_transparent":"default","_kad_post_title":"","_kad_post_layout":"default","_kad_post_sidebar_id":"","_kad_post_content_style":"default","_kad_post_vertical_padding":"default","_kad_post_feature":"","_kad_post_feature_position":"","_kad_post_header":false,"_kad_post_footer":false,"_kad_post_classname":""},"product_brand":[],"product_cat":[17],"product_tag":[120],"class_list":{"0":"post-1180","1":"product","2":"type-product","3":"status-publish","4":"has-post-thumbnail","6":"product_cat-custom-acrylic-boxes","7":"product_tag-custom-acrylic-box","9":"first","10":"instock","11":"shipping-taxable","12":"product-type-simple","13":"entry","14":"content-bg","15":"loop-entry"},"_links":{"self":[{"href":"https:\/\/customacrylicproduct.com\/de\/wp-json\/wp\/v2\/product\/1180","targetHints":{"allow":["GET"]}}],"collection":[{"href":"https:\/\/customacrylicproduct.com\/de\/wp-json\/wp\/v2\/product"}],"about":[{"href":"https:\/\/customacrylicproduct.com\/de\/wp-json\/wp\/v2\/types\/product"}],"wp:featuredmedia":[{"embeddable":true,"href":"https:\/\/customacrylicproduct.com\/de\/wp-json\/wp\/v2\/media\/1185"}],"wp:attachment":[{"href":"https:\/\/customacrylicproduct.com\/de\/wp-json\/wp\/v2\/media?parent=1180"}],"wp:term":[{"taxonomy":"product_brand","embeddable":true,"href":"https:\/\/customacrylicproduct.com\/de\/wp-json\/wp\/v2\/product_brand?post=1180"},{"taxonomy":"product_cat","embeddable":true,"href":"https:\/\/customacrylicproduct.com\/de\/wp-json\/wp\/v2\/product_cat?post=1180"},{"taxonomy":"product_tag","embeddable":true,"href":"https:\/\/customacrylicproduct.com\/de\/wp-json\/wp\/v2\/product_tag?post=1180"}],"curies":[{"name":"wp","href":"https:\/\/api.w.org\/{rel}","templated":true}]}}