{"id":1188,"date":"2025-07-17T12:52:29","date_gmt":"2025-07-17T12:52:29","guid":{"rendered":"https:\/\/customacrylicproduct.com\/?post_type=product&#038;p=1188"},"modified":"2025-07-22T07:43:01","modified_gmt":"2025-07-22T07:43:01","slug":"acrylic-products-round-rod-special-rod-sample-customization","status":"publish","type":"product","link":"https:\/\/customacrylicproduct.com\/de\/acrylic-products-round-rod-special-rod-sample-customization\/","title":{"rendered":"Acrylprodukte Rundstab Spezialstab Musteranfertigung"},"content":{"rendered":"<h3 id=\"-discover-the-brilliance-of-custom-made-polymer-rods-where-quality-satisfies-creative-thinking-\"><strong>Entdecken Sie die Brillanz von ma\u00dfgefertigten Polymerst\u00e4ben: Wo Qualit\u00e4t das kreative Denken befriedigt<\/strong><\/h3>\n<p>In der Welt der Gestaltung, des Stils und der Produktion kann das ideale Produkt eine Aufgabe von gew\u00f6hnlich zu erstaunlich machen. Es kann das Licht einfangen, den Raum definieren und eine einfache Idee in eine spektakul\u00e4re Wahrheit verwandeln. Wir laden Sie ein, das unendliche Potenzial unserer personalisierten Acrylst\u00e4be zu entdecken - eine perfekte Verbindung von sch\u00f6ner Klarheit, robuster Effizienz und ma\u00dfgeschneiderter Kreativit\u00e4t, wie der spektakul\u00e4re \u201cStarlight Bubble\u201d-Stab in unserer Galerie zeigt.<\/p>\n<p><img fetchpriority=\"high\" decoding=\"async\" class=\"aligncenter wp-image-1191 size-full\" src=\"https:\/\/customacrylicproduct.com\/wp-content\/uploads\/2025\/07\/O1CN01hYxjII1Bs2hJGf7OW_0-0-cib.jpg\" alt=\"Acrylprodukte Rundstab\" width=\"800\" height=\"800\" srcset=\"https:\/\/customacrylicproduct.com\/wp-content\/uploads\/2025\/07\/O1CN01hYxjII1Bs2hJGf7OW_0-0-cib.jpg 800w, https:\/\/customacrylicproduct.com\/wp-content\/uploads\/2025\/07\/O1CN01hYxjII1Bs2hJGf7OW_0-0-cib-300x300.jpg 300w, https:\/\/customacrylicproduct.com\/wp-content\/uploads\/2025\/07\/O1CN01hYxjII1Bs2hJGf7OW_0-0-cib-150x150.jpg 150w, https:\/\/customacrylicproduct.com\/wp-content\/uploads\/2025\/07\/O1CN01hYxjII1Bs2hJGf7OW_0-0-cib-768x768.jpg 768w, https:\/\/customacrylicproduct.com\/wp-content\/uploads\/2025\/07\/O1CN01hYxjII1Bs2hJGf7OW_0-0-cib-600x600.jpg 600w, https:\/\/customacrylicproduct.com\/wp-content\/uploads\/2025\/07\/O1CN01hYxjII1Bs2hJGf7OW_0-0-cib-100x100.jpg 100w\" sizes=\"(max-width: 800px) 100vw, 800px\" \/><\/p>\n<p><strong>Ein allererster Blick: Die Magie im Material<\/strong><\/p>\n<p>Das Bild, das Sie vor sich sehen, zeigt mehr als nur ein St\u00fcck Plastik; es offenbart eine Welt der M\u00f6glichkeiten, die in einer perfekt runden Form festgehalten sind. Dies ist unser einzigartiges Ergebnis Acrylstab, sorgf\u00e4ltig gefertigt, um Bewunderung zu wecken. Beachten Sie den kristallklaren K\u00f6rper, der so rein ist, als w\u00e4re er aus fl\u00fcssigem Licht gesponnen. In diesem bemerkenswerten Medium schweben zahlreiche winzige, schillernde Bl\u00e4schen, die wie eine Galaxie von Sternen in der Zeit eingefroren sind. Jede einzelne Blase f\u00e4ngt das Licht ein und bricht es, so dass ein dynamischer, schimmernder Effekt entsteht, der sowohl subtil als auch aufregend ist. Die Fertigstellung erfolgt mit absoluter Pr\u00e4zision, wobei eine polierte, glasartige Oberfl\u00e4che zum Vorschein kommt, die von der Spitzenqualit\u00e4t des Produkts und unserer Handwerkskunst zeugt. Dies ist das Qualit\u00e4tskriterium, das Sie bei jedem von uns hergestellten Artikel erwarten k\u00f6nnen.<\/p>\n<p><strong>Die unvergleichliche Qualit\u00e4t von Premium-Polymer (PMMA)<\/strong><\/p>\n<p>Unsere St\u00e4be werden aus der h\u00f6chstm\u00f6glichen Qualit\u00e4t von Polymethylmethacrylat (PMMA) hergestellt, das f\u00fcr seine au\u00dfergew\u00f6hnlichen Eigenschaften bekannt ist. Wenn Sie sich f\u00fcr unser Acryl entscheiden, entscheiden Sie sich f\u00fcr ein Material, das Folgendes bietet:.<\/p>\n<ul>\n<li><strong>Optische Vorherrschaft:\u00a0<\/strong>Mit einer Lichtdurchl\u00e4ssigkeit von \u00fcber 92% sind unsere Acrylst\u00e4be klarer als Glas und bieten eine un\u00fcbertroffene Qualit\u00e4t ohne die bei minderwertigen Materialien typische gr\u00fcne Farbe. Dies macht sie ideal f\u00fcr Anwendungen, bei denen Lichtspiel und \u00e4sthetische Reinheit entscheidend sind.<\/li>\n<li><strong>\u00dcberraschende Langlebigkeit:\u00a0<\/strong>Trotz seines zerbrechlichen Aussehens ist Polymer unglaublich haltbar. Es ist wesentlich sto\u00dffester als Glas und damit eine sicherere und robustere Option f\u00fcr \u00f6ffentliche Einrichtungen, Bildschirme im Einzelhandel und n\u00fctzliche Einrichtungsgegenst\u00e4nde. Es h\u00e4lt der Zerst\u00f6rung stand und verringert die Gefahren und Ersatzkosten.<\/li>\n<li><strong>Leichte Ausdauer:\u00a0<\/strong>Polymer wiegt weniger als f\u00fcnfzig Prozent als Glas, was den Transport, die Handhabung und die Installation vereinfacht. Dieses geringe Gewicht erm\u00f6glicht eine gr\u00f6\u00dfere Gestaltungsfreiheit und erlaubt die Entwicklung gr\u00f6\u00dferer Installationen und komplizierterer Rahmen, ohne dass eine robuste Tr\u00e4gergruppe erforderlich ist.<\/li>\n<li><strong>Wetterbedingungen und UV-Best\u00e4ndigkeit:\u00a0<\/strong>Unsere Acrylst\u00e4be sind von Natur aus resistent gegen Witterungseinfl\u00fcsse und die zerst\u00f6rerischen Auswirkungen ultravioletter Strahlung. Sie vergilben nicht und werden auch nicht zerbrechlich, wenn sie den Elementen ausgesetzt werden. So ist gew\u00e4hrleistet, dass Ihre Entwicklungen ihren Charme und ihre strukturelle Integrit\u00e4t \u00fcber mehrere Jahre hinweg behalten, egal ob sie drinnen oder drau\u00dfen verwendet werden.<\/li>\n<li><strong>Verarbeitbarkeit:\u00a0<\/strong>Acryl ist der Traum eines jeden Entwicklers. Es l\u00e4sst sich exakt schneiden, bohren, maschinell bearbeiten, mit W\u00e4rme biegen und auf einen fantastischen Glanz bringen. Diese Einfachheit der Konstruktion erm\u00f6glicht komplexe Layouts und eine nahtlose Anpassung an verschiedene andere Materialien wie Holz, Metall und Stein.<\/li>\n<\/ul>\n<p><img decoding=\"async\" class=\"aligncenter wp-image-1192 size-full\" src=\"https:\/\/customacrylicproduct.com\/wp-content\/uploads\/2025\/07\/O1CN01KxWG7J2558tIF5BY9_2817387474-0-cib.jpg\" alt=\"Acrylprodukte Rundstab\" width=\"800\" height=\"800\" srcset=\"https:\/\/customacrylicproduct.com\/wp-content\/uploads\/2025\/07\/O1CN01KxWG7J2558tIF5BY9_2817387474-0-cib.jpg 800w, https:\/\/customacrylicproduct.com\/wp-content\/uploads\/2025\/07\/O1CN01KxWG7J2558tIF5BY9_2817387474-0-cib-300x300.jpg 300w, https:\/\/customacrylicproduct.com\/wp-content\/uploads\/2025\/07\/O1CN01KxWG7J2558tIF5BY9_2817387474-0-cib-150x150.jpg 150w, https:\/\/customacrylicproduct.com\/wp-content\/uploads\/2025\/07\/O1CN01KxWG7J2558tIF5BY9_2817387474-0-cib-768x768.jpg 768w, https:\/\/customacrylicproduct.com\/wp-content\/uploads\/2025\/07\/O1CN01KxWG7J2558tIF5BY9_2817387474-0-cib-600x600.jpg 600w, https:\/\/customacrylicproduct.com\/wp-content\/uploads\/2025\/07\/O1CN01KxWG7J2558tIF5BY9_2817387474-0-cib-100x100.jpg 100w\" sizes=\"(max-width: 800px) 100vw, 800px\" \/><\/p>\n<p><strong>Die Macht der Individualisierung: Ihre Vision, verwirklicht<\/strong><\/p>\n<p>Wir glauben, dass jedes Projekt etwas Besonderes ist und dass Elemente von der Stange Ihre Fantasie nicht einschr\u00e4nken sollten. Unsere Hauptdienstleistung ist eine gr\u00fcndliche Anpassung, die es Ihnen erm\u00f6glicht, die spezifische Stange zu spezifizieren, die Sie ben\u00f6tigen, um Ihre Vision zum Leben zu erwecken.<\/p>\n<p>Unsere Personalisierungsm\u00f6glichkeiten umfassen:.<\/p>\n<ul>\n<li><strong>Gr\u00f6\u00dfe und L\u00e4nge:\u00a0<\/strong>Von schlanken, zerbrechlichen Stangen f\u00fcr kostbare Schmuckst\u00e4nder bis hin zu dicken, bedeutenden Stangen f\u00fcr architektonische Komponenten k\u00f6nnen wir Stangen in einer gro\u00dfen Vielfalt von Durchmessern herstellen. Wir bieten Pr\u00e4zisionszuschnitte f\u00fcr jede Art von L\u00e4nge, die Ihr Projekt ben\u00f6tigt, und stellen so sicher, dass sie jedes Mal ideal passen.<\/li>\n<li><strong>Besondere Schl\u00e4ge und Stile:\u00a0<\/strong>Die \u201cStarlight Bubble\u201d-Rute ist nur ein Beispiel f\u00fcr unsere F\u00e4higkeiten. Wir k\u00f6nnen ein vielf\u00e4ltiges Profil von speziellen Schlagst\u00e4ben herstellen, darunter:.<\/li>\n<li><strong>Wirbelstangen:\u00a0<\/strong>Elegante, farbige Wirbel, die von einem klaren Stab umh\u00fcllt sind, sorgen f\u00fcr eine lebendige, k\u00fcnstlerische Wirkung.<\/li>\n<li><strong>Mattierte &amp; matte St\u00e4be:\u00a0<\/strong>Eine sandgestrahlte oder matte Oberfl\u00e4che, die das Licht wunderbar streut und sich perfekt f\u00fcr moderne Beleuchtungsk\u00f6rper und Sichtschutzw\u00e4nde eignet.<\/li>\n<li><strong>Fluoreszierende Masten:\u00a0<\/strong>St\u00e4be mit lebhaft get\u00f6nten, leuchtenden Seiten, die von selbst zu leuchten scheinen, perfekt f\u00fcr attraktive Beschilderungen und Displays.<\/li>\n<li><strong>Farbige St\u00e4be:\u00a0<\/strong>Ein komplettes Spektrum an transparenten, transluzenten und opaken Farben, die zu Ihrer Markenidentit\u00e4t oder Stilkombination passen.<\/li>\n<li><strong>Formen:\u00a0<\/strong>W\u00e4hrend die runde Stange ein zeitloser Klassiker ist, bieten wir auch einzigartige Stangenformen an, wie z. B. quadratische, dreieckige oder vielleicht personalisierte Konten, um spezifische Layout-Hindernisse zu erf\u00fcllen.<\/li>\n<li><strong>Vollendete Ber\u00fchrungen:\u00a0<\/strong>Wir k\u00f6nnen zus\u00e4tzliche Konstruktionsl\u00f6sungen anbieten, die darin bestehen, die Seiten f\u00fcr ein poliertes Aussehen anzufasen, genaue L\u00f6cher f\u00fcr die Installation zu bohren oder die Enden mit Gewinden f\u00fcr die mechanische Befestigung zu versehen.<\/li>\n<\/ul>\n<p><img decoding=\"async\" class=\"aligncenter wp-image-1189 size-full\" src=\"https:\/\/customacrylicproduct.com\/wp-content\/uploads\/2025\/07\/O1CN01Ac8edu2558tN3XBpg_2817387474-0-cib.jpg\" alt=\"Acrylprodukte Rundstab\" width=\"800\" height=\"800\" srcset=\"https:\/\/customacrylicproduct.com\/wp-content\/uploads\/2025\/07\/O1CN01Ac8edu2558tN3XBpg_2817387474-0-cib.jpg 800w, https:\/\/customacrylicproduct.com\/wp-content\/uploads\/2025\/07\/O1CN01Ac8edu2558tN3XBpg_2817387474-0-cib-300x300.jpg 300w, https:\/\/customacrylicproduct.com\/wp-content\/uploads\/2025\/07\/O1CN01Ac8edu2558tN3XBpg_2817387474-0-cib-150x150.jpg 150w, https:\/\/customacrylicproduct.com\/wp-content\/uploads\/2025\/07\/O1CN01Ac8edu2558tN3XBpg_2817387474-0-cib-768x768.jpg 768w, https:\/\/customacrylicproduct.com\/wp-content\/uploads\/2025\/07\/O1CN01Ac8edu2558tN3XBpg_2817387474-0-cib-600x600.jpg 600w, https:\/\/customacrylicproduct.com\/wp-content\/uploads\/2025\/07\/O1CN01Ac8edu2558tN3XBpg_2817387474-0-cib-100x100.jpg 100w\" sizes=\"(max-width: 800px) 100vw, 800px\" \/><\/p>\n<p><strong>Anwendungen: Wohin k\u00f6nnen unsere Acrylst\u00e4be Sie f\u00fchren?<\/strong><\/p>\n<p>Die Anpassungsf\u00e4higkeit unserer kundenspezifischen Acrylst\u00e4be macht sie f\u00fcr eine erstaunliche Auswahl an M\u00e4rkten und Anwendungen geeignet:.<\/p>\n<ul>\n<li><strong>Architektur und Innenarchitektur:\u00a0<\/strong>Kreieren Sie atemberaubende Treppengel\u00e4nder, attraktive Trennw\u00e4nde, einzigartige M\u00f6belf\u00fc\u00dfe, Vorhangstangen und ma\u00dfgeschneiderte Beleuchtungsk\u00f6rper, die das Herzst\u00fcck eines Raumes bilden.<\/li>\n<li><strong>Einzelhandel und visueller Einzelhandel:\u00a0<\/strong>Gestalten Sie hochwertige Point-of-Sale-Displays, Modeschmuckhalter, \u00e4sthetische St\u00e4nde und Schilder, die das Interesse der Kunden wecken und den Bekanntheitsgrad Ihrer Marke erh\u00f6hen.<\/li>\n<li><strong>Kunst &amp; Bildhauerei:\u00a0<\/strong>F\u00fcr K\u00fcnstler und Schnitzer sind unsere St\u00e4be ein einzigartiges Werkzeug, um mit Licht, Schrift und Offenheit zu spielen und atemberaubende Arrangements und Kunstwerke zu schaffen.<\/li>\n<li><strong>Zeitvertreib &amp; Handwerk:\u00a0<\/strong>Von der Herstellung kundenspezifischer Klingen und Stifte bis hin zur Konstruktion unterschiedlicher Versionen oder sogar magisch anmutender St\u00e4be bieten unsere St\u00f6cke ein hochwertiges Produkt f\u00fcr anspruchsvolle Bastler.<\/li>\n<li><strong>Industriell und technisch:\u00a0<\/strong>Verwenden Sie sie als Lichtleitungen, um Licht in begrenzte R\u00e4ume zu leiten, als dauerhafte Schaugl\u00e4ser f\u00fcr die \u00dcberwachung von Fl\u00fcssigkeiten oder als nichtleitende Elemente in digitalen Einstellungen.<\/li>\n<\/ul>\n<p><strong>Fordern Sie noch heute Ihr pers\u00f6nliches Muster an<\/strong><\/p>\n<p>Wir sind uns bewusst, dass Sehen und F\u00fchlen wirklich glauben bedeutet. Um sicherzustellen, dass unser Artikel Ihren Anforderungen entspricht, bieten wir ein umfassendes Programm zur \u00c4nderung von Mustern an. Sie m\u00fcssen sich nicht f\u00fcr ein allgemeines Beispiel entscheiden, sondern k\u00f6nnen ein Muster anfordern, das auf Ihre speziellen Anforderungen zugeschnitten ist. Beurteilen Sie die Klarheit, pr\u00fcfen Sie die Auswirkungen der \u201cStarlight Bubble\u201d unter Ihren eigenen Lichtverh\u00e4ltnissen und validieren Sie die Ma\u00dfe und die Oberfl\u00e4che. Diese praktische Erfahrung garantiert Ihr Selbstvertrauen, bevor Sie sich einem kompletten Fertigungslauf widmen.<\/p>\n<p>Schlie\u00dfen Sie sich mit uns zusammen, um ein v\u00f6llig neues Stilpotenzial zu erschlie\u00dfen. Lassen Sie uns gemeinsam Teile herstellen, die nicht nur n\u00fctzlich, sondern auch wirklich motivierend sind.<\/p>\n<p><strong>Rufen Sie uns noch heute an, um Ihren Auftrag zu besprechen, unsere Modifizierungsm\u00f6glichkeiten zu entdecken und Ihr individuelles Acrylmastmuster anzufordern. Lassen Sie uns gemeinsam etwas Fantastisches schaffen.\u00a0<\/strong>.<\/p>","protected":false},"excerpt":{"rendered":"<p class=\"ng-star-inserted\"><span class=\"ng-star-inserted\">Hochwertige Acrylst\u00e4be nach Ma\u00df. Wir bieten eine reiche Auswahl an runden und speziellen St\u00e4ben, einschlie\u00dflich Blasen- und Wirbelmustern. Erh\u00e4ltlich in verschiedenen Farben und Durchmessern. Langlebig und kristallklar. Fordern Sie noch heute ein Muster f\u00fcr Ihr einzigartiges Projekt an<\/span><\/p>","protected":false},"featured_media":1191,"template":"","meta":{"_kad_post_transparent":"default","_kad_post_title":"","_kad_post_layout":"default","_kad_post_sidebar_id":"","_kad_post_content_style":"default","_kad_post_vertical_padding":"default","_kad_post_feature":"","_kad_post_feature_position":"","_kad_post_header":false,"_kad_post_footer":false,"_kad_post_classname":""},"product_brand":[],"product_cat":[23],"product_tag":[119],"class_list":{"0":"post-1188","1":"product","2":"type-product","3":"status-publish","4":"has-post-thumbnail","6":"product_cat-custom-acrylic-rods-tubes","7":"product_tag-acrylic-products-round-rod","9":"first","10":"instock","11":"shipping-taxable","12":"product-type-simple","13":"entry","14":"content-bg","15":"loop-entry"},"_links":{"self":[{"href":"https:\/\/customacrylicproduct.com\/de\/wp-json\/wp\/v2\/product\/1188","targetHints":{"allow":["GET"]}}],"collection":[{"href":"https:\/\/customacrylicproduct.com\/de\/wp-json\/wp\/v2\/product"}],"about":[{"href":"https:\/\/customacrylicproduct.com\/de\/wp-json\/wp\/v2\/types\/product"}],"wp:featuredmedia":[{"embeddable":true,"href":"https:\/\/customacrylicproduct.com\/de\/wp-json\/wp\/v2\/media\/1191"}],"wp:attachment":[{"href":"https:\/\/customacrylicproduct.com\/de\/wp-json\/wp\/v2\/media?parent=1188"}],"wp:term":[{"taxonomy":"product_brand","embeddable":true,"href":"https:\/\/customacrylicproduct.com\/de\/wp-json\/wp\/v2\/product_brand?post=1188"},{"taxonomy":"product_cat","embeddable":true,"href":"https:\/\/customacrylicproduct.com\/de\/wp-json\/wp\/v2\/product_cat?post=1188"},{"taxonomy":"product_tag","embeddable":true,"href":"https:\/\/customacrylicproduct.com\/de\/wp-json\/wp\/v2\/product_tag?post=1188"}],"curies":[{"name":"wp","href":"https:\/\/api.w.org\/{rel}","templated":true}]}}