{"id":1197,"date":"2025-07-18T01:30:25","date_gmt":"2025-07-18T01:30:25","guid":{"rendered":"https:\/\/customacrylicproduct.com\/?post_type=product&#038;p=1197"},"modified":"2025-07-22T07:45:08","modified_gmt":"2025-07-22T07:45:08","slug":"crystal-acrylic-trophy-digital-anniversary-trophy-custom-made","status":"publish","type":"product","link":"https:\/\/customacrylicproduct.com\/de\/crystal-acrylic-trophy-digital-anniversary-trophy-custom-made\/","title":{"rendered":"Kristall-Acryl-Troph\u00e4e Digital Jahrestag Troph\u00e4e Custom Made"},"content":{"rendered":"<h3 id=\"redefining-acknowledgment-the-custom-made-crystal-polymer-anniversary-trophy\">Danksagung neu definiert: Die ma\u00dfgeschneiderte Kristall-Polymer-Jubil\u00e4umstroph\u00e4e<\/h3>\n<p>Anerkennung ist weltweit die W\u00e4hrung der Motivation, sowohl f\u00fcr die Leistung des Unternehmens als auch f\u00fcr die individuelle Leistung. Sie ist der substanzielle Ausdruck von Wertsch\u00e4tzung, die \u00f6ffentliche Empfehlung von Qualit\u00e4t und das langfristige Artefakt einer gut gemachten Arbeit. Viel zu lange haben die Symbole dieser Anerkennung jedoch stagniert - generische Plaketten und vorhersehbare Glasformen, die zwar sympathisch sind, aber in der Regel nicht die Lebendigkeit und Dynamik des zeitgen\u00f6ssischen Erfolgs einfangen k\u00f6nnen.<\/p>\n<p>Unser Team ist der Meinung, dass ein beeindruckender Beitrag eine au\u00dfergew\u00f6hnliche Auszeichnung verdient. Es ist an der Zeit, das Traditionelle hinter sich zu lassen und eine Art der Anerkennung zu begr\u00fc\u00dfen, die ebenso einzigartig, schillernd und facettenreich ist wie die Leistungen, die sie feiert. Wir freuen uns, Ihnen unsere Produktlinie der ma\u00dfgefertigten Kristall-Acryl-Troph\u00e4en vorstellen zu k\u00f6nnen, eine neue Generation von Auszeichnungen, die mehr als nur ein Zeichen sind - sie sind ein Kunstwerk.<\/p>\n<p>Wie in den gro\u00dfartigen Exemplaren, die f\u00fcr das 30-j\u00e4hrige Jubil\u00e4um von MINGYANG angefertigt wurden, sind diese Troph\u00e4en nicht einfach nur Gegenst\u00e4nde, sie sind Statements. Sie sind eine Verschmelzung von modernstem Layout, lebendigen Farben und pers\u00f6nlichen Geschichten, die geschaffen wurden, um die bedeutendsten Errungenschaften Ihrer Gruppe auf eine Art und Weise zu w\u00fcrdigen, die sie sicherlich nie vergessen werden.<\/p>\n<p><img fetchpriority=\"high\" decoding=\"async\" class=\"aligncenter wp-image-1201 size-large\" src=\"https:\/\/customacrylicproduct.com\/wp-content\/uploads\/2025\/07\/\u4e3b\u56fe05-6-1024x1024.jpg\" alt=\" Acryl-Troph\u00e4e \" width=\"1024\" height=\"1024\" srcset=\"https:\/\/customacrylicproduct.com\/wp-content\/uploads\/2025\/07\/\u4e3b\u56fe05-6-1024x1024.jpg 1024w, https:\/\/customacrylicproduct.com\/wp-content\/uploads\/2025\/07\/\u4e3b\u56fe05-6-300x300.jpg 300w, https:\/\/customacrylicproduct.com\/wp-content\/uploads\/2025\/07\/\u4e3b\u56fe05-6-150x150.jpg 150w, https:\/\/customacrylicproduct.com\/wp-content\/uploads\/2025\/07\/\u4e3b\u56fe05-6-768x768.jpg 768w, https:\/\/customacrylicproduct.com\/wp-content\/uploads\/2025\/07\/\u4e3b\u56fe05-6-600x600.jpg 600w, https:\/\/customacrylicproduct.com\/wp-content\/uploads\/2025\/07\/\u4e3b\u56fe05-6-100x100.jpg 100w, https:\/\/customacrylicproduct.com\/wp-content\/uploads\/2025\/07\/\u4e3b\u56fe05-6.jpg 1440w\" sizes=\"(max-width: 1024px) 100vw, 1024px\" \/><\/p>\n<h4 id=\"a-symphony-of-light-color-and-measurement\">Eine Symphonie aus Licht, Farbe und Messung<\/h4>\n<p>Unsere Kristallpolymer-Troph\u00e4en zeichnen sich durch ihre gro\u00dfe \u00e4sthetische Tiefe und ihre lebendige Existenz aus. Jede Auszeichnung ist eine sorgf\u00e4ltig orchestrierte Struktur aus Schichten, die das Auge anzieht und aus jedem Blickwinkel eine Geschichte erz\u00e4hlt.<\/p>\n<p><strong>Die Stiftung: Der Kristall-Acrylblock\u00a0<\/strong>. Das Herzst\u00fcck jeder Troph\u00e4e ist ein bedeutender, starker Block aus kostenintensivem, f\u00fcr optische Zwecke geeignetem Polymer. Wir nennen es nicht umsonst \u201cKristall-Acryl\u201d. Es hat die bemerkenswerte Qualit\u00e4t und das befriedigende Gewicht von traditionellem Kristall, jedoch mit erstklassiger Langlebigkeit und Layout-Anpassungsf\u00e4higkeit. Jeder Block ist pr\u00e4zisionsgeschnitten und seine Seiten sind diamantgeschliffen, um eine ideale, glas\u00e4hnliche Oberfl\u00e4che zu erhalten, die das Umgebungslicht einf\u00e4ngt und bricht und so ein raffiniertes, leuchtendes Leuchten erzeugt. Diese solide, klare Leinwand bietet die beste B\u00fchne f\u00fcr die Kunst, die darin steckt.<\/p>\n<p><strong>Das Herz: Die lebendige, geteilte Geschichte\u00a0<\/strong>. Das Herzst\u00fcck der Auszeichnung ist die spektakul\u00e4re, vollfarbige Geschichte. Mit Hilfe eines hochmodernen Konterdruckverfahrens f\u00fcllen wir die R\u00fcckseite des Acrylblocks mit einer F\u00fclle von lebendigen Bildern. Wie auf den Bildern zu sehen ist, kann dies ein wundersch\u00f6nes Gef\u00e4lle sein, das von einem intensiven Rot zu einem warmen, feierlichen Orange oder von einem ruhigen Himmelblau zu einem tiefen, maritimen Ton \u00fcbergeht. Diese Technik des Drucks auf der R\u00fcckseite des Blocks suggeriert, dass das Bild \u00fcberpr\u00fcft wurde.\u00a0<em>\u00fcber\u00a0<\/em>die gesamte Tiefe des Acryls, was ihm ein unglaubliches Gef\u00fchl von Dimension verleiht und das Kunstwerk vor Kratzern auf der Oberfl\u00e4che bewahrt. Die Farbt\u00f6ne scheinen in der Troph\u00e4e zu schweben, wodurch ein bezauberndes Ergebnis entsteht, das sowohl anspruchsvoll als auch modern ist.<\/p>\n<p><strong>Die Website: Die auff\u00e4llige 3D-Komponente\u00a0<\/strong>. Der eigentliche Clou dieses Designs ist die ber\u00fchmte dreidimensionale Zahl, die aus der Oberfl\u00e4che zu springen scheint. Bei den Auszeichnungen von MINGYANG stehen diese Zahlen - \u201d5\u201d, \u201c20\u201d, \u201c30\u201d - f\u00fcr die Jahre der L\u00f6sung oder den Hochzeitstag, an den erinnert wird. Diese Elemente werden aus einem separaten St\u00fcck massiven, undurchsichtigen wei\u00dfen Acryls gelasert und sorgf\u00e4ltig auf der Vorderseite der Troph\u00e4e angebracht. Dadurch entsteht ein effektives Gef\u00fchl der Tiefe, das die farbenfrohe Geschichte in ein raffiniertes Dunkel taucht und einen taktilen, hochwirksamen Hauptfokus bietet. Der Zusatz \u201cTH\u201d, ebenfalls in 3D, verleiht diesem modernen Design einen Hauch von Tradition und Feierlichkeit.<\/p>\n<p><strong>Die Botschaft: Die knackige, personalisierte Beschriftung\u00a0<\/strong>. Die letzte Ebene ist die eigentliche Botschaft. Das Firmenlogo, der Titel der Auszeichnung (\u201dSuperior Payment Individual\u201d), die Abteilung (\u201d\u4e0a\u6d77\u4e8b\u4e1a\u90e8\u201d) und die Jubil\u00e4umsinformationen werden mit fortschrittlicher UV-Drucktechnologie mit lanzinierender Pr\u00e4zision direkt auf die Oberfl\u00e4che des Acryls gedruckt. Diese Strategie garantiert, dass jede Textzeile und jede Kurve Ihres Logos mit hervorragender Klarheit und Widerstandsf\u00e4higkeit versehen wird, um den Wiedererkennungseffekt zu vervollst\u00e4ndigen.<\/p>\n<h4 id=\"the-power-of-true-customization-\">Die Macht der echten Anpassung<\/h4>\n<p>Diese Preise sind keine Produkte von der Stange. Jeder Preis ist eine Ma\u00dfanfertigung, die Ihren Markennamen, Ihre Botschaft und Ihre einzigartige Veranstaltung widerspiegelt. Unser Layout-Verfahren ist eine Kooperation, die es Ihnen erm\u00f6glicht, eine Auszeichnung zu produzieren, die eine echte Erweiterung Ihrer Unternehmensgesellschaft ist.<\/p>\n<p><strong>Ihr Markenname, Ihre Farben:\u00a0<\/strong>Wir k\u00f6nnen die historischen Farbverl\u00e4ufe und den ver\u00f6ffentlichten Text perfekt an das Farbschema Ihres Unternehmens anpassen und so eine reibungslose \u00dcbernahme des Markennamens gew\u00e4hrleisten. Ihr Logo wird mit makelloser Integrit\u00e4t wiedergegeben.<\/p>\n<p><strong>Ihre Botschaft, Ihr Wendepunkt:\u00a0<\/strong>Ganz gleich, ob Sie ein 5-, 10-, 25- oder 50-j\u00e4hriges Jubil\u00e4um, einen Verkaufserfolg oder ein Leben im Ruhestand feiern wollen, die 3D-Seitennummer und die eingravierte Nachricht sind vollst\u00e4ndig anpassbar. Wir k\u00f6nnen einen \u201cArbeiter des Jahres\u201d, einen \u201cHead of State's Club Inductee\u201d oder eine \u201cTask Introduce Group\u201d mit demselben Ma\u00df an ma\u00dfgeschneiderten Informationen auszeichnen.<\/p>\n<p><strong>Ihre Vision, unsere Kunstfertigkeit:\u00a0<\/strong>Unser Team von Entwicklern und Handwerkern wird mit Ihnen zusammenarbeiten, um Ihre Vision in eine spektakul\u00e4re physische Auszeichnung zu verwandeln. Vom ersten Konzept bis zum letzten eleganten Produkt sind wir bestrebt, einen Preis zu entwickeln, der Ihre Erwartungen \u00fcbertrifft und ein wirksames Zeichen der Dankbarkeit ist.<\/p>\n<p><img decoding=\"async\" class=\"aligncenter wp-image-1200 size-large\" src=\"https:\/\/customacrylicproduct.com\/wp-content\/uploads\/2025\/07\/\u4e3b\u56fe04-2-1024x1024.jpg\" alt=\" Acryl-Troph\u00e4e \" width=\"1024\" height=\"1024\" srcset=\"https:\/\/customacrylicproduct.com\/wp-content\/uploads\/2025\/07\/\u4e3b\u56fe04-2-1024x1024.jpg 1024w, https:\/\/customacrylicproduct.com\/wp-content\/uploads\/2025\/07\/\u4e3b\u56fe04-2-300x300.jpg 300w, https:\/\/customacrylicproduct.com\/wp-content\/uploads\/2025\/07\/\u4e3b\u56fe04-2-150x150.jpg 150w, https:\/\/customacrylicproduct.com\/wp-content\/uploads\/2025\/07\/\u4e3b\u56fe04-2-768x768.jpg 768w, https:\/\/customacrylicproduct.com\/wp-content\/uploads\/2025\/07\/\u4e3b\u56fe04-2-600x600.jpg 600w, https:\/\/customacrylicproduct.com\/wp-content\/uploads\/2025\/07\/\u4e3b\u56fe04-2-100x100.jpg 100w, https:\/\/customacrylicproduct.com\/wp-content\/uploads\/2025\/07\/\u4e3b\u56fe04-2.jpg 1440w\" sizes=\"(max-width: 1024px) 100vw, 1024px\" \/><\/p>\n<h4 id=\"greater-than-an-honor-a-device-for-motivation-\">Gr\u00f6\u00dfer als eine Ehre: Ein Mittel zur Motivation<\/h4>\n<p>In jeder Art von Organisation ist eine starke Gesellschaft der Anerkennung wichtig. Sie hebt die Stimmung, motiviert zu einem gesunden und ausgewogenen Wettbewerb und unterstreicht die Werte, die Sie f\u00f6rdern m\u00f6chten. Einem Mitarbeiter eine dieser Kristall-Polymer-Troph\u00e4en zu \u00fcberreichen, ist ein wirkungsvoller Moment. Sie sagt mehr als nur \u201cDanke\u201d.<\/p>\n<p>Sie sagt: \u201cWir sehen Sie.\u201d. Sie behauptet: \u201cDeine Bezahlung ist lebendig und hat Tiefgang.\u201d. Es hei\u00dft: \u201cIhre Arbeit ist zeitgem\u00e4\u00df, genial und verdient eine besondere W\u00fcrdigung.\u201d.<\/p>\n<p>Im Gegensatz zu einer gew\u00f6hnlichen Troph\u00e4e, die versteckt werden k\u00f6nnte, ist dies ein Kunstwerk f\u00fcr den Arbeitsplatz, das zu Diskussionen anregt und eine best\u00e4ndige, wundersch\u00f6ne Erinnerung an die erbrachte Leistung darstellt. Sie verschafft dem Empf\u00e4nger Genugtuung und motiviert seine Mitarbeiter, denn sie zeigt, dass hervorragende Leistungen gesehen, gesch\u00e4tzt und auf wirklich bemerkenswerte Weise gefeiert werden.<\/p>\n<p><img decoding=\"async\" class=\"aligncenter wp-image-1199 size-large\" src=\"https:\/\/customacrylicproduct.com\/wp-content\/uploads\/2025\/07\/\u4e3b\u56fe03-3-1024x1024.jpg\" alt=\" Acryl-Troph\u00e4e \" width=\"1024\" height=\"1024\" srcset=\"https:\/\/customacrylicproduct.com\/wp-content\/uploads\/2025\/07\/\u4e3b\u56fe03-3-1024x1024.jpg 1024w, https:\/\/customacrylicproduct.com\/wp-content\/uploads\/2025\/07\/\u4e3b\u56fe03-3-300x300.jpg 300w, https:\/\/customacrylicproduct.com\/wp-content\/uploads\/2025\/07\/\u4e3b\u56fe03-3-150x150.jpg 150w, https:\/\/customacrylicproduct.com\/wp-content\/uploads\/2025\/07\/\u4e3b\u56fe03-3-768x768.jpg 768w, https:\/\/customacrylicproduct.com\/wp-content\/uploads\/2025\/07\/\u4e3b\u56fe03-3-600x600.jpg 600w, https:\/\/customacrylicproduct.com\/wp-content\/uploads\/2025\/07\/\u4e3b\u56fe03-3-100x100.jpg 100w, https:\/\/customacrylicproduct.com\/wp-content\/uploads\/2025\/07\/\u4e3b\u56fe03-3.jpg 1440w\" sizes=\"(max-width: 1024px) 100vw, 1024px\" \/><\/p>\n<p><strong>Ideal f\u00fcr eine Vielzahl von Anl\u00e4ssen:<\/strong><\/p>\n<ul>\n<li><strong>Firmenjubil\u00e4en:\u00a0<\/strong>W\u00fcrdigen Sie den Weg des Unternehmens und die Personen, die ihn m\u00f6glich gemacht haben.<\/li>\n<li><strong>Arbeitsjubil\u00e4en und Dienstauszeichnungen:\u00a0<\/strong>Feiern Sie die Treue Ihrer Mitarbeiter mit einer einmaligen Ehrung f\u00fcr 5, 10, 20 oder noch mehr Jahre Betriebszugeh\u00f6rigkeit.<\/li>\n<li><strong>Auszeichnungen f\u00fcr Verkauf und Effizienz:\u00a0<\/strong>Identifizieren Sie Top-Entertainer mit einer Troph\u00e4e, die ihren pulsierenden Erfolg widerspiegelt.<\/li>\n<li><strong>Management &amp; Entwicklung Ehrungen:\u00a0<\/strong>Ehrung vision\u00e4rer F\u00fchrungskr\u00e4fte und bahnbrechender Ideen.<\/li>\n<li><strong>Wertsch\u00e4tzung f\u00fcr Kunden und Partner:\u00a0<\/strong>Bedanken Sie sich bei wichtigen Partnern mit einem unvergesslichen, hochwertigen Geschenk, das Ihre Verbundenheit ausdr\u00fcckt.<\/li>\n<li><strong>Geschenke zum Ruhestand:\u00a0<\/strong>Honorieren Sie eine langwierige und effektive Arbeit mit einem sch\u00f6nen Andenken.<\/li>\n<\/ul>\n<p>Entscheiden Sie sich daf\u00fcr, Ihren n\u00e4chsten Anerkennungsmoment unvergesslich zu machen. Entscheiden Sie sich f\u00fcr eine ma\u00dfgeschneiderte Kristall-Acryl-Troph\u00e4e und verleihen Sie eine Auszeichnung, die so fantastisch und bemerkenswert ist wie der Erfolg, f\u00fcr den sie steht.<\/p>","protected":false},"excerpt":{"rendered":"<p class=\"ng-star-inserted\"><span class=\"ng-star-inserted\">W\u00fcrdigen Sie Leistungen mit unseren modernen Kristall-Acryl-Troph\u00e4en. Diese individuell gestalteten Troph\u00e4en eignen sich perfekt f\u00fcr digitale Jubil\u00e4en und zeichnen sich durch einen lebendigen, mehrschichtigen Hintergrund und beeindruckende 3D-Zahlen aus. Eine einzigartige, hochwertige M\u00f6glichkeit, herausragende Beitr\u00e4ge und Meilensteine des Unternehmens zu feiern. Vollst\u00e4ndig anpassbar.<\/span><\/p>","protected":false},"featured_media":1201,"template":"","meta":{"_kad_post_transparent":"default","_kad_post_title":"","_kad_post_layout":"default","_kad_post_sidebar_id":"","_kad_post_content_style":"default","_kad_post_vertical_padding":"default","_kad_post_feature":"","_kad_post_feature_position":"","_kad_post_header":false,"_kad_post_footer":false,"_kad_post_classname":""},"product_brand":[],"product_cat":[19],"product_tag":[96,107],"class_list":{"0":"post-1197","1":"product","2":"type-product","3":"status-publish","4":"has-post-thumbnail","6":"product_cat-custom-acrylic-trophies-awards","7":"product_tag-acrylic-awards","8":"product_tag-digital-anniversary","10":"first","11":"instock","12":"shipping-taxable","13":"product-type-simple","14":"entry","15":"content-bg","16":"loop-entry"},"_links":{"self":[{"href":"https:\/\/customacrylicproduct.com\/de\/wp-json\/wp\/v2\/product\/1197","targetHints":{"allow":["GET"]}}],"collection":[{"href":"https:\/\/customacrylicproduct.com\/de\/wp-json\/wp\/v2\/product"}],"about":[{"href":"https:\/\/customacrylicproduct.com\/de\/wp-json\/wp\/v2\/types\/product"}],"wp:featuredmedia":[{"embeddable":true,"href":"https:\/\/customacrylicproduct.com\/de\/wp-json\/wp\/v2\/media\/1201"}],"wp:attachment":[{"href":"https:\/\/customacrylicproduct.com\/de\/wp-json\/wp\/v2\/media?parent=1197"}],"wp:term":[{"taxonomy":"product_brand","embeddable":true,"href":"https:\/\/customacrylicproduct.com\/de\/wp-json\/wp\/v2\/product_brand?post=1197"},{"taxonomy":"product_cat","embeddable":true,"href":"https:\/\/customacrylicproduct.com\/de\/wp-json\/wp\/v2\/product_cat?post=1197"},{"taxonomy":"product_tag","embeddable":true,"href":"https:\/\/customacrylicproduct.com\/de\/wp-json\/wp\/v2\/product_tag?post=1197"}],"curies":[{"name":"wp","href":"https:\/\/api.w.org\/{rel}","templated":true}]}}