{"id":1202,"date":"2025-07-18T01:42:21","date_gmt":"2025-07-18T01:42:21","guid":{"rendered":"https:\/\/customacrylicproduct.com\/?post_type=product&#038;p=1202"},"modified":"2025-07-22T07:46:08","modified_gmt":"2025-07-22T07:46:08","slug":"custom-acrylic-display-stand-small-shelf-in-front-of-cash-register","status":"publish","type":"product","link":"https:\/\/customacrylicproduct.com\/de\/custom-acrylic-display-stand-small-shelf-in-front-of-cash-register\/","title":{"rendered":"Benutzerdefinierte Acryl-Display stehen kleine Regal vor der Registrierkasse"},"content":{"rendered":"<h3 id=\"-maximize-your-point-of-sale-prospective-the-ultimate-custom-made-acrylic-present-mean-your-countertop-\"><strong>Maximieren Sie Ihre Point-of-Sale-Perspektive: Das ultimative ma\u00dfgefertigte Acryl-Pr\u00e4sent bedeutet: Ihre Arbeitsplatte\u00a0<\/strong>.<\/h3>\n<p>In der hektischen Welt des Einzelhandels ist der Kassenschalter mehr als nur ein Ort f\u00fcr Eink\u00e4ufe; er ist der letzte, entscheidende Ber\u00fchrungspunkt in der Reise des Kunden. Dies ist Ihre letzte Chance, einen Eindruck zu hinterlassen, Ihre Marke hervorzuheben und einen letzten Verkauf zu t\u00e4tigen. Chaotische, un\u00fcbersichtliche Theken mit generischen Bildschirmen k\u00f6nnen zu verpassten Chancen und einer verw\u00e4sserten Markenbotschaft f\u00fchren. Es ist an der Zeit, diese n\u00fctzliche Fl\u00e4che in eine effektive Umsatzm\u00f6glichkeit zu verwandeln, und zwar mit unserem individuell gestalteten Acryl-Display, das fachm\u00e4nnisch entworfen wurde, um vor der Kasse zu stehen und fl\u00fcchtiges Interesse in Impulsk\u00e4ufe zu verwandeln.<\/p>\n<p>Wie auf den Bildern zu sehen ist, handelt es sich nicht nur um ein Regal, sondern um ein ma\u00dfgeschneidertes Werbemittel. Diese aus hochwertigem, lebendigem Acryl gefertigten Bildschirme sind sowohl \u00e4sthetisch gro\u00dfartig als auch \u00e4u\u00dferst n\u00fctzlich und bieten die perfekte B\u00fchne f\u00fcr Ihre kleinen, margenstarken Artikel.<\/p>\n<p><img fetchpriority=\"high\" decoding=\"async\" class=\"aligncenter wp-image-1207 size-full\" src=\"https:\/\/customacrylicproduct.com\/wp-content\/uploads\/2025\/07\/\u4e3b\u56fe05-7.jpg\" alt=\"Individuelles Acryl-Display\" width=\"800\" height=\"800\" srcset=\"https:\/\/customacrylicproduct.com\/wp-content\/uploads\/2025\/07\/\u4e3b\u56fe05-7.jpg 800w, https:\/\/customacrylicproduct.com\/wp-content\/uploads\/2025\/07\/\u4e3b\u56fe05-7-300x300.jpg 300w, https:\/\/customacrylicproduct.com\/wp-content\/uploads\/2025\/07\/\u4e3b\u56fe05-7-150x150.jpg 150w, https:\/\/customacrylicproduct.com\/wp-content\/uploads\/2025\/07\/\u4e3b\u56fe05-7-768x768.jpg 768w, https:\/\/customacrylicproduct.com\/wp-content\/uploads\/2025\/07\/\u4e3b\u56fe05-7-600x600.jpg 600w, https:\/\/customacrylicproduct.com\/wp-content\/uploads\/2025\/07\/\u4e3b\u56fe05-7-100x100.jpg 100w\" sizes=\"(max-width: 800px) 100vw, 800px\" \/><\/p>\n<p><strong>Die Psychologie der perfekten Positionierung\u00a0<\/strong>.<\/p>\n<p>Die kalkulierte Positionierung von Produkten am Point of Sale (POS) ist eine bew\u00e4hrte Strategie des Einzelhandels. Kunden, die in der Schlange stehen, sind ein begrenzter Zielmarkt. Sie befinden sich im \u201cKaufmodus\u201d und sind daher \u00e4u\u00dferst empf\u00e4nglich f\u00fcr gut pr\u00e4sentierte, in letzter Minute angebotene Verbesserungen. Unsere Acryl-Display-St\u00e4nder wurden entwickelt, um diesen psychologischen Moment zu nutzen. Indem Sie Ihre Artikel von der Ladentheke abheben und sie in einer geordneten, attraktiven und schnell zug\u00e4nglichen Weise pr\u00e4sentieren, beseitigen Sie Reibungsverluste und entscheiden sich f\u00fcr eine unkomplizierte L\u00f6sung. Der glatte, moderne Stil lenkt den Blick des Kunden direkt auf die Produkte, die Sie am meisten verkaufen m\u00f6chten, seien es Leckereien, S\u00fc\u00dfigkeiten, Kosmetika, kleine elektronische Ger\u00e4te oder Werbeartikel.<\/p>\n<p><strong>\u00dcberlegenes Produkt, unvergesslicher Eindruck\u00a0<\/strong>.<\/p>\n<p>Die Grundlage unserer Bildschirmst\u00e4nder ist hochwertiges Acryl. Wir haben uns f\u00fcr dieses Material entschieden, weil es eine einzigartige Kombination aus optischem Charme und dauerhafter Robustheit bietet.<\/p>\n<ul>\n<li><strong>Visueller Glanz:\u00a0<\/strong>Im Gegensatz zu billigem Kunststoff besitzt Acryl eine kristallklare, glasartige Qualit\u00e4t, die Raffinesse ausstrahlt. Das auf den Fotos zu sehende durchscheinende rote Acrylglas zeigt, wie die Farbe genutzt werden kann, um eine wirksame Markenaussage zu machen. Es f\u00e4ngt das Licht ein, verleiht der Theke einen Hauch von lebendiger Energie und passt zur Identifizierung des Markennamens. Die gl\u00e4nzende Oberfl\u00e4che verleiht dem Regal eine hochwertige Ausstrahlung, die den Wert der darin aufbewahrten Produkte steigert.<\/li>\n<li><strong>Au\u00dferordentliche Z\u00e4higkeit:\u00a0<\/strong>Acryl sieht zwar genauso elegant aus wie Glas, ist aber wesentlich haltbarer und bruchsicherer. Das macht es zu einer viel sichereren und sinnvolleren Option f\u00fcr eine aktive Einzelhandelsumgebung. Es h\u00e4lt den t\u00e4glichen St\u00f6\u00dfen und Schl\u00e4gen in einem stark frequentierten Kassenbereich stand, ohne abzusplittern oder zu splittern, und gew\u00e4hrleistet so ein dauerhaftes, fachm\u00e4nnisches Aussehen.<\/li>\n<li><strong>Leicht und vielseitig:\u00a0<\/strong>Trotz seiner St\u00e4rke ist Acryl leicht, so dass Sie das Display bei Bedarf bequem neu positionieren k\u00f6nnen, um das Format Ihrer Theke zu optimieren oder verschiedene Artikel zu verwenden.<\/li>\n<\/ul>\n<p><img decoding=\"async\" class=\"aligncenter wp-image-1206 size-full\" src=\"https:\/\/customacrylicproduct.com\/wp-content\/uploads\/2025\/07\/\u4e3b\u56fe04-3.jpg\" alt=\"Individuelles Acryl-Display\" width=\"800\" height=\"800\" srcset=\"https:\/\/customacrylicproduct.com\/wp-content\/uploads\/2025\/07\/\u4e3b\u56fe04-3.jpg 800w, https:\/\/customacrylicproduct.com\/wp-content\/uploads\/2025\/07\/\u4e3b\u56fe04-3-300x300.jpg 300w, https:\/\/customacrylicproduct.com\/wp-content\/uploads\/2025\/07\/\u4e3b\u56fe04-3-150x150.jpg 150w, https:\/\/customacrylicproduct.com\/wp-content\/uploads\/2025\/07\/\u4e3b\u56fe04-3-768x768.jpg 768w, https:\/\/customacrylicproduct.com\/wp-content\/uploads\/2025\/07\/\u4e3b\u56fe04-3-600x600.jpg 600w, https:\/\/customacrylicproduct.com\/wp-content\/uploads\/2025\/07\/\u4e3b\u56fe04-3-100x100.jpg 100w\" sizes=\"(max-width: 800px) 100vw, 800px\" \/><\/p>\n<p><strong>Intelligenter Stil, ma\u00dfgeschneidert f\u00fcr Ihre Anforderungen\u00a0<\/strong>.<\/p>\n<p>Unsere Fotosammlung zeigt die au\u00dfergew\u00f6hnliche Bequemlichkeit unserer stilistischen F\u00e4higkeiten. Wir verstehen, dass eine Gr\u00f6\u00dfe nicht f\u00fcr alle passt.<\/p>\n<ul>\n<li><strong>Gestuftes und abgewinkeltes Design (Bilder 1 und 2):\u00a0<\/strong>Dieser lebendige Stil zeichnet sich durch mehrere schr\u00e4ge Raten aus, die nach unten hin abfallen. Diese intelligente Anordnung sorgt daf\u00fcr, dass jeder Artikel, von der ersten bis zur letzten Reihe, f\u00fcr den Kunden vollst\u00e4ndig sichtbar ist. Der Winkel macht es f\u00fcr die Kunden ganz nat\u00fcrlich, einen Artikel zu erreichen und in die Hand zu nehmen, was die Kommunikation f\u00f6rdert. Die Seitenprofile k\u00f6nnen individuell in verschiedenen Formen geschnitten werden, wie z.B. die abgebildeten abgerundeten St\u00fctzen, die ein unverwechselbares stilistisches Flair vermitteln.<\/li>\n<li><strong>Gekipptes Box-Design (Bilder 3 &amp; 4):\u00a0<\/strong>Dieses klassische, aber sehr zuverl\u00e4ssige Design verwendet eine abgestufte Struktur innerhalb einer sauberen, kastenartigen Struktur. Es eignet sich hervorragend f\u00fcr die \u00fcbersichtliche Anordnung von Artikeln einheitlicher Gr\u00f6\u00dfe, wie z. B. die abgebildeten Leckerli-Beutel. Dieses Design maximiert die Produktdichte bei kompakter Wirkung und h\u00e4lt Ihre Theke sauber, w\u00e4hrend es eine betr\u00e4chtliche Menge an Vorr\u00e4ten enth\u00e4lt. Die hohe R\u00fcckwand eignet sich hervorragend als Leinwand f\u00fcr das bekannte Branding.<\/li>\n<\/ul>\n<p><img decoding=\"async\" class=\"aligncenter wp-image-1204 size-full\" src=\"https:\/\/customacrylicproduct.com\/wp-content\/uploads\/2025\/07\/\u4e3b\u56fe02-3.jpg\" alt=\"Individuelles Acryl-Display\" width=\"800\" height=\"800\" srcset=\"https:\/\/customacrylicproduct.com\/wp-content\/uploads\/2025\/07\/\u4e3b\u56fe02-3.jpg 800w, https:\/\/customacrylicproduct.com\/wp-content\/uploads\/2025\/07\/\u4e3b\u56fe02-3-300x300.jpg 300w, https:\/\/customacrylicproduct.com\/wp-content\/uploads\/2025\/07\/\u4e3b\u56fe02-3-150x150.jpg 150w, https:\/\/customacrylicproduct.com\/wp-content\/uploads\/2025\/07\/\u4e3b\u56fe02-3-768x768.jpg 768w, https:\/\/customacrylicproduct.com\/wp-content\/uploads\/2025\/07\/\u4e3b\u56fe02-3-600x600.jpg 600w, https:\/\/customacrylicproduct.com\/wp-content\/uploads\/2025\/07\/\u4e3b\u56fe02-3-100x100.jpg 100w\" sizes=\"(max-width: 800px) 100vw, 800px\" \/><\/p>\n<p><strong>Personalisierung: Ihre Marke in den Mittelpunkt stellen\u00a0<\/strong>.<\/p>\n<p>Die wahre St\u00e4rke unserer Bildschirmst\u00e4nder liegt in ihrer vollst\u00e4ndigen Anpassungsf\u00e4higkeit. Wir arbeiten mit Ihnen zusammen, um einen Bildschirm zu produzieren, der eine echte Erweiterung Ihrer Markenidentifikation darstellt.<\/p>\n<ul>\n<li><strong>Logo Design &amp; Motto Integration:\u00a0<\/strong>Mit dem Logo \u201c\u5bbe\u4e4b\u90ce\u201d (Container Zhi Lang) und dem Slogan \u201c\u7528\u5fc3\u505a\u597d\u6bcf1\u53e3\u69df\u6994\u201d (Carefully make every item of betel nut) k\u00f6nnen wir Ihr Branding direkt auf dem Bildschirm perfekt integrieren. Dank des hochaufl\u00f6senden Drucks werden Ihr Logo, Ihre Marke und Ihre Marketingbotschaften klar und deutlich dargestellt, was den Wiedererkennungswert Ihres Markennamens am Drehpunkt der Abrechnung erh\u00f6ht.<\/li>\n<li><strong>Farbabstimmung:\u00a0<\/strong>Auch wenn das dynamische Rot ansprechend ist, k\u00f6nnen wir Ihren Bildschirm in jedem beliebigen Farbton aus dem Pantone-Spektrum erstellen. Egal, ob Sie ein elegantes Schwarz, ein sauberes Wei\u00df oder einen bestimmten Farbton aus dem Farbschema Ihres Unternehmens ben\u00f6tigen, wir garantieren perfekte Konsistenz.<\/li>\n<li><strong>Personalisierte Kapazit\u00e4ten &amp; Formung:\u00a0<\/strong>Wir passen die Gr\u00f6\u00dfe, Form und Vielfalt der F\u00e4cher perfekt an Ihr spezifisches Produkt und Ihre Thekenfl\u00e4che an. Ganz gleich, ob Sie kleine runde Lippenbalsame, ebene Geschenkkarten oder verpackte Snacks vermarkten, wir entwickeln die F\u00e4cher so, dass sie perfekt passen.<\/li>\n<\/ul>\n<p><strong>Unbegrenzte Einsatzm\u00f6glichkeiten in allen Branchen\u00a0<\/strong>.<\/p>\n<p>Diese funktionellen K\u00fcchentischblenden sind der passende Service f\u00fcr eine gro\u00dfe Bandbreite von Organisationen:.<\/p>\n<ul>\n<li><strong>Convenience Stores und Superm\u00e4rkte:\u00a0<\/strong>F\u00fcr die Pr\u00e4sentation von Kaugummi, Minzbonbons, leckeren Schokoriegeln, weniger schweren Leckereien und Einzelportionen.<\/li>\n<li><strong>Caf\u00e9s und B\u00e4ckereien:\u00a0<\/strong>Perfekt f\u00fcr die Pr\u00e4sentation von verpackten Keksen, Verpflichtungskarten, Zuckerp\u00e4ckchen oder kleinen T\u00fcten mit Kaffeebohnen.<\/li>\n<li><strong>Boutiquen und Salons:\u00a0<\/strong>Elegant vorhandene Nagellacke, Lippenbalsam, Lotionen in Reisegr\u00f6\u00dfe und verschiedene andere kleine Accessoires.<\/li>\n<li><strong>Apotheken:\u00a0<\/strong>Ordnen Sie Toilettenartikel in Probegr\u00f6\u00dfen, Handdesinfektionsmittel und rezeptfreie Impulsk\u00e4ufe.<\/li>\n<li><strong>Elektronische Ger\u00e4te Gesch\u00e4fte:\u00a0<\/strong>Ordnen Sie kleine Gegenst\u00e4nde wie Rechnungskabel, Telefonsituationen und Flash-Laufwerke ordentlich an.<\/li>\n<\/ul>\n<p><strong>Kaufen Sie einen leisen Handelsvertreter\u00a0<\/strong>.<\/p>\n<p>Lassen Sie nicht l\u00e4nger zu, dass Ihr wichtigster Verkaufsbereich nicht genutzt wird. Ein gew\u00f6hnliches Drahtgestell oder ein ungeordneter Stapel von Produkten vermittelt den Eindruck mangelnder Organisation. Unser kundenspezifischer Ausstellungsst\u00e4nder aus Acryl ist eine wichtige finanzielle Investition, von der Sie st\u00e4ndig profitieren. Er ist ein stiller Verk\u00e4ufer, der arrangiert, pr\u00e4sentiert, Marken vorstellt und verkauft, und das alles auf einer tragbaren Stellfl\u00e4che. Er ist sehr leicht aufzur\u00e4umen, langlebig und wurde entwickelt, um eine messbare Rendite zu erzielen, indem er Impulsverk\u00e4ufe f\u00f6rdert und das gesamte Kauferlebnis Ihrer Kunden verbessert.<\/p>\n<p>Heben Sie Ihre Marke hervor und steigern Sie Ihren Umsatz. Rufen Sie uns noch heute an, um eine ma\u00dfgeschneiderte Acryl-Kassenshow zu entwerfen, die das Wesen Ihrer Marke makellos einf\u00e4ngt und zu beachtlichen Ergebnissen f\u00fchrt.<\/p>","protected":false},"excerpt":{"rendered":"<p class=\"ng-star-inserted\"><span class=\"ng-star-inserted\">F\u00f6rdern Sie Impulsk\u00e4ufe mit einem individuell gestalteten Acryl-Display f\u00fcr Ihre Registrierkasse. Dieses robuste, auff\u00e4llige Regal ordnet kleine Produkte am Point of Sale ordentlich an. Vollst\u00e4ndig anpassbar mit dem Logo und den Farben Ihrer Marke, um die Sichtbarkeit zu verbessern und den Verkauf zu f\u00f6rdern.<\/span><\/p>","protected":false},"featured_media":1207,"template":"","meta":{"_kad_post_transparent":"default","_kad_post_title":"","_kad_post_layout":"default","_kad_post_sidebar_id":"","_kad_post_content_style":"default","_kad_post_vertical_padding":"default","_kad_post_feature":"","_kad_post_feature_position":"","_kad_post_header":false,"_kad_post_footer":false,"_kad_post_classname":""},"product_brand":[],"product_cat":[15],"product_tag":[110,109],"class_list":{"0":"post-1202","1":"product","2":"type-product","3":"status-publish","4":"has-post-thumbnail","6":"product_cat-custom-acrylic-displays","7":"product_tag-custom-acrylic","8":"product_tag-display","10":"first","11":"instock","12":"shipping-taxable","13":"product-type-simple","14":"entry","15":"content-bg","16":"loop-entry"},"_links":{"self":[{"href":"https:\/\/customacrylicproduct.com\/de\/wp-json\/wp\/v2\/product\/1202","targetHints":{"allow":["GET"]}}],"collection":[{"href":"https:\/\/customacrylicproduct.com\/de\/wp-json\/wp\/v2\/product"}],"about":[{"href":"https:\/\/customacrylicproduct.com\/de\/wp-json\/wp\/v2\/types\/product"}],"wp:featuredmedia":[{"embeddable":true,"href":"https:\/\/customacrylicproduct.com\/de\/wp-json\/wp\/v2\/media\/1207"}],"wp:attachment":[{"href":"https:\/\/customacrylicproduct.com\/de\/wp-json\/wp\/v2\/media?parent=1202"}],"wp:term":[{"taxonomy":"product_brand","embeddable":true,"href":"https:\/\/customacrylicproduct.com\/de\/wp-json\/wp\/v2\/product_brand?post=1202"},{"taxonomy":"product_cat","embeddable":true,"href":"https:\/\/customacrylicproduct.com\/de\/wp-json\/wp\/v2\/product_cat?post=1202"},{"taxonomy":"product_tag","embeddable":true,"href":"https:\/\/customacrylicproduct.com\/de\/wp-json\/wp\/v2\/product_tag?post=1202"}],"curies":[{"name":"wp","href":"https:\/\/api.w.org\/{rel}","templated":true}]}}