{"id":1208,"date":"2025-07-18T01:55:22","date_gmt":"2025-07-18T01:55:22","guid":{"rendered":"https:\/\/customacrylicproduct.com\/?post_type=product&#038;p=1208"},"modified":"2025-07-22T08:28:20","modified_gmt":"2025-07-22T08:28:20","slug":"square-colorful-laser-box-colorful-acrylic-display-box","status":"publish","type":"product","link":"https:\/\/customacrylicproduct.com\/de\/square-colorful-laser-box-colorful-acrylic-display-box\/","title":{"rendered":"Quadratische bunte Laser Box Bunte Acryl Display Box"},"content":{"rendered":"<h3 id=\"the-aurora-dice-unlock-a-spectrum-of-wonder-with-our-colorful-acrylic-show-box\">Der Aurora-W\u00fcrfel: Entdecke ein Spektrum an Wundern mit unserer farbenfrohen Acryl-Showbox<\/h3>\n<p><strong>Einleitung: Jenseits der gew\u00f6hnlichen Box<\/strong><\/p>\n<p>In einem Globus voller allt\u00e4glicher Gegenst\u00e4nde pr\u00e4sentieren wir etwas Au\u00dfergew\u00f6hnliches. Dies ist nicht einfach eine Schachtel. Sie ist ein Gef\u00e4\u00df des Lichts, ein Prisma der M\u00f6glichkeiten und ein dynamisches Kunstwerk, das sich mit jedem Blick verwandelt. Wir stellen Ihnen die Square Colorful Laser Box vor, ein Kunstwerk aus Acryl, das die Sinne fesselt und jeden Raum, in dem es steht, aufwertet. Vergessen Sie statische Dekoration; dies ist eine interaktive Erfahrung. Es ist ein St\u00fcck Regenbogen, ein St\u00fcck Sonnenuntergang und ein Blick in eine futuristische Sehnsucht, alles eingefangen in den aufger\u00e4umten, modernen Linien eines exzellenten W\u00fcrfels. Egal, ob Sie ein Designer, ein Sammler, ein Verk\u00e4ufer oder einfach nur ein Mensch sind, der eine gro\u00dfe Anziehungskraft zu sch\u00e4tzen wei\u00df, diese Box ist Ihre neue Leinwand zum Staunen.<\/p>\n<p><img fetchpriority=\"high\" decoding=\"async\" class=\"aligncenter wp-image-1210 size-full\" src=\"https:\/\/customacrylicproduct.com\/wp-content\/uploads\/2025\/07\/O1CN01vo0Rew2D4hQlgO2uC_2208409208556-0-cib.jpg\" alt=\"Individuelles Acryl-Display\" width=\"800\" height=\"800\" srcset=\"https:\/\/customacrylicproduct.com\/wp-content\/uploads\/2025\/07\/O1CN01vo0Rew2D4hQlgO2uC_2208409208556-0-cib.jpg 800w, https:\/\/customacrylicproduct.com\/wp-content\/uploads\/2025\/07\/O1CN01vo0Rew2D4hQlgO2uC_2208409208556-0-cib-300x300.jpg 300w, https:\/\/customacrylicproduct.com\/wp-content\/uploads\/2025\/07\/O1CN01vo0Rew2D4hQlgO2uC_2208409208556-0-cib-150x150.jpg 150w, https:\/\/customacrylicproduct.com\/wp-content\/uploads\/2025\/07\/O1CN01vo0Rew2D4hQlgO2uC_2208409208556-0-cib-768x768.jpg 768w, https:\/\/customacrylicproduct.com\/wp-content\/uploads\/2025\/07\/O1CN01vo0Rew2D4hQlgO2uC_2208409208556-0-cib-600x600.jpg 600w, https:\/\/customacrylicproduct.com\/wp-content\/uploads\/2025\/07\/O1CN01vo0Rew2D4hQlgO2uC_2208409208556-0-cib-100x100.jpg 100w\" sizes=\"(max-width: 800px) 100vw, 800px\" \/><\/p>\n<p><strong>Die wissenschaftliche Erforschung der Magie: Das dichroitische Ergebnis<\/strong><\/p>\n<p>Die bezaubernde Anziehungskraft der Colorful Laser Box beruht auf ihrer innovativen Materialzusammensetzung. Jede Platte ist aus hochwertigem, kristallklarem Acryl gefertigt, das mit einem speziellen dichroitischen Film behandelt wurde. Das ist der Ort, an dem die Magie geschieht. Bei der modernen dichroitischen Technologie, die urspr\u00fcnglich von der NASA entwickelt wurde, wird eine Oberfl\u00e4che mit mikroskopisch d\u00fcnnen Schichten aus Metallen und Oxiden \u00fcberzogen. Diese Schichten arbeiten mit einem Quantengrad, um das Licht anzupassen.<\/p>\n<p>Im Gegensatz zu einfachem farbigem Kunststoff, der bestimmte Wellenl\u00e4ngen absorbiert, filtert unser dichroitisches Acrylglas das Licht, das es durchl\u00e4uft, pr\u00e4zise. Das bedeutet, dass es bestimmte Farben durchl\u00e4sst und gleichzeitig eine v\u00f6llig andere, komplement\u00e4re Palette widerspiegelt. Das Ergebnis ist eine spektakul\u00e4re, sich st\u00e4ndig ver\u00e4ndernde visuelle Darstellung. Wenn Sie um das Paket herumgehen oder wenn sich die Lichtquelle in Ihrer Umgebung \u00e4ndert, ver\u00e4ndern sich die Farben und tanzen. Eine Oberfl\u00e4che, die aus einem bestimmten Blickwinkel in einem trendigen Cyan erscheint, leuchtet aus einem anderen in einem warmen Magenta. Ein feiner Hauch von Gold kann sich sofort in ein tiefes, \u00e4therisches Violett verwandeln. Ein Paket hat nicht nur eine Farbe; es hat\u00a0<em>alle\u00a0<\/em>die Farben, die darauf warten, von Ihrem Blick belichtet zu werden. Dieses \u201cLaser\u201d-Ergebnis, eine Kaskade regenbogenartiger Farben, sorgt daf\u00fcr, dass die Verpackung nie zweimal dieselbe ist, und bietet eine st\u00e4ndige Quelle f\u00fcr \u00e4sthetisches Vergn\u00fcgen und Schock.<\/p>\n<p><img decoding=\"async\" class=\"aligncenter wp-image-1212 size-full\" src=\"https:\/\/customacrylicproduct.com\/wp-content\/uploads\/2025\/07\/O1CN01yerDhh2D4hQlgNuZX_2208409208556-0-cib.jpg\" alt=\"Individuelles Acryl-Display\" width=\"800\" height=\"800\" srcset=\"https:\/\/customacrylicproduct.com\/wp-content\/uploads\/2025\/07\/O1CN01yerDhh2D4hQlgNuZX_2208409208556-0-cib.jpg 800w, https:\/\/customacrylicproduct.com\/wp-content\/uploads\/2025\/07\/O1CN01yerDhh2D4hQlgNuZX_2208409208556-0-cib-300x300.jpg 300w, https:\/\/customacrylicproduct.com\/wp-content\/uploads\/2025\/07\/O1CN01yerDhh2D4hQlgNuZX_2208409208556-0-cib-150x150.jpg 150w, https:\/\/customacrylicproduct.com\/wp-content\/uploads\/2025\/07\/O1CN01yerDhh2D4hQlgNuZX_2208409208556-0-cib-768x768.jpg 768w, https:\/\/customacrylicproduct.com\/wp-content\/uploads\/2025\/07\/O1CN01yerDhh2D4hQlgNuZX_2208409208556-0-cib-600x600.jpg 600w, https:\/\/customacrylicproduct.com\/wp-content\/uploads\/2025\/07\/O1CN01yerDhh2D4hQlgNuZX_2208409208556-0-cib-100x100.jpg 100w\" sizes=\"(max-width: 800px) 100vw, 800px\" \/><\/p>\n<p><strong>Bemerkenswerte Handwerkskunst und Layout<\/strong><\/p>\n<p>Sch\u00f6nheit sollte mit Spitzenqualit\u00e4t einhergehen. Die Colorful Laser Box ist ein Zeugnis f\u00fcr pr\u00e4zises Design und sorgf\u00e4ltige Handwerkskunst.<\/p>\n<ul>\n<li><strong>Hochwertiges Acryl:\u00a0<\/strong>Wir verwenden nur feinstes, optisch reines Acryl. Dies sorgt f\u00fcr maximale Qualit\u00e4t und Lichtdurchl\u00e4ssigkeit, sodass der dichroitische Effekt in seiner ganzen Pracht erstrahlen kann. Das Produkt ist au\u00dferdem wesentlich widerstandsf\u00e4higer und bruchsicherer als Glas, was es zu einer viel sichereren und n\u00fctzlicheren Option f\u00fcr Wohnungen, Werkst\u00e4tten und den Einzelhandel macht.<\/li>\n<li><strong>Pr\u00e4zisionsgeschnittene Paneele:\u00a0<\/strong>Jede der 6 Seiten ist nach genauen Vorgaben lasergeschnitten, was f\u00fcr exzellente ideale Winkel und eine makellose geometrische Form sorgt. Die W\u00fcrfelform ist ein klassisches Symbol f\u00fcr Sicherheit, Ausgewogenheit und Modernit\u00e4t und bietet eine perfekte Grundlage f\u00fcr die flie\u00dfende, ungeordnete Eleganz der Farben.<\/li>\n<li><strong>Glattes Geb\u00e4ude:\u00a0<\/strong>Die Paneele werden mit einem klaren, hochfesten Klebstoff fachm\u00e4nnisch miteinander verbunden, wodurch saubere, praktisch unsichtbare Verbindungen entstehen. Die Kanten werden dann diamantgeschliffen, um eine glatte, glas\u00e4hnliche Oberfl\u00e4che zu erhalten, was das Aussehen und die Haptik des Pakets zus\u00e4tzlich verst\u00e4rkt. Dieses Interesse an Informationen garantiert, dass es keine rauen Seiten oder d\u00fcsteren Fugen gibt, die von der sensationellen visuellen Wirkung ablenken.<\/li>\n<\/ul>\n<p><img decoding=\"async\" class=\"aligncenter wp-image-1211 size-full\" src=\"https:\/\/customacrylicproduct.com\/wp-content\/uploads\/2025\/07\/O1CN01wzhw412D4hQv9el0q_2208409208556-0-cib.jpg\" alt=\"Acryl-Display-Box\" width=\"800\" height=\"800\" srcset=\"https:\/\/customacrylicproduct.com\/wp-content\/uploads\/2025\/07\/O1CN01wzhw412D4hQv9el0q_2208409208556-0-cib.jpg 800w, https:\/\/customacrylicproduct.com\/wp-content\/uploads\/2025\/07\/O1CN01wzhw412D4hQv9el0q_2208409208556-0-cib-300x300.jpg 300w, https:\/\/customacrylicproduct.com\/wp-content\/uploads\/2025\/07\/O1CN01wzhw412D4hQv9el0q_2208409208556-0-cib-150x150.jpg 150w, https:\/\/customacrylicproduct.com\/wp-content\/uploads\/2025\/07\/O1CN01wzhw412D4hQv9el0q_2208409208556-0-cib-768x768.jpg 768w, https:\/\/customacrylicproduct.com\/wp-content\/uploads\/2025\/07\/O1CN01wzhw412D4hQv9el0q_2208409208556-0-cib-600x600.jpg 600w, https:\/\/customacrylicproduct.com\/wp-content\/uploads\/2025\/07\/O1CN01wzhw412D4hQv9el0q_2208409208556-0-cib-100x100.jpg 100w\" sizes=\"(max-width: 800px) 100vw, 800px\" \/><\/p>\n<p><strong>Ein Kosmos von Anwendungen: Mehr als nur eine Show<\/strong><\/p>\n<p>Das wahre Genie der Colorful Laser Box ist ihre Flexibilit\u00e4t. Ihre Funktion wird nur durch Ihre kreative Fantasie begrenzt.<\/p>\n<ul>\n<li><strong>F\u00fcr den Liebhaber von Wohnkultur:\u00a0<\/strong>Machen Sie diese Box zum Mittelpunkt Ihres Wohnzimmertisches, zu einem Highlight in einem minimalistischen B\u00fccherregal oder zu einem leuchtenden Akzent auf Ihrem Schreibtisch. Stellen Sie sie in der N\u00e4he eines Fensters auf und beobachten Sie, wie sie Ihren Raum im Laufe des Tages mit wechselnden Mustern aus farbigem Licht durchflutet. Verwenden Sie ihn als schicke Erh\u00f6hung f\u00fcr Ihre Lieblingspflanze, eine kleine Skulptur oder eine Duftkerze und verwandeln Sie einen einfachen Gegenstand direkt in einen stilvollen Paravent.<\/li>\n<li><strong>F\u00fcr den H\u00e4ndler und Aussteller:\u00a0<\/strong>In einem erschwinglichen Verkaufsraum ist die Aufzeichnung von Interesse alles. Verwenden Sie diese Box, um einen unvergesslichen Warenbildschirm zu entwickeln. Es ist das beste Display f\u00fcr Luxusg\u00fcter wie Modeschmuck, Uhren, D\u00fcfte und hochwertige Kosmetik. Stellen Sie sich einen Rubinring oder ein zartes Perlenmedaillon darin vor, umrahmt von einem Heiligenschein aus beweglichen Farbt\u00f6nen. Er zieht die Blicke auf sich, vermittelt den Eindruck eines immensen Wertes und macht Ihren Artikel verf\u00fchrerisch. Es ist ein unverzichtbares Instrument f\u00fcr Ausstellungen, Schaufenster und Werbeaktionen in Gesch\u00e4ften.<\/li>\n<li><strong>F\u00fcr den Kreativspezialisten:\u00a0<\/strong>F\u00fcr Fotografen und Videofilmer ist diese Box sicherlich ein wichtiges Requisit. Mit ihm lassen sich spektakul\u00e4re Lichtlecks, \u00e4therische Linsenreflexe und abstrakte, farbenfrohe Geschichten f\u00fcr Objekt- oder Portr\u00e4tfotografie entwickeln. Seine reflektierenden und lichtbrechenden Eigenschaften bieten unz\u00e4hlige M\u00f6glichkeiten f\u00fcr k\u00fcnstlerische Versuche. F\u00fcr K\u00fcnstler und Entwickler dient es als st\u00e4ndige Inspirationsquelle - ein physischer Gegenstand, der die Prinzipien von Licht, Schatten und Art verk\u00f6rpert.<\/li>\n<li><strong>Ein Unterschlupf f\u00fcr Sammlerst\u00fccke:\u00a0<\/strong>Bieten Sie Ihren wertvollsten Antiquit\u00e4ten das Zuhause, das ihnen geb\u00fchrt. Ob es sich um einen seltenen Kristall, eine tiefgr\u00fcndige Figur oder ein autorisiertes Souvenir handelt, die Colorful Laser Box sch\u00fctzt es vor Staub und verwandelt es gleichzeitig in ein museumsw\u00fcrdiges Exponat. Das Zusammenspiel des Lichts hebt jeden Aspekt und jede Information des Objekts hervor.<\/li>\n<li><strong>Interaktive Kunst und technische Integration:\u00a0<\/strong>Wie auf den Fotos zu sehen, ist die Verpackung mit einer inneren Lichtquelle ausgestattet. Platzieren Sie einen einfachen LED-Puck, eine Lichterkette oder sogar eine intelligente RGB-Gl\u00fchbirne im Inneren, um ein neues Ma\u00df an Attraktivit\u00e4t freizusetzen. In einem schlecht beleuchteten Raum wird das Paket sicherlich von innen heraus strahlen und seine Regenbogenfarben auf die angrenzenden Oberfl\u00e4chenbereiche \u00fcbertragen, wodurch eine dynamische und eindringliche Umgebung entsteht, die ideal f\u00fcr eine moderne, technikorientierte oder Vaporwave-\u00c4sthetik ist.<\/li>\n<\/ul>\n<p><strong>Das perfekte, unvergessliche Geschenk<\/strong><\/p>\n<p>Sie sind auf der Suche nach einem Geschenk, das sowohl besonders als auch attraktiv ist? Die Square Colorful Laser Box ist die L\u00f6sung. Sie ist das ideale Geschenk f\u00fcr den Musiker in Ihrem Leben, den Designer mit einem scharfen Auge, den Liebhaber, der schon alles hat, oder jeden, der Freude an der Verbindung von Kunst und Wissenschaft findet. Sie ist nicht nur ein Geschenk, sondern auch ein Erlebnis, ein Gespr\u00e4chsanlass und ein interaktives Kunstwerk, das sicherlich noch viele Jahre lang gesch\u00e4tzt wird.<\/p>\n<p><strong>Artikel Specs &amp; Behandlung:<\/strong><\/p>\n<ul>\n<li><strong>Material:\u00a0<\/strong>Hochwertiges dichroitisches Polymer.<\/li>\n<li><strong>Die Form:\u00a0<\/strong>W\u00fcrfel.<\/li>\n<li><strong>Geb\u00e4ude:\u00a0<\/strong>Pr\u00e4zisionsgeschnittene Platten mit glatten Seiten.<\/li>\n<li><strong>Pflegehinweise:\u00a0<\/strong>Um die sch\u00f6ne Qualit\u00e4t und die dynamischen Farbt\u00f6ne zu erhalten, reinigen Sie sie einfach mit einem weichen, sauberen Mikrofasertuch. Vermeiden Sie die Verwendung von groben chemischen Reinigern oder rauen Produkten, da diese die Acryloberfl\u00e4che zerkratzen k\u00f6nnen.<\/li>\n<\/ul>\n<p><strong>Bring das Licht nach Hause\u00a0<\/strong>.<\/p>\n<p>Dekorieren Sie nicht nur Ihren Raum - bringen Sie ihn mit lebendiger Farbe zum Leuchten. Die quadratische Colorful Laser Box Colorful Polymer Show Box ist mehr als nur ein Gegenstand; sie ist eine lebendige Reise des Lichts und der Sichtweise. Sie ist ein allt\u00e4glicher Hinweis auf die Sch\u00f6nheit, die uns umgibt, eingefangen und verbessert in einem einzigen, perfekten Gegenstand. Legen Sie diese Symphonie der Farben noch heute in Ihren Warenkorb und sichern Sie sich ein St\u00fcck des Regenbogens.<\/p>","protected":false},"excerpt":{"rendered":"<p class=\"ng-star-inserted\"><span class=\"ng-star-inserted\">Dieser quadratische Acryl-Display-Kasten verleiht Ihrem Raum einen futuristischen Glanz. Die einzigartige, irisierende Oberfl\u00e4che erzeugt einen schillernden, laser\u00e4hnlichen Effekt, der im Licht durch einen Regenbogen von Farben changiert. Perfekt als modernes Dekorationsst\u00fcck, als schicke Aufbewahrungsbox oder als atemberaubendes Display f\u00fcr Ihre Lieblingsst\u00fccke.<\/span><\/p>","protected":false},"featured_media":1210,"template":"","meta":{"_kad_post_transparent":"default","_kad_post_title":"","_kad_post_layout":"default","_kad_post_sidebar_id":"","_kad_post_content_style":"default","_kad_post_vertical_padding":"default","_kad_post_feature":"","_kad_post_feature_position":"","_kad_post_header":false,"_kad_post_footer":false,"_kad_post_classname":""},"product_brand":[],"product_cat":[17],"product_tag":[111],"class_list":{"0":"post-1208","1":"product","2":"type-product","3":"status-publish","4":"has-post-thumbnail","6":"product_cat-custom-acrylic-boxes","7":"product_tag-acrylic-display-box","9":"first","10":"instock","11":"shipping-taxable","12":"product-type-simple","13":"entry","14":"content-bg","15":"loop-entry"},"_links":{"self":[{"href":"https:\/\/customacrylicproduct.com\/de\/wp-json\/wp\/v2\/product\/1208","targetHints":{"allow":["GET"]}}],"collection":[{"href":"https:\/\/customacrylicproduct.com\/de\/wp-json\/wp\/v2\/product"}],"about":[{"href":"https:\/\/customacrylicproduct.com\/de\/wp-json\/wp\/v2\/types\/product"}],"wp:featuredmedia":[{"embeddable":true,"href":"https:\/\/customacrylicproduct.com\/de\/wp-json\/wp\/v2\/media\/1210"}],"wp:attachment":[{"href":"https:\/\/customacrylicproduct.com\/de\/wp-json\/wp\/v2\/media?parent=1208"}],"wp:term":[{"taxonomy":"product_brand","embeddable":true,"href":"https:\/\/customacrylicproduct.com\/de\/wp-json\/wp\/v2\/product_brand?post=1208"},{"taxonomy":"product_cat","embeddable":true,"href":"https:\/\/customacrylicproduct.com\/de\/wp-json\/wp\/v2\/product_cat?post=1208"},{"taxonomy":"product_tag","embeddable":true,"href":"https:\/\/customacrylicproduct.com\/de\/wp-json\/wp\/v2\/product_tag?post=1208"}],"curies":[{"name":"wp","href":"https:\/\/api.w.org\/{rel}","templated":true}]}}