{"id":1213,"date":"2025-07-18T02:07:09","date_gmt":"2025-07-18T02:07:09","guid":{"rendered":"https:\/\/customacrylicproduct.com\/?post_type=product&#038;p=1213"},"modified":"2025-07-22T08:29:05","modified_gmt":"2025-07-22T08:29:05","slug":"highly-transparent-acrylic-sheet-processing-plastic-sheet-custom","status":"publish","type":"product","link":"https:\/\/customacrylicproduct.com\/de\/highly-transparent-acrylic-sheet-processing-plastic-sheet-custom\/","title":{"rendered":"Hochtransparente Acrylglasplatten Verarbeitung von Kunststoffplatten nach Ma\u00df"},"content":{"rendered":"<h3 id=\"-the-ultimate-option-for-clearness-longevity-and-layout-highly-transparent-customized-acrylic-sheets-\"><strong>Die ultimative Option f\u00fcr Klarheit, Langlebigkeit und Layout: Hochtransparente kundenspezifische Acrylglasplatten<\/strong><\/h3>\n<p>In einer Welt, die von Entwicklung, Aussehen und Effizienz gepr\u00e4gt ist, kann die Wahl des Materials den Erfolg einer Aufgabe bestimmen. Von auff\u00e4lligen Geb\u00e4udeelementen und sch\u00f6nen Schirmen f\u00fcr den Einzelhandel bis hin zu robusten kommerziellen Elementen und detaillierten Kunstwerken - die Nachfrage nach einem Produkt, das sowohl Charme als auch Energie bietet, war noch nie so gro\u00df. Wir f\u00fchlen uns geehrt, die \u00fcberzeugendste Option anbieten zu k\u00f6nnen: unsere erstklassigen, sehr klaren Acrylplatten, die von einem detaillierten Paket an kundenspezifischen Bearbeitungs- und Herstellungsdienstleistungen unterst\u00fctzt werden.<\/p>\n<p>Unser Produkt ist mehr als nur eine Kunststoffplatte; es ist eine leere Leinwand f\u00fcr Ihre Kreativit\u00e4t, die so gestaltet ist, dass sie funktioniert, und die Sie motivieren soll. Wie unser umfassendes Angebot und unsere pr\u00e4zisionsgefertigten Beispiele zeigen, schlagen wir eine nahtlose Br\u00fccke zwischen Ihrem Konzept und einer spektakul\u00e4ren physischen Realit\u00e4t.<\/p>\n<p><img fetchpriority=\"high\" decoding=\"async\" class=\"aligncenter wp-image-1217 size-full\" src=\"https:\/\/customacrylicproduct.com\/wp-content\/uploads\/2025\/07\/O1CN01LUmO5Y2D4hSeFRhoU_2208409208556-0-cib.jpg\" alt=\"Acrylglasplatte\" width=\"800\" height=\"800\" srcset=\"https:\/\/customacrylicproduct.com\/wp-content\/uploads\/2025\/07\/O1CN01LUmO5Y2D4hSeFRhoU_2208409208556-0-cib.jpg 800w, https:\/\/customacrylicproduct.com\/wp-content\/uploads\/2025\/07\/O1CN01LUmO5Y2D4hSeFRhoU_2208409208556-0-cib-300x300.jpg 300w, https:\/\/customacrylicproduct.com\/wp-content\/uploads\/2025\/07\/O1CN01LUmO5Y2D4hSeFRhoU_2208409208556-0-cib-150x150.jpg 150w, https:\/\/customacrylicproduct.com\/wp-content\/uploads\/2025\/07\/O1CN01LUmO5Y2D4hSeFRhoU_2208409208556-0-cib-768x768.jpg 768w, https:\/\/customacrylicproduct.com\/wp-content\/uploads\/2025\/07\/O1CN01LUmO5Y2D4hSeFRhoU_2208409208556-0-cib-600x600.jpg 600w, https:\/\/customacrylicproduct.com\/wp-content\/uploads\/2025\/07\/O1CN01LUmO5Y2D4hSeFRhoU_2208409208556-0-cib-100x100.jpg 100w\" sizes=\"(max-width: 800px) 100vw, 800px\" \/><\/p>\n<h4 id=\"-unparalleled-optical-clarity-a-window-to-excellence-\"><strong>Un\u00fcbertroffene optische Klarheit: Ein Fenster zur Exzellenz<\/strong><\/h4>\n<p>Das Markenzeichen unserer Acrylplatten ist ihre au\u00dfergew\u00f6hnliche, glas\u00e4hnliche Transparenz. Unsere aus 100% Polymethylmethacrylat (PMMA) hergestellten Platten haben eine Lichtdurchl\u00e4ssigkeit von \u00fcber 92%, was zu einer kristallklaren, verzerrungsfreien Sicht f\u00fchrt, die \u00e4sthetisch mit dem feinsten optischen Glas gleichzusetzen ist. Diese hohe Lichtqualit\u00e4t sorgt daf\u00fcr, dass Ihre Entw\u00fcrfe, Produkte oder Displays im wahrsten Sinne des Wortes ins rechte Licht ger\u00fcckt werden, ohne die gr\u00fcne Farbe, die h\u00e4ufig mit einfachem Glas verbunden ist. Ganz gleich, ob Sie eine Vitrine in Museumsqualit\u00e4t herstellen, die einen ungehinderten Blick auf ein wertvolles Artefakt bietet, oder eine glatte, moderne Balustrade anfertigen, unser Acrylglas bietet die hervorragende Klarheit, die Ihre Aufgabe verdient.<\/p>\n<p>Das erste Bild, das einen dicken, makellos glatten Acrylblock zeigt, ist ein Beweis f\u00fcr diese hohe Qualit\u00e4t. Die Kanten sind diamantgeschliffen und spiegelglatt, was nicht nur die Brillanz des Materials unterstreicht, sondern auch unsere F\u00e4higkeit, ein Produkt zu liefern, das von seinem Kern bis zu seiner Oberfl\u00e4che bemerkenswert ist.<\/p>\n<p><img decoding=\"async\" class=\"aligncenter wp-image-1215 size-full\" src=\"https:\/\/customacrylicproduct.com\/wp-content\/uploads\/2025\/07\/20247715544_1456577355.jpg\" alt=\"Acrylglasplatte\" width=\"800\" height=\"800\" srcset=\"https:\/\/customacrylicproduct.com\/wp-content\/uploads\/2025\/07\/20247715544_1456577355.jpg 800w, https:\/\/customacrylicproduct.com\/wp-content\/uploads\/2025\/07\/20247715544_1456577355-300x300.jpg 300w, https:\/\/customacrylicproduct.com\/wp-content\/uploads\/2025\/07\/20247715544_1456577355-150x150.jpg 150w, https:\/\/customacrylicproduct.com\/wp-content\/uploads\/2025\/07\/20247715544_1456577355-768x768.jpg 768w, https:\/\/customacrylicproduct.com\/wp-content\/uploads\/2025\/07\/20247715544_1456577355-600x600.jpg 600w, https:\/\/customacrylicproduct.com\/wp-content\/uploads\/2025\/07\/20247715544_1456577355-100x100.jpg 100w\" sizes=\"(max-width: 800px) 100vw, 800px\" \/><\/p>\n<h4 id=\"-the-power-of-customization-precision-engineered-for-your-requirements-\"><strong>Die Kraft der Individualisierung: Ma\u00dfgeschneidert f\u00fcr Ihre Anforderungen<\/strong><\/h4>\n<p>Wir wissen, dass eine Dimension selten f\u00fcr alle passt. Die wahre St\u00e4rke unseres Angebots liegt in unseren fortschrittlichen Bearbeitungs- und Personalisierungskapazit\u00e4ten. Standardplatten sind nur der Anfang. Unser hochmodernes Zentrum, das durch ein gut sortiertes Lager repr\u00e4sentiert wird, ist in der Lage, rohe Acrylplatten in Elemente zu verwandeln, die genau auf Ihre Anforderungen zugeschnitten sind.<\/p>\n<p><img decoding=\"async\" class=\"aligncenter wp-image-1216 size-full\" src=\"https:\/\/customacrylicproduct.com\/wp-content\/uploads\/2025\/07\/20329025579_1456577355.jpg\" alt=\"Acrylglasplatte\" width=\"800\" height=\"800\" srcset=\"https:\/\/customacrylicproduct.com\/wp-content\/uploads\/2025\/07\/20329025579_1456577355.jpg 800w, https:\/\/customacrylicproduct.com\/wp-content\/uploads\/2025\/07\/20329025579_1456577355-300x300.jpg 300w, https:\/\/customacrylicproduct.com\/wp-content\/uploads\/2025\/07\/20329025579_1456577355-150x150.jpg 150w, https:\/\/customacrylicproduct.com\/wp-content\/uploads\/2025\/07\/20329025579_1456577355-768x768.jpg 768w, https:\/\/customacrylicproduct.com\/wp-content\/uploads\/2025\/07\/20329025579_1456577355-600x600.jpg 600w, https:\/\/customacrylicproduct.com\/wp-content\/uploads\/2025\/07\/20329025579_1456577355-100x100.jpg 100w\" sizes=\"(max-width: 800px) 100vw, 800px\" \/><\/p>\n<p>Unsere ma\u00dfgeschneiderten Verarbeitungsl\u00f6sungen bestehen aus:.<\/p>\n<ul>\n<li><strong>Genauigkeit beim Zuschnitt:\u00a0<\/strong>Mit modernen CNC-Fr\u00e4smaschinen und Laserschneidern k\u00f6nnen wir Bleche in jeder Form und Abmessung mit beeindruckender Genauigkeit und geringen Toleranzen schneiden. Dies garantiert eine ideale Eignung f\u00fcr jede Anwendung, von einfachen rechteckigen Platten bis hin zu komplexen, verschachtelten Teilen.<\/li>\n<li><strong>Spezialisierte Seitenveredelung:\u00a0<\/strong>Eine veredelte Seite wertet den ganzen Artikel auf. Wir bieten eine Vielzahl von Veredelungsm\u00f6glichkeiten an: scharfe S\u00e4geschnittkanten, glatte, matte Beschichtungen und das sehr beliebte Feuer- und Diamantpolieren f\u00fcr eine gl\u00e4nzende, transparente Kante, die das Licht hervorragend aufnimmt und bricht.<\/li>\n<li><strong>Bohren, Fr\u00e4sen und maschinelle Bearbeitung:\u00a0<\/strong>M\u00fcssen Sie L\u00f6cher, Senkungen oder komplizierte Ausschnitte anbringen? Unsere L\u00f6sungen f\u00fcr die Pr\u00e4zisionsbearbeitung passen sich auch komplizierten Designs an und garantieren, dass Ihre Acrylkomponenten schnell montiert und kombiniert werden k\u00f6nnen.<\/li>\n<li><strong>Biegen und Thermoformen:\u00a0<\/strong>Dank seiner thermoplastischen Beschaffenheit l\u00e4sst sich Acrylglas erhitzen und in nahezu jede Form bringen. Wir k\u00f6nnen elegante Kurven f\u00fcr M\u00f6bel, ma\u00dfgefertigte Bildschirmst\u00e4nder oder sch\u00fctzende Kuppeln und Schilde herstellen und er\u00f6ffnen damit eine Welt der dreidimensionalen Gestaltungsm\u00f6glichkeiten.<\/li>\n<li><strong>Gravur und Druck:\u00a0<\/strong>Kennzeichnen Sie Ihre Elemente mit lasergravierten Logodesigns, Teilenummern oder attraktiven Mustern. Zus\u00e4tzlich k\u00f6nnen wir hochaufl\u00f6senden Direktdruck f\u00fcr vollfarbige Grafiken und Schilder anbieten.<\/li>\n<li><strong>Kleben und Kaschieren:\u00a0<\/strong>F\u00fcr Anwendungen, die eine hohe Dichte erfordern, wie z. B. Aquarienw\u00e4nde oder Sicherheitsverglasungen, k\u00f6nnen wir mehrere Platten geschickt miteinander verbinden, so dass ein einziger, glatter und unglaublich starker Block entsteht.<\/li>\n<\/ul>\n<h4 id=\"-stamina-resilience-and-versatility-in-one-plan-\"><strong>Ausdauer, Widerstandsf\u00e4higkeit und Vielseitigkeit in einem Plan<\/strong><\/h4>\n<p>Unsere Acrylglasplatten k\u00f6nnen zwar in puncto Klarheit mit Glas mithalten, \u00fcbertreffen es aber bei weitem in puncto St\u00e4rke und Sicherheit. Mit einer bis zu 17-mal h\u00f6heren Widerstandsf\u00e4higkeit als herk\u00f6mmliches Glas sind unsere Platten praktisch unzerbrechlich, was sie zur idealen Wahl f\u00fcr stark frequentierte \u00f6ffentliche Bereiche, Schutzhindernisse und kindersichere Umgebungen macht.<\/p>\n<p>Dar\u00fcber hinaus ist unser Polymer auf eine lange Lebensdauer ausgelegt. Es verf\u00fcgt \u00fcber eine hervorragende Witterungsbest\u00e4ndigkeit und UV-Stabilit\u00e4t, so dass es nicht vergilbt oder schwach wird, wenn es der Witterung ausgesetzt ist. Sein geringes Gewicht - etwa die H\u00e4lfte des Gewichts von Glas - vereinfacht den Transport, die Handhabung und die Installation und senkt die Anforderungen an die Architektur und die Arbeitskosten.<\/p>\n<p>Unsere Fotos aus dem Lager, auf denen gro\u00dfe Stapel von klaren und opalwei\u00dfen Platten zu sehen sind, zeigen die Flexibilit\u00e4t unseres Bestands. Wir bieten eine breite Palette von St\u00e4rken an, von d\u00fcnnen 2mm-Platten f\u00fcr \u00dcberz\u00fcge bis zu dicken Bl\u00f6cken von 100mm+ f\u00fcr strukturelle und kreative Anwendungen. Neben farblosem Material bieten wir ein breites Spektrum an Oberfl\u00e4chen an, darunter:.<\/p>\n<ul>\n<li><strong>Opal\/Wei\u00df:\u00a0<\/strong>Geeignet f\u00fcr die Lichtstreuung in Leuchtk\u00e4sten und Leuchtreklamen.<\/li>\n<li><strong>Mattiert\/Mattiert:\u00a0<\/strong>Perfekt f\u00fcr Sichtschutzw\u00e4nde, dekorative Paneele und zum Absenken des Lichtes.<\/li>\n<li><strong>Farbt\u00f6ne und Farben:\u00a0<\/strong>Erh\u00e4ltlich in einem Regenbogen von transparenten, durchscheinenden und undurchsichtigen Farben, die zu jeder Art von Designschema passen.<\/li>\n<\/ul>\n<h4 id=\"-endless-applications-across-every-sector-\"><strong>Unendliche Anwendungen in jedem Sektor<\/strong><\/h4>\n<p>Die einzigartige Mischung aus Qualit\u00e4t, Langlebigkeit und Anpassungsf\u00e4higkeit macht unsere Acrylplatten zum Material der Wahl f\u00fcr eine Vielzahl von Anwendungen:.<\/p>\n<ul>\n<li><strong>Architektur und Innendekoration:\u00a0<\/strong>Balustraden, Treppen, Trennw\u00e4nde, Oberlichter, Schallschutzw\u00e4nde und individuelles Mobiliar.<\/li>\n<li><strong>Einzelhandel &amp; Verkaufsstelle:\u00a0<\/strong>Hochwertige Produktabschirmungen, Regale, kosmetische Koordinatoren, Setzstufen und Hustenschutzvorrichtungen.<\/li>\n<li><strong>Beschilderung &amp; Branding:\u00a0<\/strong>Aufgehellte Netzwerkbuchstaben, Unternehmenslogos, Wegeleitsysteme und hinterleuchtete Attributwandfl\u00e4chen.<\/li>\n<li><strong>Kunst &amp; Museen:\u00a0<\/strong>Vitrinen und Pr\u00e4sentationen, Bilderrahmen, St\u00e4nder und als Medium f\u00fcr Skulpturen.<\/li>\n<li><strong>Industrie und Fertigung:\u00a0<\/strong>Ger\u00e4teschutzvorrichtungen, Schaugl\u00e4ser, Ger\u00e4teabdeckungen, Schalttafeln und Prototyping.<\/li>\n<li><strong>Projekte f\u00fcr Heimwerker und Bastler:\u00a0<\/strong>Ma\u00dfgefertigte Aquarien und Terrarien, \u00c4nderungen von Computerbeispielen, Regale und kreative Wohndekoration.<\/li>\n<\/ul>\n<h4 id=\"-your-relied-on-companion-from-concept-to-conclusion-\"><strong>Ihr zuverl\u00e4ssiger Begleiter vom Konzept bis zum Abschluss<\/strong><\/h4>\n<p>Wenn Sie sich f\u00fcr uns entscheiden, kaufen Sie nicht einfach einen Artikel, sondern einen Partner, der sich f\u00fcr Qualit\u00e4t und Service einsetzt. Unsere Arbeitsabl\u00e4ufe, von der Beschaffung der besten Ressourcen bis zur sorgf\u00e4ltigen Verpackung der fertigen Komponenten auf Paletten f\u00fcr einen risikofreien Transport, unterliegen strengen Qualit\u00e4tskontrollanforderungen. Jede Platte wird mit einer abziehbaren PE-Folie oder Papiermaskierung gesch\u00fctzt, um sicherzustellen, dass sie in einwandfreiem Zustand, ohne Kratzer und einsatzbereit bei Ihnen ankommt.<\/p>\n<p>Lassen Sie uns Ihnen helfen, Ihre Visionen zu verwirklichen. Wenden Sie sich noch heute mit Ihren Zeichnungen, Abmessungen und Anforderungen an unsere Spezialisten. Wir werden gemeinsam mit Ihnen das beste Produkt ausw\u00e4hlen und Ihnen ein umfassendes Angebot f\u00fcr unsere kundenspezifischen Verarbeitungsdienste unterbreiten.<\/p>\n<p><strong>Erleben Sie den klaren Unterschied. Ihre Vision, unser Material, eine perfekte Partnerschaft.\u00a0<\/strong>.<\/p>","protected":false},"excerpt":{"rendered":"<p class=\"ng-star-inserted\"><strong class=\"ng-star-inserted\"><span class=\"ng-star-inserted\">Option 1 (Fokus auf Klarheit und Service):<\/span><\/strong><br class=\"ng-star-inserted\" \/><span class=\"ng-star-inserted\">Erleben Sie \u00fcberlegene, glas\u00e4hnliche Klarheit mit unseren Acrylplatten. Wir bieten kundenspezifischen Zuschnitt, Verarbeitung und Herstellung, um Ihre genauen Spezifikationen zu erf\u00fcllen. Langlebig und vielseitig f\u00fcr jedes Projekt.<\/span><\/p>\n<p class=\"ng-star-inserted\"><strong class=\"ng-star-inserted\"><span class=\"ng-star-inserted\">Option 2 (direkt und pr\u00e4gnant):<\/span><\/strong><br class=\"ng-star-inserted\" \/><span class=\"ng-star-inserted\">Hochwertige, hochtransparente Acryl-Kunststoffplatten. Erh\u00e4ltlich in verschiedenen Dicken und auf Ihre Gr\u00f6\u00dfe zugeschnitten. Perfekt f\u00fcr Displays, Schutzw\u00e4nde und kreative Gestaltung.<\/span><\/p>\n<p class=\"ng-star-inserted\"><strong class=\"ng-star-inserted\"><span class=\"ng-star-inserted\">Option 3 (nutzenorientiert):<\/span><\/strong><br class=\"ng-star-inserted\" \/><span class=\"ng-star-inserted\">Erschlie\u00dfen Sie Ihr Designpotenzial mit unseren kristallklaren Acrylplatten. Wir bieten au\u00dfergew\u00f6hnliche Transparenz und Haltbarkeit und sorgen mit unserer kundenspezifischen Verarbeitung f\u00fcr ein perfektes Finish - jedes Mal.<\/span><\/p>","protected":false},"featured_media":1217,"template":"","meta":{"_kad_post_transparent":"default","_kad_post_title":"","_kad_post_layout":"default","_kad_post_sidebar_id":"","_kad_post_content_style":"default","_kad_post_vertical_padding":"default","_kad_post_feature":"","_kad_post_feature_position":"","_kad_post_header":false,"_kad_post_footer":false,"_kad_post_classname":""},"product_brand":[],"product_cat":[24],"product_tag":[113,112],"class_list":{"0":"post-1213","1":"product","2":"type-product","3":"status-publish","4":"has-post-thumbnail","6":"product_cat-custom-acrylic-sheets","7":"product_tag-acrylic-sheet","8":"product_tag-highly-transparent","10":"first","11":"instock","12":"shipping-taxable","13":"product-type-simple","14":"entry","15":"content-bg","16":"loop-entry"},"_links":{"self":[{"href":"https:\/\/customacrylicproduct.com\/de\/wp-json\/wp\/v2\/product\/1213","targetHints":{"allow":["GET"]}}],"collection":[{"href":"https:\/\/customacrylicproduct.com\/de\/wp-json\/wp\/v2\/product"}],"about":[{"href":"https:\/\/customacrylicproduct.com\/de\/wp-json\/wp\/v2\/types\/product"}],"wp:featuredmedia":[{"embeddable":true,"href":"https:\/\/customacrylicproduct.com\/de\/wp-json\/wp\/v2\/media\/1217"}],"wp:attachment":[{"href":"https:\/\/customacrylicproduct.com\/de\/wp-json\/wp\/v2\/media?parent=1213"}],"wp:term":[{"taxonomy":"product_brand","embeddable":true,"href":"https:\/\/customacrylicproduct.com\/de\/wp-json\/wp\/v2\/product_brand?post=1213"},{"taxonomy":"product_cat","embeddable":true,"href":"https:\/\/customacrylicproduct.com\/de\/wp-json\/wp\/v2\/product_cat?post=1213"},{"taxonomy":"product_tag","embeddable":true,"href":"https:\/\/customacrylicproduct.com\/de\/wp-json\/wp\/v2\/product_tag?post=1213"}],"curies":[{"name":"wp","href":"https:\/\/api.w.org\/{rel}","templated":true}]}}