{"id":1218,"date":"2025-07-18T02:18:12","date_gmt":"2025-07-18T02:18:12","guid":{"rendered":"https:\/\/customacrylicproduct.com\/?post_type=product&#038;p=1218"},"modified":"2025-07-22T08:29:47","modified_gmt":"2025-07-22T08:29:47","slug":"acrylic-transparent-arched-semicircular-seat-sign-customization","status":"publish","type":"product","link":"https:\/\/customacrylicproduct.com\/de\/acrylic-transparent-arched-semicircular-seat-sign-customization\/","title":{"rendered":"Acryl transparent gew\u00f6lbt halbrunden Sitz Zeichen Anpassung"},"content":{"rendered":"<h3 id=\"elevate-your-occasion-with-timeless-beauty-custom-arched-acrylic-indications\">Erh\u00f6hen Sie Ihren Anlass mit zeitloser Sch\u00f6nheit: Individuelle gew\u00f6lbte Acryl-Anzeigen<\/h3>\n<p>In der Kunst der Vorbereitung von Anl\u00e4ssen sind es die durchdachten Informationen, die eine einfache Feier in ein bemerkenswertes Erlebnis verwandeln. Jede Komponente, vom Blumenschmuck bis zur Beleuchtung, wirkt zusammen, um eine besondere Stimmung zu schaffen und eine besondere Geschichte zu erz\u00e4hlen. Unser\u00a0<strong>Anpassbare transparente, halbrunde, gew\u00f6lbte Polymer-Indikatoren\u00a0<\/strong>sind wie geschaffen f\u00fcr diese pr\u00e4chtigen Details - ein Hauch von moderner Klasse, der Ihrem besonderen Tag Klarheit, Eleganz und eine ganz individuelle Note verleiht.<\/p>\n<p><img fetchpriority=\"high\" decoding=\"async\" class=\"aligncenter wp-image-1221 size-full\" src=\"https:\/\/customacrylicproduct.com\/wp-content\/uploads\/2025\/07\/O1CN01lUO7iy2NjbDvatlWC_2200786649999-0-cib.jpg\" alt=\"Acryl Transparent Gew\u00f6lbter Halbrunder Sitz\" width=\"800\" height=\"800\" srcset=\"https:\/\/customacrylicproduct.com\/wp-content\/uploads\/2025\/07\/O1CN01lUO7iy2NjbDvatlWC_2200786649999-0-cib.jpg 800w, https:\/\/customacrylicproduct.com\/wp-content\/uploads\/2025\/07\/O1CN01lUO7iy2NjbDvatlWC_2200786649999-0-cib-300x300.jpg 300w, https:\/\/customacrylicproduct.com\/wp-content\/uploads\/2025\/07\/O1CN01lUO7iy2NjbDvatlWC_2200786649999-0-cib-150x150.jpg 150w, https:\/\/customacrylicproduct.com\/wp-content\/uploads\/2025\/07\/O1CN01lUO7iy2NjbDvatlWC_2200786649999-0-cib-768x768.jpg 768w, https:\/\/customacrylicproduct.com\/wp-content\/uploads\/2025\/07\/O1CN01lUO7iy2NjbDvatlWC_2200786649999-0-cib-600x600.jpg 600w, https:\/\/customacrylicproduct.com\/wp-content\/uploads\/2025\/07\/O1CN01lUO7iy2NjbDvatlWC_2200786649999-0-cib-100x100.jpg 100w\" sizes=\"(max-width: 800px) 100vw, 800px\" \/><\/p>\n<p><strong>Eine Vision des modernen Minimalismus<\/strong><\/p>\n<p>Diese geschwungenen Acryl-Indikatoren symbolisieren zeitgen\u00f6ssische Designprinzipien und lassen traditionelle Schilder hinter sich. Die bestimmende Funktion ist ihre anmutig gebogene Spitze, eine weiche, halbkreisf\u00f6rmige Kontur, die sowohl architektonisch als auch organisch wirkt. Diese Form hebt sich von den rauen Ecken der einfachen rechteckigen Schilder ab und verleiht Ihrem Design eine sanftere, viel einladendere \u00c4sthetik. Der Bogen ist ein klassisches Symbol f\u00fcr den Fluss und die Feier, was ihn zu einem besonders passenden Thema f\u00fcr Hochzeiten, Hochzeitsjubil\u00e4en und Wendepunkte macht.<\/p>\n<p>Diese aus hochwertigem, kristallklarem Acryl gefertigten Schilder bieten das hervorragende Aussehen von Glas, ohne dessen Zerbrechlichkeit und Gewicht. Das transparente Produkt entwickelt eine spektakul\u00e4re visuelle Wirkung, so dass das elegante wei\u00dfe Manuskript aussieht, als ob es in der Luft schweben w\u00fcrde. Diese Spitzenqualit\u00e4t garantiert, dass die Schilder jede Art von Stil oder Farbschema aufwerten, von rustikal-trendig bis zum klassischen Ballsaal-Stil, ohne die umgebende Dekoration zu st\u00f6ren. Sie f\u00fcgen sich perfekt in Ihre Tischdekoration ein und verleihen ihr einen Hauch von Raffinesse.<\/p>\n<p>&nbsp;<\/p>\n<p>&nbsp;<\/p>\n<p><strong>Die Kunst der Typografie<\/strong><\/p>\n<p>Die visuelle Anziehungskraft dieser Indikatoren wird durch den geschickten Einsatz von Typografie erh\u00f6ht. Wir haben sorgf\u00e4ltig eine Schriftart ausgew\u00e4hlt, die Liebe und Lesbarkeit in Einklang bringt. Schl\u00fcsselw\u00f6rter wie \u201cFavors\u201d, \u201cPresents\u201d, \u201cGuestbook\u201d und \u201cPermanently\u201d sind in einer sch\u00f6nen, flie\u00dfenden Schriftart gehalten. Dieser Text hat eine hohe handgezeichnete Qualit\u00e4t, voll von raffinierten Schw\u00fcngen und zarten Linien, die ein Gef\u00fchl von individueller Note und Feierlichkeit vermitteln.<\/p>\n<p>Im Kontrast dazu steht eine saubere, minimalistische, serifenlose Gro\u00dfbuchstabenschrift, die f\u00fcr den weiterf\u00fchrenden Text verwendet wird, wie \u201cBITTE NIMM EINEN\u201d oder \u201cHEUTE UND IMMER IN UNSEREM HERZEN\u201d. Diese Kombination schafft eine klare visuelle Hierarchie, die das Auge auf die wichtigsten Informationen lenkt und gleichzeitig sicherstellt, dass die zweiten Informationen v\u00f6llig klar sind. Der klare wei\u00dfe Text hebt sich wunderbar von dem durchsichtigen Acryl ab und f\u00e4ngt das Licht und die Aufmerksamkeit Ihrer G\u00e4ste ein.<\/p>\n<p><img decoding=\"async\" class=\"size-full wp-image-1222 aligncenter\" src=\"https:\/\/customacrylicproduct.com\/wp-content\/uploads\/2025\/07\/O1CN01183bEz2NjbDptWTtj_2200786649999-0-cib.jpg\" alt=\"\" width=\"800\" height=\"800\" srcset=\"https:\/\/customacrylicproduct.com\/wp-content\/uploads\/2025\/07\/O1CN01183bEz2NjbDptWTtj_2200786649999-0-cib.jpg 800w, https:\/\/customacrylicproduct.com\/wp-content\/uploads\/2025\/07\/O1CN01183bEz2NjbDptWTtj_2200786649999-0-cib-300x300.jpg 300w, https:\/\/customacrylicproduct.com\/wp-content\/uploads\/2025\/07\/O1CN01183bEz2NjbDptWTtj_2200786649999-0-cib-150x150.jpg 150w, https:\/\/customacrylicproduct.com\/wp-content\/uploads\/2025\/07\/O1CN01183bEz2NjbDptWTtj_2200786649999-0-cib-768x768.jpg 768w, https:\/\/customacrylicproduct.com\/wp-content\/uploads\/2025\/07\/O1CN01183bEz2NjbDptWTtj_2200786649999-0-cib-600x600.jpg 600w, https:\/\/customacrylicproduct.com\/wp-content\/uploads\/2025\/07\/O1CN01183bEz2NjbDptWTtj_2200786649999-0-cib-100x100.jpg 100w\" sizes=\"(max-width: 800px) 100vw, 800px\" \/><\/p>\n<p><strong>Entfesseln Sie Ihre Fantasie mit vollst\u00e4ndiger Personalisierung<\/strong><\/p>\n<p>W\u00e4hrend wir eine Kollektion von prominenten Schildern anbieten, die perfekt f\u00fcr jede Art von Hochzeit oder gro\u00dfem Anlass geeignet sind, h\u00e4ngt die wahre Eleganz dieses Artikels von seiner F\u00e4higkeit zur Personalisierung ab. Diese Zeichen sind eine leere Leinwand f\u00fcr Ihre Anforderungen, bereit, mit dem Text, der Ihre Geschichte informiert angepasst werden.<\/p>\n<p>Die auf den Fotos gezeigten Angaben dienen als eindrucksvolle Beispiele:.<\/p>\n<ul>\n<li><strong>Bef\u00fcrwortet Indikator:\u00a0<\/strong>Ein fesselndes und h\u00f6fliches Mittel, um Besuchern zu ihren mitgebrachten Leckereien zu verhelfen. Das \u201cFavors, Please Take One\u201d-Schild ist ein Grundnahrungsmittel, um sicherzustellen, dass niemand die liebevollen Geschenke verpasst, die Sie vorbereitet haben.<\/li>\n<li><strong>Geschenke und Karten Indikation:\u00a0<\/strong>Beseitigen Sie Verwirrung und schaffen Sie einen ausgewiesenen, stilvollen Ablageort f\u00fcr Geschenke zur Hochzeitsfeier. Dieser Indikator markiert elegant den Gabentisch und macht es den Besuchern leicht, ihre Karten und Pakete abzulegen.<\/li>\n<li><strong>G\u00e4stebuch-Indikator:\u00a0<\/strong>Fordern Sie jeden Besucher auf, seine Gl\u00fcckw\u00fcnsche mit dem Hinweis \u201cBitte unterschreiben Sie unser G\u00e4stebuch\u201d zu hinterlassen. Neben Ihrem G\u00e4stebuch platziert, dient es als sanfte und modische Anregung, um die Erinnerungen jeder Person festzuhalten, die mit Ihnen gefeiert hat.<\/li>\n<li><strong>Gedenkzeichen:\u00a0<\/strong>Ein r\u00fchrendes und stilvolles Mittel, um geliebte Menschen zu ehren, die nicht pers\u00f6nlich anwesend sein k\u00f6nnen. Das Schild \u201cIn Loving Memory of Those Who Are Forever In Our Hearts Today and Constantly\u201d ist eine attraktive Hommage, die auf r\u00fccksichtsvolle und tief ber\u00fchrende Weise einen Platz f\u00fcr gesch\u00e4tzte Erinnerungen vorsieht.<\/li>\n<\/ul>\n<p>\u00dcber diese Standards hinaus sind die M\u00f6glichkeiten zur individuellen Anpassung nahezu unbegrenzt. Denken Sie an diese verschiedenen anderen Anwendungen:.<\/p>\n<ul>\n<li><strong>Tischnummern:\u00a0<\/strong>Kreieren Sie aufsehenerregende, moderne Tischnummern, die sowohl n\u00fctzlich als auch ein Teil des Designs sind.<\/li>\n<li><strong>Bar-Men\u00fc:\u00a0<\/strong>Zeigen Sie Ihre charakteristischen Mixgetr\u00e4nke oder eine Liste mit sofort verf\u00fcgbaren Getr\u00e4nken mit einer trendigen, ma\u00dfgeschneiderten Baranzeige an.<\/li>\n<li><strong>Geplante Sitzpl\u00e4tze:\u00a0<\/strong>Reservieren Sie h\u00f6flich Reihen f\u00fcr Familienmitglieder auf der Veranstaltung oder Details zu Tischen auf der Veranstaltung.<\/li>\n<li><strong>Social Media Hashtag:\u00a0<\/strong>Fordern Sie Ihre G\u00e4ste auf, ihre Bilder mit einem Indikator zu teilen, der den Hashtag Ihrer einzigartigen Hochzeitsfeier zeigt.<\/li>\n<li><strong>Dessertbar oder s\u00fc\u00dfes Buffet:\u00a0<\/strong>Beschriften Sie verschiedene Angebote oder bieten Sie Anleitungen mit Indikatoren an, die dem Erscheinungsbild Ihres Anlasses entsprechen.<\/li>\n<li><strong>Fotokabine Wegbeschreibung:\u00a0<\/strong>Geben Sie den G\u00e4sten einen \u00dcberblick dar\u00fcber, wie sie die Fotokabine optimal nutzen k\u00f6nnen.<\/li>\n<\/ul>\n<p><strong>Hervorragende Verarbeitung und Stabilit\u00e4t<\/strong><\/p>\n<p>Jedes Schild wird sorgf\u00e4ltig aus hochwertigem, robustem Polymer gefertigt. Die Kanten sind pr\u00e4zise geschnitten und aufgehellt, um eine glatte, makellose Oberfl\u00e4che zu erhalten, die unser Engagement f\u00fcr hervorragende Qualit\u00e4t widerspiegelt. Der Schriftzug wird mit einer professionellen Technik aufgebracht, die sicherstellt, dass er klar, undurchsichtig und dauerhaft ist, ohne das Risiko des Abbl\u00e4tterns oder Verschmierens.<\/p>\n<p>Um eine optimale Sicherheit zu gew\u00e4hrleisten, wird jeder gebogene Anzeiger mit einem ma\u00dfgeschneiderten, rechteckigen Acrylfu\u00df geliefert. Dieser unauff\u00e4llige St\u00e4nder ist zus\u00e4tzlich aus demselben kristallklaren Produkt gefertigt, so dass das minimalistische Erscheinungsbild erhalten bleibt und der Anzeiger selbst im Mittelpunkt steht. Das Schild gleitet fest in die Nut des Sockels, so dass es schnell, einfach und leicht aufgestellt werden kann.<\/p>\n<p><img decoding=\"async\" class=\"size-full wp-image-1222 aligncenter\" src=\"https:\/\/customacrylicproduct.com\/wp-content\/uploads\/2025\/07\/O1CN01183bEz2NjbDptWTtj_2200786649999-0-cib.jpg\" alt=\"Acryl Transparent Gew\u00f6lbter Halbrunder Sitz\" width=\"800\" height=\"800\" srcset=\"https:\/\/customacrylicproduct.com\/wp-content\/uploads\/2025\/07\/O1CN01183bEz2NjbDptWTtj_2200786649999-0-cib.jpg 800w, https:\/\/customacrylicproduct.com\/wp-content\/uploads\/2025\/07\/O1CN01183bEz2NjbDptWTtj_2200786649999-0-cib-300x300.jpg 300w, https:\/\/customacrylicproduct.com\/wp-content\/uploads\/2025\/07\/O1CN01183bEz2NjbDptWTtj_2200786649999-0-cib-150x150.jpg 150w, https:\/\/customacrylicproduct.com\/wp-content\/uploads\/2025\/07\/O1CN01183bEz2NjbDptWTtj_2200786649999-0-cib-768x768.jpg 768w, https:\/\/customacrylicproduct.com\/wp-content\/uploads\/2025\/07\/O1CN01183bEz2NjbDptWTtj_2200786649999-0-cib-600x600.jpg 600w, https:\/\/customacrylicproduct.com\/wp-content\/uploads\/2025\/07\/O1CN01183bEz2NjbDptWTtj_2200786649999-0-cib-100x100.jpg 100w\" sizes=\"(max-width: 800px) 100vw, 800px\" \/><\/p>\n<p><strong>Vielseitig f\u00fcr jede Gelegenheit<\/strong><\/p>\n<p>Das klassische Design dieser geschwungenen Acryl-Indikatoren eignet sich zwar am besten f\u00fcr Hochzeitsfeiern, aber auch f\u00fcr eine Vielzahl von anderen Veranstaltungen:.<\/p>\n<ul>\n<li><strong>Braut- und Kleinkindduschen:\u00a0<\/strong>Verschaffen Sie sich einen \u00dcberblick \u00fcber die Spiele, den Gabentisch oder die Windeltombola.<\/li>\n<li><strong>Hochzeitsjubil\u00e4um und Geburtstagsfeiern:\u00a0<\/strong>Feiern Sie Wendepunkte mit ma\u00dfgeschneiderten Botschaften oder Tischaufstellern.<\/li>\n<li><strong>Firmenanl\u00e4sse:\u00a0<\/strong>Verleihen Sie Anmeldetischen, Artikeldisplays oder Informationstischen einen Hauch von Klasse.<\/li>\n<li><strong>Shop Einzelhandel:\u00a0<\/strong>Verwenden Sie sie als anspruchsvolle Preisauszeichnung oder zur Ank\u00fcndigung von \u201cNeuank\u00f6mmlingen\u201d oder \u201cAusverkauf\u201d.<\/li>\n<\/ul>\n<p>Diese Schilder sind mehr als nur Wegweiser; sie sind Erinnerungsst\u00fccke. Nach der Veranstaltung kann das \u201cIn Loving Memory\u201d-Schild zu einem gesch\u00e4tzten Teil Ihrer Heimdekoration werden, w\u00e4hrend eine personalisierte Tischnummer oder ein Begr\u00fc\u00dfungsschild als wundersch\u00f6nes Andenken an Ihren besonderen Tag dienen kann.<\/p>\n<p>Bringen Sie einen Hauch von ma\u00dfgeschneiderter Sch\u00f6nheit in Ihre Party. Unsere personalisierten Acryl-Bogenanzeiger sind die beste Kombination aus modernem Stil, pers\u00f6nlichem Glauben und bemerkenswerter Funktion. Bestellen Sie Ihre eigenen noch heute und lassen Sie diese atemberaubenden Informationen helfen Ihnen, eine Umgebung zu schaffen, die so einzigartig und unvergesslich wie Ihre Liebesgeschichte ist.<\/p>","protected":false},"excerpt":{"rendered":"<p class=\"ng-star-inserted\"><span class=\"ng-star-inserted\">Werten Sie Ihre Veranstaltung mit unseren individuellen gew\u00f6lbten Acrylschildern auf. Diese transparenten, halbrunden Schilder verf\u00fcgen \u00fcber eine elegante wei\u00dfe Schrift f\u00fcr einen modernen, schicken Look. Perfekt, um die G\u00e4ste bei Ihrer Hochzeit oder einem besonderen Anlass zum G\u00e4stebuch, zu den Gastgeschenken oder zum Gabentisch zu leiten. Ein stilvolles und anspruchsvolles Dekorationsst\u00fcck.<\/span><\/p>","protected":false},"featured_media":1221,"template":"","meta":{"_kad_post_transparent":"default","_kad_post_title":"","_kad_post_layout":"default","_kad_post_sidebar_id":"","_kad_post_content_style":"default","_kad_post_vertical_padding":"default","_kad_post_feature":"","_kad_post_feature_position":"","_kad_post_header":false,"_kad_post_footer":false,"_kad_post_classname":""},"product_brand":[],"product_cat":[18],"product_tag":[114,115],"class_list":{"0":"post-1218","1":"product","2":"type-product","3":"status-publish","4":"has-post-thumbnail","6":"product_cat-custom-acrylic-signs","7":"product_tag-acrylic-transparent-arched-semicircular-seat","8":"product_tag-customization","10":"first","11":"instock","12":"shipping-taxable","13":"product-type-simple","14":"entry","15":"content-bg","16":"loop-entry"},"_links":{"self":[{"href":"https:\/\/customacrylicproduct.com\/de\/wp-json\/wp\/v2\/product\/1218","targetHints":{"allow":["GET"]}}],"collection":[{"href":"https:\/\/customacrylicproduct.com\/de\/wp-json\/wp\/v2\/product"}],"about":[{"href":"https:\/\/customacrylicproduct.com\/de\/wp-json\/wp\/v2\/types\/product"}],"wp:featuredmedia":[{"embeddable":true,"href":"https:\/\/customacrylicproduct.com\/de\/wp-json\/wp\/v2\/media\/1221"}],"wp:attachment":[{"href":"https:\/\/customacrylicproduct.com\/de\/wp-json\/wp\/v2\/media?parent=1218"}],"wp:term":[{"taxonomy":"product_brand","embeddable":true,"href":"https:\/\/customacrylicproduct.com\/de\/wp-json\/wp\/v2\/product_brand?post=1218"},{"taxonomy":"product_cat","embeddable":true,"href":"https:\/\/customacrylicproduct.com\/de\/wp-json\/wp\/v2\/product_cat?post=1218"},{"taxonomy":"product_tag","embeddable":true,"href":"https:\/\/customacrylicproduct.com\/de\/wp-json\/wp\/v2\/product_tag?post=1218"}],"curies":[{"name":"wp","href":"https:\/\/api.w.org\/{rel}","templated":true}]}}