{"id":1238,"date":"2025-07-18T06:18:21","date_gmt":"2025-07-18T06:18:21","guid":{"rendered":"https:\/\/customacrylicproduct.com\/?post_type=product&#038;p=1238"},"modified":"2025-07-18T06:18:21","modified_gmt":"2025-07-18T06:18:21","slug":"acrylic-side-table-modern-table-small-space-transparent","status":"publish","type":"product","link":"https:\/\/customacrylicproduct.com\/de\/acrylic-side-table-modern-table-small-space-transparent\/","title":{"rendered":"Acryl Beistelltisch Moderner Tisch Kleiner Raum Transparent"},"content":{"rendered":"<h3 id=\"the-ethereal-touch-presenting-the-modern-transparent-polymer-rolling-side-table\">Die \u00e4therische Note: Der moderne rollende Beistelltisch aus transparentem Polymer wird vorgestellt<\/h3>\n<p>Auf dem Planeten des modernen Designs h\u00e4ngt die wahre Raffinesse h\u00e4ufig von dem ab, was im Verborgenen liegt. Sie liegt in der kreativen Verwendung von Licht, dem Eindruck von Fl\u00e4che und der geschmeidigen Kombination von Form und Funktion. Der Beistelltisch Polymer ist ein Kunstwerk mit minimalistischem Design, das mehr als nur ein M\u00f6belst\u00fcck ist; er ist ein Statement moderner Raffinesse und eine gro\u00dfartige Option f\u00fcr die Wohnr\u00e4ume von heute. Gefertigt aus kristallklarem, hochwertigem Acryl, verk\u00f6rpert dieser Rollwagen den Trend der \u201cGeister\u201d-Einrichtung, mit un\u00fcbertroffener Vielseitigkeit und einer \u00e4therischen \u00c4sthetik, die zu jeder Art von Dekoration passt, ohne sie zu verdecken.<\/p>\n<p><img fetchpriority=\"high\" decoding=\"async\" class=\"size-full wp-image-1241\" src=\"https:\/\/customacrylicproduct.com\/wp-content\/uploads\/2025\/07\/Acrylic-Side-Table-3.jpg\" alt=\"Beistelltisch aus Acryl 3\" width=\"800\" height=\"800\" srcset=\"https:\/\/customacrylicproduct.com\/wp-content\/uploads\/2025\/07\/Acrylic-Side-Table-3.jpg 800w, https:\/\/customacrylicproduct.com\/wp-content\/uploads\/2025\/07\/Acrylic-Side-Table-3-300x300.jpg 300w, https:\/\/customacrylicproduct.com\/wp-content\/uploads\/2025\/07\/Acrylic-Side-Table-3-150x150.jpg 150w, https:\/\/customacrylicproduct.com\/wp-content\/uploads\/2025\/07\/Acrylic-Side-Table-3-768x768.jpg 768w, https:\/\/customacrylicproduct.com\/wp-content\/uploads\/2025\/07\/Acrylic-Side-Table-3-600x600.jpg 600w, https:\/\/customacrylicproduct.com\/wp-content\/uploads\/2025\/07\/Acrylic-Side-Table-3-100x100.jpg 100w\" sizes=\"(max-width: 800px) 100vw, 800px\" \/><\/p>\n<h4 id=\"style-viewpoint-the-charm-of-invisibility\">Blickpunkt Stil: Der Charme der Unsichtbarkeit<\/h4>\n<p>Dieser Beistelltisch ist in seinem Kern eine Entdeckungsreise der Offenheit. Sein ganzer Rahmen wurde entwickelt, um mit Licht und Annahmen zu spielen und einen \u201ckaum vorhandenen\u201d Effekt zu erzeugen, der sowohl faszinierend als auch unglaublich n\u00fctzlich ist. Die phantomartige Qualit\u00e4t des makellosen Acryls erlaubt es ihm, sich in jede Umgebung einzuf\u00fcgen, von ultramodern und minimalistisch bis hin zu b\u00f6hmisch und vielf\u00e4ltig. Im Gegensatz zu wuchtigen, undurchsichtigen Holz- oder Stahltischen, die einen Raum optisch verkleinern k\u00f6nnen, vermittelt dieser klare Tisch den Eindruck von Offenheit und Leichtigkeit. Er versperrt nicht die Sicht und l\u00e4sst keine Dunkelheit aufkommen, was ihn zur ersten Wahl f\u00fcr kleine Wohnungen, gem\u00fctliche R\u00e4ume und alle Bereiche macht, in denen es wichtig ist, ein Gef\u00fchl von Ger\u00e4umigkeit zu vermitteln.<\/p>\n<p>Die klaren Linien und die schlichte, geometrische Form des Tisches - bestehend aus 2 runden Raten, die von 3 robusten runden Beinen getragen werden - sind eine Anspielung auf die klassische Moderne. Doch sein spezielles Material und seine mobile Leistung bringen ihn sicher ins 21. Jahrhundert. Jahrhundert. Das Licht, das durch sie hindurchgeht und von ihren glatten Oberfl\u00e4chen reflektiert wird, verleiht Ihrem Raum einen raffinierten, gl\u00fchenden Schimmer, der das Umgebungslicht verbessert und einen Hauch von stillem Glamour verleiht. Die Leuchte ist ein Cham\u00e4leon, das den Charakter seiner Umgebung m\u00fchelos annimmt und gleichzeitig seine eigene Note von poliertem Design beisteuert.<\/p>\n<p><img decoding=\"async\" class=\"size-full wp-image-1242\" src=\"https:\/\/customacrylicproduct.com\/wp-content\/uploads\/2025\/07\/Acrylic-Side-Table-4.jpg\" alt=\"Beistelltisch aus Acryl 4\" width=\"800\" height=\"800\" srcset=\"https:\/\/customacrylicproduct.com\/wp-content\/uploads\/2025\/07\/Acrylic-Side-Table-4.jpg 800w, https:\/\/customacrylicproduct.com\/wp-content\/uploads\/2025\/07\/Acrylic-Side-Table-4-300x300.jpg 300w, https:\/\/customacrylicproduct.com\/wp-content\/uploads\/2025\/07\/Acrylic-Side-Table-4-150x150.jpg 150w, https:\/\/customacrylicproduct.com\/wp-content\/uploads\/2025\/07\/Acrylic-Side-Table-4-768x768.jpg 768w, https:\/\/customacrylicproduct.com\/wp-content\/uploads\/2025\/07\/Acrylic-Side-Table-4-600x600.jpg 600w, https:\/\/customacrylicproduct.com\/wp-content\/uploads\/2025\/07\/Acrylic-Side-Table-4-100x100.jpg 100w\" sizes=\"(max-width: 800px) 100vw, 800px\" \/><\/p>\n<h4 id=\"unequaled-versatility-a-table-for-every-single-space-and-reason\">Unerreichte Vielseitigkeit: Ein Tisch f\u00fcr jeden Raum und Anlass<\/h4>\n<p>Der wahre Zauber dieses Acryltisches liegt in seiner erstaunlichen Anpassungsf\u00e4higkeit. Die Kombination aus zweistufigem Stauraum, praktischem Griff und leichtg\u00e4ngigen Rollen verwandelt ihn von einem einfachen Tisch in einen multifunktionalen, mobilen Helfer f\u00fcr jeden Winkel Ihres Zuhauses.<\/p>\n<p><strong>Im Wohnzimmer:\u00a0<\/strong>. Stellen Sie ihn als trendigen Beistelltisch neben Ihr Sofa oder Ihren Lieblings-Ellbogensessel. Die vordere Ebene ist die ideale Sitzgelegenheit f\u00fcr eine Tasse Kaffee, Ihre aktuelle Lekt\u00fcre oder die Fernbedienung. Auf der unteren Ebene k\u00f6nnen Sie elegant einen kleinen Stapel von Kunstpublikationen, attraktive Dinge oder eine \u00fcppige Gr\u00fcnpflanze pr\u00e4sentieren. Sie m\u00f6chten Ihren Besuchern Getr\u00e4nke anbieten? Dank des integrierten Griffs und der R\u00e4der k\u00f6nnen Sie ihn ganz einfach zu einem trendigen, improvisierten Barwagen umfunktionieren, der einen Shaker f\u00fcr alkoholische Getr\u00e4nke, Gl\u00e4ser und eine Flasche Ihrer bevorzugten Spirituose aufnehmen kann.<\/p>\n<p><strong>Im Raum:\u00a0<\/strong>. Gestalten Sie Ihren Nachttisch neu mit diesem modernen Nachttisch. Sein transparentes Design sorgt daf\u00fcr, dass sich Ihr Schlafplatz unaufger\u00e4umt und ruhig anf\u00fchlt. Die vordere Ablagefl\u00e4che bietet Platz f\u00fcr eine kleine Lampe, Ihr Telefon und ein Glas Wasser, w\u00e4hrend die untere Ablagefl\u00e4che optimal f\u00fcr Ihren Tablet-Computer, n\u00e4chtliche Pflegeprodukte oder ein Tagebuch geeignet ist. Seine Flexibilit\u00e4t bedeutet, dass Sie ihn zum Reinigen oder zur Neuanordnung nach Bedarf bequem verschieben k\u00f6nnen.<\/p>\n<p><strong>Im Duschraum:\u00a0<\/strong>. Verwandeln Sie Ihren Duschraum direkt in einen Spa-\u00e4hnlichen R\u00fcckzugsort. Die wasserfeste Beschaffenheit von Acryl macht diesen Wagen zu einer geeigneten Staurauml\u00f6sung f\u00fcr feuchte Umgebungen. Nutzen Sie ihn, um aufgerollte Handt\u00fccher, luxuri\u00f6se Badartikel, Duftkerzen und Toilettenartikel unterzubringen. Er h\u00e4lt alles in Reichweite der Badewanne oder Dusche und verleiht Ihrem Alltag einen Hauch von F\u00fcnf-Sterne-Hotel-Raffinesse.<\/p>\n<p><strong>Im B\u00fcro:\u00a0<\/strong>. Als mobile Ablage hilft dieser Tisch, Ihr B\u00fcro organisiert und zuverl\u00e4ssig zu halten. Verwenden Sie ihn, um einen Tablet-Computer, Notizbl\u00f6cke, Stifte und andere wichtige Utensilien zu verstauen. Sie k\u00f6nnen ihn unter Ihren Schreibtisch rollen, wenn er nicht gebraucht wird, oder ihn mit sich ziehen, um einfachen Zugang zu Ihren Werkzeugen zu haben, und das alles in einer sauberen, modernen \u00c4sthetik, die die Konzentration und das kreative Denken f\u00f6rdert.<\/p>\n<p><strong>Als Pflanzenbestand oder Pr\u00e4sentsystem:\u00a0<\/strong>. Pr\u00e4sentieren Sie Ihre bevorzugten Zimmerpflanzen auf zwei Ebenen und schaffen Sie so einen sensationellen aufrechten Garten. Die durchsichtigen Einlegeb\u00f6den garantieren, dass beide Pflanzen ausreichend Licht erhalten. Umgekehrt k\u00f6nnen Sie es als minimalistisches Display f\u00fcr eine Sammlung von Kunstgegenst\u00e4nden, Bildern oder wertvollen Erinnerungsst\u00fccken verwenden.<\/p>\n<p><img decoding=\"async\" class=\"aligncenter wp-image-1239 size-full\" src=\"https:\/\/customacrylicproduct.com\/wp-content\/uploads\/2025\/07\/Acrylic-Side-Table-1.jpg\" alt=\"Beistelltisch aus Acryl 1\" width=\"800\" height=\"800\" srcset=\"https:\/\/customacrylicproduct.com\/wp-content\/uploads\/2025\/07\/Acrylic-Side-Table-1.jpg 800w, https:\/\/customacrylicproduct.com\/wp-content\/uploads\/2025\/07\/Acrylic-Side-Table-1-300x300.jpg 300w, https:\/\/customacrylicproduct.com\/wp-content\/uploads\/2025\/07\/Acrylic-Side-Table-1-150x150.jpg 150w, https:\/\/customacrylicproduct.com\/wp-content\/uploads\/2025\/07\/Acrylic-Side-Table-1-768x768.jpg 768w, https:\/\/customacrylicproduct.com\/wp-content\/uploads\/2025\/07\/Acrylic-Side-Table-1-600x600.jpg 600w, https:\/\/customacrylicproduct.com\/wp-content\/uploads\/2025\/07\/Acrylic-Side-Table-1-100x100.jpg 100w\" sizes=\"(max-width: 800px) 100vw, 800px\" \/><\/p>\n<h4 id=\"thoughtful-engineering-and-superior-high-quality-\">Durchdachte Technik und hohe Qualit\u00e4t<\/h4>\n<p>Dieser Tisch sieht nicht nur gut aus, er ist auch f\u00fcr eine lange Lebensdauer gebaut und f\u00fcr eine einfache Handhabung konzipiert. Jede Komponente wurde sehr sorgf\u00e4ltig durchdacht, um eine bemerkenswerte individuelle Erfahrung zu bieten.<\/p>\n<p><strong>Hochwertiges Acryl:\u00a0<\/strong>Der Tisch ist aus dickem, widerstandsf\u00e4higem und hochwertigem Acryl (Lucite) gefertigt und bietet die Offenheit von Glas, ohne dessen Zerbrechlichkeit. Er ist bruchsicher und wesentlich leichter, wodurch er sowohl sicherer als auch leichter zu bewegen ist. Die Kanten sind fachm\u00e4nnisch zu einer glatten, abgerundeten Beschichtung poliert, die f\u00fcr Sicherheit sorgt und das stromlinienf\u00f6rmige Aussehen des Tisches unterstreicht.<\/p>\n<p><strong>Starkes zweigliedriges Geb\u00e4ude:\u00a0<\/strong>Die Anordnung mit zwei Regalb\u00f6den vergr\u00f6\u00dfert die Ablagefl\u00e4che, ohne die Wirkung zu verst\u00e4rken. Wie in der Nahaufnahme zu sehen ist, sind die runden Beine mit langlebigen, in das Acryl eingebetteten Stahlelementen mit Gewinde verbunden. Dies sorgt f\u00fcr eine stabile, wackelfreie Struktur, die leicht und sicher montiert werden kann.<\/p>\n<p><strong>Ergonomische und reibungslose Handhabung:\u00a0<\/strong>Der mit W\u00fcrde abgerundete Griff ist kein nachtr\u00e4glicher Einfall, sondern ein wichtiger Bestandteil des Stils und geht nahtlos in 2 der St\u00fctzbeine \u00fcber. Er bietet einen bequemen und sicheren Halt und erm\u00f6glicht es Ihnen, den Wagen mit geringem Aufwand zu schieben, zu ziehen und zu f\u00fchren.<\/p>\n<p><strong>Leichtg\u00e4ngige Rollen:\u00a0<\/strong>Mobilit\u00e4t ist Flexibilit\u00e4t. Dank der leichtg\u00e4ngigen Rollen kann dieser Tisch mit einem leichten Schubs von einem Raum zum anderen bewegt werden. Egal, ob Sie M\u00f6bel umstellen, aufr\u00e4umen oder Ihren Besuchern Erfrischungen bringen, seine Flexibilit\u00e4t macht das Leben einfacher. Je nach Ausf\u00fchrung sind diese R\u00e4der entweder in einer stromlinienf\u00f6rmigen, fast unsichtbaren Klar-Silber-Beschichtung oder in einem k\u00fchnen, modernen Schwarz erh\u00e4ltlich, mit Sicherungsmechanismen, die den Tisch bei Bedarf fest an seinem Platz halten.<\/p>\n<h4 id=\"treatment-and-maintenance-\">Behandlung und Wartung<\/h4>\n<h4>Es ist ganz einfach, die hervorragende Optik Ihres Acryltisches zu erhalten. Zum Reinigen wischen Sie ihn mit einem weichen, feuchten Mikrofasertuch ab. Bei Flecken oder Fingerabdr\u00fccken reicht eine kleine Menge m\u00e4\u00dfig scharfer Seife und Wasser aus. Vermeiden Sie die Verwendung von Scheuermitteln, Papiert\u00fcchern oder chemischen L\u00f6sungsmitteln wie Ammoniak oder Alkohol, da diese die Oberfl\u00e4che allm\u00e4hlich besch\u00e4digen oder abstumpfen k\u00f6nnen. Mit einer milden Behandlung wird Ihr Tisch seinen kristallklaren Glanz sicherlich f\u00fcr mehrere Jahre behalten.<\/h4>\n<h4 id=\"final-thought-redefine-your-area-\">Letzter Gedanke: Definieren Sie Ihren Bereich neu<\/h4>\n<p>Der rollende Beistelltisch aus Polymer ist mehr als nur ein Akzent, er ist eine flexible, elegante und intelligente Erg\u00e4nzung f\u00fcr das moderne Zuhause. Er l\u00f6st die Schwierigkeit, kleine R\u00e4ume auszustatten und gleichzeitig ihren \u00e4sthetischen Reiz zu verbessern. Er ist eine Leinwand f\u00fcr Ihr Design, ein mobiler Helfer f\u00fcr Ihre Anforderungen und ein Hauch von zeitgen\u00f6ssischer Raffinesse. Machen Sie sich die Kraft des klaren Stils zu eigen und erlauben Sie diesem himmlischen Tisch, Ihr Dekor zu verbessern, Ihr Leben zu rationalisieren und einen Hauch von leuchtender Magie in Ihr Zuhause zu bringen.<\/p>","protected":false},"excerpt":{"rendered":"<p class=\"ng-star-inserted\"><span class=\"ng-star-inserted\">Peppen Sie Ihren Raum mit diesem schicken Rollwagen aus Acryl auf. Das transparente, 2-stufige Design schafft ein luftiges Gef\u00fchl, perfekt f\u00fcr kleine R\u00e4ume. Mit einem griffigen Griff und leichtg\u00e4ngigen Rollen bringt dieser moderne Beistelltisch Stil und Funktion dorthin, wo Sie ihn brauchen.<\/span><\/p>","protected":false},"featured_media":1241,"template":"","meta":{"_kad_post_transparent":"default","_kad_post_title":"","_kad_post_layout":"default","_kad_post_sidebar_id":"","_kad_post_content_style":"default","_kad_post_vertical_padding":"default","_kad_post_feature":"","_kad_post_feature_position":"","_kad_post_header":false,"_kad_post_footer":false,"_kad_post_classname":""},"product_brand":[],"product_cat":[21],"product_tag":[123],"class_list":{"0":"post-1238","1":"product","2":"type-product","3":"status-publish","4":"has-post-thumbnail","6":"product_cat-custom-acrylic-furnitures","7":"product_tag-acrylic-side-table","9":"first","10":"instock","11":"shipping-taxable","12":"product-type-simple","13":"entry","14":"content-bg","15":"loop-entry"},"_links":{"self":[{"href":"https:\/\/customacrylicproduct.com\/de\/wp-json\/wp\/v2\/product\/1238","targetHints":{"allow":["GET"]}}],"collection":[{"href":"https:\/\/customacrylicproduct.com\/de\/wp-json\/wp\/v2\/product"}],"about":[{"href":"https:\/\/customacrylicproduct.com\/de\/wp-json\/wp\/v2\/types\/product"}],"wp:featuredmedia":[{"embeddable":true,"href":"https:\/\/customacrylicproduct.com\/de\/wp-json\/wp\/v2\/media\/1241"}],"wp:attachment":[{"href":"https:\/\/customacrylicproduct.com\/de\/wp-json\/wp\/v2\/media?parent=1238"}],"wp:term":[{"taxonomy":"product_brand","embeddable":true,"href":"https:\/\/customacrylicproduct.com\/de\/wp-json\/wp\/v2\/product_brand?post=1238"},{"taxonomy":"product_cat","embeddable":true,"href":"https:\/\/customacrylicproduct.com\/de\/wp-json\/wp\/v2\/product_cat?post=1238"},{"taxonomy":"product_tag","embeddable":true,"href":"https:\/\/customacrylicproduct.com\/de\/wp-json\/wp\/v2\/product_tag?post=1238"}],"curies":[{"name":"wp","href":"https:\/\/api.w.org\/{rel}","templated":true}]}}