{"id":1243,"date":"2025-07-18T06:30:13","date_gmt":"2025-07-18T06:30:13","guid":{"rendered":"https:\/\/customacrylicproduct.com\/?post_type=product&#038;p=1243"},"modified":"2025-07-18T06:30:13","modified_gmt":"2025-07-18T06:30:13","slug":"custom-acrylic-entryway-bench-large-rainbow-ottoman-bench","status":"publish","type":"product","link":"https:\/\/customacrylicproduct.com\/de\/custom-acrylic-entryway-bench-large-rainbow-ottoman-bench\/","title":{"rendered":"Benutzerdefinierte Acryl Eingang Bank gro\u00dfen Regenbogen Ottoman Bank"},"content":{"rendered":"<h3 id=\"-experience-a-spectrum-of-design-the-custom-rainbow-polymer-entryway-bench-\"><strong>Erleben Sie ein Spektrum an Design: Die ma\u00dfgefertigte Regenbogen-Polymer-Eingangsbank<\/strong><\/h3>\n<p>Treten Sie ein in eine Welt, in der M\u00f6bel mehr sind als nur ein einfaches Element, sondern ein atemberaubendes Kunstwerk. Wir pr\u00e4sentieren Ihnen die Custom Acrylic Entryway Bench, ein strahlendes und skulpturales M\u00f6belst\u00fcck, das nicht nur einen Raum bewohnt, sondern ihn auch verwandelt. Sie ist mehr als nur eine Bank oder eine Ottomane; sie ist ein Gespr\u00e4chsanreger, eine Erkl\u00e4rung des k\u00fchnen individuellen Stils und eine lebendige Quelle von Licht und Schatten, die sicherlich jede Art von Raum, den sie versch\u00f6nert, beleben wird. F\u00fcr den anspruchsvollen Menschen, der spielerische Innovation mit makelloser Handwerkskunst verbinden m\u00f6chte, ist diese Bank eine au\u00dfergew\u00f6hnliche Entdeckung.<\/p>\n<p><img fetchpriority=\"high\" decoding=\"async\" class=\"size-full wp-image-1245\" src=\"https:\/\/customacrylicproduct.com\/wp-content\/uploads\/2025\/07\/Custom-Acrylic-Entryway-Bench-2.jpg\" alt=\"Kundenspezifische Acryl-Eingangsbank (2)\" width=\"800\" height=\"800\" srcset=\"https:\/\/customacrylicproduct.com\/wp-content\/uploads\/2025\/07\/Custom-Acrylic-Entryway-Bench-2.jpg 800w, https:\/\/customacrylicproduct.com\/wp-content\/uploads\/2025\/07\/Custom-Acrylic-Entryway-Bench-2-300x300.jpg 300w, https:\/\/customacrylicproduct.com\/wp-content\/uploads\/2025\/07\/Custom-Acrylic-Entryway-Bench-2-150x150.jpg 150w, https:\/\/customacrylicproduct.com\/wp-content\/uploads\/2025\/07\/Custom-Acrylic-Entryway-Bench-2-768x768.jpg 768w, https:\/\/customacrylicproduct.com\/wp-content\/uploads\/2025\/07\/Custom-Acrylic-Entryway-Bench-2-600x600.jpg 600w, https:\/\/customacrylicproduct.com\/wp-content\/uploads\/2025\/07\/Custom-Acrylic-Entryway-Bench-2-100x100.jpg 100w\" sizes=\"(max-width: 800px) 100vw, 800px\" \/><\/p>\n<p><strong>Ein Design-Ansatz der fr\u00f6hlichen Moderne<\/strong><\/p>\n<p>Im Kern ist der Stil dieser Bank ein Ereignis von Kontrast und Harmonie. Sie ist eine lebendige Neuinterpretation der zeitlosen Bankform, dekonstruiert und rekonstruiert mit hochmodernen Materialien und dem Auge eines Musikers f\u00fcr den Farbton. Das Gestell bietet einen sensationellen \u00e4sthetischen Dialog zwischen seinen beiden Hauptelementen: den \u00e4therischen, kristallinen Beinen und der lebendigen, unifarbenen Platte.<\/p>\n<p>Die Beine sind aus dickem, makellos klarem Acryl gefertigt und mit einer eleganten, wellenf\u00f6rmigen Kante versehen, die an die sanfte Bewegung des Wassers oder die elegante Kurve eines klassischen Cabriole-Beins erinnert, das f\u00fcr das 21. Jahrhundert neu interpretiert wurde. Jahrhundert neu interpretiert. Ihre v\u00f6llige Offenheit f\u00fchrt zu einem wunderbaren, schwebenden Ergebnis. Die Tischplatte scheint in der Luft zu schweben, ein Eindruck, der Ihrem Raum ein Gef\u00fchl von Beweglichkeit und Sichtbarkeit verleiht und ihn nicht chaotisch oder schwer erscheinen l\u00e4sst. Diese Beine sind nicht einfach nur St\u00fctzen, sie sind selbst skulpturale Formen, die das Licht einfangen und es auf attraktive und unerwartete Weise biegen.<\/p>\n<p>Die Platte der Bank, eine dynamische Harmonie aus Schatten, steht in herrlichem Gegensatz zu dieser Transparenz. Sie besteht aus dicken, rechteckigen Acryllamellen, die in einem leuchtenden Regenbogengef\u00e4lle angeordnet sind, und ist ein Zeugnis f\u00fcr die Kraft des Schattens, die Emotionen und Energie stimuliert. Jede Lamelle ist ein starker Stab aus hochwertigem, farbigem Acryl, der pr\u00e4zise reduziert und zu einem edelsteinartigen Finish poliert wurde. Von warmem Magenta und feurigem Orange bis hin zu sonnigem Gelb, lebhaftem Limettengelb, atemberaubendem Cyan und tiefem Violett reicht die Palette, die sich makellos bewegt und ein St\u00fcck schafft, das aus jedem Blickwinkel eine \u00e4sthetische Bereicherung darstellt.<\/p>\n<p><img decoding=\"async\" class=\"size-full wp-image-1247\" src=\"https:\/\/customacrylicproduct.com\/wp-content\/uploads\/2025\/07\/Custom-Acrylic-Entryway-Bench-4.jpg\" alt=\"Kundenspezifische Acryl-Eingangsbank (4)\" width=\"800\" height=\"800\" srcset=\"https:\/\/customacrylicproduct.com\/wp-content\/uploads\/2025\/07\/Custom-Acrylic-Entryway-Bench-4.jpg 800w, https:\/\/customacrylicproduct.com\/wp-content\/uploads\/2025\/07\/Custom-Acrylic-Entryway-Bench-4-300x300.jpg 300w, https:\/\/customacrylicproduct.com\/wp-content\/uploads\/2025\/07\/Custom-Acrylic-Entryway-Bench-4-150x150.jpg 150w, https:\/\/customacrylicproduct.com\/wp-content\/uploads\/2025\/07\/Custom-Acrylic-Entryway-Bench-4-768x768.jpg 768w, https:\/\/customacrylicproduct.com\/wp-content\/uploads\/2025\/07\/Custom-Acrylic-Entryway-Bench-4-600x600.jpg 600w, https:\/\/customacrylicproduct.com\/wp-content\/uploads\/2025\/07\/Custom-Acrylic-Entryway-Bench-4-100x100.jpg 100w\" sizes=\"(max-width: 800px) 100vw, 800px\" \/><\/p>\n<p><strong>Eine dynamische Interaktion von Licht und Schatten<\/strong><\/p>\n<p>Die vielleicht faszinierendste Funktion dieser Acrylbank ist ihre Partnerschaft mit dem Licht. Es handelt sich nicht um ein festes Objekt, sondern um ein kinetisches Kunstwerk, das sich im Laufe des Tages verwandelt. Wenn sie in der N\u00e4he eines Fensters oder unter einer Lampe steht, erwacht sie zum Leben. Stellen Sie sich vor, wie das Sonnenlicht am fr\u00fchen Morgen in Ihren Eingang str\u00f6mt und die klaren, get\u00f6nten Lamellen einf\u00e4ngt. Das Licht springt nicht einfach ab, sondern wandert durch sie hindurch, wird von Schatten durchflutet und wirft einen pr\u00e4chtigen, verl\u00e4ngerten Regenbogen der Dunkelheit \u00fcber Ihren Boden und Ihre W\u00e4nde.<\/p>\n<p>Dieses t\u00e4gliche Lichtprogramm ist eine Quelle st\u00e4ndiger Freude und Verwunderung. Es wirkt wie ein St\u00fcck mattiertes Glas oder ein Kristallprisma, jedoch mit einer modernen, architektonischen Sensibilit\u00e4t. Die sauberen Linien der Lamellen entwickeln ein Muster aus parallelen roten Farbstreifen, ein grafisches und kreatives Element, das eine weitere Ebene des visuellen Interesses hinzuf\u00fcgt. Ob im Glanz der goldenen Stunde oder im erstaunlichen Licht eines d\u00fcsteren Nachmittags, die Bank sorgt f\u00fcr eine andere Stimmung und einen ganz neuen Blickwinkel und l\u00e4sst Ihr Zuhause noch lebendiger und dynamischer erscheinen.<\/p>\n<p><img decoding=\"async\" class=\"size-full wp-image-1244\" src=\"https:\/\/customacrylicproduct.com\/wp-content\/uploads\/2025\/07\/Custom-Acrylic-Entryway-Bench-1.jpg\" alt=\"Kundenspezifische Acryl-Eingangsbank (1)\" width=\"800\" height=\"800\" srcset=\"https:\/\/customacrylicproduct.com\/wp-content\/uploads\/2025\/07\/Custom-Acrylic-Entryway-Bench-1.jpg 800w, https:\/\/customacrylicproduct.com\/wp-content\/uploads\/2025\/07\/Custom-Acrylic-Entryway-Bench-1-300x300.jpg 300w, https:\/\/customacrylicproduct.com\/wp-content\/uploads\/2025\/07\/Custom-Acrylic-Entryway-Bench-1-150x150.jpg 150w, https:\/\/customacrylicproduct.com\/wp-content\/uploads\/2025\/07\/Custom-Acrylic-Entryway-Bench-1-768x768.jpg 768w, https:\/\/customacrylicproduct.com\/wp-content\/uploads\/2025\/07\/Custom-Acrylic-Entryway-Bench-1-600x600.jpg 600w, https:\/\/customacrylicproduct.com\/wp-content\/uploads\/2025\/07\/Custom-Acrylic-Entryway-Bench-1-100x100.jpg 100w\" sizes=\"(max-width: 800px) 100vw, 800px\" \/><\/p>\n<p><strong>Meisterhafte Handwerkskunst und kompromisslos hohe Qualit\u00e4t<\/strong><\/p>\n<p>Ein optisch so auff\u00e4lliges St\u00fcck verlangt nach der Umsetzung in h\u00f6chstm\u00f6glicher Qualit\u00e4t. Jede Information der Rainbow Acrylic Bench zeugt von der Hingabe an eine hervorragende Verarbeitung. Das verwendete Acryl ist ein hochwertiges Produkt, das f\u00fcr seine ph\u00e4nomenale Klarheit, Robustheit und Best\u00e4ndigkeit gegen allm\u00e4hliches Vergilben bekannt ist. Es bietet das makellose Aussehen von Glas ohne die Zerbrechlichkeit, was es zu einer n\u00fctzlichen Option f\u00fcr ein funktionelles M\u00f6bel macht.<\/p>\n<p>Die Konstruktion ist sowohl robust als auch verbessert. Wie auf den Detailbildern zu sehen ist, ist jede farbige Lamelle sicher an den transparenten Beinen mit hochwertigem, sichtbarem Material befestigt. Diese eleganten Metallschrauben werden nicht versteckt, sondern sind als bewusster Gestaltungsaspekt integriert und verleihen dem ansonsten luftigen Stil einen Hauch von Industrie-Chic. Die \u00d6ffnungen sind mit Pr\u00e4zision durchbohrt, so dass eine optimale Passform und eine robuste, stabile Struktur gew\u00e4hrleistet sind, die f\u00fcr eine lange Lebensdauer entwickelt wurde. Die Kanten sowohl der Beine als auch der Lamellen sind sorgf\u00e4ltig gegl\u00e4ttet, damit sie sich glatt anf\u00fchlen, was die glamour\u00f6se, juwelenartige Spitzenqualit\u00e4t des Produkts unterstreicht.<\/p>\n<p><strong>Unerreichte Vielseitigkeit: Nicht nur im Eingangsbereich<\/strong><\/p>\n<p>Obwohl sie als \u201cEingangsbank\u201d bezeichnet wird, ist sie aufgrund ihrer gro\u00dfartigen Gestaltung und ihrer wohlwollenden Proportionen ein \u00e4u\u00dferst funktionales M\u00f6belst\u00fcck, das sich f\u00fcr zahlreiche Anwendungen in der modernen Wohnung eignet.<\/p>\n<ul>\n<li><strong>Die gro\u00dfe Einladung:\u00a0<\/strong>In einem Eingangsbereich oder Foyer vermittelt er sofort einen kreativen und witzigen Eindruck. Es ist der ideale Ort, um die Schuhe an- oder auszuziehen, die Handtasche abzulegen oder einfach nur als einladendes Kunstwerk zu stehen, das einen langfristigen ersten Eindruck bei den Besuchern hinterl\u00e4sst.<\/li>\n<li><strong>Das Herzst\u00fcck des Wohnzimmers:\u00a0<\/strong>Verwenden Sie ihn als gro\u00dfe Fu\u00dfst\u00fctze oder als einzigartigen Couchtisch. Seine breite Oberfl\u00e4che kann ein dekoratives Tablett mit Getr\u00e4nken und Accessoires aufnehmen, w\u00e4hrend seine lebendigen Farben ein vielf\u00e4ltiges Farbdesign erg\u00e4nzen oder als wichtiger Farbtupfer in einem eher neutralen Bereich dienen k\u00f6nnen.<\/li>\n<li><strong>Die pers\u00f6nliche Oase:\u00a0<\/strong>Platzieren Sie ihn am Fu\u00dfende eines Bettes in der Master-Kollektion f\u00fcr einen Hauch von Boutique-Hotel-Chic. Er eignet sich hervorragend, um ein Kleidungsst\u00fcck zu umranden oder einfach einen Farbtupfer in Ihr pers\u00f6nliches Refugium zu bringen. In einem begehbaren Abstellraum wird er selbst zu einem hochmodischen Accessoire.<\/li>\n<li><strong>Der innovative Raum:\u00a0<\/strong>In einem Heimb\u00fcro, Atelier oder Spielzimmer kann diese Bank eine inspirierende Quelle der Vorstellungskraft sein. Ihre temperamentvolle Natur ermutigt zu unkonventionellem Denken und bringt Gl\u00fccksgef\u00fchle in jede Art von Aufgabe.<\/li>\n<\/ul>\n<p><strong>Eine Erkl\u00e4rung f\u00fcr jedes Muster<\/strong><\/p>\n<p>Dank ihrer einzigartigen \u00c4sthetik l\u00e4sst sich diese Bank perfekt in verschiedene Einrichtungsstile integrieren. In einem minimalistischen oder modernen Raum dient sie als zentraler Blickfang, eine Explosion von Schatten vor einem sauberen, neutralen Hintergrund. F\u00fcr Maximalisten ist er ein Seelenverwandter, der sich mit einer Reihe von k\u00fchnen Mustern und Texturen meldet. In einem Haus mit Hollywood-Regency- oder Glam-Einfl\u00fcssen passen die gl\u00e4nzende Oberfl\u00e4che und die lebhaften Farbt\u00f6ne gut ins Haus. Es bietet sogar einen schockierenden und wunderbaren modernen Kontrapunkt in extra Standard- oder \u00dcbergangsbereichen.<\/p>\n<p><strong>Kaufen Sie Kunst, mit der Sie zurechtkommen<\/strong><\/p>\n<p>Die ma\u00dfgefertigte Acryl-Eingangsbank ist mehr als nur ein Einrichtungsgegenstand. Sie ist eine Investition in das Gl\u00fcck, eine praktische Skulptur und ein Zeugnis f\u00fcr die Sch\u00f6nheit des genialen Designs. Sie ist f\u00fcr alle, die keine Angst vor Farben haben, die feine Handwerkskunst sch\u00e4tzen und die glauben, dass die Dinge, mit denen wir uns umgeben, uns t\u00e4glich inspirieren m\u00fcssen. Holen Sie sich dieses Spektrum an Design in Ihr Zuhause und beobachten Sie, wie es Ihren Raum mit Licht, Leben und unbegrenzter Individualit\u00e4t erf\u00fcllt.<\/p>","protected":false},"excerpt":{"rendered":"<p>Erhellen Sie Ihren Raum mit dieser ma\u00dfgefertigten Regenbogen-Acrylbank. Ein funktionales Kunstwerk, dessen leuchtende, lichtdurchl\u00e4ssige Lamellen sch\u00f6ne, bunte Schatten werfen. Diese atemberaubende Ottomane ist ein modernes Statement f\u00fcr jeden Eingangsbereich und verleiht ihm sofort einen verspielten und schicken Touch.<\/p>","protected":false},"featured_media":1245,"template":"","meta":{"_kad_post_transparent":"default","_kad_post_title":"","_kad_post_layout":"default","_kad_post_sidebar_id":"","_kad_post_content_style":"default","_kad_post_vertical_padding":"default","_kad_post_feature":"","_kad_post_feature_position":"","_kad_post_header":false,"_kad_post_footer":false,"_kad_post_classname":""},"product_brand":[],"product_cat":[21],"product_tag":[126],"class_list":{"0":"post-1243","1":"product","2":"type-product","3":"status-publish","4":"has-post-thumbnail","6":"product_cat-custom-acrylic-furnitures","7":"product_tag-acrylic-entryway-bench","9":"first","10":"instock","11":"shipping-taxable","12":"product-type-simple","13":"entry","14":"content-bg","15":"loop-entry"},"_links":{"self":[{"href":"https:\/\/customacrylicproduct.com\/de\/wp-json\/wp\/v2\/product\/1243","targetHints":{"allow":["GET"]}}],"collection":[{"href":"https:\/\/customacrylicproduct.com\/de\/wp-json\/wp\/v2\/product"}],"about":[{"href":"https:\/\/customacrylicproduct.com\/de\/wp-json\/wp\/v2\/types\/product"}],"wp:featuredmedia":[{"embeddable":true,"href":"https:\/\/customacrylicproduct.com\/de\/wp-json\/wp\/v2\/media\/1245"}],"wp:attachment":[{"href":"https:\/\/customacrylicproduct.com\/de\/wp-json\/wp\/v2\/media?parent=1243"}],"wp:term":[{"taxonomy":"product_brand","embeddable":true,"href":"https:\/\/customacrylicproduct.com\/de\/wp-json\/wp\/v2\/product_brand?post=1243"},{"taxonomy":"product_cat","embeddable":true,"href":"https:\/\/customacrylicproduct.com\/de\/wp-json\/wp\/v2\/product_cat?post=1243"},{"taxonomy":"product_tag","embeddable":true,"href":"https:\/\/customacrylicproduct.com\/de\/wp-json\/wp\/v2\/product_tag?post=1243"}],"curies":[{"name":"wp","href":"https:\/\/api.w.org\/{rel}","templated":true}]}}