{"id":1264,"date":"2025-07-18T07:33:46","date_gmt":"2025-07-18T07:33:46","guid":{"rendered":"https:\/\/customacrylicproduct.com\/?post_type=product&#038;p=1264"},"modified":"2025-07-18T07:33:46","modified_gmt":"2025-07-18T07:33:46","slug":"custom-acrylic-sun-glass-tray-sun-glass-storage-organizer","status":"publish","type":"product","link":"https:\/\/customacrylicproduct.com\/de\/custom-acrylic-sun-glass-tray-sun-glass-storage-organizer\/","title":{"rendered":"Benutzerdefinierte Acryl Sonnenglas Tablett Sonnenglas Storage Organizer"},"content":{"rendered":"<h3 id=\"-transform-your-collection-from-turmoil-to-chic-the-ultimate-customized-acrylic-sunglass-coordinator-\"><strong>Verwandeln Sie Ihre Sammlung von Chaos in Chic: Der ultimative Sonnenbrillen-Koordinator aus Acryl<\/strong><\/h3>\n<p>Ihre Sonnenbrille ist mehr als nur ein Schutz vor der Sonne; sie ist ein Bekenntnis zu Ihrem Stil, ein wichtiges Element, das Ihre Kleidung vervollst\u00e4ndigt, und eine Kollektion, die Sie im Laufe der Zeit sorgf\u00e4ltig zusammengestellt haben. Von zeitlosen Pilotenbrillen und zeitlosen Wayfarern bis hin zu lebhaften, gro\u00dfen Statement-Brillen steht jedes Set f\u00fcr einen Aspekt Ihrer Individualit\u00e4t. Aber wie genau bewahren Sie diese wertvollen St\u00fccke auf? Sind sie auf einer Kommode verstreut, in einem Schrank mit Geheimnissen und Kosmetika verheddert oder prek\u00e4r auf einem Nachttisch balanciert, anf\u00e4llig f\u00fcr Kratzer, Staub und Besch\u00e4digungen? Es ist an der Zeit, dem Durcheinander ein Ende zu setzen und Ihren Gl\u00e4sern ein stilvolles, geordnetes Zuhause zu bieten, das ihnen geb\u00fchrt.<\/p>\n<p>Einf\u00fchrung in die\u00a0<strong>Individuelles Polymer-Sonnenbrillenfach und Aufbewahrungsorganisator\u00a0<\/strong>- eine Meisterklasse in minimalem Design und funktionaler Ausstattung. Dies ist nicht nur eine Box, sondern ein Koffer, ein Schutzraum und ein innovatives Business-Tool, das entwickelt wurde, um Ihren Bereich aufzuwerten und Ihr Leben zu rationalisieren.<\/p>\n<p><img fetchpriority=\"high\" decoding=\"async\" class=\"size-full wp-image-1265\" src=\"https:\/\/customacrylicproduct.com\/wp-content\/uploads\/2025\/07\/Acrylic-Tray-1.jpg\" alt=\"Acryl-Tablett (1)\" width=\"800\" height=\"800\" srcset=\"https:\/\/customacrylicproduct.com\/wp-content\/uploads\/2025\/07\/Acrylic-Tray-1.jpg 800w, https:\/\/customacrylicproduct.com\/wp-content\/uploads\/2025\/07\/Acrylic-Tray-1-300x300.jpg 300w, https:\/\/customacrylicproduct.com\/wp-content\/uploads\/2025\/07\/Acrylic-Tray-1-150x150.jpg 150w, https:\/\/customacrylicproduct.com\/wp-content\/uploads\/2025\/07\/Acrylic-Tray-1-768x768.jpg 768w, https:\/\/customacrylicproduct.com\/wp-content\/uploads\/2025\/07\/Acrylic-Tray-1-600x600.jpg 600w, https:\/\/customacrylicproduct.com\/wp-content\/uploads\/2025\/07\/Acrylic-Tray-1-100x100.jpg 100w\" sizes=\"(max-width: 800px) 100vw, 800px\" \/><\/p>\n<h4 id=\"-a-vision-of-clearness-and-order-\"><strong>Eine Vision von Klarheit und Ordnung<\/strong><\/h4>\n<p>Stellen Sie sich vor, Sie beginnen Ihren Tag mit hervorragender Qualit\u00e4t. Im Gegensatz zu einer hektischen Suche nach der idealen Sonnenbrille werden Sie von einem sensationellen, geordneten Bildschirm begr\u00fc\u00dft. Jede Brille ruht in ihrem eigenen, sch\u00f6nen Bereich, der auf einen Blick erkennbar ist. Das ist die Erfahrung, die unsere Acryl-Sonnenbrillenablage bietet.<\/p>\n<p>Dieser aus bestem, kristallklarem Acryl gefertigte Koordinator wurde entwickelt, um sowohl gesehen als auch unentdeckt zu werden. Seine transparente Beschaffenheit erm\u00f6glicht es, dass Ihre wundersch\u00f6ne Sammlung der Star des Programms ist. Die klaren Linien und die glatte Bauweise sorgen f\u00fcr ein sanftes, zeitgem\u00e4\u00dfes Erscheinungsbild, das zu jeder Art von Dekoration passt, vom modernen Minimalismus bis zum klassischen Hollywood-Glam. Im Gegensatz zu sperrigen, undurchsichtigen Gestellen, die Ihre Sammlung verbergen, verwandelt unser Tablett Ihre Sonnenbrille direkt in ein n\u00fctzliches Kunstwerk und verwandelt Ihren Waschtisch, Ihr Schrankregal oder Ihre Schrankplatte in ein individuelles Gesch\u00e4ft.<\/p>\n<p><img decoding=\"async\" class=\"wp-image-1267 size-large\" src=\"https:\/\/customacrylicproduct.com\/wp-content\/uploads\/2025\/07\/Acrylic-Tray-3-1-1024x1024.jpg\" alt=\"Acryl-Tablett (3)\" width=\"1024\" height=\"1024\" srcset=\"https:\/\/customacrylicproduct.com\/wp-content\/uploads\/2025\/07\/Acrylic-Tray-3-1-1024x1024.jpg 1024w, https:\/\/customacrylicproduct.com\/wp-content\/uploads\/2025\/07\/Acrylic-Tray-3-1-300x300.jpg 300w, https:\/\/customacrylicproduct.com\/wp-content\/uploads\/2025\/07\/Acrylic-Tray-3-1-150x150.jpg 150w, https:\/\/customacrylicproduct.com\/wp-content\/uploads\/2025\/07\/Acrylic-Tray-3-1-768x768.jpg 768w, https:\/\/customacrylicproduct.com\/wp-content\/uploads\/2025\/07\/Acrylic-Tray-3-1-1536x1536.jpg 1536w, https:\/\/customacrylicproduct.com\/wp-content\/uploads\/2025\/07\/Acrylic-Tray-3-1-600x600.jpg 600w, https:\/\/customacrylicproduct.com\/wp-content\/uploads\/2025\/07\/Acrylic-Tray-3-1-100x100.jpg 100w, https:\/\/customacrylicproduct.com\/wp-content\/uploads\/2025\/07\/Acrylic-Tray-3-1.jpg 1600w\" sizes=\"(max-width: 1024px) 100vw, 1024px\" \/><\/p>\n<h4 id=\"-uncompromising-security-for-your-financial-investment-\"><strong>Kompromisslose Sicherheit f\u00fcr Ihre Geldanlage<\/strong><\/h4>\n<p>Ihre Brille ist eine Investition. Jedes Glas ist ein optisches Wunderwerk, und jede Struktur ist ein zerbrechliches Werk des Stils. Unser Sonnenbrillen-Organizer wurde entwickelt, um diese Investition zu sch\u00fctzen. Das Tablett enth\u00e4lt zahlreiche, vollst\u00e4ndig dimensionierte F\u00e4cher, in denen jede Sonnenbrille einzeln aufbewahrt wird. Diese durchdachte Aufteilung verhindert den Hauptgrund f\u00fcr Brillensch\u00e4den: Kratzer. Keine Gl\u00e4ser mehr, die aneinander scheuern oder von anderen Produkten in einer \u00fcberf\u00fcllten Schublade zerkratzt werden.<\/p>\n<p>Die starke Acrylkonstruktion bietet einen unflexiblen Schutz vor unerwarteten St\u00f6\u00dfen und Belastungen, die zerbrechliche Strukturen verbiegen oder brechen k\u00f6nnen. Indem Sie Ihre Sonnenbrillen gut organisiert aufbewahren, sch\u00fctzen Sie sie auch vor Staub und Partikeln, die sich auf den Gl\u00e4sern festsetzen und in die empfindlichen Scharniere eindringen k\u00f6nnen. Jeder Bereich fungiert als eine private Sammlung f\u00fcr Ihre Brillen und garantiert, dass sie jahrelang in einem neuwertigen Zustand bleiben.<\/p>\n<figure id=\"attachment_1266\" aria-describedby=\"caption-attachment-1266\" style=\"width: 1024px\" class=\"wp-caption aligncenter\"><img decoding=\"async\" class=\"wp-image-1266 size-large\" src=\"https:\/\/customacrylicproduct.com\/wp-content\/uploads\/2025\/07\/Acrylic-Tray-2-1-1024x1024.jpg\" alt=\"Acryl-Tablett (2)\" width=\"1024\" height=\"1024\" srcset=\"https:\/\/customacrylicproduct.com\/wp-content\/uploads\/2025\/07\/Acrylic-Tray-2-1-1024x1024.jpg 1024w, https:\/\/customacrylicproduct.com\/wp-content\/uploads\/2025\/07\/Acrylic-Tray-2-1-300x300.jpg 300w, https:\/\/customacrylicproduct.com\/wp-content\/uploads\/2025\/07\/Acrylic-Tray-2-1-150x150.jpg 150w, https:\/\/customacrylicproduct.com\/wp-content\/uploads\/2025\/07\/Acrylic-Tray-2-1-768x768.jpg 768w, https:\/\/customacrylicproduct.com\/wp-content\/uploads\/2025\/07\/Acrylic-Tray-2-1-1536x1536.jpg 1536w, https:\/\/customacrylicproduct.com\/wp-content\/uploads\/2025\/07\/Acrylic-Tray-2-1-600x600.jpg 600w, https:\/\/customacrylicproduct.com\/wp-content\/uploads\/2025\/07\/Acrylic-Tray-2-1-100x100.jpg 100w, https:\/\/customacrylicproduct.com\/wp-content\/uploads\/2025\/07\/Acrylic-Tray-2-1.jpg 1920w\" sizes=\"(max-width: 1024px) 100vw, 1024px\" \/><figcaption id=\"caption-attachment-1266\" class=\"wp-caption-text\">Acryl-Tablett (2)<\/figcaption><\/figure>\n<h4 id=\"-beyond-sunglasses-a-cosmos-of-company-\"><strong>Jenseits der Sonnenbrille: Ein Kosmos von Unternehmen<\/strong><\/h4>\n<p>Obwohl er perfekt f\u00fcr Sonnenbrillen geeignet ist, liegt der Zauber dieses Organizers in seiner unglaublichen Vielseitigkeit - ein Konzept, das sich durch unser gesamtes Sortiment an Acryl-Business-Optionen zieht. Dasselbe aufger\u00e4umte, in F\u00e4cher unterteilte Design, das Ordnung in Ihre Brillen bringt, kann auch andere Bereiche Ihres Lebens ver\u00e4ndern.<\/p>\n<ul>\n<li><strong>F\u00fcr Brillentr\u00e4gerinnen und Brillentr\u00e4ger:\u00a0<\/strong>Bewahren Sie Ihre Analysebrillen, Computerbrillen und verschreibungspflichtigen Brillen geordnet und leicht zug\u00e4nglich auf. Stellen Sie ihn auf Ihren Schreibtisch oder Nachttisch, um einen eleganten, sinnvollen Halter zu haben.<\/li>\n<li><strong>F\u00fcr den Uhrenliebhaber:\u00a0<\/strong>Die Fl\u00e4chen sind so bemessen, dass sie die Uhren von Anfang an sicher halten und Ihre Sammlung mit der Raffinesse eines erstklassigen Juweliers pr\u00e4sentieren.<\/li>\n<li><strong>F\u00fcr den Modeschmuck-Enthusiasten:\u00a0<\/strong>Verabschieden Sie sich von verdrehten Halsketten und fehlenden Ohrringen. Verwenden Sie das Tablett, um dicke Armb\u00e4nder, Broschen, gro\u00dfe Ringe und andere Accessoires zu ordnen, die nicht in die \u00fcblichen Modeschmuckk\u00e4sten passen.<\/li>\n<li><strong>F\u00fcr die Make-up-Liebhaberin:\u00a0<\/strong>Bereiten Sie Ihre bevorzugten Lippenstifte, kleine Lidschattenpaletten oder Nagellackbeh\u00e4lter f\u00fcr eine Eitelkeitsauslage vor, die sowohl atemberaubend als auch effizient ist.<\/li>\n<li><strong>F\u00fcr den kreativen Profi:\u00a0<\/strong>Wie bei unseren entsprechenden Schreibtisch-Organisatoren bringt Acryl Klarheit in Ihren Arbeitsbereich. Verwenden Sie diese Ablage, um Bastelprodukte, Textmarker, Washi-Tape, Heftklammern oder andere kleine Schreibwaren zu ordnen, damit Ihr Schreibtisch minimalistisch und Ihr Geist konzentriert bleibt.<\/li>\n<\/ul>\n<p>Dieses Tablett geh\u00f6rt zu einer Reihe von Business-Tools, die Harmonie und Design in jeden Winkel Ihres B\u00fcros oder Ihres Zuhauses bringen. Kombinieren Sie es mit unseren Acryl-Briefablagen, Stifthaltern und mehrst\u00f6ckigen Koordinatoren, um ein fortschrittliches System zu schaffen, das ebenso beeindruckend wie praktisch ist.<\/p>\n<h4 id=\"-the-power-of-customization-\"><strong>Die Macht der Individualisierung<\/strong><\/h4>\n<p>Wir verstehen, dass jede Kollektion und jeder Bereich einzigartig ist. Deshalb bieten wir die \u201cCustom\u201d-Garantie. Das Basisfach mit 8 F\u00e4chern ist ein hervorragender Ausgangspunkt, aber Ihre Anforderungen k\u00f6nnten anders sein. Haben Sie eine umfangreiche Sammlung, die viel mehr F\u00e4cher ben\u00f6tigt? Ben\u00f6tigen Sie ein l\u00e4ngeres, schlankeres Fach, das vollst\u00e4ndig in einen bestimmten Schrank oder in ein schmales Regal passt? In Absprache mit Ihnen k\u00f6nnen wir die Abmessungen, die Anzahl der F\u00e4cher und die Gesamtanordnung anpassen, um eine wirklich individuelle Aufbewahrungsl\u00f6sung zu schaffen. Dieses Ma\u00df an individueller Anpassung stellt sicher, dass Ihr Koordinator nicht einfach ein Produkt ist, das Sie kaufen, sondern ein integrierter Bestandteil Ihrer individuellen Einrichtung.<\/p>\n<h4 id=\"-made-permanently-constructed-to-last-\"><strong>Dauerhaft gemacht, f\u00fcr die Ewigkeit konstruiert<\/strong><\/h4>\n<p>Unsere Koordinatoren werden aus hochwertigem, haltbarem Schauspieler-Acryl gefertigt, nicht aus billigem, leichtem Kunststoff. Diese Produktoption bietet eine Reihe von Vorteilen:.<\/p>\n<ul>\n<li><strong>\u00dcberlegene Klarheit:\u00a0<\/strong>Es besitzt eine optische Qualit\u00e4t, die mit der von Glas vergleichbar ist, jedoch ohne dessen Zerbrechlichkeit.<\/li>\n<li><strong>Langlebigkeit:\u00a0<\/strong>Es ist bruchsicher und viel stabiler als herk\u00f6mmlicher geformter Kunststoff, so dass es im Laufe der Zeit nicht bricht oder vergilbt.<\/li>\n<li><strong>Leichtes Gewicht:\u00a0<\/strong>Trotz seiner robusten Beschaffenheit ist Acryl leicht, so dass es sich leicht verschieben und neu anordnen l\u00e4sst, wenn sich Ihre Anforderungen \u00e4ndern.<\/li>\n<li><strong>Leicht zu reinigen:\u00a0<\/strong>Eine einfache Reinigung mit einem weichen, feuchten Handtuch reicht aus, damit Ihr Organizer wie neu aussieht.<\/li>\n<\/ul>\n<p>Dies ist ein Produkt f\u00fcr den t\u00e4glichen Gebrauch - ein klassisches St\u00fcck, das Ihnen sicherlich viele Jahre lang perfekte Dienste leisten wird.<\/p>\n<h4 id=\"-elevate-your-day-to-day-\"><strong>Erh\u00f6hen Sie Ihr Tagesgesch\u00e4ft<\/strong><\/h4>\n<p>Das ma\u00dfgefertigte Acryl-Sonnenbrillen-Tablett ist mehr als nur eine Aufbewahrung. Es ist ein Bekenntnis zu einer organisierten Lebensweise. Es ist das Gef\u00fchl der Ruhe, das von einem aufger\u00e4umten Raum ausgeht. Es ist das kleine Vergn\u00fcgen, Ihre sch\u00f6nen Dinge mit Sorgfalt pr\u00e4sentiert zu sehen. Es ist eine Erkl\u00e4rung dar\u00fcber, wie sehr Sie Ihr Hab und Gut und Ihre Zufriedenheit sch\u00e4tzen.<\/p>\n<p>H\u00f6ren Sie auf, Ihr Design zu verstecken. H\u00f6ren Sie auf, jeden Tag zu suchen. Lassen Sie Ihre Sammlung gl\u00e4nzen.<\/p>\n<p>Bestellen Sie noch heute Ihr personalisiertes Polymer-Sonnenbrillenetui und entdecken Sie die perfekte Verbindung von Sch\u00f6nheit, Schutz und Gesellschaft. Geben Sie Ihren wertvollen Ger\u00e4ten das Zuhause, auf das sie wirklich Anspruch haben.<\/p>","protected":false},"excerpt":{"rendered":"<p class=\"ng-star-inserted\"><span class=\"ng-star-inserted\">Pr\u00e4sentieren Sie Ihre Sonnenbrillen mit Stil! Unser individuelles Sonnenbrillen-Tablett aus klarem Acryl ordnet und sch\u00fctzt Ihre Sammlung. Mit mehreren F\u00e4chern h\u00e4lt es die Gl\u00e4ser kratzfrei und leicht auffindbar. Eine elegante Aufbewahrungsl\u00f6sung f\u00fcr jeden Waschtisch oder jede Schublade.<\/span><\/p>","protected":false},"featured_media":1265,"template":"","meta":{"_kad_post_transparent":"default","_kad_post_title":"","_kad_post_layout":"default","_kad_post_sidebar_id":"","_kad_post_content_style":"default","_kad_post_vertical_padding":"default","_kad_post_feature":"","_kad_post_feature_position":"","_kad_post_header":false,"_kad_post_footer":false,"_kad_post_classname":""},"product_brand":[],"product_cat":[22],"product_tag":[130],"class_list":{"0":"post-1264","1":"product","2":"type-product","3":"status-publish","4":"has-post-thumbnail","6":"product_cat-custom-acrylic-trays","7":"product_tag-acrylic-sun-glass-tray","9":"first","10":"instock","11":"shipping-taxable","12":"product-type-simple","13":"entry","14":"content-bg","15":"loop-entry"},"_links":{"self":[{"href":"https:\/\/customacrylicproduct.com\/de\/wp-json\/wp\/v2\/product\/1264","targetHints":{"allow":["GET"]}}],"collection":[{"href":"https:\/\/customacrylicproduct.com\/de\/wp-json\/wp\/v2\/product"}],"about":[{"href":"https:\/\/customacrylicproduct.com\/de\/wp-json\/wp\/v2\/types\/product"}],"wp:featuredmedia":[{"embeddable":true,"href":"https:\/\/customacrylicproduct.com\/de\/wp-json\/wp\/v2\/media\/1265"}],"wp:attachment":[{"href":"https:\/\/customacrylicproduct.com\/de\/wp-json\/wp\/v2\/media?parent=1264"}],"wp:term":[{"taxonomy":"product_brand","embeddable":true,"href":"https:\/\/customacrylicproduct.com\/de\/wp-json\/wp\/v2\/product_brand?post=1264"},{"taxonomy":"product_cat","embeddable":true,"href":"https:\/\/customacrylicproduct.com\/de\/wp-json\/wp\/v2\/product_cat?post=1264"},{"taxonomy":"product_tag","embeddable":true,"href":"https:\/\/customacrylicproduct.com\/de\/wp-json\/wp\/v2\/product_tag?post=1264"}],"curies":[{"name":"wp","href":"https:\/\/api.w.org\/{rel}","templated":true}]}}