{"id":1269,"date":"2025-07-18T07:56:11","date_gmt":"2025-07-18T07:56:11","guid":{"rendered":"https:\/\/customacrylicproduct.com\/?post_type=product&#038;p=1269"},"modified":"2025-07-18T07:56:11","modified_gmt":"2025-07-18T07:56:11","slug":"acrylic-door-signs-for-push-pull-signage-in-supermarkets","status":"publish","type":"product","link":"https:\/\/customacrylicproduct.com\/de\/acrylic-door-signs-for-push-pull-signage-in-supermarkets\/","title":{"rendered":"Acrylt\u00fcrschilder f\u00fcr Push-Pull-Beschilderung in Superm\u00e4rkten"},"content":{"rendered":"<h3 id=\"-elevate-your-area-costs-polymer-door-signage-for-unmistakable-clearness-and-style-\"><strong>Erh\u00f6hen Sie Ihren Bereich: Kosten Polymer T\u00fcrbeschilderung f\u00fcr unverwechselbare Klarheit und Stil<\/strong><\/h3>\n<p>In der Welt der Gesch\u00e4fts-, Einzelhandels- und Unternehmensumgebungen tr\u00e4gt jedes Detail zum Gesamterlebnis bei. Von der Beleuchtung bis zum Format kommunizieren die Aspekte Ihres Raums eine Botschaft \u00fcber die Spitzenqualit\u00e4t Ihrer Marke, Professionalit\u00e4t und Zuverl\u00e4ssigkeit sowie die Konzentration auf Informationen. Eines der wichtigsten, aber h\u00e4ufig \u00fcbersehenen Elemente ist die Beschilderung. Eine klare, richtig gestaltete Beschilderung ist nicht nur ein n\u00fctzliches Bed\u00fcrfnis, sondern ein grundlegendes Element der Navigation, Sicherheit und visuellen Kommunikation.<\/p>\n<p>Wir freuen uns, Ihnen unsere f\u00fchrende Kollektion von Polymer-T\u00fcrschildern vorstellen zu k\u00f6nnen, die sorgf\u00e4ltig hergestellt wurden, um die Anforderungen moderner Bereiche zu erf\u00fcllen. Dieses vielseitige Sortiment mit wichtigen \u201cPush\/Pull\u201d-Schildern und fortschrittlichen Raumkennzeichnungen wie \u201cBoardroom\u201d ist die beste L\u00f6sung f\u00fcr Lebensmittelgesch\u00e4fte, Gesch\u00e4ftsr\u00e4ume, Hotels, Einzelh\u00e4ndler und jede Art von Einrichtung, die Wert auf Qualit\u00e4t, Robustheit und makelloses Layout legt.<\/p>\n<p><img fetchpriority=\"high\" decoding=\"async\" class=\"size-full wp-image-1273\" src=\"https:\/\/customacrylicproduct.com\/wp-content\/uploads\/2025\/07\/Acrylic-Door-Signs-4.jpg\" alt=\"Acryl-T\u00fcrschilder (4)\" width=\"800\" height=\"800\" srcset=\"https:\/\/customacrylicproduct.com\/wp-content\/uploads\/2025\/07\/Acrylic-Door-Signs-4.jpg 800w, https:\/\/customacrylicproduct.com\/wp-content\/uploads\/2025\/07\/Acrylic-Door-Signs-4-300x300.jpg 300w, https:\/\/customacrylicproduct.com\/wp-content\/uploads\/2025\/07\/Acrylic-Door-Signs-4-150x150.jpg 150w, https:\/\/customacrylicproduct.com\/wp-content\/uploads\/2025\/07\/Acrylic-Door-Signs-4-768x768.jpg 768w, https:\/\/customacrylicproduct.com\/wp-content\/uploads\/2025\/07\/Acrylic-Door-Signs-4-600x600.jpg 600w, https:\/\/customacrylicproduct.com\/wp-content\/uploads\/2025\/07\/Acrylic-Door-Signs-4-100x100.jpg 100w\" sizes=\"(max-width: 800px) 100vw, 800px\" \/><\/p>\n<h4 id=\"-the-power-of-first-impressions-and-easy-navigating-\"><strong>Die Macht des ersten Eindrucks und der einfachen Navigation<\/strong><\/h4>\n<p>Denken Sie an einen Kunden, der sich mit vollen H\u00e4nden dem Eingang Ihres Supermarktes n\u00e4hert, oder an einen Kunden, der in einem belebten B\u00fcro nach einem Besprechungsraum sucht. Verwirrung an einem Eingang kann zu \u00c4rger f\u00fchren und einen ung\u00fcnstigen Eindruck hinterlassen. Unsere Push\/Pull-Anzeigen beseitigen diese Unklarheit sofort. Entwickelt mit einem aussagekr\u00e4ftigen, weltweit anerkannten Text und einer einpr\u00e4gsamen Ikonografie, leiten sie die Website-Besucher auf einfache Weise, f\u00f6rdern den Verkehrsfluss und garantieren eine reibungslose, einladende Erfahrung von der ersten Minute an, in der sie hier ankommen.<\/p>\n<p>Diese Kollektion geht \u00fcber die einfache F\u00e4higkeit hinaus. Sie verwandelt die geforderten Richtungen in stilvolle Akzente, die Ihre Inneneinrichtung aufwerten und aufwerten. Vorbei sind die Zeiten der fadenscheinigen, abbl\u00e4tternden Aufkleber oder der generischen, uninteressanten Plastikschilder. Unsere Hinweisschilder sind eine Investition in die \u00c4sthetik und Effizienz Ihres Wohnraums.<\/p>\n<p><img decoding=\"async\" class=\"size-full wp-image-1272\" src=\"https:\/\/customacrylicproduct.com\/wp-content\/uploads\/2025\/07\/Acrylic-Door-Signs-3.jpg\" alt=\"Acryl-T\u00fcrschilder (3)\" width=\"800\" height=\"800\" srcset=\"https:\/\/customacrylicproduct.com\/wp-content\/uploads\/2025\/07\/Acrylic-Door-Signs-3.jpg 800w, https:\/\/customacrylicproduct.com\/wp-content\/uploads\/2025\/07\/Acrylic-Door-Signs-3-300x300.jpg 300w, https:\/\/customacrylicproduct.com\/wp-content\/uploads\/2025\/07\/Acrylic-Door-Signs-3-150x150.jpg 150w, https:\/\/customacrylicproduct.com\/wp-content\/uploads\/2025\/07\/Acrylic-Door-Signs-3-768x768.jpg 768w, https:\/\/customacrylicproduct.com\/wp-content\/uploads\/2025\/07\/Acrylic-Door-Signs-3-600x600.jpg 600w, https:\/\/customacrylicproduct.com\/wp-content\/uploads\/2025\/07\/Acrylic-Door-Signs-3-100x100.jpg 100w\" sizes=\"(max-width: 800px) 100vw, 800px\" \/><\/p>\n<h4 id=\"-uncompromising-quality-the-acrylic-advantage-\"><strong>Kompromisslose Qualit\u00e4t: Der Vorteil von Acryl<\/strong><\/h4>\n<p>Das Herzst\u00fcck unserer Kollektion ist hochmodernes Acryl, ein Material, das aufgrund seiner bemerkenswerten Kombination aus Eleganz und Haltbarkeit ausgew\u00e4hlt wurde. Im Gegensatz zu herk\u00f6mmlichem Glas ist Acrylglas bruchsicher und leicht, wodurch es sicherer und einfacher zu montieren ist. Seine Eigenschaften machen es zur perfekten Wahl f\u00fcr stark frequentierte Bereiche:.<\/p>\n<ul>\n<li><strong>Hervorragende Z\u00e4higkeit:\u00a0<\/strong>Unsere Acrylschilder sind so konstruiert, dass sie den allt\u00e4glichen Sch\u00e4den in dynamischen Umgebungen standhalten. Sie sind immun gegen Kratzer, St\u00f6\u00dfe und Ausbleichen und behalten ihr hervorragendes Aussehen \u00fcber mehrere Jahre hinweg.<\/li>\n<li><strong>Kristallklares Finish:\u00a0<\/strong>Die inh\u00e4rente Qualit\u00e4t von Acryl verleiht unseren Anzeigen ein scharfes, hochwertiges Aussehen. Ob es sich um eine gl\u00e4nzende schwarze Geschichte handelt, die goldene Schriftz\u00fcge hervorhebt, oder um eine glatte matte Oberfl\u00e4che f\u00fcr ein modernes Gef\u00fchl, das Material hebt jedes Layout-Detail hervor.<\/li>\n<li><strong>Wetter- und N\u00e4ssebest\u00e4ndigkeit:\u00a0<\/strong>Acrylglas eignet sich perfekt f\u00fcr Eingangst\u00fcren oder Toilettenschilder. Es verzieht sich nicht und verschlechtert sich nicht, wenn es Feuchtigkeit oder Temperaturschwankungen ausgesetzt wird, so dass es f\u00fcr eine Vielzahl von Anwendungen im Innenbereich geeignet ist.<\/li>\n<li><strong>Einfache Instandhaltung:\u00a0<\/strong>Eine einfache Reinigung mit einem weichen Stoff ist alles, was erforderlich ist, um diese Hinweise brandneu aussehen zu lassen. Sie sind porenfrei und widerstehen Verf\u00e4rbungen, so dass sie sich stets ordentlich und fachm\u00e4nnisch pr\u00e4sentieren.<\/li>\n<\/ul>\n<p><img decoding=\"async\" class=\"size-full wp-image-1275\" src=\"https:\/\/customacrylicproduct.com\/wp-content\/uploads\/2025\/07\/Acrylic-Door-Signs-6.jpg\" alt=\"Acryl-T\u00fcrschilder (6)\" width=\"800\" height=\"800\" srcset=\"https:\/\/customacrylicproduct.com\/wp-content\/uploads\/2025\/07\/Acrylic-Door-Signs-6.jpg 800w, https:\/\/customacrylicproduct.com\/wp-content\/uploads\/2025\/07\/Acrylic-Door-Signs-6-300x300.jpg 300w, https:\/\/customacrylicproduct.com\/wp-content\/uploads\/2025\/07\/Acrylic-Door-Signs-6-150x150.jpg 150w, https:\/\/customacrylicproduct.com\/wp-content\/uploads\/2025\/07\/Acrylic-Door-Signs-6-768x768.jpg 768w, https:\/\/customacrylicproduct.com\/wp-content\/uploads\/2025\/07\/Acrylic-Door-Signs-6-600x600.jpg 600w, https:\/\/customacrylicproduct.com\/wp-content\/uploads\/2025\/07\/Acrylic-Door-Signs-6-100x100.jpg 100w\" sizes=\"(max-width: 800px) 100vw, 800px\" \/><\/p>\n<h4 id=\"-a-style-for-every-atmosphere-design-adaptability-\"><strong>Ein Stil f\u00fcr jede Atmosph\u00e4re: Anpassungsf\u00e4higkeit des Designs<\/strong><\/h4>\n<p>Unsere Kollektion wurde mit Bedacht zusammengestellt, um eine Auswahl an Designs zu bieten, die sich problemlos in jedes Geb\u00e4ude oder Inneneinrichtungssystem einf\u00fcgen.<\/p>\n<p><strong>1. Der Klassiker Gold &amp; Schwarz:\u00a0<\/strong>. Wie bei unserem Flaggschiff, den Push\/Pull-Schildern, sorgt die Kombination aus tiefem, gl\u00e4nzendem Schwarz und markantem Goldtext f\u00fcr ein klassisches Erscheinungsbild von Luxus und Autorit\u00e4t. Die chinesischen Pers\u00f6nlichkeiten (\u63a8 f\u00fcr Push, \u62c9 f\u00fcr Pull) sind in einer lebendigen, aufger\u00e4umten Schriftart gehalten, die mit ihren englischen Entsprechungen kombiniert ist. Dieses Layout eignet sich perfekt f\u00fcr Hotels der gehobenen Klasse, gehobene Restaurants, Chefsuiten und hochwertige Einzelhandelsgesch\u00e4fte, die ein Bild von Sch\u00f6nheit und Eleganz vermitteln m\u00f6chten.<\/p>\n<p><strong>2. Das moderne gereinigte Gold:\u00a0<\/strong>. F\u00fcr ein weicheres, besonders zeitgem\u00e4\u00dfes metallisches Erscheinungsbild bieten unsere gek\u00e4mmten Goldanzeigen ein warmes, aber dennoch minimalistisches Erscheinungsbild. Mit gestochen scharfem schwarzen Text und instinktiven Piktogrammen - eine dr\u00fcckende und eine zeichnende Hand - verbessern diese Anzeigen das Verst\u00e4ndnis bei allen Sprachhindernissen. Das dezente Erscheinungsbild der gek\u00e4mmten Oberfl\u00e4che verringert die Blendwirkung und verbirgt Fingerabdr\u00fccke, was sie zu einer sinnvollen und eleganten Wahl f\u00fcr moderne B\u00fcros, Caf\u00e9s und Boutiquen macht.<\/p>\n<p><strong>3. Der raffinierte Akzent aus Holz und Schwarz:\u00a0<\/strong>. Unser Schild \u201cBoardroom\u201d (\u4f1a\u8bae\u5ba4) zeigt eine gekonnte Mischung aus Produkten. Das Schild enth\u00e4lt klare, wei\u00dfe 3D-Schriftz\u00fcge auf einer mattschwarzen Acrylplatte, die kunstvoll auf einen gr\u00f6\u00dferen Sockel mit einer reichhaltigen, nat\u00fcrlichen Holzoberfl\u00e4che geschichtet ist. Die stilvolle Kurve an der Stelle, an der das Schwarz auf das Holz trifft, verleiht ihm einen dynamischen, nat\u00fcrlichen Touch. Dieses Design eignet sich hervorragend f\u00fcr R\u00e4ume, die zeitgem\u00e4\u00df und dennoch warm und einladend sein sollen, wie z. B. kreative Unternehmen, Wellness-Zentren und moderne Heimb\u00fcros.<\/p>\n<p><strong>4. Der professionelle austauschbare Schieberegler:\u00a0<\/strong>. Unser Schieberegler aus geb\u00fcrstetem Aluminium wurde f\u00fcr lebhafte R\u00e4ume entwickelt und ist der Gipfel der Funktionalit\u00e4t. Die elegante silberne Halterung ist komplett montiert, w\u00e4hrend die innere Anzeigetafel - hier in einem sachkundigen Blau f\u00fcr \u201cKonferenzraum\u201d - bequem hinein- und herausgeschoben werden kann. Dieses System eignet sich am besten f\u00fcr zufriedenstellende Bereiche, Kundenr\u00e4ume oder B\u00fcros und erm\u00f6glicht schnelle Aktualisierungen, um \u201cFrei\/Benutzt\u201d, \u201cSofort verf\u00fcgbar\u201d oder den Namen des aktuellen Nutzers anzuzeigen. Es ist ein ordentlicher, effizienter und sehr fachkundiger Service f\u00fcr den Umgang mit gemeinsam genutzten R\u00e4umen.<\/p>\n<h4 id=\"-clearness-in-communication-bilingual-and-universal-\"><strong>Eindeutigkeit in der Kommunikation: Zweisprachig und universell<\/strong><\/h4>\n<p>In unserer zunehmend globalisierten Welt ist eine klare Kommunikation von gr\u00f6\u00dfter Bedeutung. Unsere Hinweisschilder sind mit zweisprachigem Text in Chinesisch und Englisch versehen und eignen sich daher hervorragend f\u00fcr internationale Unternehmen, touristisch gepr\u00e4gte Orte und unterschiedliche Gemeinschaften. Die klare Typografie und die kontrastreichen Farbschemata garantieren ein Maximum an Klarheit, w\u00e4hrend die Einbeziehung von Symbolen bei einigen Designs eine zus\u00e4tzliche Ebene des universellen Verst\u00e4ndnisses liefert.<\/p>\n<h4 id=\"-straightforward-setup-enduring-impact-\"><strong>Unkomplizierter Aufbau, nachhaltige Wirkung<\/strong><\/h4>\n<p>Unser Unternehmen ist der Meinung, dass die Aufwertung Ihres Zimmers eine angenehme Erfahrung sein sollte. Deshalb sind unsere Acryl-T\u00fcrschilder f\u00fcr eine einfache und sichere Montage entwickelt worden. Jedes T\u00fcrschild ist mit einer hochfesten Klebehalterung ausgestattet, die es Ihnen erm\u00f6glicht, es in Sekundenschnelle an jeder ordentlichen, flachen Oberfl\u00e4che zu befestigen - egal ob Holz, Glas, Stahl oder gestrichene Wandfl\u00e4chen. Keine Untersuchung, keine Schrauben, keine Sch\u00e4den an Ihren T\u00fcren.<\/p>\n<p><strong>Qualit\u00e4t kaufen<\/strong><\/p>\n<p>Die Entscheidung f\u00fcr unsere Polymer-T\u00fcrschilder ist mehr als eine Anschaffung; sie ist eine Erkl\u00e4rung. Es ist ein Bekenntnis zu einer viel besseren Erfahrung f\u00fcr Ihre Verbraucher, Kunden und Mitarbeiter. Es ist eine Investition in das Image Ihrer Marke und ein Beweis f\u00fcr Ihr Engagement f\u00fcr h\u00f6chste Qualit\u00e4t in jeder Information.<\/p>\n<p>Leiten, informieren und beeindrucken Sie mit einer Beschilderung, die so perfekt funktioniert, wie sie aussieht. Durchsuchen Sie noch heute unsere Kollektion und finden Sie die ideale Erg\u00e4nzung f\u00fcr Ihren Bereich.<\/p>","protected":false},"excerpt":{"rendered":"<p class=\"ng-star-inserted\"><span class=\"ng-star-inserted\">Versch\u00f6nern Sie Ihre Eing\u00e4nge mit unseren hochwertigen Push\/Pull-T\u00fcrschildern aus Acryl. Mit klarem, zweisprachigem Text und modernen Designs in Gold, Schwarz und Holzoptik sind diese langlebigen Schilder perfekt f\u00fcr Superm\u00e4rkte, B\u00fcros und Gesch\u00e4fte. Einfach zu installieren f\u00fcr ein professionelles und einladendes Aussehen.<\/span><\/p>","protected":false},"featured_media":1270,"template":"","meta":{"_kad_post_transparent":"default","_kad_post_title":"","_kad_post_layout":"default","_kad_post_sidebar_id":"","_kad_post_content_style":"default","_kad_post_vertical_padding":"default","_kad_post_feature":"","_kad_post_feature_position":"","_kad_post_header":false,"_kad_post_footer":false,"_kad_post_classname":""},"product_brand":[],"product_cat":[18],"product_tag":[131],"class_list":{"0":"post-1269","1":"product","2":"type-product","3":"status-publish","4":"has-post-thumbnail","6":"product_cat-custom-acrylic-signs","7":"product_tag-acrylic-door-signs","9":"first","10":"instock","11":"shipping-taxable","12":"product-type-simple","13":"entry","14":"content-bg","15":"loop-entry"},"_links":{"self":[{"href":"https:\/\/customacrylicproduct.com\/de\/wp-json\/wp\/v2\/product\/1269","targetHints":{"allow":["GET"]}}],"collection":[{"href":"https:\/\/customacrylicproduct.com\/de\/wp-json\/wp\/v2\/product"}],"about":[{"href":"https:\/\/customacrylicproduct.com\/de\/wp-json\/wp\/v2\/types\/product"}],"wp:featuredmedia":[{"embeddable":true,"href":"https:\/\/customacrylicproduct.com\/de\/wp-json\/wp\/v2\/media\/1270"}],"wp:attachment":[{"href":"https:\/\/customacrylicproduct.com\/de\/wp-json\/wp\/v2\/media?parent=1269"}],"wp:term":[{"taxonomy":"product_brand","embeddable":true,"href":"https:\/\/customacrylicproduct.com\/de\/wp-json\/wp\/v2\/product_brand?post=1269"},{"taxonomy":"product_cat","embeddable":true,"href":"https:\/\/customacrylicproduct.com\/de\/wp-json\/wp\/v2\/product_cat?post=1269"},{"taxonomy":"product_tag","embeddable":true,"href":"https:\/\/customacrylicproduct.com\/de\/wp-json\/wp\/v2\/product_tag?post=1269"}],"curies":[{"name":"wp","href":"https:\/\/api.w.org\/{rel}","templated":true}]}}