{"id":1281,"date":"2025-07-18T08:22:12","date_gmt":"2025-07-18T08:22:12","guid":{"rendered":"https:\/\/customacrylicproduct.com\/?post_type=product&#038;p=1281"},"modified":"2025-07-18T08:30:55","modified_gmt":"2025-07-18T08:30:55","slug":"custom-generic-round-glass-vase-acrylic-vase-home-decoration","status":"publish","type":"product","link":"https:\/\/customacrylicproduct.com\/de\/custom-generic-round-glass-vase-acrylic-vase-home-decoration\/","title":{"rendered":"Benutzerdefinierte generische runde Glasvase Acrylvase Heimdekoration"},"content":{"rendered":"<h3 id=\"the-arch-orb-sculptural-coordinator-where-practical-design-meets-spirited-creativity\">Der \u201cArch &amp; Orb\u201d Skulpturen-Koordinator: Wo praktisches Design auf lebendige Kreativit\u00e4t trifft<\/h3>\n<p>In einer Welt, die von Allt\u00e4glichem \u00fcbers\u00e4ttigt ist, glauben wir, dass die Dinge, mit denen man sich umgibt, mehr als nur einen Zweck erf\u00fcllen m\u00fcssen - sie sollten inspirieren, begeistern und eine Geschichte erz\u00e4hlen. Wir pr\u00e4sentieren den \u201cArch &amp; Orb\u201d Sculptural Organizer, ein Meisterwerk des modernen Designs, das m\u00fchelos die Grenzen zwischen einem funktionalen Accessoire f\u00fcr den Schreibtisch, einem schicken Blumenhalter und einem eigenst\u00e4ndigen St\u00fcck zeitgen\u00f6ssischer Kunst verwischt. Dies ist nicht einfach nur ein Beh\u00e4lter, sondern eine kuratierte Erfahrung, ein geniales Bauwerk, das den Alltag aufwertet und Ihren individuellen Bereich in eine von Ihnen selbst gestaltete Galerie verwandelt.<\/p>\n<p><img fetchpriority=\"high\" decoding=\"async\" class=\"size-full wp-image-1285 aligncenter\" src=\"https:\/\/customacrylicproduct.com\/wp-content\/uploads\/2025\/07\/Custom-Generic-Round-Glass-Vase-4.jpg\" alt=\"Kundenspezifische runde Glasvase (4)\" width=\"800\" height=\"800\" srcset=\"https:\/\/customacrylicproduct.com\/wp-content\/uploads\/2025\/07\/Custom-Generic-Round-Glass-Vase-4.jpg 800w, https:\/\/customacrylicproduct.com\/wp-content\/uploads\/2025\/07\/Custom-Generic-Round-Glass-Vase-4-300x300.jpg 300w, https:\/\/customacrylicproduct.com\/wp-content\/uploads\/2025\/07\/Custom-Generic-Round-Glass-Vase-4-150x150.jpg 150w, https:\/\/customacrylicproduct.com\/wp-content\/uploads\/2025\/07\/Custom-Generic-Round-Glass-Vase-4-768x768.jpg 768w, https:\/\/customacrylicproduct.com\/wp-content\/uploads\/2025\/07\/Custom-Generic-Round-Glass-Vase-4-600x600.jpg 600w, https:\/\/customacrylicproduct.com\/wp-content\/uploads\/2025\/07\/Custom-Generic-Round-Glass-Vase-4-100x100.jpg 100w\" sizes=\"(max-width: 800px) 100vw, 800px\" \/><\/p>\n<h4 id=\"a-harmony-of-kind-and-shade\">Eine Harmonie von Art und Farbton<\/h4>\n<p>Im Kern ist der Stil von \u201cArc &amp; Orb\u201d ein Fest der reinen geometrischen Form. Der Rahmen besteht aus 2 parallelen Platten aus hochwertigem, klarem Acryl, die jeweils zu einem perfekten, stilvollen Bogen geformt sind. Diese B\u00f6gen vermitteln ein Gef\u00fchl von architektonischer Anmut und Offenheit und erwecken Bilder von traditionellen S\u00e4ulen oder futuristischen Stadtlandschaften. Die Wahl eines lebendigen, elektrischen Blaus ist wohl\u00fcberlegt und wirkungsvoll. Es handelt sich nicht um eine passive Farbe, sondern um eine Farbe, die die Aufmerksamkeit auf sich zieht und Zuversicht, Kreativit\u00e4t und Gelassenheit ausstrahlt. Die Klarheit des Acryls l\u00e4sst das Licht durchdringen und erzeugt einen fesselnden Tanz aus Dunkelheit und gebrochener Farbe, der sich mit dem Tageslicht ver\u00e4ndert und dem Gegenstand ein aktives und dynamisches Gef\u00fchl verleiht.<\/p>\n<p>Zwischen diesen beiden B\u00f6gen befindet sich ein funktionaler, U-f\u00f6rmiger Beh\u00e4lter, der das Herzst\u00fcck des Objekts darstellt. Doch es ist der k\u00fchne abschlie\u00dfende Touch, der dieses Objekt wirklich definiert: eine einzelne, gl\u00e4nzende Kugel in einem sonnendurchfluteten, optimistischen Gelb. Diese Kugel l\u00e4sst sich treiben, eingefangen in einem Moment der lebendigen Aufh\u00e4ngung vor dem erstaunlichen blauen Hintergrund. Der Kontrast ist elektrisch. Die Kugel durchbricht die offizielle Symmetrie der B\u00f6gen und bringt eine \u00fcberraschende und phantasievolle Komponente ins Spiel. Dieses Zusammenspiel zwischen den geordneten Linien der B\u00f6gen und der nat\u00fcrlichen Kurve der Kugel ist das Herzst\u00fcck des Entwurfs und symbolisiert ein perfektes Gleichgewicht zwischen Ordnung und Spontaneit\u00e4t, Klasse und Vergn\u00fcgen. Es ist eine Stilsprache, die mit dem Einfluss des Memphis-Teams spricht, das sich f\u00fcr leuchtende Farbt\u00f6ne, geometrische Formen und eine Abkehr von minimalistischer Strenge zugunsten ausdrucksstarker, charaktervoller Objekte einsetzte.<\/p>\n<p><img decoding=\"async\" class=\"size-full wp-image-1284 aligncenter\" src=\"https:\/\/customacrylicproduct.com\/wp-content\/uploads\/2025\/07\/Custom-Generic-Round-Glass-Vase-3.jpg\" alt=\"Kundenspezifische runde Glasvase (3)\" width=\"800\" height=\"800\" srcset=\"https:\/\/customacrylicproduct.com\/wp-content\/uploads\/2025\/07\/Custom-Generic-Round-Glass-Vase-3.jpg 800w, https:\/\/customacrylicproduct.com\/wp-content\/uploads\/2025\/07\/Custom-Generic-Round-Glass-Vase-3-300x300.jpg 300w, https:\/\/customacrylicproduct.com\/wp-content\/uploads\/2025\/07\/Custom-Generic-Round-Glass-Vase-3-150x150.jpg 150w, https:\/\/customacrylicproduct.com\/wp-content\/uploads\/2025\/07\/Custom-Generic-Round-Glass-Vase-3-768x768.jpg 768w, https:\/\/customacrylicproduct.com\/wp-content\/uploads\/2025\/07\/Custom-Generic-Round-Glass-Vase-3-600x600.jpg 600w, https:\/\/customacrylicproduct.com\/wp-content\/uploads\/2025\/07\/Custom-Generic-Round-Glass-Vase-3-100x100.jpg 100w\" sizes=\"(max-width: 800px) 100vw, 800px\" \/><\/p>\n<h4 id=\"unparalleled-flexibility-a-things-of-infinite-possibilities\">Unerreichte Flexibilit\u00e4t: Ein Ding der unendlichen M\u00f6glichkeiten<\/h4>\n<p>Der wahre Reiz des \u201cArch &amp; Orb\u201d-Koordinators liegt in seiner erstaunlichen Vielseitigkeit. Dank seiner durchdachten Anordnung passt er sich m\u00fchelos an Ihre Bed\u00fcrfnisse, Ihr Design und Ihr Leben an.<\/p>\n<ul>\n<li><strong>F\u00fcr den modernen Experten:\u00a0<\/strong>Gestalten Sie Ihr B\u00fcro neu. Als Besitzer von Stiften bringt er ein unvergleichliches Ma\u00df an Stil auf Ihren Schreibtisch. Verabschieden Sie sich von unordentlichen, uninspirierten Tassen und nehmen Sie einen Gegenstand an, der Ihre wichtigen Ger\u00e4te ordnet und gleichzeitig als Quelle kreativer Motivation dient. Damit zeigen Sie, dass Sie Wert auf Ordnung, kreatives Denken und einen aufger\u00e4umten Geist legen.<\/li>\n<li><strong>F\u00fcr den Charme-Kenner:\u00a0<\/strong>Verwandeln Sie Ihre Eitelkeit in einen eleganten und geordneten Unterschlupf. Der Halter hat die perfekte Gr\u00f6\u00dfe f\u00fcr Make-up-Pinsel, Eyeliner, Lipgloss und verschiedene andere Kosmetikutensilien. Die leuchtenden Farben verleihen Ihrer morgendlichen Routine einen Hauch von Glamour und machen das Fertigmachen zu einem kreativen Ritual.<\/li>\n<li><strong>F\u00fcr den anspruchsvollen Dekorateur:\u00a0<\/strong>Verwenden Sie ihn als modernen Blumenhalter, um die Sch\u00f6nheit der Natur in einem neuen Licht zu pr\u00e4sentieren. Obwohl er nicht f\u00fcr einen ganzen Blumenstrau\u00df gedacht ist, eignet er sich hervorragend f\u00fcr einen einzelnen, bemerkenswerten St\u00e4ngel, ein paar Zweige duftenden Eukalyptus oder ein B\u00fcschel zarten Pampasrasens (wie auf dem Bild \"Way of Life\" wunderbar angedeutet). Der Kontrast zwischen der nat\u00fcrlichen Struktur der Pflanzen und den stromlinienf\u00f6rmigen, synthetischen Linien des Acryls f\u00fchrt zu einer gro\u00dfartigen \u00e4sthetischen Diskussion.<\/li>\n<li><strong>F\u00fcr den K\u00fcnstler und Designer:\u00a0<\/strong>Halten Sie Ihre meistbenutzten Pinsel, Formgebungsger\u00e4te oder Buntstifte griffbereit. Dieser Besitzer ist eine Hommage an das innovative Verfahren selbst, ein geeignetes Zuhause f\u00fcr die Instrumente, die Ihre ganz eigenen Visionen zum Leben erwecken.<\/li>\n<li><strong>Als freistehende Skulptur:\u00a0<\/strong>Oft besteht die beste Funktion eines Objekts darin, einfach nur sch\u00f6n zu sein. Stellen Sie den \u201cArc &amp; Orb\u201d auf ein B\u00fccherregal, einen Kaminsims oder einen Konsolentisch im Eingangsbereich und lassen Sie ihn f\u00fcr sich selbst sprechen. Er ist ein Gespr\u00e4chsanlass, ein Kunstwerk, das Individualit\u00e4t und eine innovative, zeitgen\u00f6ssische Seite in jede Art von Inneneinrichtung einbringt.<\/li>\n<\/ul>\n<p><img decoding=\"async\" class=\"size-full wp-image-1282 aligncenter\" src=\"https:\/\/customacrylicproduct.com\/wp-content\/uploads\/2025\/07\/Custom-Generic-Round-Glass-Vase-1.jpg\" alt=\"Kundenspezifische runde Glasvase (1)\" width=\"800\" height=\"800\" srcset=\"https:\/\/customacrylicproduct.com\/wp-content\/uploads\/2025\/07\/Custom-Generic-Round-Glass-Vase-1.jpg 800w, https:\/\/customacrylicproduct.com\/wp-content\/uploads\/2025\/07\/Custom-Generic-Round-Glass-Vase-1-300x300.jpg 300w, https:\/\/customacrylicproduct.com\/wp-content\/uploads\/2025\/07\/Custom-Generic-Round-Glass-Vase-1-150x150.jpg 150w, https:\/\/customacrylicproduct.com\/wp-content\/uploads\/2025\/07\/Custom-Generic-Round-Glass-Vase-1-768x768.jpg 768w, https:\/\/customacrylicproduct.com\/wp-content\/uploads\/2025\/07\/Custom-Generic-Round-Glass-Vase-1-600x600.jpg 600w, https:\/\/customacrylicproduct.com\/wp-content\/uploads\/2025\/07\/Custom-Generic-Round-Glass-Vase-1-100x100.jpg 100w\" sizes=\"(max-width: 800px) 100vw, 800px\" \/><\/p>\n<h4 id=\"superior-craftsmanship-and-product\">Hervorragende Handwerkskunst und Produkt<\/h4>\n<p>Dieses St\u00fcck ist sorgf\u00e4ltig aus hochwertigem Acrylglas (auch Plexiglas oder Lucite genannt) gefertigt, das aufgrund seiner ph\u00e4nomenalen Eigenschaften ausgew\u00e4hlt wurde. Im Gegensatz zu Glas ist Polymer leicht und bruchsicher und garantiert so Widerstandsf\u00e4higkeit und Seelenfrieden. Seine herausragendste Eigenschaft ist seine optische Klarheit, die die von Glas \u00fcbertrifft und eine reinere und fantastischere \u00dcbertragung von Farben und Licht erm\u00f6glicht. Die Seiten sind pr\u00e4zisionsgeschliffen, wodurch die Tiefe und das Ger\u00fcst des Produkts zum Vorschein kommen, w\u00e4hrend die Oberfl\u00e4chen zu einem bemerkenswerten Finish aufgehellt sind. Die dynamische gelbe Kugel f\u00fcgt sich sicher und m\u00fchelos in den Stil ein, ein Zeugnis f\u00fcr die hochwertige Konstruktion und die Konzentration auf die Informationen.<\/p>\n<h4 id=\"the-power-of-modification\">Die Macht der Modifikation<\/h4>\n<p>Wir verstehen, dass individuelles Design etwas Besonderes ist. Die \u201cArc &amp; Orb\u201d kann auf Ihre besonderen \u00e4sthetischen Vorstellungen zugeschnitten werden, was die \u201cCustomized\u201d-Natur dieses Angebots zeigt. Stellen Sie sich dieses atemberaubende Design in einer anderen Farbpalette vor: ein rauchiges Grau mit einem Hauch von Neon-Pink, ein innovatives klares Acryl mit einem tief smaragdgr\u00fcnen Orb oder ein warmes Bernstein mit einem traditionellen wei\u00dfen Rund. Die M\u00f6glichkeiten sind nur durch Ihre Fantasie begrenzt. Diese Abwandlung macht sie zu einer perfekten Option f\u00fcr Gesch\u00e4ftsgeschenke, Markenkooperationen oder um ein absolut einzigartiges Objekt f\u00fcr Ihr Zuhause zu schaffen.<\/p>\n<h4 id=\"an-invite-to-redefine-your-room\">Eine Einladung, Ihren Raum neu zu definieren<\/h4>\n<p>Der \u201cArc &amp; Orb\u201d Sculptural Organizer ist mehr als nur ein Produkt; er ist eine Einladung. Es ist eine Einladung, sich von Konventionen zu l\u00f6sen, Farbe und Freundlichkeit willkommen zu hei\u00dfen und Freude an den kleinen, sch\u00f6nen Details Ihrer Umgebung zu finden. Es ist ein St\u00fcck f\u00fcr den starken, den phantasievollen und den designbewussten Menschen, der versteht, dass die R\u00e4ume, die wir bewohnen, Erweiterungen von uns selbst sind.<\/p>\n<p>Kaufen Sie ein praktisches Kunstwerk. Holen Sie sich den \u201cArch &amp; Orb\u201d nach Hause und lassen Sie sich von seiner temperamentvollen Raffinesse und seinem modernen Stil t\u00e4glich beeinflussen.<\/p>","protected":false},"excerpt":{"rendered":"<p class=\"ng-star-inserted\"><span class=\"ng-star-inserted\">Bringen Sie ein k\u00fcnstlerisches Flair in Ihren Raum! Dieser moderne Acrylhalter hat ein gewagtes geometrisches Design mit durchscheinenden blauen B\u00f6gen und einer verspielten gelben Kugel. Vielseitig einsetzbar als schicker Stifthalter, als Ablage f\u00fcr Schminkpinsel oder als einzigartige einstielige Vase f\u00fcr ein modernes Zuhause oder B\u00fcro.<\/span><\/p>","protected":false},"featured_media":1285,"template":"","meta":{"_kad_post_transparent":"default","_kad_post_title":"","_kad_post_layout":"default","_kad_post_sidebar_id":"","_kad_post_content_style":"default","_kad_post_vertical_padding":"default","_kad_post_feature":"","_kad_post_feature_position":"","_kad_post_header":false,"_kad_post_footer":false,"_kad_post_classname":""},"product_brand":[],"product_cat":[17],"product_tag":[133],"class_list":{"0":"post-1281","1":"product","2":"type-product","3":"status-publish","4":"has-post-thumbnail","6":"product_cat-custom-acrylic-boxes","7":"product_tag-custom-generic-round-glass-vase","9":"first","10":"instock","11":"shipping-taxable","12":"product-type-simple","13":"entry","14":"content-bg","15":"loop-entry"},"_links":{"self":[{"href":"https:\/\/customacrylicproduct.com\/de\/wp-json\/wp\/v2\/product\/1281","targetHints":{"allow":["GET"]}}],"collection":[{"href":"https:\/\/customacrylicproduct.com\/de\/wp-json\/wp\/v2\/product"}],"about":[{"href":"https:\/\/customacrylicproduct.com\/de\/wp-json\/wp\/v2\/types\/product"}],"wp:featuredmedia":[{"embeddable":true,"href":"https:\/\/customacrylicproduct.com\/de\/wp-json\/wp\/v2\/media\/1285"}],"wp:attachment":[{"href":"https:\/\/customacrylicproduct.com\/de\/wp-json\/wp\/v2\/media?parent=1281"}],"wp:term":[{"taxonomy":"product_brand","embeddable":true,"href":"https:\/\/customacrylicproduct.com\/de\/wp-json\/wp\/v2\/product_brand?post=1281"},{"taxonomy":"product_cat","embeddable":true,"href":"https:\/\/customacrylicproduct.com\/de\/wp-json\/wp\/v2\/product_cat?post=1281"},{"taxonomy":"product_tag","embeddable":true,"href":"https:\/\/customacrylicproduct.com\/de\/wp-json\/wp\/v2\/product_tag?post=1281"}],"curies":[{"name":"wp","href":"https:\/\/api.w.org\/{rel}","templated":true}]}}