{"id":1286,"date":"2025-07-18T08:43:27","date_gmt":"2025-07-18T08:43:27","guid":{"rendered":"https:\/\/customacrylicproduct.com\/?post_type=product&#038;p=1286"},"modified":"2025-07-18T08:43:28","modified_gmt":"2025-07-18T08:43:28","slug":"custom-acrylic-makeup-organizer-dustproof-transparent","status":"publish","type":"product","link":"https:\/\/customacrylicproduct.com\/de\/custom-acrylic-makeup-organizer-dustproof-transparent\/","title":{"rendered":"Benutzerdefinierte Acryl Makeup Organizer staubdicht Transparent"},"content":{"rendered":"<h3 id=\"introducing-the-pinnacle-of-sophistication-the-custom-polymer-make-up-skin-care-trunk\">Wir stellen den Gipfel der Raffinesse vor: Der Custom Polymer Make-up &amp; Skin Care Trunk<\/h3>\n<p>In einer Welt, die von fl\u00fcchtigen Trends \u00fcbers\u00e4ttigt ist, liegt der wahre Stil in der Verbindung von zeitlosem Design und makelloser Funktionalit\u00e4t. Wir sind stolz darauf, Ihnen den personalisierten Make-up-Koordinator aus Polymer anbieten zu k\u00f6nnen - ein Gegenstand, der mehr ist als nur Stauraum, sondern auch ein Statement der Raffinesse und ein Zufluchtsort f\u00fcr Ihre wertvollsten Eleganzutaten. Dieser durchsichtige Koffer ist mehr als nur ein Koordinator: Er ist eine Vitrine, ein sch\u00fctzender Tresor und ein Blickfang f\u00fcr Ihre Eitelkeit, der Ihre t\u00e4glichen Rituale zu einer Erfahrung von purem Luxus macht.<\/p>\n<p><img fetchpriority=\"high\" decoding=\"async\" class=\"size-full wp-image-1288\" src=\"https:\/\/customacrylicproduct.com\/wp-content\/uploads\/2025\/07\/Custom-Acrylic-Makeup-Organizer-1.jpg\" alt=\"Benutzerdefinierte Acryl Make-up Organizer (1)\" width=\"800\" height=\"800\" srcset=\"https:\/\/customacrylicproduct.com\/wp-content\/uploads\/2025\/07\/Custom-Acrylic-Makeup-Organizer-1.jpg 800w, https:\/\/customacrylicproduct.com\/wp-content\/uploads\/2025\/07\/Custom-Acrylic-Makeup-Organizer-1-300x300.jpg 300w, https:\/\/customacrylicproduct.com\/wp-content\/uploads\/2025\/07\/Custom-Acrylic-Makeup-Organizer-1-150x150.jpg 150w, https:\/\/customacrylicproduct.com\/wp-content\/uploads\/2025\/07\/Custom-Acrylic-Makeup-Organizer-1-768x768.jpg 768w, https:\/\/customacrylicproduct.com\/wp-content\/uploads\/2025\/07\/Custom-Acrylic-Makeup-Organizer-1-600x600.jpg 600w, https:\/\/customacrylicproduct.com\/wp-content\/uploads\/2025\/07\/Custom-Acrylic-Makeup-Organizer-1-100x100.jpg 100w\" sizes=\"(max-width: 800px) 100vw, 800px\" \/><\/p>\n<p><strong>Eine Vision von Qualit\u00e4t: Design und \u00c4sthetik<\/strong><\/p>\n<p>Inspiriert von der klassischen Anziehungskraft klassischer Reisekoffer, aber neu interpretiert durch eine moderne Linse, ist dieser Koordinator eine Meisterklasse in minimalistischem Layout. Sein Korpus ist aus kostbarem, kristallklarem Acryl gefertigt, das einen ungehinderten 360-Grad-Blick auf seine Komponenten erm\u00f6glicht. Diese Offenheit ist nicht nur eine stilistische Entscheidung, sondern auch eine funktionelle Ver\u00e4nderung. Sie werden keine kostbare Zeit mehr damit verschwenden, in undurchsichtigen Taschen oder unordentlichen Schr\u00e4nken zu st\u00f6bern. Ihre gesamte Kollektion - von den dynamischen Farbt\u00f6nen Ihrer Lieblingskombinationen bis hin zu den edlen Flaschen Ihres Hautpflegeprogramms - wird auf einen Blick sichtbar und verwandelt Ihre Produkte in eine kuratierte Kunstausstellung.<\/p>\n<p>Die aufger\u00e4umten Linien und die glatte Konstruktion werden durch die markante, hochglanzpolierte Stahlausstattung unterstrichen. Die robusten, silberfarbenen Schmetterlingsverschl\u00fcsse an der Vorderseite sch\u00fctzen nicht nur die Komponenten, sondern sorgen auch f\u00fcr ein angenehmes, f\u00fchlbares Klicken, das Ihnen garantiert, dass Ihre Sachen sicher eingeschlossen sind. Passende Stahlgelenke garantieren ein sanftes, sicheres \u00d6ffnen und Schlie\u00dfen des Deckels, w\u00e4hrend die vorbereiteten Ecksch\u00fctzer ein industriell-schickes Detail hinzuf\u00fcgen, das f\u00fcr die Langlebigkeit und die durchdachte Konstruktion des Koffers spricht. Ein stabiler, komfortabler Tragegriff, der nahtlos in die Seite integriert ist, rundet das Design ab und sorgt f\u00fcr einfache und leichte Transportierbarkeit, ohne die stromlinienf\u00f6rmige Silhouette zu beeintr\u00e4chtigen.<\/p>\n<p><img decoding=\"async\" class=\"size-full wp-image-1289\" src=\"https:\/\/customacrylicproduct.com\/wp-content\/uploads\/2025\/07\/Custom-Acrylic-Makeup-Organizer-2.jpg\" alt=\"Benutzerdefinierte Acryl Make-up Organizer (2)\" width=\"1000\" height=\"1000\" srcset=\"https:\/\/customacrylicproduct.com\/wp-content\/uploads\/2025\/07\/Custom-Acrylic-Makeup-Organizer-2.jpg 1000w, https:\/\/customacrylicproduct.com\/wp-content\/uploads\/2025\/07\/Custom-Acrylic-Makeup-Organizer-2-300x300.jpg 300w, https:\/\/customacrylicproduct.com\/wp-content\/uploads\/2025\/07\/Custom-Acrylic-Makeup-Organizer-2-150x150.jpg 150w, https:\/\/customacrylicproduct.com\/wp-content\/uploads\/2025\/07\/Custom-Acrylic-Makeup-Organizer-2-768x768.jpg 768w, https:\/\/customacrylicproduct.com\/wp-content\/uploads\/2025\/07\/Custom-Acrylic-Makeup-Organizer-2-600x600.jpg 600w, https:\/\/customacrylicproduct.com\/wp-content\/uploads\/2025\/07\/Custom-Acrylic-Makeup-Organizer-2-100x100.jpg 100w\" sizes=\"(max-width: 1000px) 100vw, 1000px\" \/><\/p>\n<p><strong>Kompromisslos hohe Qualit\u00e4t: Material und Verarbeitung<\/strong><\/p>\n<p>Das Herzst\u00fcck dieses Koordinators ist sein hervorragendes Produkt: ein hochwertiges, dickwandiges Acryl. Im Gegensatz zu empfindlichem Glas ist dieses innovative Polymer bruchsicher und unglaublich widerstandsf\u00e4hig, so dass es auch den rauen Bedingungen des t\u00e4glichen Gebrauchs standh\u00e4lt. Au\u00dferdem ist es wesentlich leichter, so dass Sie es leicht auf Ihrem Waschtisch neu anordnen oder an einen anderen Ort transportieren k\u00f6nnen. Wir verwenden nur Acryl von h\u00f6chster Qualit\u00e4t, um zu gew\u00e4hrleisten, dass es auch im Laufe der Zeit kristallklar bleibt und Vergilbungen und Tr\u00fcbungen widersteht, damit Ihre Sammlung in ihrer Urspr\u00fcnglichkeit erhalten bleibt.<\/p>\n<p>Jede Seite ist diamantgeschliffen, um eine glatte, glas\u00e4hnliche Oberfl\u00e4che zu erhalten, die das Licht perfekt reflektiert und sicherstellt, dass es keine scharfen Ecken gibt. Die Montage ist bemerkenswert und zeugt von einem sorgf\u00e4ltigen Produktionsverfahren, bei dem Qualit\u00e4t und Langlebigkeit im Vordergrund stehen. Dies ist kein massenproduzierter, leichtgewichtiger Beh\u00e4lter, sondern ein ma\u00dfgefertigter Artikel, der als dauerhafter Bestandteil Ihres individuellen Raums konzipiert ist.<\/p>\n<p><img decoding=\"async\" class=\"size-full wp-image-1290\" src=\"https:\/\/customacrylicproduct.com\/wp-content\/uploads\/2025\/07\/Custom-Acrylic-Makeup-Organizer-3.jpg\" alt=\"Benutzerdefinierte Acryl Make-up Organizer (3)\" width=\"1000\" height=\"1000\" srcset=\"https:\/\/customacrylicproduct.com\/wp-content\/uploads\/2025\/07\/Custom-Acrylic-Makeup-Organizer-3.jpg 1000w, https:\/\/customacrylicproduct.com\/wp-content\/uploads\/2025\/07\/Custom-Acrylic-Makeup-Organizer-3-300x300.jpg 300w, https:\/\/customacrylicproduct.com\/wp-content\/uploads\/2025\/07\/Custom-Acrylic-Makeup-Organizer-3-150x150.jpg 150w, https:\/\/customacrylicproduct.com\/wp-content\/uploads\/2025\/07\/Custom-Acrylic-Makeup-Organizer-3-768x768.jpg 768w, https:\/\/customacrylicproduct.com\/wp-content\/uploads\/2025\/07\/Custom-Acrylic-Makeup-Organizer-3-600x600.jpg 600w, https:\/\/customacrylicproduct.com\/wp-content\/uploads\/2025\/07\/Custom-Acrylic-Makeup-Organizer-3-100x100.jpg 100w\" sizes=\"(max-width: 1000px) 100vw, 1000px\" \/><\/p>\n<p><strong>Die ultimative organisatorische Option<\/strong><\/p>\n<p>Dieser Koffer wurde entwickelt, um eines der typischsten Probleme von Sch\u00f6nheitsliebhabern zu l\u00f6sen: Unordnung, Schmutz und Besch\u00e4digungen.<\/p>\n<ul>\n<li><strong>Staubdichtes und sch\u00fctzendes Refugium:\u00a0<\/strong>Die passgenaue Abdeckung und die sicheren Verschl\u00fcsse sorgen f\u00fcr eine nahezu luftdichte Abdichtung und bilden eine undurchl\u00e4ssige Barriere gegen Schmutz, Feuchtigkeit, Partikel aus der Luft und Hundehaare. Ihre teuren Lotionen, zerbrechlichen Puder und makellosen B\u00fcrsten werden in einwandfreiem Zustand gehalten, wodurch ihre Spitzenqualit\u00e4t erhalten bleibt und ihre Lebenserwartung verl\u00e4ngert wird. Dies ist besonders wichtig, um die Stabilit\u00e4t der energetischen Komponenten in der Hautpflege zu gew\u00e4hrleisten und die Verunreinigung von Make-up-Applikatoren zu verhindern.<\/li>\n<li><strong>Ger\u00e4umiges und vielseitiges Interieur:\u00a0<\/strong>Der gro\u00dfz\u00fcgige, offen gestaltete Innenraum bietet au\u00dfergew\u00f6hnlichen Komfort. Ohne einschr\u00e4nkende, integrierte Trennw\u00e4nde eignet er sich f\u00fcr Gegenst\u00e4nde aller Gr\u00f6\u00dfen und Formen. Bewahren Sie m\u00fchelos Strukturflaschen in voller Gr\u00f6\u00dfe, gro\u00dfe Setup-Sprays, gro\u00dfe Lidschattenkombinationen und ganze Pinselsets auf. Auf der angemessenen Fl\u00e4che k\u00f6nnen Sie Ihre Produkte so anordnen, wie Sie es f\u00fcr richtig halten - nach Marke, Typ oder H\u00e4ufigkeit der Verwendung - und haben so die volle kreative Kontrolle \u00fcber Ihre individuelle Sammlung.<\/li>\n<li><strong>Vereinfachen Sie Ihren Alltag:\u00a0<\/strong>Dadurch, dass alles auff\u00e4llt und verf\u00fcgbar ist, werden das morgendliche Schminken und das n\u00e4chtliche Pflegeritual schneller, angenehmer und zuverl\u00e4ssiger. Sie werden Dinge wiederentdecken, von denen Sie vergessen hatten, dass Sie sie besitzen, und Sie werden sich inspirieren lassen, wenn Sie Ihre Sammlung so pr\u00e4chtig aufgestellt sehen. Es motiviert zu einem bewussteren Konsumverhalten, da Sie deutlich sehen k\u00f6nnen, was Sie besitzen, und so Nachk\u00e4ufe vermeiden.<\/li>\n<\/ul>\n<p><strong>Jenseits der Eitelkeit: Ein vielseitiges Meisterwerk<\/strong><\/p>\n<p>Die stilvolle und funktionelle Natur dieses Acrylkoffers macht ihn zu einer au\u00dfergew\u00f6hnlichen Aufbewahrungsm\u00f6glichkeit f\u00fcr eine Vielzahl von Liebhabereien und Besitzverh\u00e4ltnissen.<\/p>\n<ul>\n<li><strong>F\u00fcr den Parf\u00fcm-Liebhaber:\u00a0<\/strong>Verwandeln Sie es in ein pr\u00e4chtiges Etui f\u00fcr Ihre Parf\u00fcmdosen, das sie vor Schmutz sch\u00fctzt und gleichzeitig ihren pr\u00e4chtigen Stil zur Geltung bringt.<\/li>\n<li><strong>F\u00fcr den Nailart-Kenner:\u00a0<\/strong>Erstellen Sie eine dynamische Bibliothek Ihrer Nagellack-Kollektion, in der jede Farbe auff\u00e4llt und f\u00fcr Ihre n\u00e4chste Manik\u00fcre bereit ist.<\/li>\n<li><strong>F\u00fcr Handwerker und K\u00fcnstler:\u00a0<\/strong>Organisieren Sie Fadenspulen, Farbtuben, Perlen oder andere kleine Produkte, damit Ihr kreativer Bereich aufger\u00e4umt und Ihre Materialien gesch\u00fctzt sind.<\/li>\n<li><strong>Als Andenken oder Erinnerungsbox:\u00a0<\/strong>Beauftragen Sie es mit Ihren wertvollsten Erinnerungsst\u00fccken - Bilder, Briefe, kostbarer Schmuck oder Reiseerinnerungen - und verwandeln Sie sie in ein attraktives, lesbares Archiv Ihrer Lebensprotokolle.<\/li>\n<li><strong>In einer professionellen Einrichtung:\u00a0<\/strong>F\u00fcr Visagisten und Kosmetikerinnen ist dieser Koffer ein fachm\u00e4nnisches, hygienisches und elegantes Mittel, um Ger\u00e4te und Artikel f\u00fcr Kunden zu transportieren und auszustellen.<\/li>\n<\/ul>\n<p><strong>Einfache Pflege f\u00fcr dauerhafte Attraktivit\u00e4t<\/strong><\/p>\n<p>Den makellosen Zustand Ihres Acrylkoffers zu erhalten, ist so einfach wie sein Aufbau. Eine schnelle Reinigung mit einem weichen, feuchten Mikrofasertuch und einer milden Seife reicht aus, um Fingerabdr\u00fccke oder Staub zu entfernen und den Glanz in Sekundenschnelle wiederherzustellen.<\/p>\n<p><strong>Eine Investition in Ihr Gebiet und in sich selbst<\/strong><\/p>\n<p>Der ma\u00dfgeschneiderte Acryl-Make-up-Koordinator ist mehr als nur ein Gegenstand; er ist eine Investition in Ordnung, Eleganz und Seelenfrieden. Er ist die endg\u00fcltige Option f\u00fcr jeden, der sowohl \u00c4sthetik als auch Funktionalit\u00e4t sch\u00e4tzt. Er verwandelt Unordnung in eine geordnete Sammlung und die t\u00e4gliche Routine in eine elegante Routine. Vergr\u00f6\u00dfern Sie Ihren Raum, sch\u00fctzen Sie Ihre Gegenst\u00e4nde und zeigen Sie Ihren Stil mit diesem unvergleichlichen, \u00fcbersichtlichen Stauraumkoffer. Bestellen Sie noch heute Ihren eigenen Koffer und definieren Sie neu, was es hei\u00dft, perfekt organisiert zu sein.<\/p>","protected":false},"excerpt":{"rendered":"<p class=\"ng-star-inserted\"><span class=\"ng-star-inserted\">Dieser schicke Acryl-Schminkkoffer wertet Ihre Frisierkommode auf. Sein transparentes, staubdichtes Design sorgt daf\u00fcr, dass Ihre Kosmetika geordnet und sch\u00f6n pr\u00e4sentiert werden. Mit langlebigen Metallbeschl\u00e4gen, sicheren Verschl\u00fcssen und einem Griff ist er eine stilvolle und praktische Aufbewahrungsl\u00f6sung f\u00fcr all Ihre Beauty-Essentials.<\/span><\/p>","protected":false},"featured_media":1288,"template":"","meta":{"_kad_post_transparent":"default","_kad_post_title":"","_kad_post_layout":"default","_kad_post_sidebar_id":"","_kad_post_content_style":"default","_kad_post_vertical_padding":"default","_kad_post_feature":"","_kad_post_feature_position":"","_kad_post_header":false,"_kad_post_footer":false,"_kad_post_classname":""},"product_brand":[],"product_cat":[17],"product_tag":[134],"class_list":{"0":"post-1286","1":"product","2":"type-product","3":"status-publish","4":"has-post-thumbnail","6":"product_cat-custom-acrylic-boxes","7":"product_tag-custom-acrylic-makeup-organizer","9":"first","10":"instock","11":"shipping-taxable","12":"product-type-simple","13":"entry","14":"content-bg","15":"loop-entry"},"_links":{"self":[{"href":"https:\/\/customacrylicproduct.com\/de\/wp-json\/wp\/v2\/product\/1286","targetHints":{"allow":["GET"]}}],"collection":[{"href":"https:\/\/customacrylicproduct.com\/de\/wp-json\/wp\/v2\/product"}],"about":[{"href":"https:\/\/customacrylicproduct.com\/de\/wp-json\/wp\/v2\/types\/product"}],"wp:featuredmedia":[{"embeddable":true,"href":"https:\/\/customacrylicproduct.com\/de\/wp-json\/wp\/v2\/media\/1288"}],"wp:attachment":[{"href":"https:\/\/customacrylicproduct.com\/de\/wp-json\/wp\/v2\/media?parent=1286"}],"wp:term":[{"taxonomy":"product_brand","embeddable":true,"href":"https:\/\/customacrylicproduct.com\/de\/wp-json\/wp\/v2\/product_brand?post=1286"},{"taxonomy":"product_cat","embeddable":true,"href":"https:\/\/customacrylicproduct.com\/de\/wp-json\/wp\/v2\/product_cat?post=1286"},{"taxonomy":"product_tag","embeddable":true,"href":"https:\/\/customacrylicproduct.com\/de\/wp-json\/wp\/v2\/product_tag?post=1286"}],"curies":[{"name":"wp","href":"https:\/\/api.w.org\/{rel}","templated":true}]}}