{"id":1291,"date":"2025-07-18T08:56:31","date_gmt":"2025-07-18T08:56:31","guid":{"rendered":"https:\/\/customacrylicproduct.com\/?post_type=product&#038;p=1291"},"modified":"2025-07-18T08:56:31","modified_gmt":"2025-07-18T08:56:31","slug":"acrylic-gifts-with-bible-verse-prayers-religious-gifts","status":"publish","type":"product","link":"https:\/\/customacrylicproduct.com\/de\/acrylic-gifts-with-bible-verse-prayers-religious-gifts\/","title":{"rendered":"Acryl Geschenke mit Bibelvers Gebete - Religi\u00f6se Geschenke"},"content":{"rendered":"<h3 id=\"-a-sign-of-confidence-the-angelic-memento-of-divine-support-\"><strong>Ein Zeichen der Zuversicht: Das engelhafte Memento der g\u00f6ttlichen Unterst\u00fctzung<\/strong><\/h3>\n<p>In einer Welt, die sich oft laut und un\u00fcbersichtlich anf\u00fchlt, in der unsere Herzen und Gedanken von den allt\u00e4glichen K\u00e4mpfen, dem Stress und den \u00c4ngsten \u00fcberschattet werden, suchen die meisten von uns nach einem konkreten Anker - einer stillen, best\u00e4ndigen Erinnerung an eine Liebe, die unbeirrbar ist, und an ein Durchhalteverm\u00f6gen, das nicht unser eigenes ist. Wir suchen nach einem Hauch von Eleganz inmitten eines hektischen Tages, nach einem Leuchtfeuer der Hoffnung in einer dunklen Nacht. Wir pr\u00e4sentieren unseren Charme\u00a0<strong>Acryl Engel Memento mit heiligen Bibelversen Gebete\u00a0<\/strong>, ein wundersch\u00f6nes Kunstwerk, das nicht nur einen Raum schm\u00fccken, sondern auch die Seele erheben soll.<\/p>\n<p>Dies ist mehr als eine einfache Dekoration; es ist ein Dienst in Mini, ein tiefes und individuelles Zeugnis f\u00fcr Gottes best\u00e4ndige Versprechen, festgehalten in einer Art, die sowohl stilvoll als auch langlebig ist. In Form eines sanften Engels mit ausgebreiteten Fl\u00fcgeln fungiert dieses Erinnerungsst\u00fcck als allt\u00e4glicher Bote des Trostes, der Liebe und der g\u00f6ttlichen Identifikation und ist damit das perfekte religi\u00f6se Geschenk f\u00fcr Sie selbst oder einen geliebten Menschen.<\/p>\n<p><img fetchpriority=\"high\" decoding=\"async\" class=\"size-full wp-image-1292\" src=\"https:\/\/customacrylicproduct.com\/wp-content\/uploads\/2025\/07\/Acrylic-Gifts-1.jpg\" alt=\"Geschenke aus Acryl (1)\" width=\"800\" height=\"800\" srcset=\"https:\/\/customacrylicproduct.com\/wp-content\/uploads\/2025\/07\/Acrylic-Gifts-1.jpg 800w, https:\/\/customacrylicproduct.com\/wp-content\/uploads\/2025\/07\/Acrylic-Gifts-1-300x300.jpg 300w, https:\/\/customacrylicproduct.com\/wp-content\/uploads\/2025\/07\/Acrylic-Gifts-1-150x150.jpg 150w, https:\/\/customacrylicproduct.com\/wp-content\/uploads\/2025\/07\/Acrylic-Gifts-1-768x768.jpg 768w, https:\/\/customacrylicproduct.com\/wp-content\/uploads\/2025\/07\/Acrylic-Gifts-1-600x600.jpg 600w, https:\/\/customacrylicproduct.com\/wp-content\/uploads\/2025\/07\/Acrylic-Gifts-1-100x100.jpg 100w\" sizes=\"(max-width: 800px) 100vw, 800px\" \/><\/p>\n<p><strong>Tadellose Handwerkskunst, himmlischer Stil<\/strong><\/p>\n<p>Jeder Engel ist sorgf\u00e4ltig aus hochwertigem, kristallklarem Acryl gefertigt, was ihm die exzellente und leuchtende Qualit\u00e4t von Glas verleiht, ohne die Zartheit. Das signifikante, freistehende Design erlaubt es, ihn auf jede Art von flacher Oberfl\u00e4che zu stellen - sei es ein Arbeitstisch, ein Nachttisch, ein Regal oder ein Kaminsims. Die Kanten sind zu einem glatten, risikofreien Finish aufgehellt, und der hochaufl\u00f6sende, vollfarbige Druck ist in das Acryl eingebettet, wodurch sichergestellt wird, dass die lebendigen Bilder und spirituellen Worte niemals verblassen, abplatzen oder abbl\u00e4ttern werden. An seinem Kopf ist ein zerbrechliches, elegantes Unendlichkeitsherz-Symbol ge\u00e4tzt, das die unendliche und endlose Natur der Liebe Gottes darstellt.<\/p>\n<p>Wir bieten 2 einzigartige, bedeutungsvolle Entw\u00fcrfe an, die jeweils Bibel und Kreativit\u00e4t miteinander verweben, um das Herz auf einzigartige Weise anzusprechen.<\/p>\n<p><img decoding=\"async\" class=\"wp-image-1293 size-large\" src=\"https:\/\/customacrylicproduct.com\/wp-content\/uploads\/2025\/07\/Acrylic-Gifts-2-1024x1024.jpg\" alt=\"Geschenke aus Acryl (2)\" width=\"1024\" height=\"1024\" srcset=\"https:\/\/customacrylicproduct.com\/wp-content\/uploads\/2025\/07\/Acrylic-Gifts-2-1024x1024.jpg 1024w, https:\/\/customacrylicproduct.com\/wp-content\/uploads\/2025\/07\/Acrylic-Gifts-2-300x300.jpg 300w, https:\/\/customacrylicproduct.com\/wp-content\/uploads\/2025\/07\/Acrylic-Gifts-2-150x150.jpg 150w, https:\/\/customacrylicproduct.com\/wp-content\/uploads\/2025\/07\/Acrylic-Gifts-2-768x768.jpg 768w, https:\/\/customacrylicproduct.com\/wp-content\/uploads\/2025\/07\/Acrylic-Gifts-2-600x600.jpg 600w, https:\/\/customacrylicproduct.com\/wp-content\/uploads\/2025\/07\/Acrylic-Gifts-2-100x100.jpg 100w, https:\/\/customacrylicproduct.com\/wp-content\/uploads\/2025\/07\/Acrylic-Gifts-2.jpg 1500w\" sizes=\"(max-width: 1024px) 100vw, 1024px\" \/><\/p>\n<p>-.<\/p>\n<h3 id=\"-layout-1-the-continuous-visibility-angel-pink-floral-cross-\"><strong>Layout 1: Der Engel der st\u00e4ndigen Sichtbarkeit (rosa Blume und Kreuz)<\/strong><\/h3>\n<p><strong>\u201d T\u00e4glich, jede Stunde, jede Minute, jede Sekunde\u201d\u00a0<\/strong><\/p>\n<p>Dieses Layout ist eine spektakul\u00e4re Darstellung von Gottes allgegenw\u00e4rtiger F\u00fcrsorge und unendlicher Liebe. Geschm\u00fcckt mit zarten rosa Bl\u00fcten und flatternden Schmetterlingen vor dem Hintergrund eines rustikalen Holzkreuzes, ist es ein Hinweis darauf, dass man nie allein ist und in jeder Minute in wunderbaren Gedanken gehalten wird.<\/p>\n<ul>\n<li><strong>Gott denkt t\u00e4glich an dich. (Psalm 139:17)\u00a0<\/strong>. Diese wirksame Zusicherung aus den Psalmen spricht von deinem grenzenlosen Wert. Es ist nicht nur ein kurzlebiger Gedanke, sondern, wie der Wissende fortf\u00e4hrt, sind seine Gedanken an Sie kostbar und \u00fcbertreffen die Sandk\u00f6rner. Dieser Engel fungiert als physischer Pr\u00fcfstein, um sich zu vergegenw\u00e4rtigen, dass Sie wertvoll sind und st\u00e4ndig an Ihren Entwickler denken.<\/li>\n<li><strong>Gott sorgt jede Stunde f\u00fcr dich. (2 Thessalonicher 3:3)\u00a0<\/strong>. Das Leben kann unerwartete Pr\u00fcfungen und Minuten der Sorge bringen. Dieses Wissen ist ein Schild des Glaubens, ein festes Bekenntnis, dass \u201cder Herr treu ist; er wird dich gewiss st\u00e4rken und dich vor dem B\u00f6sen bewahren.\u201d Lass diese Botschaft deinen Geist zu jeder Stunde st\u00e4rken und erkenne, dass ein g\u00f6ttlicher W\u00e4chter \u00fcber deinen Weg wacht.<\/li>\n<li><strong>Gott k\u00fcmmert sich jede Minute um Sie. (1 Petrus 5:7)\u00a0<\/strong>. Das Gewicht der Weltkugel kann sich schwer anf\u00fchlen. Dieses Andenken fl\u00fcstert die sanfte Aufforderung: \u201cWirf all deinen Stress und deine Sorgen auf ihn, denn er k\u00fcmmert sich um dich.\u201d Die Schmetterlinge, Zeichen des Wandels und des Aufbruchs, spiegeln dieses Gef\u00fchl \u00e4sthetisch wider und ermutigen dich, deine Sorgen loszulassen und dich in seine Obhut zu begeben, Minute f\u00fcr Minute.<\/li>\n<li><strong>Seit jedem 2. liebt er dich. (Jeremia 31:3)\u00a0<\/strong>. Im Mittelpunkt steht die fundamentale Realit\u00e4t des Evangeliums: Gottes tiefe und individuelle Liebe. Dieses Wissen, \u201cIch habe dich mit einer dauerhaften Liebe geliebt\u201d, ist der Anker f\u00fcr alle anderen Verhei\u00dfungen. Es ist die wichtigste Quelle unserer Hoffnung und unserer Sicherheit und Geborgenheit.<\/li>\n<\/ul>\n<p>Dieser Engel mit seinen sanften, anmutigen Bildern von rosafarbenen Bl\u00fcten, die f\u00fcr neues Leben stehen, und dem Kreuz, das f\u00fcr das ultimative Opfer und die Liebe steht, ist ein ideales Geschenk f\u00fcr eine Person, die eine schwierige Zeit durchlebt, und bietet rund um die Uhr Trost und Vertrauen.<\/p>\n<p><img decoding=\"async\" class=\"wp-image-1294 size-large\" src=\"https:\/\/customacrylicproduct.com\/wp-content\/uploads\/2025\/07\/Acrylic-Gifts-3-1024x1024.jpg\" alt=\"Geschenke aus Acryl (3)\" width=\"1024\" height=\"1024\" srcset=\"https:\/\/customacrylicproduct.com\/wp-content\/uploads\/2025\/07\/Acrylic-Gifts-3-1024x1024.jpg 1024w, https:\/\/customacrylicproduct.com\/wp-content\/uploads\/2025\/07\/Acrylic-Gifts-3-300x300.jpg 300w, https:\/\/customacrylicproduct.com\/wp-content\/uploads\/2025\/07\/Acrylic-Gifts-3-150x150.jpg 150w, https:\/\/customacrylicproduct.com\/wp-content\/uploads\/2025\/07\/Acrylic-Gifts-3-768x768.jpg 768w, https:\/\/customacrylicproduct.com\/wp-content\/uploads\/2025\/07\/Acrylic-Gifts-3-600x600.jpg 600w, https:\/\/customacrylicproduct.com\/wp-content\/uploads\/2025\/07\/Acrylic-Gifts-3-100x100.jpg 100w, https:\/\/customacrylicproduct.com\/wp-content\/uploads\/2025\/07\/Acrylic-Gifts-3.jpg 1500w\" sizes=\"(max-width: 1024px) 100vw, 1024px\" \/><\/p>\n<p>-.<\/p>\n<h3 id=\"-design-2-the-identity-in-christ-angel-sunflower-affirmation-\"><strong>Design 2: Der Engel der Identit\u00e4t in Christus (Sonnenblume &amp; Affirmation)<\/strong><\/h3>\n<p><strong>\u201d Gott sagt, du bist ...\u201d\u00a0<\/strong>.<\/p>\n<p>Dieser Stil ist ein leuchtendes Bekenntnis zur Identit\u00e4t, das entwickelt wurde, um Gef\u00fchle der Unsicherheit, Instabilit\u00e4t und Unw\u00fcrdigkeit mit der unwiderlegbaren Realit\u00e4t von Gottes Wort zu bek\u00e4mpfen. Im fr\u00f6hlichen, sonnendurchfluteten Schein dynamischer Sonnenblumen, die Anbetung, Engagement und spirituellen Glauben symbolisieren, bietet dieser Engel eine Sammlung kraftvoller Affirmationen, die alle in der Bibel verwurzelt sind.<\/p>\n<p>Es ist ein t\u00e4gliches Telefonat, um sich selbst mit Gottes Augen zu sehen.<\/p>\n<ul>\n<li><strong>Auserw\u00e4hlt (Johannes 15:16):\u00a0<\/strong>Sie sind kein Missgeschick oder ein nachtr\u00e4glicher Einfall. Der Entwickler des Weltraums hat Sie speziell ausgew\u00e4hlt und Ihnen zugewiesen, sich zu entfalten. Diese Wahrheit vermittelt Objektivit\u00e4t und beseitigt das Gef\u00fchl der Unbedeutsamkeit.<\/li>\n<li><strong>Stark (Psalm 18:35):\u00a0<\/strong>Deine St\u00e4rke kommt nicht aus dir selbst, sondern aus einer gro\u00dfartigen Quelle. Dieser Vers erinnert uns daran, dass Gottes rechte Hand uns st\u00fctzt und seine Hilfe uns fantastisch macht. Das ist eine starke Botschaft f\u00fcr jeden, der sich schwach oder \u00fcberfordert f\u00fchlt.<\/li>\n<li><strong>Unbezahlbar (1. Korinther 6,20):\u00a0<\/strong>Sie sind von unermesslichem Wert. Diese Best\u00e4tigung ist ein Hinweis darauf, dass Sie \u201cf\u00fcr einen Preis\u201d gekauft wurden, den h\u00f6chstm\u00f6glichen Preis, den man sich vorstellen kann. Sie spricht Ihren grundlegenden Wert in den Augen Gottes an, einen Wert, der nicht auf Ihren Leistungen oder der Meinung anderer beruht.<\/li>\n<li><strong>Wunderbar (Daniel 12:3):\u00a0<\/strong>In einer Welt, die \u00fcblicherweise mit \u00c4u\u00dferlichkeiten wirbt, weist dieser Vers auf eine viel tiefere, besonders strahlende Sch\u00f6nheit hin - den Glanz eines Herzens, das Gottes Weisheit und Anstand widerspiegelt und f\u00fcr immer wie die Sterne leuchtet.<\/li>\n<li><strong>Einzigartig (Psalm 139:13):\u00a0<\/strong>Sie sind keine Kopie. Sie sind ein originelles Kunstwerk, \u201cfurchtbar und unglaublich gemacht\u201d. Mit dieser Aussage wird die komplexe, individuelle Gestaltung gefeiert, die Gott in Ihr \u00e4u\u00dferstes Wesen eingewoben hat.<\/li>\n<li><strong>Einzigartig (Epheser 2:10):\u00a0<\/strong>Diese letzte, wunderbare Realit\u00e4t umh\u00fcllt das Ganze. Sie sind \u201cGottes Sch\u00f6pfung, geschaffen in Christus Jesus, um gute Werke zu tun\u201d. Sie haben eine bestimmte und einzigartige Funktion, die nur Sie erf\u00fcllen k\u00f6nnen.<\/li>\n<\/ul>\n<p>Dieser Engel mit Sonnenblumenmotiv ist ein Ausbruch von spirituellem Sonnenlicht, ein optimales Geschenk f\u00fcr Taufen, Konfirmationen, Hochschulabschl\u00fcsse oder f\u00fcr jeden guten Freund oder Verwandten, der einen Hinweis auf seine wahre Identifikation und seinen Wert in Christus braucht.<\/p>\n<h3 id=\"-the-perfect-present-for-every-single-event-of-the-heart-\"><strong>Das perfekte Geschenk f\u00fcr jedes Ereignis des Herzens<\/strong><\/h3>\n<p>Ein Geschenk zu finden, das wirklich die Tiefe Ihrer Gef\u00fchle ausdr\u00fcckt, kann eine Herausforderung sein. Unsere Acryl Engel Memento transzendiert das Gew\u00f6hnliche, mit einer Nachricht, die bleibt, um lange nach dem Anlass vergangen ist. Es ist der beste Ausdruck von Glaube, Hoffnung und Liebe f\u00fcr:.<\/p>\n<ul>\n<li><strong>Unterst\u00fctzung:\u00a0<\/strong>F\u00fcr einen engen Freund oder Verwandten, der mit einer Krankheit, einem Verlust oder einem schwierigen Lebensabschnitt konfrontiert ist.<\/li>\n<li><strong>Feierlichkeiten:\u00a0<\/strong>Ein bedeutendes Geschenk zum Muttertag, zu Weihnachten, Ostern, Geburtstagen, Taufen oder Jubil\u00e4en.<\/li>\n<li><strong>Anerkennung:\u00a0<\/strong>Eine beeindruckende M\u00f6glichkeit, einem Priester, einem Gemeindemitglied, einem Mentor oder einem geistlichen \u00dcberblick zu danken.<\/li>\n<li><strong>Selbst wenn:\u00a0<\/strong>Ein spontaner Antrag, um jemandem mitzuteilen, dass er in Ihren Gedanken und Bitten bleibt.<\/li>\n<\/ul>\n<p>Stellen Sie es dort auf, wo es das Licht einf\u00e4ngt und, was noch wichtiger ist, wo es ins Auge f\u00e4llt. Lassen Sie es das erste sein, was Sie morgens sehen, oder das letzte, was Sie abends sehen - ein unbeugsamer, stiller Verk\u00fcnder der G\u00fcte Gottes. Holen Sie sich dieses attraktive Zeichen des Glaubens direkt in Ihr Haus oder verschenken Sie noch heute ewige Ermutigung und lassen Sie sein engelhaftes Dasein Ihre Umgebung mit Ruhe und herrlichen Fakten aufladen.<\/p>","protected":false},"excerpt":{"rendered":"<p class=\"ng-star-inserted\"><span class=\"ng-star-inserted\">Schenken Sie Trost mit unserem sch\u00f6nen Acryl-Engel als Andenken. Er ist mit inspirierenden Bibelversen und Gebeten bedruckt und ist ein r\u00fchrendes religi\u00f6ses Geschenk, das t\u00e4glich an den Glauben und Gottes unendliche Liebe erinnert. Ein perfektes, durchdachtes Geschenk f\u00fcr jede Gelegenheit, um zu zeigen, dass Sie sich k\u00fcmmern.<\/span><\/p>","protected":false},"featured_media":1292,"template":"","meta":{"_kad_post_transparent":"default","_kad_post_title":"","_kad_post_layout":"default","_kad_post_sidebar_id":"","_kad_post_content_style":"default","_kad_post_vertical_padding":"default","_kad_post_feature":"","_kad_post_feature_position":"","_kad_post_header":false,"_kad_post_footer":false,"_kad_post_classname":""},"product_brand":[],"product_cat":[20],"product_tag":[129],"class_list":{"0":"post-1291","1":"product","2":"type-product","3":"status-publish","4":"has-post-thumbnail","6":"product_cat-custom-acrylic-crafts","7":"product_tag-acrylic-crafts","9":"first","10":"instock","11":"shipping-taxable","12":"product-type-simple","13":"entry","14":"content-bg","15":"loop-entry"},"_links":{"self":[{"href":"https:\/\/customacrylicproduct.com\/de\/wp-json\/wp\/v2\/product\/1291","targetHints":{"allow":["GET"]}}],"collection":[{"href":"https:\/\/customacrylicproduct.com\/de\/wp-json\/wp\/v2\/product"}],"about":[{"href":"https:\/\/customacrylicproduct.com\/de\/wp-json\/wp\/v2\/types\/product"}],"wp:featuredmedia":[{"embeddable":true,"href":"https:\/\/customacrylicproduct.com\/de\/wp-json\/wp\/v2\/media\/1292"}],"wp:attachment":[{"href":"https:\/\/customacrylicproduct.com\/de\/wp-json\/wp\/v2\/media?parent=1291"}],"wp:term":[{"taxonomy":"product_brand","embeddable":true,"href":"https:\/\/customacrylicproduct.com\/de\/wp-json\/wp\/v2\/product_brand?post=1291"},{"taxonomy":"product_cat","embeddable":true,"href":"https:\/\/customacrylicproduct.com\/de\/wp-json\/wp\/v2\/product_cat?post=1291"},{"taxonomy":"product_tag","embeddable":true,"href":"https:\/\/customacrylicproduct.com\/de\/wp-json\/wp\/v2\/product_tag?post=1291"}],"curies":[{"name":"wp","href":"https:\/\/api.w.org\/{rel}","templated":true}]}}