{"id":1295,"date":"2025-07-18T09:12:45","date_gmt":"2025-07-18T09:12:45","guid":{"rendered":"https:\/\/customacrylicproduct.com\/?post_type=product&#038;p=1295"},"modified":"2025-07-18T09:24:46","modified_gmt":"2025-07-18T09:24:46","slug":"clear-acrylic-serving-tray-sturdy-huge-capacity-acrylic-tray","status":"publish","type":"product","link":"https:\/\/customacrylicproduct.com\/de\/clear-acrylic-serving-tray-sturdy-huge-capacity-acrylic-tray\/","title":{"rendered":"Klare Acryl servieren Tray robuste gro\u00dfe Kapazit\u00e4t Acryl-Tablett"},"content":{"rendered":"<h3 id=\"beauty-redefined-discover-the-ultimate-clear-polymer-offering-tray\">Sch\u00f6nheit, neu definiert: Entdecken Sie das ultimative Clear Polymer-Angebotstablett<\/h3>\n<p>In der Welt des Wohnstils und des funktionalen Designs gibt es Gegenst\u00e4nde, die einfach nur einen Zweck erf\u00fcllen, und dann gibt es solche, die ihn \u00fcbertreffen. Das sind die St\u00fccke, die sich perfekt in Ihr Leben einf\u00fcgen und gleichzeitig ein innovatives Statement abgeben. Die Einf\u00fchrung der\u00a0<strong>Transparentes Angebotstablett aus Polymer mit Metallicbesatz\u00a0<\/strong>- ein Kunstwerk aus modernem Design, un\u00fcbertroffener Robustheit und unendlicher Anpassungsf\u00e4higkeit. Dieses Tablett ist nicht einfach nur ein Tablett, es ist eine Leinwand f\u00fcr Ihr Leben, entwickelt, um Ordnung, Eleganz und einen Hauch von Prestige in jeden Raum zu bringen, den es versch\u00f6nert. Egal, ob Sie ein geschickter Gastgeber, ein pr\u00e4ziser Organisator oder ein Liebhaber von elegantem Layout sind, dieses Tablett ist das entscheidende Element, nach dem Sie gesucht haben.<\/p>\n<p><img fetchpriority=\"high\" decoding=\"async\" class=\"size-full wp-image-1296\" src=\"https:\/\/customacrylicproduct.com\/wp-content\/uploads\/2025\/07\/Clear-Acrylic-Serving-Tray-1.jpg\" alt=\"Serviertablett aus klarem Acryl (1)\" width=\"800\" height=\"800\" srcset=\"https:\/\/customacrylicproduct.com\/wp-content\/uploads\/2025\/07\/Clear-Acrylic-Serving-Tray-1.jpg 800w, https:\/\/customacrylicproduct.com\/wp-content\/uploads\/2025\/07\/Clear-Acrylic-Serving-Tray-1-300x300.jpg 300w, https:\/\/customacrylicproduct.com\/wp-content\/uploads\/2025\/07\/Clear-Acrylic-Serving-Tray-1-150x150.jpg 150w, https:\/\/customacrylicproduct.com\/wp-content\/uploads\/2025\/07\/Clear-Acrylic-Serving-Tray-1-768x768.jpg 768w, https:\/\/customacrylicproduct.com\/wp-content\/uploads\/2025\/07\/Clear-Acrylic-Serving-Tray-1-600x600.jpg 600w, https:\/\/customacrylicproduct.com\/wp-content\/uploads\/2025\/07\/Clear-Acrylic-Serving-Tray-1-100x100.jpg 100w\" sizes=\"(max-width: 800px) 100vw, 800px\" \/><\/p>\n<h4 id=\"a-vision-of-crystal-clear-class\">Eine Vision von kristallklarem Unterricht<\/h4>\n<p>Der erste Eindruck dieses Serviertabletts ist der einer spektakul\u00e4ren Klarheit und minimalistischen Anmut. Gefertigt aus kostspieligem, hochmodernem, kristallklarem Acryl, hat es eine Leuchtqualit\u00e4t, die sich mit feinem Glas messen kann, es aber an Robustheit und n\u00fctzlichem Charme \u00fcbertrifft. Im Gegensatz zu Glas ist dieses langlebige Acrylglas bruchsicher und wesentlich leichter, was es sowohl sicherer als auch bequemer f\u00fcr den t\u00e4glichen Gebrauch und besondere Anl\u00e4sse macht.<\/p>\n<p>Der Designansatz ist der einer \u201cunsichtbaren Gesellschaft\u201d. Der transparente K\u00f6rper erzeugt eine verbl\u00fcffende optische T\u00e4uschung, so dass die darauf abgestellten Gegenst\u00e4nde leicht in der Luft zu schweben scheinen. Diese Besonderheit sorgt daf\u00fcr, dass das Tablett niemals ein \u00e4sthetisches Durcheinander in Ihrem Raum erzeugt. Vielmehr passt es zu Ihrem vorhandenen Dekor, so dass die Farben und Strukturen Ihrer Wohnung - und die Produkte auf dem Tablett selbst - im Mittelpunkt stehen. Stellen Sie sich das Tablett auf einem Couchtisch aus dunklem Holz, einem K\u00fcchentisch aus wei\u00dfem Marmor oder einem lebhaft geformten Ottomanen vor; es konkurriert nicht, es erg\u00e4nzt.<\/p>\n<p>Die \u00c4sthetik wird durch die charmanten Metallgriffe noch verbessert. Die Griffe sind in einem modernen T-Bar-Stil gehalten und in einem warmen, gl\u00e4nzenden Gold- oder Messington gehalten. Sie bieten einen herrlichen und luxuri\u00f6sen Vergleich zur hervorragenden Klarheit des Acryls. Sie sind mehr als nur ein dekorativer Akzent; sie sind ergonomisch geformt f\u00fcr einen bequemen und gesch\u00fctzten Griff und sorgen daf\u00fcr, dass Sie alles, von einer Runde Mixgetr\u00e4nke bis hin zu einem dekadenten Fr\u00fchst\u00fcck im Bett, mit Vertrauen und Leichtigkeit transportieren k\u00f6nnen. Die Beschl\u00e4ge sind sicher befestigt und versprechen Stabilit\u00e4t und Langlebigkeit - ein Beweis f\u00fcr die hohe Qualit\u00e4t der Handwerkskunst, die in jedem Detail steckt.<\/p>\n<p><img decoding=\"async\" class=\"size-full wp-image-1297\" src=\"https:\/\/customacrylicproduct.com\/wp-content\/uploads\/2025\/07\/Clear-Acrylic-Serving-Tray-2.jpg\" alt=\"Klarsicht-Acryl-Tablett (2)\" width=\"800\" height=\"800\" srcset=\"https:\/\/customacrylicproduct.com\/wp-content\/uploads\/2025\/07\/Clear-Acrylic-Serving-Tray-2.jpg 800w, https:\/\/customacrylicproduct.com\/wp-content\/uploads\/2025\/07\/Clear-Acrylic-Serving-Tray-2-300x300.jpg 300w, https:\/\/customacrylicproduct.com\/wp-content\/uploads\/2025\/07\/Clear-Acrylic-Serving-Tray-2-150x150.jpg 150w, https:\/\/customacrylicproduct.com\/wp-content\/uploads\/2025\/07\/Clear-Acrylic-Serving-Tray-2-768x768.jpg 768w, https:\/\/customacrylicproduct.com\/wp-content\/uploads\/2025\/07\/Clear-Acrylic-Serving-Tray-2-600x600.jpg 600w, https:\/\/customacrylicproduct.com\/wp-content\/uploads\/2025\/07\/Clear-Acrylic-Serving-Tray-2-100x100.jpg 100w\" sizes=\"(max-width: 800px) 100vw, 800px\" \/><\/p>\n<h4 id=\"unmatched-durability-and-a-huge-ability-permanently\">Unerreichte Langlebigkeit und eine enorme F\u00e4higkeit dauerhaft<\/h4>\n<p>Seine Sch\u00f6nheit ist offensichtlich, aber das wahre Genie dieses Tabletts liegt in seiner bemerkenswerten Funktionalit\u00e4t. Das \u201cDurable\u201d in seinem Namen ist kein blo\u00dfer Hinweis - es ist eine Zusicherung. Dieses Tablett aus dickwandigem Acryl ist so konstruiert, dass es ein zuverl\u00e4ssiges Arbeitstier in Ihrem Haus ist. Es l\u00e4sst sich nicht verbiegen, durchbiegen und verformen, auch wenn es bis zum Maximum gef\u00fcllt ist. Sie k\u00f6nnen getrost schwere Produkte darauf abstellen, z. B. eine komplette Kaffeekanne, eine Sammlung von Glasduftbeh\u00e4ltern oder einen Stapel gebundener B\u00fccher. Seine solide, dauerhafte Entwicklung garantiert, dass er den Anforderungen des t\u00e4glichen Lebens gewachsen ist, ohne zu versagen.<\/p>\n<p>Die \u201cBig Capability\u201d ist der Ort, an dem sich Ihre Fantasie voll entfalten kann. Die gro\u00dfe, ebene Fl\u00e4che bietet eine ausreichende Plattform f\u00fcr ein breites Spektrum an Einsatzm\u00f6glichkeiten:<\/p>\n<ul>\n<li><strong>Der perfekte Gastgeber:\u00a0<\/strong>Bieten Sie Ihren G\u00e4sten ganz einfach eine Reihe von Wei\u00dfweingl\u00e4sern, eine Sammlung von Vorspeisen oder ein sch\u00f6nes Dessert an. Erstellen Sie eine innovative mobile Barstation f\u00fcr Ihre n\u00e4chste Party, gef\u00fcllt mit einem Shaker f\u00fcr alkoholische Getr\u00e4nke, Spirituosen und Garnituren. Die erh\u00f6hten Seiten verhindern, dass etwas versch\u00fcttet wird, und sorgen daf\u00fcr, dass alles ordentlich aufbewahrt wird.<\/li>\n<li><strong>Der ultimative Organizer:\u00a0<\/strong>Bringen Sie Ordnung in die Unordnung auf jeder Oberfl\u00e4che. Auf Ihrem Waschtisch oder Ihrer Kommode wird er zu einem stilvollen Aufbewahrungsort f\u00fcr Ihr Parf\u00fcm, Ihre Hautpflege, Ihr Make-up und Ihren wertvollen Schmuck. Im Wohnzimmer k\u00f6nnen Sie Fernbedienungen, Rollschuhe, Kerzen und Zeitschriften elegant aufbewahren. An Ihrem Arbeitsplatz zu Hause verwandelt er einen unaufger\u00e4umten Schreibtisch in einen geordneten und motivierenden Arbeitsbereich f\u00fcr Ihre Schreibwaren und sonstigen Utensilien.<\/li>\n<li><strong>Ein attraktives Mittelst\u00fcck:\u00a0<\/strong>Nutzen Sie ihn als elegante Basis f\u00fcr eine stilvolle Vignette auf Ihrem Tisch oder Ihrer K\u00fccheninsel. Wie auf dem Bild \"way of living\" zu sehen ist, bildet es den perfekten Rahmen f\u00fcr eine Vase mit frischen Blumen, eine rustikale Pfefferm\u00fchle und verschiedene andere attraktive Gegenst\u00e4nde und verwandelt sie in einen nat\u00fcrlichen und ansprechenden Bildschirm. Die spiegelnde Oberfl\u00e4che bringt Tiefe und Licht in Ihr Arrangement und steigert dessen \u00e4sthetische Anziehungskraft.<\/li>\n<li><img decoding=\"async\" class=\"size-full wp-image-1299\" src=\"https:\/\/customacrylicproduct.com\/wp-content\/uploads\/2025\/07\/Clear-Acrylic-Serving-Tray-4.jpg\" alt=\"Klarsicht-Acryl-Tablett (4)\" width=\"800\" height=\"800\" srcset=\"https:\/\/customacrylicproduct.com\/wp-content\/uploads\/2025\/07\/Clear-Acrylic-Serving-Tray-4.jpg 800w, https:\/\/customacrylicproduct.com\/wp-content\/uploads\/2025\/07\/Clear-Acrylic-Serving-Tray-4-300x300.jpg 300w, https:\/\/customacrylicproduct.com\/wp-content\/uploads\/2025\/07\/Clear-Acrylic-Serving-Tray-4-150x150.jpg 150w, https:\/\/customacrylicproduct.com\/wp-content\/uploads\/2025\/07\/Clear-Acrylic-Serving-Tray-4-768x768.jpg 768w, https:\/\/customacrylicproduct.com\/wp-content\/uploads\/2025\/07\/Clear-Acrylic-Serving-Tray-4-600x600.jpg 600w, https:\/\/customacrylicproduct.com\/wp-content\/uploads\/2025\/07\/Clear-Acrylic-Serving-Tray-4-100x100.jpg 100w\" sizes=\"(max-width: 800px) 100vw, 800px\" \/><\/li>\n<\/ul>\n<h4 id=\"a-canvas-for-your-creative-thinking-endless-flexibility\">Eine Leinwand f\u00fcr Ihr kreatives Denken: Unendliche Flexibilit\u00e4t<\/h4>\n<p>Dieses Acryltablett geh\u00f6rt zu den flexibelsten Gegenst\u00e4nden, die Sie je besitzen werden. Seine cham\u00e4leonartige F\u00e4higkeit, sich an jede Art von Funktion oder Umgebung anzupassen, macht es zu einem unverzichtbaren Gegenstand f\u00fcr das moderne Leben.<\/p>\n<ul>\n<li><strong>F\u00fcr die Morgenmahlzeit im Bett:\u00a0<\/strong>Verwandeln Sie einen normalen Morgen in ein elegantes Erlebnis. Das Tablett ist gro\u00df genug, um einen Teller, eine Kaffeetasse, ein Glas Saft und einen winzigen Blumenhalter mit Blumen aufzunehmen und so einen exzellenten, hotelw\u00fcrdigen Moment im Haus zu schaffen.<\/li>\n<li><strong>F\u00fcr die Ruhe im Badezimmer:\u00a0<\/strong>Verwandeln Sie Ihren Waschraum in ein Spa-\u00e4hnliches Refugium, indem Sie das Tablett nutzen, um hochwertige Toilettenartikel, gerollte Handt\u00fccher und Duftkerzen neben der Badewanne oder auf dem Waschtisch zu platzieren. Das wasserfeste Polymer eignet sich hervorragend f\u00fcr feuchte Umgebungen.<\/li>\n<li><strong>F\u00fcr den Eingangsbereich:\u00a0<\/strong>Entwickeln Sie einen zugewiesenen \u201cAblagebereich\u201d f\u00fcr Geheimnisse, Post und Sonnenbrillen. So bleibt Ihr Eingang ordentlich, w\u00e4hrend er gleichzeitig einen Hauch von Eleganz vermittelt, sobald Sie durch die T\u00fcr treten.<\/li>\n<li><strong>F\u00fcr jeden Zeitraum:\u00a0<\/strong>Dieses Tablett ist der Wunsch eines jeden Dekorateurs. Gestalten Sie es f\u00fcr die Ferien mit Ornamenten und Gr\u00fcnzeug, f\u00fcr den Herbst mit kleinen K\u00fcrbissen und Kerzen oder f\u00fcr den Fr\u00fchling mit frischen Bl\u00fcten und pastellfarbenen Elementen. Seine klare Beschaffenheit bedeutet, dass es niemals mit Ihrem saisonalen Farbschema kollidieren wird.<\/li>\n<\/ul>\n<h4 id=\"designed-for-you-quality-in-every-information\">F\u00fcr Sie entwickelt: Qualit\u00e4t in jeder Information<\/h4>\n<p>Unser Unternehmen ist der Meinung, dass Luxus in den Details steckt. Die Seiten des Tabletts sind diamantgeschliffen, so dass sie sich v\u00f6llig glatt und sicher anf\u00fchlen und das Licht aus jedem Winkel sch\u00f6n zur Geltung kommt. Um Ihre M\u00f6bel zu sch\u00fctzen, ist das Tablett mit kleinen, sehr diskreten, rutschfesten Gummif\u00fc\u00dfen ausgestattet, die Besch\u00e4digungen vermeiden und daf\u00fcr sorgen, dass es sicher in Position bleibt. Die Reinigung ist denkbar einfach - ein einfaches Abwischen mit einem weichen, feuchten Handtuch und etwas Seife gen\u00fcgt, um den makellosen, fingerabdruckfreien Glanz wiederherzustellen.<\/p>\n<p>Da die Gr\u00f6\u00dfe nicht f\u00fcr alle passt, ist dieses atemberaubende Tablett h\u00e4ufig in verschiedenen Gr\u00f6\u00dfen erh\u00e4ltlich. Wie auf dem Bild zu sehen ist, k\u00f6nnen Sie die perfekte Gr\u00f6\u00dfe f\u00fcr Ihre Bed\u00fcrfnisse w\u00e4hlen oder ein Set aus drei Teilen zusammenstellen, um ein zusammenh\u00e4ngendes und vielschichtiges Erscheinungsbild in Ihrer Wohnung zu schaffen. Verwenden Sie das gr\u00f6\u00dfte f\u00fcr Ihre Fu\u00dfbank, das mittlere f\u00fcr Ihren Barwagen und das kleinste f\u00fcr Ihren Nachttisch. F\u00fcr diejenigen, deren Stil nicht ganz so transparent ist, gibt es diesen Stil auch in trendigen, undurchsichtigen Oberfl\u00e4chen, wie z. B. in strahlendem Wei\u00df, mit der gleichen modernen Silhouette und goldener Ausstattung f\u00fcr eine andere, aber \u00e4hnlich innovative Wirkung.<\/p>\n<h4 id=\"an-investment-in-style-and-function\">Eine Investition in Stil und Funktion<\/h4>\n<p>Das Serviertablett aus klarem Acryl ist mehr als ein Ger\u00e4t; es ist eine Option. Es ist die Antwort auf Unordnung, der Treiber f\u00fcr wundersch\u00f6ne Bildschirme und der Schl\u00fcssel zu einfacher Unterhaltung. Es verk\u00f6rpert die ideale Stabilit\u00e4t zwischen Form und Funktion, indem es die \u00e4sthetische Beweglichkeit des modernen Stils mit der seri\u00f6sen Ausdauer von Qualit\u00e4tsbau und -konstruktion verbindet.<\/p>\n<p>Erh\u00f6hen Sie Ihr Zuhause, gestalten Sie Ihr Leben und bieten Sie stilvoll an. Erweitern Sie Ihre Sammlung um dieses wichtige St\u00fcck und entdecken Sie die grenzenlosen M\u00f6glichkeiten, die sich ergeben, wenn tadelloser Stil auf allt\u00e4glichen Nutzen trifft. Bestellen Sie noch heute Ihr transparentes Acryl-Tablett und definieren Sie neu, was Eleganz f\u00fcr Sie bedeutet.<\/p>","protected":false},"excerpt":{"rendered":"<p class=\"ng-star-inserted\"><span class=\"ng-star-inserted\">Servieren und pr\u00e4sentieren Sie stilvoll mit diesem eleganten Tablett aus klarem Acryl. Mit seinem robusten Design, dem gro\u00dfen Fassungsverm\u00f6gen und den schicken goldenen Griffen eignet es sich perfekt f\u00fcr G\u00e4ste, als Ablage f\u00fcr Ihren Waschtisch oder als dekorativer Mittelpunkt. Eine vielseitige und moderne Erg\u00e4nzung f\u00fcr jeden Couchtisch oder jede K\u00fcche.<\/span><\/p>","protected":false},"featured_media":1296,"template":"","meta":{"_kad_post_transparent":"default","_kad_post_title":"","_kad_post_layout":"default","_kad_post_sidebar_id":"","_kad_post_content_style":"default","_kad_post_vertical_padding":"default","_kad_post_feature":"","_kad_post_feature_position":"","_kad_post_header":false,"_kad_post_footer":false,"_kad_post_classname":""},"product_brand":[],"product_cat":[22],"product_tag":[135],"class_list":{"0":"post-1295","1":"product","2":"type-product","3":"status-publish","4":"has-post-thumbnail","6":"product_cat-custom-acrylic-trays","7":"product_tag-clear-acrylic-serving-tray","9":"first","10":"instock","11":"shipping-taxable","12":"product-type-simple","13":"entry","14":"content-bg","15":"loop-entry"},"_links":{"self":[{"href":"https:\/\/customacrylicproduct.com\/de\/wp-json\/wp\/v2\/product\/1295","targetHints":{"allow":["GET"]}}],"collection":[{"href":"https:\/\/customacrylicproduct.com\/de\/wp-json\/wp\/v2\/product"}],"about":[{"href":"https:\/\/customacrylicproduct.com\/de\/wp-json\/wp\/v2\/types\/product"}],"wp:featuredmedia":[{"embeddable":true,"href":"https:\/\/customacrylicproduct.com\/de\/wp-json\/wp\/v2\/media\/1296"}],"wp:attachment":[{"href":"https:\/\/customacrylicproduct.com\/de\/wp-json\/wp\/v2\/media?parent=1295"}],"wp:term":[{"taxonomy":"product_brand","embeddable":true,"href":"https:\/\/customacrylicproduct.com\/de\/wp-json\/wp\/v2\/product_brand?post=1295"},{"taxonomy":"product_cat","embeddable":true,"href":"https:\/\/customacrylicproduct.com\/de\/wp-json\/wp\/v2\/product_cat?post=1295"},{"taxonomy":"product_tag","embeddable":true,"href":"https:\/\/customacrylicproduct.com\/de\/wp-json\/wp\/v2\/product_tag?post=1295"}],"curies":[{"name":"wp","href":"https:\/\/api.w.org\/{rel}","templated":true}]}}