{"id":1300,"date":"2025-07-18T09:35:43","date_gmt":"2025-07-18T09:35:43","guid":{"rendered":"https:\/\/customacrylicproduct.com\/?post_type=product&#038;p=1300"},"modified":"2025-07-18T09:35:43","modified_gmt":"2025-07-18T09:35:43","slug":"custom-acrylic-trophy-contest-champion-trophy-medals","status":"publish","type":"product","link":"https:\/\/customacrylicproduct.com\/de\/custom-acrylic-trophy-contest-champion-trophy-medals\/","title":{"rendered":"Individuelle Acryl-Troph\u00e4e Wettbewerb Champion Troph\u00e4e Medaillen"},"content":{"rendered":"<h3 id=\"-commemorate-every-triumph-introducing-our-costs-personalized-acrylic-trophies-honors-\"><strong>Erinnern Sie sich an jeden Triumph: Wir stellen unsere personalisierten Acryltroph\u00e4en und Ehrungen vor<\/strong><\/h3>\n<p>In einer Welt fl\u00fcchtiger Momente und elektronischer Auszeichnungen bleibt die Macht eines greifbaren Symbols der Leistung un\u00fcbertroffen. Anerkennung ist ein wesentliches menschliches Bed\u00fcrfnis; sie best\u00e4tigt die Initiative, beeinflusst die kontinuierliche Qualit\u00e4t und verwandelt einen pers\u00f6nlichen Triumph in eine gesch\u00e4tzte Erinnerung. Ebenso lange wurde die Welt der Auszeichnungen von konventionellen, schwerf\u00e4lligen und h\u00e4ufig generischen Entscheidungen beherrscht. Heute laden wir Sie ein, die Zukunft der Anerkennung mit unserer atemberaubenden Kollektion von ma\u00dfgeschneiderten Polymer-Troph\u00e4en, Auszeichnungen und Medaillen zu erleben - die zeitgem\u00e4\u00dfe, flexible und zutiefst individuelle Art und Weise, jeden Champion, jeden Mitwirkenden und jeden au\u00dfergew\u00f6hnlichen Moment zu feiern.<\/p>\n<p>Diese aus hochwertigem, kristallklarem Acryl gefertigten Ehrungen bieten die Ausstrahlung von Glas mit der Widerstandsf\u00e4higkeit und kreativen Flexibilit\u00e4t eines modernen Wunderwerks. Ganz gleich, ob Sie einen Sport-Champion auszeichnen, einen Unternehmens-Superstar auszeichnen oder Ihre aufrichtige Dankbarkeit zum Ausdruck bringen wollen - unsere ma\u00dfgefertigten Acrylgegenst\u00e4nde sind mehr als nur Preise; sie sind ma\u00dfgeschneiderte Meisterwerke, die eine besondere Erfolgsgeschichte erz\u00e4hlen.<\/p>\n<p><img fetchpriority=\"high\" decoding=\"async\" class=\"wp-image-1302 size-large\" src=\"https:\/\/customacrylicproduct.com\/wp-content\/uploads\/2025\/07\/Custom-Acrylic-Trophy-2-1024x1024.jpg\" alt=\"Individuelle Acryl-Troph\u00e4e (2)\" width=\"1024\" height=\"1024\" srcset=\"https:\/\/customacrylicproduct.com\/wp-content\/uploads\/2025\/07\/Custom-Acrylic-Trophy-2-1024x1024.jpg 1024w, https:\/\/customacrylicproduct.com\/wp-content\/uploads\/2025\/07\/Custom-Acrylic-Trophy-2-300x300.jpg 300w, https:\/\/customacrylicproduct.com\/wp-content\/uploads\/2025\/07\/Custom-Acrylic-Trophy-2-150x150.jpg 150w, https:\/\/customacrylicproduct.com\/wp-content\/uploads\/2025\/07\/Custom-Acrylic-Trophy-2-768x768.jpg 768w, https:\/\/customacrylicproduct.com\/wp-content\/uploads\/2025\/07\/Custom-Acrylic-Trophy-2-600x600.jpg 600w, https:\/\/customacrylicproduct.com\/wp-content\/uploads\/2025\/07\/Custom-Acrylic-Trophy-2-100x100.jpg 100w, https:\/\/customacrylicproduct.com\/wp-content\/uploads\/2025\/07\/Custom-Acrylic-Trophy-2.jpg 1452w\" sizes=\"(max-width: 1024px) 100vw, 1024px\" \/><\/p>\n<h4 id=\"-the-power-of-polymer-a-modern-medium-for-timeless-acknowledgment-\"><strong>Die Kraft des Polymers: Ein modernes Medium f\u00fcr zeitlose Anerkennung<\/strong><\/h4>\n<p>Das erste, was Sie an unseren Acryl-Awards sehen werden, ist ihre makellose, leuchtende Spitzenqualit\u00e4t. Wir verwenden nur das hochwertigste Polymer der Schauspieler, das eine bemerkenswerte optische Klarheit bietet, die es dem Licht erm\u00f6glicht, es zu durchdringen und einen schillernden Effekt zu erzielen. Im Gegensatz zu typischem Glas ist Acrylglas wesentlich bruchsicherer und leichter, wodurch es sicherer zu handhaben, auszustellen und zu transportieren ist, ohne dass es seine hochwertige Anmutung einb\u00fc\u00dft.<\/p>\n<p>Dieses zeitgem\u00e4\u00dfe Material ist die beste Leinwand f\u00fcr die Phantasie. Seine glatten, raffinierten Oberfl\u00e4chen und scharfen Kanten sorgen f\u00fcr ein aufger\u00e4umtes, modernes Erscheinungsbild, das perfekt in jedes Ambiente passt, vom Schreibtisch eines Firmenchefs bis zum Regal im Schlafzimmer eines jungen Profisportlers. Der dem Acrylglas innewohnende Stil sorgt daf\u00fcr, dass der Fokus auf dem Wesentlichen bleibt: der Botschaft der Leistung und der Person, die anerkannt wird. Es ist ein Medium, das eine Botschaft nicht nur festh\u00e4lt, sondern sie auch hervorhebt.<\/p>\n<figure id=\"attachment_1303\" aria-describedby=\"caption-attachment-1303\" style=\"width: 1024px\" class=\"wp-caption aligncenter\"><img decoding=\"async\" class=\"wp-image-1303 size-large\" src=\"https:\/\/customacrylicproduct.com\/wp-content\/uploads\/2025\/07\/Custom-Acrylic-Trophy-3-1024x1024.jpg\" alt=\"Individuelle Acryl-Troph\u00e4e (3)\" width=\"1024\" height=\"1024\" srcset=\"https:\/\/customacrylicproduct.com\/wp-content\/uploads\/2025\/07\/Custom-Acrylic-Trophy-3-1024x1024.jpg 1024w, https:\/\/customacrylicproduct.com\/wp-content\/uploads\/2025\/07\/Custom-Acrylic-Trophy-3-300x300.jpg 300w, https:\/\/customacrylicproduct.com\/wp-content\/uploads\/2025\/07\/Custom-Acrylic-Trophy-3-150x150.jpg 150w, https:\/\/customacrylicproduct.com\/wp-content\/uploads\/2025\/07\/Custom-Acrylic-Trophy-3-768x768.jpg 768w, https:\/\/customacrylicproduct.com\/wp-content\/uploads\/2025\/07\/Custom-Acrylic-Trophy-3-600x600.jpg 600w, https:\/\/customacrylicproduct.com\/wp-content\/uploads\/2025\/07\/Custom-Acrylic-Trophy-3-100x100.jpg 100w, https:\/\/customacrylicproduct.com\/wp-content\/uploads\/2025\/07\/Custom-Acrylic-Trophy-3.jpg 1500w\" sizes=\"(max-width: 1024px) 100vw, 1024px\" \/><figcaption id=\"caption-attachment-1303\" class=\"wp-caption-text\">Individuelle Acryl-Troph\u00e4e (3)<\/figcaption><\/figure>\n<h4 id=\"-unleash-your-creative-thinking-unparalleled-customization-at-your-fingertips-\"><strong>Entfesseln Sie Ihr kreatives Denken: Un\u00fcbertroffene Anpassungsm\u00f6glichkeiten an Ihren Fingerspitzen<\/strong><\/h4>\n<p>Der wahre Reiz unserer Acryl-Ehrungen liegt in den grenzenlosen M\u00f6glichkeiten der Personalisierung. Unser Team ist der Meinung, dass eine Auszeichnung so einzigartig sein sollte wie die Leistung, f\u00fcr die sie steht. Deshalb bieten wir eine umfangreiche Auswahl an Personalisierungsm\u00f6glichkeiten, um Ihre Vision zum Leben zu erwecken.<\/p>\n<p><strong>1. Die Gestaltung Ihrer einzigartigen Erz\u00e4hlung:<\/strong><\/p>\n<p>Vergessen Sie die Einheitsgr\u00f6\u00dfe. Dank unserer innovativen Fertigungsm\u00f6glichkeiten sind der Form Ihrer Auszeichnung nur durch Ihre kreative Fantasie Grenzen gesetzt.<\/p>\n<ul>\n<li><strong>Standard- und elegante Formen:\u00a0<\/strong>F\u00fcr ein zeitloses und modernes Erscheinungsbild w\u00e4hlen Sie aus unserer Kollektion von Grundformen. Die aufgehellten, runden Plaketten, wie sie in unserer Bewunderungsserie zu sehen sind, bieten einen weichen, stilvollen Rahmen f\u00fcr herzliche Botschaften wie \u201cDanke, dass Sie bemerkenswert sind\u201d oder \u201cVergessen Sie niemals den Unterschied, den Sie gemacht haben.\u201d Unsere freistehenden, facettenreichen achteckigen Bl\u00f6cke, die sich perfekt f\u00fcr Sportauszeichnungen eignen, bieten eine signifikante und dynamische Existenz, die Selbstvertrauen und Triumph zeigt.<\/li>\n<li><strong>V\u00f6llig individuell gestanzte Formen:\u00a0<\/strong>Hier k\u00f6nnen Ihre Marke und Ihre Fantasie wirklich strahlen. Wir k\u00f6nnen Acrylglas in praktisch jede von Ihnen gew\u00fcnschte Form zuschneiden. Stellen Sie sich eine Auszeichnung in Form Ihres Firmenlogos, einer Produktsilhouette, eines Schulmaskottchens oder eines thematischen Zeichens f\u00fcr Ihren Anlass vor. Wie unsere temperamentvolle \u201cYou Are The Bomb\u201d-Auszeichnung zeigt, kann eine einmalige Form eine Schicht von Witz, Spa\u00df und Erinnerungswert enthalten, die eine einfache Plakette einfach nicht erreichen kann. Dieser Grad der Individualisierung macht die Auszeichnung zu einem sofortigen Gespr\u00e4chsstoff und einem starken Markeninstrument.<\/li>\n<\/ul>\n<figure id=\"attachment_1301\" aria-describedby=\"caption-attachment-1301\" style=\"width: 800px\" class=\"wp-caption aligncenter\"><img decoding=\"async\" class=\"size-full wp-image-1301\" src=\"https:\/\/customacrylicproduct.com\/wp-content\/uploads\/2025\/07\/Custom-Acrylic-Trophy-1.jpg\" alt=\"Individuelle Acryl-Troph\u00e4e (1)\" width=\"800\" height=\"800\" srcset=\"https:\/\/customacrylicproduct.com\/wp-content\/uploads\/2025\/07\/Custom-Acrylic-Trophy-1.jpg 800w, https:\/\/customacrylicproduct.com\/wp-content\/uploads\/2025\/07\/Custom-Acrylic-Trophy-1-300x300.jpg 300w, https:\/\/customacrylicproduct.com\/wp-content\/uploads\/2025\/07\/Custom-Acrylic-Trophy-1-150x150.jpg 150w, https:\/\/customacrylicproduct.com\/wp-content\/uploads\/2025\/07\/Custom-Acrylic-Trophy-1-768x768.jpg 768w, https:\/\/customacrylicproduct.com\/wp-content\/uploads\/2025\/07\/Custom-Acrylic-Trophy-1-600x600.jpg 600w, https:\/\/customacrylicproduct.com\/wp-content\/uploads\/2025\/07\/Custom-Acrylic-Trophy-1-100x100.jpg 100w\" sizes=\"(max-width: 800px) 100vw, 800px\" \/><figcaption id=\"caption-attachment-1301\" class=\"wp-caption-text\">Individuelle Acryl-Troph\u00e4e (1)<\/figcaption><\/figure>\n<p><strong>2. Eine Bandbreite an Ausdrucksm\u00f6glichkeiten: Von eleganter Beschriftung bis zu lebendiger Farbe<\/strong><\/p>\n<p>Die Art und Weise, wie Ihre Botschaft und Ihr Layout auf das Acryl aufgebracht werden, ist entscheidend. Wir bieten zwei erstklassige Techniken an, die zu jedem Stil passen.<\/p>\n<ul>\n<li><strong>Pr\u00e4zise Laserbeschriftung:\u00a0<\/strong>F\u00fcr ein traditionelles, poliertes und fortschrittliches Finish ist die Lasergravur die ideale Wahl. Unsere modernen Laser gravieren Ihren Text und einfache Grafiken fein in das Acrylglas und erzeugen so eine gestochen scharfe, eisig wei\u00dfe Oberfl\u00e4che, die sich perfekt von dem klaren Material abhebt. Diese Technik eignet sich f\u00fcr tiefgr\u00fcndige Botschaften, edle Handschriften und minimale Logodesigns. Es ist die beste Wahl f\u00fcr gesch\u00e4ftliche Anerkennungen, akademische Auszeichnungen und individuelle Geschenke, bei denen es auf Subtilit\u00e4t und Klasse ankommt.<\/li>\n<li><strong>Schillernder Vollfarb-UV-Druck:\u00a0<\/strong>Wenn Sie m\u00f6chten, dass Ihre Auszeichnung vor Kraft und Farbe strotzt, liefert unsere UV-Drucktechnologie erstaunliche Ergebnisse. Bei diesem Verfahren werden Ihre Vollfarbgrafiken direkt auf das Acrylglas gedruckt, was zu einer reichhaltigen, lebendigen und fotorealistischen Darstellung f\u00fchrt. Wie in unserer Basketball Champion\u201c-Serie zu sehen ist, eignet sich dieses Verfahren hervorragend f\u00fcr die Wiedergabe von dynamischen Sportlogos, Teamfarben und komplexen Designs. Die Tinte wird sofort mit UV-Licht behandelt, was sie widerstandsf\u00e4hig und lichtbest\u00e4ndig macht und ihr eine spektakul\u00e4re \u00e4sthetische Tiefe verleiht, insbesondere wenn sie auf der R\u00fcckseite von dickeren Acrylbl\u00f6cken ver\u00f6ffentlicht wird.<\/li>\n<\/ul>\n<p><strong>3. Worte, die wichtig sind: Personalisiert f\u00fcr maximale Wirkung<\/strong><\/p>\n<p>Die Botschaft ist das Herzst\u00fcck jeder Art von Auszeichnung. Wir sorgen daf\u00fcr, dass Ihre Worte die Qualit\u00e4t und Wirkung haben, die sie haben sollten. Individualisieren Sie jedes St\u00fcck mit Namen, Daten, besonderen Leistungen, inspirierenden Zitaten oder Insider-Witzen. Von der tiefen Dankbarkeit \u201cDanke f\u00fcr die Aufmerksamkeit, f\u00fcr die Unterst\u00fctzung, f\u00fcr die Inspiration\u201d \u00fcber das siegreiche Gebr\u00fcll von \u201cBasketball Champ\u201d bis hin zu dem unterhaltsamen und inspirierenden \u201cIn manchen F\u00e4llen vernachl\u00e4ssigst du, dass du erstaunlich bist, also ist dies dein Tipp\u201d - die richtigen Worte machen aus einem wundersch\u00f6nen Gegenstand ein gesch\u00e4tztes pers\u00f6nliches Andenken.<\/p>\n<h4 id=\"-adaptability-for-each-occasion-and-accomplishment-\"><strong>Anpassungsf\u00e4higkeit f\u00fcr jede Gelegenheit und Leistung<\/strong><\/h4>\n<p>Unsere benutzerdefinierten Acryl-Auszeichnungen sind f\u00fcr jeden Anlass geeignet, bei dem eine W\u00fcrdigung ansteht.<\/p>\n<ul>\n<li><strong>Anerkennung des Unternehmens:\u00a0<\/strong>Steigern Sie die Stimmung und f\u00f6rdern Sie eine Anerkennungsgesellschaft mit Ehrungen f\u00fcr den Mitarbeiter des Monats, den besten Verk\u00e4ufer, die Qualit\u00e4t der F\u00fchrung, die Erledigung von Aufgaben und die Pensionierung.<\/li>\n<li><strong>Sportliche Meisterschaften:\u00a0<\/strong>Von Nachbarschaftsorganisationen bis hin zu landesweiten Wettbewerben k\u00f6nnen Sie au\u00dfergew\u00f6hnliche Preise f\u00fcr MVPs, Champions und Einzelpersonen herstellen. Aufgrund seiner Langlebigkeit eignet sich Acryl am besten zum Andenken an sportliche Leistungen.<\/li>\n<li><strong>Akademische Errungenschaften:\u00a0<\/strong>Ehrung von Sch\u00fclern, Ausbildern und Lehrkr\u00e4ften mit eleganten Ehrungen f\u00fcr College-Abschl\u00fcsse, schulische Auszeichnungen und langj\u00e4hrige engagierte Dienste. Eine individuell gestaltete \u201cDankesch\u00f6n\u201d-Plakette ist ein Geschenk, das ein P\u00e4dagoge dauerhaft zu sch\u00e4tzen wei\u00df.<\/li>\n<li><strong>Pers\u00f6nliche Geschenke &amp; Meilensteine:\u00a0<\/strong>Feiern Sie Geburtstage, Jahrestage oder zeigen Sie einfach einem Freund, Trainer oder Familienmitglied, wie viel er Ihnen bedeutet - mit einem individuell gestalteten Andenken.<\/li>\n<li><strong>Wettbewerbe und Anl\u00e4sse:\u00a0<\/strong>Egal, ob es sich um einen Chili-Wettkochwettbewerb, eine Filmveranstaltung oder eine Spendenaktion handelt, kreieren Sie thematische Auszeichnungen mit Markenzeichen, die Ihren Anlass besonders hervorheben.<\/li>\n<\/ul>\n<h4 id=\"-quality-that-endures-a-memory-that-lasts-\"><strong>Qualit\u00e4t, die Bestand hat, eine Erinnerung, die anh\u00e4lt<\/strong><\/h4>\n<p>Jede Troph\u00e4e, die wir entwickeln, ist ein Zeugnis f\u00fcr erstklassige Verarbeitung. Wir beginnen mit teurem, fehlerfreiem Acryl und verwenden moderne Technologien f\u00fcr pr\u00e4zises Schneiden und Drucken, um sicherzustellen, dass jede Information ausgezeichnet ist. Die Kanten sind flammenpoliert, um eine glatte, glas\u00e4hnliche Beschichtung zu erhalten, und jede Auszeichnung ist mit einem robusten, richtig entworfenen Sockel f\u00fcr einen stabilen und attraktiven Bildschirm gepaart. Diese Auszeichnungen sind f\u00fcr eine lange Lebensdauer ausgelegt und dienen als langfristige und beeindruckende Erinnerung an eine gute Arbeit.<\/p>\n<p>Gehen Sie \u00fcber das Allgemeine hinaus und entwickeln Sie einen Moment der Anerkennung, der so einzigartig und brillant ist wie die Person, die ihn erh\u00e4lt. Eine Auszeichnung muss mehr sein als ein Platzhalter; sie sollte eine Erkl\u00e4rung sein.<\/p>\n<p><strong>Setzen Sie sich noch heute mit uns in Verbindung, um mit der Gestaltung Ihrer ma\u00dfgeschneiderten Acrylpreise zu beginnen, und lassen Sie uns gemeinsam etwas Au\u00dfergew\u00f6hnliches schaffen.<\/strong><\/p>","protected":false},"excerpt":{"rendered":"<p class=\"ng-star-inserted\"><span class=\"ng-star-inserted\">Feiern Sie Ihren Erfolg mit unseren atemberaubenden Acryltroph\u00e4en. Personalisieren Sie sie mit einem beliebigen Text, Logo oder einer einzigartigen Form. Von eleganten gravierten Preisen bis hin zu farbenfrohen Champion-Preisen sind diese modernen, langlebigen Auszeichnungen perfekt f\u00fcr jeden Wettbewerb, jedes Team oder jede Veranstaltung.<\/span><\/p>","protected":false},"featured_media":1302,"template":"","meta":{"_kad_post_transparent":"default","_kad_post_title":"","_kad_post_layout":"default","_kad_post_sidebar_id":"","_kad_post_content_style":"default","_kad_post_vertical_padding":"default","_kad_post_feature":"","_kad_post_feature_position":"","_kad_post_header":false,"_kad_post_footer":false,"_kad_post_classname":""},"product_brand":[],"product_cat":[19],"product_tag":[136],"class_list":{"0":"post-1300","1":"product","2":"type-product","3":"status-publish","4":"has-post-thumbnail","6":"product_cat-custom-acrylic-trophies-awards","7":"product_tag-custom-acrylic-trophy","9":"first","10":"instock","11":"shipping-taxable","12":"product-type-simple","13":"entry","14":"content-bg","15":"loop-entry"},"_links":{"self":[{"href":"https:\/\/customacrylicproduct.com\/de\/wp-json\/wp\/v2\/product\/1300","targetHints":{"allow":["GET"]}}],"collection":[{"href":"https:\/\/customacrylicproduct.com\/de\/wp-json\/wp\/v2\/product"}],"about":[{"href":"https:\/\/customacrylicproduct.com\/de\/wp-json\/wp\/v2\/types\/product"}],"wp:featuredmedia":[{"embeddable":true,"href":"https:\/\/customacrylicproduct.com\/de\/wp-json\/wp\/v2\/media\/1302"}],"wp:attachment":[{"href":"https:\/\/customacrylicproduct.com\/de\/wp-json\/wp\/v2\/media?parent=1300"}],"wp:term":[{"taxonomy":"product_brand","embeddable":true,"href":"https:\/\/customacrylicproduct.com\/de\/wp-json\/wp\/v2\/product_brand?post=1300"},{"taxonomy":"product_cat","embeddable":true,"href":"https:\/\/customacrylicproduct.com\/de\/wp-json\/wp\/v2\/product_cat?post=1300"},{"taxonomy":"product_tag","embeddable":true,"href":"https:\/\/customacrylicproduct.com\/de\/wp-json\/wp\/v2\/product_tag?post=1300"}],"curies":[{"name":"wp","href":"https:\/\/api.w.org\/{rel}","templated":true}]}}