{"id":1304,"date":"2025-07-18T09:52:21","date_gmt":"2025-07-18T09:52:21","guid":{"rendered":"https:\/\/customacrylicproduct.com\/?post_type=product&#038;p=1304"},"modified":"2025-07-18T09:52:21","modified_gmt":"2025-07-18T09:52:21","slug":"acrylic-tray-counter-ttop-organizer-tray-for-kitchen-box","status":"publish","type":"product","link":"https:\/\/customacrylicproduct.com\/de\/acrylic-tray-counter-ttop-organizer-tray-for-kitchen-box\/","title":{"rendered":"Acryl Tablett Counter Ttop Organizer Tablett f\u00fcr K\u00fcche Box"},"content":{"rendered":"<h3 id=\"the-art-of-organization-discover-unmatched-style-and-adaptability-with-our-polymer-countertop-tray\">Die Kunst der Organisation: Entdecken Sie un\u00fcbertroffenen Stil und Anpassungsf\u00e4higkeit mit unserem Polymer-Theken-Tablett<\/h3>\n<p>Im Rhythmus des modernen Lebens sind unsere Wohnungen unsere Zufluchtsorte. Doch diese individuellen Zufluchtsorte k\u00f6nnen durch den t\u00e4glichen Tanz der kleinen Dinge - Schl\u00fcssel auf dem Tresen, Kosmetika auf dem Waschtisch, wertvoller Schmuck auf dem Nachttisch, Gew\u00fcrze in der K\u00fcche - schnell \u00fcberfordert werden. Diese sanfte Anh\u00e4ufung von \u201cDingen\u201d kann die Ruhe und Klarheit beeintr\u00e4chtigen, nach der wir uns sehnen. Was w\u00e4re, wenn es eine einzige, elegante L\u00f6sung g\u00e4be, um diese Unordnung zu \u00fcberwinden? Ein Ger\u00e4t, das nicht nur aufbewahrt, sondern auch stilisiert?<\/p>\n<p>Wir pr\u00e4sentieren das Polymer Kitchen Counter Organizer Tray - ein Kunstwerk mit minimalem Design und maximaler Leistung. Dies ist nicht einfach nur eine weitere Aufbewahrungsbox, sondern ein funktionelles System, das Ordnung, Raffinesse und einen Hauch von individuellem Stil in jeden Winkel Ihres Hauses bringt. Dieses aus hochwertigem Acryl gefertigte Tablett ist die perfekte Verbindung von Robustheit und Stil, um Ihre unordentlichen Fl\u00e4chen in geordnete, bewusste Pr\u00e4sentationen zu verwandeln.<\/p>\n<p><img fetchpriority=\"high\" decoding=\"async\" class=\"size-full wp-image-1306\" src=\"https:\/\/customacrylicproduct.com\/wp-content\/uploads\/2025\/07\/Acrylic-Tray-Counter-2.jpg\" alt=\"Acryl-Tablett-Theke\" width=\"800\" height=\"800\" srcset=\"https:\/\/customacrylicproduct.com\/wp-content\/uploads\/2025\/07\/Acrylic-Tray-Counter-2.jpg 800w, https:\/\/customacrylicproduct.com\/wp-content\/uploads\/2025\/07\/Acrylic-Tray-Counter-2-300x300.jpg 300w, https:\/\/customacrylicproduct.com\/wp-content\/uploads\/2025\/07\/Acrylic-Tray-Counter-2-150x150.jpg 150w, https:\/\/customacrylicproduct.com\/wp-content\/uploads\/2025\/07\/Acrylic-Tray-Counter-2-768x768.jpg 768w, https:\/\/customacrylicproduct.com\/wp-content\/uploads\/2025\/07\/Acrylic-Tray-Counter-2-600x600.jpg 600w, https:\/\/customacrylicproduct.com\/wp-content\/uploads\/2025\/07\/Acrylic-Tray-Counter-2-100x100.jpg 100w\" sizes=\"(max-width: 800px) 100vw, 800px\" \/><\/p>\n<h4 id=\"-exquisite-design-meets-superior-workmanship-\"><strong>Exquisites Design trifft auf erstklassige Verarbeitung<\/strong><\/h4>\n<p>Das Herzst\u00fcck unseres Koordinatorentabletts ist die Hingabe zu klaren, modernen visuellen Reizen. Die glatte, quadratische Silhouette mit ihren scharfen, aufger\u00e4umten Linien vermittelt eine moderne Sensibilit\u00e4t, die jedes Einrichtungsdesign erg\u00e4nzt, von ultraminimalistisch bis luxuri\u00f6s extravagant. Die robuste, konsistente Konstruktion vermittelt ein Gef\u00fchl von Sicherheit und Langlebigkeit, w\u00e4hrend die hochgezogenen Seiten garantieren, dass alle Ihre Basics sicher aufbewahrt werden und nicht versch\u00fcttet werden k\u00f6nnen.<\/p>\n<p>Ein entscheidendes Merkmal, das dieses Tablett von einem einfachen Beh\u00e4ltnis zu einem absolut funktionalen Einrichtungsgegenstand macht, sind die beiden makellos integrierten, ausgeschnittenen Griffe. Diese Griffe sind nicht nur eine n\u00fctzliche Erg\u00e4nzung, sondern auch ein Stilelement, das das schlanke Profil des Tabletts beibeh\u00e4lt und gleichzeitig f\u00fcr einfache und leichte Tragbarkeit sorgt. Tragen Sie Ihren morgendlichen Kaffee einfach auf die Terrasse, transportieren Sie Ihre Hautpflegeserie vom Schlafzimmer in den Waschraum oder servieren Sie Ihren G\u00e4sten elegant und bequem Mixgetr\u00e4nke.<\/p>\n<p>Das wirklich Geniale an diesem Tablett liegt in seinem Material. Aus hochwertigem Acryl gefertigt, bietet es die hervorragende Klarheit und Sch\u00f6nheit von Glas, ohne dessen Zerbrechlichkeit. Dieses langlebige Produkt ist bruchsicher, was es zu einer sicheren und besonders widerstandsf\u00e4higen Wahl f\u00fcr aktive Familien macht, insbesondere in K\u00fcchen und B\u00e4dern. Es ist bemerkenswert leicht und dennoch extrem stabil, und seine porenfreie Oberfl\u00e4che ist wasserfest und au\u00dfergew\u00f6hnlich pflegeleicht. Ein einfaches Abwischen mit einem feuchten Tuch gen\u00fcgt, um Versch\u00fcttetes, Staub oder Make-up-Flecken zu beseitigen, damit Ihr Tablett viele Jahre lang wie neu aussieht.<\/p>\n<p><img decoding=\"async\" class=\"aligncenter wp-image-1308 size-large\" src=\"https:\/\/customacrylicproduct.com\/wp-content\/uploads\/2025\/07\/Acrylic-Tray-Counter-4-1024x1024.jpg\" alt=\"Acryl-Tablett-Theke (4)\" width=\"1024\" height=\"1024\" srcset=\"https:\/\/customacrylicproduct.com\/wp-content\/uploads\/2025\/07\/Acrylic-Tray-Counter-4-1024x1024.jpg 1024w, https:\/\/customacrylicproduct.com\/wp-content\/uploads\/2025\/07\/Acrylic-Tray-Counter-4-300x300.jpg 300w, https:\/\/customacrylicproduct.com\/wp-content\/uploads\/2025\/07\/Acrylic-Tray-Counter-4-150x150.jpg 150w, https:\/\/customacrylicproduct.com\/wp-content\/uploads\/2025\/07\/Acrylic-Tray-Counter-4-768x768.jpg 768w, https:\/\/customacrylicproduct.com\/wp-content\/uploads\/2025\/07\/Acrylic-Tray-Counter-4-600x600.jpg 600w, https:\/\/customacrylicproduct.com\/wp-content\/uploads\/2025\/07\/Acrylic-Tray-Counter-4-100x100.jpg 100w, https:\/\/customacrylicproduct.com\/wp-content\/uploads\/2025\/07\/Acrylic-Tray-Counter-4.jpg 1500w\" sizes=\"(max-width: 1024px) 100vw, 1024px\" \/><\/p>\n<h4 id=\"-a-combination-to-perfect-your-space-\"><strong>Eine Kombination zur Perfektionierung Ihres Raumes<\/strong><\/h4>\n<p>Wir wissen, dass pers\u00f6nliches Design an erster Stelle steht. Deshalb ist unser Polymer-Koordinatentablett in einer sorgf\u00e4ltig ausgew\u00e4hlten Reihe von Farben erh\u00e4ltlich, von denen jede eine andere Stimmung hervorruft und mit Ihrer speziellen Inneneinrichtung harmoniert.<\/p>\n<ul>\n<li><strong>Standard Wei\u00df:\u00a0<\/strong>Das nichttransparente wei\u00dfe Tablett, das eine exzellente Marmoroberfl\u00e4che ziert, ist der Inbegriff von sauberer, ruhiger Eleganz. Es bietet eine brillante, neutrale Leinwand, die die darin enthaltenen Gegenst\u00e4nde zur Geltung bringt. Perfekt, um mit dekorativen Muscheln ein maritimes Ambiente zu schaffen, ein Spa-\u00e4hnliches Ambiente im Duschraum oder ein klares, geordnetes Bild in einem skandinavisch inspirierten K\u00fcchenbereich.<\/li>\n<li><strong>Anspruchsvolles Schwarz:\u00a0<\/strong>F\u00fcr einen Hauch von Dramatik und offensichtlicher Hochwertigkeit ist das gl\u00e4nzend schwarze Tablett eine tadellose Wahl. Es schafft einen sensationellen Kontrast zu hellen K\u00fcchentheken und verwandelt eine durchschnittliche Sammlung von Parf\u00fcms und Kosmetika in eine erstklassige Auslage, die an ein Luxusgesch\u00e4ft erinnert. Das schwarze Tablett verleiht Tiefe und Eleganz und ist damit eine ausgezeichnete Wahl f\u00fcr einen modernen Arbeitsplatz, ein schickes Wohnzimmer oder eine glamour\u00f6se Eitelkeit.<\/li>\n<li><strong>Kristallklar:\u00a0<\/strong>Akzeptieren Sie modernen Minimalismus mit dem transparenten Tablett. Sein \u201ckaum vorhandener\u201d Anblick l\u00e4sst den Charme Ihrer Oberfl\u00e4chen durchscheinen - egal, ob es sich um eine \u00fcppige Holzmaserung oder eleganten Marmor handelt. Diese Wahl eignet sich hervorragend f\u00fcr alle, die sich Gesellschaft w\u00fcnschen, ohne sich optisch aufzudr\u00e4ngen. Sehen Sie, wie Ihre Lieblingsaccessoires, wie eine traditionelle Uhr und eine elegante Sonnenbrille, in einem wundervollen Bereich zu schweben scheinen und eine Schicht von Glanz hinzuf\u00fcgen, ohne die Einrichtung zu \u00fcberw\u00e4ltigen.<\/li>\n<li><strong>Lebendiges Orange:\u00a0<\/strong>Machen Sie eine mutige Aussage mit unserem umwerfenden orangefarbenen Tablett. Dieser dynamische Farbakzent ist f\u00fcr den positiven Dekorateur, der keine Angst hat, seine Pers\u00f6nlichkeit zu zeigen. Es kann einen neutralen Bereich beleben, als Mittelpunkt auf einem Couchtisch fungieren oder einen spielerischen Touch in ein B\u00fcro bringen. Es ist eine Best\u00e4tigung f\u00fcr das Design und beweist, dass Organisation Spa\u00df machen und voller Leben sein kann.<\/li>\n<\/ul>\n<p><img decoding=\"async\" class=\"aligncenter wp-image-1307 size-large\" src=\"https:\/\/customacrylicproduct.com\/wp-content\/uploads\/2025\/07\/Acrylic-Tray-Counter-3-1024x1024.jpg\" alt=\"Acryl-Tablett-Theke (3)\" width=\"1024\" height=\"1024\" srcset=\"https:\/\/customacrylicproduct.com\/wp-content\/uploads\/2025\/07\/Acrylic-Tray-Counter-3-1024x1024.jpg 1024w, https:\/\/customacrylicproduct.com\/wp-content\/uploads\/2025\/07\/Acrylic-Tray-Counter-3-300x300.jpg 300w, https:\/\/customacrylicproduct.com\/wp-content\/uploads\/2025\/07\/Acrylic-Tray-Counter-3-150x150.jpg 150w, https:\/\/customacrylicproduct.com\/wp-content\/uploads\/2025\/07\/Acrylic-Tray-Counter-3-768x768.jpg 768w, https:\/\/customacrylicproduct.com\/wp-content\/uploads\/2025\/07\/Acrylic-Tray-Counter-3-600x600.jpg 600w, https:\/\/customacrylicproduct.com\/wp-content\/uploads\/2025\/07\/Acrylic-Tray-Counter-3-100x100.jpg 100w, https:\/\/customacrylicproduct.com\/wp-content\/uploads\/2025\/07\/Acrylic-Tray-Counter-3.jpg 1500w\" sizes=\"(max-width: 1024px) 100vw, 1024px\" \/><\/p>\n<h4 id=\"-infinite-possibilities-a-tray-for-every-single-space-\"><strong>Unendliche M\u00f6glichkeiten: Ein Tablett f\u00fcr jeden einzelnen Raum<\/strong><\/h4>\n<p>Der wahre Reiz dieses Acryltabletts liegt in seiner grenzenlosen Bequemlichkeit. Seine Funktion wird nur durch Ihre Kreativit\u00e4t begrenzt.<\/p>\n<ul>\n<li><strong>Die Kommandozentrale im K\u00fcchenbereich:\u00a0<\/strong>Wie der Name schon sagt, ist dieses Tablett ein wahres Kraftpaket in der K\u00fcche. Verwenden Sie es, um eine saubere Kaffee- oder Teestation zu schaffen, in der Sie Ihre Zuckerdose, Lotion und Ihre Lieblingsbecher unterbringen k\u00f6nnen. Stellen Sie \u00d6le, Essig und Gew\u00fcrze f\u00fcr die Zubereitung von Speisen neben dem Kochfeld auf, damit sie leicht zug\u00e4nglich sind und Ihre Arbeitsfl\u00e4chen gesch\u00fctzt werden. Oder verwenden Sie es als elegantes Tablett zum Servieren von Vorspeisen und Getr\u00e4nken, wenn Sie sich am\u00fcsieren.<\/li>\n<li><strong>Das Heiligtum der Toiletten und Eitelkeiten:\u00a0<\/strong>Verwandeln Sie Ihren Waschraum von einem chaotischen Durcheinander in einen friedlichen, spa\u00e4hnlichen R\u00fcckzugsort. Bereiten Sie Ihre t\u00e4glichen Hautpflegeprodukte, Make-up, B\u00fcrsten und Parf\u00fcms ordentlich vor. Die wasserfeste Acryloberfl\u00e4che eignet sich hervorragend f\u00fcr feuchte Waschr\u00e4ume. Kombinieren Sie ihn mit einem Rohrdiffusor, wie abgebildet, um eine umfassende sensorische Erfahrung von Ordnung und Ruhe zu schaffen.<\/li>\n<li><strong>Das Heiligtum des Schlafzimmers und des Schranks:\u00a0<\/strong>Beenden Sie die hektische Suche nach Ihren bevorzugten Ger\u00e4ten. Nutzen Sie das Tablett auf Ihrer Kommode oder Ihrem Nachttisch als fortschrittliches \u201cSammelbecken\u201d f\u00fcr Ihre Uhren, Armb\u00e4nder, Ringe und Sonnenbrillen. Es bietet einen festen Platz f\u00fcr Ihre allt\u00e4glichen Basics und sorgt daf\u00fcr, dass sie sicher, geordnet und sch\u00f6n pr\u00e4sentiert werden.<\/li>\n<li><strong>Der einladende Eingangsbereich:\u00a0<\/strong>Machen Sie einen beeindruckenden Eindruck. Stellen Sie das Tablett auf eine Eingangskonsole, um einen geordneten Ablagebereich f\u00fcr Geheimnisse, Post, Brieftaschen und Telefone zu schaffen. So wird der erste Raum, den Sie sehen, wenn Sie nach Hause kommen, sofort aufger\u00e4umt, und der Rest Ihres Hauses wird von Ruhe und Ordnung gepr\u00e4gt.<\/li>\n<li><strong>Der Wohnstylist:\u00a0<\/strong>Peppen Sie Ihren Couchtisch oder Ihre Ottomane auf. Nutzen Sie das Tablett, um Ihre Dekoration zu sichern und Fernbedienungen, eine Duftkerze, eine kleine Pflanze und Rollschuhe zu organisieren. So entsteht ein nat\u00fcrlicher, eigenwilliger Look, der sich wirklich gekonnt gestylt anf\u00fchlt.<\/li>\n<li><strong>Das produktive B\u00fcro:\u00a0<\/strong>Steigern Sie Ihre Konzentration, indem Sie Ihren Arbeitsplatz entr\u00fcmpeln. Dieses Tablett hat die perfekte Gr\u00f6\u00dfe, um Stifte, Notizbl\u00f6cke, B\u00fcroklammern und andere Schreibtischprodukte zu ordnen, und hilft Ihnen, eine saubere und motivierende Atmosph\u00e4re zu schaffen, die die Produktivit\u00e4t f\u00f6rdert.<\/li>\n<\/ul>\n<h3 id=\"-embrace-a-life-of-stylish-order-\"><strong>Ein Leben in stilvoller Ordnung<\/strong><\/h3>\n<p>Dieses Acryl-Organisationstablett ist mehr als nur ein Gegenstand; es ist eine Verbesserung der Lebensweise. Es ist die einfache, sch\u00f6ne L\u00f6sung f\u00fcr das ewige Problem der Unordnung. Es ist eine finanzielle Investition in die Ruhe, ein Ausdruck pers\u00f6nlichen Designs und ein Zeugnis f\u00fcr das Konzept, dass sinnvolle Dinge sch\u00f6n sein k\u00f6nnen und sollten.<\/p>\n<p>W\u00e4hlen Sie die Farbe, die Sie anspricht, und entdecken Sie die transformative Kraft eines anspruchsvollen Unternehmens. Bringen Sie Harmonie in Ihre Arbeitsfl\u00e4chen, Qualit\u00e4t in Ihre Routinen und einen Hauch von innovativem Design in Ihren Alltag. Bestellen Sie noch heute Ihr eigenes Produkt und machen Sie sich auf die Reise zu einem besonders attraktiven und organisierten Zuhause.<\/p>","protected":false},"excerpt":{"rendered":"<p>Organisieren Sie stilvoll mit diesem modernen Acryltablett. Sein schlankes, langlebiges Design ist perfekt, um jede Arbeitsfl\u00e4che zu entr\u00fcmpeln. Verwenden Sie es in der K\u00fcche f\u00fcr Gew\u00fcrze, auf dem Waschtisch f\u00fcr Parf\u00fcm oder im Eingangsbereich f\u00fcr Schl\u00fcssel. Mit den eingebauten Griffen l\u00e4sst es sich leicht transportieren.<\/p>","protected":false},"featured_media":1306,"template":"","meta":{"_kad_post_transparent":"default","_kad_post_title":"","_kad_post_layout":"default","_kad_post_sidebar_id":"","_kad_post_content_style":"default","_kad_post_vertical_padding":"default","_kad_post_feature":"","_kad_post_feature_position":"","_kad_post_header":false,"_kad_post_footer":false,"_kad_post_classname":""},"product_brand":[],"product_cat":[22],"product_tag":[125],"class_list":{"0":"post-1304","1":"product","2":"type-product","3":"status-publish","4":"has-post-thumbnail","6":"product_cat-custom-acrylic-trays","7":"product_tag-acrylic-tray","9":"first","10":"instock","11":"shipping-taxable","12":"product-type-simple","13":"entry","14":"content-bg","15":"loop-entry"},"_links":{"self":[{"href":"https:\/\/customacrylicproduct.com\/de\/wp-json\/wp\/v2\/product\/1304","targetHints":{"allow":["GET"]}}],"collection":[{"href":"https:\/\/customacrylicproduct.com\/de\/wp-json\/wp\/v2\/product"}],"about":[{"href":"https:\/\/customacrylicproduct.com\/de\/wp-json\/wp\/v2\/types\/product"}],"wp:featuredmedia":[{"embeddable":true,"href":"https:\/\/customacrylicproduct.com\/de\/wp-json\/wp\/v2\/media\/1306"}],"wp:attachment":[{"href":"https:\/\/customacrylicproduct.com\/de\/wp-json\/wp\/v2\/media?parent=1304"}],"wp:term":[{"taxonomy":"product_brand","embeddable":true,"href":"https:\/\/customacrylicproduct.com\/de\/wp-json\/wp\/v2\/product_brand?post=1304"},{"taxonomy":"product_cat","embeddable":true,"href":"https:\/\/customacrylicproduct.com\/de\/wp-json\/wp\/v2\/product_cat?post=1304"},{"taxonomy":"product_tag","embeddable":true,"href":"https:\/\/customacrylicproduct.com\/de\/wp-json\/wp\/v2\/product_tag?post=1304"}],"curies":[{"name":"wp","href":"https:\/\/api.w.org\/{rel}","templated":true}]}}