{"id":1322,"date":"2025-07-20T07:18:12","date_gmt":"2025-07-20T07:18:12","guid":{"rendered":"https:\/\/customacrylicproduct.com\/?post_type=product&#038;p=1322"},"modified":"2025-07-20T07:18:12","modified_gmt":"2025-07-20T07:18:12","slug":"acrylic-watch-stand-watch-displays-clear-single-display","status":"publish","type":"product","link":"https:\/\/customacrylicproduct.com\/de\/acrylic-watch-stand-watch-displays-clear-single-display\/","title":{"rendered":"Acryl Uhrenst\u00e4nder Uhrendisplays Klar Einzeldisplay"},"content":{"rendered":"<h3 id=\"elevate-your-treasures-the-ultimate-crystal-clear-polymer-present-stands-for-watches-jewelry-and-collectibles\">Erh\u00f6hen Sie Ihre Sch\u00e4tze: Die ultimativen kristallklaren Polymer-Pr\u00e4sentst\u00e4nder f\u00fcr Uhren, Schmuck und Sammlerst\u00fccke<\/h3>\n<p>In einer Welt des visuellen Erz\u00e4hlens ist die Art und Weise, wie Sie Ihre wertvollsten Produkte pr\u00e4sentieren, genauso wichtig wie die Gegenst\u00e4nde selbst. Eine wunderbare Uhr, ein zerbrechliches Schmuckst\u00fcck oder ein wertvolles Sammlerst\u00fcck k\u00f6nnen ihre Wirkung verlieren, wenn sie flach hingelegt oder in einem unordentlichen Display versteckt werden. Was Sie brauchen, ist ein St\u00e4nder, der Prestige bietet, ohne abzulenken, eine B\u00fchne, die aufwertet, ohne zu \u00fcberw\u00e4ltigen. Wir stellen die Solid Polymer Show Blocks vor - das eindeutige Mittel, um jede Art von Gegenstand in ein Ausstellungsst\u00fcck in Museumsqualit\u00e4t zu verwandeln.<\/p>\n<p>Diese makellos klaren, stabilen Acrylst\u00e4nder sind die Verk\u00f6rperung von minimaler Eleganz. Sie wurden f\u00fcr Verk\u00e4ufer, Fotografen, Sammlungsagenturen und alle Personen mit einem Auge f\u00fcr anspruchsvolle Pr\u00e4sentationen entwickelt und erzeugen einen sensationellen \u201cschwebenden\u201d Effekt, der alle Aufmerksamkeit auf das zu ehrende Objekt lenkt. Ganz gleich, ob Sie ein hochwertiges Schaufenster einrichten, digitale Produktfotografie betreiben oder Ihre individuelle Sammlung in Ihrem Zuhause arrangieren, diese St\u00e4nder bieten die ordentliche, zeitgem\u00e4\u00dfe und vielseitige Grundlage, die Sie ben\u00f6tigen, um Ihre Produkte absolut zum Strahlen zu bringen.<\/p>\n<p><img fetchpriority=\"high\" decoding=\"async\" class=\"size-full wp-image-1325\" src=\"https:\/\/customacrylicproduct.com\/wp-content\/uploads\/2025\/07\/Acrylic-Watch-Stand-Watch-Displays-3.jpg\" alt=\"Acryl-Uhrenst\u00e4nder Uhrendisplays (3)\" width=\"800\" height=\"800\" srcset=\"https:\/\/customacrylicproduct.com\/wp-content\/uploads\/2025\/07\/Acrylic-Watch-Stand-Watch-Displays-3.jpg 800w, https:\/\/customacrylicproduct.com\/wp-content\/uploads\/2025\/07\/Acrylic-Watch-Stand-Watch-Displays-3-300x300.jpg 300w, https:\/\/customacrylicproduct.com\/wp-content\/uploads\/2025\/07\/Acrylic-Watch-Stand-Watch-Displays-3-150x150.jpg 150w, https:\/\/customacrylicproduct.com\/wp-content\/uploads\/2025\/07\/Acrylic-Watch-Stand-Watch-Displays-3-768x768.jpg 768w, https:\/\/customacrylicproduct.com\/wp-content\/uploads\/2025\/07\/Acrylic-Watch-Stand-Watch-Displays-3-600x600.jpg 600w, https:\/\/customacrylicproduct.com\/wp-content\/uploads\/2025\/07\/Acrylic-Watch-Stand-Watch-Displays-3-100x100.jpg 100w\" sizes=\"(max-width: 800px) 100vw, 800px\" \/><\/p>\n<h4 id=\"-unparalleled-quality-premium-craftsmanship-\"><strong>Un\u00fcbertroffene Qualit\u00e4t und erstklassige Handwerkskunst<\/strong><\/h4>\n<p>Das Herzst\u00fcck dieser Display-St\u00e4nder ist die herausragende Qualit\u00e4t des Materials. Jeder Block ist aus einem einzigen, massiven St\u00fcck kristallklaren Premium-Acryl gefertigt. Es handelt sich nicht um den hohlen, leichten Kunststoff, den Sie anderswo finden. Unsere St\u00e4nder sind signifikant, widerstandsf\u00e4hig und haben eine wundersch\u00f6ne, glas\u00e4hnliche Offenheit, die es dem Licht erm\u00f6glicht, durchzukommen und Ihre Produkte aus jedem Winkel zu beleuchten. Das Ergebnis ist ein brillanter, leuchtender Effekt, der die nat\u00fcrliche Sch\u00f6nheit, die detaillierten Details und die leuchtenden Farben der von Ihnen ausgew\u00e4hlten Produkte hervorhebt.<\/p>\n<p>Jeder Block wird einem gr\u00fcndlichen Veredelungsverfahren unterzogen, bei dem alle Kanten diamantgeschliffen werden. Diese Methode f\u00fchrt zu einer makellos glatten, nahtlosen und optisch reinen Oberfl\u00e4che, ohne scharfe Kanten oder tr\u00fcbe Flecken. Die veredelten Seiten fangen das Licht ein und brechen es auf wunderbare Weise und verleihen ihm einen raffinierten Schimmer, der zu einem der glamour\u00f6sesten Produkte passt, vom Glanz einer goldenen Uhr bis zum Feuer eines Diamantrings. Im Gegensatz zu Glas ist unser hochdichtes Polymer wesentlich bruchsicherer und leichter, was es zu einer sichereren und vern\u00fcnftigeren Wahl sowohl f\u00fcr gesch\u00e4ftige Einzelhandelsumgebungen als auch f\u00fcr Privathaushalte macht. Au\u00dferdem ist es UV-best\u00e4ndig und vergilbt daher nicht mit der Zeit, sondern beh\u00e4lt seine hervorragende Klarheit \u00fcber mehrere Jahre hinweg bei.<\/p>\n<p><img decoding=\"async\" class=\"size-full wp-image-1324\" src=\"https:\/\/customacrylicproduct.com\/wp-content\/uploads\/2025\/07\/Acrylic-Watch-Stand-Watch-Displays-2.jpg\" alt=\"Acryl Uhrenst\u00e4nder Uhrendisplays (2)\" width=\"800\" height=\"800\" srcset=\"https:\/\/customacrylicproduct.com\/wp-content\/uploads\/2025\/07\/Acrylic-Watch-Stand-Watch-Displays-2.jpg 800w, https:\/\/customacrylicproduct.com\/wp-content\/uploads\/2025\/07\/Acrylic-Watch-Stand-Watch-Displays-2-300x300.jpg 300w, https:\/\/customacrylicproduct.com\/wp-content\/uploads\/2025\/07\/Acrylic-Watch-Stand-Watch-Displays-2-150x150.jpg 150w, https:\/\/customacrylicproduct.com\/wp-content\/uploads\/2025\/07\/Acrylic-Watch-Stand-Watch-Displays-2-768x768.jpg 768w, https:\/\/customacrylicproduct.com\/wp-content\/uploads\/2025\/07\/Acrylic-Watch-Stand-Watch-Displays-2-600x600.jpg 600w, https:\/\/customacrylicproduct.com\/wp-content\/uploads\/2025\/07\/Acrylic-Watch-Stand-Watch-Displays-2-100x100.jpg 100w\" sizes=\"(max-width: 800px) 100vw, 800px\" \/><\/p>\n<h4 id=\"-a-masterclass-in-minimalist-layout-\"><strong>Ein Meisterkurs in minimalistischem Layout<\/strong><\/h4>\n<p>Die Ideologie hinter diesen Bl\u00f6cken ist einfach: wahre Sch\u00f6nheit ist unaufdringlich. Die klaren Linien und die geometrische Reinheit der W\u00fcrfel und der rechteckigen Setzstufen sind bewusst minimalistisch. Diese Stilrichtung sorgt daf\u00fcr, dass der St\u00e4nder nie zum Gegenstand wird. Stattdessen wird er zu einer unauff\u00e4lligen Struktur, die st\u00fctzt und aufwertet. Die Klarheit des St\u00e4nders l\u00e4sst ihn praktisch verschwinden und schafft eine \u00e4therische, schwebende Pr\u00e4sentation, die das Publikum in Erstaunen versetzt.<\/p>\n<p>Stellen Sie sich eine spektakul\u00e4re Chronographenuhr vor, wie die mit dem k\u00fchnen blauen Zifferblatt, die relativ in der Luft angehalten wird. Stellen Sie sich ein zartes Perlenarmband vor, dessen sanfter Glanz durch die aufger\u00e4umte, gl\u00e4nzende Oberfl\u00e4che darunter noch verst\u00e4rkt wird. Das ist die Kraft des minimalen Designs. Es befreit von jeglichem \u00e4sthetischen Rauschen, so dass die Handwerkskunst der Uhr, der Schimmer der Kostbarkeiten und die Kunstfertigkeit des Sammlerst\u00fccks in den Vordergrund r\u00fccken k\u00f6nnen. Der reflektierende Sockel des Blocks sorgt zus\u00e4tzlich f\u00fcr ein raffiniertes, elegantes Spiegelbild, das Ihrer Pr\u00e4sentation Tiefe und einen professionellen Touch verleiht.<\/p>\n<p><img decoding=\"async\" class=\"size-full wp-image-1323\" src=\"https:\/\/customacrylicproduct.com\/wp-content\/uploads\/2025\/07\/Acrylic-Watch-Stand-Watch-Displays-1.jpg\" alt=\"Acryl Uhrenst\u00e4nder Uhrendisplays (1)\" width=\"800\" height=\"800\" srcset=\"https:\/\/customacrylicproduct.com\/wp-content\/uploads\/2025\/07\/Acrylic-Watch-Stand-Watch-Displays-1.jpg 800w, https:\/\/customacrylicproduct.com\/wp-content\/uploads\/2025\/07\/Acrylic-Watch-Stand-Watch-Displays-1-300x300.jpg 300w, https:\/\/customacrylicproduct.com\/wp-content\/uploads\/2025\/07\/Acrylic-Watch-Stand-Watch-Displays-1-150x150.jpg 150w, https:\/\/customacrylicproduct.com\/wp-content\/uploads\/2025\/07\/Acrylic-Watch-Stand-Watch-Displays-1-768x768.jpg 768w, https:\/\/customacrylicproduct.com\/wp-content\/uploads\/2025\/07\/Acrylic-Watch-Stand-Watch-Displays-1-600x600.jpg 600w, https:\/\/customacrylicproduct.com\/wp-content\/uploads\/2025\/07\/Acrylic-Watch-Stand-Watch-Displays-1-100x100.jpg 100w\" sizes=\"(max-width: 800px) 100vw, 800px\" \/><\/p>\n<h4 id=\"-the-ultimate-display-remedy-unparalleled-convenience-\"><strong>Die ultimative Display-Abhilfe: Un\u00fcbertroffener Komfort<\/strong><\/h4>\n<p>Obwohl sie als Uhrenst\u00e4nder bezeichnet werden, sind ihrer Verwendung nur durch Ihre Fantasie Grenzen gesetzt. Die verschiedenen Formen und Gr\u00f6\u00dfen - von imposanten W\u00fcrfeln bis hin zu schlanken, unauff\u00e4lligen Steigern - machen diese Kollektion zu einem der vielseitigsten Display-Ger\u00e4te auf dem Markt.<\/p>\n<ul>\n<li><strong>F\u00fcr den Uhrmacher und Schmuckexperten:\u00a0<\/strong>Diese St\u00e4nder sind ein unverzichtbares Element f\u00fcr jede Art von Uhren- oder Modeschmuckpr\u00e4sentation. Die gr\u00f6\u00dferen W\u00fcrfel bieten eine k\u00fchne, maskuline Plattform f\u00fcr Deklarationsuhren, von robusten Tauchern bis hin zu stilvollen Kleidungsuhren. Die kleineren W\u00fcrfel und rechteckigen Steigb\u00fcgel sind perfekt f\u00fcr die Pr\u00e4sentation von zarten Damenuhren, komplizierten Armb\u00e4ndern, Verlobungsringen, Hochzeitsb\u00e4ndern und sogar kleinen Ohrringen. Wie auf den Bildern zu sehen ist, wird ein einzelner erh\u00f6hter Goldring zu einem Schmuckst\u00fcck, wenn er auf seiner eigenen makellosen Phase platziert wird, und eine Sammlung von Armb\u00e4ndern kann kunstvoll in mehreren Bl\u00f6cken aufgestellt werden.<\/li>\n<li><strong>F\u00fcr den spezialisierten Berufsfotografen:\u00a0<\/strong>Produzieren Sie ganz einfach magazintaugliche Produktfotos. Diese Acrylbl\u00f6cke sind der Freund des professionellen Fotografen, denn sie bieten eine saubere, neutrale und reflexionsfreundliche Oberfl\u00e4che, die die Nachbearbeitung zum Kinderspiel macht. Sie entfernen ablenkende Geschichten und erm\u00f6glichen es Ihnen, die Beleuchtung zu regulieren, um jedes Element und jede Information Ihres Produkts hervorzuheben. Verwenden Sie sie, um sichere, mehrstufige Pl\u00e4ne f\u00fcr Gruppenaufnahmen zu erstellen oder um ein einzelnes Hauptelement f\u00fcr einen bemerkenswerten Effekt zu trennen.<\/li>\n<li><strong>F\u00fcr eifrige Inkassob\u00fcros und Liebhaber:\u00a0<\/strong>Ihre Begeisterung sollte einen w\u00fcrdigen Rahmen haben. Heben Sie Ihre Sammlung von Mineralienproben, Bergungskristallen, antiken M\u00fcnzen, detaillierten Figuren oder vielleicht hochwertigen Kosmetika wie Parf\u00fcmflaschen und Lippenstifttuben auf. Die St\u00e4nder schirmen Ihre Dinge von Oberfl\u00e4chen ab und arrangieren sie gleichzeitig zu einer visuell spektakul\u00e4ren Galerie auf jedem Regal, Schreibtisch oder Vitrinenschrank.<\/li>\n<li><strong>F\u00fcr herausragende Leistungen im Einzelhandel und in der Industrie:\u00a0<\/strong>In einer erschwinglichen Einzelhandelslandschaft ist die Pr\u00e4sentation das A und O. Verwenden Sie diese Bl\u00f6cke, um aufregende Schaufenster zu gestalten, eine visuelle Hierarchie in einer Glasvitrine zu entwickeln oder enthaltene Artikel auf einer K\u00fcchentheke hervorzuheben. Sie werten Ihr Produkt sofort auf, ziehen Kunden an und verwandeln sie in Kunden. Sie sind ein unverzichtbares Hilfsmittel f\u00fcr Ausstellungen, Handwerksmessen und Pop-up-L\u00e4den, bei denen es auf einen soliden ersten Eindruck ankommt.<\/li>\n<\/ul>\n<h4 id=\"-curate-your-vision-mix-suit-and-mesmerize-\"><strong>Kuratieren Sie Ihre Vision: Mischen, anziehen und verzaubern<\/strong><\/h4>\n<p>Die wahre St\u00e4rke dieser Kollektion liegt in ihrer Modularit\u00e4t. Die Bilder zeigen Sets in verschiedenen Gr\u00f6\u00dfen, die es Ihnen erm\u00f6glichen, Ihren eigenen Raum zu gestalten. Verwenden Sie einen einzelnen, gro\u00dfen Block als mutigen Mittelpunkt. Stellen Sie eine Sammlung von Setzstufen auf, um das Auge auf eine visuelle Reise zu f\u00fchren. Oder stapeln Sie die rechteckigen Steigrohre, um lebendige, mehrstufige Bildschirme zu schaffen, die Ihrer Einrichtung Tiefe und bauliches Interesse verleihen.<\/p>\n<p>Mit diesem System k\u00f6nnen Sie eine koh\u00e4rente und dennoch lebendige Pr\u00e4sentation entwickeln. Sie k\u00f6nnen Produkte f\u00fcr den privaten Gebrauch unterteilen oder sie in thematischen Sammlungen zusammenfassen. In Ihrem Zuhause k\u00f6nnen Sie Ihren Schrank oder Ihre Kommode so organisieren, dass jedes Ihrer bevorzugten Ger\u00e4te seinen ganz eigenen Platz hat. In einem Gesch\u00e4ft k\u00f6nnen Sie Ihre Auslage in Minutenschnelle umgestalten, so dass Ihr Gesch\u00e4ft frisch, beeindruckend und professionell bleibt.<\/p>\n<p>Geben Sie Ihren wertvollsten und n\u00fctzlichsten Dingen das Rampenlicht, das sie verdienen. Verlassen Sie die blo\u00dfe Aufbewahrung und akzeptieren Sie die Kunst der Diskussion.<\/p>\n<p><strong>Bestellen Sie noch heute ein Set von Pr\u00e4sentationsst\u00e4ndern aus massivem, klarem Acrylglas und verwandeln Sie Ihren Bildschirm von einem gew\u00f6hnlichen in einen au\u00dfergew\u00f6hnlichen.<\/strong><\/p>","protected":false},"excerpt":{"rendered":"<p class=\"ng-star-inserted\"><span class=\"ng-star-inserted\">Geben Sie Ihren Uhren und Ihrem Schmuck mit diesen kristallklaren Acrylbl\u00f6cken den Platz, den sie verdienen. Das solide, polierte Design bietet ein elegantes und modernes Schaufenster f\u00fcr Ihre Sammlung. Sie sind in verschiedenen Gr\u00f6\u00dfen erh\u00e4ltlich und erzeugen einen eleganten, schwebenden Effekt, der Ihre Lieblingsst\u00fccke zum Mittelpunkt der Aufmerksamkeit macht.<\/span><\/p>","protected":false},"featured_media":1324,"template":"","meta":{"_kad_post_transparent":"default","_kad_post_title":"","_kad_post_layout":"default","_kad_post_sidebar_id":"","_kad_post_content_style":"default","_kad_post_vertical_padding":"default","_kad_post_feature":"","_kad_post_feature_position":"","_kad_post_header":false,"_kad_post_footer":false,"_kad_post_classname":""},"product_brand":[],"product_cat":[15],"product_tag":[138],"class_list":{"0":"post-1322","1":"product","2":"type-product","3":"status-publish","4":"has-post-thumbnail","6":"product_cat-custom-acrylic-displays","7":"product_tag-acrylic-watch-stand-watch-displays","9":"first","10":"instock","11":"shipping-taxable","12":"product-type-simple","13":"entry","14":"content-bg","15":"loop-entry"},"_links":{"self":[{"href":"https:\/\/customacrylicproduct.com\/de\/wp-json\/wp\/v2\/product\/1322","targetHints":{"allow":["GET"]}}],"collection":[{"href":"https:\/\/customacrylicproduct.com\/de\/wp-json\/wp\/v2\/product"}],"about":[{"href":"https:\/\/customacrylicproduct.com\/de\/wp-json\/wp\/v2\/types\/product"}],"wp:featuredmedia":[{"embeddable":true,"href":"https:\/\/customacrylicproduct.com\/de\/wp-json\/wp\/v2\/media\/1324"}],"wp:attachment":[{"href":"https:\/\/customacrylicproduct.com\/de\/wp-json\/wp\/v2\/media?parent=1322"}],"wp:term":[{"taxonomy":"product_brand","embeddable":true,"href":"https:\/\/customacrylicproduct.com\/de\/wp-json\/wp\/v2\/product_brand?post=1322"},{"taxonomy":"product_cat","embeddable":true,"href":"https:\/\/customacrylicproduct.com\/de\/wp-json\/wp\/v2\/product_cat?post=1322"},{"taxonomy":"product_tag","embeddable":true,"href":"https:\/\/customacrylicproduct.com\/de\/wp-json\/wp\/v2\/product_tag?post=1322"}],"curies":[{"name":"wp","href":"https:\/\/api.w.org\/{rel}","templated":true}]}}