{"id":1326,"date":"2025-07-20T07:31:04","date_gmt":"2025-07-20T07:31:04","guid":{"rendered":"https:\/\/customacrylicproduct.com\/?post_type=product&#038;p=1326"},"modified":"2025-07-20T07:31:04","modified_gmt":"2025-07-20T07:31:04","slug":"acrylic-trophy-contest-award-halloween-costume-awards","status":"publish","type":"product","link":"https:\/\/customacrylicproduct.com\/de\/acrylic-trophy-contest-award-halloween-costume-awards\/","title":{"rendered":"Acryl-Troph\u00e4e Wettbewerb Award Halloween-Kost\u00fcm Auszeichnungen"},"content":{"rendered":"<h3 id=\"crown-your-champions-of-enjoyable-the-ultimate-polymer-trophies-for-unforgettable-halloween-christmas-parties\">Kr\u00f6nen Sie Ihre Champions des Vergn\u00fcgens: Die ultimativen Polymer-Troph\u00e4en f\u00fcr unvergessliche Halloween- und Weihnachtspartys<\/h3>\n<p>Jedes Jahr wird die Vorfreude gr\u00f6\u00dfer. Kleiderschr\u00e4nke werden gepl\u00fcndert, selbstklebende Waffen werden entladen, und die Fantasie wird bis an ihre Grenzen gebracht. Wof\u00fcr? F\u00fcr diese eine glorreiche Nacht der Ereignisse, in der die kreative Fantasie die Oberhand gewinnt. Egal, ob es sich um die gruselige Kreativit\u00e4t eines Halloween-Kost\u00fcms oder die augenzwinkernde Geschmacklosigkeit eines Ugly Xmas Sweaters handelt, diese Initiativen verdienen mehr als nur eine Runde Lob. Sie sollten gew\u00fcrdigt werden.<\/p>\n<p>Die beste Belohnung f\u00fcr Ihre festlichen Wettbewerbe: die\u00a0<strong>Polymerpreis-Wettbewerb Ehrensammlung\u00a0<\/strong>. Das sind keine durchschnittlichen, leichtgewichtigen Festtagsgeschenke. Dies sind signifikante, pr\u00e4chtig gestaltete Erinnerungsst\u00fccke, die gemacht wurden, um echte Champions des Urlaubsgeistes zu ehren. Mit engagierten Sets f\u00fcr Halloween-Outfit-Wettbewerbe und Ugly Christmas Coat face-offs, diese Troph\u00e4en verwandeln Ihre Feier freundliche Konkurrenten in ein fabelhaftes Ereignis, so dass Ihre Champions mit einem gl\u00e4nzenden Andenken, das sie geehrt werden, um f\u00fcr viele Jahre vor.<\/p>\n<p><img fetchpriority=\"high\" decoding=\"async\" class=\"aligncenter wp-image-1329 size-large\" src=\"https:\/\/customacrylicproduct.com\/wp-content\/uploads\/2025\/07\/Acrylic-Trophy-3-1024x1024.jpg\" alt=\"Acryl-Troph\u00e4e (3)\" width=\"1024\" height=\"1024\" srcset=\"https:\/\/customacrylicproduct.com\/wp-content\/uploads\/2025\/07\/Acrylic-Trophy-3-1024x1024.jpg 1024w, https:\/\/customacrylicproduct.com\/wp-content\/uploads\/2025\/07\/Acrylic-Trophy-3-300x300.jpg 300w, https:\/\/customacrylicproduct.com\/wp-content\/uploads\/2025\/07\/Acrylic-Trophy-3-150x150.jpg 150w, https:\/\/customacrylicproduct.com\/wp-content\/uploads\/2025\/07\/Acrylic-Trophy-3-768x768.jpg 768w, https:\/\/customacrylicproduct.com\/wp-content\/uploads\/2025\/07\/Acrylic-Trophy-3-600x600.jpg 600w, https:\/\/customacrylicproduct.com\/wp-content\/uploads\/2025\/07\/Acrylic-Trophy-3-100x100.jpg 100w, https:\/\/customacrylicproduct.com\/wp-content\/uploads\/2025\/07\/Acrylic-Trophy-3.jpg 1386w\" sizes=\"(max-width: 1024px) 100vw, 1024px\" \/><\/p>\n<h4 id=\"-a-new-requirement-for-event-prizes-high-quality-you-can-see-and-feel-\"><strong>Eine neue Anforderung an Event-Preise: Hohe Qualit\u00e4t, die man sehen und f\u00fchlen kann<\/strong><\/h4>\n<p>Vergessen Sie Einwegschleifen oder gew\u00f6hnliche Urkunden. Diese Auszeichnungen sind so gestaltet, dass sie beeindrucken. Jeder Preis ist aus dickem, hochwertigem, kristallklarem Acryl gefertigt, das ihm ein betr\u00e4chtliches Gewicht und ein atemberaubendes, glas\u00e4hnliches Aussehen verleiht, ohne dabei zerbrechlich zu sein. Die spezielle achteckige Form ist pr\u00e4zisionsgeschliffen mit gl\u00e4nzenden, diamantgeschliffenen Facetten, die das Licht einfangen und brechen und jedem Bildschirm einen Hauch von Glanz verleihen.<\/p>\n<p>Sobald Ihr Gewinner einen dieser Preise in der Hand h\u00e4lt, wird er wissen, dass es sich um etwas Einzigartiges handelt. Er f\u00fchlt sich schick und stark an - ein echtes Zeugnis f\u00fcr den Sieg. Die glatte, makellose Oberfl\u00e4che bietet die ideale Leinwand f\u00fcr die lebendigen, hochaufl\u00f6senden Grafiken, die mit bemerkenswerter Klarheit und Detailgenauigkeit gedruckt werden. Die Motive sind im Acryl versiegelt, so dass sie niemals abbl\u00e4ttern, verblassen oder abkratzen werden. Diese Troph\u00e4en sind langlebig und erinnern langfristig an eine Nacht voller Lachen, kreativem Denken und Spa\u00df.<\/p>\n<p><img decoding=\"async\" class=\"aligncenter wp-image-1330 size-large\" src=\"https:\/\/customacrylicproduct.com\/wp-content\/uploads\/2025\/07\/Acrylic-Trophy-4-1024x1024.jpg\" alt=\"Acryl-Troph\u00e4e (4)\" width=\"1024\" height=\"1024\" srcset=\"https:\/\/customacrylicproduct.com\/wp-content\/uploads\/2025\/07\/Acrylic-Trophy-4-1024x1024.jpg 1024w, https:\/\/customacrylicproduct.com\/wp-content\/uploads\/2025\/07\/Acrylic-Trophy-4-300x300.jpg 300w, https:\/\/customacrylicproduct.com\/wp-content\/uploads\/2025\/07\/Acrylic-Trophy-4-150x150.jpg 150w, https:\/\/customacrylicproduct.com\/wp-content\/uploads\/2025\/07\/Acrylic-Trophy-4-768x768.jpg 768w, https:\/\/customacrylicproduct.com\/wp-content\/uploads\/2025\/07\/Acrylic-Trophy-4-600x600.jpg 600w, https:\/\/customacrylicproduct.com\/wp-content\/uploads\/2025\/07\/Acrylic-Trophy-4-100x100.jpg 100w, https:\/\/customacrylicproduct.com\/wp-content\/uploads\/2025\/07\/Acrylic-Trophy-4.jpg 1427w\" sizes=\"(max-width: 1024px) 100vw, 1024px\" \/><\/p>\n<p>-.<\/p>\n<h4 id=\"-spooktacular-formality-the-halloween-costume-contest-honors-\"><strong>Spooktakul\u00e4re Formalit\u00e4t: Der Halloween-Kost\u00fcmwettbewerb ehrt<\/strong><\/h4>\n<p>Halloween ist der Gipfel der Kost\u00fcmvirtuosit\u00e4t. Von schaurig-praktisch bis fr\u00f6hlich-schlau - Ihre G\u00e4ste stecken ihr Herzblut in ihre Entwicklungen. Jetzt k\u00f6nnen Sie ihnen die Anerkennung geben, nach der sie sich sehnen, mit unserem Set von gruselig-spa\u00dfigen Ehrungen zum Thema Skelett. Das temperamentvolle und doch ausgefeilte Design, einschlie\u00dflich eines charismatischen Animations-Skeletts, das enthusiastisch gr\u00fcnes Licht gibt, schafft ein exzellentes Gleichgewicht zwischen gruselig und unterhaltsam und eignet sich daher f\u00fcr jede Art von Veranstaltungsumgebung.<\/p>\n<p>Diese Sammlung enth\u00e4lt Auszeichnungen f\u00fcr alle Arten von kreativen Genies:.<\/p>\n<ul>\n<li><strong>Bestes Kost\u00fcm:\u00a0<\/strong>Der gro\u00dfe Preis! F\u00fcr das eine Kost\u00fcm, das perfekt ausgef\u00fchrt, atemberaubend originell und einfach bemerkenswert war.<\/li>\n<li><strong>Das furchterregendste Kost\u00fcm:\u00a0<\/strong>F\u00fcr die Entwicklung, die den Besuchern einen Schauer \u00fcber den R\u00fccken jagt und sie erschaudern l\u00e4sst. Diese Auszeichnung ehrt den Meister des Gruselns in Ihrer Mitte.<\/li>\n<li><strong>Das verr\u00fcckteste Kost\u00fcm:\u00a0<\/strong>Kichern ist an sich schon ein Preis, aber dieser Preis ist f\u00fcr die Person, deren Kost\u00fcm eine wandelnde Pointe war, ein kreatives Wortspiel oder einfach nur hysterisch.<\/li>\n<li><strong>Bestes Outfit f\u00fcr Paare:\u00a0<\/strong>Wir feiern die Synergie und den Einfallsreichtum von 2! Diese Auszeichnung geht an das dynamische Duo, dessen Outfits perfekt aufeinander abgestimmt und wunderbar konzipiert sind.<\/li>\n<\/ul>\n<p>Denken Sie an den Spa\u00df, den die Preisverleihung am Ende des Abends macht. Wenn Sie die Gewinner bekannt geben, \u00fcberreichen Sie ihnen nicht einfach nur eine Belohnung, sondern einen Titel und ein konkretes Zeichen f\u00fcr ihre herausragende Leistung an Halloween.<\/p>\n<p><img decoding=\"async\" class=\"aligncenter wp-image-1327 size-large\" src=\"https:\/\/customacrylicproduct.com\/wp-content\/uploads\/2025\/07\/Acrylic-Trophy-1-1024x1024.jpg\" alt=\"Acryl-Troph\u00e4e (1)\" width=\"1024\" height=\"1024\" srcset=\"https:\/\/customacrylicproduct.com\/wp-content\/uploads\/2025\/07\/Acrylic-Trophy-1-1024x1024.jpg 1024w, https:\/\/customacrylicproduct.com\/wp-content\/uploads\/2025\/07\/Acrylic-Trophy-1-300x300.jpg 300w, https:\/\/customacrylicproduct.com\/wp-content\/uploads\/2025\/07\/Acrylic-Trophy-1-150x150.jpg 150w, https:\/\/customacrylicproduct.com\/wp-content\/uploads\/2025\/07\/Acrylic-Trophy-1-768x768.jpg 768w, https:\/\/customacrylicproduct.com\/wp-content\/uploads\/2025\/07\/Acrylic-Trophy-1-600x600.jpg 600w, https:\/\/customacrylicproduct.com\/wp-content\/uploads\/2025\/07\/Acrylic-Trophy-1-100x100.jpg 100w, https:\/\/customacrylicproduct.com\/wp-content\/uploads\/2025\/07\/Acrylic-Trophy-1.jpg 1500w\" sizes=\"(max-width: 1024px) 100vw, 1024px\" \/><\/p>\n<p>-.<\/p>\n<h4 id=\"-commemorate-stylishly-the-ugly-christmas-sweatshirt-honors-\"><strong>Erinnern Sie sich stilvoll: Das h\u00e4ssliche Weihnachtssweatshirt ehrt<\/strong><\/h4>\n<p>Das Fest der h\u00e4sslichen Weihnachtsm\u00e4ntel hat sich zu einer wertvollen Feiertagstradition entwickelt, zu einem reizvollen Ungehorsam gegen die formelle Festtagskleidung. Es ist ein Fest der H\u00e4sslichen, der Geschmacklosen und der herrlich Grellen. Unsere Ugly-Christmas-Sweater-Preis-Kollektion f\u00e4ngt diesen Geist mit lebhaften, fr\u00f6hlichen Styles ein, die einen schillernden Goldbecher und fr\u00f6hlich-schreckliche Mantel-Illustrationen zeigen.<\/p>\n<p>Machen Sie Ihren Sweatshirt-Showdown zu einem offiziellen Wettbewerb mit einer Vielzahl von Gruppen, um sicherzustellen, dass jeder seine ganz eigene Art von H\u00e4sslichkeit zum Ausdruck bringen kann.<\/p>\n<ul>\n<li><strong>Der h\u00e4sslichste Pullover:\u00a0<\/strong>Einer der begehrtesten (und am meisten gef\u00fcrchteten) Titel. F\u00fcr den Mantel, der ein wahrer Angriff auf die Sinne ist - ein Kunstwerk von schlechter Pr\u00e4ferenz.<\/li>\n<li><strong>Viele fr\u00f6hliche Mantel:\u00a0<\/strong>Diejenigen, die nicht einfach nur einen Pullover angezogen haben, trugen den ganzen Feiertag \u00fcber Stroboskoplichter, Lametta und vielleicht sogar ein oder zwei Jingle Bells.<\/li>\n<li><strong>Eine Menge innovativer Sweatshirts:\u00a0<\/strong>Diese Auszeichnung geht an den Do-it-yourself-Enthusiasten, der ein absolut originelles und pfiffiges Layout entworfen hat, das einen einfachen, im Laden gekauften Pullover \u00fcbertrifft.<\/li>\n<li><strong>Der klebrigste Pullover:\u00a0<\/strong>Dieser Preis ist ein enger Verwandter des Preises \u201cDer H\u00e4sslichste\u201d und erinnert an den Pullover, der sich \u00fcber jede noch so knallige Troph\u00e4e freut, die es im Urlaub gibt.<\/li>\n<li><strong>Finest Couple Pullover:\u00a0<\/strong>F\u00fcr das Paar, das bewiesen hat, dass 2 furchtbare M\u00e4ntel viel besser sind als einer. Dies ist der Preis f\u00fcr das am besten koordinierte, l\u00e4cherlichste Paar-Set.<\/li>\n<li><strong>Ideales klassisches Sweatshirt:\u00a0<\/strong>Eine Hommage an die Klassiker! Dieser Preis ist f\u00fcr die Person bestimmt, die einen echten, jahrzehntealten Schatz des gestrickten Grauens aus einem Second-Hand-Laden oder dem Schrank eines Vorfahren ausgegraben hat.<\/li>\n<\/ul>\n<p>Diese Troph\u00e4en bilden einen am\u00fcsanten und offiziellen Rahmen f\u00fcr Ihre Party. Die Besucher werden um Stimmen werben, ihre blinkenden Lichter und h\u00e4ngenden Ornamente zur Schau stellen und mit Spannung auf das endg\u00fcltige Urteil warten. Der Sieger erh\u00e4lt die ultimativen B\u00fcrgerrechte und eine tolle Troph\u00e4e, die er jedes Jahr zusammen mit seiner Weihnachtsdekoration pr\u00e4sentieren kann.<\/p>\n<h4 id=\"-more-than-a-prize-it-s-a-valued-keepsake-\"><strong>Mehr als ein Preis, es ist ein wertvolles Andenken<\/strong><\/h4>\n<p>Das Beste an diesen Acrylpreisen ist ihre Lebensdauer nach der Veranstaltung. Im Gegensatz zu einem Beh\u00e4lter mit einem Glas Wein, der an einem Abend weg ist, sind diese Preise daf\u00fcr gedacht, gezeigt zu werden. Ihr freistehendes, sicheres Layout erlaubt es ihnen, vollst\u00e4ndig auf einem Schreibtisch, einem B\u00fccherregal, einem Kaminsims oder in einem Ausstellungsschrank zu stehen.<\/p>\n<p>F\u00fcr den Gewinner ist es ein wunderbarer Gespr\u00e4chsanlass. Wenn die G\u00e4ste den strahlenden Preis f\u00fcr das \u201cfurchterregendste Outfit\u201d auf dem Bildschirm sehen, wird eine Geschichte \u00fcber das beeindruckende Halloween-Fest erz\u00e4hlt. Der Preis f\u00fcr den \u201ch\u00e4sslichsten Pullover\u201d ist ein Running Gag und ein Zufriedenheitsfaktor f\u00fcr jeden Feiertag. Es ist eine physische Manifestation einer lustigen Erinnerung, ein Mittel, um das Lachen und die Kameradschaft eines einzigartigen Ereignisses wieder zu erleben.<\/p>\n<h4 id=\"-perfect-for-any-kind-of-event-\"><strong>Perfekt f\u00fcr jede Art von Veranstaltung<\/strong><\/h4>\n<p>Obwohl sie f\u00fcr Hauspartys entwickelt wurden, eignen sich diese Troph\u00e4en aufgrund ihrer besonderen Qualit\u00e4t f\u00fcr eine Vielzahl von Anl\u00e4ssen:.<\/p>\n<ul>\n<li><strong>B\u00fcroveranstaltungen:\u00a0<\/strong>Steigern Sie die Arbeitsmoral und motivieren Sie zur Teilnahme an Firmenurlaubsveranstaltungen.<\/li>\n<li><strong>College-Funktionen:\u00a0<\/strong>Eine sichere und unterhaltsame Belohnung f\u00fcr Feiern im Klassenzimmer oder schulweite Kost\u00fcmfeste.<\/li>\n<li><strong>Veranstaltungen und Benefizveranstaltungen in der Nachbarschaft:\u00a0<\/strong>Verleihen Sie Wettbewerben und Festen in der Nachbarschaft eine fachkundige und fr\u00f6hliche Note.<\/li>\n<li><strong>Nachtclubs und Restaurants:\u00a0<\/strong>Veranstalten Sie einen \u00f6ffentlichen Outfit- oder Pullover-Wettbewerb und locken Sie Gruppen mit dem Versprechen einer hochwertigen, einzigartigen Belohnung.<\/li>\n<\/ul>\n<p>H\u00f6ren Sie auf, Wegwerfbelohnungen f\u00fcr denkw\u00fcrdige Leistungen anzubieten. Werten Sie Ihre n\u00e4chste Feier auf, l\u00f6sen Sie angenehme Konkurrenz aus und schaffen Sie bleibende Erinnerungen.<\/p>\n<p><strong>Bestellen Sie noch heute Ihre Polymer Trophy Contest Honors und bereiten Sie sich darauf vor, die meistdiskutierte Veranstaltung der Saison auszurichten!<\/strong><\/p>","protected":false},"excerpt":{"rendered":"<p class=\"ng-star-inserted\"><span class=\"ng-star-inserted\">Kr\u00f6nen Sie die Gewinner Ihrer Halloween- und Weihnachtsparty mit diesen lustigen Acryltroph\u00e4en! Jeder Preis ist perfekt f\u00fcr Kost\u00fcmwettbewerbe und Wettbewerbe mit h\u00e4sslichen Pullovern geeignet und mit lebhaften, festlichen Grafiken versehen. Langlebig und wundersch\u00f6n gestaltet, sind sie ein denkw\u00fcrdiger Preis und ein lustiges Andenken f\u00fcr jeden festlichen Showdown.<\/span><\/p>","protected":false},"featured_media":1329,"template":"","meta":{"_kad_post_transparent":"default","_kad_post_title":"","_kad_post_layout":"default","_kad_post_sidebar_id":"","_kad_post_content_style":"default","_kad_post_vertical_padding":"default","_kad_post_feature":"","_kad_post_feature_position":"","_kad_post_header":false,"_kad_post_footer":false,"_kad_post_classname":""},"product_brand":[],"product_cat":[19],"product_tag":[136],"class_list":{"0":"post-1326","1":"product","2":"type-product","3":"status-publish","4":"has-post-thumbnail","6":"product_cat-custom-acrylic-trophies-awards","7":"product_tag-custom-acrylic-trophy","9":"first","10":"instock","11":"shipping-taxable","12":"product-type-simple","13":"entry","14":"content-bg","15":"loop-entry"},"_links":{"self":[{"href":"https:\/\/customacrylicproduct.com\/de\/wp-json\/wp\/v2\/product\/1326","targetHints":{"allow":["GET"]}}],"collection":[{"href":"https:\/\/customacrylicproduct.com\/de\/wp-json\/wp\/v2\/product"}],"about":[{"href":"https:\/\/customacrylicproduct.com\/de\/wp-json\/wp\/v2\/types\/product"}],"wp:featuredmedia":[{"embeddable":true,"href":"https:\/\/customacrylicproduct.com\/de\/wp-json\/wp\/v2\/media\/1329"}],"wp:attachment":[{"href":"https:\/\/customacrylicproduct.com\/de\/wp-json\/wp\/v2\/media?parent=1326"}],"wp:term":[{"taxonomy":"product_brand","embeddable":true,"href":"https:\/\/customacrylicproduct.com\/de\/wp-json\/wp\/v2\/product_brand?post=1326"},{"taxonomy":"product_cat","embeddable":true,"href":"https:\/\/customacrylicproduct.com\/de\/wp-json\/wp\/v2\/product_cat?post=1326"},{"taxonomy":"product_tag","embeddable":true,"href":"https:\/\/customacrylicproduct.com\/de\/wp-json\/wp\/v2\/product_tag?post=1326"}],"curies":[{"name":"wp","href":"https:\/\/api.w.org\/{rel}","templated":true}]}}