{"id":1346,"date":"2025-07-20T08:32:25","date_gmt":"2025-07-20T08:32:25","guid":{"rendered":"https:\/\/customacrylicproduct.com\/?post_type=product&#038;p=1346"},"modified":"2025-07-20T08:32:25","modified_gmt":"2025-07-20T08:32:25","slug":"custom-acrylic-high-quality-gold-embossed-metal-tag","status":"publish","type":"product","link":"https:\/\/customacrylicproduct.com\/de\/custom-acrylic-high-quality-gold-embossed-metal-tag\/","title":{"rendered":"Benutzerdefinierte Acryl hohe Qualit\u00e4t Gold gepr\u00e4gte Metall-Tag"},"content":{"rendered":"<h3 id=\"elevate-your-brand-perfect-your-gift-the-ultimate-custom-high-quality-gold-metal-tag\">Heben Sie Ihre Marke hervor, perfektionieren Sie Ihr Geschenk: Das ultimative benutzerdefinierte, hochqualitative Goldmetallschild<\/h3>\n<p>In einer Welt der Massenproduktion spricht eine individuelle Note B\u00e4nde. Es ist der letzte Kick, das Markenzeichen auf einem Kunstwerk, die ruhige Erkl\u00e4rung der hohen Qualit\u00e4t, die einen Gegenstand, ein Geschenk oder eine Produktion von anderen unterscheidet. Wir stellen Ihnen den ultimativen Service f\u00fcr Marken und Menschen vor, die auf der Suche nach diesem unvergleichlichen Zeichen der Unterscheidung sind: unsere individuell gestalteten Edelstahl-Etiketten aus Gold. Es handelt sich dabei nicht um einfache Etiketten, sondern um kleine Meisterwerke, die Ihre Vision verk\u00f6rpern und Ihre Produktionen von durchschnittlich zu unvergesslich machen.<\/p>\n<p>Ganz gleich, ob Sie ein Designer sind, der seine neueste Kollektion mit einem Markenzeichen versieht, ein Kunsthandwerker, der einen handgefertigten Schatz individualisiert, oder ein Einzelner, der ein wirklich individuelles und dauerhaftes Geschenk sucht - unsere personalisierten Anh\u00e4nger bieten eine greifbare Verbindung zu Spitzenqualit\u00e4t, Behandlung und Identifikation.<\/p>\n<p><img fetchpriority=\"high\" decoding=\"async\" class=\"size-full wp-image-1349\" src=\"https:\/\/customacrylicproduct.com\/wp-content\/uploads\/2025\/07\/Custom-Acrylic-Sign-3.jpg\" alt=\"Individuelles Acrylschild (3)\" width=\"800\" height=\"800\" srcset=\"https:\/\/customacrylicproduct.com\/wp-content\/uploads\/2025\/07\/Custom-Acrylic-Sign-3.jpg 800w, https:\/\/customacrylicproduct.com\/wp-content\/uploads\/2025\/07\/Custom-Acrylic-Sign-3-300x300.jpg 300w, https:\/\/customacrylicproduct.com\/wp-content\/uploads\/2025\/07\/Custom-Acrylic-Sign-3-150x150.jpg 150w, https:\/\/customacrylicproduct.com\/wp-content\/uploads\/2025\/07\/Custom-Acrylic-Sign-3-768x768.jpg 768w, https:\/\/customacrylicproduct.com\/wp-content\/uploads\/2025\/07\/Custom-Acrylic-Sign-3-600x600.jpg 600w, https:\/\/customacrylicproduct.com\/wp-content\/uploads\/2025\/07\/Custom-Acrylic-Sign-3-100x100.jpg 100w\" sizes=\"(max-width: 800px) 100vw, 800px\" \/><\/p>\n<h4 id=\"the-essence-of-unmatched-quality\">Die Essenz der un\u00fcbertroffenen Qualit\u00e4t<\/h4>\n<p>Das Herzst\u00fcck unserer Artikel ist die konsequente Ausrichtung auf hochwertige Materialien und Verarbeitung. Jeder Anh\u00e4nger wird aus hochwertigem Stahl geschmiedet, der sich durch seine Haptik, seine beeindruckende Z\u00e4higkeit und seinen brillanten Glanz auszeichnet. Die strahlende Goldoberfl\u00e4che, die in raffinierten, geb\u00fcrsteten oder sogar verst\u00e4rkten Goldt\u00f6nen erh\u00e4ltlich ist, ist keine einfache Abdeckung, sondern eine tiefe, dauerhafte Schicht, die dem Anlaufen und dem Gebrauch standh\u00e4lt. Das trendige, glatte Gewicht des Stahls in Ihrer Hand ist ein unmittelbares Zeichen f\u00fcr seine Kostbarkeit - eine stille Garantie f\u00fcr die Qualit\u00e4t des Produkts, das es schm\u00fcckt.<\/p>\n<p>Unser ausgekl\u00fcgeltes Produktionsverfahren erm\u00f6glicht ein Ma\u00df an Genauigkeit, das auch die aufw\u00e4ndigsten Layouts zum Leben erweckt. Von den klaren, aufger\u00e4umten Linien eines modernen Logodesigns bis hin zu den zarten Wirbeln eines handgeschriebenen Namens wird jede Information mit makelloser Genauigkeit hergestellt. Hier wird Ihre Markenidentit\u00e4t oder individuelle Botschaft direkt in ein physisches, langlebiges Emblem verwandelt.<\/p>\n<p><img decoding=\"async\" class=\"size-full wp-image-1348\" src=\"https:\/\/customacrylicproduct.com\/wp-content\/uploads\/2025\/07\/Custom-Acrylic-Sign-2.jpg\" alt=\"Individuelles Acrylschild (2)\" width=\"800\" height=\"800\" srcset=\"https:\/\/customacrylicproduct.com\/wp-content\/uploads\/2025\/07\/Custom-Acrylic-Sign-2.jpg 800w, https:\/\/customacrylicproduct.com\/wp-content\/uploads\/2025\/07\/Custom-Acrylic-Sign-2-300x300.jpg 300w, https:\/\/customacrylicproduct.com\/wp-content\/uploads\/2025\/07\/Custom-Acrylic-Sign-2-150x150.jpg 150w, https:\/\/customacrylicproduct.com\/wp-content\/uploads\/2025\/07\/Custom-Acrylic-Sign-2-768x768.jpg 768w, https:\/\/customacrylicproduct.com\/wp-content\/uploads\/2025\/07\/Custom-Acrylic-Sign-2-600x600.jpg 600w, https:\/\/customacrylicproduct.com\/wp-content\/uploads\/2025\/07\/Custom-Acrylic-Sign-2-100x100.jpg 100w\" sizes=\"(max-width: 800px) 100vw, 800px\" \/><\/p>\n<h4 id=\"a-canvas-for-your-creativity-three-designs-of-expression\">Eine Leinwand f\u00fcr Ihre Kreativit\u00e4t: Drei Designs des Ausdrucks<\/h4>\n<p>Der Reiz unserer individuell gestalteten Anh\u00e4nger liegt in ihrer Vielseitigkeit. Wir wissen, dass jede Marke und jedes Geschenk seine ganz eigene Geschichte zu erz\u00e4hlen hat. Um Ihnen dabei zu helfen, sie perfekt zu erz\u00e4hlen, bieten wir eine Reihe von Personalisierungsstilen an, jeder mit seinem ganz eigenen Charakter, der durch unsere Beispiele perfekt illustriert wird.<\/p>\n<p><img decoding=\"async\" class=\"size-full wp-image-1347\" src=\"https:\/\/customacrylicproduct.com\/wp-content\/uploads\/2025\/07\/Custom-Acrylic-Sign-1.jpg\" alt=\"Individuelles Acrylschild (1)\" width=\"800\" height=\"800\" srcset=\"https:\/\/customacrylicproduct.com\/wp-content\/uploads\/2025\/07\/Custom-Acrylic-Sign-1.jpg 800w, https:\/\/customacrylicproduct.com\/wp-content\/uploads\/2025\/07\/Custom-Acrylic-Sign-1-300x300.jpg 300w, https:\/\/customacrylicproduct.com\/wp-content\/uploads\/2025\/07\/Custom-Acrylic-Sign-1-150x150.jpg 150w, https:\/\/customacrylicproduct.com\/wp-content\/uploads\/2025\/07\/Custom-Acrylic-Sign-1-768x768.jpg 768w, https:\/\/customacrylicproduct.com\/wp-content\/uploads\/2025\/07\/Custom-Acrylic-Sign-1-600x600.jpg 600w, https:\/\/customacrylicproduct.com\/wp-content\/uploads\/2025\/07\/Custom-Acrylic-Sign-1-100x100.jpg 100w\" sizes=\"(max-width: 800px) 100vw, 800px\" \/><\/p>\n<p><strong>1. Das gravierte und gepr\u00e4gte Standardschild: Klassische Raffinesse<\/strong><\/p>\n<p>Dieses Design ist der Inbegriff von klassischem, dezentem Luxus, wie man ihn bei dem raffinierten \u201cmax bone\u201d-Anh\u00e4nger sieht. Mit Hilfe modernster Beschriftungs- und Pr\u00e4gemethoden wird Ihr Logo, Ihr Markenname oder Ihr individueller Text direkt in die Stahloberfl\u00e4che eingraviert. Das Ergebnis ist ein subtiler, dreidimensionaler Effekt, der nicht nur optisch ansprechend ist, sondern sich auch angenehm anf\u00fchlt. Diese Methode ist ideal f\u00fcr:.<\/p>\n<ul>\n<li><strong>Luxuri\u00f6se Tier-Accessoires:\u00a0<\/strong>Hinzuf\u00fcgen eines fortschrittlichen Markenzeichens auf Halsb\u00e4ndern, Leinen und Tiertransportern.<\/li>\n<li><strong>High-End-Handtaschen &amp; Naturleder Produkt:\u00a0<\/strong>Arbeitet als renommierte Herstellermarke f\u00fcr Geldb\u00f6rsen, Taschen und Aktenkoffer.<\/li>\n<li><strong>M\u00f6bel und Haushaltswaren:\u00a0<\/strong>Eine sehr diskrete, aber wirkungsvolle Qualit\u00e4tsaussage bei handgefertigten M\u00f6beln oder Designerdekorationen.<\/li>\n<li><strong>Branding von Kleidungsst\u00fccken:\u00a0<\/strong>Ein raffinierter Anh\u00e4nger f\u00fcr den Innenkragen einer Jacke oder die Tasche einer Jeans.<\/li>\n<\/ul>\n<p>Die abgerundeten Seiten und der einfache Zwei-Loch-Stil sorgen f\u00fcr ein einfaches, sicheres Anbringen und f\u00fcgen sich m\u00fchelos in Ihren Artikel ein.<\/p>\n<p><strong>2. Das moderne Laser Cutout Tag: K\u00fchn und architektonisch<\/strong><\/p>\n<p>F\u00fcr ein zeitgem\u00e4\u00dfes, auff\u00e4lliges Statement ist das Laser-Intermediate-Design un\u00fcbertroffen. Ihr Stil, wie z. B. \u201cVVNVH\u201d, wird nicht auf dem Etikett ver\u00f6ffentlicht, sondern ist pr\u00e4zise geschnitten\u00a0<em>\u00fcber\u00a0<\/em>es. So entsteht ein auff\u00e4lliges Muster, das den ung\u00fcnstigen Raum f\u00fcr Ihren Schriftzug oder Ihr Logo-Design nutzt. Die scharfen, aufger\u00e4umten Linien und die geometrische Pr\u00e4zision vermitteln ein modernes, aufbauendes Gef\u00fchl, das nur schwer zu \u00fcbersehen ist. Dieses Design ist hervorragend geeignet f\u00fcr:.<\/p>\n<ul>\n<li><strong>Streetwear und Avantgarde-Stil:\u00a0<\/strong>Eine lebendige Markendeklaration auf Kleidung, Tennisschuhen und Ger\u00e4ten.<\/li>\n<li><strong>Industrielles Design Produkte:\u00a0<\/strong>Optische Aufwertung von moderner Elektronik, Ger\u00e4ten oder ma\u00dfgeschneiderten Situationen.<\/li>\n<li><strong>High-Fashion Branding:\u00a0<\/strong>Die Schaffung eines besonderen und unvergesslichen Anh\u00e4ngers, der zu einem unverzichtbaren Bestandteil des Stils selbst wird.<\/li>\n<li><strong>Individuelle Namensschilder:\u00a0<\/strong>F\u00fcr eine lebendige, visuelle Darstellung eines Namens oder einer Initiale auf Taschen, Reisegep\u00e4ck oder Kunstwerken.<\/li>\n<\/ul>\n<p>Die Nieten\u00f6ffnungen an vier Ecken sorgen f\u00fcr einen sicheren, industriellen Schick, der den modernen Charme des Anh\u00e4ngers unterstreicht.<\/p>\n<p><strong>3. Die intime Schrift Intermediary Tag: Pers\u00f6nlich und elegant\u00a0<\/strong>.<\/p>\n<p>Wenn die Botschaft individuell ist, sollte es auch die Schrift sein. Unser Schreibschrift-Vermittlungsstil, der durch den fl\u00fcssigen \u201cKlove\u201d-Anh\u00e4nger veranschaulicht wird, verwandelt einen Namen, ein Wort oder eine Unterschrift in einen tragbaren Kunstgegenstand. Das Metall wird sorgf\u00e4ltig geschnitten, um den eleganten Kurven einer kursiven Schrift zu entsprechen, was zu einem Anh\u00e4nger f\u00fchrt, der sowohl ein Anh\u00e4nger als auch ein Appell ist. Die integrierten Schlaufen an beiden Enden sind f\u00fcr die Befestigung an Ketten, Kabeln oder gro\u00dfen Schn\u00fcren vorgesehen, wodurch es ideal ist f\u00fcr:.<\/p>\n<ul>\n<li><strong>Ma\u00dfgefertigter Schmuck:\u00a0<\/strong>Entwicklung von individuellen Namensschildern und Armb\u00e4ndern, die sehr individuelle Geschenke sind.<\/li>\n<li><strong>Hochzeits-Event &amp; Event-Geschenke:\u00a0<\/strong>Sie verleihen Gastgeschenken, Einladungen oder Veranstaltungsorten eine aufwendige, individuelle Note.<\/li>\n<li><strong>Unterw\u00e4sche und empfindliche Kleidung:\u00a0<\/strong>Ein kleines, sch\u00f6nes Detail, das den intimen Charakter des Kleidungsst\u00fccks unterstreicht.<\/li>\n<li><strong>Handgefertigtes Kunsthandwerk:\u00a0<\/strong>Das ausgezeichnete Markenzeichen f\u00fcr ein wertvolles Patchwork, einen gewebten Schal oder ein Sammelalbum, das eine Freizeitbesch\u00e4ftigung in ein Verm\u00e4chtnis verwandelt.<\/li>\n<\/ul>\n<p>Dieses Design unterstreicht die Bedeutung der Einzigartigkeit und ist damit die beste Wahl f\u00fcr individuelle Geschenke und handwerkliches Branding.<\/p>\n<h4 id=\"beyond-metal-exploring-all-opportunities-\">Jenseits von Metall: Erkundung aller M\u00f6glichkeiten.<\/h4>\n<p>Obwohl die klassische Luxusausf\u00fchrung unserer goldenen Stahlschilder unser Markenzeichen ist, sind wir uns bewusst, dass verschiedene Auftr\u00e4ge unterschiedliche Produkte erfordern. Um Ihren innovativen Anforderungen gerecht zu werden, bieten wir auch die Herstellung von Anh\u00e4ngern aus hochwertigem Acryl an. Acryl bietet eine leichte, flexible und lebendige Option, ideal f\u00fcr Projekte, bei denen das Gewicht eine Rolle spielt oder ein dynamischer Farbton gew\u00fcnscht ist.<\/p>\n<h4 id=\"a-smooth-personalization-experience-\">Ein reibungsloses Personalisierungserlebnis.<\/h4>\n<p>Ihre Vision zum Leben zu erwecken, ist unsere Begeisterung. Unser Layout-Prozess ist gemeinsam und unkompliziert:.<\/p>\n<ol>\n<li><strong>Teilen Sie Ihre Vision:\u00a0<\/strong>Liefern Sie uns Ihr Logodesign, Ihren Text, Ihre Schriftwahl oder Ihr Gestaltungsprinzip.<\/li>\n<li><strong>W\u00e4hlen Sie Ihre Specs:\u00a0<\/strong>W\u00e4hlen Sie das empfohlene Produkt (Stahl oder Acryl), die Ausf\u00fchrung, die Abmessungen, die Form und das Zubeh\u00f6r (L\u00f6cher, Schie\u00dfscharten usw.).<\/li>\n<li><strong>Genehmigen Sie Ihren Entwurf:\u00a0<\/strong>Wir erstellen selbstverst\u00e4ndlich einen elektronischen Korrekturabzug f\u00fcr Sie, um sicherzustellen, dass alle Informationen optimal sind, bevor die Produktion beginnt.<\/li>\n<li><strong>Erhalten Sie Ihr Meisterwerk:\u00a0<\/strong>Wir fertigen Ihre individuellen Anh\u00e4nger sorgf\u00e4ltig an und stellen sie Ihnen zur Verf\u00fcgung, damit Sie Ihre Kreationen versch\u00f6nern k\u00f6nnen.<\/li>\n<\/ol>\n<h4 id=\"the-last-word-in-high-quality-\">Das letzte Wort in hoher Qualit\u00e4t.<\/h4>\n<p>Ihre Marke ist mehr wert als ein bedrucktes Etikett. Ihre Geschenke verdienen mehr als eine nicht wiederverwendbare Karte. Unsere benutzerdefinierten Edelstahl-Etiketten aus Gold sind eine finanzielle Investition in Verst\u00e4ndnis, ein Bekenntnis zu h\u00f6chster Qualit\u00e4t und ein Ereignis der Identit\u00e4t. Sie sind die kleine Information, die den gr\u00f6\u00dften Unterschied macht.<\/p>\n<p>Erlauben Sie uns, Ihnen zu helfen, Ihr Zeichen zu setzen. Setzen Sie sich noch heute mit unserer Gruppe in Verbindung, um ein individuelles Etikett anzufertigen, das sicherlich mehrere Jahre lang Ihre Geschichte erz\u00e4hlen wird. Verwandeln Sie das Normale in das Au\u00dfergew\u00f6hnliche und lassen Sie Ihre Spitzenqualit\u00e4t erstrahlen.<\/p>","protected":false},"excerpt":{"rendered":"<p>Werten Sie Ihre Marke mit unseren hochwertigen, individuell gestalteten goldenen Metallanh\u00e4ngern auf. Perfekt, um Kleidung, Handtaschen und Accessoires ein hochwertiges, professionelles Finish zu verleihen. W\u00e4hlen Sie zwischen eleganten Gravuren oder modernen Ausschnitten, um Ihr Logo perfekt in Szene zu setzen. Langlebig, anspruchsvoll und wundersch\u00f6n verarbeitet.<\/p>","protected":false},"featured_media":1349,"template":"","meta":{"_kad_post_transparent":"default","_kad_post_title":"","_kad_post_layout":"default","_kad_post_sidebar_id":"","_kad_post_content_style":"default","_kad_post_vertical_padding":"default","_kad_post_feature":"","_kad_post_feature_position":"","_kad_post_header":false,"_kad_post_footer":false,"_kad_post_classname":""},"product_brand":[],"product_cat":[18],"product_tag":[51],"class_list":{"0":"post-1346","1":"product","2":"type-product","3":"status-publish","4":"has-post-thumbnail","6":"product_cat-custom-acrylic-signs","7":"product_tag-custom-acrylic-signs","9":"first","10":"instock","11":"shipping-taxable","12":"product-type-simple","13":"entry","14":"content-bg","15":"loop-entry"},"_links":{"self":[{"href":"https:\/\/customacrylicproduct.com\/de\/wp-json\/wp\/v2\/product\/1346","targetHints":{"allow":["GET"]}}],"collection":[{"href":"https:\/\/customacrylicproduct.com\/de\/wp-json\/wp\/v2\/product"}],"about":[{"href":"https:\/\/customacrylicproduct.com\/de\/wp-json\/wp\/v2\/types\/product"}],"wp:featuredmedia":[{"embeddable":true,"href":"https:\/\/customacrylicproduct.com\/de\/wp-json\/wp\/v2\/media\/1349"}],"wp:attachment":[{"href":"https:\/\/customacrylicproduct.com\/de\/wp-json\/wp\/v2\/media?parent=1346"}],"wp:term":[{"taxonomy":"product_brand","embeddable":true,"href":"https:\/\/customacrylicproduct.com\/de\/wp-json\/wp\/v2\/product_brand?post=1346"},{"taxonomy":"product_cat","embeddable":true,"href":"https:\/\/customacrylicproduct.com\/de\/wp-json\/wp\/v2\/product_cat?post=1346"},{"taxonomy":"product_tag","embeddable":true,"href":"https:\/\/customacrylicproduct.com\/de\/wp-json\/wp\/v2\/product_tag?post=1346"}],"curies":[{"name":"wp","href":"https:\/\/api.w.org\/{rel}","templated":true}]}}