{"id":1360,"date":"2025-07-21T01:38:16","date_gmt":"2025-07-21T01:38:16","guid":{"rendered":"https:\/\/customacrylicproduct.com\/?post_type=product&#038;p=1360"},"modified":"2025-07-21T01:38:16","modified_gmt":"2025-07-21T01:38:16","slug":"high-borosilicate-acrylic-rod-diameter-glass-stirring-rod","status":"publish","type":"product","link":"https:\/\/customacrylicproduct.com\/de\/high-borosilicate-acrylic-rod-diameter-glass-stirring-rod\/","title":{"rendered":"Hochborosilikat-Acrylstab Durchmesser Glasr\u00fchrstab"},"content":{"rendered":"<h3 id=\"unlock-a-globe-of-creative-thinking-the-ultimate-gift-of-costs-threaded-polymer-rods\">Schalten Sie einen Globus des kreativen Denkens frei: Das ultimative Geschenk der Kosten f\u00fcr Polymer-Gewindestangen<\/h3>\n<p>Auf dem Planeten der Gestaltung, der Herstellung und des Fortschritts bestimmt die Qualit\u00e4t Ihrer Materialien die Grenzen Ihrer Kreativit\u00e4t. F\u00fcr den kritischen Sch\u00f6pfer, den leidenschaftlichen Do-it-yourself-Fanatiker, den professionellen Designer oder den spezialisierten Bastler in Ihrem Leben kann es ein Hindernis sein, ein Geschenk zu finden, das sowohl n\u00fctzlich als auch motivierend ist. Sie suchen etwas, das nicht einfach nur ein Werkzeug ist, sondern ein Ansporn f\u00fcr ihre n\u00e4chste hervorragende Idee.<\/p>\n<p>Wir pr\u00e4sentieren unser\u00a0<strong>Premium-Innengewindestangen aus Acryl\u00a0<\/strong>- ein fortschrittliches Teil, das eine bemerkenswerte \u00c4sthetik mit robuster Funktionalit\u00e4t verbindet. Vergessen Sie den irref\u00fchrenden und l\u00e4stigen Titel; dies sind keine einfachen R\u00fchrst\u00e4bchen. Sie sind die innovative Grundlage f\u00fcr Aufgaben, die Stil, Ausdauer und einen Hauch von moderner Ausstrahlung erfordern. Dies ist mehr als nur ein Gegenstand, es ist eine Einladung zum Gestalten, ein ideales Geschenk f\u00fcr jeden, der die Welt so sieht, wie sie ist.\u00a0<em>kann\u00a0<\/em>sein.<\/p>\n<p><img fetchpriority=\"high\" decoding=\"async\" class=\"size-full wp-image-1364\" src=\"https:\/\/customacrylicproduct.com\/wp-content\/uploads\/2025\/07\/Acrylic-Rod-4.jpg\" alt=\"Acrylstab (4)\" width=\"800\" height=\"800\" srcset=\"https:\/\/customacrylicproduct.com\/wp-content\/uploads\/2025\/07\/Acrylic-Rod-4.jpg 800w, https:\/\/customacrylicproduct.com\/wp-content\/uploads\/2025\/07\/Acrylic-Rod-4-300x300.jpg 300w, https:\/\/customacrylicproduct.com\/wp-content\/uploads\/2025\/07\/Acrylic-Rod-4-150x150.jpg 150w, https:\/\/customacrylicproduct.com\/wp-content\/uploads\/2025\/07\/Acrylic-Rod-4-768x768.jpg 768w, https:\/\/customacrylicproduct.com\/wp-content\/uploads\/2025\/07\/Acrylic-Rod-4-600x600.jpg 600w, https:\/\/customacrylicproduct.com\/wp-content\/uploads\/2025\/07\/Acrylic-Rod-4-100x100.jpg 100w\" sizes=\"(max-width: 800px) 100vw, 800px\" \/><\/p>\n<h4 id=\"the-essence-of-the-product-crystalline-quality-fulfills-unyielding-strength\">Die Essenz des Produkts: Kristalline Qualit\u00e4t erf\u00fcllt unnachgiebige St\u00e4rke<\/h4>\n<p>Auf den ersten Blick faszinieren diese St\u00e4be durch ihre hervorragende Offenheit. Sie haben eine optische Klarheit, die der von feinstem poliertem Glas gleichkommt, so dass das Licht ungehindert durch sie hindurchdringen kann und spektakul\u00e4re \u00e4sthetische Wirkungen der Brechung und Reflexion erzeugt. Aber im Gegensatz zu Glas, das schwer und empfindlich ist, sind diese Stangen aus hochwertigem Acryl (Polymethylmethacrylat oder PMMA) gefertigt, einem Produkt, das f\u00fcr seine au\u00dfergew\u00f6hnlichen Geb\u00e4ude bekannt ist.<\/p>\n<ul>\n<li><strong>Leichter und stabiler:\u00a0<\/strong>Acrylglas hat den Charme von Glas, ohne die damit verbundenen Risiken. Es ist wesentlich leichter und weist eine viel h\u00f6here Schlagfestigkeit auf, was es viel sicherer und flexibler f\u00fcr eine breite Palette von Anwendungen macht, von M\u00f6beln bis hin zu komplexen Kunstwerken. Ein Projekt, das mit diesen St\u00e4ben konstruiert wurde, wird mit Sicherheit sowohl langlebig als auch einfach zu handhaben sein.<\/li>\n<li><strong>Hervorragende Langlebigkeit:\u00a0<\/strong>Unser Acrylglas ist UV-stabilisiert, so dass es auch bei Sonneneinstrahlung nicht vergilbt oder mit der Zeit br\u00fcchig wird. Das makellose, wasserklare Aussehen bleibt \u00fcber viele Jahre erhalten und sch\u00fctzt die Stabilit\u00e4t und Attraktivit\u00e4t der fertigen Kreation.<\/li>\n<li><strong>Perfekt abgeschlossen:\u00a0<\/strong>Jeder Stab wird pr\u00e4zisionsgepresst und anschlie\u00dfend fachm\u00e4nnisch bearbeitet, so dass sich die Oberfl\u00e4che v\u00f6llig glatt anf\u00fchlt. Die Enden sind geschliffen und aufgehellt, um die optische Klarheit bis zur Seite zu bewahren und eine nahtlose und fachm\u00e4nnische Oberfl\u00e4che aus jedem Blickwinkel zu bieten.<\/li>\n<\/ul>\n<p><img decoding=\"async\" class=\"size-full wp-image-1363\" src=\"https:\/\/customacrylicproduct.com\/wp-content\/uploads\/2025\/07\/Acrylic-Rod-3.jpg\" alt=\"Acrylstab (3)\" width=\"800\" height=\"800\" srcset=\"https:\/\/customacrylicproduct.com\/wp-content\/uploads\/2025\/07\/Acrylic-Rod-3.jpg 800w, https:\/\/customacrylicproduct.com\/wp-content\/uploads\/2025\/07\/Acrylic-Rod-3-300x300.jpg 300w, https:\/\/customacrylicproduct.com\/wp-content\/uploads\/2025\/07\/Acrylic-Rod-3-150x150.jpg 150w, https:\/\/customacrylicproduct.com\/wp-content\/uploads\/2025\/07\/Acrylic-Rod-3-768x768.jpg 768w, https:\/\/customacrylicproduct.com\/wp-content\/uploads\/2025\/07\/Acrylic-Rod-3-600x600.jpg 600w, https:\/\/customacrylicproduct.com\/wp-content\/uploads\/2025\/07\/Acrylic-Rod-3-100x100.jpg 100w\" sizes=\"(max-width: 800px) 100vw, 800px\" \/><\/p>\n<h4 id=\"the-core-advancement-accuracy-internal-threading\">Der Kern des Fortschritts: Pr\u00e4zises Innengewindeschneiden<\/h4>\n<p>Was diese Acrylst\u00e4be von einem reinen Lagerprodukt zu einem unverzichtbaren Stilelement macht, ist die\u00a0<strong>pr\u00e4zisionsgefertigtes Innengewinde\u00a0<\/strong>an jedem Ende. Dieses einzige Merkmal er\u00f6ffnet eine Welt der Modularit\u00e4t und des sicheren Bauens und Konstruierens, die mit Standardstangen nur schwer zu erreichen ist.<\/p>\n<ul>\n<li><strong>Unsichtbare, gut begr\u00fcndete Verbindungen:\u00a0<\/strong>Verabschieden Sie sich von umst\u00e4ndlichen Au\u00dfenverstrebungen, unangenehmen Klebstoffen und sichtbaren Ger\u00e4ten, die von einer sauberen Linienf\u00fchrung ablenken. Durch die inneren Schn\u00fcre k\u00f6nnen Schrauben und verschiedene andere Gewindeanschl\u00fcsse fest und unauff\u00e4llig im Mast selbst angebracht werden. So entstehen kraftvolle, tragende Verbindungen, die praktisch nicht zu sehen sind und zu einer \u201ctreibenden\u201d oder minimalen \u00c4sthetik f\u00fchren, die in der modernen Gestaltung sehr gefragt ist.<\/li>\n<li><strong>Grenzenlose Modularit\u00e4t:\u00a0<\/strong>Das standardisierte Gewinde ermutigt die Designer zu einem modularen Ansatz. Masten k\u00f6nnen aneinandergereiht werden, um gr\u00f6\u00dfere Dimensionen zu erreichen, in Winkeln verbunden werden, indem man ma\u00dfgeschneiderte Streben verwendet, oder direkt an Oberfl\u00e4chen wie Holz, Stahl oder Felsen befestigt werden. Die Projekte lassen sich bequem auf- und abbauen, neu konfigurieren oder fixieren, und zwar mit einem Grad an Anpassungsf\u00e4higkeit, der zum Ausprobieren einl\u00e4dt.<\/li>\n<li><strong>Un\u00fcbertroffene Anpassungsf\u00e4higkeit:\u00a0<\/strong>Diese einfache, aber fantastische technische L\u00f6sung verwandelt die Stange in einen globalen Anschluss, ein haltbares Bein, einen eleganten Umgang, einen robusten Abstandhalter oder einen strukturellen Aspekt in einer gr\u00f6\u00dferen Baugruppe. Die m\u00f6glichen Anwendungen werden nur durch die eigene Vorstellungskraft begrenzt.<\/li>\n<\/ul>\n<p><img decoding=\"async\" class=\"size-full wp-image-1362\" src=\"https:\/\/customacrylicproduct.com\/wp-content\/uploads\/2025\/07\/Acrylic-Rod-2.jpg\" alt=\"Acrylstab (2)\" width=\"800\" height=\"800\" srcset=\"https:\/\/customacrylicproduct.com\/wp-content\/uploads\/2025\/07\/Acrylic-Rod-2.jpg 800w, https:\/\/customacrylicproduct.com\/wp-content\/uploads\/2025\/07\/Acrylic-Rod-2-300x300.jpg 300w, https:\/\/customacrylicproduct.com\/wp-content\/uploads\/2025\/07\/Acrylic-Rod-2-150x150.jpg 150w, https:\/\/customacrylicproduct.com\/wp-content\/uploads\/2025\/07\/Acrylic-Rod-2-768x768.jpg 768w, https:\/\/customacrylicproduct.com\/wp-content\/uploads\/2025\/07\/Acrylic-Rod-2-600x600.jpg 600w, https:\/\/customacrylicproduct.com\/wp-content\/uploads\/2025\/07\/Acrylic-Rod-2-100x100.jpg 100w\" sizes=\"(max-width: 800px) 100vw, 800px\" \/><\/p>\n<h4 id=\"a-canvas-for-imagination-limitless-applications\">Eine Leinwand f\u00fcr die Fantasie: Grenzenlose Anwendungen<\/h4>\n<p>Diese Stangen zu pr\u00e4sentieren bedeutet, Potenzial zu verschenken. Im Folgenden sind nur einige der au\u00dfergew\u00f6hnlichen Projekte aufgef\u00fchrt, die sie ins Leben rufen k\u00f6nnen:<\/p>\n<p><strong>F\u00fcr den modernen Einrichtungsdesigner und Heimwerker:\u00a0<\/strong>. Stellen Sie sich einen minimalen Couchtisch vor, bei dem die Holz- oder Glasplatte schwerelos auf 4 kristallklaren Beinen zu schweben scheint. Stellen Sie sich ein Regal mit \u201cunsichtbaren\u201d St\u00fctzen vor, das einen luftigen, klaren Look erzeugt. Diese Stangen eignen sich hervorragend als:.<\/p>\n<ul>\n<li><strong>Beine f\u00fcr Tische und Schr\u00e4nke:\u00a0<\/strong>Robuste, elegante St\u00fctzen f\u00fcr Beistelltische, Medienkonsolen und Vitrinen.<\/li>\n<li><strong>Schrankz\u00fcge und Griffe:\u00a0<\/strong>Entwickeln Sie ma\u00dfgeschneiderte, hochwertige Beschl\u00e4ge, die jeder Art von M\u00f6beln eine besondere, extravagante Note verleihen.<\/li>\n<li><strong>Abstandshalter f\u00fcr verschiebbare Regale:\u00a0<\/strong>Befestigen Sie die Regale an einer Wandfl\u00e4che mit einer sauberen, modernen Leere.<\/li>\n<\/ul>\n<p><strong>F\u00fcr den Musiker, Schnitzer und Macher:\u00a0<\/strong>. Diese Stangen sind ein Traumwerkzeug f\u00fcr K\u00fcnstler, die mit Licht und Raum zusammenarbeiten. Sie k\u00f6nnen verwendet werden, um kinetische Skulpturen, Lichtinstallationen oder strukturelle Rahmen, die Spa\u00df mit Verst\u00e4ndnis haben zu bauen.<\/p>\n<ul>\n<li><strong>Lichter:\u00a0<\/strong>Konstruieren Sie einen ma\u00dfgeschneiderten Kronleuchter oder eine Pendelleuchte, indem Sie die St\u00e4be als Netze f\u00fcr LED-Streifen oder als Diffusoren verwenden, die das Licht in attraktiven Mustern streuen.<\/li>\n<li><strong>Kunstinstallationen:\u00a0<\/strong>Entwickeln Sie spektakul\u00e4re geometrische Strukturen oder Armaturen f\u00fcr Mixed-Media-Skulpturen, bei denen die Tr\u00e4gergruppe zur Kunst selbst geh\u00f6rt.<\/li>\n<li><strong>Einzelhandels- und Galerieausstellungen:\u00a0<\/strong>Entwerfen Sie museumsreife Installationen f\u00fcr Artefakte, St\u00e4nder f\u00fcr Gegenst\u00e4nde oder raffinierte Schilderhalter, die den ausgestellten Gegenstand aufwerten und nicht von ihm ablenken.<\/li>\n<\/ul>\n<p><strong>F\u00fcr Technikbegeisterte und Enthusiasten:\u00a0<\/strong>. Die Ausdauer und die nicht leitende Eigenschaft von Acryl machen diese St\u00e4be ideal f\u00fcr technische Aufgaben.<\/p>\n<ul>\n<li><strong>Ma\u00dfgeschneiderte Computer-Situationen:\u00a0<\/strong>Entwickeln Sie spezielle interne Rahmen oder externe Zierkomponenten f\u00fcr ein High-End-Computersystem.<\/li>\n<li><strong>Robotik und Prototyping:\u00a0<\/strong>Verwenden Sie sie als leichte, solide und einfach zu bearbeitende Bauteile f\u00fcr Roboterarme, Rahmen oder Sensoreinheiten.<\/li>\n<\/ul>\n<h4 id=\"the-perfect-gift-for-the-developer-in-your-life-\">Das perfekte Geschenk f\u00fcr den Entwickler in Ihrem Leben<\/h4>\n<p>Warum sind diese Acrylstangen mit Gewinde ein so durchdachtes und wirkungsvolles Geschenk?<\/p>\n<ol>\n<li><strong>Es spricht ihre Sprache:\u00a0<\/strong>Mit diesem Geschenk zeigen Sie, dass Sie ihre Begeisterung f\u00fcr das Entwickeln, Gestalten und Bauen nachvollziehen k\u00f6nnen. Es ist ein Geschenk, das ihren kreativen Antrieb anerkennt und unterst\u00fctzt.<\/li>\n<li><strong>Es ist eine Box mit Potenzial:\u00a0<\/strong>Sie schenken nicht nur einen Satz St\u00f6cke, sondern die Kernst\u00fccke f\u00fcr das n\u00e4chste Dutzend Konzepte. Es ist ein Geschenk, das sicherlich genutzt, gesch\u00e4tzt und in etwas Neues und Interessantes umgewandelt werden wird.<\/li>\n<li><strong>Es ist einzigartig und qualitativ hochwertig:\u00a0<\/strong>Es handelt sich nicht um ein gew\u00f6hnliches Ger\u00e4t, das man in jedem Eisenwarenladen finden kann. Es handelt sich um ein spezielles, hochwertiges Bauteil, das von einem Designer schnell als etwas Einzigartiges und zutiefst Hilfreiches erkannt wird.<\/li>\n<\/ol>\n<p>Diese Stangen sind in verschiedenen L\u00e4ngen erh\u00e4ltlich und k\u00f6nnen je nach Projektgr\u00f6\u00dfe kombiniert werden. Jede einzelne ist ein Zeugnis der Qualit\u00e4t, von der blasenfreien Klarheit bis zu den perfekt geschnittenen F\u00e4den.<\/p>\n<p>Verschenken Sie pures Potenzial. Bieten Sie das Geschenk eines bemerkenswerten Stils.\u00a0<strong>Bestellen Sie noch heute eine Kollektion von Costs Inside Threaded Acrylic Rods\u00a0<\/strong>und sehen Sie, wie der fantasievolle Geist in Ihrem Leben diese sch\u00f6nen, flexiblen Komponenten in ein Meisterwerk verwandelt.<\/p>","protected":false},"excerpt":{"rendered":"<p class=\"ng-star-inserted\"><span class=\"ng-star-inserted\">Langlebige, kristallklare Acrylst\u00e4be mit Innengewinde an den Enden. Perfekt als Abstandshalter, Verbindungsst\u00fccke, Beine oder Griffe f\u00fcr Heimwerkerprojekte, M\u00f6bel und Displays. Diese vielseitigen St\u00e4be bieten eine starke Verbindung mit einem schlanken, modernen Look. Erh\u00e4ltlich in verschiedenen L\u00e4ngen, um Ihren Bed\u00fcrfnissen gerecht zu werden.<\/span><\/p>","protected":false},"featured_media":1364,"template":"","meta":{"_kad_post_transparent":"default","_kad_post_title":"","_kad_post_layout":"default","_kad_post_sidebar_id":"","_kad_post_content_style":"default","_kad_post_vertical_padding":"default","_kad_post_feature":"","_kad_post_feature_position":"","_kad_post_header":false,"_kad_post_footer":false,"_kad_post_classname":""},"product_brand":[],"product_cat":[23],"product_tag":[63],"class_list":{"0":"post-1360","1":"product","2":"type-product","3":"status-publish","4":"has-post-thumbnail","6":"product_cat-custom-acrylic-rods-tubes","7":"product_tag-acrylic-rods","9":"first","10":"instock","11":"shipping-taxable","12":"product-type-simple","13":"entry","14":"content-bg","15":"loop-entry"},"_links":{"self":[{"href":"https:\/\/customacrylicproduct.com\/de\/wp-json\/wp\/v2\/product\/1360","targetHints":{"allow":["GET"]}}],"collection":[{"href":"https:\/\/customacrylicproduct.com\/de\/wp-json\/wp\/v2\/product"}],"about":[{"href":"https:\/\/customacrylicproduct.com\/de\/wp-json\/wp\/v2\/types\/product"}],"wp:featuredmedia":[{"embeddable":true,"href":"https:\/\/customacrylicproduct.com\/de\/wp-json\/wp\/v2\/media\/1364"}],"wp:attachment":[{"href":"https:\/\/customacrylicproduct.com\/de\/wp-json\/wp\/v2\/media?parent=1360"}],"wp:term":[{"taxonomy":"product_brand","embeddable":true,"href":"https:\/\/customacrylicproduct.com\/de\/wp-json\/wp\/v2\/product_brand?post=1360"},{"taxonomy":"product_cat","embeddable":true,"href":"https:\/\/customacrylicproduct.com\/de\/wp-json\/wp\/v2\/product_cat?post=1360"},{"taxonomy":"product_tag","embeddable":true,"href":"https:\/\/customacrylicproduct.com\/de\/wp-json\/wp\/v2\/product_tag?post=1360"}],"curies":[{"name":"wp","href":"https:\/\/api.w.org\/{rel}","templated":true}]}}