{"id":1382,"date":"2025-07-21T03:23:33","date_gmt":"2025-07-21T03:23:33","guid":{"rendered":"https:\/\/customacrylicproduct.com\/?post_type=product&#038;p=1382"},"modified":"2025-07-21T03:23:33","modified_gmt":"2025-07-21T03:23:33","slug":"acrylic-cosmetic-makeup-products-display-holder-wholesales","status":"publish","type":"product","link":"https:\/\/customacrylicproduct.com\/de\/acrylic-cosmetic-makeup-products-display-holder-wholesales\/","title":{"rendered":"Acryl Kosmetische Makeup Produkte Display Halter Gro\u00dfhandel"},"content":{"rendered":"<h3 id=\"-the-apex-of-beauty-introducing-the-suisuale-gold-onyx-acrylic-aesthetic-present-owner-\"><strong>Die Kr\u00f6nung der Sch\u00f6nheit: Die Einf\u00fchrung der Suisuale \u00ae Gold &amp; Onyx Acryl \u00c4sthetische Geschenk Inhaberin<\/strong><\/h3>\n<p>In der erschwinglichen und visuell gepr\u00e4gten Welt der Kosmetika ist die Diskussion nicht nur wichtig, sie ist das A und O. Die Art und Weise, wie ein Produkt pr\u00e4sentiert wird, ist das erste Gespr\u00e4ch, das es mit einem m\u00f6glichen Kunden f\u00fchrt. Sie verweist auf Qualit\u00e4t, Hochwertigkeit und Wert, noch bevor eine einzige H\u00fclle ge\u00f6ffnet wird. Wir freuen uns, Ihnen eine Pr\u00e4sentationsm\u00f6glichkeit anbieten zu k\u00f6nnen, die Ihre Produkte nicht nur aufbewahrt, sondern sie zu Kunstwerken erhebt: Der Suisuale \u00ae Gold &amp; Onyx Polymer Cosmetic Show Owner, der ab sofort f\u00fcr den Gro\u00dfhandel erh\u00e4ltlich ist.<\/p>\n<p>Entwickelt f\u00fcr teure Marken, anspruchsvolle Einzelh\u00e4ndler und Liebhaber von Charme, ist dieser Displayhalter eine Meisterklasse in modernem High-End. Er ist mehr als ein einfacher Organizer; er ist eine gr\u00fcndlich durchdachte Phase, die entwickelt wurde, um die Aufmerksamkeit auf sich zu ziehen, die Markenidentifikation zu verbessern und ein bemerkenswertes Point-of-Sale-Erlebnis zu schaffen.<\/p>\n<p><img fetchpriority=\"high\" decoding=\"async\" class=\"wp-image-1384 size-large aligncenter\" src=\"https:\/\/customacrylicproduct.com\/wp-content\/uploads\/2025\/07\/Acrylic-Cosmetic-Makeup-Products-Display-2-1024x1024.jpg\" alt=\"Acryl Kosmetik Makeup Produkte Display (2)\" width=\"1024\" height=\"1024\" srcset=\"https:\/\/customacrylicproduct.com\/wp-content\/uploads\/2025\/07\/Acrylic-Cosmetic-Makeup-Products-Display-2-1024x1024.jpg 1024w, https:\/\/customacrylicproduct.com\/wp-content\/uploads\/2025\/07\/Acrylic-Cosmetic-Makeup-Products-Display-2-300x300.jpg 300w, https:\/\/customacrylicproduct.com\/wp-content\/uploads\/2025\/07\/Acrylic-Cosmetic-Makeup-Products-Display-2-150x150.jpg 150w, https:\/\/customacrylicproduct.com\/wp-content\/uploads\/2025\/07\/Acrylic-Cosmetic-Makeup-Products-Display-2-768x768.jpg 768w, https:\/\/customacrylicproduct.com\/wp-content\/uploads\/2025\/07\/Acrylic-Cosmetic-Makeup-Products-Display-2-1536x1536.jpg 1536w, https:\/\/customacrylicproduct.com\/wp-content\/uploads\/2025\/07\/Acrylic-Cosmetic-Makeup-Products-Display-2-600x600.jpg 600w, https:\/\/customacrylicproduct.com\/wp-content\/uploads\/2025\/07\/Acrylic-Cosmetic-Makeup-Products-Display-2-100x100.jpg 100w, https:\/\/customacrylicproduct.com\/wp-content\/uploads\/2025\/07\/Acrylic-Cosmetic-Makeup-Products-Display-2.jpg 1920w\" sizes=\"(max-width: 1024px) 100vw, 1024px\" \/><\/p>\n<h4 id=\"-a-harmony-of-materials-layout-and-looks-\"><strong>Eine Harmonie der Materialien: Layout und Aussehen<\/strong><\/h4>\n<p>Der unmittelbare Eindruck, den dieser Bildschirm auf den Besitzer macht, ist von auffallender Raffinesse. Sein Design ist eine sorgf\u00e4ltig ausbalancierte Symphonie aus 3 unterschiedlichen und doch einheitlichen Produkten, die jeweils aufgrund ihrer einzigartigen visuellen und funktionalen Geb\u00e4ude ausgew\u00e4hlt wurden.<\/p>\n<ul>\n<li><strong>Gl\u00e4nzendes Goldspiegel-Polymer:\u00a0<\/strong>Das Herzst\u00fcck des Bildschirms ist ein strahlendes, goldverspiegeltes System. Dabei handelt es sich nicht um einen einfachen Goldton, sondern um eine reflektierende, hochgl\u00e4nzende Oberfl\u00e4che, die das Umgebungslicht einf\u00e4ngt und einen atemberaubenden Halo-Effekt um Ihre Produkte herum entstehen l\u00e4sst. Dieser Goldgrund vermittelt ein Gef\u00fchl von Opulenz und Ansehen und verbindet die Dinge, die er aufnimmt, sofort mit hohem Wert. Die runden Zwischenst\u00fccke innerhalb dieser Schicht sind pr\u00e4zisionsgefertigt, ihre aufgehellten Kanten spiegeln das Licht und tragen zum Gesamtglanz bei.<\/li>\n<li><strong>Massiv Onyx Schwarz Sockel:\u00a0<\/strong>Die Grundlage des gesamten Rahmens bildet ein starker, undurchsichtiger schwarzer Acrylsockel. Dieses Element bietet einen starken und stilvollen Kontrast zum leuchtenden Gold. Seine matte oder halbgl\u00e4nzende Beschichtung nimmt das Licht auf und l\u00e4sst das Gold und die Produkte dar\u00fcber viel lebendiger erscheinen. Diese grundlegende Schicht verleiht dem Bildschirm visuelles Gewicht und Sicherheit, so dass er sich massiv und sicher anf\u00fchlt. Die klaren, sauberen Linien und scharfen Kanten des schwarzen Sockels zeugen von einer zeitgem\u00e4\u00dfen, minimalistischen Sensibilit\u00e4t, die zeitlos edel ist.<\/li>\n<li><strong>Kristallklares Polymer:\u00a0<\/strong>Die oberen Schichten und die sch\u00fctzende R\u00fcckwand sind aus hochwertigem, klarem Acryl gefertigt. Dieses Material wurde aufgrund seiner makellosen Klarheit ausgew\u00e4hlt, die einen ungehinderten Blick auf die Produkte aus allen Blickwinkeln erm\u00f6glicht. Die durchsichtige Deckschicht mit ihren kreisrunden \u00d6ffnungen erzeugt einen faszinierenden \u201cDrifting\u201d-Effekt, der die Kosmetika in der Luft schwebend erscheinen l\u00e4sst. Die Kanten sind diamantgeschliffen und haben eine glas\u00e4hnliche Oberfl\u00e4che, so dass es keine rauen N\u00e4hte gibt, sondern nur glatte, weiche \u00dcberg\u00e4nge, die h\u00f6chste Qualit\u00e4t ausstrahlen. Wie in der Nahaufnahme zu sehen ist, sind die Tischlerarbeiten beeindruckend und zeugen von h\u00f6chster Verarbeitungsqualit\u00e4t.<\/li>\n<\/ul>\n<p>Die R\u00fcckwand, ebenfalls aus kristallklarem Acryl, ist elegant mit einer zarten Goldverzierung umrahmt, die das gesamte Design miteinander verbindet. Diese R\u00fcckwand erf\u00fcllt zahlreiche Funktionen: Sie sorgt f\u00fcr eine saubere, klare Geschichte, sichert die Produkte und eignet sich hervorragend f\u00fcr das Branding oder Werbebotschaften.<\/p>\n<p><img decoding=\"async\" class=\"size-full wp-image-1386\" src=\"https:\/\/customacrylicproduct.com\/wp-content\/uploads\/2025\/07\/Acrylic-Cosmetic-Makeup-Products-Display-4.jpg\" alt=\"Acryl Kosmetik Makeup Produkte Display (4)\" width=\"800\" height=\"800\" srcset=\"https:\/\/customacrylicproduct.com\/wp-content\/uploads\/2025\/07\/Acrylic-Cosmetic-Makeup-Products-Display-4.jpg 800w, https:\/\/customacrylicproduct.com\/wp-content\/uploads\/2025\/07\/Acrylic-Cosmetic-Makeup-Products-Display-4-300x300.jpg 300w, https:\/\/customacrylicproduct.com\/wp-content\/uploads\/2025\/07\/Acrylic-Cosmetic-Makeup-Products-Display-4-150x150.jpg 150w, https:\/\/customacrylicproduct.com\/wp-content\/uploads\/2025\/07\/Acrylic-Cosmetic-Makeup-Products-Display-4-768x768.jpg 768w, https:\/\/customacrylicproduct.com\/wp-content\/uploads\/2025\/07\/Acrylic-Cosmetic-Makeup-Products-Display-4-600x600.jpg 600w, https:\/\/customacrylicproduct.com\/wp-content\/uploads\/2025\/07\/Acrylic-Cosmetic-Makeup-Products-Display-4-100x100.jpg 100w\" sizes=\"(max-width: 800px) 100vw, 800px\" \/><\/p>\n<h4 id=\"-engineered-for-functionality-and-flexibility-\"><strong>Entwickelt f\u00fcr Funktionalit\u00e4t und Flexibilit\u00e4t<\/strong><\/h4>\n<p>Neben seiner unbestreitbaren Sch\u00f6nheit ist dieser Bildschirmhalter ein Triumph der funktionellen Technik. Jedes Element seines Designs wurde sorgf\u00e4ltig durchdacht, um den Bed\u00fcrfnissen einer Vielzahl von \u00e4sthetischen Gegenst\u00e4nden gerecht zu werden.<\/p>\n<ul>\n<li><strong>Multi-Sized Apertures:\u00a0<\/strong>Der Bildschirm verf\u00fcgt \u00fcber eine Vielzahl von pr\u00e4zisionsgeschnittenen runden Halterungen mit verschiedenen Durchmessern. Dank seiner Flexibilit\u00e4t kann er eine komplette Hautpflege- oder Make-up-Kur aufnehmen. Wie auf den Fotos mit Lanc\u00f4me-Produkten zu sehen ist, kann er alles aufnehmen, vom schmalen Beh\u00e4lter eines Advanced G\u00e9nifique-Serums \u00fcber den breiteren Typ eines Hydra Zen-Toners bis hin zu kleineren Tiegeln mit Augenlotion oder Probenfl\u00e4schchen. Diese Flexibilit\u00e4t macht ihn zur idealen L\u00f6sung f\u00fcr die Pr\u00e4sentation von Produktlinien, Geschenksammlungen oder einer kuratierten \u201cEditor's Picks\u201d-Kollektion.<\/li>\n<li><strong>Lagenweise f\u00fcr Gesellschaft und Anwesenheit:\u00a0<\/strong>Die mehrstufige, mehrschichtige Konstruktion ist nicht nur eine \u00e4sthetische Entscheidung. Sie sorgt f\u00fcr eine klare Aufteilung und Begleitung der verschiedenen Artikel und vermeidet ein un\u00fcbersichtliches Erscheinungsbild. Gr\u00f6\u00dfere Produkte k\u00f6nnen im hinteren Bereich platziert werden, kleinere im vorderen Bereich, so dass jedes Produkt sichtbar und zug\u00e4nglich ist. Dieses intelligente Design f\u00fchrt das Auge des Kunden durch die Kollektion in einer rationalen, attraktiven Reihe.<\/li>\n<li><strong>Stabilit\u00e4t und Langlebigkeit:\u00a0<\/strong>Polymer ist bekannt daf\u00fcr, dass es sowohl leicht als auch unglaublich haltbar ist - wesentlich sto\u00dffester als Glas. Das macht den Besitzer des Paravents sicher f\u00fcr stark frequentierte Einzelhandelsumgebungen und sehr einfach zu transportieren und umzustellen. Die solide Basis garantiert, dass er auf jeder Art von K\u00fcchentheke stabil bleibt, w\u00e4hrend die Pr\u00e4zisionsausschnitte verhindern, dass Gegenst\u00e4nde umkippen.<\/li>\n<\/ul>\n<p><img decoding=\"async\" class=\"size-full wp-image-1383\" src=\"https:\/\/customacrylicproduct.com\/wp-content\/uploads\/2025\/07\/Acrylic-Cosmetic-Makeup-Products-Display-1.jpg\" alt=\"Acryl Kosmetik Makeup Produkte Display (1)\" width=\"800\" height=\"800\" srcset=\"https:\/\/customacrylicproduct.com\/wp-content\/uploads\/2025\/07\/Acrylic-Cosmetic-Makeup-Products-Display-1.jpg 800w, https:\/\/customacrylicproduct.com\/wp-content\/uploads\/2025\/07\/Acrylic-Cosmetic-Makeup-Products-Display-1-300x300.jpg 300w, https:\/\/customacrylicproduct.com\/wp-content\/uploads\/2025\/07\/Acrylic-Cosmetic-Makeup-Products-Display-1-150x150.jpg 150w, https:\/\/customacrylicproduct.com\/wp-content\/uploads\/2025\/07\/Acrylic-Cosmetic-Makeup-Products-Display-1-768x768.jpg 768w, https:\/\/customacrylicproduct.com\/wp-content\/uploads\/2025\/07\/Acrylic-Cosmetic-Makeup-Products-Display-1-600x600.jpg 600w, https:\/\/customacrylicproduct.com\/wp-content\/uploads\/2025\/07\/Acrylic-Cosmetic-Makeup-Products-Display-1-100x100.jpg 100w\" sizes=\"(max-width: 800px) 100vw, 800px\" \/><\/p>\n<h4 id=\"-the-ultimate-branding-and-gifting-solution-\"><strong>Die ultimative L\u00f6sung f\u00fcr Branding und Geschenkideen<\/strong><\/h4>\n<p><strong>F\u00fcr Marken und Einzelh\u00e4ndler (Gro\u00dfhandel):\u00a0<\/strong>. Dieser Bildschirmbesitzer ist ein effektives Serviceger\u00e4t. Wie der Schriftzug \u201csuisuale \u00ae\u201c auf der Vorderseite verr\u00e4t, ist er vollst\u00e4ndig anpassbar. Wir bieten Gro\u00dfhandelskunden die M\u00f6glichkeit, dieses Layout einzigartig ihre eigenen zu machen.<\/p>\n<ul>\n<li><strong>Logo-Kombination:\u00a0<\/strong>\u00c4tzen oder drucken Sie das Logo Ihres Markennamens direkt auf den Boden oder die R\u00fcckwand, um die Identifizierung Ihres Markennamens zu verbessern.<\/li>\n<li><strong>Benutzerdefinierte Farbstile und Oberfl\u00e4chen:\u00a0<\/strong>Der Mix aus Gold und Schwarz ist zwar traditionell, aber wir k\u00f6nnen auch individuelle Farbkombinationen entwickeln, die der \u00c4sthetik Ihres Markennamens entsprechen.<\/li>\n<li><strong>Ma\u00dfgeschneiderte Kapazit\u00e4ten:\u00a0<\/strong>Ben\u00f6tigen Sie einen gr\u00f6\u00dferen Bildschirm f\u00fcr ein komplettes Produktsortiment oder einen kleineren Bildschirm f\u00fcr einen Funktionsartikel? Wir k\u00f6nnen mit Ihnen zusammenarbeiten, um die Abmessungen und Ausschnitte an Ihre speziellen Anforderungen anzupassen.<\/li>\n<\/ul>\n<p>In einer Einzelhandelsumgebung fungiert dieser Bildschirm als stiller Verkaufsvertreter. Er zieht die Kunden an, unterstreicht den Premium-Charakter Ihrer Produkte und f\u00f6rdert die Kommunikation, was letztendlich den Verkauf ankurbelt. Er ist ideal f\u00fcr Kaufhaustheken, Boutique-Regale, Funktionsbereiche in Sch\u00f6nheitssalons und Kabinen f\u00fcr Fachhandelskongresse.<\/p>\n<p><strong>Zum Verschenken:\u00a0<\/strong>. Der Titel \u201cGifts For Acrylic Cosmetic Make-up Products Present Owner\u201d ist besonders geeignet. Dieser Artikel ist das h\u00f6chste Geschenk der wirtschaftlichen Luxus f\u00fcr den Charme Liebhaber in Ihrem Leben.<\/p>\n<ul>\n<li><strong>Der perfekte Koordinator:\u00a0<\/strong>F\u00fcr jeden, der eine wertvolle Sammlung von Hautpflegeprodukten oder Make-up besitzt, verwandelt dieser Paravent eine unordentliche Eitelkeit in einen wunderbar kuratierten und organisierten Bereich.<\/li>\n<li><strong>Eine Erkl\u00e4rung der Eleganz:\u00a0<\/strong>Er ist ein eigenst\u00e4ndiges Dekorationsobjekt, das dem Schlafzimmer, dem Duschraum oder der Garderobe einen Hauch von hochwertigem Stil verleiht.<\/li>\n<li><strong>Ein durchdachtes, nachhaltiges Geschenk:\u00a0<\/strong>Im Gegensatz zu den Kosmetika selbst ist dieser Besitzer ein Geschenk, das mehrere Jahre lang genutzt und gesch\u00e4tzt wird, eine best\u00e4ndige Erinnerung an eine aufmerksame Geste.<\/li>\n<\/ul>\n<h4 id=\"-conclusion-an-investment-in-excellence-\"><strong>Schlussfolgerung: Eine Investition in Spitzenleistungen<\/strong><\/h4>\n<p>Der Suisuale \u00ae Gold &amp; Onyx Acrylic Aesthetic Present Holder ist mehr als nur ein Produkt, er ist eine finanzielle Investition in das Image Ihrer Marke und die Erfahrung Ihrer Kunden. Er ist der Ort, an dem \u00fcberlegene Handwerkskunst auf intelligenten Stil und \u00fcppige \u00c4sthetik trifft. Indem Sie Ihre Produkte in einem Halter anbieten, der ihre hohe Qualit\u00e4t widerspiegelt, geben Sie eine starke Erkl\u00e4rung ab.<\/p>\n<p>Entscheiden Sie sich f\u00fcr diesen Bildschirm, um Ihren Verkaufsraum umzugestalten, um ein spektakul\u00e4res, \u00e4sthetisches Merchandising zu entwickeln oder um ein Geschenk von unvergleichlichem Stil zu machen. Rufen Sie uns noch heute an, um Ihren Gro\u00dfhandelsbedarf zu besprechen und herauszufinden, wie wir Ihnen dabei helfen k\u00f6nnen, Ihre Produkte in dem Licht zu pr\u00e4sentieren, dessen sie wirklich w\u00fcrdig sind.<\/p>","protected":false},"excerpt":{"rendered":"<p class=\"ng-star-inserted\"><span class=\"ng-star-inserted\">Pr\u00e4sentieren Sie Ihre Produkte stilvoll mit diesem hochwertigen Kosmetikdisplay aus Acryl. Es verf\u00fcgt \u00fcber einen luxuri\u00f6sen goldenen Spiegelsockel, einen eleganten schwarzen Rahmen und passgenaue Schlitze, um Hautpflege und Make-up elegant zu organisieren. Ideal f\u00fcr Ladentheken und Eitelkeiten. F\u00fcr den Gro\u00dfhandel erh\u00e4ltlich.<\/span><\/p>","protected":false},"featured_media":1384,"template":"","meta":{"_kad_post_transparent":"default","_kad_post_title":"","_kad_post_layout":"default","_kad_post_sidebar_id":"","_kad_post_content_style":"default","_kad_post_vertical_padding":"default","_kad_post_feature":"","_kad_post_feature_position":"","_kad_post_header":false,"_kad_post_footer":false,"_kad_post_classname":""},"product_brand":[],"product_cat":[15],"product_tag":[144],"class_list":{"0":"post-1382","1":"product","2":"type-product","3":"status-publish","4":"has-post-thumbnail","6":"product_cat-custom-acrylic-displays","7":"product_tag-acrylic-cosmetic-makeup-products-display","9":"first","10":"instock","11":"shipping-taxable","12":"product-type-simple","13":"entry","14":"content-bg","15":"loop-entry"},"_links":{"self":[{"href":"https:\/\/customacrylicproduct.com\/de\/wp-json\/wp\/v2\/product\/1382","targetHints":{"allow":["GET"]}}],"collection":[{"href":"https:\/\/customacrylicproduct.com\/de\/wp-json\/wp\/v2\/product"}],"about":[{"href":"https:\/\/customacrylicproduct.com\/de\/wp-json\/wp\/v2\/types\/product"}],"wp:featuredmedia":[{"embeddable":true,"href":"https:\/\/customacrylicproduct.com\/de\/wp-json\/wp\/v2\/media\/1384"}],"wp:attachment":[{"href":"https:\/\/customacrylicproduct.com\/de\/wp-json\/wp\/v2\/media?parent=1382"}],"wp:term":[{"taxonomy":"product_brand","embeddable":true,"href":"https:\/\/customacrylicproduct.com\/de\/wp-json\/wp\/v2\/product_brand?post=1382"},{"taxonomy":"product_cat","embeddable":true,"href":"https:\/\/customacrylicproduct.com\/de\/wp-json\/wp\/v2\/product_cat?post=1382"},{"taxonomy":"product_tag","embeddable":true,"href":"https:\/\/customacrylicproduct.com\/de\/wp-json\/wp\/v2\/product_tag?post=1382"}],"curies":[{"name":"wp","href":"https:\/\/api.w.org\/{rel}","templated":true}]}}