{"id":1387,"date":"2025-07-21T03:33:48","date_gmt":"2025-07-21T03:33:48","guid":{"rendered":"https:\/\/customacrylicproduct.com\/?post_type=product&#038;p=1387"},"modified":"2025-07-21T03:33:48","modified_gmt":"2025-07-21T03:33:48","slug":"acrylic-custom-trophy-awards-suppliers-for-souvenir-gifts","status":"publish","type":"product","link":"https:\/\/customacrylicproduct.com\/de\/acrylic-custom-trophy-awards-suppliers-for-souvenir-gifts\/","title":{"rendered":"Acryl benutzerdefinierte Troph\u00e4e Auszeichnungen Lieferanten f\u00fcr Souvenir Geschenke"},"content":{"rendered":"<h3 id=\"commemorate-success-the-ultimate-collection-of-custom-made-acrylic-trophies-and-awards\">Erinnern Sie sich an den Erfolg: Die ultimative Kollektion von ma\u00dfgeschneiderten Acryltroph\u00e4en und Auszeichnungen<\/h3>\n<p>In einer Welt fl\u00fcchtiger elektronischer Anerkennungen bleibt die Macht einer greifbaren, perfekt gestalteten Auszeichnung unerreicht. Sie ist ein physisches Zeugnis f\u00fcr harte Arbeit, ein dauerhaftes Symbol der Anerkennung und ein markanter Stift f\u00fcr einen erreichten Meilenstein. Wir freuen uns, Ihnen unsere Top-Kollektion an ma\u00dfgeschneiderten Acrylpreisen und -auszeichnungen pr\u00e4sentieren zu k\u00f6nnen - eine hervorragende Kombination aus moderner Sch\u00f6nheit, bemerkenswerter Verarbeitung und ma\u00dfgeschneiderter Anpassung. Entwickelt f\u00fcr Firmen, Unternehmen und Menschen, die herausragende Leistungen auf eine wirklich unvergessliche Art und Weise w\u00fcrdigen m\u00f6chten, verwandeln diese Auszeichnungen Minuten des Erfolgs in zeitlose Sch\u00e4tze.<\/p>\n<p><img fetchpriority=\"high\" decoding=\"async\" class=\"size-full wp-image-1388\" src=\"https:\/\/customacrylicproduct.com\/wp-content\/uploads\/2025\/07\/Acrylic-Custom-Trophy-1.jpg\" alt=\"Individuelle Troph\u00e4e aus Acryl (1)\" width=\"800\" height=\"800\" srcset=\"https:\/\/customacrylicproduct.com\/wp-content\/uploads\/2025\/07\/Acrylic-Custom-Trophy-1.jpg 800w, https:\/\/customacrylicproduct.com\/wp-content\/uploads\/2025\/07\/Acrylic-Custom-Trophy-1-300x300.jpg 300w, https:\/\/customacrylicproduct.com\/wp-content\/uploads\/2025\/07\/Acrylic-Custom-Trophy-1-150x150.jpg 150w, https:\/\/customacrylicproduct.com\/wp-content\/uploads\/2025\/07\/Acrylic-Custom-Trophy-1-768x768.jpg 768w, https:\/\/customacrylicproduct.com\/wp-content\/uploads\/2025\/07\/Acrylic-Custom-Trophy-1-600x600.jpg 600w, https:\/\/customacrylicproduct.com\/wp-content\/uploads\/2025\/07\/Acrylic-Custom-Trophy-1-100x100.jpg 100w\" sizes=\"(max-width: 800px) 100vw, 800px\" \/><\/p>\n<p><strong>Un\u00fcbertroffene Spitzenqualit\u00e4t: Die Anziehungskraft von kristallklarem Polymer\u00a0<\/strong>.<\/p>\n<p>Die Grundlage eines jeden au\u00dfergew\u00f6hnlichen Preises ist das Material, aus dem er entsteht. Unsere Preise werden aus hochwertigem Acryl hergestellt, einem Produkt, das sich durch seine makellose, kristallklare Transparenz auszeichnet, die sich mit dem besten optischen Glas messen kann. Im Gegensatz zu herk\u00f6mmlichem Glas bietet unser Acrylglas eine au\u00dfergew\u00f6hnliche Langlebigkeit und Zerst\u00f6rungsresistenz, so dass Ihr Anerkennungszeichen auch nach vielen Jahren noch makellos ist.<\/p>\n<p>Jede Tafel hat ein erhebliches, ermutigendes Gewicht, das in dem Moment, in dem sie in die Hand genommen wird, Wert und Bedeutung vermittelt. Die wahre Kreativit\u00e4t zeigt sich jedoch in den Informationen. Wie auf den Nahaufnahmen zu sehen ist, werden die Seiten sorgf\u00e4ltig geschnitten und poliert. Wir bieten eine Auswahl an Seitendesigns, von sauberen, scharfen Fasen bis hin zu stilvollen, gewellten Schnitten, die das Licht meisterhaft einfangen und brechen und so aus jedem Blickwinkel eine erstaunliche Wirkung entfalten. Diese gro\u00dfartige Oberfl\u00e4che bringt das eingravierte oder ver\u00f6ffentlichte Kunstwerk noch besser zur Geltung und l\u00e4sst es in einem Block aus reinem, klarem Licht schweben. Der glatte Aufbau und die gl\u00e4nzende Oberfl\u00e4che sprechen B\u00e4nde \u00fcber die Spitzenqualit\u00e4t und die Sorgfalt, mit der jedes einzelne St\u00fcck erworben wurde.<\/p>\n<p><img decoding=\"async\" class=\"size-full wp-image-1390\" src=\"https:\/\/customacrylicproduct.com\/wp-content\/uploads\/2025\/07\/Acrylic-Custom-Trophy-3.jpg\" alt=\"Individuelle Troph\u00e4e aus Acryl (3)\" width=\"800\" height=\"800\" srcset=\"https:\/\/customacrylicproduct.com\/wp-content\/uploads\/2025\/07\/Acrylic-Custom-Trophy-3.jpg 800w, https:\/\/customacrylicproduct.com\/wp-content\/uploads\/2025\/07\/Acrylic-Custom-Trophy-3-300x300.jpg 300w, https:\/\/customacrylicproduct.com\/wp-content\/uploads\/2025\/07\/Acrylic-Custom-Trophy-3-150x150.jpg 150w, https:\/\/customacrylicproduct.com\/wp-content\/uploads\/2025\/07\/Acrylic-Custom-Trophy-3-768x768.jpg 768w, https:\/\/customacrylicproduct.com\/wp-content\/uploads\/2025\/07\/Acrylic-Custom-Trophy-3-600x600.jpg 600w, https:\/\/customacrylicproduct.com\/wp-content\/uploads\/2025\/07\/Acrylic-Custom-Trophy-3-100x100.jpg 100w\" sizes=\"(max-width: 800px) 100vw, 800px\" \/><\/p>\n<p><strong>Die Kunst der ma\u00dfgeschneiderten Anpassung: Ihre Vision, verwirklicht\u00a0<\/strong>.<\/p>\n<p>Die wahre St\u00e4rke unserer Kollektion liegt in ihrer unendlichen Anpassungsf\u00e4higkeit. Wir wissen, dass jede Leistung etwas Besonderes ist und dass jede Marke ihre eigene Identit\u00e4t hat. Aus diesem Grund bieten wir eine umfangreiche Palette von Personalisierungsm\u00f6glichkeiten, um eine Auszeichnung zu produzieren, die nicht nur angeboten wird, sondern wirklich repr\u00e4sentativ f\u00fcr den Anlass und den Empf\u00e4nger ist.<\/p>\n<p><strong>1. Fortgeschrittene Druck- und Beschriftungstechniken:\u00a0<\/strong>. Wie unsere vielf\u00e4ltigen Beispiele zeigen, beherrschen wir mehrere hochwertige Methoden, um Ihre Vision zum Leben zu erwecken:.<\/p>\n<ul>\n<li><strong>Aufwendige Gold- und Silber-Aluminiumfolie:\u00a0<\/strong>F\u00fcr ein traditionelles und extravagantes Statement ist unsere Gold- und Silber-Aluminiumfolienapplikation un\u00fcbertroffen. Diese Methode verleiht Texten und Grafiken einen prestigetr\u00e4chtigen, metallischen Glanz, der sich auff\u00e4llig von schwarzen, klaren oder farbigen Hintergr\u00fcnden abhebt. Es ist die ideale Option f\u00fcr hochrangige Auszeichnungen f\u00fcr F\u00fchrungskr\u00e4fte, \u201cFranchised Supplier\u201d-Plaketten und Dankesbekundungen, bei denen ein Hauch von Pracht erw\u00fcnscht ist.<\/li>\n<li><strong>Dynamischer Vollfarbdruck (\u5f69\u5370):\u00a0<\/strong>Entfesseln Sie Ihre Kreativit\u00e4t mit unserem fortschrittlichen Schattendruck. Dies erm\u00f6glicht die beste Vervielf\u00e4ltigung von vollfarbigen Firmenlogos, komplizierten Markenbildern, fotografischen Komponenten und lebendigen Stilakzenten. Ob es sich um den detaillierten Pantone-Farbton Ihres Markennamens oder ein raffiniertes, lebendiges Siegel handelt, diese Alternative bietet volle Designflexibilit\u00e4t ohne Kompromisse.<\/li>\n<li><strong>Genauigkeit Inschrift:\u00a0<\/strong>F\u00fcr einen raffinierten und zugleich innovativen Effekt werden mit der Lasergravur scharfe, mattierte Texte und Bilder direkt in das Acrylglas eingraviert, wobei eine reaktionsschnelle und raffinierte Oberfl\u00e4che verwendet wird, die der Pr\u00fcfung der Zeit standh\u00e4lt.<\/li>\n<\/ul>\n<p><strong>2. Vollst\u00e4ndig personalisiertes Material:\u00a0<\/strong>. Von der \u201cAnerkennungsurkunde\u201d bis zur \u201cJ\u00e4hrlichen Teamfortschrittsauszeichnung\u201d (\u5e74\u5ea6\u56e2\u961f\u8fdb\u6b65\u5956) steht Ihnen jedes Wort zur Verf\u00fcgung. Personalisieren Sie Ihre Ehrungen mit:.<\/p>\n<ul>\n<li><strong>Namen und Titel des Empf\u00e4ngers\u00a0<\/strong>.<\/li>\n<li><strong>Gesch\u00e4fts- oder Firmenname\u00a0<\/strong>(z. B. \u6df1\u5733\u4e1c\u539f\u7535\u5b50\u6709\u9650\u516c\u53f8 - Shenzhen Dongyuan Electronics Co., Ltd.).<\/li>\n<li><strong>Besondere Ehrenzeichen\u00a0<\/strong>.<\/li>\n<li><strong>Termine und Widmungen\u00a0<\/strong>.<\/li>\n<li><strong>Motivierende Zitate oder Botschaften\u00a0<\/strong>.<\/li>\n<li><strong>Slogans oder Leitbilder von Unternehmen\u00a0<\/strong>.<\/li>\n<\/ul>\n<p><strong>3. Vielf\u00e4ltige Layout-Stile und Formate:\u00a0<\/strong>. Unsere Galerie zeigt eine gro\u00dfe Auswahl an Designs, die zu jeder Art von Optik passen:.<\/p>\n<ul>\n<li><strong>Vertikale Standardplaketten:\u00a0<\/strong>Diese Auszeichnungen sind ideal f\u00fcr besondere Erfolge und stehen hoch und stolz, oft mit \u00fcppigen, klassischen Rahmen und eleganten Serifenschriften.<\/li>\n<li><strong>Moderne horizontale Auszeichnungen:\u00a0<\/strong>Sie eignen sich perfekt, um den Erfolg von Markennamen wie \u201cConsumer Favorite Brand Name\u201d (\u6d88\u8d39\u8005\u559c\u7231\u54c1\u724c) zu zeigen, und bieten eine gr\u00f6\u00dfere Fl\u00e4che f\u00fcr Text- und Logogestaltung.<\/li>\n<li><strong>Minimalistische Zertifizierungsrahmen:\u00a0<\/strong>F\u00fcr einen sauberen, zeitgem\u00e4\u00dfen Look halten unsere einfachen Acryl-Rahmen ein ver\u00f6ffentlichtes Zertifikat und f\u00fcgen sich perfekt in jede Art von moderner Arbeitsplatzatmosph\u00e4re ein.<\/li>\n<li><strong>Ausgepr\u00e4gte Formen und Basen:\u00a0<\/strong>Wir bieten eine Reihe von soliden Acrylsockeln an und k\u00f6nnen in Zusammenarbeit mit Ihnen sogar individuelle Formen entwickeln, die Ihre Marke oder Ihr Veranstaltungsthema widerspiegeln.<\/li>\n<\/ul>\n<p><strong>Vielseitigkeit f\u00fcr jede Veranstaltung und jeden Sektor\u00a0<\/strong>.<\/p>\n<p>Unsere ma\u00dfgeschneiderten Acryl-Ehrungen sind die endg\u00fcltige Wahl f\u00fcr ein betr\u00e4chtliches Spektrum von Anerkennungszielen:.<\/p>\n<ul>\n<li><strong>Danksagung des Unternehmens:\u00a0<\/strong>Feiern Sie die Qualit\u00e4t in Ihrem Unternehmen. Perfekt f\u00fcr den Mitarbeiter des Monats, den Verk\u00e4ufer des Jahres, Ehrungen f\u00fcr das Management, Geschenke zum Ruhestand und f\u00fcr langj\u00e4hrige Betriebszugeh\u00f6rigkeit.<\/li>\n<li><strong>Meilensteine der Organisation und der Partner:\u00a0<\/strong>St\u00e4rken Sie Fachpartnerschaften mit hochwertigen Plaketten f\u00fcr den Status \u201cAuthorized Reseller\u201d oder \u201cFranchised Supplier\u201d (\u7279\u7ea6\u7ecf\u9500\u5546), Partnerschaftsjubil\u00e4en und Auszeichnungen als Top-Lieferant.<\/li>\n<li><strong>Markt- und Markennamenauszeichnungen:\u00a0<\/strong>Machen Sie Ihren Erfolg mit aufsehenerregenden Auszeichnungen f\u00fcr Marktkonkurrenten, Produkteinf\u00fchrungen und Markenqualit\u00e4tsauszeichnungen \u00f6ffentlich bekannt.<\/li>\n<li><strong>Akademische und p\u00e4dagogische Leistungen:\u00a0<\/strong>Erinnern Sie an akademische Erfolge, ehren Sie angesehene Professoren oder verleihen Sie innovative \u201cAbschlusszertifikate\u201d f\u00fcr Schulungsprogramme und Workshops.<\/li>\n<li><strong>Gemeinn\u00fctzige und soziale Arbeit:\u00a0<\/strong>Kennzeichnen Sie die unverzichtbaren Beitr\u00e4ge von Spendern, Sponsoren und Freiwilligen mit einem sch\u00f6nen Andenken, das zeigt, wie sehr ihre Bem\u00fchungen gesch\u00e4tzt werden.<\/li>\n<li><strong>Pers\u00f6nliche Souvenirs und Geschenke:\u00a0<\/strong>Fertigen Sie ein einzigartiges Geschenk f\u00fcr einen pers\u00f6nlichen Meilenstein, eine sportliche Leistung oder einfach als stilvolles, individuelles Zeichen f\u00fcr einen lieben Menschen.<\/li>\n<\/ul>\n<p><img decoding=\"async\" class=\"size-full wp-image-1391\" src=\"https:\/\/customacrylicproduct.com\/wp-content\/uploads\/2025\/07\/Acrylic-Custom-Trophy-4.jpg\" alt=\"Individuelle Troph\u00e4e aus Acryl (4)\" width=\"800\" height=\"800\" srcset=\"https:\/\/customacrylicproduct.com\/wp-content\/uploads\/2025\/07\/Acrylic-Custom-Trophy-4.jpg 800w, https:\/\/customacrylicproduct.com\/wp-content\/uploads\/2025\/07\/Acrylic-Custom-Trophy-4-300x300.jpg 300w, https:\/\/customacrylicproduct.com\/wp-content\/uploads\/2025\/07\/Acrylic-Custom-Trophy-4-150x150.jpg 150w, https:\/\/customacrylicproduct.com\/wp-content\/uploads\/2025\/07\/Acrylic-Custom-Trophy-4-768x768.jpg 768w, https:\/\/customacrylicproduct.com\/wp-content\/uploads\/2025\/07\/Acrylic-Custom-Trophy-4-600x600.jpg 600w, https:\/\/customacrylicproduct.com\/wp-content\/uploads\/2025\/07\/Acrylic-Custom-Trophy-4-100x100.jpg 100w\" sizes=\"(max-width: 800px) 100vw, 800px\" \/><\/p>\n<p><strong>Eine dauerhafte Erkl\u00e4rung des Wertes\u00a0<\/strong>.<\/p>\n<p>Letztendlich ist eine Auszeichnung mehr als nur ein Gegenstand; sie ist ein wirkungsvolles Kommunikationsmittel. Eine hochwertige, individuell gestaltete Acryltroph\u00e4e zeigt dem Empf\u00e4nger, dass seine Leistung wichtig ist, dass seine Bem\u00fchungen gesehen werden und dass sein Erfolg auf h\u00f6chstem Niveau gesch\u00e4tzt wird. Die Troph\u00e4e ist ein konkreter Motivator, der sicherlich gerne auf einem Arbeitstisch, einem Regal oder in einer Vitrine ausgestellt wird und als st\u00e4ndiger Hinweis auf die erbrachte Leistung und als Motivationsquelle f\u00fcr andere dient.<\/p>\n<p>Entscheiden Sie sich daf\u00fcr, Erfolg mit Auszeichnung zu ehren. Arbeiten Sie mit uns zusammen, um ein ma\u00dfgeschneidertes Acryl-Meisterwerk zu entwickeln, das den Geist der Leistung und das Prestige Ihres Markennamens perfekt einf\u00e4ngt. Lassen Sie uns Ihnen helfen, Qualit\u00e4t zu verewigen.<\/p>","protected":false},"excerpt":{"rendered":"<p class=\"ng-star-inserted\"><span class=\"ng-star-inserted\">Erstellen Sie elegante Troph\u00e4en und Auszeichnungen aus Acryl f\u00fcr jeden Anlass. Personalisieren Sie diese kristallklaren Plaketten mit Ihrem Logo und Text. Sie eignen sich perfekt f\u00fcr Firmengeschenke, Souvenirs und Anerkennungsveranstaltungen. Es sind verschiedene Formen und hochwertige Druckarten wie Goldfolie erh\u00e4ltlich.<\/span><\/p>","protected":false},"featured_media":1388,"template":"","meta":{"_kad_post_transparent":"default","_kad_post_title":"","_kad_post_layout":"default","_kad_post_sidebar_id":"","_kad_post_content_style":"default","_kad_post_vertical_padding":"default","_kad_post_feature":"","_kad_post_feature_position":"","_kad_post_header":false,"_kad_post_footer":false,"_kad_post_classname":""},"product_brand":[],"product_cat":[19],"product_tag":[145],"class_list":{"0":"post-1387","1":"product","2":"type-product","3":"status-publish","4":"has-post-thumbnail","6":"product_cat-custom-acrylic-trophies-awards","7":"product_tag-acrylic-custom-trophy","9":"first","10":"instock","11":"shipping-taxable","12":"product-type-simple","13":"entry","14":"content-bg","15":"loop-entry"},"_links":{"self":[{"href":"https:\/\/customacrylicproduct.com\/de\/wp-json\/wp\/v2\/product\/1387","targetHints":{"allow":["GET"]}}],"collection":[{"href":"https:\/\/customacrylicproduct.com\/de\/wp-json\/wp\/v2\/product"}],"about":[{"href":"https:\/\/customacrylicproduct.com\/de\/wp-json\/wp\/v2\/types\/product"}],"wp:featuredmedia":[{"embeddable":true,"href":"https:\/\/customacrylicproduct.com\/de\/wp-json\/wp\/v2\/media\/1388"}],"wp:attachment":[{"href":"https:\/\/customacrylicproduct.com\/de\/wp-json\/wp\/v2\/media?parent=1387"}],"wp:term":[{"taxonomy":"product_brand","embeddable":true,"href":"https:\/\/customacrylicproduct.com\/de\/wp-json\/wp\/v2\/product_brand?post=1387"},{"taxonomy":"product_cat","embeddable":true,"href":"https:\/\/customacrylicproduct.com\/de\/wp-json\/wp\/v2\/product_cat?post=1387"},{"taxonomy":"product_tag","embeddable":true,"href":"https:\/\/customacrylicproduct.com\/de\/wp-json\/wp\/v2\/product_tag?post=1387"}],"curies":[{"name":"wp","href":"https:\/\/api.w.org\/{rel}","templated":true}]}}