{"id":1397,"date":"2025-07-21T03:57:19","date_gmt":"2025-07-21T03:57:19","guid":{"rendered":"https:\/\/customacrylicproduct.com\/?post_type=product&#038;p=1397"},"modified":"2025-07-21T03:57:19","modified_gmt":"2025-07-21T03:57:19","slug":"custom-acrylic-stand-cosmetic-display-counter-display-kiosk","status":"publish","type":"product","link":"https:\/\/customacrylicproduct.com\/de\/custom-acrylic-stand-cosmetic-display-counter-display-kiosk\/","title":{"rendered":"Benutzerdefinierte Acryl Stand Cosmetic Display Counter Display Kiosk"},"content":{"rendered":"<h3 id=\"-boost-your-brand-the-ultimate-guide-to-personalized-cosmetic-present-stands-\"><strong>St\u00e4rken Sie Ihre Marke: Der ultimative Leitfaden f\u00fcr personalisierte Kosmetikgeschenkest\u00e4nde<\/strong><\/h3>\n<p>In der lebhaften, wettbewerbsorientierten Welt der Kosmetik ist Ihr Produkt der Star. Aber auch der schillerndste Star braucht die richtige Phase, um richtig zu gl\u00e4nzen. In einer \u00fcberf\u00fcllten Einzelhandelsumgebung ist der erste Kontaktpunkt zwischen Ihrer Marke und einem potenziellen Kunden nicht der Artikel selbst, sondern der Bildschirm. Das ist der stille Verk\u00e4ufer Ihrer Marke, ihr physischer Botschafter und ihr Geschichtenerz\u00e4hler. Wir bieten die beste L\u00f6sung f\u00fcr Marken, die verbl\u00fcffen, involvieren und konvertieren wollen: unsere Produktlinie von\u00a0<strong>Personalisierte \u00e4sthetische Messest\u00e4nde, Theken und Kioske aus Polymer, Stahl und gemischten Materialien.\u00a0<\/strong>.<\/p>\n<p>Hier geht es nicht nur um Regale, sondern um die Schaffung eines immersiven Markenerlebnisses. Die Bilder zeigen eine Reihe von M\u00f6glichkeiten, von denen jede ein ma\u00dfgeschneidertes Meisterwerk ist, um bestimmte Markenauftritte und n\u00fctzliche Anforderungen zu erf\u00fcllen. Von eleganten Bodenst\u00e4ndern mit hohem Fassungsverm\u00f6gen bis hin zu interaktiven Premium-Tester-Kiosken - wir geben Ihnen die M\u00f6glichkeit, Ihrer Marke die wirkungsvolle Pr\u00e4senz zu verleihen, die ihr zusteht.<\/p>\n<p><img fetchpriority=\"high\" decoding=\"async\" class=\"size-full wp-image-1398\" src=\"https:\/\/customacrylicproduct.com\/wp-content\/uploads\/2025\/07\/Custom-Acrylic-Stand-Cosmetic-Display-1.jpg\" alt=\"Individueller Acrylst\u00e4nder Kosmetikdisplay (1)\" width=\"800\" height=\"800\" srcset=\"https:\/\/customacrylicproduct.com\/wp-content\/uploads\/2025\/07\/Custom-Acrylic-Stand-Cosmetic-Display-1.jpg 800w, https:\/\/customacrylicproduct.com\/wp-content\/uploads\/2025\/07\/Custom-Acrylic-Stand-Cosmetic-Display-1-300x300.jpg 300w, https:\/\/customacrylicproduct.com\/wp-content\/uploads\/2025\/07\/Custom-Acrylic-Stand-Cosmetic-Display-1-150x150.jpg 150w, https:\/\/customacrylicproduct.com\/wp-content\/uploads\/2025\/07\/Custom-Acrylic-Stand-Cosmetic-Display-1-768x768.jpg 768w, https:\/\/customacrylicproduct.com\/wp-content\/uploads\/2025\/07\/Custom-Acrylic-Stand-Cosmetic-Display-1-600x600.jpg 600w, https:\/\/customacrylicproduct.com\/wp-content\/uploads\/2025\/07\/Custom-Acrylic-Stand-Cosmetic-Display-1-100x100.jpg 100w\" sizes=\"(max-width: 800px) 100vw, 800px\" \/><\/p>\n<h4 id=\"-the-power-of-a-purpose-built-display-more-than-simply-furniture-\"><strong>Die Kraft eines speziell angefertigten Displays: Mehr als nur M\u00f6bel<\/strong><\/h4>\n<p>Stellen Sie sich einen Verbraucher vor, der einen belebten Gang entlanggeht. Was l\u00e4sst ihn innehalten? Es ist eine Kombination aus Schatten, Licht, Form und Geschichte. Ein allgemeines Regal sagt nichts aus, aber ein individuell gestaltetes Display spricht B\u00e4nde.<\/p>\n<ul>\n<li><strong>Befehlsschwerpunkt:\u00a0<\/strong>Wie das dynamische pinkfarbene \u201cYCIO\u201d-Display zeigt, ziehen eine mutige Farbgebung und eine einzigartige Struktur die Blicke im gesamten Gesch\u00e4ft sofort auf sich. Es vermittelt ein Bild von Spa\u00df, jugendlichem Elan und Power und entspricht damit genau der Zielgruppe des Unternehmens.<\/li>\n<li><strong>Kommunikation der Markenidentit\u00e4t:\u00a0<\/strong>Ihr Display ist eine dreidimensionale Erweiterung der \u00dcbersicht \u00fcber Ihren Markennamen. Der tiefblaue und wei\u00dfe Stand \u201cYCIO INTERNATIONAL MAKE-UP\u201d strahlt Klasse, Professionalit\u00e4t und Vertrauen aus. Seine klaren Linien, sein geordnetes Design und seine spezialisierten Fotomodelle erz\u00e4hlen eine Geschichte von hoher Leistung und globaler Qualit\u00e4t. In \u00e4hnlicher Weise schreit das schwarz-rote \u201cshowself\u201d-Ger\u00e4t mit seinen scharfen Winkeln und seiner konzentrierten Beleuchtung modern, kantig und professionell.<\/li>\n<li><strong>Interaktion und Test motivieren:\u00a0<\/strong>Ein gelungener Bildschirm l\u00e4dt die Verbraucher zum Anfassen, F\u00fchlen und Ausprobieren ein. Der \u201cshowself\u201d-Stand ist ein Meisterwerk in diesem Bereich, mit einem eigenen Spiegel und ordentlich aufgestellten Testern f\u00fcr Strukturen, Eyeliner und Lippenstifte. So wird aus dem passiven St\u00f6bern ein aktives, taktiles Erlebnis, das die Wahrscheinlichkeit eines Kaufs drastisch erh\u00f6ht.<\/li>\n<\/ul>\n<p><img decoding=\"async\" class=\"size-full wp-image-1399\" src=\"https:\/\/customacrylicproduct.com\/wp-content\/uploads\/2025\/07\/Custom-Acrylic-Stand-Cosmetic-Display-2.jpg\" alt=\"Individueller Acrylst\u00e4nder Kosmetikdisplay (2)\" width=\"800\" height=\"800\" srcset=\"https:\/\/customacrylicproduct.com\/wp-content\/uploads\/2025\/07\/Custom-Acrylic-Stand-Cosmetic-Display-2.jpg 800w, https:\/\/customacrylicproduct.com\/wp-content\/uploads\/2025\/07\/Custom-Acrylic-Stand-Cosmetic-Display-2-300x300.jpg 300w, https:\/\/customacrylicproduct.com\/wp-content\/uploads\/2025\/07\/Custom-Acrylic-Stand-Cosmetic-Display-2-150x150.jpg 150w, https:\/\/customacrylicproduct.com\/wp-content\/uploads\/2025\/07\/Custom-Acrylic-Stand-Cosmetic-Display-2-768x768.jpg 768w, https:\/\/customacrylicproduct.com\/wp-content\/uploads\/2025\/07\/Custom-Acrylic-Stand-Cosmetic-Display-2-600x600.jpg 600w, https:\/\/customacrylicproduct.com\/wp-content\/uploads\/2025\/07\/Custom-Acrylic-Stand-Cosmetic-Display-2-100x100.jpg 100w\" sizes=\"(max-width: 800px) 100vw, 800px\" \/><\/p>\n<h4 id=\"-the-art-of-personalization-your-vision-brought-to-life-\"><strong>Die Kunst der Personalisierung: Ihre Vision, zum Leben erweckt<\/strong><\/h4>\n<p>\u201d Ma\u00dfgeschneidert\u201d ist das Herzst\u00fcck unserer Arbeit. Unser Unternehmen ist der Meinung, dass eine Einheitsgr\u00f6\u00dfe nicht ausreicht, um die einzigartige Bedeutung Ihres Markennamens zu erfassen. Unser Layout- und Produktionsverfahren ist eine kollektive Reise, um eine Leinwand zu schaffen, die unverkennbar Ihre eigene ist.<\/p>\n<p><strong>1. Ma\u00dfgeschneiderter Rahmen und Form:\u00a0<\/strong>. Die Grundlage eines jeden hervorragenden Bildschirms ist seine Struktur. Wir gehen \u00fcber einfache Boxen hinaus und produzieren lebendige Formen, die Ihre Produkte verbessern.<\/p>\n<ul>\n<li><strong>Bodenstehende Ger\u00e4te:\u00a0<\/strong>Wie alle 4 Bilder zeigen, sind Bodenst\u00e4nder m\u00e4chtige Werkzeuge f\u00fcr die Entwicklung eines \u201cLadens im Laden\u201d. Sie k\u00f6nnen eine gro\u00dfe Menge an Waren aufnehmen, wie der \u201ckulio\u201d-Stand mit seinen verschiedenen Reihen von Artikeln, oder sie k\u00f6nnen eine kuratierte Kollektion anbieten, wie die \u201cYCIO\u201d- und \u201cshowself\u201d-Systeme im Stil einer Extra-Boutique.<\/li>\n<li><strong>Besondere Gestaltungselemente:\u00a0<\/strong>Wir integrieren charakteristische Details, die Ihren Bildschirm bemerkenswert machen. Beachten Sie den lebhaften, gro\u00dfen Lippenstiftkuss-Header auf dem \u201ckulio\u201d-Stand - ein skurriler Touch, der sofort ins Ged\u00e4chtnis zur\u00fcckkehrt. Oder denken Sie an den auff\u00e4lligen, zylindrischen Sockel mit Bonbonstreifen am himmlischen \u201cYCIO\u201d-St\u00e4nder, ein raffiniertes architektonisches Detail, das einen Hauch von Luxus verleiht.<\/li>\n<\/ul>\n<p><strong>2. Pr\u00e4sentation strategischer Punkte:\u00a0<\/strong>. Die Art und Weise, wie Ihre Produkte pr\u00e4sentiert werden, ist genauso wichtig wie der Stand selbst. Wir erstellen Layouts, die sowohl \u00e4sthetisch ansprechend als auch zuverl\u00e4ssig sind.<\/p>\n<ul>\n<li><strong>High-Density-Regale:\u00a0<\/strong>F\u00fcr Marken mit gro\u00dfen Farbpaletten oder Produktlinien ist ein geordnetes Regal unerl\u00e4sslich. Der schwarz-orangefarbene \u201ckulio\u201d-St\u00e4nder zeigt, wie man viele Artikel \u00fcbersichtlich und griffbereit pr\u00e4sentieren kann, so dass die Verbraucher schnell die gesamte Kollektion pr\u00fcfen k\u00f6nnen.<\/li>\n<li><strong>Stecktafeln und h\u00e4ngende Bildschirme:\u00a0<\/strong>Der rosafarbene \u201cYCIO\u201d-St\u00e4nder verf\u00fcgt \u00fcber ein Aufh\u00e4ngesystem, das sich perfekt f\u00fcr Produkte in wunden Packungen eignet. Diese offene, bel\u00fcftete Anordnung macht jeden Artikel einzeln sichtbar und leicht zu erreichen.<\/li>\n<li><strong>Engagierte Teststationen:\u00a0<\/strong>F\u00fcr ein Kostenerlebnis sind die integrierten Tester unerl\u00e4sslich. Die \u201cshowself\u201d- und blauen \u201cYCIO\u201d-Displays verf\u00fcgen \u00fcber speziell geformte F\u00e4cher f\u00fcr jede Art von Produkt - Lippenstifte, Puder und Foundations. So bleibt der Bildschirm nicht nur aufger\u00e4umt, sondern es wird auch ein hohes Ma\u00df an Behandlung und Qualit\u00e4t gew\u00e4hrleistet.<\/li>\n<\/ul>\n<p><strong>3. Integriertes Branding und Grafiken:\u00a0<\/strong>. Ihr Bildschirm ist Ihre bekannteste Werbung im Gesch\u00e4ft. Wir integrieren Ihr Branding makellos und mit maximaler Wirkung.<\/p>\n<ul>\n<li><strong>Kopfteil und Seitenteile:\u00a0<\/strong>Diese gro\u00dfformatigen St\u00e4nde sind der ideale Platz f\u00fcr Ihr Logo, Ihre wichtigen visuellen Elemente und Kampagnenbilder. Von den spektakul\u00e4ren Fotomodellen auf den \u201cshowself\u201d- und \u201cYCIO\u201d-St\u00e4nden bis hin zu den lebendigen, markenzentrierten Grafiken sorgen wir daf\u00fcr, dass Ihre Botschaft im Vordergrund steht.<\/li>\n<li><strong>Farbabstimmung:\u00a0<\/strong>Wir sind in der Lage, die Pantone-Farben Ihres Markennamens genau abzustimmen, um eine vollst\u00e4ndige Konsistenz von der Produktverpackung bis zur Sichtbarkeit am Verkaufsort zu gew\u00e4hrleisten. Die koh\u00e4renten Farbt\u00f6ne in jedem der Beispielfotos sind ein Beweis f\u00fcr diese sorgf\u00e4ltige Konzentration auf Informationen.<\/li>\n<\/ul>\n<p><img decoding=\"async\" class=\"size-full wp-image-1401\" src=\"https:\/\/customacrylicproduct.com\/wp-content\/uploads\/2025\/07\/Custom-Acrylic-Stand-Cosmetic-Display-4.jpg\" alt=\"Individueller Acrylst\u00e4nder Kosmetikdisplay (4)\" width=\"800\" height=\"800\" srcset=\"https:\/\/customacrylicproduct.com\/wp-content\/uploads\/2025\/07\/Custom-Acrylic-Stand-Cosmetic-Display-4.jpg 800w, https:\/\/customacrylicproduct.com\/wp-content\/uploads\/2025\/07\/Custom-Acrylic-Stand-Cosmetic-Display-4-300x300.jpg 300w, https:\/\/customacrylicproduct.com\/wp-content\/uploads\/2025\/07\/Custom-Acrylic-Stand-Cosmetic-Display-4-150x150.jpg 150w, https:\/\/customacrylicproduct.com\/wp-content\/uploads\/2025\/07\/Custom-Acrylic-Stand-Cosmetic-Display-4-768x768.jpg 768w, https:\/\/customacrylicproduct.com\/wp-content\/uploads\/2025\/07\/Custom-Acrylic-Stand-Cosmetic-Display-4-600x600.jpg 600w, https:\/\/customacrylicproduct.com\/wp-content\/uploads\/2025\/07\/Custom-Acrylic-Stand-Cosmetic-Display-4-100x100.jpg 100w\" sizes=\"(max-width: 800px) 100vw, 800px\" \/><\/p>\n<h4 id=\"-material-excellence-the-right-tool-for-your-message-\"><strong>Exzellente Materialien: Das richtige Werkzeug f\u00fcr Ihre Botschaft<\/strong><\/h4>\n<p>Obwohl der Name \u201cCustom-made Acrylic Stand\u201d besagt, reicht unsere Erfahrung bis zu einer kompletten Kollektion von Premium-Produkten, die wir ausgew\u00e4hlt haben, um das beste Gleichgewicht zwischen Aussehen, Langlebigkeit und Budgetplan zu erreichen.<\/p>\n<ul>\n<li><strong>Kristallklares Polymer:\u00a0<\/strong>Polymer (oder Plexiglas) ist die goldene Voraussetzung f\u00fcr \u00e4sthetische Displays. Seine optische Klarheit vermittelt ein luxuri\u00f6ses, hochwertiges Gef\u00fchl, das es den Produkten erm\u00f6glicht, im Mittelpunkt zu stehen. Dar\u00fcber hinaus ist es sehr funktionell, effizient in der Herstellung, lasergeschnitten in detaillierte Formen und bedruckt mit atemberaubender Aufl\u00f6sung. Es wird f\u00fcr Testerhalter, Sicherheitsfronten und edle Regale verwendet.<\/li>\n<li><strong>Langlebiger und dynamischer Stahl:\u00a0<\/strong>F\u00fcr architektonische Stabilit\u00e4t und ein zeitgem\u00e4\u00dfes kommerzielles Erscheinungsbild ist Metall eine ausgezeichnete Wahl. Das Gestell des rosafarbenen \u201cYCIO\u201d-Standes ist ein ideales Beispiel f\u00fcr die Verwendung von Metall zur Herstellung eines stabilen und dennoch leichten Rahmens, der in jeder erdenklichen Farbe pulverbeschichtet werden kann.<\/li>\n<li><strong>Vielseitiges Holz und MDF:\u00a0<\/strong>F\u00fcr massive, signifikante Strukturen verwenden wir oft Holz oder mitteldichte Faserplatten (MDF). Diese Materialien eignen sich am besten f\u00fcr den Hauptk\u00f6rper von Kiosken und gr\u00f6\u00dferen Bodenst\u00e4ndern. Sie bieten eine haltbare Basis, die mit hochwertigen Laminaten, Furnieren oder Farbe veredelt werden kann, wie bei den Grundger\u00fcsten der Bildschirme \u201ckulio\u201d und \u201cshowself\u201d zu sehen.<\/li>\n<li><strong>Eindrucksvolles Video und Beleuchtung:\u00a0<\/strong>Ein Bildschirm wird mit Grafiken und Licht geboren. Wir nutzen moderne Drucktechniken f\u00fcr fotorealistische Bilder und k\u00f6nnen LED-Beleuchtung integrieren, um Produkte ins rechte Licht zu r\u00fccken, einen Halo-Effekt um die Kopfzeile herum zu erzeugen oder ganze Paneele von hinten zu beleuchten, um eine signifikante, nicht zu \u00fcbersehende Ausstrahlung zu erzielen.<\/li>\n<\/ul>\n<h4 id=\"-the-perfect-gift-for-your-brand-name-\"><strong>Das perfekte Geschenk f\u00fcr Ihren Markennamen<\/strong><\/h4>\n<p>Warum nennen wir diese Displays \u201cGeschenke\u201d? Weil die Investition in ein ma\u00dfgeschneidertes Point-of-Sale-Produkt eines der vorteilhaftesten Geschenke ist, die Sie Ihrer Marke machen k\u00f6nnen. Es ist ein Geschenk der Sichtbarkeit, der gesteigerten Wahrnehmung und letztendlich des erh\u00f6hten Absatzes. Es ist der letzte, wesentliche Schritt auf Ihrer Werbe- und Marketingreise, der sicherstellt, dass all die M\u00fche, die Sie in die Entwicklung eines herausragenden Produkts gesteckt haben, auch wahrgenommen wird, wenn Sie sich entscheiden.<\/p>\n<p>Ganz gleich, ob Sie eine neue Produktlinie auf den Markt bringen, in ein gr\u00f6\u00dferes Gesch\u00e4ft gehen, an einer Messe teilnehmen oder die Pr\u00e4senz Ihrer Marke in den Gesch\u00e4ften neu beleben wollen, unsere ma\u00dfgeschneiderten Displays sind der Schl\u00fcssel zu einer nachhaltigen Wahrnehmung. Lassen Sie uns zusammenarbeiten, um die Phase zu entwickeln, die Ihre Produkte haben sollten. Setzen Sie sich noch heute mit uns in Verbindung und beginnen Sie mit der Entwicklung einer wunderbaren Erfolgsgeschichte f\u00fcr Ihren Markennamen.<\/p>","protected":false},"excerpt":{"rendered":"<p class=\"ng-star-inserted\"><span class=\"ng-star-inserted\">St\u00e4rken Sie Ihre Marke mit unseren ma\u00dfgeschneiderten Kosmetikst\u00e4ndern. Wir entwerfen aufmerksamkeitsstarke Kioske und Theken f\u00fcr Make-up und Hautpflege. Hochwertige Acryl- und Metalldisplays, vollst\u00e4ndig mit Ihrem Logo und Ihren Grafiken versehen, um Kunden anzuziehen und den Umsatz zu steigern.<\/span><\/p>","protected":false},"featured_media":1398,"template":"","meta":{"_kad_post_transparent":"default","_kad_post_title":"","_kad_post_layout":"default","_kad_post_sidebar_id":"","_kad_post_content_style":"default","_kad_post_vertical_padding":"default","_kad_post_feature":"","_kad_post_feature_position":"","_kad_post_header":false,"_kad_post_footer":false,"_kad_post_classname":""},"product_brand":[],"product_cat":[15],"product_tag":[33],"class_list":{"0":"post-1397","1":"product","2":"type-product","3":"status-publish","4":"has-post-thumbnail","6":"product_cat-custom-acrylic-displays","7":"product_tag-custom-acrylic-display","9":"first","10":"instock","11":"shipping-taxable","12":"product-type-simple","13":"entry","14":"content-bg","15":"loop-entry"},"_links":{"self":[{"href":"https:\/\/customacrylicproduct.com\/de\/wp-json\/wp\/v2\/product\/1397","targetHints":{"allow":["GET"]}}],"collection":[{"href":"https:\/\/customacrylicproduct.com\/de\/wp-json\/wp\/v2\/product"}],"about":[{"href":"https:\/\/customacrylicproduct.com\/de\/wp-json\/wp\/v2\/types\/product"}],"wp:featuredmedia":[{"embeddable":true,"href":"https:\/\/customacrylicproduct.com\/de\/wp-json\/wp\/v2\/media\/1398"}],"wp:attachment":[{"href":"https:\/\/customacrylicproduct.com\/de\/wp-json\/wp\/v2\/media?parent=1397"}],"wp:term":[{"taxonomy":"product_brand","embeddable":true,"href":"https:\/\/customacrylicproduct.com\/de\/wp-json\/wp\/v2\/product_brand?post=1397"},{"taxonomy":"product_cat","embeddable":true,"href":"https:\/\/customacrylicproduct.com\/de\/wp-json\/wp\/v2\/product_cat?post=1397"},{"taxonomy":"product_tag","embeddable":true,"href":"https:\/\/customacrylicproduct.com\/de\/wp-json\/wp\/v2\/product_tag?post=1397"}],"curies":[{"name":"wp","href":"https:\/\/api.w.org\/{rel}","templated":true}]}}