{"id":1403,"date":"2025-07-21T04:14:24","date_gmt":"2025-07-21T04:14:24","guid":{"rendered":"https:\/\/customacrylicproduct.com\/?post_type=product&#038;p=1403"},"modified":"2025-07-21T04:14:24","modified_gmt":"2025-07-21T04:14:24","slug":"gift-box-clear-acrylic-flower-bag-portable-flower-basket","status":"publish","type":"product","link":"https:\/\/customacrylicproduct.com\/de\/gift-box-clear-acrylic-flower-bag-portable-flower-basket\/","title":{"rendered":"Geschenkbox Klarer Acryl-Blumenbeutel Tragbarer Blumenkorb"},"content":{"rendered":"<h3 id=\"sophistication-redefined-the-ultimate-clear-polymer-flower-present-box-a-modern-declaration-of-elegance\">Raffinesse neu definiert: Die ultimative Blumen- und Geschenkbox aus klarem Polymer - eine moderne Erkl\u00e4rung der Eleganz<\/h3>\n<p>In einer Welt voller fl\u00fcchtiger Trends und nicht wiederverwendbarer Verpackungen gibt es ein Objekt von zeitloser Anziehungskraft und dauerhafter Funktion: den Clear Polymer Flower Basket and Gift Box. Es handelt sich nicht einfach um einen Beh\u00e4lter, sondern um eine kristallklare Phase, eine minimale Leinwand, die die Kunst des Schenkens, den floralen Stil und den individuellen Stil zu einem unvergesslichen Erlebnis werden l\u00e4sst. Vergessen Sie herk\u00f6mmliche Papierverpackungen, die die Sch\u00f6nheit verdecken, und Weidenk\u00f6rbe, die einer l\u00e4ngst vergangenen Zeit angeh\u00f6ren. Treten Sie ein in eine neue Welt des modernen High-End, in der Ihr Geschenk nicht nur geliefert, sondern auch wunderbar in Szene gesetzt wird.<\/p>\n<p>Dieser aus kostbarem, hochwertigem Acryl gefertigte, mobile Korb definiert neu, was es bedeutet, zu geben und zu empfangen. Seine makellose Offenheit und die sauberen, geometrischen Linien erzeugen eine sensationelle visuelle Wirkung, die es den Materialien im Inneren erlaubt, ins Rampenlicht zu treten - sei es ein dynamisches Arrangement frischer Pfingstrosen, eine kuratierte Sammlung von Luxusg\u00fctern oder Ihre ganz eigenen trendigen Basics. Dies ist ein designorientierter Artikel, der von Durchdachtheit, Fantasie und einem bemerkenswerten Auge f\u00fcr moderne \u00c4sthetik zeugt.<\/p>\n<p><img fetchpriority=\"high\" decoding=\"async\" class=\"size-full wp-image-1406\" src=\"https:\/\/customacrylicproduct.com\/wp-content\/uploads\/2025\/07\/Acrylic-Flower-Bag-3.jpg\" alt=\"Acryl-Blumentasche (3)\" width=\"800\" height=\"800\" srcset=\"https:\/\/customacrylicproduct.com\/wp-content\/uploads\/2025\/07\/Acrylic-Flower-Bag-3.jpg 800w, https:\/\/customacrylicproduct.com\/wp-content\/uploads\/2025\/07\/Acrylic-Flower-Bag-3-300x300.jpg 300w, https:\/\/customacrylicproduct.com\/wp-content\/uploads\/2025\/07\/Acrylic-Flower-Bag-3-150x150.jpg 150w, https:\/\/customacrylicproduct.com\/wp-content\/uploads\/2025\/07\/Acrylic-Flower-Bag-3-768x768.jpg 768w, https:\/\/customacrylicproduct.com\/wp-content\/uploads\/2025\/07\/Acrylic-Flower-Bag-3-600x600.jpg 600w, https:\/\/customacrylicproduct.com\/wp-content\/uploads\/2025\/07\/Acrylic-Flower-Bag-3-100x100.jpg 100w\" sizes=\"(max-width: 800px) 100vw, 800px\" \/><\/p>\n<p><strong>Eine Harmonie von Typ und Funktion<\/strong><\/p>\n<p>In seinem Kern ist dieser Gegenstand eine Meisterklasse in minimalem Design. Aus dickem, haltbarem Acryl gefertigt, bietet es die makellose Klarheit von Glas, ohne dessen Zerbrechlichkeit und Gewicht. Das Produkt ist bruchsicher, leicht und unglaublich pflegeleicht, so dass seine fantastische Ausstrahlung \u00fcber viele Jahre hinweg erhalten bleibt. Die nahtlose Konstruktion und die glatten Kanten lassen das Licht wunderbar zur Geltung kommen und sorgen f\u00fcr eine galerie\u00e4hnliche Qualit\u00e4t, die alles, was sie enth\u00e4lt, aufwertet. Ganz gleich, ob Sie sich f\u00fcr die flexible rechteckige Form oder den edlen, kleinen W\u00fcrfel entscheiden, Sie investieren in ein St\u00fcck funktionaler Kunst.<\/p>\n<p>Um den unterschiedlichen Geschm\u00e4ckern und Anl\u00e4ssen gerecht zu werden, wird diese sch\u00f6ne Box mit 2 verschiedenen Griffoptionen angeboten, die jeweils eine einzigartige Pers\u00f6nlichkeit bieten:.<\/p>\n<ol>\n<li><strong>Der moderne Minimalistengriff:\u00a0<\/strong>F\u00fcr diejenigen, die eine glatte, integrierte Gestaltung sch\u00e4tzen, ist der starke Acrylgriff eine ideale Option. Er f\u00fcgt sich perfekt in den Korpus des Korbes ein und ist mit raffinierten, hochwertigen Metallnieten verbunden, die einen Hauch von kommerzieller Eleganz vermitteln. Diese Variante ist die Verk\u00f6rperung eines unaufdringlichen Stils - stark, sauber und einfach zeitgem\u00e4\u00df. Es ist eine vielseitige und geschlechtsneutrale Option, ideal f\u00fcr Firmengeschenke, anspruchsvolles Wohndesign und moderne Blumenarrangements.<\/li>\n<li><strong>Der Touch of Luxe Perlenpflege:\u00a0<\/strong>Das abnehmbare Perlenmanagement ist die Definition klassischer Sch\u00f6nheit und erhebt den Artikel von einem wundersch\u00f6nen Beh\u00e4ltnis zu einem deklarativen Modeaccessoire. Ein anmutiger Bogen gl\u00e4nzender, \u00fcbergro\u00dfer Kunstperlen ist mit raffinierten goldfarbenen Verschl\u00fcssen verbunden, so dass er leicht angebracht oder entfernt werden kann. Dadurch verwandelt sich die Acrylbox in eine stilvolle, aufsehenerregende Tasche, die an High-Fashion-Weggef\u00e4hrten erinnert. Es ist die perfekte Wahl f\u00fcr Hochzeiten, Hochzeitsduschen, bedeutende Geburtstagsfeiern oder f\u00fcr modebewusste Menschen, die gerne zeitlose Liebe mit zeitgen\u00f6ssischem Design kombinieren.<\/li>\n<\/ol>\n<p><img decoding=\"async\" class=\"size-full wp-image-1404\" src=\"https:\/\/customacrylicproduct.com\/wp-content\/uploads\/2025\/07\/Acrylic-Flower-Bag-1.jpg\" alt=\"Acryl-Blumentasche (1)\" width=\"800\" height=\"800\" srcset=\"https:\/\/customacrylicproduct.com\/wp-content\/uploads\/2025\/07\/Acrylic-Flower-Bag-1.jpg 800w, https:\/\/customacrylicproduct.com\/wp-content\/uploads\/2025\/07\/Acrylic-Flower-Bag-1-300x300.jpg 300w, https:\/\/customacrylicproduct.com\/wp-content\/uploads\/2025\/07\/Acrylic-Flower-Bag-1-150x150.jpg 150w, https:\/\/customacrylicproduct.com\/wp-content\/uploads\/2025\/07\/Acrylic-Flower-Bag-1-768x768.jpg 768w, https:\/\/customacrylicproduct.com\/wp-content\/uploads\/2025\/07\/Acrylic-Flower-Bag-1-600x600.jpg 600w, https:\/\/customacrylicproduct.com\/wp-content\/uploads\/2025\/07\/Acrylic-Flower-Bag-1-100x100.jpg 100w\" sizes=\"(max-width: 800px) 100vw, 800px\" \/><\/p>\n<p><strong>Der grenzenlosen Fantasie freien Lauf lassen: Eine Vielzahl von Verwendungen<\/strong><\/p>\n<p>Die wahre Genialit\u00e4t des Clear Polymer Blossom Basket liegt in seiner beeindruckenden Anpassungsf\u00e4higkeit. Seine Funktion wird nur durch Ihre Kreativit\u00e4t begrenzt.<\/p>\n<p><strong>F\u00fcr den vertr\u00e4umten Blumendesigner und Bastler:\u00a0<\/strong>. Dies ist das beste Gef\u00e4\u00df f\u00fcr moderne florale Kreativit\u00e4t. Das wasserdichte Design erm\u00f6glicht die Verwendung von Blumenschaum f\u00fcr frisch geschnittene Arrangements und erzeugt die bezaubernde Illusion von Blumen, die in einer Kristallbox schweben. Die transparenten W\u00e4nde fordern Sie auf, sich Gedanken \u00fcber die gesamte Komposition zu machen, von der Idee der Blumen bis hin zu den kunstvoll gestalteten Stielen. Er ist ideal, um einzelne, bemerkenswerte Blumen wie eine Orchidee oder eine Hortensie zu pr\u00e4sentieren oder ein \u00fcppiges Arrangement im Gartenstil zu gestalten. F\u00fcr ein Geschenk, das lange h\u00e4lt, k\u00f6nnen Sie es mit konservierten oder unverg\u00e4nglichen Rosen best\u00fccken und so ein sensationelles Andenken schaffen, das gleichzeitig als langfristige Dekoration f\u00fcr Ihr Zuhause dient.<\/p>\n<p><strong>F\u00fcr den kritischen Schenkenden:\u00a0<\/strong>. Erh\u00f6hen Sie Ihr Schenken auf eine k\u00fcnstlerische Art. Diese Acrylbox ist eine der extravagantesten Geschenkverpackungen, die man sich vorstellen kann, und wird so zu einem unverzichtbaren und recycelbaren Bestandteil des Hier und Jetzt selbst.<\/p>\n<ul>\n<li><strong>Charme &amp; Hautpflege:\u00a0<\/strong>Kreieren Sie mit hochwertigen Seren, Parfums und Kosmetika ein ma\u00dfgeschneidertes Accessoire.<\/li>\n<li><strong>Exquisiter Nervenkitzel:\u00a0<\/strong>Arrangieren Sie handwerklich hergestellte Pralinen, Macarons, eine kleine Spirituose oder eine Flasche guten Champagners.<\/li>\n<li><strong>Vorschl\u00e4ge f\u00fcr Brautjungfern und Trauzeugen:\u00a0<\/strong>F\u00fcllen Sie es mit einer Miniflasche Prosecco, einem Seidenbademantel, ma\u00dfgefertigtem Schmuck oder einem exklusiven Pflegeset. Das Paket selbst ist ein Dankesch\u00f6n, das sie sicherlich zu sch\u00e4tzen wissen werden.<\/li>\n<li><strong>Duschen f\u00fcr Kleinkinder:\u00a0<\/strong>Bestehende bezaubernde Booties, eine silberne Rassel und kostenpflichtige S\u00e4uglingspflegeartikel in einem Paket, das die neuen Eltern sp\u00e4ter f\u00fcr das Babyzimmer verwenden k\u00f6nnen.<\/li>\n<\/ul>\n<p><strong>F\u00fcr die modebewusste Person:\u00a0<\/strong>. Mit der angebrachten Perlenkette ist dies mehr als eine Schachtel - es ist eine Handtasche. Ein Accessoire, das f\u00fcr Gespr\u00e4chsstoff sorgt - perfekt f\u00fcr Hochzeiten, Gartenveranstaltungen, Vernissagen oder ein elegantes Fr\u00fchst\u00fcck. Ihre transparente Beschaffenheit l\u00e4dt dazu ein, Ihre wichtigsten Utensilien zu pr\u00e4sentieren: einen Designer-Lippenstift, einen eleganten Kartenhalter, Ihr Telefon und Geheimnisse. Es ist ein lebendiges Deklarationsst\u00fcck, das sowohl lebhaft als auch au\u00dfergew\u00f6hnlich raffiniert ist.<\/p>\n<p><strong>F\u00fcr die Liebhaber von exquisitem Wohndesign:\u00a0<\/strong>. Noch lange nachdem die Bl\u00fcten verbl\u00fcht sind oder das Geschenk ausgepackt wurde, leistet diese Acrylbox ihren Dienst mit Stil.<\/p>\n<ul>\n<li><strong>Vanity Organizer:\u00a0<\/strong>Verwandeln Sie Ihren Garderobentisch in eine luxuri\u00f6se Theke, indem Sie ihn zur Aufbewahrung von Make-up-Pinseln, Kombinationen oder Nagellack-Kollektionen nutzen.<\/li>\n<li><strong>Caddy f\u00fcr den Schreibtisch:\u00a0<\/strong>Bringen Sie Ordnung und Eleganz in Ihren Arbeitsbereich, indem Sie Ihre besten Stifte, Schreibwaren und Arbeitsmaterialien organisieren.<\/li>\n<li><strong>Mittelst\u00fcck:\u00a0<\/strong>Nutzen Sie sie auf einem Couchtisch oder Esstisch als Langzeitvase oder als Aufbewahrungsort f\u00fcr Ziergegenst\u00e4nde, saisonalen Schmuck oder Kerzen (im Schutzglas).<\/li>\n<li><strong>Memory Box:\u00a0<\/strong>Zeigen Sie wertvolle Erinnerungsst\u00fccke, Bilder oder Reiseandenken in einem staubfreien, eleganten Display.<\/li>\n<\/ul>\n<p><img decoding=\"async\" class=\"size-full wp-image-1405\" src=\"https:\/\/customacrylicproduct.com\/wp-content\/uploads\/2025\/07\/Acrylic-Flower-Bag-2.jpg\" alt=\"Acryl-Blumentasche (2)\" width=\"800\" height=\"800\" srcset=\"https:\/\/customacrylicproduct.com\/wp-content\/uploads\/2025\/07\/Acrylic-Flower-Bag-2.jpg 800w, https:\/\/customacrylicproduct.com\/wp-content\/uploads\/2025\/07\/Acrylic-Flower-Bag-2-300x300.jpg 300w, https:\/\/customacrylicproduct.com\/wp-content\/uploads\/2025\/07\/Acrylic-Flower-Bag-2-150x150.jpg 150w, https:\/\/customacrylicproduct.com\/wp-content\/uploads\/2025\/07\/Acrylic-Flower-Bag-2-768x768.jpg 768w, https:\/\/customacrylicproduct.com\/wp-content\/uploads\/2025\/07\/Acrylic-Flower-Bag-2-600x600.jpg 600w, https:\/\/customacrylicproduct.com\/wp-content\/uploads\/2025\/07\/Acrylic-Flower-Bag-2-100x100.jpg 100w\" sizes=\"(max-width: 800px) 100vw, 800px\" \/><\/p>\n<p><strong>Das Geschenk, das immer weitergegeben wird<\/strong><\/p>\n<p>Die Entscheidung f\u00fcr die Blumen- und Geschenkbox aus klarem Acryl ist ein Zeichen f\u00fcr Nachhaltigkeit und R\u00fccksichtnahme. Im Gegensatz zu Papier und Pappe, die schnell entsorgt werden, ist dies ein Artikel f\u00fcr die Ewigkeit, der entwickelt wurde, um wiederverwendet zu werden und ein Leben lang gesch\u00e4tzt zu werden. Es reduziert die Abfallmenge und ist gleichzeitig ein dauerhaftes, sch\u00f6nes St\u00fcck f\u00fcr die Wohnung oder den Kleiderschrank.<\/p>\n<p>Es ist das beste Geschenk f\u00fcr jeden Anlass: Valentinstag, Muttertag, Hochzeitsjubil\u00e4en, Geburtstage, Hochzeiten, Einweihungen oder einfach nur so, um jemandem zu zeigen, wie viel er Ihnen bedeutet. So wird ein einfaches Arrangement zu einer beeindruckenden Installation und ein durchdachtes Geschenk zu einem kuratierten Schatz.<\/p>\n<p>Machen Sie sich die Klarheit des zeitgen\u00f6ssischen Stils zu eigen. Erh\u00f6hen Sie Ihre Botschaften der Liebe, des Ereignisses und des Stils. W\u00e4hlen Sie den Clear Acrylic Blossom Basket &amp; Gift Box, und bieten ein Geschenk, das so atemberaubend, vielseitig und klar wie Ihre Absichten ist.<\/p>","protected":false},"excerpt":{"rendered":"<p class=\"ng-star-inserted\"><span class=\"ng-star-inserted\">Werten Sie Ihre Geschenke mit unserem schicken Blumenkorb aus Acryl auf. Diese durchsichtige, tragbare Box mit einem eleganten Perlen- oder Acrylgriff ist eine wunderbare Pr\u00e4sentation f\u00fcr Blumenarrangements, Kosmetika oder ausgew\u00e4hlte Geschenksets. Eine moderne und unvergessliche Pr\u00e4sentation f\u00fcr jeden Anlass.<\/span><\/p>","protected":false},"featured_media":1404,"template":"","meta":{"_kad_post_transparent":"default","_kad_post_title":"","_kad_post_layout":"default","_kad_post_sidebar_id":"","_kad_post_content_style":"default","_kad_post_vertical_padding":"default","_kad_post_feature":"","_kad_post_feature_position":"","_kad_post_header":false,"_kad_post_footer":false,"_kad_post_classname":""},"product_brand":[],"product_cat":[17],"product_tag":[45],"class_list":{"0":"post-1403","1":"product","2":"type-product","3":"status-publish","4":"has-post-thumbnail","6":"product_cat-custom-acrylic-boxes","7":"product_tag-customized-acrylic-boxes","9":"first","10":"instock","11":"shipping-taxable","12":"product-type-simple","13":"entry","14":"content-bg","15":"loop-entry"},"_links":{"self":[{"href":"https:\/\/customacrylicproduct.com\/de\/wp-json\/wp\/v2\/product\/1403","targetHints":{"allow":["GET"]}}],"collection":[{"href":"https:\/\/customacrylicproduct.com\/de\/wp-json\/wp\/v2\/product"}],"about":[{"href":"https:\/\/customacrylicproduct.com\/de\/wp-json\/wp\/v2\/types\/product"}],"wp:featuredmedia":[{"embeddable":true,"href":"https:\/\/customacrylicproduct.com\/de\/wp-json\/wp\/v2\/media\/1404"}],"wp:attachment":[{"href":"https:\/\/customacrylicproduct.com\/de\/wp-json\/wp\/v2\/media?parent=1403"}],"wp:term":[{"taxonomy":"product_brand","embeddable":true,"href":"https:\/\/customacrylicproduct.com\/de\/wp-json\/wp\/v2\/product_brand?post=1403"},{"taxonomy":"product_cat","embeddable":true,"href":"https:\/\/customacrylicproduct.com\/de\/wp-json\/wp\/v2\/product_cat?post=1403"},{"taxonomy":"product_tag","embeddable":true,"href":"https:\/\/customacrylicproduct.com\/de\/wp-json\/wp\/v2\/product_tag?post=1403"}],"curies":[{"name":"wp","href":"https:\/\/api.w.org\/{rel}","templated":true}]}}