{"id":1407,"date":"2025-07-21T04:20:16","date_gmt":"2025-07-21T04:20:16","guid":{"rendered":"https:\/\/customacrylicproduct.com\/?post_type=product&#038;p=1407"},"modified":"2025-07-21T06:29:46","modified_gmt":"2025-07-21T06:29:46","slug":"high-end-customized-acrylic-crafts-with-built-in-logo-plate","status":"publish","type":"product","link":"https:\/\/customacrylicproduct.com\/de\/high-end-customized-acrylic-crafts-with-built-in-logo-plate\/","title":{"rendered":"High-End-Acryl-Kunsthandwerk mit integrierter Logo-Platte"},"content":{"rendered":"<h3 id=\"-celebrate-your-minutes-the-art-of-high-end-customized-acrylic-keepsakes-\"><strong>Feiern Sie Ihre Minuten: Die Kunst der hochwertigen, individuellen Acryl-Andenken<\/strong><\/h3>\n<p>In einer Welt fl\u00fcchtiger elektronischer Erinnerungen und nicht wiederverwendbarer Modeerscheinungen gibt es ein wachsendes Bed\u00fcrfnis nach etwas Greifbarem, Klassischem und zutiefst Individuellem. Wir suchen nach Objekten, die nicht nur einen Moment festhalten, sondern auch seine Bedeutung bewahren und eine Erinnerung in ein physisches Zeugnis verwandeln, das ein Leben lang gehalten, pr\u00e4sentiert und gesch\u00e4tzt werden kann. Aus diesem Bed\u00fcrfnis heraus ist unsere Kollektion von High-End Custom-made Acrylic Crafts entstanden - eine exzellente Kombination aus moderner Kunstfertigkeit, ma\u00dfgeschneiderter Individualisierung und au\u00dfergew\u00f6hnlicher Qualit\u00e4t.<\/p>\n<p>Es handelt sich dabei nicht nur um Schachteln oder Beh\u00e4lter, sondern um kristallklare Aufbewahrungsorte f\u00fcr Ihre wertvollsten Geschichten, die den Akt des Schenkens und Erinnerns zu einer Kunstform machen.<\/p>\n<p><img fetchpriority=\"high\" decoding=\"async\" class=\"size-full wp-image-1409\" src=\"https:\/\/customacrylicproduct.com\/wp-content\/uploads\/2025\/07\/Customized-Acrylic-Crafts-2.jpg\" alt=\"Individuelles Kunsthandwerk aus Acryl (2)\" width=\"800\" height=\"800\" srcset=\"https:\/\/customacrylicproduct.com\/wp-content\/uploads\/2025\/07\/Customized-Acrylic-Crafts-2.jpg 800w, https:\/\/customacrylicproduct.com\/wp-content\/uploads\/2025\/07\/Customized-Acrylic-Crafts-2-300x300.jpg 300w, https:\/\/customacrylicproduct.com\/wp-content\/uploads\/2025\/07\/Customized-Acrylic-Crafts-2-150x150.jpg 150w, https:\/\/customacrylicproduct.com\/wp-content\/uploads\/2025\/07\/Customized-Acrylic-Crafts-2-768x768.jpg 768w, https:\/\/customacrylicproduct.com\/wp-content\/uploads\/2025\/07\/Customized-Acrylic-Crafts-2-600x600.jpg 600w, https:\/\/customacrylicproduct.com\/wp-content\/uploads\/2025\/07\/Customized-Acrylic-Crafts-2-100x100.jpg 100w\" sizes=\"(max-width: 800px) 100vw, 800px\" \/><\/p>\n<h4 id=\"-the-essence-of-modern-elegance-the-purity-of-costs-acrylic-\"><strong>Die Essenz der modernen Eleganz: Die Reinheit von Costs Acrylic<\/strong><\/h4>\n<p>Das Herzst\u00fcck jeder Entwicklung ist das Material selbst: eine au\u00dfergew\u00f6hnliche Qualit\u00e4t von kristallklarem Acryl. Normalerweise wird es wegen seiner makellosen, optischen Qualit\u00e4t mit Glas verwechselt, doch dieses kostspielige Polymer kann viel mehr. Es besitzt eine leuchtende Spitzenqualit\u00e4t, die Licht aufnimmt und bricht und so einen spektakul\u00e4ren Bildschirm schafft, der die Sch\u00f6nheit von allem, was er enth\u00e4lt, verbessert. Im Gegensatz zu Glas, ist es bruchsicher und bemerkenswert langlebig, so dass Ihr Andenken bleibt perfekt f\u00fcr Generationen.<\/p>\n<p>Jedes St\u00fcck wird sorgf\u00e4ltig aus einem massiven Acrylblock gefertigt, was ihm ein betr\u00e4chtliches, luxuri\u00f6ses Gewicht verleiht, das sich in Ihren H\u00e4nden wirklich gut anf\u00fchlt. Die Kanten sind nicht nur geschliffen, sondern diamantpoliert, um eine glatte, glas\u00e4hnliche Beschichtung zu erhalten, die jegliche Sch\u00e4rfe eliminiert und eine nahtlose, flie\u00dfende Form erzeugt. Ganz gleich, ob Sie sich f\u00fcr die zeitgen\u00f6ssische, geometrische Anmut unseres sechseckigen Designs oder f\u00fcr das universelle, bezaubernde Symbol des Herzens entscheiden, die Form wird mit einer Pr\u00e4zision ausgef\u00fchrt, die von einer tiefen Verpflichtung zur Handwerkskunst zeugt.<\/p>\n<p>Diese minimale \u00c4sthetik wirkt wie eine perfekte Leinwand. Seine klaren Linien und seine Klarheit konkurrieren nicht mit Ihren wertvollen Gegenst\u00e4nden, sondern rahmen sie ein, lenken den Blick nach innen und legen den Schwerpunkt auf die Ansicht, f\u00fcr die sie stehen.<\/p>\n<p><img decoding=\"async\" class=\"size-full wp-image-1410\" src=\"https:\/\/customacrylicproduct.com\/wp-content\/uploads\/2025\/07\/Customized-Acrylic-Crafts-3.jpg\" alt=\"Individuelles Kunsthandwerk aus Acryl (3)\" width=\"800\" height=\"800\" srcset=\"https:\/\/customacrylicproduct.com\/wp-content\/uploads\/2025\/07\/Customized-Acrylic-Crafts-3.jpg 800w, https:\/\/customacrylicproduct.com\/wp-content\/uploads\/2025\/07\/Customized-Acrylic-Crafts-3-300x300.jpg 300w, https:\/\/customacrylicproduct.com\/wp-content\/uploads\/2025\/07\/Customized-Acrylic-Crafts-3-150x150.jpg 150w, https:\/\/customacrylicproduct.com\/wp-content\/uploads\/2025\/07\/Customized-Acrylic-Crafts-3-768x768.jpg 768w, https:\/\/customacrylicproduct.com\/wp-content\/uploads\/2025\/07\/Customized-Acrylic-Crafts-3-600x600.jpg 600w, https:\/\/customacrylicproduct.com\/wp-content\/uploads\/2025\/07\/Customized-Acrylic-Crafts-3-100x100.jpg 100w\" sizes=\"(max-width: 800px) 100vw, 800px\" \/><\/p>\n<h4 id=\"-the-art-of-customization-etching-your-tale-in-crystal-\"><strong>Die Kunst der Individualisierung: Ihre Geschichte in Kristall ge\u00e4tzt<\/strong><\/h4>\n<p>Die wahre Magie dieser Acrylkunstwerke liegt in ihrer F\u00e4higkeit zur Ver\u00e4nderung. Durch eine hochmoderne Beschriftung verwandeln wir ein stilvolles Objekt direkt in ein einzigartiges und zutiefst pers\u00f6nliches Artefakt. Hier wird Ihre Geschichte lebendig.<\/p>\n<p><img decoding=\"async\" class=\"size-full wp-image-1408\" src=\"https:\/\/customacrylicproduct.com\/wp-content\/uploads\/2025\/07\/Customized-Acrylic-Crafts-1.jpg\" alt=\"Individuelles Kunsthandwerk aus Acryl (1)\" width=\"800\" height=\"800\" srcset=\"https:\/\/customacrylicproduct.com\/wp-content\/uploads\/2025\/07\/Customized-Acrylic-Crafts-1.jpg 800w, https:\/\/customacrylicproduct.com\/wp-content\/uploads\/2025\/07\/Customized-Acrylic-Crafts-1-300x300.jpg 300w, https:\/\/customacrylicproduct.com\/wp-content\/uploads\/2025\/07\/Customized-Acrylic-Crafts-1-150x150.jpg 150w, https:\/\/customacrylicproduct.com\/wp-content\/uploads\/2025\/07\/Customized-Acrylic-Crafts-1-768x768.jpg 768w, https:\/\/customacrylicproduct.com\/wp-content\/uploads\/2025\/07\/Customized-Acrylic-Crafts-1-600x600.jpg 600w, https:\/\/customacrylicproduct.com\/wp-content\/uploads\/2025\/07\/Customized-Acrylic-Crafts-1-100x100.jpg 100w\" sizes=\"(max-width: 800px) 100vw, 800px\" \/><\/p>\n<p><strong>F\u00fcr einzelne Meilensteine:\u00a0<\/strong>. Stellen Sie sich eine interaktive Ringschatulle vor, die mehr kann als nur den Ring aufzubewahren. Wie in unserem sechseckigen Meisterwerk, kann es die Worte tragen, die Ihre Romanze beschreiben: \u201cEr nahm ihr Herz, also nahm sie seinen Nachnamen.\u201d Es handelt sich nicht nur um ein Beh\u00e4ltnis, sondern um die erste Phase Ihrer gemeinsamen Zukunft, die f\u00fcr immer festgeschrieben ist. F\u00fcr eine Hochzeitszeremonie ist es eine zeitgem\u00e4\u00dfe, bemerkenswerte Alternative zum herk\u00f6mmlichen Ringkissen. Nach dem Ja-Wort fungiert es als dauerhafter Aufbewahrungsort f\u00fcr Ihre Ringe oder als sch\u00f6ne Erinnerung an Ihr Versprechen auf einem Nachttisch oder Schrank.<\/p>\n<p>Die M\u00f6glichkeiten zur Personalisierung sind unbegrenzt:.<\/p>\n<ul>\n<li><strong>Namen und Daten:\u00a0<\/strong>W\u00fcrdigen Sie eine Hochzeit, ein Jubil\u00e4um oder eine Geburt mit einer stilvollen Handschrift.<\/li>\n<li><strong>Aussagekr\u00e4ftige Zitate:\u00a0<\/strong>\u00c4tzen Sie eine bevorzugte Gedichtzeile, ein Filmzitat oder ein individuelles Konzept.<\/li>\n<li><strong>Gel\u00fcbde und Zusicherungen:\u00a0<\/strong>Verewigen Sie die Versprechen, die Sie sich gegenseitig gegeben haben.<\/li>\n<li><strong>Einfache Initialen:\u00a0<\/strong>F\u00fcr einen Hauch von schlichter, zeitloser Eleganz.<\/li>\n<\/ul>\n<p><strong>F\u00fcr Gesch\u00e4ftsgeschenke und Anerkennungen:\u00a0<\/strong>. Die Idee der \u201cBuilt-in Logo Design Plate\u201d wird hier neu interpretiert. Im Gegensatz zu einem anderen, zusammenh\u00e4ngenden Teller ist die Kennzeichnung Ihres Unternehmens direkt in das Kunsthandwerk selbst integriert. Ein Logo, ein Firmenmotto oder eine Botschaft der Bewunderung kann speziell auf die Oberfl\u00e4che eingraviert werden, wodurch ein anspruchsvolles, bemerkenswertes Gesch\u00e4ftsgeschenk entsteht, das die Spitzenqualit\u00e4t Ihrer Marke widerspiegelt.<\/p>\n<p>Verwenden Sie diese Bastelarbeiten als:.<\/p>\n<ul>\n<li><strong>Hochwertige Kundengeschenke:\u00a0<\/strong>Ein beeindruckender Briefbeschwerer oder Schreibtischaufsteller, der Ihre Marke in den Vordergrund stellt.<\/li>\n<li><strong>Anerkennungspreise f\u00fcr Mitarbeiter:\u00a0<\/strong>Ein bedeutendes Symbol der Leistung, das viel einzigartiger wirkt als eine herk\u00f6mmliche Plakette.<\/li>\n<li><strong>Wendepunkt-Feierlichkeiten:\u00a0<\/strong>Feiern Sie den Hochzeitstag eines Unternehmens oder eine bedeutende Leistung des Unternehmens.<\/li>\n<\/ul>\n<h4 id=\"-a-vessel-for-priceless-minutes-versatility-in-application-\"><strong>Ein Gef\u00e4\u00df f\u00fcr unbezahlbare Minuten: Vielseitigkeit in der Anwendung<\/strong><\/h4>\n<p>Sie eignen sich hervorragend f\u00fcr Eheringe, aber auch f\u00fcr jede andere wichtige Minute im Leben sind sie n\u00fctzlich. Sie sind als flexible Gef\u00e4\u00dfe f\u00fcr jede Art von kleinen, wertvollen Andenken gedacht.<\/p>\n<ul>\n<li><strong>Memento Box:\u00a0<\/strong>Das erste Bild mit seiner Sammlung von leuchtenden Edelsteinen zeigt seine Funktion als sch\u00f6ne Vitrine. Nutzen Sie es, um die erste Locke eines Kindes oder einen verlorenen Zahn, vertrocknete Bl\u00fctenbl\u00e4tter eines bedeutenden Gestecks, eine einzigartige M\u00fcnze, Sand aus einem denkw\u00fcrdigen Urlaub oder jede Art von kleinem Ornament, das ein Universum von Bedeutung enth\u00e4lt, aufzubewahren.<\/li>\n<li><strong>Modeschmuck Box:\u00a0<\/strong>Abgesehen von Ringen ist es ein charmantes Zuhause f\u00fcr eine Reihe von Schmuckst\u00fccken, einen zarten Anh\u00e4nger oder eine Sammlung von Manschettenkn\u00f6pfen. Der transparente Stil impliziert, dass Sie Ihren Modeschmuck auch dann bewundern k\u00f6nnen, wenn er wegger\u00e4umt ist.<\/li>\n<li><strong>Attraktiver Artikel:\u00a0<\/strong>Auch wenn sie leer steht, macht die schiere Sch\u00f6nheit des aufgehellten Acryltyps sie zu einem auff\u00e4lligen St\u00fcck minimalistischer Wohnkultur. Sie kann auf einem Stapel von Publikationen, einem Kaminsims oder einem modernen Schreibtisch stehen und jedem Raum einen Hauch von raffinierter Sch\u00f6nheit verleihen.<\/li>\n<\/ul>\n<h4 id=\"-uncompromising-high-quality-and-layout-facts-\"><strong>Kompromisslos hohe Qualit\u00e4t und Layout Fakten<\/strong><\/h4>\n<p>Jedes Element unseres Acrylhandwerks wurde sorgf\u00e4ltig entwickelt, um ein individuelles Erlebnis zu erm\u00f6glichen. Die Verschlussvorrichtung ist ein Paradebeispiel daf\u00fcr. Wie in den einzelnen sechseckigen Teilen zu sehen ist, verwenden wir winzige, leistungsstarke Neodym-Magnete, die m\u00fchelos in das Acryl eingearbeitet sind. Dieser innovative Stil garantiert einen sicheren Verschluss mit einem angenehm weichen\u00a0<em>anklicken.\u00a0<\/em>, So bleibt der Inhalt risikofrei. Es gibt keine st\u00f6renden Scharniere oder sichtbaren Verschl\u00fcsse, die die makellose \u00c4sthetik st\u00f6ren, was zu einem Design f\u00fchrt, das sowohl funktional als auch \u00e4sthetisch rein ist.<\/p>\n<p>Das Innenfach ist speziell vergittert, um den Materialien einen bestimmten Raum zu bieten, der sie am Verrutschen hindert und ihnen gleichzeitig eine weitere \u00e4sthetische Ebene verleiht. Diese \u201cSchachtel in der Schachtel\u201d verbessert die dreidimensionale Eleganz des St\u00fccks und macht es aus jedem Blickwinkel fesselnd.<\/p>\n<p><strong>Zum Schluss: Ein Geschenk, das zum Erbe wird<\/strong><\/p>\n<p>In einer Welt, die sich blitzschnell ver\u00e4ndert, ist es der beste Ausdruck von Sorgfalt und F\u00fcrsorge, wenn man sich die Zeit nimmt, ein individuelles, physisches Objekt zu entwickeln. Unsere High-End Customized Acrylic Crafts sind mehr als nur Geschenke; sie sind geplante Erbst\u00fccke. Sie sind eine Best\u00e4tigung daf\u00fcr, dass ein Moment, eine Person oder eine Verpflichtung es verdient, in einer Form festgehalten zu werden, die so klar, stark und wundersch\u00f6n ist wie das Gef\u00fchl, f\u00fcr das sie steht.<\/p>\n<p>Egal, ob Sie der Liebe Ihres Lebens einen Vorschlag machen, eine goldene Hochzeit feiern, einen gesch\u00e4tzten Mitarbeiter w\u00fcrdigen oder einfach nur eine kurzlebige Erinnerung festhalten wollen, diese Acryl-Kunstwerke bieten eine zeitlose und stilvolle L\u00f6sung. W\u00e4hlen Sie Ihre Form, w\u00e4hlen Sie Ihre Worte, und produzieren Sie ein wesentliches Element Ihrer Geschichte, die sicherlich bewundert und gesch\u00e4tzt werden f\u00fcr alle die kommenden Jahre.<\/p>","protected":false},"excerpt":{"rendered":"<p class=\"ng-star-inserted\"><span class=\"ng-star-inserted\">Hochwertiges, individuelles Acrylhandwerk mit starken Magnetverschl\u00fcssen. Perfekt als personalisierte Eheringschachtel, raffinierter Aufbewahrungsbeh\u00e4lter oder als Firmengeschenk mit Markenzeichen. Elegante Sechseck- und Herzformen schaffen eine moderne, hochwertige Pr\u00e4sentation f\u00fcr Ihre wertvollsten Gegenst\u00e4nde.<\/span><\/p>","protected":false},"featured_media":1409,"template":"","meta":{"_kad_post_transparent":"default","_kad_post_title":"","_kad_post_layout":"default","_kad_post_sidebar_id":"","_kad_post_content_style":"default","_kad_post_vertical_padding":"default","_kad_post_feature":"","_kad_post_feature_position":"","_kad_post_header":false,"_kad_post_footer":false,"_kad_post_classname":""},"product_brand":[],"product_cat":[20],"product_tag":[146],"class_list":{"0":"post-1407","1":"product","2":"type-product","3":"status-publish","4":"has-post-thumbnail","6":"product_cat-custom-acrylic-crafts","7":"product_tag-customized-acrylic-crafts","9":"first","10":"instock","11":"shipping-taxable","12":"product-type-simple","13":"entry","14":"content-bg","15":"loop-entry"},"_links":{"self":[{"href":"https:\/\/customacrylicproduct.com\/de\/wp-json\/wp\/v2\/product\/1407","targetHints":{"allow":["GET"]}}],"collection":[{"href":"https:\/\/customacrylicproduct.com\/de\/wp-json\/wp\/v2\/product"}],"about":[{"href":"https:\/\/customacrylicproduct.com\/de\/wp-json\/wp\/v2\/types\/product"}],"wp:featuredmedia":[{"embeddable":true,"href":"https:\/\/customacrylicproduct.com\/de\/wp-json\/wp\/v2\/media\/1409"}],"wp:attachment":[{"href":"https:\/\/customacrylicproduct.com\/de\/wp-json\/wp\/v2\/media?parent=1407"}],"wp:term":[{"taxonomy":"product_brand","embeddable":true,"href":"https:\/\/customacrylicproduct.com\/de\/wp-json\/wp\/v2\/product_brand?post=1407"},{"taxonomy":"product_cat","embeddable":true,"href":"https:\/\/customacrylicproduct.com\/de\/wp-json\/wp\/v2\/product_cat?post=1407"},{"taxonomy":"product_tag","embeddable":true,"href":"https:\/\/customacrylicproduct.com\/de\/wp-json\/wp\/v2\/product_tag?post=1407"}],"curies":[{"name":"wp","href":"https:\/\/api.w.org\/{rel}","templated":true}]}}