{"id":1412,"date":"2025-07-21T06:47:41","date_gmt":"2025-07-21T06:47:41","guid":{"rendered":"https:\/\/customacrylicproduct.com\/?post_type=product&#038;p=1412"},"modified":"2025-07-21T06:47:41","modified_gmt":"2025-07-21T06:47:41","slug":"colorful-acrylic-rod-bar-decor-customized-accessories","status":"publish","type":"product","link":"https:\/\/customacrylicproduct.com\/de\/colorful-acrylic-rod-bar-decor-customized-accessories\/","title":{"rendered":"Buntes Acryl Stab Bar Dekor Individuelles Zubeh\u00f6r"},"content":{"rendered":"<h3 id=\"unleash-your-creativity-the-clear-cut-overview-to-colorful-polymer-rods-for-present-decor-and-customized-accessories\">Entfesseln Sie Ihre Kreativit\u00e4t: Der \u00fcbersichtliche \u00dcberblick \u00fcber bunte Polymerst\u00e4be f\u00fcr Geschenke, Deko und individuelles Zubeh\u00f6r<\/h3>\n<p>Treten Sie ein in eine Welt, in der Schatten, Licht und Schrift zusammenkommen, um Gegenst\u00e4nde von gro\u00dfartiger Einfachheit und zahlloser Kapazit\u00e4t zu schaffen. Wir freuen uns, Ihnen unsere Premium-Kollektion von bunten Polymer-St\u00e4ben und -St\u00e4ben pr\u00e4sentieren zu k\u00f6nnen - ein funktionelles und atemberaubend sch\u00f6nes Medium, das Entwickler, Musiker, Heimwerker und alle, die ein Auge f\u00fcr modernes Aussehen haben, inspirieren wird. Ganz gleich, ob Sie ein einzigartiges Dekorationsst\u00fcck f\u00fcr Ihr Zuhause entwerfen, ein wirklich pers\u00f6nliches Geschenk suchen oder erstklassige Teile f\u00fcr eine individuelle Arbeit ausfindig machen wollen, diese Acrylst\u00e4be bieten eine hervorragende Mischung aus Haltbarkeit, Sch\u00f6nheit und lebendiger Individualit\u00e4t.<\/p>\n<p><img fetchpriority=\"high\" decoding=\"async\" class=\"size-full wp-image-1419\" src=\"https:\/\/customacrylicproduct.com\/wp-content\/uploads\/2025\/07\/Colorful-Acrylic-Rod-3.jpg\" alt=\"Bunte Acrylst\u00e4be (3)\" width=\"800\" height=\"800\" srcset=\"https:\/\/customacrylicproduct.com\/wp-content\/uploads\/2025\/07\/Colorful-Acrylic-Rod-3.jpg 800w, https:\/\/customacrylicproduct.com\/wp-content\/uploads\/2025\/07\/Colorful-Acrylic-Rod-3-300x300.jpg 300w, https:\/\/customacrylicproduct.com\/wp-content\/uploads\/2025\/07\/Colorful-Acrylic-Rod-3-150x150.jpg 150w, https:\/\/customacrylicproduct.com\/wp-content\/uploads\/2025\/07\/Colorful-Acrylic-Rod-3-768x768.jpg 768w, https:\/\/customacrylicproduct.com\/wp-content\/uploads\/2025\/07\/Colorful-Acrylic-Rod-3-600x600.jpg 600w, https:\/\/customacrylicproduct.com\/wp-content\/uploads\/2025\/07\/Colorful-Acrylic-Rod-3-100x100.jpg 100w\" sizes=\"(max-width: 800px) 100vw, 800px\" \/><\/p>\n<h4 id=\"the-intrinsic-beauty-and-prevalence-of-acrylic\">Die eigentliche Sch\u00f6nheit und Verbreitung von Acryl<\/h4>\n<p>Bevor Sie sich mit den vielf\u00e4ltigen Anwendungsm\u00f6glichkeiten befassen, sollten Sie sich mit dem Material selbst vertraut machen. Unsere St\u00e4be werden aus hochwertigem Polymethylmethacrylat (PMMA) hergestellt, das auch als Acryl, Plexiglas oder Lucite bekannt ist. Dieses au\u00dfergew\u00f6hnliche Polycarbonat ist f\u00fcr seine Eigenschaften bekannt, die oft die von typischen Produkten wie Glas \u00fcbertreffen.<\/p>\n<p>Erstens ist seine\u00a0<strong>optische Qualit\u00e4t\u00a0<\/strong>. Wie in unseren kristallklaren und mit Blasen durchsetzten St\u00e4ben zu sehen ist, weist das Material eine Lichtdurchl\u00e4ssigkeit von bis zu 92% auf und ist damit klarer als Glas. Dies erm\u00f6glicht es dem Licht, durch das Material zu wandern und sich mit ihm auf faszinierende Weise zu verbinden, wodurch leuchtende Strahlen und gro\u00dfartige Reflexionen entstehen. Im Gegensatz zu Glas, das eine gr\u00fcne Farbe haben kann, ist unser klares Acryl, wie auf dem dritten Bild zu sehen, sch\u00f6n und farblos und bietet eine perfekte Grundlage f\u00fcr reine, unverf\u00e4lschte Farben.<\/p>\n<p>Abgesehen von seiner Sch\u00f6nheit, ist Polymer\u00a0<strong>extrem widerstandsf\u00e4hig\u00a0<\/strong>. Es ist wesentlich bruchfester als Glas, was es zu einer sichereren und praktischeren Option f\u00fcr eine Vielzahl von Anwendungen macht, z. B. f\u00fcr M\u00f6bel, Bauelemente und Produkte an stark frequentierten Orten. Unabh\u00e4ngig von seiner St\u00e4rke ist es\u00a0<strong>extrem leicht\u00a0<\/strong>- weniger als die H\u00e4lfte des Gewichts von Glas, was die Handhabung, Installation und Lieferung vereinfacht. Das Material ist ebenfalls witterungsbest\u00e4ndig und beh\u00e4lt seine Farbe und Klarheit im Laufe der Zeit, ohne zu vergilben, so dass Ihre Kreationen \u00fcber mehrere Jahre hinweg lebendig bleiben.<\/p>\n<p><img decoding=\"async\" class=\"size-full wp-image-1420\" src=\"https:\/\/customacrylicproduct.com\/wp-content\/uploads\/2025\/07\/Colorful-Acrylic-Rod-4.jpg\" alt=\"Bunte Acrylst\u00e4be (4)\" width=\"750\" height=\"750\" srcset=\"https:\/\/customacrylicproduct.com\/wp-content\/uploads\/2025\/07\/Colorful-Acrylic-Rod-4.jpg 750w, https:\/\/customacrylicproduct.com\/wp-content\/uploads\/2025\/07\/Colorful-Acrylic-Rod-4-300x300.jpg 300w, https:\/\/customacrylicproduct.com\/wp-content\/uploads\/2025\/07\/Colorful-Acrylic-Rod-4-150x150.jpg 150w, https:\/\/customacrylicproduct.com\/wp-content\/uploads\/2025\/07\/Colorful-Acrylic-Rod-4-600x600.jpg 600w, https:\/\/customacrylicproduct.com\/wp-content\/uploads\/2025\/07\/Colorful-Acrylic-Rod-4-100x100.jpg 100w\" sizes=\"(max-width: 750px) 100vw, 750px\" \/><\/p>\n<h4 id=\"a-cosmos-of-modification-within-your-reaches\">Ein Kosmos der Ver\u00e4nderung in Ihrer Reichweite<\/h4>\n<p>Die wahre Magie unserer Acrylstangen-Kollektion liegt in ihrem un\u00fcbertroffenen Potenzial zur Personalisierung. Unser Team ist der Meinung, dass Ihre Visionen nicht durch Produkte von der Stange eingeschr\u00e4nkt werden sollten. Deshalb bieten wir Ihnen eine detaillierte Auswahl an Alternativen, um Ihre einzigartigen Ideen zu verwirklichen.<\/p>\n<p><strong>1. Ein schillerndes Spektrum von Farbstilen:\u00a0<\/strong>. Wie auf unseren Bildern zu sehen ist, bieten wir eine fantastische Vielfalt an kr\u00e4ftigen, durchscheinenden Farben. Von intensivem Orange und leuchtendem Rot bis hin zu tiefem Saphirblau, elektrischem Gr\u00fcn, kr\u00e4ftigem Violett und sonnigem Gelb - unsere Stangen sind von innen heraus mit Farbe durchtr\u00e4nkt. Dabei handelt es sich nicht um eine Oberfl\u00e4chenfarbe oder einen billigen Film; das Pigment wird w\u00e4hrend des Auftragens direkt in das Acryl eingearbeitet, wodurch ein gleichm\u00e4\u00dfiger, tiefer und leuchtender Farbton gew\u00e4hrleistet wird, der nicht abplatzt oder verblasst. Das erste Foto mit seiner regenbogenartigen Anordnung langer, schmaler Balken veranschaulicht perfekt die Lebendigkeit, die Sie erwarten k\u00f6nnen. Wir bieten auch traditionelle klare Farben und ein milchiges, undurchsichtiges Wei\u00df f\u00fcr noch minimalere oder andere Designs. Ben\u00f6tigen Sie eine Detailfarbe, die zu Ihrer Markenkennzeichnung oder Ihrer Inneneinrichtungspalette passt? Bei gr\u00f6\u00dferen Projekten k\u00f6nnen wir eine individuelle Farbanpassung f\u00fcr Sie vornehmen.<\/p>\n<p><strong>2. Angepasst an Ihre Ma\u00dfe:\u00a0<\/strong>. Kreatives Denken kennt keine einzige Dimension. Die angebotenen Bilder zeigen die Anpassungsf\u00e4higkeit der Form, von langen, eleganten Stangen, die sich am besten f\u00fcr dekorative Akzente eignen, bis zu den kurzen, signifikanten zylindrischen Rohren auf dem 2. Wir k\u00f6nnen sowohl die Gr\u00f6\u00dfe als auch die L\u00e4nge der St\u00e4be genau auf Ihre Bed\u00fcrfnisse abstimmen. Ganz gleich, ob Sie schlanke, zierliche St\u00e4be f\u00fcr ein Mobile, dicke S\u00e4ulen f\u00fcr M\u00f6belf\u00fc\u00dfe oder exakt reduzierte Segmente f\u00fcr Industrieteile ben\u00f6tigen, unser Herstellungsverfahren erm\u00f6glicht au\u00dfergew\u00f6hnliche Pr\u00e4zision.<\/p>\n<p><strong>3. Einzigartige innere Ergebnisse f\u00fcr ein zus\u00e4tzliches \u201cWow\u201d-Element:\u00a0<\/strong>. F\u00fcr diejenigen, die etwas wirklich Au\u00dfergew\u00f6hnliches suchen, bieten wir attraktive Innenst\u00f6\u00dfe an. Unsere beliebteste Alternative, die auf dem vierten Foto zu sehen ist, ist die \u201cBlasenstange\u201d. Durch das geschickte Einbringen von Luftblasen w\u00e4hrend des Herstellungsprozesses erzeugen wir ein dynamisches, blasiges Muster im massiven Acrylglas. Diese eingefangenen Blasen interagieren mit dem Licht und verbreiten es, um ein schimmerndes, lebendiges Ergebnis zu erzielen, das Struktur und visuelle Faszination verleiht. Dieses Design eignet sich hervorragend f\u00fcr Beleuchtungsk\u00f6rper, Wasserspiele und Kunstwerke, bei denen Sie ein Gef\u00fchl von Aktivit\u00e4t und Verspieltheit erzeugen m\u00f6chten.<\/p>\n<p><img decoding=\"async\" class=\"size-full wp-image-1418\" src=\"https:\/\/customacrylicproduct.com\/wp-content\/uploads\/2025\/07\/Colorful-Acrylic-Rod-2.jpg\" alt=\"Bunte Acrylst\u00e4be (2)\" width=\"750\" height=\"750\" srcset=\"https:\/\/customacrylicproduct.com\/wp-content\/uploads\/2025\/07\/Colorful-Acrylic-Rod-2.jpg 750w, https:\/\/customacrylicproduct.com\/wp-content\/uploads\/2025\/07\/Colorful-Acrylic-Rod-2-300x300.jpg 300w, https:\/\/customacrylicproduct.com\/wp-content\/uploads\/2025\/07\/Colorful-Acrylic-Rod-2-150x150.jpg 150w, https:\/\/customacrylicproduct.com\/wp-content\/uploads\/2025\/07\/Colorful-Acrylic-Rod-2-600x600.jpg 600w, https:\/\/customacrylicproduct.com\/wp-content\/uploads\/2025\/07\/Colorful-Acrylic-Rod-2-100x100.jpg 100w\" sizes=\"(max-width: 750px) 100vw, 750px\" \/><\/p>\n<h4 id=\"motivation-unleashed-a-world-of-applications-\">Motivation entfesselt: Eine Welt von Anwendungen<\/h4>\n<p>Die Anpassungsf\u00e4higkeit dieser ma\u00dfgeschneiderten Acrylstangen macht sie f\u00fcr eine fast unendliche Reihe von Aufgaben geeignet. Im Folgenden sind einfach ein paar Konzepte, um Ihre phantasievolle Getriebe verwandeln zu erhalten:.<\/p>\n<ul>\n<li><strong>Architektur und Innenarchitektur:\u00a0<\/strong>Peppen Sie jeden Raum mit individuellen Acryl-Elementen auf. Denken Sie an leuchtende Treppengel\u00e4nder, die die Morgensonne einfangen, an lebendige Raumteiler, die Bereiche abgrenzen, ohne das Licht zu blockieren, oder an stromlinienf\u00f6rmige und lebendige Schrankgriffe und Abdeckungen, die einer K\u00fcche oder einem Waschraum einen Hauch von modernem Flair verleihen.<\/li>\n<li><strong>M\u00f6bel Design:\u00a0<\/strong>Schaffen Sie pr\u00e4chtige, zeitgem\u00e4\u00dfe Einrichtungsgegenst\u00e4nde. Verwenden Sie dicke, durchsichtige oder farbige St\u00e4be als Tischbeine, die den Eindruck des Schwebens erwecken. Integrieren Sie sie direkt in Stuhllehnen, Kopfbretter oder als dekorative Akzente auf Regalen f\u00fcr ein hochwertiges, ma\u00dfgeschneidertes Aussehen.<\/li>\n<li><strong>Einzelhandel und Visual Merchandising:\u00a0<\/strong>Heben Sie Ihre Artikel von anderen ab. Diese St\u00e4be eignen sich hervorragend f\u00fcr die Entwicklung auff\u00e4lliger Produktdisplays, ma\u00dfgeschneiderter Beschilderungen und Verkaufsstellenbefestigungen. Ihre lebendigen Farben und lichtdurchl\u00e4ssigen Eigenschaften f\u00fcr Wohn- und Gesch\u00e4ftsr\u00e4ume ziehen die Kunden an und erh\u00f6hen den Wert des Produkts.<\/li>\n<li><strong>Kunst &amp; Bildhauerei:\u00a0<\/strong>F\u00fcr den K\u00fcnstler sind diese Stangen ein Traumwerkzeug. Schaffen Sie lichtinteraktive Skulpturen, entwickeln Sie massive Installationen, die mit Farbe und Transparenz spielen, oder verwenden Sie zugeschnittene Elemente f\u00fcr komplexe mosaikartige Arbeiten. Die Blasenstangen sind besonders effizient f\u00fcr die Schaffung von Werken, die Wasser-, Luft- oder kosmische Empfindungen stimulieren.<\/li>\n<li><strong>Ma\u00dfgeschneiderte Geschenke und Do-it-yourself-Projekte:\u00a0<\/strong>Das ist der Punkt, an dem echte Individualit\u00e4t zum Vorschein kommt.<\/li>\n<li><strong>Ma\u00dfgeschneiderte Auszeichnungen und Troph\u00e4en:\u00a0<\/strong>Fertigen Sie eine einzigartige Auszeichnung an, indem Sie einen klaren oder get\u00f6nten Stab beschriften.<\/li>\n<li><strong>Edle Schmuckhalter:\u00a0<\/strong>Eine Reihe von kurzen, bunten St\u00e4ben kann auf einen Sockel gelegt werden, um einen sch\u00f6nen und funktionellen Halter f\u00fcr Ringe und Armb\u00e4nder zu schaffen.<\/li>\n<li><strong>Bastlerteile:\u00a0<\/strong>Verwenden Sie sie als Griffe f\u00fcr individuelle Werkzeuge, als Basis f\u00fcr Versionen oder als Komponenten f\u00fcr kinetische Kunst.<\/li>\n<li><strong>Eigenwilliger Stil:\u00a0<\/strong>Gestalten Sie leuchtende \u201cZauberst\u00e4be\u201d f\u00fcr das Kinderzimmer, entwickeln Sie ein h\u00e4ngendes Mobile oder basteln Sie ein einzigartiges Handtuchregal.<\/li>\n<\/ul>\n<h4 id=\"our-commitment-to-top-quality-\">Unser Bekenntnis zu Spitzenqualit\u00e4t<\/h4>\n<p>Jeder von uns hergestellte Acrylstab ist ein Beweis f\u00fcr unser Engagement f\u00fcr Qualit\u00e4t. Wir verwenden ausschlie\u00dflich hochwertiges, jungfr\u00e4uliches PMMA, um maximale Qualit\u00e4t und Widerstandsf\u00e4higkeit zu gew\u00e4hrleisten. Jeder Stab wird sorgf\u00e4ltig gefertigt, egal ob es sich um einen massiven Schirm, einen kristallklaren Stab oder einen filigranen Blasenstab handelt. Unser Schneideverfahren ist pr\u00e4zise, und wir k\u00f6nnen je nach Bedarf St\u00e4be mit einer flammenpolierten, glas\u00e4hnlichen Seite oder einer sauberen, matten S\u00e4geschnittoberfl\u00e4che liefern.<\/p>\n<p>Ihre Kreativit\u00e4t ist die einzige Blaupause, die Sie brauchen. Wir sind Ihre Partner in der Produktion und liefern Ihnen hochwertige Produkte, die Ihre Prinzipien in konkrete, sch\u00f6ne Realit\u00e4ten verwandeln.<\/p>\n<p><strong>Informieren Sie sich noch heute \u00fcber die M\u00f6glichkeiten. Setzen Sie sich mit unserer Gruppe in Verbindung, um Ihren Auftrag zu pr\u00fcfen, ein Angebot anzufordern oder ein Beispiel zu erhalten. Lassen Sie uns gemeinsam etwas Brillantes entwickeln.\u00a0<\/strong>.<\/p>","protected":false},"excerpt":{"rendered":"<p class=\"ng-star-inserted\"><span class=\"ng-star-inserted\">Entdecken Sie hochwertige Acrylst\u00e4be! W\u00e4hlen Sie aus einem Spektrum von lebendigen Unifarben, makellosem Klarlack oder auff\u00e4lligen Blasenmustern. Perfekt f\u00fcr individuelle Dekorationen, architektonische Akzente und kreative DIY-Projekte.<\/span><\/p>","protected":false},"featured_media":1419,"template":"","meta":{"_kad_post_transparent":"default","_kad_post_title":"","_kad_post_layout":"default","_kad_post_sidebar_id":"","_kad_post_content_style":"default","_kad_post_vertical_padding":"default","_kad_post_feature":"","_kad_post_feature_position":"","_kad_post_header":false,"_kad_post_footer":false,"_kad_post_classname":""},"product_brand":[],"product_cat":[23],"product_tag":[147],"class_list":{"0":"post-1412","1":"product","2":"type-product","3":"status-publish","4":"has-post-thumbnail","6":"product_cat-custom-acrylic-rods-tubes","7":"product_tag-colorful-acrylic-rod","9":"first","10":"instock","11":"shipping-taxable","12":"product-type-simple","13":"entry","14":"content-bg","15":"loop-entry"},"_links":{"self":[{"href":"https:\/\/customacrylicproduct.com\/de\/wp-json\/wp\/v2\/product\/1412","targetHints":{"allow":["GET"]}}],"collection":[{"href":"https:\/\/customacrylicproduct.com\/de\/wp-json\/wp\/v2\/product"}],"about":[{"href":"https:\/\/customacrylicproduct.com\/de\/wp-json\/wp\/v2\/types\/product"}],"wp:featuredmedia":[{"embeddable":true,"href":"https:\/\/customacrylicproduct.com\/de\/wp-json\/wp\/v2\/media\/1419"}],"wp:attachment":[{"href":"https:\/\/customacrylicproduct.com\/de\/wp-json\/wp\/v2\/media?parent=1412"}],"wp:term":[{"taxonomy":"product_brand","embeddable":true,"href":"https:\/\/customacrylicproduct.com\/de\/wp-json\/wp\/v2\/product_brand?post=1412"},{"taxonomy":"product_cat","embeddable":true,"href":"https:\/\/customacrylicproduct.com\/de\/wp-json\/wp\/v2\/product_cat?post=1412"},{"taxonomy":"product_tag","embeddable":true,"href":"https:\/\/customacrylicproduct.com\/de\/wp-json\/wp\/v2\/product_tag?post=1412"}],"curies":[{"name":"wp","href":"https:\/\/api.w.org\/{rel}","templated":true}]}}