{"id":1421,"date":"2025-07-21T06:58:40","date_gmt":"2025-07-21T06:58:40","guid":{"rendered":"https:\/\/customacrylicproduct.com\/?post_type=product&#038;p=1421"},"modified":"2025-07-21T06:58:41","modified_gmt":"2025-07-21T06:58:41","slug":"custom-acrylic-trophy-employee-inspirational-acrylic-sign-prizes","status":"publish","type":"product","link":"https:\/\/customacrylicproduct.com\/de\/custom-acrylic-trophy-employee-inspirational-acrylic-sign-prizes\/","title":{"rendered":"Benutzerdefinierte Acryl-Troph\u00e4e Mitarbeiter Inspirational Acryl Zeichen Preise"},"content":{"rendered":"<h3 id=\"-commemorate-excellence-the-ultimate-collection-of-custom-polymer-trophies-inspirational-awards-\"><strong>Erinnern Sie sich an herausragende Leistungen: Die ultimative Sammlung individueller Polymer-Troph\u00e4en und inspirierender Auszeichnungen<\/strong><\/h3>\n<p>In der modernen Arbeitswelt ist die effektivste W\u00e4hrung nicht nur die Verg\u00fctung, sondern auch die Anerkennung. Die Anerkennung des Einsatzes, der Hingabe und des au\u00dfergew\u00f6hnlichen Erfolgs Ihrer Mitarbeiter ist die Grundlage f\u00fcr eine g\u00fcnstige, motivierte und treue Belegschaft. Aber wie vermitteln Sie diese Anerkennung auf eine Art und Weise, die sowohl zielgerichtet als auch dauerhaft ist, die \u00fcber eine einfache E-Mail oder eine fl\u00fcchtige Erw\u00e4hnung in einer Besprechung hinausgeht?<\/p>\n<p>Wir stellen Ihnen unsere erste Kollektion von\u00a0<strong>Personalisierte Acryltroph\u00e4en und inspirierende Auszeichnungen f\u00fcr Mitarbeiter\u00a0<\/strong>- ein fortschrittlicher, moderner und aufrichtiger Service, der entwickelt wurde, um die wahren Stars Ihres Unternehmens zu ehren. Lassen Sie die veralteten, schwerf\u00e4lligen Preise hinter sich und begr\u00fc\u00dfen Sie die anspruchsvolle, kristallklare Ausstrahlung von Acryl. Diese Auszeichnungen sind mehr als nur Preise; sie sind wundervoll gestaltete Erinnerungsst\u00fccke, die als t\u00e4glicher Hinweis auf den Wert einer Person, als Zeugnis ihrer Leistungen und als wirkungsvolles Symbol einer Gesch\u00e4ftsgesellschaft dienen, die ihre Individuen w\u00fcrdigt.<\/p>\n<p><img fetchpriority=\"high\" decoding=\"async\" class=\"wp-image-1425 size-large aligncenter\" src=\"https:\/\/customacrylicproduct.com\/wp-content\/uploads\/2025\/07\/Custom-Acrylic-Trophy-4-1024x1024.jpg\" alt=\"Individuelle Acryl-Troph\u00e4e (4)\" width=\"1024\" height=\"1024\" srcset=\"https:\/\/customacrylicproduct.com\/wp-content\/uploads\/2025\/07\/Custom-Acrylic-Trophy-4-1024x1024.jpg 1024w, https:\/\/customacrylicproduct.com\/wp-content\/uploads\/2025\/07\/Custom-Acrylic-Trophy-4-300x300.jpg 300w, https:\/\/customacrylicproduct.com\/wp-content\/uploads\/2025\/07\/Custom-Acrylic-Trophy-4-150x150.jpg 150w, https:\/\/customacrylicproduct.com\/wp-content\/uploads\/2025\/07\/Custom-Acrylic-Trophy-4-768x768.jpg 768w, https:\/\/customacrylicproduct.com\/wp-content\/uploads\/2025\/07\/Custom-Acrylic-Trophy-4-600x600.jpg 600w, https:\/\/customacrylicproduct.com\/wp-content\/uploads\/2025\/07\/Custom-Acrylic-Trophy-4-100x100.jpg 100w, https:\/\/customacrylicproduct.com\/wp-content\/uploads\/2025\/07\/Custom-Acrylic-Trophy-4.jpg 1500w\" sizes=\"(max-width: 1024px) 100vw, 1024px\" \/><\/p>\n<h4 id=\"-unequaled-quality-unforgettable-visibility-\"><strong>Unerreichte Qualit\u00e4t, unvergleichliche Sichtbarkeit<\/strong><\/h4>\n<p>Jede Ehrung in unserer Kollektion beginnt mit einem St\u00fcck kostspieligen, hochmodernen Acryls, das aufgrund seiner bemerkenswerten Qualit\u00e4t und Widerstandsf\u00e4higkeit ausgew\u00e4hlt wurde. Dieses Material bietet die spektakul\u00e4re, lichtbrechende Eleganz von Kristallglas, aber mit au\u00dfergew\u00f6hnlichen, modernen Vorteilen. Es ist bruchsicher, leicht und vergilbt im Laufe der Zeit nicht, so dass Ihre Geste der Bewunderung \u00fcber viele Jahre hinweg ausgezeichnet bleibt.<\/p>\n<p>Jedes St\u00fcck ist pr\u00e4zisionsgeschnitten und an den Seiten diamantpoliert, um eine glatte, gl\u00e4nzende Oberfl\u00e4che zu erhalten, die aus jedem Blickwinkel ein makelloses Aussehen bietet. Die motivierenden Botschaften und individuellen Details werden mit Hilfe fortschrittlicher Lasergravur- und hochaufl\u00f6sender Drucktechnologien aufgebracht. Dieses Verfahren sorgt f\u00fcr unglaublich scharfe, klare Botschaften und lebendige Grafiken, die dauerhaft auf dem Acrylglas haften, so dass sie niemals verblassen, abbl\u00e4ttern oder sich abnutzen. Gest\u00fctzt von einem starken, perfekt ausbalancierten Acrylsockel, steht jede Troph\u00e4e stabil und anmutig und ist somit eine ehrenvolle Bereicherung f\u00fcr jeden Schreibtisch, jedes Regal oder jede Vitrine.<\/p>\n<p><img decoding=\"async\" class=\"wp-image-1424 size-large aligncenter\" src=\"https:\/\/customacrylicproduct.com\/wp-content\/uploads\/2025\/07\/Custom-Acrylic-Trophy-3-1-1024x1024.jpg\" alt=\"Individuelle Acryl-Troph\u00e4e (3)\" width=\"1024\" height=\"1024\" srcset=\"https:\/\/customacrylicproduct.com\/wp-content\/uploads\/2025\/07\/Custom-Acrylic-Trophy-3-1-1024x1024.jpg 1024w, https:\/\/customacrylicproduct.com\/wp-content\/uploads\/2025\/07\/Custom-Acrylic-Trophy-3-1-300x300.jpg 300w, https:\/\/customacrylicproduct.com\/wp-content\/uploads\/2025\/07\/Custom-Acrylic-Trophy-3-1-150x150.jpg 150w, https:\/\/customacrylicproduct.com\/wp-content\/uploads\/2025\/07\/Custom-Acrylic-Trophy-3-1-768x768.jpg 768w, https:\/\/customacrylicproduct.com\/wp-content\/uploads\/2025\/07\/Custom-Acrylic-Trophy-3-1-600x600.jpg 600w, https:\/\/customacrylicproduct.com\/wp-content\/uploads\/2025\/07\/Custom-Acrylic-Trophy-3-1-100x100.jpg 100w, https:\/\/customacrylicproduct.com\/wp-content\/uploads\/2025\/07\/Custom-Acrylic-Trophy-3-1.jpg 1500w\" sizes=\"(max-width: 1024px) 100vw, 1024px\" \/><\/p>\n<h4 id=\"-a-design-for-each-achievement-a-design-for-every-celebrity-\"><strong>Ein Design f\u00fcr jede Leistung, ein Design f\u00fcr jede Ber\u00fchmtheit<\/strong><\/h4>\n<p>Unsere kuratierte Kollektion bietet eine breite Palette von Formen und Layouts, die es Ihnen erm\u00f6glichen, die beste Ehrung zu entdecken, die die jeweilige Leistung und die Pers\u00f6nlichkeit des Empf\u00e4ngers widerspiegelt.<\/p>\n<ul>\n<li><strong>Die traditionelle Achteck-Serie:\u00a0<\/strong>Die achteckige Troph\u00e4e ist ein Zeichen f\u00fcr Z\u00e4higkeit, Stabilit\u00e4t und komplexes Talent. Sie ist eine klassische Option f\u00fcr eine gro\u00dfe Auswahl an Anerkennungen. Seine klaren Linien bieten die beste Leinwand f\u00fcr unsere vorgestalteten, motivierenden Botschaften, die den Kern der Anerkennung treffen:.<\/li>\n<li><strong>\u201d Gro\u00dfartige Arbeit\u201d\u00a0<\/strong>: Kombiniert mit einem goldgl\u00e4nzenden Troph\u00e4ensymbol ist dies die perfekte Auszeichnung, um konstante Bem\u00fchungen, Projektabschl\u00fcsse und zuverl\u00e4ssige Effizienz zu w\u00fcrdigen.<\/li>\n<li><strong>\u201d Gut gemacht!\u201d\u00a0<\/strong>: Ein fr\u00f6hlicher, allgemein anerkannter gr\u00fcner Lichtstil, der einen angenehmen und sofortigen Schub an positiver Verst\u00e4rkung liefert.<\/li>\n<li><strong>\u201d Erstaunlich\u201d\u00a0<\/strong>: Diese Auszeichnung, die mit einem Banner und drei strahlenden Sternen versehen ist, ist denjenigen vorbehalten, die wirklich \u00fcber sich hinausgewachsen sind und beeindruckende Ergebnisse erzielt haben.<\/li>\n<li><strong>\u201d Du sch\u00fcttelst\u201d\u00a0<\/strong>: Eine erstaunliche, zeitgem\u00e4\u00dfe und zwanglose Methode, um einen Mitarbeiter zu ehren, der mit seiner positiven Einstellung und seinen bemerkenswerten F\u00e4higkeiten wirklich etwas bewirkt hat.<\/li>\n<li><strong>\u201d Gl\u00fcckwunsch! Du hast es geschafft!\u201d\u00a0<\/strong>: Dieses Design strotzt nur so vor feierlicher Energie und eignet sich am besten, um wichtige Meilensteine zu markieren, enthusiastische Ziele zu erreichen und bedeutende Ziele zu verwirklichen.<\/li>\n<li><strong>\u201d Du machst einen Unterschied\u201d\u00a0<\/strong>: Eingerahmt von einem eleganten Lorbeerkranz ist dies eine sehr aussagekr\u00e4ftige Botschaft zur W\u00fcrdigung eines Mitarbeiters, dessen Einfluss und Leistungen in der gesamten Gruppe oder im gesamten Unternehmen zu sp\u00fcren sind.<\/li>\n<li><strong>Der Motivationspreis f\u00fcr Prominente:\u00a0<\/strong>Was k\u00f6nnte besser sein als eine Ehrung in ihrer Form f\u00fcr Ihre echten Stars? Unsere unverwechselbar geformten Troph\u00e4en f\u00fcr Prominente sind nicht nur zur Anerkennung eines Erfolges, sondern auch zur Ehrung der Person gedacht. Die Troph\u00e4e ist mit einer sch\u00f6nen Konstellation kleinerer Sterne graviert und tr\u00e4gt die umfassende Botschaft in sich:\u00a0<em>\u201d M\u00f6gen Sie stolz sein auf die Arbeit, die Sie tun, auf die Person, die Sie sind, und auf den Unterschied, den Sie machen.\u201d\u00a0<\/em>Diese Ehrung geht \u00fcber einen einzelnen Anlass hinaus; sie ist eine Hommage an die Pers\u00f6nlichkeit, die Stabilit\u00e4t und den positiven Gesamteindruck eines Arbeitnehmers. Seine kreative und lebendige Silhouette macht ihn zu einem atemberaubenden Kunstwerk f\u00fcr den Schreibtisch, das jeden Tag aufs Neue motiviert. Einzeln oder im problemlosen Multipack erh\u00e4ltlich, eignet er sich am besten f\u00fcr eine teamweite Anerkennung.<\/li>\n<li><strong>Der Schild der Ehre:\u00a0<\/strong>F\u00fcr die angesehensten Auszeichnungen ist unsere schildf\u00f6rmige Auszeichnung ein wirkungsvolles Emblem f\u00fcr Ehrlichkeit, Verteidigung und differenzierte Leistung. Ihre zeitlose, souver\u00e4ne Pr\u00e4senz macht sie zum idealen Mittel f\u00fcr eine ganz individuelle Anerkennung.<\/li>\n<\/ul>\n<p><img decoding=\"async\" class=\"wp-image-1423 size-large aligncenter\" src=\"https:\/\/customacrylicproduct.com\/wp-content\/uploads\/2025\/07\/Custom-Acrylic-Trophy-2-1-1024x1024.jpg\" alt=\"Individuelle Acryl-Troph\u00e4e (2)\" width=\"1024\" height=\"1024\" srcset=\"https:\/\/customacrylicproduct.com\/wp-content\/uploads\/2025\/07\/Custom-Acrylic-Trophy-2-1-1024x1024.jpg 1024w, https:\/\/customacrylicproduct.com\/wp-content\/uploads\/2025\/07\/Custom-Acrylic-Trophy-2-1-300x300.jpg 300w, https:\/\/customacrylicproduct.com\/wp-content\/uploads\/2025\/07\/Custom-Acrylic-Trophy-2-1-150x150.jpg 150w, https:\/\/customacrylicproduct.com\/wp-content\/uploads\/2025\/07\/Custom-Acrylic-Trophy-2-1-768x768.jpg 768w, https:\/\/customacrylicproduct.com\/wp-content\/uploads\/2025\/07\/Custom-Acrylic-Trophy-2-1-600x600.jpg 600w, https:\/\/customacrylicproduct.com\/wp-content\/uploads\/2025\/07\/Custom-Acrylic-Trophy-2-1-100x100.jpg 100w, https:\/\/customacrylicproduct.com\/wp-content\/uploads\/2025\/07\/Custom-Acrylic-Trophy-2-1.jpg 1500w\" sizes=\"(max-width: 1024px) 100vw, 1024px\" \/><\/p>\n<h4 id=\"-the-power-of-customization-make-it-their-tale-\"><strong>Die Macht der Individualisierung: Machen Sie es zu ihrer Geschichte<\/strong><\/h4>\n<p>Das eigentliche Herzst\u00fcck unserer Kollektion ist die M\u00f6glichkeit, einen ganz individuellen Preis zu gestalten. W\u00e4hrend unsere vorgefertigten Optionen sehr wirkungsvoll sind, verwandelt ein ma\u00dfgeschneiderter Preis ein Geschenk direkt in eine gesch\u00e4tzte Erinnerung. Unser vollst\u00e4ndig personalisierter Schildpreis und verschiedene andere Modelle erm\u00f6glichen es Ihnen, eine unverwechselbare Hommage zu gestalten, indem Sie Folgendes definieren:.<\/p>\n<ul>\n<li><strong>Personalisierte Titelauszeichnung:\u00a0<\/strong>Lassen Sie \u201cMitarbeiter des Monats\u201d hinter sich. Entwickeln Sie einen Titel, der etwas aussagt und zielf\u00fchrend ist, wie z. B. \u201cDevelopment Titan Award\u201d oder \u201cCustomer Support Champ 2024\u201d.<\/li>\n<li><strong>Anrufer:\u00a0<\/strong>Tragen Sie den Namen des Empf\u00e4ngers an prominenter Stelle ein und erweisen Sie ihm so die pers\u00f6nliche Ehre, die er verdient.<\/li>\n<li><strong>Diskutiert Kompensationsfaktor:\u00a0<\/strong>Das ist der Punkt, an dem die Magie passiert. Gehen Sie auf das \u201cWarum\u201d ein, statt auf eine allgemeine Plattit\u00fcde. Zum Beispiel:\u00a0<em>\u201d F\u00fcr Ihr bemerkenswertes Management bei der Freigabe der Phoenix-Aufgabe vor dem Zeitplan,\u201d\u00a0<\/em>oder\u00a0<em>\u201d F\u00fcr das st\u00e4ndige \u00dcbertreffen der Verkaufsziele und die Betreuung neuer Teammitglieder\u201d.\u201d\u00a0<\/em>Dieses bestimmte Detail best\u00e4tigt ihren besonderen Beitrag auf eindrucksvolle Weise.<\/li>\n<li><strong>Optionaler Tag &amp; individueller Text:\u00a0<\/strong>Geben Sie den Tag der Errungenschaft an, um die Minute in Erinnerung zu behalten, oder f\u00fcgen Sie eine kurze individuelle Nachricht von der Leitung oder dem Team hinzu.<\/li>\n<\/ul>\n<p>Dieser hohe Grad an Modifikation garantiert, dass sich der Empf\u00e4nger wirklich gesehen und gesch\u00e4tzt f\u00fchlt, wodurch eine emotionale Bindung entsteht, die eine generische Auszeichnung einfach nicht wiedergeben kann.<\/p>\n<h4 id=\"-versatile-for-any-type-of-and-every-occasion-\"><strong>Vielseitig f\u00fcr jede Art von und jede Gelegenheit<\/strong><\/h4>\n<p>Diese spektakul\u00e4ren Acryl-Ehrungen sind die beste Wahl f\u00fcr eine breite Palette von Anerkennungsbed\u00fcrfnissen in jeder Art von Markt oder Organisation:.<\/p>\n<ul>\n<li><strong>Arbeiter des Monats, des Quartals oder des Jahres\u00a0<\/strong>.<\/li>\n<li><strong>Meilensteine in Vertrieb und Effizienz\u00a0<\/strong>.<\/li>\n<li><strong>Jobabschluss &amp; Gruppenerfolg\u00a0<\/strong>.<\/li>\n<li><strong>Arbeitsjubil\u00e4en &amp; Dienstjahre\u00a0<\/strong>.<\/li>\n<li><strong>Leben im Ruhestand &amp; Verabschiedung Tribute\u00a0<\/strong>.<\/li>\n<li><strong>Anerkennung von Management und Mentorenschaft\u00a0<\/strong>.<\/li>\n<li><strong>Peer-to-Peer-Anerkennungsprogramme\u00a0<\/strong>.<\/li>\n<li><strong>Freiwilligenarbeit &amp; Gemeindedienst Formalit\u00e4t\u00a0<\/strong>.<\/li>\n<li><strong>Dankesch\u00f6n-Geschenke f\u00fcr Vorgesetzte, Kollegen und Berater\u00a0<\/strong>.<\/li>\n<\/ul>\n<p>Ganz gleich, ob Sie als Personalleiter eine j\u00e4hrliche Ehrungsgala organisieren, als Gruppenleiter die Stimmung heben wollen oder als Kleinunternehmer eine Gesellschaft der Dankbarkeit f\u00f6rdern wollen - diese Troph\u00e4en sind das ideale Werkzeug.<\/p>\n<p><strong>Kaufen Sie Ihre Leute, ein dauerhaftes Symbol der Dankbarkeit<\/strong><\/p>\n<p>Die Anerkennung Ihrer Mitarbeiter ist eine der renditest\u00e4rksten finanziellen Investitionen, die Sie in die Unternehmenskultur, Interaktion und Mitarbeiterbindung t\u00e4tigen k\u00f6nnen. Wenn ein Mitarbeiter diese atemberaubende Acryl-Ehrung auf seinen Schreibtisch stellt, ist sie mehr als nur eine Dekoration - sie dient als best\u00e4ndiger, substanzieller Hinweis darauf, dass seine Arbeit wichtig ist, seine Initiativen gesehen werden und er ein gesch\u00e4tzter Teil einer Gruppe ist, die sich k\u00fcmmert.<\/p>\n<p>Lassen Sie au\u00dfergew\u00f6hnliche Zahlungen nicht einfach in der Versenkung verschwinden. Erh\u00f6hen Sie Ihre Bewunderung von einer fl\u00fcchtigen Bemerkung zu einer langfristigen Ehre.<\/p>\n<p><strong>Bestellen Sie noch heute Ihre individuellen Polymertroph\u00e4en und verschaffen Sie Ihrer Gruppe das attraktive, individuelle und dauerhafte Symbol der Anerkennung, das sie verdient hat.<\/strong><\/p>","protected":false},"excerpt":{"rendered":"<p class=\"ng-star-inserted\"><span class=\"ng-star-inserted\">Erkennen Sie gro\u00dfartige Arbeit mit unseren individuellen Acryltroph\u00e4en an. Diese inspirierenden Auszeichnungen und Preise eignen sich perfekt f\u00fcr die Wertsch\u00e4tzung von Mitarbeitern und k\u00f6nnen mit Namen, Zitaten und Botschaften personalisiert werden. Eine moderne und sinnvolle Art, Erfolg zu feiern.<\/span><\/p>","protected":false},"featured_media":1422,"template":"","meta":{"_kad_post_transparent":"default","_kad_post_title":"","_kad_post_layout":"default","_kad_post_sidebar_id":"","_kad_post_content_style":"default","_kad_post_vertical_padding":"default","_kad_post_feature":"","_kad_post_feature_position":"","_kad_post_header":false,"_kad_post_footer":false,"_kad_post_classname":""},"product_brand":[],"product_cat":[19],"product_tag":[136],"class_list":{"0":"post-1421","1":"product","2":"type-product","3":"status-publish","4":"has-post-thumbnail","6":"product_cat-custom-acrylic-trophies-awards","7":"product_tag-custom-acrylic-trophy","9":"first","10":"instock","11":"shipping-taxable","12":"product-type-simple","13":"entry","14":"content-bg","15":"loop-entry"},"_links":{"self":[{"href":"https:\/\/customacrylicproduct.com\/de\/wp-json\/wp\/v2\/product\/1421","targetHints":{"allow":["GET"]}}],"collection":[{"href":"https:\/\/customacrylicproduct.com\/de\/wp-json\/wp\/v2\/product"}],"about":[{"href":"https:\/\/customacrylicproduct.com\/de\/wp-json\/wp\/v2\/types\/product"}],"wp:featuredmedia":[{"embeddable":true,"href":"https:\/\/customacrylicproduct.com\/de\/wp-json\/wp\/v2\/media\/1422"}],"wp:attachment":[{"href":"https:\/\/customacrylicproduct.com\/de\/wp-json\/wp\/v2\/media?parent=1421"}],"wp:term":[{"taxonomy":"product_brand","embeddable":true,"href":"https:\/\/customacrylicproduct.com\/de\/wp-json\/wp\/v2\/product_brand?post=1421"},{"taxonomy":"product_cat","embeddable":true,"href":"https:\/\/customacrylicproduct.com\/de\/wp-json\/wp\/v2\/product_cat?post=1421"},{"taxonomy":"product_tag","embeddable":true,"href":"https:\/\/customacrylicproduct.com\/de\/wp-json\/wp\/v2\/product_tag?post=1421"}],"curies":[{"name":"wp","href":"https:\/\/api.w.org\/{rel}","templated":true}]}}