{"id":1431,"date":"2025-07-21T07:17:34","date_gmt":"2025-07-21T07:17:34","guid":{"rendered":"https:\/\/customacrylicproduct.com\/?post_type=product&#038;p=1431"},"modified":"2025-07-21T07:17:34","modified_gmt":"2025-07-21T07:17:34","slug":"custom-acrylic-sign-party-wall-backdrop-background-banner","status":"publish","type":"product","link":"https:\/\/customacrylicproduct.com\/de\/custom-acrylic-sign-party-wall-backdrop-background-banner\/","title":{"rendered":"Benutzerdefinierte Acryl-Zeichen Party Wand Backdrop Hintergrund Banner"},"content":{"rendered":"<h3 id=\"-raise-every-moment-the-ultimate-overview-to-personalized-acrylic-indicators-for-events-backdrops-and-banners-\"><strong>Raise Every Moment: Der ultimative \u00dcberblick \u00fcber personalisierte Acryl-Indikatoren f\u00fcr Veranstaltungen, Kulissen und Banner<\/strong><\/h3>\n<p>In einer Welt, die von fl\u00fcchtigen elektronischen Minuten ges\u00e4ttigt ist, kann die Macht eines konkreten, perfekt gestalteten Tafelaufsatzes auf Ihrer Veranstaltung gar nicht hoch genug eingesch\u00e4tzt werden. Es ist der Anker f\u00fcr Fotos, der Diskussionsstarter, die Komponente, die eine einfache Feier in ein unvergessliches, kuratiertes Erlebnis verwandelt. Lassen Sie sich einladen in die Zukunft des Veranstaltungsstils: die ma\u00dfgeschneiderte Acrylanzeige. Stromlinienf\u00f6rmig, zeitgem\u00e4\u00df und stets flexibel, sind diese Anzeiger die idealen Geschenke und Statement-Pieces f\u00fcr jede Art von Party, Hochzeitsevent, Firmenanlass oder Heiminterieur.<\/p>\n<p>Auch wenn Sie sich ein sensationelles \u201cSatisfied Birthday\u201d-Banner oder ein stilvolles Hochzeitsbegr\u00fc\u00dfungsschild vorstellen, ist unsere Erfahrung auf dem Planeten der Pr\u00e4zisionsfertigung entstanden. Die Bilder, die Sie hier sehen, zeigen den Kern unserer F\u00e4higkeiten - sie demonstrieren die hohe Qualit\u00e4t, die Robustheit und das gr\u00fcndliche Interesse an Informationen, die wir f\u00fcr jede einzelne Aufgabe bieten, von kommerziellen Anwendungen bis hin zu den sch\u00f6nen, individuellen Schildern, die sicherlich das Herzst\u00fcck Ihrer Feier werden.<\/p>\n<p><img fetchpriority=\"high\" decoding=\"async\" class=\"size-full wp-image-1433\" src=\"https:\/\/customacrylicproduct.com\/wp-content\/uploads\/2025\/07\/Custom-Acrylic-Sign-2-2.jpg\" alt=\"Individuelles Acrylschild (2)\" width=\"960\" height=\"960\" srcset=\"https:\/\/customacrylicproduct.com\/wp-content\/uploads\/2025\/07\/Custom-Acrylic-Sign-2-2.jpg 960w, https:\/\/customacrylicproduct.com\/wp-content\/uploads\/2025\/07\/Custom-Acrylic-Sign-2-2-300x300.jpg 300w, https:\/\/customacrylicproduct.com\/wp-content\/uploads\/2025\/07\/Custom-Acrylic-Sign-2-2-150x150.jpg 150w, https:\/\/customacrylicproduct.com\/wp-content\/uploads\/2025\/07\/Custom-Acrylic-Sign-2-2-768x768.jpg 768w, https:\/\/customacrylicproduct.com\/wp-content\/uploads\/2025\/07\/Custom-Acrylic-Sign-2-2-600x600.jpg 600w, https:\/\/customacrylicproduct.com\/wp-content\/uploads\/2025\/07\/Custom-Acrylic-Sign-2-2-100x100.jpg 100w\" sizes=\"(max-width: 960px) 100vw, 960px\" \/><\/p>\n<h4 id=\"-our-foundation-of-quality-a-take-a-look-at-our-production-prowess-\"><strong>Unser Fundament der Qualit\u00e4t: Ein Blick auf unsere Produktionsleistung<\/strong><\/h4>\n<p>Lassen Sie uns aufschl\u00fcsseln, was unsere verschiedenen Herstellungsprozesse \u00fcber die Qualit\u00e4t aussagen, die Sie f\u00fcr Ihre personalisierte Veranstaltungsanzeige erwarten k\u00f6nnen:.<\/p>\n<p><strong>1. Klarheit, Farbton und Pr\u00e4zision auf Unternehmensniveau (wie in der Angabe \u201cMAX \u8fc8\u65af\u201d zu sehen)<\/strong><\/p>\n<p>Das allererste Foto zeigt einen speziellen, gebrandeten Indikator f\u00fcr eine Innovations-Demobox. Was bedeutet das f\u00fcr Ihre Feieranzeige?<\/p>\n<ul>\n<li><strong>Lebendige, lebensnahe Farbe:\u00a0<\/strong>Das tiefe, einheitliche Blau und das klare Wei\u00df werden durch ausgefeilte Drucktechniken erreicht, die sicherstellen, dass die von Ihnen gew\u00e4hlten Farbt\u00f6ne satt und ges\u00e4ttigt sind und vollst\u00e4ndig auf das Motiv Ihrer Veranstaltung oder das Branding Ihres Unternehmens abgestimmt sind. Wir drucken nicht einfach nur, wir erwecken Ihr Farbschema zum Leben.<\/li>\n<li><strong>Einwandfreies Rendering von Logo und Text:\u00a0<\/strong>Beachten Sie die Sch\u00e4rfe des \u201cMAX\u201d-Logos und die Klarheit der chinesischen Schriftzeichen (\u8fc8\u65af). Unser hochaufl\u00f6sendes Druckverfahren garantiert, dass jede Linie, jede Kurve und jede Pers\u00f6nlichkeit Ihres Designs - sei es eine zarte Schriftart f\u00fcr eine Hochzeit oder ein lebhaftes Logodesign f\u00fcr eine Produkteinf\u00fchrung - mit tadelloser Sch\u00e4rfe und ohne Ausbluten wiedergegeben wird.<\/li>\n<li><strong>Experte vollst\u00e4ndig:\u00a0<\/strong>Dieses Schild hat ein ordentliches, elegantes und zuverl\u00e4ssiges Aussehen. Wir bringen genau dasselbe Ma\u00df an Professionalit\u00e4t und Vertrauen in Ihr Veranstaltungsschild ein und sorgen daf\u00fcr, dass es hochwertig und fortschrittlich aussieht und seinen Platz in Ihrem Design verdient.<\/li>\n<\/ul>\n<p><img decoding=\"async\" class=\"size-full wp-image-1435\" src=\"https:\/\/customacrylicproduct.com\/wp-content\/uploads\/2025\/07\/Custom-Acrylic-Sign-4-1.jpg\" alt=\"Individuelles Acrylschild (4)\" width=\"960\" height=\"960\" srcset=\"https:\/\/customacrylicproduct.com\/wp-content\/uploads\/2025\/07\/Custom-Acrylic-Sign-4-1.jpg 960w, https:\/\/customacrylicproduct.com\/wp-content\/uploads\/2025\/07\/Custom-Acrylic-Sign-4-1-300x300.jpg 300w, https:\/\/customacrylicproduct.com\/wp-content\/uploads\/2025\/07\/Custom-Acrylic-Sign-4-1-150x150.jpg 150w, https:\/\/customacrylicproduct.com\/wp-content\/uploads\/2025\/07\/Custom-Acrylic-Sign-4-1-768x768.jpg 768w, https:\/\/customacrylicproduct.com\/wp-content\/uploads\/2025\/07\/Custom-Acrylic-Sign-4-1-600x600.jpg 600w, https:\/\/customacrylicproduct.com\/wp-content\/uploads\/2025\/07\/Custom-Acrylic-Sign-4-1-100x100.jpg 100w\" sizes=\"(max-width: 960px) 100vw, 960px\" \/><\/p>\n<p><strong>2. Komplizierter Stil und n\u00fctzliche Langlebigkeit (wie bei der \u201cSHPW Food Warming\u201d Kontrolltafel)<\/strong><\/p>\n<p>Dieses Bild einer Temperaturregelungsplatine ist ein Beweis f\u00fcr unser technologisches K\u00f6nnen in der Feinmechanik.<\/p>\n<ul>\n<li><strong>Anlagenausschnitte und Formulare:\u00a0<\/strong>Das rechteckige Fenster in kompletter Gr\u00f6\u00dfe f\u00fcr eine digitale Anzeige und die pr\u00e4zisen Zwischenst\u00fccke f\u00fcr Schilderleuchten zeigen unsere F\u00e4higkeit, mit komplizierten Layouts zusammenzuarbeiten. F\u00fcr Ihre Partyanzeige bedeutet dies, dass wir jede Art von individueller Form entwickeln k\u00f6nnen, die Sie sich vorstellen k\u00f6nnen - von detaillierten Schriftz\u00fcgen und Formen bis hin zu Schildern mit geschichteten Komponenten oder umgekehrten Raumstilen.<\/li>\n<li><strong>Resilientes, mehrschichtiges Bauen:\u00a0<\/strong>Die Kontrolltafel muss st\u00e4ndigem Gebrauch, W\u00e4rme und Reinigung standhalten. Wir verwenden teure, widerstandsf\u00e4hige Acryl- und Polycarbonatmaterialien, die bruchsicher und langlebig sind. Ihre benutzerdefinierte Anzeige wird sicherlich nicht nur sensationell aussehen am Tag der Gelegenheit, sondern kann zus\u00e4tzlich als ein dauerhaftes Andenken oder St\u00fcck von zu Hause Dekor f\u00fcr mehrere Jahre zu finden gehalten werden.<\/li>\n<li><strong>Starke selbstklebende R\u00fcckseite:\u00a0<\/strong>Auf der R\u00fcckseite befindet sich ein ganzer Bogen des Hochleistungsklebers 3M 9448A. Dies ist eine wichtige Eigenschaft, die wir f\u00fcr Ihre Indikatoren liefern k\u00f6nnen. Er erm\u00f6glicht eine einfache, sichere und besch\u00e4digungsfreie Anbringung auf Wandfl\u00e4chen, Kulissen und verschiedenen anderen glatten Oberfl\u00e4chen. Sie brauchen keine N\u00e4gel oder komplizierte Montageger\u00e4te - einfach abziehen und aufkleben, um ein makelloses, schwebendes Aussehen zu erhalten.<\/li>\n<\/ul>\n<p><img decoding=\"async\" class=\"size-full wp-image-1434\" src=\"https:\/\/customacrylicproduct.com\/wp-content\/uploads\/2025\/07\/Custom-Acrylic-Sign-3-2.jpg\" alt=\"Individuelles Acrylschild (3)\" width=\"960\" height=\"960\" srcset=\"https:\/\/customacrylicproduct.com\/wp-content\/uploads\/2025\/07\/Custom-Acrylic-Sign-3-2.jpg 960w, https:\/\/customacrylicproduct.com\/wp-content\/uploads\/2025\/07\/Custom-Acrylic-Sign-3-2-300x300.jpg 300w, https:\/\/customacrylicproduct.com\/wp-content\/uploads\/2025\/07\/Custom-Acrylic-Sign-3-2-150x150.jpg 150w, https:\/\/customacrylicproduct.com\/wp-content\/uploads\/2025\/07\/Custom-Acrylic-Sign-3-2-768x768.jpg 768w, https:\/\/customacrylicproduct.com\/wp-content\/uploads\/2025\/07\/Custom-Acrylic-Sign-3-2-600x600.jpg 600w, https:\/\/customacrylicproduct.com\/wp-content\/uploads\/2025\/07\/Custom-Acrylic-Sign-3-2-100x100.jpg 100w\" sizes=\"(max-width: 960px) 100vw, 960px\" \/><\/p>\n<p><strong>3. Konsistenz, Umfang und Bequemlichkeit (wie in den Tafeln \u201cErziehungshalsband f\u00fcr Haustiere\u201d zu sehen)<\/strong><\/p>\n<p>Die zahlreichen kleinen Tafeln f\u00fcr Hundetrainingshalsb\u00e4nder heben zwei weitere wesentliche Elemente unserer Dienstleistung hervor:.<\/p>\n<ul>\n<li><strong>Perfekte Replikation:\u00a0<\/strong>Ganz gleich, ob Sie einen gro\u00dfen Begr\u00fc\u00dfungsanzeiger oder 150 kleine, personalisierte Namensschilder f\u00fcr eine Hochzeitsfeier ben\u00f6tigen, wir sorgen f\u00fcr absolute Einheitlichkeit bei jedem Artikel. Jedes Produkt ist in Farbe, Gr\u00f6\u00dfe und Qualit\u00e4t optimal aufeinander abgestimmt.<\/li>\n<li><strong>Flexibilit\u00e4t in der Anwendung:\u00a0<\/strong>Diese kleinen Paneele zeigen, dass unsere M\u00f6glichkeiten nicht auf gro\u00dfe Banner beschr\u00e4nkt sind. Wir k\u00f6nnen eine ganze Reihe von passenden Acryl-Designs f\u00fcr Ihren Anlass erstellen:.<\/li>\n<li><strong>Individuell gefertigte Alkoholr\u00fchrer oder -identifikatoren zum Verzehr\u00a0<\/strong>.<\/li>\n<li><strong>Individualisierte Tischkarten\u00a0<\/strong>.<\/li>\n<li><strong>Tabelle Zahlen\u00a0<\/strong>.<\/li>\n<li><strong>Tortenaufleger\u00a0<\/strong>.<\/li>\n<li><strong>Geschenkanh\u00e4nger oder Veranstaltungsgeschenke\u00a0<\/strong>.<\/li>\n<\/ul>\n<h4 id=\"-unleash-your-creative-thinking-countless-opportunities-for-your-custom-made-sign-\"><strong>Entfesseln Sie Ihr kreatives Denken: Unz\u00e4hlige M\u00f6glichkeiten f\u00fcr Ihr individuelles Schild<\/strong><\/h4>\n<p>Lassen Sie uns diese Produktionskraft in eine spektakul\u00e4re Dekoration f\u00fcr Ihren n\u00e4chsten Anlass verwandeln. Unsere personalisierten Acryl-Schilder sind die ausgezeichnete Leinwand f\u00fcr Ihre Vision.<\/p>\n<ul>\n<li><strong>Hochzeiten und Jubil\u00e4en:\u00a0<\/strong>Stellen Sie sich einen spektakul\u00e4ren Willkommensgru\u00df aus gefrostetem Acryl mit Kalligraphie vor, der Ihre G\u00e4ste begr\u00fc\u00dft. Stellen Sie sich stilvolle Tischnummern aus klarem Acryl vor, die \u00fcber den Tischdekorationen zu schweben scheinen, oder eine atemberaubende Anzeige f\u00fcr die Speisenauswahl an der Bar, die mit Ihren typischen Mixgetr\u00e4nken versehen ist.<\/li>\n<li><strong>Geburtstage und Meilensteine:\u00a0<\/strong>Geben Sie eine Erkl\u00e4rung mit einem gro\u00dfen, lebendigen Acrylschild ab, auf dem der Name des Ehrengastes steht und das den besten Hintergrund f\u00fcr Fotos bildet. Von \u201cSweet 16\u201d bis \u201cFabulous 50\u201d, wir k\u00f6nnen den Geist der Party in einem Layout festhalten, das sich abhebt.<\/li>\n<li><strong>S\u00e4uglingsduschen &amp; Gender Exposes:\u00a0<\/strong>Zeigen Sie Ihre Freude mit einem perfekt gestalteten \u201cOh Infant!\u201d- oder \u201cInvite Youngster\u201d-Schild. So entstehen wertvolle Erinnerungsst\u00fccke, die sp\u00e4ter im Kinderzimmer aufgeh\u00e4ngt werden k\u00f6nnen.<\/li>\n<li><strong>Gesch\u00e4ftsveranstaltungen und Markennamen-Aktivierungen:\u00a0<\/strong>Begeistern Sie Ihre Kunden und inspirieren Sie Ihre Mitarbeiter mit einem kunstvoll gestalteten Schild mit Ihrem Firmenlogo. Perfekt f\u00fcr Messest\u00e4nde, Veranstaltungsorte, Interview-Hintergr\u00fcnde und Ehrungen.<\/li>\n<li><strong>Kulissen und Banner f\u00fcr Veranstaltungen:\u00a0<\/strong>Gestalten Sie mit einem individuellen Acrylbanner eine Instagram-taugliche Wandfl\u00e4che. Ob es ein lustiges Zitat, ein Event-Hashtag oder ein einfaches \u201cAllow's Party\u201d ist, es wird der Hauptfokus des Vergn\u00fcgens sein.<\/li>\n<\/ul>\n<h4 id=\"-the-straightforward-path-to-your-perfect-indicator-\"><strong>Der direkte Weg zu Ihrem perfekten Indikator<\/strong><\/h4>\n<p>Unser Team ist bestrebt, den Anpassungsprozess so reibungslos und zufriedenstellend zu gestalten wie den Anlass selbst.<\/p>\n<ol>\n<li><strong>Teilen Sie Ihre Vision:\u00a0<\/strong>Informieren Sie uns, was Sie brauchen. Schicken Sie uns Ihren Wunschtext, Ihr Logodesign, Ihre Farbgestaltung, Ihren bevorzugten Schriftstil und Ihre Ma\u00dfe.<\/li>\n<li><strong>Kollaboratives Design:\u00a0<\/strong>Unser Layout-Team wird mit Ihnen zusammenarbeiten, um einen digitalen Nachweis zu entwickeln und sicherzustellen, dass alle Informationen ausgezeichnet sind, bevor wir mit der Herstellung beginnen.<\/li>\n<li><strong>Genauigkeit Produktion:\u00a0<\/strong>Mit der gleichen modernen Technologie, mit der auch unsere Industrieprodukte hergestellt werden, bearbeiten wir Ihren Indikator mit gr\u00f6\u00dfter Sorgfalt.<\/li>\n<li><strong>Verteilung an Ihre T\u00fcr:\u00a0<\/strong>Ihre fertige Anzeige wird sorgf\u00e4ltig gepr\u00fcft, sicher verpackt und direkt an Sie ausgeliefert, damit sie ihren gro\u00dfen Auftritt hat.<\/li>\n<\/ol>\n<p>Entscheiden Sie sich nicht f\u00fcr generische, nicht wiederverwendbare Designs. Kaufen Sie ein Kunstwerk, das Ihren Stil widerspiegelt und Ihre Veranstaltung aufwertet. Lassen Sie uns unsere industrielle Genauigkeit, unser technisches Know-how und unsere Begeisterung f\u00fcr Spitzenqualit\u00e4t f\u00fcr Sie einsetzen.<\/p>\n<p><strong>Wenden Sie sich noch heute an uns, um mit der Erstellung eines personalisierten Acrylschildes zu beginnen, das Ihre besondere Feier sicherlich zu einem Ereignis vor Ort macht.<\/strong><\/p>","protected":false},"excerpt":{"rendered":"<p class=\"ng-star-inserted\"><span class=\"ng-star-inserted\">Erstellen Sie hochwertige, individuelle Acrylschilder und -platten f\u00fcr jeden Bedarf. Perfekt f\u00fcr Produkt-Overlays, Branding oder atemberaubende Party-Kulissen. Mit haltbarem Druck, pr\u00e4zisen Ausschnitten und einer starken Klebefl\u00e4che f\u00fcr eine einfache Montage. Erwecken Sie Ihr einzigartiges Design mit einer professionellen, polierten Oberfl\u00e4che zum Leben.<\/span><\/p>","protected":false},"featured_media":1432,"template":"","meta":{"_kad_post_transparent":"default","_kad_post_title":"","_kad_post_layout":"default","_kad_post_sidebar_id":"","_kad_post_content_style":"default","_kad_post_vertical_padding":"default","_kad_post_feature":"","_kad_post_feature_position":"","_kad_post_header":false,"_kad_post_footer":false,"_kad_post_classname":""},"product_brand":[],"product_cat":[18],"product_tag":[149],"class_list":{"0":"post-1431","1":"product","2":"type-product","3":"status-publish","4":"has-post-thumbnail","6":"product_cat-custom-acrylic-signs","7":"product_tag-custom-acrylic-sign","9":"first","10":"instock","11":"shipping-taxable","12":"product-type-simple","13":"entry","14":"content-bg","15":"loop-entry"},"_links":{"self":[{"href":"https:\/\/customacrylicproduct.com\/de\/wp-json\/wp\/v2\/product\/1431","targetHints":{"allow":["GET"]}}],"collection":[{"href":"https:\/\/customacrylicproduct.com\/de\/wp-json\/wp\/v2\/product"}],"about":[{"href":"https:\/\/customacrylicproduct.com\/de\/wp-json\/wp\/v2\/types\/product"}],"wp:featuredmedia":[{"embeddable":true,"href":"https:\/\/customacrylicproduct.com\/de\/wp-json\/wp\/v2\/media\/1432"}],"wp:attachment":[{"href":"https:\/\/customacrylicproduct.com\/de\/wp-json\/wp\/v2\/media?parent=1431"}],"wp:term":[{"taxonomy":"product_brand","embeddable":true,"href":"https:\/\/customacrylicproduct.com\/de\/wp-json\/wp\/v2\/product_brand?post=1431"},{"taxonomy":"product_cat","embeddable":true,"href":"https:\/\/customacrylicproduct.com\/de\/wp-json\/wp\/v2\/product_cat?post=1431"},{"taxonomy":"product_tag","embeddable":true,"href":"https:\/\/customacrylicproduct.com\/de\/wp-json\/wp\/v2\/product_tag?post=1431"}],"curies":[{"name":"wp","href":"https:\/\/api.w.org\/{rel}","templated":true}]}}