{"id":1436,"date":"2025-07-21T07:26:39","date_gmt":"2025-07-21T07:26:39","guid":{"rendered":"https:\/\/customacrylicproduct.com\/?post_type=product&#038;p=1436"},"modified":"2025-07-21T07:26:39","modified_gmt":"2025-07-21T07:26:39","slug":"custom-acrylic-signs-illuminated-shop-display-led-sign","status":"publish","type":"product","link":"https:\/\/customacrylicproduct.com\/de\/custom-acrylic-signs-illuminated-shop-display-led-sign\/","title":{"rendered":"Benutzerdefinierte Acryl Schilder Beleuchtete Shop Display LED Schild"},"content":{"rendered":"<h3 id=\"-raise-your-brand-name-premium-personalized-illuminated-led-acrylic-indications-\"><strong>Erh\u00f6hen Sie Ihren Markennamen: Premium personalisierte beleuchtete LED-Acryl-Anzeigen<\/strong><\/h3>\n<p>In einer Welt, die mit visuellem Klang ges\u00e4ttigt ist, ist ein lang anhaltender erster Eindruck nicht nur ein Vorteil, sondern ein Muss. Ihr Logodesign ist das Gesicht Ihres Markennamens, der stille Botschafter, der B\u00e4nde spricht, bevor Sie \u00fcberhaupt ein Wort gesagt haben. Stellen Sie es sich nicht nur auf einem Display oder einer Visitenkarte vor, sondern als ein greifbares, leuchtendes Kunstwerk, das die Aufmerksamkeit lenkt und Kompetenz zeigt. Laden Sie ein zur h\u00f6chsten Deklaration der Markenidentit\u00e4t: unsere individuell gestalteten LED-Polymer-Leuchtschilder.<\/p>\n<p>Wie im edlen Funktionsbereich \u201cMYSA\u201d zu sehen ist, sind diese Zeichen mehr als nur Markierungen, sie sind Blickpunkte. Sie verwandeln jede Art von Raum - von einer Gesch\u00e4ftslobby bis zu einer schicken Boutique, einem modernen Friseursalon oder einer fantasievollen Werkstatt - in ein Zeugnis Ihres Engagements f\u00fcr hohe Qualit\u00e4t und Design. Dies ist Ihre Gelegenheit, Ihren Markennamen mit einem strahlenden, raffinierten Glanz zum Leben zu erwecken, der fesselt und Selbstvertrauen vermittelt.<\/p>\n<p><img fetchpriority=\"high\" decoding=\"async\" class=\"size-full wp-image-1439\" src=\"https:\/\/customacrylicproduct.com\/wp-content\/uploads\/2025\/07\/Custom-Acrylic-Signs-3-1.jpg\" alt=\"Individuelle Acrylschilder (3)\" width=\"800\" height=\"800\" srcset=\"https:\/\/customacrylicproduct.com\/wp-content\/uploads\/2025\/07\/Custom-Acrylic-Signs-3-1.jpg 800w, https:\/\/customacrylicproduct.com\/wp-content\/uploads\/2025\/07\/Custom-Acrylic-Signs-3-1-300x300.jpg 300w, https:\/\/customacrylicproduct.com\/wp-content\/uploads\/2025\/07\/Custom-Acrylic-Signs-3-1-150x150.jpg 150w, https:\/\/customacrylicproduct.com\/wp-content\/uploads\/2025\/07\/Custom-Acrylic-Signs-3-1-768x768.jpg 768w, https:\/\/customacrylicproduct.com\/wp-content\/uploads\/2025\/07\/Custom-Acrylic-Signs-3-1-600x600.jpg 600w, https:\/\/customacrylicproduct.com\/wp-content\/uploads\/2025\/07\/Custom-Acrylic-Signs-3-1-100x100.jpg 100w\" sizes=\"(max-width: 800px) 100vw, 800px\" \/><\/p>\n<h4 id=\"-unparalleled-workmanship-and-product-excellence-\"><strong>Un\u00fcbertroffene Verarbeitungsqualit\u00e4t und hervorragende Produkte<\/strong><\/h4>\n<p>Das Herzst\u00fcck jedes Anzeigers ist eine Verschmelzung von innovativer moderner Technologie und meisterhafter Verarbeitung. Wir beginnen mit dem hochwertigsten Acryl, das wegen seiner au\u00dfergew\u00f6hnlichen Klarheit, Langlebigkeit und Bequemlichkeit ausgew\u00e4hlt wird. Dieses Premium-Produkt wird anschlie\u00dfend mit moderner Lasertechnologie pr\u00e4zisionsgeschnitten, um Ihr Logo und Ihren Schriftzug mit perfekter Genauigkeit zu duplizieren und jede Kurve, Linie und Detailinformation Ihres Layouts zu erfassen.<\/p>\n<p>Das Zifferblatt des Anzeigers mit dem pr\u00e4chtigen goldenen Schriftzug \u201cCUSTOMIZED LOGO STYLE\u201d ist mit einer aufwendigen, spiegelnden Oberfl\u00e4che versehen. Diese polierte Oberfl\u00e4che l\u00e4sst die Umgebung tags\u00fcber wunderbar zur Geltung kommen und sorgt f\u00fcr eine lebendige und hochwertige \u00c4sthetik. W\u00e4hrend die opulente goldene Oberfl\u00e4che wegen ihrer klassischen Raffinesse bevorzugt wird, bieten wir ein breites Spektrum an Anpassungsm\u00f6glichkeiten, die perfekt zum Schema Ihres Markennamens passen, darunter:.<\/p>\n<ul>\n<li><strong>Elegante Oberfl\u00e4chen aus geb\u00fcrstetem Stahl (Silber, Ros\u00e9gold, Bronze)\u00a0<\/strong>.<\/li>\n<li><strong>Kr\u00e4ftige, starke Farben (Schwarz, Wei\u00df und kundenspezifische Pantone-Farben)\u00a0<\/strong>.<\/li>\n<li><strong>Moderne matte Oberfl\u00e4chen f\u00fcr einen subtileren, fortschrittlichen Look\u00a0<\/strong>.<\/li>\n<\/ul>\n<p>Der K\u00f6rper jedes Buchstabens ist robust gestaltet und bietet die dreidimensionale Tiefe, die das Zeichen von der Wand abhebt. Dies ist kein ebenes, gedrucktes Schild; es ist ein skulpturales St\u00fcck, das Struktur und Leidenschaft in Ihr Interieur bringt.<\/p>\n<p><img decoding=\"async\" class=\"size-full wp-image-1438\" src=\"https:\/\/customacrylicproduct.com\/wp-content\/uploads\/2025\/07\/Custom-Acrylic-Signs-2-1.jpg\" alt=\"Individuelle Acrylschilder (2)\" width=\"800\" height=\"800\" srcset=\"https:\/\/customacrylicproduct.com\/wp-content\/uploads\/2025\/07\/Custom-Acrylic-Signs-2-1.jpg 800w, https:\/\/customacrylicproduct.com\/wp-content\/uploads\/2025\/07\/Custom-Acrylic-Signs-2-1-300x300.jpg 300w, https:\/\/customacrylicproduct.com\/wp-content\/uploads\/2025\/07\/Custom-Acrylic-Signs-2-1-150x150.jpg 150w, https:\/\/customacrylicproduct.com\/wp-content\/uploads\/2025\/07\/Custom-Acrylic-Signs-2-1-768x768.jpg 768w, https:\/\/customacrylicproduct.com\/wp-content\/uploads\/2025\/07\/Custom-Acrylic-Signs-2-1-600x600.jpg 600w, https:\/\/customacrylicproduct.com\/wp-content\/uploads\/2025\/07\/Custom-Acrylic-Signs-2-1-100x100.jpg 100w\" sizes=\"(max-width: 800px) 100vw, 800px\" \/><\/p>\n<h4 id=\"-the-magic-of-halo-lighting-\"><strong>Die Magie der Halo-Beleuchtung<\/strong><\/h4>\n<p>Was diese Anzeigen wirklich auszeichnet, ist die gro\u00dfartige Hintergrundbeleuchtung. Wir integrieren energieeffiziente, langlebige LED-Komponenten unauff\u00e4llig hinter jedem Buchstaben oder Gestaltungselement. Beim Einschalten wird das Licht nach hinten auf die Installationsfl\u00e4che geworfen, wodurch ein weicher, spiritueller \u201cHalo\u201d-Effekt entsteht. Dieses milde Leuchten umrei\u00dft Ihr Logo und l\u00e4sst es so erscheinen, als w\u00fcrde es leicht an der Wand schweben.<\/p>\n<p>Diese Halo-Beleuchtung bietet zahlreiche wichtige Vorteile:.<\/p>\n<ul>\n<li><strong>Subtile Raffinesse:\u00a0<\/strong>Im Gegensatz zu den strengen, von vorne beleuchteten Anzeigen ist das von hinten beleuchtete Licht stilvoll und einladend. Es erzeugt eine gem\u00fctliche, fachkundige Atmosph\u00e4re, die sich hervorragend f\u00fcr kundenorientierte Bereiche wie Empfangsschalter, Wartebereiche und Konferenzr\u00e4ume eignet.<\/li>\n<li><strong>24\/7-Einfluss:\u00a0<\/strong>Ihre Anzeige sieht tags\u00fcber mit ihrer glatten Oberfl\u00e4che einfach umwerfend aus und verwandelt sich abends oder bei schwachem Licht in ein leuchtendes Zeichen, das garantiert, dass Ihr Markenname immer sichtbar ist und hervorsticht.<\/li>\n<li><strong>Verbesserte Lesbarkeit:\u00a0<\/strong>Der Vergleich, der durch das Halo-Ergebnis entsteht, macht Ihren Namen und Ihr Logo au\u00dfergew\u00f6hnlich klar und leicht aus der Entfernung zu erkennen, ohne Blendung oder Druck auf die Augen zu verursachen.<\/li>\n<li><strong>Energieleistung:\u00a0<\/strong>Unsere Premium-LEDs verbrauchen sehr wenig Strom und haben eine Lebenserwartung von bis zu 50.000 Stunden, was Ihre Anzeige zu einer sch\u00f6nen, nachhaltigen und wirtschaftlichen Finanzinvestition macht.<\/li>\n<\/ul>\n<p><img decoding=\"async\" class=\"wp-image-1437 size-large aligncenter\" src=\"https:\/\/customacrylicproduct.com\/wp-content\/uploads\/2025\/07\/Custom-Acrylic-Signs-1-1-1024x1024.jpg\" alt=\"Individuelle Acrylschilder (1)\" width=\"1024\" height=\"1024\" srcset=\"https:\/\/customacrylicproduct.com\/wp-content\/uploads\/2025\/07\/Custom-Acrylic-Signs-1-1-1024x1024.jpg 1024w, https:\/\/customacrylicproduct.com\/wp-content\/uploads\/2025\/07\/Custom-Acrylic-Signs-1-1-300x300.jpg 300w, https:\/\/customacrylicproduct.com\/wp-content\/uploads\/2025\/07\/Custom-Acrylic-Signs-1-1-150x150.jpg 150w, https:\/\/customacrylicproduct.com\/wp-content\/uploads\/2025\/07\/Custom-Acrylic-Signs-1-1-768x769.jpg 768w, https:\/\/customacrylicproduct.com\/wp-content\/uploads\/2025\/07\/Custom-Acrylic-Signs-1-1-1534x1536.jpg 1534w, https:\/\/customacrylicproduct.com\/wp-content\/uploads\/2025\/07\/Custom-Acrylic-Signs-1-1-600x601.jpg 600w, https:\/\/customacrylicproduct.com\/wp-content\/uploads\/2025\/07\/Custom-Acrylic-Signs-1-1-100x100.jpg 100w, https:\/\/customacrylicproduct.com\/wp-content\/uploads\/2025\/07\/Custom-Acrylic-Signs-1-1.jpg 1918w\" sizes=\"(max-width: 1024px) 100vw, 1024px\" \/><\/p>\n<h4 id=\"-an-universe-of-applications-where-your-vision-revives-\"><strong>Ein Universum von Anwendungen: Wo Ihre Vision wieder auflebt<\/strong><\/h4>\n<p>Die Flexibilit\u00e4t unserer personalisierten Leuchtanzeigen kennt keine Grenzen. Sie werten jede Atmosph\u00e4re auf und dienen einer Vielzahl von Zielen.<\/p>\n<ul>\n<li><strong>Gesch\u00e4ftsr\u00e4ume und Eingangshallen:\u00a0<\/strong>Mit dem \u201cMYSA\u201d-Schild signalisieren Sie sofort Erfolg und Stabilit\u00e4t, wenn ein Kunde oder Partner durch Ihre T\u00fcr kommt. Ein wundersch\u00f6n beleuchtetes Logodesign hinter der Rezeption schafft Vertrauen in die Marke und wertet Ihr fachliches Bild auf.<\/li>\n<li><strong>Einzelhandelsboutiquen und Ausstellungsr\u00e4ume:\u00a0<\/strong>Ziehen Sie Besucher auf Ihre Website und sorgen Sie f\u00fcr ein bemerkenswertes Erlebnis im Gesch\u00e4ft. Ein personalisiertes Schild kann Ihren Markennamen oder eine bestimmte Abteilung hervorheben oder als beeindruckender, \u201cInstagramm-tauglicher\u201d Bildhintergrund f\u00fcr Ihre Kunden dienen.<\/li>\n<li><strong>Friseursalons, Spas und Gesundheitszentren:\u00a0<\/strong>Schaffen Sie eine Atmosph\u00e4re von Luxus, Ruhe und Entspannung. Die weiche, haloartige Ausstrahlung eignet sich hervorragend, um eine entspannende Umgebung zu schaffen, die mit den von Ihnen angebotenen L\u00f6sungen harmoniert, so dass sich die Kunden von der ersten Minute an wirklich verw\u00f6hnt f\u00fchlen.<\/li>\n<li><strong>Restaurants, Caf\u00e9s und Nachtclubs:\u00a0<\/strong>Geben Sie die Stimmung vor und definieren Sie die Pers\u00f6nlichkeit Ihres Lokals. Egal, ob es sich um ein schickes, modernes Lokal oder eine gem\u00fctliche, rustikale Bar handelt, ein ma\u00dfgeschneidertes, beleuchtetes Schild kann zu einem charakteristischen Bestandteil Ihres Designs werden, an das sich Ihre G\u00e4ste erinnern und das sie fotografieren.<\/li>\n<li><strong>Kreative Studios und Heimb\u00fcros:\u00a0<\/strong>F\u00fcr Gesch\u00e4ftsinhaber, K\u00fcnstler und Entwickler von Webinhalten ist Ihr pers\u00f6nliches B\u00fcro Ihr Refugium. Ein individuelles Schild mit Ihrer Marke, Ihrem Senderlogo oder einem individuellen Konzept kann als t\u00e4gliche Motivationsquelle und als professioneller Hintergrund f\u00fcr Videoclip-Telefonate und die Erstellung von Material dienen.<\/li>\n<li><strong>Das perfekte Gesch\u00e4ftsgeschenk:\u00a0<\/strong>Suchen Sie ein wirklich individuelles und zweckm\u00e4\u00dfiges Geschenk f\u00fcr eine gro\u00dfe Er\u00f6ffnung, ein Firmenjubil\u00e4um oder eine Werbeaktion f\u00fcr einen Mitarbeiter? Ein individuelles, beleuchtetes Logodesign ist ein durchdachtes, herausragendes und praktisches Geschenk, das \u00fcber mehrere Jahre hinweg gesch\u00e4tzt und genutzt wird.<\/li>\n<\/ul>\n<h4 id=\"-a-smooth-process-from-your-idea-to-installment-\"><strong>Ein reibungsloser Prozess: Von Ihrer Idee bis zur Rate<\/strong><\/h4>\n<p>Unser Unternehmen ist der Meinung, dass die Entwicklung Ihres perfekten Schildes eine erstaunliche und einfache Erfahrung sein muss. Unser Prozess ist so angelegt, dass er bei jedem Schritt gemeinsam und transparent ist.<\/p>\n<ol>\n<li><strong>Ernennung &amp; Einreichung von Entw\u00fcrfen:\u00a0<\/strong>Schicken Sie uns einfach Ihre Logodesign-Dokumente (bevorzugt AI, EPS oder hochaufl\u00f6sendes PDF), die gew\u00fcnschten Abmessungen und alle Arten von besonderen Beschichtungs- oder Farbanforderungen. Sie haben noch kein endg\u00fcltiges Layout? Unser Team kann sich mit Ihnen zusammensetzen, um Ihr Konzept zum Leben zu erwecken.<\/li>\n<li><strong>Digitaler Korrekturabzug &amp; Angebot:\u00a0<\/strong>Wir entwickeln ein gr\u00fcndliches elektronisches Mockup Ihrer Anzeige, das Ihnen genau zeigt, wie sie mit den angegebenen Abmessungen und der Beleuchtung aussehen wird. Zusammen mit diesem Nachweis erhalten Sie ein ausf\u00fchrliches, unverbindliches Angebot.<\/li>\n<li><strong>Pr\u00e4zise Konstruktion:\u00a0<\/strong>Sobald Sie den Nachweis genehmigen, machen sich unsere kompetenten Techniker an die Arbeit. Mit den besten Materialien und hochentwickelten Werkzeugen fertigen und montieren wir Ihre Anzeige sorgf\u00e4ltig und integrieren die LED-Beleuchtung und die Schaltkreise.<\/li>\n<li><strong>Top Qualit\u00e4t Pr\u00fcfen &amp; Sicherer Versand:\u00a0<\/strong>Jeder Indikator wird einer strengen Qualit\u00e4tskontrolle unterzogen, um sicherzustellen, dass er bemerkenswert ist. Danach wird er sorgf\u00e4ltig verpackt und mit allen erforderlichen Befestigungselementen und Richtlinien versehen, bevor er direkt an Ihre Haust\u00fcr geliefert wird.<\/li>\n<\/ol>\n<p>Kaufen Sie eine Kennzeichnung, die strahlt. Gehen Sie \u00fcber das Normale hinaus und geben Sie Ihrer Marke die leuchtende, hochwertige Existenz, die ihr zusteht. Ein individuelles beleuchtetes Acrylschild ist mehr als nur ein Schild - es ist eine Investition in Ihr Image, ein Leuchtturm f\u00fcr Ihr Unternehmen und ein t\u00e4glicher Hinweis auf Ihre Vision, die ins Licht ger\u00fcckt wird.<\/p>\n<p><strong>Setzen Sie sich noch heute mit uns in Verbindung, um einen kostenlosen Kostenvoranschlag und ein digitales Mockup zu erhalten, und lassen Sie uns mit dem Aufbau der Anzeige beginnen, die Ihren Bereich definieren wird.<\/strong><\/p>","protected":false},"excerpt":{"rendered":"<p class=\"ng-star-inserted\"><span class=\"ng-star-inserted\">Heben Sie Ihre Marke mit einem atemberaubenden 3D-Hintergrundbeleuchtungsschild hervor. Unsere individuellen Acrylschilder verf\u00fcgen \u00fcber einen raffinierten LED-Halogenschein und eine luxuri\u00f6se Spiegeloberfl\u00e4che. Ideal f\u00fcr Gesch\u00e4ftslogos, B\u00fcroempf\u00e4nge und Schaufenster. Hinterlassen Sie einen bleibenden Eindruck mit einem hochwertigen, beleuchteten Display.<\/span><\/p>","protected":false},"featured_media":1437,"template":"","meta":{"_kad_post_transparent":"default","_kad_post_title":"","_kad_post_layout":"default","_kad_post_sidebar_id":"","_kad_post_content_style":"default","_kad_post_vertical_padding":"default","_kad_post_feature":"","_kad_post_feature_position":"","_kad_post_header":false,"_kad_post_footer":false,"_kad_post_classname":""},"product_brand":[],"product_cat":[18],"product_tag":[51],"class_list":{"0":"post-1436","1":"product","2":"type-product","3":"status-publish","4":"has-post-thumbnail","6":"product_cat-custom-acrylic-signs","7":"product_tag-custom-acrylic-signs","9":"first","10":"instock","11":"shipping-taxable","12":"product-type-simple","13":"entry","14":"content-bg","15":"loop-entry"},"_links":{"self":[{"href":"https:\/\/customacrylicproduct.com\/de\/wp-json\/wp\/v2\/product\/1436","targetHints":{"allow":["GET"]}}],"collection":[{"href":"https:\/\/customacrylicproduct.com\/de\/wp-json\/wp\/v2\/product"}],"about":[{"href":"https:\/\/customacrylicproduct.com\/de\/wp-json\/wp\/v2\/types\/product"}],"wp:featuredmedia":[{"embeddable":true,"href":"https:\/\/customacrylicproduct.com\/de\/wp-json\/wp\/v2\/media\/1437"}],"wp:attachment":[{"href":"https:\/\/customacrylicproduct.com\/de\/wp-json\/wp\/v2\/media?parent=1436"}],"wp:term":[{"taxonomy":"product_brand","embeddable":true,"href":"https:\/\/customacrylicproduct.com\/de\/wp-json\/wp\/v2\/product_brand?post=1436"},{"taxonomy":"product_cat","embeddable":true,"href":"https:\/\/customacrylicproduct.com\/de\/wp-json\/wp\/v2\/product_cat?post=1436"},{"taxonomy":"product_tag","embeddable":true,"href":"https:\/\/customacrylicproduct.com\/de\/wp-json\/wp\/v2\/product_tag?post=1436"}],"curies":[{"name":"wp","href":"https:\/\/api.w.org\/{rel}","templated":true}]}}