{"id":1441,"date":"2025-07-21T07:50:23","date_gmt":"2025-07-21T07:50:23","guid":{"rendered":"https:\/\/customacrylicproduct.com\/?post_type=product&#038;p=1441"},"modified":"2025-07-21T07:50:23","modified_gmt":"2025-07-21T07:50:23","slug":"custom-transparent-acrylic-engraved-disc-simple-souvenir","status":"publish","type":"product","link":"https:\/\/customacrylicproduct.com\/de\/custom-transparent-acrylic-engraved-disc-simple-souvenir\/","title":{"rendered":"Benutzerdefinierte transparente Acryl gravierte Scheibe einfaches Souvenir"},"content":{"rendered":"<h3 id=\"capture-your-tradition-in-crystal-clear-sparkle-the-custom-3d-laser-engraved-polymer-block\">Halten Sie Ihre Tradition in kristallklarem Glanz fest: Der 3D-lasergravierte Polymerblock nach Ma\u00df<\/h3>\n<p>In einer Welt der kurzlebigen elektronischen Minuten und Wegwerfartikel liegt eine gro\u00dfe Kraft darin, etwas Substanzielles, Langfristiges und zutiefst Individuelles zu besitzen. Es ist die Macht, einen Meilenstein zu ehren, einen Erfolg zu w\u00fcrdigen, eine Erinnerung zu verewigen oder ein Geschenk zu machen, das \u00fcber das \u00dcbliche hinausgeht. Wir stellen Ihnen einen Artikel vor, der nicht nur ein Gegenstand ist, sondern ein Gef\u00e4\u00df f\u00fcr diese Gef\u00fchle: der 3D-lasergravierte Acrylblock - ein Kunstwerk aus zeitgen\u00f6ssischer Handwerkskunst und ma\u00dfgeschneiderter Kunst.<\/p>\n<p><img fetchpriority=\"high\" decoding=\"async\" class=\"size-full wp-image-1444\" src=\"https:\/\/customacrylicproduct.com\/wp-content\/uploads\/2025\/07\/Custom-Transparent-Souvenir-3.jpg\" alt=\"Individuelles transparentes Souvenir (3)\" width=\"800\" height=\"800\" srcset=\"https:\/\/customacrylicproduct.com\/wp-content\/uploads\/2025\/07\/Custom-Transparent-Souvenir-3.jpg 800w, https:\/\/customacrylicproduct.com\/wp-content\/uploads\/2025\/07\/Custom-Transparent-Souvenir-3-300x300.jpg 300w, https:\/\/customacrylicproduct.com\/wp-content\/uploads\/2025\/07\/Custom-Transparent-Souvenir-3-150x150.jpg 150w, https:\/\/customacrylicproduct.com\/wp-content\/uploads\/2025\/07\/Custom-Transparent-Souvenir-3-768x768.jpg 768w, https:\/\/customacrylicproduct.com\/wp-content\/uploads\/2025\/07\/Custom-Transparent-Souvenir-3-600x600.jpg 600w, https:\/\/customacrylicproduct.com\/wp-content\/uploads\/2025\/07\/Custom-Transparent-Souvenir-3-100x100.jpg 100w\" sizes=\"(max-width: 800px) 100vw, 800px\" \/><\/p>\n<p><strong>Ein Monolith in Miniatur: Die Kunst der Anwesenheit<\/strong><\/p>\n<p>Auf den ersten Blick ist das Objekt von schlichter, minimalistischer Raffinesse. Es ist ein makelloser, starker Block aus optisch klarem Acryl, der zu einer glasartigen Oberfl\u00e4che poliert ist. Seine klaren Linien und sein betr\u00e4chtliches Gewicht verleihen ihm sofort ein Gef\u00fchl von h\u00f6chster Qualit\u00e4t und Relevanz. Auf einem Chefschreibtisch, einem Funktionstresen oder einem Kaminsims zu Hause lenkt er die Aufmerksamkeit auf sich, ohne sie zu fordern. Er ist sowohl ein raffinierter Briefbeschwerer als auch ein St\u00fcck moderner Skulptur.<\/p>\n<p>Doch sein wahrer Zauber offenbart sich erst bei n\u00e4herer Betrachtung. Es handelt sich nicht um einen einfachen Block mit ge\u00e4tzter Oberfl\u00e4che. Im Inneren seines makellosen, transparenten Kerns schwebt ein Globus mit detaillierten Informationen, die in Zeit und Raum angehalten wurden. Ein Bild, ein Logodesign, eine Nachricht oder eine komplizierte dreidimensionale Version h\u00e4ngt \u00e4therisch, relativ aus eingefangenem Licht geformt. Wie im Beispiel zu sehen ist, werden das Wort \u201cShanghai\u201d und seine chinesische Entsprechung \u201c\u4e0a\u6d77\u56fd\u9645\u201d (Shanghai International) mit spektakul\u00e4rer Klarheit wiedergegeben, wobei ihre markante Form ein faszinierendes Zusammenspiel von Licht und Dunkelheit erzeugt. Dar\u00fcber werden die elegante Zusammenfassung eines Automobil-Seitenfensters und ein kompliziertes, mehrteiliges Designelement - m\u00f6glicherweise ein Sto\u00dfd\u00e4mpfer - mit spektakul\u00e4rer Pr\u00e4zision aufgenommen. Dies ist die Kunst der Laserbeschriftung unter der Oberfl\u00e4che, die einen einfachen Block in ein Fenster zu Ihrer Geschichte verwandelt.<\/p>\n<p><img decoding=\"async\" class=\"size-full wp-image-1443\" src=\"https:\/\/customacrylicproduct.com\/wp-content\/uploads\/2025\/07\/Custom-Transparent-Souvenir-2.jpg\" alt=\"Individuelles transparentes Souvenir (2)\" width=\"800\" height=\"800\" srcset=\"https:\/\/customacrylicproduct.com\/wp-content\/uploads\/2025\/07\/Custom-Transparent-Souvenir-2.jpg 800w, https:\/\/customacrylicproduct.com\/wp-content\/uploads\/2025\/07\/Custom-Transparent-Souvenir-2-300x300.jpg 300w, https:\/\/customacrylicproduct.com\/wp-content\/uploads\/2025\/07\/Custom-Transparent-Souvenir-2-150x150.jpg 150w, https:\/\/customacrylicproduct.com\/wp-content\/uploads\/2025\/07\/Custom-Transparent-Souvenir-2-768x768.jpg 768w, https:\/\/customacrylicproduct.com\/wp-content\/uploads\/2025\/07\/Custom-Transparent-Souvenir-2-600x600.jpg 600w, https:\/\/customacrylicproduct.com\/wp-content\/uploads\/2025\/07\/Custom-Transparent-Souvenir-2-100x100.jpg 100w\" sizes=\"(max-width: 800px) 100vw, 800px\" \/><\/p>\n<p><strong>Die wissenschaftliche Erforschung der Magie: Die Aufdeckung des 3D-Lasergravurprozesses<\/strong><\/p>\n<p>Wie wird dieser fesselnde dreidimensionale Effekt erzielt? Das Verfahren ist ein Wunderwerk an Innovation und Pr\u00e4zision. Im Gegensatz zu herk\u00f6mmlichen Beschriftungen, die die Oberfl\u00e4che zerkratzen, fokussiert unser hochmodernes Lasersystem einen hochintensiven Lichtstrahl auf einen bestimmten Punkt\u00a0<em>innerhalb\u00a0<\/em>den Acrylblock. Der Laser selbst ist f\u00fcr die Oberfl\u00e4che des Materials unsch\u00e4dlich. Am spezifischen Brennpunkt erzeugt seine konzentrierte Leistung jedoch einen winzigen Riss oder eine Blase - einen kleinen, mattierten Punkt.<\/p>\n<p>Unsere Software steuert diesen Laser mit mikrometergenauer Pr\u00e4zision und pulsiert Tausende und Abertausende dieser Punkte, um Ihr Design Schicht f\u00fcr Schicht in den massiven Block einzubauen. Die einzelnen Punkte verbinden sich wie Prominente zu einer Konstellation und erzeugen ein konkretes, unverwechselbares Bild mit echter Tiefe und Dimension. Das Ergebnis ist ein Entwurf, den Sie aus jedem beliebigen Winkel betrachten k\u00f6nnen, wobei jede Perspektive einen neuen Blick auf das Innere und \u00c4u\u00dfere des Werks erm\u00f6glicht. Das \u201cmatte\u201d Aussehen der Gravur f\u00e4ngt das Licht wundersch\u00f6n ein und l\u00e4sst das innere Bild strahlen, als ob es von innen beleuchtet w\u00e4re, besonders wenn es in der N\u00e4he eines Fensters oder unter einer Schreibtischlampe aufgestellt wird.<\/p>\n<p><img decoding=\"async\" class=\"size-full wp-image-1442\" src=\"https:\/\/customacrylicproduct.com\/wp-content\/uploads\/2025\/07\/Custom-Transparent-Souvenir-1.jpg\" alt=\"Individuelles transparentes Souvenir (1)\" width=\"800\" height=\"800\" srcset=\"https:\/\/customacrylicproduct.com\/wp-content\/uploads\/2025\/07\/Custom-Transparent-Souvenir-1.jpg 800w, https:\/\/customacrylicproduct.com\/wp-content\/uploads\/2025\/07\/Custom-Transparent-Souvenir-1-300x300.jpg 300w, https:\/\/customacrylicproduct.com\/wp-content\/uploads\/2025\/07\/Custom-Transparent-Souvenir-1-150x150.jpg 150w, https:\/\/customacrylicproduct.com\/wp-content\/uploads\/2025\/07\/Custom-Transparent-Souvenir-1-768x768.jpg 768w, https:\/\/customacrylicproduct.com\/wp-content\/uploads\/2025\/07\/Custom-Transparent-Souvenir-1-600x600.jpg 600w, https:\/\/customacrylicproduct.com\/wp-content\/uploads\/2025\/07\/Custom-Transparent-Souvenir-1-100x100.jpg 100w\" sizes=\"(max-width: 800px) 100vw, 800px\" \/><\/p>\n<p><strong>Die ultimative Leinwand f\u00fcr die individuelle Gestaltung: Ihre Vision, gekapselt<\/strong><\/p>\n<p>Dieser Acrylblock ist in erster Linie eine Leinwand f\u00fcr Ihre kreative Fantasie. Die M\u00f6glichkeiten der individuellen Gestaltung sind praktisch grenzenlos, was ihn zur besten Option f\u00fcr eine Vielzahl von Anwendungen macht.<\/p>\n<ul>\n<li><strong>Corporate Excellence und Branding:<\/strong><\/li>\n<li><strong>Ehrungen und Anerkennungen:\u00a0<\/strong>Gehen Sie \u00fcber die \u00fcblichen Plaketten hinaus. Ehren Sie den \u201cMitarbeiter des Jahres\u201d, den \u201cf\u00fchrenden Vertriebsmitarbeiter\u201d oder die \u201clangj\u00e4hrige Betriebszugeh\u00f6rigkeit\u201d mit einer Auszeichnung, die so prominent ist wie die Leistung selbst. Gravieren Sie den Namen des Empf\u00e4ngers, den Titel der Auszeichnung und das Firmenlogo in gro\u00dfartigem 3D.<\/li>\n<li><strong>Produkteinf\u00fchrungen und technische Wunderwerke:\u00a0<\/strong>Wie das Beispielbild zeigt, gibt es keine bessere M\u00f6glichkeit, einen brandneuen Gegenstand oder ein komplexes technisches Bauteil darzustellen. Rendern Sie einen 3D-CAD-Entwurf Ihrer Reparatur, Ihres Ger\u00e4ts oder Ihres Geb\u00e4udeentwurfs im Block. Es ist ein effektives Werbe- und Marketinginstrument und ein unvergessliches Geschenk f\u00fcr Kunden, Gesch\u00e4ftspartner und Kapitalgeber.<\/li>\n<li><strong>Gesch\u00e4ftsgeschenke und Veranstaltungsm\u00fcnzen:\u00a0<\/strong>F\u00fcr Seminare, Ausstellungen (wie die Shanghai International Vehicle Show im Beispiel) oder Firmenjubil\u00e4en sind diese Bl\u00f6cke ein hochwertiges, unvergessliches Andenken. Sie sind eine best\u00e4ndige, elegante Erinnerung an das Engagement Ihres Markennamens f\u00fcr Spitzenqualit\u00e4t und Fortschritt.<\/li>\n<li><strong>Pers\u00f6nliche Meilensteine und liebgewonnene Erinnerungen:<\/strong><\/li>\n<li><strong>Hochzeiten und Jubil\u00e4en:\u00a0<\/strong>Verewigen Sie den Tag der Hochzeitsfeier, die Namen des Paares und sogar ein 3D-gerendertes Foto von einem Lieblingsfoto. Es ist ein klassisches Erinnerungsst\u00fcck, das ein Leben lang gesch\u00e4tzt wird.<\/li>\n<li><strong>Abschl\u00fcsse und akademische Leistungen:\u00a0<\/strong>Feiern Sie einen Doktortitel mit einem 3D-Modell einer DNA-Helix, einen Abschluss in Stil mit einem Rendering der Abschlussarbeit des Absolventen oder einen Abschluss in Rechtswissenschaften mit den Bereichen der Justiz.<\/li>\n<li><strong>Gedenkfeiern:\u00a0<\/strong>Schaffen Sie eine attraktive und dauerhafte Hommage an einen geliebten Menschen oder an ein geliebtes Haustier der Familie. Ein einfacher Name, ein Tag und ein bedeutendes Symbol k\u00f6nnen in perfekter Qualit\u00e4t f\u00fcr immer festgehalten werden, wobei ein sch\u00f6ner und friedlicher Faktor der Reflexion zum Tragen kommt.<\/li>\n<li><strong>Hobbys und Leidenschaften:\u00a0<\/strong>Vom Oldtimer f\u00fcr den Autofanatiker bis zur Musiknote f\u00fcr den Musiker - jedes Interesse kann in ein pers\u00f6nliches Kunstwerk verwandelt werden.<\/li>\n<\/ul>\n<p><strong>Kompromisslos hohe Qualit\u00e4t und dauerhafte Eleganz<\/strong><\/p>\n<p>Wir verwenden nur hochwertiges, optisch reines Acryl. Im Gegensatz zu minderwertigen Kunststoffen wird unser Material wegen seiner au\u00dfergew\u00f6hnlichen Qualit\u00e4t, seiner Widerstandsf\u00e4higkeit gegen Vergilbung und seiner lohnenden Haptik ausgew\u00e4hlt, die sorgf\u00e4ltig die eines gro\u00dfen Kristalls simuliert. Die Kanten sind diamantgeschliffen, um makellos glatt und klar zu sein, so dass das Licht von allen Seiten eindringen und die innere Beschriftung erhellen kann.<\/p>\n<p>Diese Produktwahl garantiert zudem eine hohe Widerstandsf\u00e4higkeit. Es besitzt zwar die optische Sch\u00f6nheit von Glas, ist aber wesentlich bruchsicherer und sorgt daf\u00fcr, dass Ihr geliebtes Andenken \u00fcber Jahre hinweg sicher und sch\u00f6n bleibt. Zur Pflege gen\u00fcgt ein einfaches Abwischen mit einem weichen Mikrofasertuch, um den strahlenden Glanz wiederherzustellen.<\/p>\n<p><strong>Ihre Reise vom Konzept zum Meisterwerk<\/strong><\/p>\n<p>Die Erstellung Ihres individuellen Acrylblocks ist ein gemeinsamer und nahtloser Prozess. Stellen Sie uns einfach Ihre bevorzugte Nachricht, Ihr Logo-Design, ein 2D-Bild oder eine 3D-Design-Datei zur Verf\u00fcgung. Unser Team von spezialisierten Designern wird daraufhin einen digitalen Beweis f\u00fcr Ihre Zustimmung erstellen, der Ihnen genau zeigt, wie Ihr Stil in dem Block aussehen wird. Sobald Sie zufrieden sind, setzen unsere Meisterhandwerker Ihre Vision mit unvergleichlicher Pr\u00e4zision um.<\/p>\n<p>Schenken Sie nicht einfach ein Geschenk, sondern eine Tradition. Erwerben Sie nicht nur ein Souvenir, sondern ein Kunstwerk, das eine Geschichte erz\u00e4hlt. Entscheiden Sie sich f\u00fcr den personalisierten 3D-Acrylblock mit Lasergravur und h\u00fcllen Sie die Momente, die Ihnen am wichtigsten sind, in klassisches, kristallklares Licht.<\/p>","protected":false},"excerpt":{"rendered":"<p class=\"ng-star-inserted\"><span class=\"ng-star-inserted\">Schaffen Sie ein zeitloses Erinnerungsst\u00fcck mit unseren 3D-lasergravierten Acrylbl\u00f6cken. Ihr Logo, Text oder Bild wird pr\u00e4zise in das kristallklare Acrylglas ge\u00e4tzt, wodurch ein atemberaubender Schwebeeffekt entsteht. Perfekt f\u00fcr Firmenauszeichnungen, personalisierte Geschenke und einzigartige Souvenirs, die einen bleibenden Eindruck hinterlassen.<\/span><\/p>","protected":false},"featured_media":1444,"template":"","meta":{"_kad_post_transparent":"default","_kad_post_title":"","_kad_post_layout":"default","_kad_post_sidebar_id":"","_kad_post_content_style":"default","_kad_post_vertical_padding":"default","_kad_post_feature":"","_kad_post_feature_position":"","_kad_post_header":false,"_kad_post_footer":false,"_kad_post_classname":""},"product_brand":[],"product_cat":[20],"product_tag":[129],"class_list":{"0":"post-1441","1":"product","2":"type-product","3":"status-publish","4":"has-post-thumbnail","6":"product_cat-custom-acrylic-crafts","7":"product_tag-acrylic-crafts","9":"first","10":"instock","11":"shipping-taxable","12":"product-type-simple","13":"entry","14":"content-bg","15":"loop-entry"},"_links":{"self":[{"href":"https:\/\/customacrylicproduct.com\/de\/wp-json\/wp\/v2\/product\/1441","targetHints":{"allow":["GET"]}}],"collection":[{"href":"https:\/\/customacrylicproduct.com\/de\/wp-json\/wp\/v2\/product"}],"about":[{"href":"https:\/\/customacrylicproduct.com\/de\/wp-json\/wp\/v2\/types\/product"}],"wp:featuredmedia":[{"embeddable":true,"href":"https:\/\/customacrylicproduct.com\/de\/wp-json\/wp\/v2\/media\/1444"}],"wp:attachment":[{"href":"https:\/\/customacrylicproduct.com\/de\/wp-json\/wp\/v2\/media?parent=1441"}],"wp:term":[{"taxonomy":"product_brand","embeddable":true,"href":"https:\/\/customacrylicproduct.com\/de\/wp-json\/wp\/v2\/product_brand?post=1441"},{"taxonomy":"product_cat","embeddable":true,"href":"https:\/\/customacrylicproduct.com\/de\/wp-json\/wp\/v2\/product_cat?post=1441"},{"taxonomy":"product_tag","embeddable":true,"href":"https:\/\/customacrylicproduct.com\/de\/wp-json\/wp\/v2\/product_tag?post=1441"}],"curies":[{"name":"wp","href":"https:\/\/api.w.org\/{rel}","templated":true}]}}