{"id":1446,"date":"2025-07-21T08:00:52","date_gmt":"2025-07-21T08:00:52","guid":{"rendered":"https:\/\/customacrylicproduct.com\/?post_type=product&#038;p=1446"},"modified":"2025-07-21T08:00:52","modified_gmt":"2025-07-21T08:00:52","slug":"acrylic-tray-organizer-bathroom-vanity-tray-for-counter","status":"publish","type":"product","link":"https:\/\/customacrylicproduct.com\/de\/acrylic-tray-organizer-bathroom-vanity-tray-for-counter\/","title":{"rendered":"Acryl Tablett Organizer Badezimmer Eitelkeit Tablett f\u00fcr Counter"},"content":{"rendered":"<h3 id=\"elevate-your-area-discover-the-ultimate-in-style-and-organization-with-our-versatile-polymer-tray\">Erh\u00f6hen Sie Ihren Bereich: Entdecken Sie das Ultimative in Stil und Organisation mit unserem vielseitigen Polymer-Tablett<\/h3>\n<p>In einer Welt, die von st\u00e4ndiger Aktivit\u00e4t und Unordnung gepr\u00e4gt ist, ist die Suche nach Momenten der Ruhe und Ordnung in unseren pers\u00f6nlichen R\u00e4umen zum h\u00f6chsten Gut geworden. Wir suchen nicht nur nach Funktion, sondern auch nach Charme; nicht nur nach Gesellschaft, sondern auch nach Raffinesse. Wir stellen den Acrylic Tray Organizer vor - ein meisterhaft gestaltetes St\u00fcck, das \u00fcber seine einfache Form hinausgeht und zu einem entscheidenden Aspekt eines fortschrittlichen und gut geordneten Zuhauses wird. Es ist mehr als nur ein Tablett; es ist eine Leinwand f\u00fcr Ihren individuellen Stil, ein Zufluchtsort f\u00fcr Ihre geliebten Gegenst\u00e4nde und der ideale Service, um Ihr Leben mit Souver\u00e4nit\u00e4t und Flair zu entr\u00fcmpeln. Egal, ob Sie es als stilvolles Waschraumtablett, als moderne Servierplatte oder als eleganten Blickfang betrachten, seine Flexibilit\u00e4t wird nur von seinem bemerkenswerten Design \u00fcbertroffen.<\/p>\n<p><img fetchpriority=\"high\" decoding=\"async\" class=\"size-full wp-image-1447\" src=\"https:\/\/customacrylicproduct.com\/wp-content\/uploads\/2025\/07\/Acrylic-Tray-Organizer-1.jpg\" alt=\"Acryl-Tablett Organizer (1)\" width=\"800\" height=\"800\" srcset=\"https:\/\/customacrylicproduct.com\/wp-content\/uploads\/2025\/07\/Acrylic-Tray-Organizer-1.jpg 800w, https:\/\/customacrylicproduct.com\/wp-content\/uploads\/2025\/07\/Acrylic-Tray-Organizer-1-300x300.jpg 300w, https:\/\/customacrylicproduct.com\/wp-content\/uploads\/2025\/07\/Acrylic-Tray-Organizer-1-150x150.jpg 150w, https:\/\/customacrylicproduct.com\/wp-content\/uploads\/2025\/07\/Acrylic-Tray-Organizer-1-768x768.jpg 768w, https:\/\/customacrylicproduct.com\/wp-content\/uploads\/2025\/07\/Acrylic-Tray-Organizer-1-600x600.jpg 600w, https:\/\/customacrylicproduct.com\/wp-content\/uploads\/2025\/07\/Acrylic-Tray-Organizer-1-100x100.jpg 100w\" sizes=\"(max-width: 800px) 100vw, 800px\" \/><\/p>\n<p><strong>Eine Symphonie aus modernem Design und tadellosen Funktionen<\/strong><\/p>\n<p>Das Herzst\u00fcck dieses Organizers ist das Engagement f\u00fcr eine minimalistische Optik und au\u00dfergew\u00f6hnliche Spitzenqualit\u00e4t. Gefertigt aus hochwertigem, langlebigem Acryl, bietet er eine signifikante Haptik ohne das schwere Gewicht von Glas oder Keramik. Das Layout ist eine Studie in klaren Linien und dezentem Stil, was es zu einer nahtlosen Erg\u00e4nzung f\u00fcr jede Art von Dekoration macht, von modern und modern bis klassisch und extravagant.<\/p>\n<p>Wir bieten dieses bezaubernde Tablett in zwei verschiedenen und spektakul\u00e4ren Oberfl\u00e4chen an, die perfekt zu Ihren Vorlieben passen:.<\/p>\n<ul>\n<li><strong>Kristallklares Acryl:\u00a0<\/strong>F\u00fcr ein H\u00f6chstma\u00df an moderner Eleganz schafft die transparente Alternative ein \u201cschwebendes\u201d Ergebnis, das sich m\u00fchelos in jede Art von Atmosph\u00e4re einf\u00fcgen l\u00e4sst. Sie bringt nicht nur die Dinge zur Geltung, die sie aufbewahrt, sondern auch die sch\u00f6ne Oberfl\u00e4che, auf der sie ruht, sei es eine Arbeitsplatte aus Marmor, eine \u00fcppige Holzmaserung oder eine lebhafte Tischdecke. Seine durchsichtige Beschaffenheit macht ihn unglaublich funktional und schafft Ordnung, ohne den Raum \u00e4sthetisch zu \u00fcberfrachten.<\/li>\n<li><strong>Standard Opak Wei\u00df:\u00a0<\/strong>F\u00fcr eine klare, saubere und starke Aussage sorgt die sch\u00f6ne wei\u00dfe Beschichtung mit einem frischen und ruhigen Look. Sie bietet einen idealen, neutralen Hintergrund, der Ihre farbenfrohen Kosmetika, raffinierten Parf\u00fcmbeh\u00e4lter oder k\u00f6stlichen Leckereien zur Geltung bringt. Diese Wahl eignet sich am besten, um in einem Waschraum ein koh\u00e4rentes, Spa-\u00e4hnliches Gef\u00fchl zu schaffen oder eine trendige, galerieartige Auslage auf einem Couchtisch zu gestalten.<\/li>\n<\/ul>\n<p>Die Leistung ist direkt in das eigentliche Material des Designs eingewoben. Das Tablett verf\u00fcgt \u00fcber stromlinienf\u00f6rmige, ausgeschnittene Griffe, die sowohl ein Gestaltungselement als auch eine funktionelle Funktion sind. Sie bewahren die glatte Form des Tabletts und bieten gleichzeitig einen bequemen und sicheren Halt f\u00fcr den einfachen Transport von einem Raum zum anderen. Die hochgezogenen Seiten sind durchdacht proportioniert - hoch genug, um die Produkte sicher aufzubewahren und ein Versch\u00fctten oder Wegrollen zu vermeiden, aber niedrig genug, um zu gew\u00e4hrleisten, dass jede Kleinigkeit gut sichtbar und erreichbar ist.<\/p>\n<p><img decoding=\"async\" class=\"size-full wp-image-1448\" src=\"https:\/\/customacrylicproduct.com\/wp-content\/uploads\/2025\/07\/Acrylic-Tray-Organizer-2.jpg\" alt=\"Acryl-Tablett Organizer (2)\" width=\"800\" height=\"800\" srcset=\"https:\/\/customacrylicproduct.com\/wp-content\/uploads\/2025\/07\/Acrylic-Tray-Organizer-2.jpg 800w, https:\/\/customacrylicproduct.com\/wp-content\/uploads\/2025\/07\/Acrylic-Tray-Organizer-2-300x300.jpg 300w, https:\/\/customacrylicproduct.com\/wp-content\/uploads\/2025\/07\/Acrylic-Tray-Organizer-2-150x150.jpg 150w, https:\/\/customacrylicproduct.com\/wp-content\/uploads\/2025\/07\/Acrylic-Tray-Organizer-2-768x768.jpg 768w, https:\/\/customacrylicproduct.com\/wp-content\/uploads\/2025\/07\/Acrylic-Tray-Organizer-2-600x600.jpg 600w, https:\/\/customacrylicproduct.com\/wp-content\/uploads\/2025\/07\/Acrylic-Tray-Organizer-2-100x100.jpg 100w\" sizes=\"(max-width: 800px) 100vw, 800px\" \/><\/p>\n<p>&nbsp;<\/p>\n<p><strong>Entfesseln Sie sein Potenzial: Ein Tablett f\u00fcr jeden Bereich und Faktor<\/strong><\/p>\n<p>Die wahre Genialit\u00e4t dieses Acryltabletts liegt in seiner grenzenlosen Vielseitigkeit. Es ist ein Cham\u00e4leon des Wohnstils, das sich m\u00fchelos an Ihre Bed\u00fcrfnisse anpasst und jeden Raum aufwertet, den es bewohnt.<\/p>\n<ul>\n<li><strong>Der Waschraum und der Eitelkeitsraum:\u00a0<\/strong>Verwandeln Sie Ihre morgendliche Routine von Unordnung in Ruhe. Verwenden Sie es als Ablage f\u00fcr Ihre t\u00e4glichen Utensilien. Ordnen Sie Ihre Hautpflegebeh\u00e4lter, Lotionen und Produkte \u00fcbersichtlich an. Stellen Sie Ihre Lieblingsparf\u00fcms auf einen pr\u00e4chtigen Bildschirm und verwandeln Sie sie in ein dekoratives Element statt in eine unordentliche Ablagefl\u00e4che. Au\u00dferdem ist es die ideale B\u00fchne f\u00fcr Make-up, auf der Pinsel, Kombinationen und Grundierungen geordnet und in Reichweite aufbewahrt werden k\u00f6nnen. Das wasserfeste Acrylprodukt eignet sich hervorragend f\u00fcr das Badezimmer und sch\u00fctzt Ihre K\u00fcchentheken vor Tropfen, Versch\u00fcttungen und Verf\u00e4rbungen, w\u00e4hrend es gleichzeitig au\u00dfergew\u00f6hnlich leicht abzuwischen ist.<\/li>\n<li><strong>Der Kumpel des eleganten Gastgebers:\u00a0<\/strong>Erh\u00f6hen Sie Ihren Unterhaltungswert, indem Sie es als innovatives Angebotstablett verwenden. Stellen Sie sich vor, dass Sie Ihren Besuchern morgens Kaffee und frisch gebackene Kekse anbieten, wie in unserem Lifestyle-Bild zu sehen, oder abends alkoholische Getr\u00e4nke und H\u00e4ppchen mit einem Hauch von Klasse anbieten. Die robuste Konstruktion und die griffigen Griffe machen den Transport von Getr\u00e4nken und Snacks von der K\u00fcche ins Wohnzimmer oder auf die Terrasse zu einem Kinderspiel. Es ist ein einfacher Touch, der R\u00fccksichtnahme und tadellose Vorliebe zeigt.<\/li>\n<li><strong>Das Herzst\u00fcck des Wohnzimmers:\u00a0<\/strong>B\u00e4ndigen Sie die Unordnung auf Ihrem Couchtisch oder Ihrer Fu\u00dfbank. Dieses Tablett ist der beste Anker f\u00fcr die Dekoration Ihres Wohnzimmers. Stellen Sie eine kleine Vase mit frischen Bl\u00fcten, eine Duftkerze und ein paar Ihrer Lieblingsb\u00fccher zusammen, um eine trendige Vignette zu kreieren. Es ist auch ein perfekter Auffangbeh\u00e4lter f\u00fcr Druckkn\u00f6pfe, Rollatoren und andere kleine Dinge, die gerne verloren gehen, und sorgt daf\u00fcr, dass Ihr Wohnzimmer ordentlich und zweckm\u00e4\u00dfig eingerichtet aussieht.<\/li>\n<li><strong>Der effiziente B\u00fcrokoordinator:\u00a0<\/strong>Bringen Sie ein Gef\u00fchl der Ordnung in Ihr B\u00fcro. Stellen Sie ihn auf Ihren Schreibtisch, um Stifte, Notizbl\u00f6cke, B\u00fcroklammern und Ihr Telefon aufzubewahren. Indem Sie einen Platz f\u00fcr Ihre wichtigsten Arbeitsger\u00e4te schaffen, k\u00f6nnen Sie eine konzentriertere und effektivere Atmosph\u00e4re schaffen und gleichzeitig Ihrem Arbeitsplatz einen Hauch von fachlicher Sch\u00f6nheit verleihen.<\/li>\n<\/ul>\n<p><strong>F\u00fcr die Ewigkeit gemacht, f\u00fcr den Eindruck gemacht<\/strong><\/p>\n<p>Dies ist kein Wegwerf-Gesch\u00e4ftsger\u00e4t, sondern ein dauerhaftes St\u00fcck Wohndesign. Es wurde aus dickem, hochwertigem Acryl hergestellt und ist daher unempfindlich gegen Zerbrechen, Risse und Vergilben im Laufe der Zeit. Die Seiten sind sorgf\u00e4ltig geschnitten und zu einer glatten, glas\u00e4hnlichen Beschichtung poliert, so dass es keine scharfen Kanten gibt. Diese Liebe zum Detail spricht f\u00fcr ein Ma\u00df an Handwerkskunst, das sowohl f\u00fcr Sicherheit als auch f\u00fcr ein glamour\u00f6ses Gef\u00fchl sorgt. Die Reinigung ist denkbar einfach: Ein kurzes Abwischen mit einem weichen, feuchten Handtuch gen\u00fcgt, um das sch\u00f6ne, gl\u00e4nzende Aussehen zu erhalten.<\/p>\n<p><img decoding=\"async\" class=\"size-full wp-image-1450\" src=\"https:\/\/customacrylicproduct.com\/wp-content\/uploads\/2025\/07\/Acrylic-Tray-Organizer-4.jpg\" alt=\"Acryl-Tablett Organizer (4)\" width=\"800\" height=\"800\" srcset=\"https:\/\/customacrylicproduct.com\/wp-content\/uploads\/2025\/07\/Acrylic-Tray-Organizer-4.jpg 800w, https:\/\/customacrylicproduct.com\/wp-content\/uploads\/2025\/07\/Acrylic-Tray-Organizer-4-300x300.jpg 300w, https:\/\/customacrylicproduct.com\/wp-content\/uploads\/2025\/07\/Acrylic-Tray-Organizer-4-150x150.jpg 150w, https:\/\/customacrylicproduct.com\/wp-content\/uploads\/2025\/07\/Acrylic-Tray-Organizer-4-768x768.jpg 768w, https:\/\/customacrylicproduct.com\/wp-content\/uploads\/2025\/07\/Acrylic-Tray-Organizer-4-600x600.jpg 600w, https:\/\/customacrylicproduct.com\/wp-content\/uploads\/2025\/07\/Acrylic-Tray-Organizer-4-100x100.jpg 100w\" sizes=\"(max-width: 800px) 100vw, 800px\" \/><\/p>\n<p><strong>Das perfekte Geschenk f\u00fcr jede Art von Anl\u00e4ssen<\/strong><\/p>\n<p>Sie sind auf der Suche nach einem Geschenk, das sowohl sch\u00f6n als auch wirklich wertvoll ist? Dann suchen Sie nicht weiter. Dieses vielseitige Acryltablett ist ein durchdachtes und stilvolles Geschenk f\u00fcr fast jede Person auf Ihrer Liste. Es ist eine beeindruckende Auswahl f\u00fcr:.<\/p>\n<ul>\n<li><strong>Hauseinweihungen:\u00a0<\/strong>Helfen Sie einem Freund oder einer Freundin beim Einzug in ihr neues Zuhause mit einem Geschenk, das sofort f\u00fcr Stil und Ordnung sorgt.<\/li>\n<li><strong>Geburtstage:\u00a0<\/strong>Ein schickes und funktionelles Geschenk f\u00fcr Menschen, die Charme, Dekoration und Ordnung m\u00f6gen.<\/li>\n<li><strong>Hochzeitsfeiern oder Hochzeitsduschen:\u00a0<\/strong>Ein innovatives Geschenk, das das neue Paar auf vielf\u00e4ltige Weise in seinem Zuhause einsetzen kann.<\/li>\n<li><strong>Der Tag der Mutter:\u00a0<\/strong>Verschenken Sie eine organisierte Eitelkeit mit Spa-Charakter, in der sie ihre allt\u00e4glichen Rituale genie\u00dfen kann.<\/li>\n<li><strong>Feiertage:\u00a0<\/strong>Ein weithin gesch\u00e4tztes Geschenk, das Kollegen, Familienmitgliedern und guten Freunden hilft.<\/li>\n<\/ul>\n<p>Es ist ein Geschenk, das zeigt, dass Sie ihre Bequemlichkeit und ihr Zuhause respektieren, und bietet einen Hauch von t\u00e4glichem Luxus, den sie sicherlich nutzen und mehrere Jahre lang sch\u00e4tzen werden.<\/p>\n<p><strong>Investieren Sie in Raffinesse, setzen Sie auf Ordnung<\/strong><\/p>\n<p>Lassen Sie nicht l\u00e4nger zu, dass Unordnung die Stimmung in Ihrem Zuhause bestimmt. Es ist an der Zeit, die Kontrolle zu \u00fcbernehmen und R\u00e4ume zu gestalten, die Ihnen Freude und Ruhe bringen. Der Polymer Tray Organizer ist mehr als ein Accessoire, er ist eine Investition in ein sch\u00f6neres, organisierteres und ruhigeres Leben. Es ist die unkomplizierte L\u00f6sung, die Sie schon immer gesucht haben, um einen Bereich miteinander zu verbinden, Ihre Oberfl\u00e4chen zu sichern und Ihre bevorzugten Dinge pr\u00e4chtig zu pr\u00e4sentieren und einwandfrei an ihrem Platz zu halten. Holen Sie sich diesen wichtigen Artikel noch heute nach Hause und entdecken Sie den gro\u00dfen Einfluss, den ein stilvolles Unternehmen auf Ihr t\u00e4gliches Leben haben kann.<\/p>","protected":false},"excerpt":{"rendered":"<p class=\"ng-star-inserted\"><span class=\"ng-star-inserted\">Organisieren Sie stilvoll mit unserem eleganten Acryltablett. Perfekt f\u00fcr Ihren Waschtisch, Ihren Couchtisch oder als schicke Servierplatte. Dieser robuste und wasserfeste Organizer ist ideal f\u00fcr die Pr\u00e4sentation von Parf\u00fcm, Kosmetika oder Getr\u00e4nken. Eine vielseitige, moderne Erg\u00e4nzung f\u00fcr jeden Tresen.<\/span><\/p>","protected":false},"featured_media":1448,"template":"","meta":{"_kad_post_transparent":"default","_kad_post_title":"","_kad_post_layout":"default","_kad_post_sidebar_id":"","_kad_post_content_style":"default","_kad_post_vertical_padding":"default","_kad_post_feature":"","_kad_post_feature_position":"","_kad_post_header":false,"_kad_post_footer":false,"_kad_post_classname":""},"product_brand":[],"product_cat":[22],"product_tag":[150],"class_list":{"0":"post-1446","1":"product","2":"type-product","3":"status-publish","4":"has-post-thumbnail","6":"product_cat-custom-acrylic-trays","7":"product_tag-acrylic-tray-organizer","9":"first","10":"instock","11":"shipping-taxable","12":"product-type-simple","13":"entry","14":"content-bg","15":"loop-entry"},"_links":{"self":[{"href":"https:\/\/customacrylicproduct.com\/de\/wp-json\/wp\/v2\/product\/1446","targetHints":{"allow":["GET"]}}],"collection":[{"href":"https:\/\/customacrylicproduct.com\/de\/wp-json\/wp\/v2\/product"}],"about":[{"href":"https:\/\/customacrylicproduct.com\/de\/wp-json\/wp\/v2\/types\/product"}],"wp:featuredmedia":[{"embeddable":true,"href":"https:\/\/customacrylicproduct.com\/de\/wp-json\/wp\/v2\/media\/1448"}],"wp:attachment":[{"href":"https:\/\/customacrylicproduct.com\/de\/wp-json\/wp\/v2\/media?parent=1446"}],"wp:term":[{"taxonomy":"product_brand","embeddable":true,"href":"https:\/\/customacrylicproduct.com\/de\/wp-json\/wp\/v2\/product_brand?post=1446"},{"taxonomy":"product_cat","embeddable":true,"href":"https:\/\/customacrylicproduct.com\/de\/wp-json\/wp\/v2\/product_cat?post=1446"},{"taxonomy":"product_tag","embeddable":true,"href":"https:\/\/customacrylicproduct.com\/de\/wp-json\/wp\/v2\/product_tag?post=1446"}],"curies":[{"name":"wp","href":"https:\/\/api.w.org\/{rel}","templated":true}]}}