{"id":1451,"date":"2025-07-21T08:16:11","date_gmt":"2025-07-21T08:16:11","guid":{"rendered":"https:\/\/customacrylicproduct.com\/?post_type=product&#038;p=1451"},"modified":"2025-07-21T08:16:11","modified_gmt":"2025-07-21T08:16:11","slug":"office-desk-custom-clear-acrylic-desk-computer-desk","status":"publish","type":"product","link":"https:\/\/customacrylicproduct.com\/de\/office-desk-custom-clear-acrylic-desk-computer-desk\/","title":{"rendered":"B\u00fcrotisch Individueller Schreibtisch aus klarem Acryl Computerschreibtisch"},"content":{"rendered":"<h3 id=\"redefine-your-work-area-the-custom-made-polymer-desk-for-the-modern-visionary\">Definieren Sie Ihren Arbeitsbereich neu: Der ma\u00dfgeschneiderte Polymer-Schreibtisch f\u00fcr den modernen Vision\u00e4r<\/h3>\n<p>In einer Zeit, in der unser Arbeits- und Privatleben mehr denn je miteinander verflochten sind, sollte der Raum, in dem wir leben, um uns vorzustellen, uns zu konzentrieren und Leistung zu erbringen, mehr als nur funktional sein. Er muss eine Erweiterung unserer Individualit\u00e4t sein, eine Inspirationsquelle und ein Zeugnis f\u00fcr beeindruckendes Design. Erinnern Sie sich nicht mehr an die gro\u00dfen, unkreativen Schreibtische der Vergangenheit - das wuchtige Holz, der k\u00fchle Stahl, die g\u00e4ngigen Stile, die den Raum bev\u00f6lkern, ohne ihn zu beleben. Es ist an der Zeit, einen neuen Designstandard zu akzeptieren, einen, der Licht, Luft und pers\u00f6nlichen Ausdruck in den Vordergrund stellt.<\/p>\n<p>Einf\u00fchrung in die\u00a0<strong>Individueller Polymer-Computertisch\u00a0<\/strong>, ein Kunstwerk aus minimalistischem Design und moderner Technik. Dies ist nicht einfach ein M\u00f6belst\u00fcck, es ist ein Statement. Gefertigt aus einem einzigen, durchgehenden St\u00fcck hochmodernen Acryls, flie\u00dft seine ikonische \u201cWasserfall\u201d-Silhouette nahtlos von der Oberfl\u00e4che zum Boden und erzeugt einen ebenso sinnlichen wie beeindruckenden skulpturalen Charme. Ganz gleich, ob Sie sich f\u00fcr die \u00e4therische, kaum sichtbare Eleganz kristallklarer Transparenz oder den abenteuerlichen Knall einer lebendigen, individuellen Farbe begeistern, dieser Arbeitstisch verwandelt Ihren Arbeitsplatz, Ihre Werkstatt oder Ihren kreativen Arbeitsplatz in ein Heiligtum aus Stil und Effizienz.<\/p>\n<p><img fetchpriority=\"high\" decoding=\"async\" class=\"wp-image-1452 size-large aligncenter\" src=\"https:\/\/customacrylicproduct.com\/wp-content\/uploads\/2025\/07\/Custom-Clear-Acrylic-Desk-1-1024x1024.jpg\" alt=\"Individueller Schreibtisch aus klarem Acryl (1)\" width=\"1024\" height=\"1024\" srcset=\"https:\/\/customacrylicproduct.com\/wp-content\/uploads\/2025\/07\/Custom-Clear-Acrylic-Desk-1-1024x1024.jpg 1024w, https:\/\/customacrylicproduct.com\/wp-content\/uploads\/2025\/07\/Custom-Clear-Acrylic-Desk-1-300x300.jpg 300w, https:\/\/customacrylicproduct.com\/wp-content\/uploads\/2025\/07\/Custom-Clear-Acrylic-Desk-1-150x150.jpg 150w, https:\/\/customacrylicproduct.com\/wp-content\/uploads\/2025\/07\/Custom-Clear-Acrylic-Desk-1-768x768.jpg 768w, https:\/\/customacrylicproduct.com\/wp-content\/uploads\/2025\/07\/Custom-Clear-Acrylic-Desk-1-600x600.jpg 600w, https:\/\/customacrylicproduct.com\/wp-content\/uploads\/2025\/07\/Custom-Clear-Acrylic-Desk-1-100x100.jpg 100w, https:\/\/customacrylicproduct.com\/wp-content\/uploads\/2025\/07\/Custom-Clear-Acrylic-Desk-1.jpg 1500w\" sizes=\"(max-width: 1024px) 100vw, 1024px\" \/><\/p>\n<h4 id=\"-the-power-of-openness-an-illusion-of-area-and-quality-\"><strong>Die Macht der Offenheit: Eine Illusion von Fl\u00e4che und Qualit\u00e4t<\/strong><\/h4>\n<p>Stellen Sie sich einen Arbeitsbereich vor, der sich wirklich offen, bel\u00fcftet und grenzenlos anf\u00fchlt. Die klare Variante unseres Acrylschreibtischs, wie auf dem ersten Foto zu sehen, ist der Traum eines jeden Minimalisten. Seine makellose, kristallklare Art erzeugt einen spektakul\u00e4ren \u201cGeister\u201d-Effekt, der es ihm erlaubt, sich m\u00fchelos in jede Art von Dekoration einzuf\u00fcgen, w\u00e4hrend er den Raum wesentlich gr\u00f6\u00dfer und organisierter erscheinen l\u00e4sst. Es ist die beste Wahl f\u00fcr kleine Wohnungen oder Eigentumswohnungen, gem\u00fctliche Home-Office-R\u00e4ume oder jede Person, die glaubt, dass ein aufger\u00e4umter Raum zu einem aufger\u00e4umten Geist f\u00fchrt.<\/p>\n<p>Die Oberfl\u00e4che des Arbeitstisches scheint in der Luft zu schweben und bietet eine wunderbare Plattform f\u00fcr Ihre wichtigsten Werkzeuge. Ihr Laptop scheint zu schweben, Ihre bevorzugte Kaffeetasse wird in die H\u00f6he gehalten, und die lebendige Umweltfreundlichkeit einer kleinen Sukkulente hebt sich vom transparenten Hintergrund ab. Das Licht dringt ungehindert durch und verteilt sich auf dem Boden und an den W\u00e4nden, so dass die heftige visuelle Wirkung herk\u00f6mmlicher Arbeitstische entf\u00e4llt. Diese visuelle Stille erm\u00f6glicht es Ihnen, Ihre Dekoration, Ihren Blick und Ihre Ideen in den Vordergrund zu stellen. Gefertigt aus teurem, dickwandigem Acryl, besitzt er die transparente Eleganz von Glas, ohne zerbrechlich zu sein oder ein hohes Gewicht zu haben, was eine lange Lebensdauer und eine elegante, polierte \u00c4sthetik \u00fcber viele Jahre hinweg gew\u00e4hrleistet.<\/p>\n<p><img decoding=\"async\" class=\"wp-image-1453 size-large aligncenter\" src=\"https:\/\/customacrylicproduct.com\/wp-content\/uploads\/2025\/07\/Custom-Clear-Acrylic-Desk-2-1024x1024.jpg\" alt=\"Individueller Schreibtisch aus klarem Acryl (2)\" width=\"1024\" height=\"1024\" srcset=\"https:\/\/customacrylicproduct.com\/wp-content\/uploads\/2025\/07\/Custom-Clear-Acrylic-Desk-2-1024x1024.jpg 1024w, https:\/\/customacrylicproduct.com\/wp-content\/uploads\/2025\/07\/Custom-Clear-Acrylic-Desk-2-300x300.jpg 300w, https:\/\/customacrylicproduct.com\/wp-content\/uploads\/2025\/07\/Custom-Clear-Acrylic-Desk-2-150x150.jpg 150w, https:\/\/customacrylicproduct.com\/wp-content\/uploads\/2025\/07\/Custom-Clear-Acrylic-Desk-2-768x768.jpg 768w, https:\/\/customacrylicproduct.com\/wp-content\/uploads\/2025\/07\/Custom-Clear-Acrylic-Desk-2-600x600.jpg 600w, https:\/\/customacrylicproduct.com\/wp-content\/uploads\/2025\/07\/Custom-Clear-Acrylic-Desk-2-100x100.jpg 100w, https:\/\/customacrylicproduct.com\/wp-content\/uploads\/2025\/07\/Custom-Clear-Acrylic-Desk-2.jpg 1500w\" sizes=\"(max-width: 1024px) 100vw, 1024px\" \/><\/p>\n<h4 id=\"-a-dash-of-luster-express-yourself-with-customized-shade-\"><strong>Ein Hauch von Glanz: Dr\u00fccken Sie sich mit individuellen Farbt\u00f6nen aus<\/strong><\/h4>\n<p>F\u00fcr die Lebendigen, die Fantasievollen und die unversch\u00e4mt Ausdrucksstarken ist unser Acryltisch in einer gro\u00dfartigen Auswahl an ma\u00dfgeschneiderten Farben erh\u00e4ltlich. Wie das lebendige orangefarbene Design zeigt, kann dieser Schreibtisch der elektrisierende Mittelpunkt Ihres Bereichs sein. Stellen Sie sich vor, wie die gem\u00fctliche, energiegeladene Ausstrahlung von Sunset Orange Ihren Arbeitsbereich mit Fantasie und Leidenschaft erf\u00fcllt. Es ist ein Schuss phantasievolles Adrenalin, eine st\u00e4ndige Inspirationsquelle, die Ihr B\u00fcro direkt in ein dynamisches Studio verwandelt. Die transparente Farbe f\u00e4ngt das Licht ein und sorgt f\u00fcr eine gem\u00fctliche, angenehme Atmosph\u00e4re im ganzen Raum, die sowohl fortschrittlich als auch spielerisch ist.<\/p>\n<p>Der orangefarbene Schreibtisch, ob als trendige Computerstation mit passendem Acrylstuhl oder als extravaganter Couchtisch in einem modernen Wohnzimmer, beweist die transformative Kraft der Farbe. Aber die Auswahl ist Ihre Sache. Stellen Sie sich ein tolles, rauchiges Grau f\u00fcr eine fortschrittliche, fachkundige Atmosph\u00e4re vor, ein tiefes nautisches Blau, um Ruhe und Konzentration zu f\u00f6rdern, oder ein verspieltes Fuchsia, um einen kreativen Raum zu beleben. Mit unseren ma\u00dfgeschneiderten Farbalternativen k\u00f6nnen Sie Ihren Schreibtisch perfekt an Ihre pers\u00f6nliche Marke, die Farben Ihres Unternehmens oder einfach an den Geisteszustand anpassen, den Sie kultivieren m\u00f6chten. Dies ist nicht nur ein M\u00f6belst\u00fcck, sondern n\u00fctzliche Kunst, die mit Licht neu gestrichen wurde.<\/p>\n<p><img decoding=\"async\" class=\"wp-image-1454 size-large aligncenter\" src=\"https:\/\/customacrylicproduct.com\/wp-content\/uploads\/2025\/07\/Custom-Clear-Acrylic-Desk-3-1024x1024.jpg\" alt=\"Individueller Schreibtisch aus klarem Acryl (3)\" width=\"1024\" height=\"1024\" srcset=\"https:\/\/customacrylicproduct.com\/wp-content\/uploads\/2025\/07\/Custom-Clear-Acrylic-Desk-3-1024x1024.jpg 1024w, https:\/\/customacrylicproduct.com\/wp-content\/uploads\/2025\/07\/Custom-Clear-Acrylic-Desk-3-300x300.jpg 300w, https:\/\/customacrylicproduct.com\/wp-content\/uploads\/2025\/07\/Custom-Clear-Acrylic-Desk-3-150x150.jpg 150w, https:\/\/customacrylicproduct.com\/wp-content\/uploads\/2025\/07\/Custom-Clear-Acrylic-Desk-3-768x768.jpg 768w, https:\/\/customacrylicproduct.com\/wp-content\/uploads\/2025\/07\/Custom-Clear-Acrylic-Desk-3-600x600.jpg 600w, https:\/\/customacrylicproduct.com\/wp-content\/uploads\/2025\/07\/Custom-Clear-Acrylic-Desk-3-100x100.jpg 100w, https:\/\/customacrylicproduct.com\/wp-content\/uploads\/2025\/07\/Custom-Clear-Acrylic-Desk-3.jpg 1154w\" sizes=\"(max-width: 1024px) 100vw, 1024px\" \/><\/p>\n<h4 id=\"-masterful-design-meets-uncompromising-functionality-\"><strong>Meisterhaftes Design trifft auf kompromisslose Funktionalit\u00e4t<\/strong><\/h4>\n<p>W\u00e4hrend seine \u00c4sthetik zweifellos seine auff\u00e4lligste Funktion ist, wurde der Custom Acrylic Desk mit Blick auf die t\u00e4gliche Effizienz entwickelt. Der Zauber des Wasserfall-Stils beruht auf seinem nahtlosen Aufbau, der strenge Linien und Fugen eliminiert, was zu einer flie\u00dfenden, eleganten Art mit sch\u00f6n abgerundeten Kanten f\u00fchrt, die sowohl sicher als auch \u00e4sthetisch weich sind.<\/p>\n<p>Ein wesentliches Element dieses intelligenten Layouts ist die eingebaute untere Ablage. Diese diskrete und dennoch ger\u00e4umige Ablage ist die Voraussetzung f\u00fcr eine sch\u00f6ne, aufger\u00e4umte Arbeitsfl\u00e4che. Es ist der beste Platz f\u00fcr die B\u00fccher, die Sie nachschlagen, wie die stilvolle \u201cCHANEE\u201d-Anzahl, oder um Ihre Tastatur und Computermaus am Ende des Tages zu verstauen. Sie k\u00f6nnen Notizbl\u00f6cke, Planer oder vielleicht einen Tablet-Computer in Reichweite aufbewahren, w\u00e4hrend Sie die aufger\u00e4umte, offene Fl\u00e4che des Hauptschreibtisches f\u00fcr Ihre schnellen Aufgaben nutzen.<\/p>\n<p>Der Desktop-Computer selbst bietet reichlich Platz f\u00fcr jede Konfiguration. Er bietet Platz f\u00fcr einen schlanken Laptop und Zubeh\u00f6r, wie auf dem ersten Bild zu sehen, oder f\u00fcr einen ausgewachsenen Desktop-Computer wie einen iMac, eine Tastatur und eine Computermaus, mit viel Platz f\u00fcr einen Notizblock, eine Pflanze und Ihr Lieblingsgetr\u00e4nk. Seine Vielseitigkeit geht \u00fcber den Arbeitsplatz hinaus; verwenden Sie ihn als raffinierten Frisiertisch in Ihrem Schlafzimmer, als schicken Konsolentisch in einem Eingangsbereich oder als raffinierte Bildschirmoberfl\u00e4che in Ihrem Wohnzimmer.<\/p>\n<h4 id=\"-the-ultimate-bespoke-present-for-the-discerning-person-\"><strong>Das ultimative, ma\u00dfgeschneiderte Geschenk f\u00fcr den anspruchsvollen Menschen<\/strong><\/h4>\n<p>In einer Welt der Massenware hebt sich ein absolut individuelles und durchdachtes Geschenk ab. Der ma\u00dfgefertigte Acryl-Arbeitstisch ist das perfekte Geschenk f\u00fcr Menschen in Ihrem Leben, die Design, Qualit\u00e4t und Einzigartigkeit zu sch\u00e4tzen wissen. Es ist ein au\u00dfergew\u00f6hnliches Geschenk f\u00fcr einen Schulabg\u00e4nger, der gerade seinen Beruf beginnt, einen angehenden Unternehmer, der sein Traumunternehmen vorstellt, oder einen lieben Menschen, der seit kurzem von zu Hause aus arbeitet.<\/p>\n<p>Werten Sie Ihr Geschenk auf, indem Sie unsere M\u00f6glichkeiten der Personalisierung nutzen. W\u00e4hlen Sie die idealen Ma\u00dfe f\u00fcr einen besonderen Raum. W\u00e4hlen Sie eine Farbe, die das Herz des Beschenkten widerspiegelt - sei sie entspannend und klar oder dynamisch und kr\u00e4ftig. F\u00fcr eine wirklich einzigartige pers\u00f6nliche Note k\u00f6nnen Sie die Initialen, ein inspirierendes Zitat oder ein Firmenlogo in die Oberfl\u00e4che eingravieren lassen. So wird der Schreibtisch von einem sch\u00f6nen Gegenstand zu einem pers\u00f6nlichen Erbe, das jeden Tag an Ihre F\u00fcrsorge und Ihr Potenzial erinnert.<\/p>\n<p><strong>Erh\u00f6hen Sie Ihre Umwelt<\/strong><\/p>\n<p>Ihr Arbeitsbereich ist der Ort, an dem Konzepte geboren, Techniken entwickelt und W\u00fcnsche verwirklicht werden. Es sollte ein Ort sein, der Sie ausr\u00fcstet und motiviert. Der ma\u00dfgefertigte Acryl-Computer-Arbeitstisch ist mehr als nur ein Ort zum Arbeiten; er ist ein Katalysator f\u00fcr kreatives Denken, ein Symbol f\u00fcr modernen Stil und eine klare Darstellung Ihres zukunftsorientierten Stils. W\u00e4hlen Sie Qualit\u00e4t. W\u00e4hlen Sie Farbe. W\u00e4hlen Sie individuell. Es ist an der Zeit, einen Raum zu schaffen, den Sie lieben.<\/p>","protected":false},"excerpt":{"rendered":"<p class=\"ng-star-inserted\"><span class=\"ng-star-inserted\">Verwandeln Sie Ihren Arbeitsbereich mit diesem atemberaubenden Acryl-Wasserfall-Schreibtisch. Sein minimalistisches, transparentes Design verleiht ihm einen modernen Touch und schafft eine Illusion von Raum. Erh\u00e4ltlich in klaren oder leuchtenden Farben und mit einer praktischen Ablagefl\u00e4che. Perfekt f\u00fcr Ihr Heimb\u00fcro oder als schicker Frisiertisch.<\/span><\/p>","protected":false},"featured_media":1452,"template":"","meta":{"_kad_post_transparent":"default","_kad_post_title":"","_kad_post_layout":"default","_kad_post_sidebar_id":"","_kad_post_content_style":"default","_kad_post_vertical_padding":"default","_kad_post_feature":"","_kad_post_feature_position":"","_kad_post_header":false,"_kad_post_footer":false,"_kad_post_classname":""},"product_brand":[],"product_cat":[21],"product_tag":[151],"class_list":{"0":"post-1451","1":"product","2":"type-product","3":"status-publish","4":"has-post-thumbnail","6":"product_cat-custom-acrylic-furnitures","7":"product_tag-custom-clear-acrylic-desk","9":"first","10":"instock","11":"shipping-taxable","12":"product-type-simple","13":"entry","14":"content-bg","15":"loop-entry"},"_links":{"self":[{"href":"https:\/\/customacrylicproduct.com\/de\/wp-json\/wp\/v2\/product\/1451","targetHints":{"allow":["GET"]}}],"collection":[{"href":"https:\/\/customacrylicproduct.com\/de\/wp-json\/wp\/v2\/product"}],"about":[{"href":"https:\/\/customacrylicproduct.com\/de\/wp-json\/wp\/v2\/types\/product"}],"wp:featuredmedia":[{"embeddable":true,"href":"https:\/\/customacrylicproduct.com\/de\/wp-json\/wp\/v2\/media\/1452"}],"wp:attachment":[{"href":"https:\/\/customacrylicproduct.com\/de\/wp-json\/wp\/v2\/media?parent=1451"}],"wp:term":[{"taxonomy":"product_brand","embeddable":true,"href":"https:\/\/customacrylicproduct.com\/de\/wp-json\/wp\/v2\/product_brand?post=1451"},{"taxonomy":"product_cat","embeddable":true,"href":"https:\/\/customacrylicproduct.com\/de\/wp-json\/wp\/v2\/product_cat?post=1451"},{"taxonomy":"product_tag","embeddable":true,"href":"https:\/\/customacrylicproduct.com\/de\/wp-json\/wp\/v2\/product_tag?post=1451"}],"curies":[{"name":"wp","href":"https:\/\/api.w.org\/{rel}","templated":true}]}}