{"id":1457,"date":"2025-07-21T08:29:07","date_gmt":"2025-07-21T08:29:07","guid":{"rendered":"https:\/\/customacrylicproduct.com\/?post_type=product&#038;p=1457"},"modified":"2025-07-21T08:29:07","modified_gmt":"2025-07-21T08:29:07","slug":"custom-acrylic-display-stand-acrylic-u-shape-display-stand","status":"publish","type":"product","link":"https:\/\/customacrylicproduct.com\/de\/custom-acrylic-display-stand-acrylic-u-shape-display-stand\/","title":{"rendered":"Benutzerdefinierte Acryl Display Stand Acryl U-Form Display Stand"},"content":{"rendered":"<h3 id=\"-raise-your-show-the-ultimate-customized-u-shaped-polymer-riser-stand-\"><strong>Erh\u00f6hen Sie Ihre Show: Der ultimative ma\u00dfgeschneiderte U-f\u00f6rmige Polymer-St\u00e4nder<\/strong><\/h3>\n<p>In einer Welt voller Artikel ist die Art und Weise, wie Sie Ihre Artikel anbieten, genauso wichtig wie die Artikel selbst. Ein unordentliches Regal, ein unordentlicher K\u00fcchentresen oder ein glanzloser Verkaufsschirm k\u00f6nnen dazu f\u00fchren, dass Ihre wertvollsten oder beliebtesten Gegenst\u00e4nde \u00fcbersehen werden. Es ist an der Zeit, Ihre Diskussion von banal auf spektakul\u00e4r umzustellen. Wir stellen Ihnen den personalisierten U-f\u00f6rmigen Polymer-Pr\u00e4sentst\u00e4nder vor - ein flexibles, ausgekl\u00fcgeltes und leistungsf\u00e4higes Werkzeug, das Ihre Gegenst\u00e4nde ins rechte Licht r\u00fcckt, ihnen Aufmerksamkeit verschafft und ihre ganz eigene Geschichte erz\u00e4hlt.<\/p>\n<p>Dies ist nicht nur ein St\u00e4nder, es ist eine Phase. Diese aus hochwertigem, kristallklarem Acryl gefertigten St\u00e4nder bieten ein innovatives \u201cschwebendes\u201d Ergebnis, das eine klare, moderne \u00c4sthetik entwickelt, die eher aufwertet als ablenkt. Ob Sie nun ein kritischer Sammler, ein Vision\u00e4r des Einzelhandels oder einfach nur eine Person sind, die Wert auf einen geordneten und attraktiven Raum legt, diese Kollektion von Bildschirmst\u00e4ndern ist die flexible L\u00f6sung, nach der Sie eigentlich gesucht haben.<\/p>\n<p><img fetchpriority=\"high\" decoding=\"async\" class=\"size-full wp-image-1458\" src=\"https:\/\/customacrylicproduct.com\/wp-content\/uploads\/2025\/07\/Custom-Acrylic-Display-1-1.jpg\" alt=\"Individuelles Acryl-Display (1)\" width=\"750\" height=\"750\" srcset=\"https:\/\/customacrylicproduct.com\/wp-content\/uploads\/2025\/07\/Custom-Acrylic-Display-1-1.jpg 750w, https:\/\/customacrylicproduct.com\/wp-content\/uploads\/2025\/07\/Custom-Acrylic-Display-1-1-300x300.jpg 300w, https:\/\/customacrylicproduct.com\/wp-content\/uploads\/2025\/07\/Custom-Acrylic-Display-1-1-150x150.jpg 150w, https:\/\/customacrylicproduct.com\/wp-content\/uploads\/2025\/07\/Custom-Acrylic-Display-1-1-600x600.jpg 600w, https:\/\/customacrylicproduct.com\/wp-content\/uploads\/2025\/07\/Custom-Acrylic-Display-1-1-100x100.jpg 100w\" sizes=\"(max-width: 750px) 100vw, 750px\" \/><\/p>\n<h4 id=\"-unparalleled-clearness-and-superior-top-quality-\"><strong>Un\u00fcbertroffene Klarheit und hervorragende Qualit\u00e4t<\/strong><\/h4>\n<p>Unsere U-f\u00f6rmigen Display-St\u00e4nder werden aus hochdichtem A-Grade-Acryl hergestellt, einem Material, das f\u00fcr seine ph\u00e4nomenalen Eigenschaften bekannt ist. Im Gegensatz zu Glas ist Acryl leicht und bruchsicher, was es zu einer sichereren und funktionelleren Wahl sowohl f\u00fcr industrielle als auch f\u00fcr private Umgebungen macht. Seine bestechendste Eigenschaft ist jedoch seine optische Klarheit. Mit einem Lichtdurchl\u00e4ssigkeitsgrad, der den von Glas \u00fcbertrifft, sorgen unsere Acrylst\u00e4nder daf\u00fcr, dass Ihre Gegenst\u00e4nde ohne jegliche T\u00f6nung oder Verzerrung betrachtet werden k\u00f6nnen. Das Hauptaugenmerk liegt weiterhin auf Ihrem Produkt, das in seinen wahrsten Farben und feinsten Informationen pr\u00e4sentiert wird.<\/p>\n<p>Jeder St\u00e4nder wird in sorgf\u00e4ltiger Handarbeit aus einer einzigen Acrylplatte hergestellt. Durch fortschrittliches W\u00e4rmebiegen schaffen wir eine nahtlose \u201cWasserfall\u201d-Kurve, die die ber\u00fchmte U-Form erzeugt. Diese einteilige Konstruktion macht unerw\u00fcnschte Klebstoffe oder schwache Verbindungen \u00fcberfl\u00fcssig und gew\u00e4hrleistet eine erstklassige Festigkeit und Widerstandsf\u00e4higkeit. Die Seiten sind lasergeschnitten und diamantpoliert, um eine glatte, leuchtende Oberfl\u00e4che zu erhalten, die das Licht wundersch\u00f6n reflektiert und einen Hauch von Luxus in die Gesamtpr\u00e4sentation bringt.<\/p>\n<p><img decoding=\"async\" class=\"size-full wp-image-1459\" src=\"https:\/\/customacrylicproduct.com\/wp-content\/uploads\/2025\/07\/Custom-Acrylic-Display-2-1.jpg\" alt=\"Individuelles Acryl-Display (2)\" width=\"750\" height=\"750\" srcset=\"https:\/\/customacrylicproduct.com\/wp-content\/uploads\/2025\/07\/Custom-Acrylic-Display-2-1.jpg 750w, https:\/\/customacrylicproduct.com\/wp-content\/uploads\/2025\/07\/Custom-Acrylic-Display-2-1-300x300.jpg 300w, https:\/\/customacrylicproduct.com\/wp-content\/uploads\/2025\/07\/Custom-Acrylic-Display-2-1-150x150.jpg 150w, https:\/\/customacrylicproduct.com\/wp-content\/uploads\/2025\/07\/Custom-Acrylic-Display-2-1-600x600.jpg 600w, https:\/\/customacrylicproduct.com\/wp-content\/uploads\/2025\/07\/Custom-Acrylic-Display-2-1-100x100.jpg 100w\" sizes=\"(max-width: 750px) 100vw, 750px\" \/><\/p>\n<h4 id=\"-a-world-of-versatility-from-retail-to-collectibles-\"><strong>Eine Welt der Vielseitigkeit: Vom Einzelhandel bis zu Sammelobjekten<\/strong><\/h4>\n<p>Das wahre Genie dieser Acryl-Steigrohre liegt in ihrer unglaublichen Vielseitigkeit. Sie sind oft in einem verschachtelten Dreieck oder in verschiedenen Gr\u00f6\u00dfen (klein, mittel und gro\u00df) erh\u00e4ltlich und k\u00f6nnen so aufgestellt werden, dass eine dynamische, mehrstufige \u00e4sthetische Hackordnung entsteht. Dieser Stufeneffekt lenkt den Blick auf die gesamte Auslage und garantiert, dass jeder Artikel seinen Platz im Rampenlicht erh\u00e4lt.<\/p>\n<p><strong>F\u00fcr das Einzelhandelsumfeld:\u00a0<\/strong>.<\/p>\n<ul>\n<li><strong>Boutiquen und Schuhl\u00e4den:\u00a0<\/strong>Wie auf unseren Bildern zu sehen ist, eignen sich diese St\u00e4nder hervorragend f\u00fcr edle Schuhe. Zeigen Sie ein Paar edle nackte Pumps mit ihren auff\u00e4lligen roten Abs\u00e4tzen oder ein klassisches Paar schwarze Schuhe aus Naturleder zum Anziehen. Die verschiedenen H\u00f6hen erm\u00f6glichen es Ihnen, ein Highlight zu pr\u00e4sentieren oder eine Kollektion mit einem raffinierten \u00e4sthetischen Rhythmus zu organisieren.<\/li>\n<li><strong>Schmuck- und Accessoiretheken:\u00a0<\/strong>Stellen Sie sich zerbrechliche Halsketten vor, die \u00fcber die raffinierte Oberfl\u00e4che geh\u00e4ngt werden, Ansichten, die das Licht einfangen, oder Handtaschen von Entwicklern, die wie Meisterwerke pr\u00e4sentiert werden. Die klare Beschaffenheit des St\u00e4nders l\u00e4sst Sch\u00e4tze funkeln und Metalle gl\u00e4nzen.<\/li>\n<li><strong>Kosmetika und Eleganz:\u00a0<\/strong>Organisieren Sie Parf\u00fcms, Hautpflegebeh\u00e4lter und Make-up-Paletten in einem makellosen und einladenden Bildschirm, der f\u00fcr Qualit\u00e4t und Hygiene steht.<\/li>\n<li><strong>B\u00e4ckereien und Caf\u00e9s:\u00a0<\/strong>Schaffen Sie eine appetitliche Auslage f\u00fcr Cupcakes, Macarons und handwerklich hergestellte Backwaren. Das lebensmittelechte Acrylprodukt ist hygienisch und leicht zu reinigen.<\/li>\n<li><strong>Ausstellung &amp; Ausstellungen:\u00a0<\/strong>Heben Sie sich in einem wettbewerbsintensiven Umfeld von der Masse ab. Diese leichten, mobilen St\u00e4nde lassen sich einfach anliefern und aufstellen und verleihen Ihrem Stand sofort einen professionellen, eleganten Look.<\/li>\n<\/ul>\n<p><img decoding=\"async\" class=\"size-full wp-image-1460\" src=\"https:\/\/customacrylicproduct.com\/wp-content\/uploads\/2025\/07\/Custom-Acrylic-Display-3-1.jpg\" alt=\"Individuelles Acryl-Display (3)\" width=\"750\" height=\"750\" srcset=\"https:\/\/customacrylicproduct.com\/wp-content\/uploads\/2025\/07\/Custom-Acrylic-Display-3-1.jpg 750w, https:\/\/customacrylicproduct.com\/wp-content\/uploads\/2025\/07\/Custom-Acrylic-Display-3-1-300x300.jpg 300w, https:\/\/customacrylicproduct.com\/wp-content\/uploads\/2025\/07\/Custom-Acrylic-Display-3-1-150x150.jpg 150w, https:\/\/customacrylicproduct.com\/wp-content\/uploads\/2025\/07\/Custom-Acrylic-Display-3-1-600x600.jpg 600w, https:\/\/customacrylicproduct.com\/wp-content\/uploads\/2025\/07\/Custom-Acrylic-Display-3-1-100x100.jpg 100w\" sizes=\"(max-width: 750px) 100vw, 750px\" \/><\/p>\n<p><strong>F\u00fcr den begeisterten Sammler und Organisator zu Hause:<\/strong><\/p>\n<ul>\n<li><strong>Die Phase der Sehnsucht eines Enthusiasten:\u00a0<\/strong>Diese St\u00e4nder sind ein absolutes Muss f\u00fcr Sammelstellen. Setzen Sie Ihre Lieblings-Actionfiguren eindrucksvoll in Szene, z. B. mit Figuren aus der Wunderwelt wie Spider-Man, Iron Male, The Hunk und Thor. Zeigen Sie Ihre gesch\u00e4tzte Sammlung von Funko Pops, wie die charmanten Groot-Nummern, oder geliebte Anime-Figuren wie Doraemon. Die abgestuften Stufen erm\u00f6glichen es dir, jeder Nummer - von der ersten bis zur letzten Reihe - eine klare Pr\u00e4senz zu verleihen und ein einfaches Regal direkt in ein Diorama in Museumsqualit\u00e4t zu verwandeln.<\/li>\n<li><strong>Eleganter Wohnstil:\u00a0<\/strong>Benutzen Sie sie als Antiquit\u00e4ten. Stellen Sie sie auf ein B\u00fccherregal, um kleine Skulpturen oder eingetopfte Sukkulenten zu erheben. Gestalten Sie Ihren Waschtisch, indem Sie Ebenen f\u00fcr Parf\u00fcms und Cremes schaffen. In der K\u00fcche k\u00f6nnen sie als elegantes Gew\u00fcrzregal dienen.<\/li>\n<\/ul>\n<h4 id=\"-the-power-of-personalization-created-you-\"><strong>Die Macht der Personalisierung: Erstellt Sie<\/strong><\/h4>\n<p>Unsere typischen Kollektionen sind zwar auf eine breite Anziehungskraft ausgelegt, aber wir wissen, dass eine bestimmte Gr\u00f6\u00dfe nicht f\u00fcr alle passt. Deshalb bieten wir gerne\u00a0<strong>Individuell gestaltete Acryl-Pr\u00e4sentst\u00e4nder\u00a0<\/strong>. Hier lebt Ihre spezifische Vision wieder auf.<\/p>\n<ul>\n<li><strong>Kundenspezifische Abmessungen:\u00a0<\/strong>Haben Sie eine ungew\u00f6hnlich hohe Figur oder einen gro\u00dfen Gegenstand? Wir k\u00f6nnen die St\u00e4nder genau nach Ihren Anforderungen in Bezug auf H\u00f6he, Breite und Tiefe anfertigen, damit sie immer optimal passen.<\/li>\n<li><strong>Farbe &amp; Ende:\u00a0<\/strong>Kristallklar ist zwar ein zeitloser Standard, aber Ihre Marke oder Ihr Stil erfordern vielleicht etwas anderes. Wie auf einem unserer Lifestyle-Bilder zu sehen ist, sind diese St\u00e4nder in massivem\u00a0<strong>schwarzes Acryl\u00a0<\/strong>, mit einem starken, aussagekr\u00e4ftigen Vergleich, der die Artikel hervorstechen l\u00e4sst. Wir k\u00f6nnen sie zus\u00e4tzlich in wei\u00df, gefroren oder in einer Reihe von anderen Farben herstellen, die perfekt zu Ihrem Branding passen.<\/li>\n<li><strong>Branding &amp; Anpassung:\u00a0<\/strong>F\u00fcr Unternehmen ist dies ein entscheidender Vorteil. Wir k\u00f6nnen Ihr Firmenlogo, Ihren Markennamen oder eine einzigartige Botschaft direkt auf den St\u00e4nder schreiben oder ver\u00f6ffentlichen. Dies verwandelt einen einfachen Bildschirm in ein effektives Markenzeichen.<\/li>\n<\/ul>\n<h4 id=\"-the-perfect-thoughtful-present-\"><strong>Das perfekte, durchdachte Geschenk<\/strong><\/h4>\n<p>Auf der Suche nach einem besonderen und praktischen Geschenk? Der personalisierte Ausstellungsst\u00e4nder aus Acryl ist eine unglaublich durchdachte Wahl f\u00fcr eine Reihe von Personen in Ihrem Leben:.<\/p>\n<ul>\n<li><strong>F\u00fcr das Inkassob\u00fcro:\u00a0<\/strong>Schenken Sie ihnen einen wundersch\u00f6nen Bildschirm f\u00fcr die Freizeitaktivit\u00e4t, die sie m\u00f6gen. Das ist ein Geschenk, das zeigt, dass du ihre Interessen zur Kenntnis nimmst.<\/li>\n<li><strong>F\u00fcr den Inhaber eines lokalen Unternehmens:\u00a0<\/strong>Helfen Sie einem engen Freund oder Verwandten, sein kleines Unternehmen oder seinen Etsy-Shop mit einer fachkundigen Display-Option zu unterst\u00fctzen.<\/li>\n<li><strong>F\u00fcr die Modeliebhaberin:\u00a0<\/strong>Ein stilvolles und trendiges Mittel f\u00fcr sie zu organisieren und zeigen ihre Lieblings-Schuhe, Geldb\u00f6rsen, oder Erkl\u00e4rung wertvollen Schmuck.<\/li>\n<li><strong>F\u00fcr das Ehepaar oder den neuen Hausbesitzer:\u00a0<\/strong>Ein zeitgem\u00e4\u00dfes und hilfreiches Geschenk, das ihnen hilft, ihren neuen Raum mit Stil zu organisieren und zu versch\u00f6nern.<\/li>\n<\/ul>\n<p>Erwerben Sie eine Pr\u00e4sentation, die Ihre Artikel und Ihre Begeisterung rechtfertigt. Lassen Sie die Ebene und das Vernachl\u00e4ssigte hinter sich. Mit dem kundenspezifischen U-f\u00f6rmigen Polymer-Display-St\u00e4nder k\u00f6nnen Sie Tiefe entwickeln, Eleganz einbringen und jede Fl\u00e4che in ein kuratiertes Exponat verwandeln. Bestellen Sie noch heute Ihren eigenen St\u00e4nder und entdecken Sie die Kunst der Pr\u00e4sentation.<\/p>","protected":false},"excerpt":{"rendered":"<p class=\"ng-star-inserted\"><span class=\"ng-star-inserted\">Heben Sie Ihre Artikel mit unseren individuellen U-f\u00f6rmigen Acryl-Displayst\u00e4ndern hervor. Dieses Set aus durchsichtigen St\u00e4ndern eignet sich perfekt f\u00fcr atemberaubende, mehrstufige Pr\u00e4sentationen f\u00fcr Schuhe, Sammlerst\u00fccke oder Einzelhandelsprodukte. Langlebig, elegant und vielseitig f\u00fcr jede Art von Pr\u00e4sentation.<\/span><\/p>","protected":false},"featured_media":1458,"template":"","meta":{"_kad_post_transparent":"default","_kad_post_title":"","_kad_post_layout":"default","_kad_post_sidebar_id":"","_kad_post_content_style":"default","_kad_post_vertical_padding":"default","_kad_post_feature":"","_kad_post_feature_position":"","_kad_post_header":false,"_kad_post_footer":false,"_kad_post_classname":""},"product_brand":[],"product_cat":[15],"product_tag":[33],"class_list":{"0":"post-1457","1":"product","2":"type-product","3":"status-publish","4":"has-post-thumbnail","6":"product_cat-custom-acrylic-displays","7":"product_tag-custom-acrylic-display","9":"first","10":"instock","11":"shipping-taxable","12":"product-type-simple","13":"entry","14":"content-bg","15":"loop-entry"},"_links":{"self":[{"href":"https:\/\/customacrylicproduct.com\/de\/wp-json\/wp\/v2\/product\/1457","targetHints":{"allow":["GET"]}}],"collection":[{"href":"https:\/\/customacrylicproduct.com\/de\/wp-json\/wp\/v2\/product"}],"about":[{"href":"https:\/\/customacrylicproduct.com\/de\/wp-json\/wp\/v2\/types\/product"}],"wp:featuredmedia":[{"embeddable":true,"href":"https:\/\/customacrylicproduct.com\/de\/wp-json\/wp\/v2\/media\/1458"}],"wp:attachment":[{"href":"https:\/\/customacrylicproduct.com\/de\/wp-json\/wp\/v2\/media?parent=1457"}],"wp:term":[{"taxonomy":"product_brand","embeddable":true,"href":"https:\/\/customacrylicproduct.com\/de\/wp-json\/wp\/v2\/product_brand?post=1457"},{"taxonomy":"product_cat","embeddable":true,"href":"https:\/\/customacrylicproduct.com\/de\/wp-json\/wp\/v2\/product_cat?post=1457"},{"taxonomy":"product_tag","embeddable":true,"href":"https:\/\/customacrylicproduct.com\/de\/wp-json\/wp\/v2\/product_tag?post=1457"}],"curies":[{"name":"wp","href":"https:\/\/api.w.org\/{rel}","templated":true}]}}