{"id":1462,"date":"2025-07-21T08:41:38","date_gmt":"2025-07-21T08:41:38","guid":{"rendered":"https:\/\/customacrylicproduct.com\/?post_type=product&#038;p=1462"},"modified":"2025-07-21T08:41:38","modified_gmt":"2025-07-21T08:41:38","slug":"wholesale-custom-custom-acrylic-fashion-label-for-brand-logo","status":"publish","type":"product","link":"https:\/\/customacrylicproduct.com\/de\/wholesale-custom-custom-acrylic-fashion-label-for-brand-logo\/","title":{"rendered":"Gro\u00dfhandel benutzerdefinierte benutzerdefinierte Acryl Mode-Etikett f\u00fcr Markenlogo"},"content":{"rendered":"<h3 id=\"-elevate-your-brand-an-intro-to-costs-personalized-style-labels-\"><strong>Erh\u00f6hen Sie Ihre Marke: Eine Einf\u00fchrung in die Kosten f\u00fcr personalisierte Stil-Etiketten<\/strong><\/h3>\n<p>In einer Welt voller Marken ist das Streben nach Unterschieden entscheidend. Jedes Detail ist wichtig, jeder Ber\u00fchrungspunkt ist eine Chance, und jedes Element Ihres Produkts muss Ihre Geschichte von Spitzenqualit\u00e4t, Behandlung und Identit\u00e4t vermitteln. Die letzte, taktile Unterschrift auf Ihrer Entwicklung ist h\u00e4ufig eine der dauerhaftesten. Wir pr\u00e4sentieren Ihnen unser Top-Sortiment an personalisierten Polymer- und Stahletiketten f\u00fcr den Gro\u00dfhandel - die ultimative Veredelung, die Ihre Produkte von blo\u00dfen Gegenst\u00e4nden in gesch\u00e4tzte St\u00fccke Ihres Markenerbes verwandelt.<\/p>\n<p>Es handelt sich nicht einfach um Anh\u00e4nger, sondern um kleine Embleme der Qualit\u00e4t, die sorgf\u00e4ltig hergestellt werden, um das Gewicht und die Statur Ihres Logodesigns zu tragen. Unsere ma\u00dfgefertigten Anh\u00e4nger wurden f\u00fcr kritische Designer, Kunsthandwerker, Manager von Gesch\u00e4ftsgeschenken und entwickelte Markennamen entwickelt und sind die Br\u00fccke zwischen Ihrer Vision und der Wahrnehmung des Verbrauchers von unvergleichlicher Qualit\u00e4t.<\/p>\n<p><img fetchpriority=\"high\" decoding=\"async\" class=\"size-full wp-image-1466\" src=\"https:\/\/customacrylicproduct.com\/wp-content\/uploads\/2025\/07\/Acrylic-Fashion-Label-4.jpg\" alt=\"Acryl-Modeetikett (4)\" width=\"800\" height=\"800\" srcset=\"https:\/\/customacrylicproduct.com\/wp-content\/uploads\/2025\/07\/Acrylic-Fashion-Label-4.jpg 800w, https:\/\/customacrylicproduct.com\/wp-content\/uploads\/2025\/07\/Acrylic-Fashion-Label-4-300x300.jpg 300w, https:\/\/customacrylicproduct.com\/wp-content\/uploads\/2025\/07\/Acrylic-Fashion-Label-4-150x150.jpg 150w, https:\/\/customacrylicproduct.com\/wp-content\/uploads\/2025\/07\/Acrylic-Fashion-Label-4-768x768.jpg 768w, https:\/\/customacrylicproduct.com\/wp-content\/uploads\/2025\/07\/Acrylic-Fashion-Label-4-600x600.jpg 600w, https:\/\/customacrylicproduct.com\/wp-content\/uploads\/2025\/07\/Acrylic-Fashion-Label-4-100x100.jpg 100w\" sizes=\"(max-width: 800px) 100vw, 800px\" \/><\/p>\n<h4 id=\"-the-unspoken-power-of-a-premium-tag-\"><strong>Die unausgesprochene Macht eines Premium-Tags<\/strong><\/h4>\n<p>Noch bevor ein Kunde die vollst\u00e4ndige Qualit\u00e4t Ihres Kleidungsst\u00fccks, Ihrer Tasche oder Ihres Accessoires erlebt, sieht und f\u00fchlt er das Etikett. Diese erste Interaktion gibt den Ton f\u00fcr das gesamte Markenerlebnis an. Ein leichtes, ver\u00f6ffentlichtes Etikett kann den Artikel unbewusst abwerten, w\u00e4hrend ein solides, elegant beschriftetes Metall- oder aufgehelltes Acryletikett sofort mit Luxus, Robustheit und pr\u00e4ziser Aufmerksamkeit f\u00fcr Informationen verbunden wird.<\/p>\n<p>Unsere Etiketten stellen eine wesentliche Verbindung zu Ihrer Marke her. Die beeindruckende, sanfte Ber\u00fchrung von glattem Metall, das subtile Gewicht, das von Substanz spricht, die scharfe, exakte Beschriftung Ihres Logodesigns - diese sensorischen Informationen erzeugen einen wirksamen und langfristigen Eindruck. Sie erz\u00e4hlen die Geschichte einer Marke, die sich selbst kauft, und damit auch die Erf\u00fcllung und Freude ihrer Kunden. Dieses winzige, aber wesentliche Element erh\u00f6ht den angesehenen Wert jeder Art von Sache, die es schm\u00fcckt, rechtfertigt einen Kostenfaktor und f\u00f6rdert ein unbeirrbares Engagement f\u00fcr den Markennamen.<\/p>\n<p><img decoding=\"async\" class=\"size-full wp-image-1465\" src=\"https:\/\/customacrylicproduct.com\/wp-content\/uploads\/2025\/07\/Acrylic-Fashion-Label-3.jpg\" alt=\"Acryl-Modeetikett (3)\" width=\"800\" height=\"800\" srcset=\"https:\/\/customacrylicproduct.com\/wp-content\/uploads\/2025\/07\/Acrylic-Fashion-Label-3.jpg 800w, https:\/\/customacrylicproduct.com\/wp-content\/uploads\/2025\/07\/Acrylic-Fashion-Label-3-300x300.jpg 300w, https:\/\/customacrylicproduct.com\/wp-content\/uploads\/2025\/07\/Acrylic-Fashion-Label-3-150x150.jpg 150w, https:\/\/customacrylicproduct.com\/wp-content\/uploads\/2025\/07\/Acrylic-Fashion-Label-3-768x768.jpg 768w, https:\/\/customacrylicproduct.com\/wp-content\/uploads\/2025\/07\/Acrylic-Fashion-Label-3-600x600.jpg 600w, https:\/\/customacrylicproduct.com\/wp-content\/uploads\/2025\/07\/Acrylic-Fashion-Label-3-100x100.jpg 100w\" sizes=\"(max-width: 800px) 100vw, 800px\" \/><\/p>\n<h4 id=\"-letting-loose-imagination-unmatched-customization-at-your-fingertips-\"><strong>Der Fantasie freien Lauf lassen: Unerreichte Anpassungsm\u00f6glichkeiten an Ihren Fingerspitzen<\/strong><\/h4>\n<p>Ihre Marke ist einzigartig, und Ihr Etikett sollte es auch sein. Wir haben unsere L\u00f6sung auf der Grundlage einer vollst\u00e4ndigen Personalisierung aufgebaut und garantieren, dass das Endprodukt eine perfekte, greifbare Darstellung Ihrer Markenidentit\u00e4t ist. Wir begleiten Sie bei jedem Schritt, vom Konzept bis zur Fertigstellung, um Ihre Vision zum Leben zu erwecken.<\/p>\n<p><strong>1. Eine Auswahl an prestigetr\u00e4chtigen Materialien:<\/strong><\/p>\n<p>W\u00e4hrend die Fotos eine spektakul\u00e4re Vielfalt an metallischen Oberfl\u00e4chen zeigen, umfassen unsere F\u00e4higkeiten sowohl zeitlosen Stahl als auch modernes Acryl und bieten Ihnen ein Spektrum an \u00e4sthetischen M\u00f6glichkeiten.<\/p>\n<ul>\n<li><strong>Metall (Zinklegierung, Messing, rostfreier Stahl):\u00a0<\/strong>Die unverzichtbare Option f\u00fcr Luxus- und Traditionsmarken. Unsere Metalletiketten werden in einer Reihe von Oberfl\u00e4chen angeboten, bestehend aus:.<\/li>\n<li><strong>Glattes Gold:\u00a0<\/strong>Gl\u00e4nzend, klassisch und zweifellos opulent. Perfekt f\u00fcr den gehobenen Stil, Hochzeitskleidung und luxuri\u00f6se Naturlederwaren.<\/li>\n<li><strong>Gek\u00e4mmtes Silber\/Nickel:\u00a0<\/strong>Eine innovative, moderne Beschichtung, die modernen Stil und technologische Pr\u00e4zision suggeriert.<\/li>\n<li><strong>Ros\u00e9gold:\u00a0<\/strong>Eine stilvolle und zugleich klassische Option, die f\u00fcr W\u00e4rme und einen Hauch von Romantik sorgt.<\/li>\n<li><strong>Antikes Messing\/Bronze:\u00a0<\/strong>Vermittelt ein Gef\u00fchl von Vintage und Handarbeit und eignet sich f\u00fcr kunsthandwerkliche Artikel, Denim und von der Tradition inspirierte Kollektionen.<\/li>\n<li><strong>Mattes Schwarz:\u00a0<\/strong>Schlank, minimalistisch und stark. Eine leistungsstarke Option f\u00fcr Streetwear, technisches Zubeh\u00f6r und progressive Styles.<\/li>\n<li><strong>Gunmetal:\u00a0<\/strong>Eine dunkle, stimmungsvolle und industrielle Oberfl\u00e4che, die kantige Raffinesse ausstrahlt.<\/li>\n<li><strong>Polymer:\u00a0<\/strong>F\u00fcr Markennamen, die eine moderne, leichte oder lebendige Aussage suchen. Acryl bietet eine andere Art von Komfort:.<\/li>\n<li><strong>Lebendige Farbt\u00f6ne:\u00a0<\/strong>Erh\u00e4ltlich in einer praktisch unbegrenzten Auswahl an opaken, transparenten oder fluoreszierenden Farbt\u00f6nen, die sich vollst\u00e4ndig an das Farbschema Ihrer Marke anpassen.<\/li>\n<li><strong>Verspiegelte Beschichtungen:\u00a0<\/strong>Erzielen Sie das spiegelnde Aussehen von Stahl mit den leichten Eigenschaften von Acryl in Gold, Silber und anderen Farben.<\/li>\n<li><strong>Kristallklar und mattiert:\u00a0<\/strong>Schaffen Sie einen subtilen, \u201cgeisterhaften\u201d Branding-Effekt, der sowohl minimalistisch als auch hochtechnologisch ist.<\/li>\n<\/ul>\n<p><strong>2. Pr\u00e4zision in jeder Information:<\/strong><\/p>\n<p>Ihr Logo ist das Herzst\u00fcck Ihres Markennamens. Wir verwenden modernste Technologie, um sicherzustellen, dass es mit makelloser Pr\u00e4zision wiedergegeben wird.<\/p>\n<ul>\n<li><strong>Laser-Beschriftung:\u00a0<\/strong>Liefert bemerkenswert scharfe, klare Linien und ausf\u00fchrliche Informationen, am besten f\u00fcr komplexe Logos und gro\u00dfe Botschaften.<\/li>\n<li><strong>Druckguss und Pr\u00e4gung\/Pr\u00e4gung:\u00a0<\/strong>Erzeugt einen dreidimensionalen Effekt, der Ihrem Logo eine erhabene oder vertiefte Textur verleiht, die sich gut anf\u00fchlt und Tiefe verleiht.<\/li>\n<li><strong>Ma\u00dfgeschneiderte Ausschnitte:\u00a0<\/strong>Wie in einigen unserer Beispiele zu sehen ist, k\u00f6nnen wir Ihren Markennamen oder Ihr Logo-Design direkt aus dem Material herausl\u00f6sen und ein einzigartiges und unvergessliches Layout entwickeln.<\/li>\n<\/ul>\n<p><strong>3. Umformung, Dimensionierung und Aufsatz:<\/strong><\/p>\n<p>Wir brechen mit der typischen rechteckigen Form. Ihr Etikett kann jede Form haben, die Sie sich vorstellen - oval, rund, eine personalisierte Form Ihres Symbols oder eine spezielle geometrische Form. Wir bieten ebenfalls verschiedene Befestigungsm\u00f6glichkeiten an, um Ihre spezifischen Anforderungen zu erf\u00fcllen:.<\/p>\n<ul>\n<li><strong>Aufgen\u00e4hte L\u00f6cher:\u00a0<\/strong>Klassisch, gesch\u00fctzt und vielseitig f\u00fcr Textilien. Erh\u00e4ltlich mit zwei, 4 oder individuell platzierten L\u00f6chern.<\/li>\n<li><strong>Zacken\/Nieten:\u00a0<\/strong>Perfekt f\u00fcr dickere Materialien wie Naturleder, Denim und Segeltuch, um eine robuste und schicke Befestigung zu erhalten.<\/li>\n<li><strong>Kleber\u00fcckseite:\u00a0<\/strong>Ein starker 3M-Kleber f\u00fcr die Anwendung auf schwierigen Oberfl\u00e4chen wie Geschenkboxen, elektronischen Ger\u00e4ten oder Notebooks.<\/li>\n<\/ul>\n<p><img decoding=\"async\" class=\"size-full wp-image-1463\" src=\"https:\/\/customacrylicproduct.com\/wp-content\/uploads\/2025\/07\/Acrylic-Fashion-Label-1.jpg\" alt=\"Acryl-Modeetikett (1)\" width=\"800\" height=\"800\" srcset=\"https:\/\/customacrylicproduct.com\/wp-content\/uploads\/2025\/07\/Acrylic-Fashion-Label-1.jpg 800w, https:\/\/customacrylicproduct.com\/wp-content\/uploads\/2025\/07\/Acrylic-Fashion-Label-1-300x300.jpg 300w, https:\/\/customacrylicproduct.com\/wp-content\/uploads\/2025\/07\/Acrylic-Fashion-Label-1-150x150.jpg 150w, https:\/\/customacrylicproduct.com\/wp-content\/uploads\/2025\/07\/Acrylic-Fashion-Label-1-768x768.jpg 768w, https:\/\/customacrylicproduct.com\/wp-content\/uploads\/2025\/07\/Acrylic-Fashion-Label-1-600x600.jpg 600w, https:\/\/customacrylicproduct.com\/wp-content\/uploads\/2025\/07\/Acrylic-Fashion-Label-1-100x100.jpg 100w\" sizes=\"(max-width: 800px) 100vw, 800px\" \/><\/p>\n<h4 id=\"-versatile-applications-past-the-garment-\"><strong>Vielseitige Anwendungen: \u00dcber das Kleidungsst\u00fcck hinaus<\/strong><\/h4>\n<p>Unsere individuellen Etiketten eignen sich hervorragend f\u00fcr die Modeindustrie, aber die Anwendung ist nur durch Ihre Kreativit\u00e4t begrenzt. Sie sind ein leistungsf\u00e4higes Branding-Ger\u00e4t in einer Vielzahl von Sektoren:.<\/p>\n<ul>\n<li><strong>Style Apparel:\u00a0<\/strong>Sie diskutieren \u00fcber M\u00e4ntel, Sportjacken, Roben und Couture.<\/li>\n<li><strong>Handtaschen und Accessoires:\u00a0<\/strong>Branding f\u00fcr Handtaschen, Taschenb\u00fccher, Rucks\u00e4cke, G\u00fcrtel und Gep\u00e4ckst\u00fccke.<\/li>\n<li><strong>Jeans und Oberbekleidung:\u00a0<\/strong>Strapazierf\u00e4hige Stahletiketten f\u00fcr Jeansflecken und Mantelau\u00dfenseiten.<\/li>\n<li><strong>Schuhe:\u00a0<\/strong>Raffiniertes Branding auf Tennisschuhen, Stiefeln und Badem\u00e4nteln.<\/li>\n<li><strong>Strickwaren &amp; M\u00fctzen:\u00a0<\/strong>Stilvolle Anh\u00e4nger f\u00fcr M\u00fctzen, Kopft\u00fccher und Pullover.<\/li>\n<li><strong>Haushaltswaren und Einrichtungsgegenst\u00e4nde:\u00a0<\/strong>Qualit\u00e4tsmerkmal f\u00fcr hochwertige Kissen, Decken, Handt\u00fccher und sogar M\u00f6bel.<\/li>\n<li><strong>Firmengeschenke:\u00a0<\/strong>Veredeln Sie Werbeartikel, technisches Zubeh\u00f6r und hochwertige Geschenkboxen mit einem dauerhaften, hochwertigen Markenzeichen.<\/li>\n<li><strong>Kunsthandwerk:\u00a0<\/strong>F\u00fcgen Sie handgefertigten Produkten ein besonderes Markenzeichen hinzu, von Ger\u00e4ten f\u00fcr Haustiere bis hin zu individuell gebundenen Journalen.<\/li>\n<\/ul>\n<h4 id=\"-your-wholesale-companion-in-quality-\"><strong>Ihr Gro\u00dfhandelsbegleiter in Sachen Qualit\u00e4t<\/strong><\/h4>\n<p>Wir wissen um die Bed\u00fcrfnisse der Produktion und den Wert einer zuverl\u00e4ssigen Lieferkette. Unser Gro\u00dfhandelsprogramm ist so konzipiert, dass es eine nahtlose und ermutigende Erfahrung f\u00fcr Ihr Unternehmen darstellt. Wir bieten wettbewerbsf\u00e4hige Preise f\u00fcr Gro\u00dfauftr\u00e4ge, reduzierte Mindestbestellmengen (MOQs), um aufstrebende Designer zu unterst\u00fctzen, und die Kapazit\u00e4t f\u00fcr gro\u00dfe Produktionsl\u00e4ufe f\u00fcr etablierte Markennamen. Unser strenger Qualit\u00e4tssicherungsprozess stellt sicher, dass jedes Etikett in Ihrer Bestellung, vom ersten bis zum zehntausendsten, genau das gleiche Kriterium der Exzellenz in Bezug auf Verarbeitung, Farbe und Informationen erf\u00fcllt.<\/p>\n<p>Unser gemeinsamer Prozess beginnt mit einem Termin, um Ihre Aufgabe zu erkennen. Anschlie\u00dfend stellen wir Ihnen elektronische Probedrucke zur Verf\u00fcgung, bevor wir mit einem physischen Exemplar fortfahren, um zu gew\u00e4hrleisten, dass Sie vollst\u00e4ndig zufrieden sind, bevor die vollst\u00e4ndige Produktion beginnt.<\/p>\n<h4 id=\"-invest-in-your-brand-s-legacy-\"><strong>Investieren Sie in das Verm\u00e4chtnis Ihrer Marke<\/strong><\/h4>\n<p>Auf lange Sicht ist eine Marke eine Garantie. Sie ist ein Versprechen f\u00fcr hohe Qualit\u00e4t, ein Versprechen f\u00fcr Design und ein Versprechen f\u00fcr eine Erfahrung. Unsere individuellen Modeetiketten aus Acryl und Metall sind mehr als nur ein Teil; sie sind ein physisches Symptom dieses Versprechens. Sie sind ein stiller, best\u00e4ndiger Botschafter f\u00fcr Ihre Marke, der Ihr Engagement f\u00fcr Qualit\u00e4t noch lange nach dem ersten Verkauf kommuniziert.<\/p>\n<p>Rufen Sie uns noch heute an, um ein Angebot anzufordern oder mit unseren Designexperten zu sprechen. Wir helfen Ihnen, ein Etikett zu entwickeln, das Ihr Produkt nicht nur identifiziert, sondern auch definiert. Machen Sie Ihre Marke zu einem Zeichen der Unterscheidung.<\/p>","protected":false},"excerpt":{"rendered":"<p class=\"ng-star-inserted\"><span class=\"ng-star-inserted\">Werten Sie Ihre Marke mit hochwertigen, individuellen Logoetiketten aus Metall auf. Diese Etiketten eignen sich perfekt f\u00fcr Mode, Kleidung und Handtaschen und k\u00f6nnen mit Ihrem Logo in einer Vielzahl von atemberaubenden Ausf\u00fchrungen wie Gold, Silber und Schwarz personalisiert werden. Verleihen Sie Ihren Produkten einen Hauch von Luxus und Professionalit\u00e4t. Im Gro\u00dfhandel erh\u00e4ltlich.<\/span><\/p>","protected":false},"featured_media":1466,"template":"","meta":{"_kad_post_transparent":"default","_kad_post_title":"","_kad_post_layout":"default","_kad_post_sidebar_id":"","_kad_post_content_style":"default","_kad_post_vertical_padding":"default","_kad_post_feature":"","_kad_post_feature_position":"","_kad_post_header":false,"_kad_post_footer":false,"_kad_post_classname":""},"product_brand":[],"product_cat":[18],"product_tag":[84],"class_list":{"0":"post-1462","1":"product","2":"type-product","3":"status-publish","4":"has-post-thumbnail","6":"product_cat-custom-acrylic-signs","7":"product_tag-clear-acrylic-signs","9":"first","10":"instock","11":"shipping-taxable","12":"product-type-simple","13":"entry","14":"content-bg","15":"loop-entry"},"_links":{"self":[{"href":"https:\/\/customacrylicproduct.com\/de\/wp-json\/wp\/v2\/product\/1462","targetHints":{"allow":["GET"]}}],"collection":[{"href":"https:\/\/customacrylicproduct.com\/de\/wp-json\/wp\/v2\/product"}],"about":[{"href":"https:\/\/customacrylicproduct.com\/de\/wp-json\/wp\/v2\/types\/product"}],"wp:featuredmedia":[{"embeddable":true,"href":"https:\/\/customacrylicproduct.com\/de\/wp-json\/wp\/v2\/media\/1466"}],"wp:attachment":[{"href":"https:\/\/customacrylicproduct.com\/de\/wp-json\/wp\/v2\/media?parent=1462"}],"wp:term":[{"taxonomy":"product_brand","embeddable":true,"href":"https:\/\/customacrylicproduct.com\/de\/wp-json\/wp\/v2\/product_brand?post=1462"},{"taxonomy":"product_cat","embeddable":true,"href":"https:\/\/customacrylicproduct.com\/de\/wp-json\/wp\/v2\/product_cat?post=1462"},{"taxonomy":"product_tag","embeddable":true,"href":"https:\/\/customacrylicproduct.com\/de\/wp-json\/wp\/v2\/product_tag?post=1462"}],"curies":[{"name":"wp","href":"https:\/\/api.w.org\/{rel}","templated":true}]}}