{"id":1472,"date":"2025-07-21T09:05:53","date_gmt":"2025-07-21T09:05:53","guid":{"rendered":"https:\/\/customacrylicproduct.com\/?post_type=product&#038;p=1472"},"modified":"2025-07-21T09:26:07","modified_gmt":"2025-07-21T09:26:07","slug":"custom-acrylic-trophy-custom-personalized-marble-trophy","status":"publish","type":"product","link":"https:\/\/customacrylicproduct.com\/de\/custom-acrylic-trophy-custom-personalized-marble-trophy\/","title":{"rendered":"Individuelle Acryltroph\u00e4e Individuelle personalisierte Marmortroph\u00e4e"},"content":{"rendered":"<h3 id=\"-elevate-recognition-with-customized-polymer-trophies-a-modern-symphony-of-shade-craft-and-customization-\"><strong>Erh\u00f6hen Sie die Anerkennung mit individuell gestalteten Polymer-Troph\u00e4en: Eine moderne Symphonie aus Schatten, Handwerk und Individualisierung<\/strong><\/h3>\n<p>In der Welt der Leistung und Anerkennung sollte das Zeichen des Erfolgs genauso ph\u00e4nomenal sein wie die Leistung selbst. Lassen Sie das Gew\u00f6hnliche hinter sich und nehmen Sie eine brandneue Periode von Ehrungen mit unserer gro\u00dfartigen Kollektion von individuell gestalteten Polymer-Troph\u00e4en an. Diese sorgf\u00e4ltig erstellten und perfekt ausgef\u00fchrten Auszeichnungen sind nicht einfach nur Gegenst\u00e4nde, sondern individuelle Kunstwerke, die Hingabe, Innovation und Exzellenz widerspiegeln. W\u00e4hrend sie das betr\u00e4chtliche Gef\u00fchl und die Eminenz besitzen, sobald sie mit Standardprodukten wie Marmor und Kristall in Verbindung gebracht werden, er\u00f6ffnet ihre zeitgen\u00f6ssische Acrylkonstruktion ein Universum von lebendigen Farbt\u00f6nen, dynamischen Formen und unvergleichlichen Anpassungen, die einen lang anhaltenden Eindruck bei jedem Empf\u00e4nger hinterlassen werden.<\/p>\n<p><img fetchpriority=\"high\" decoding=\"async\" class=\"size-full wp-image-1473\" src=\"https:\/\/customacrylicproduct.com\/wp-content\/uploads\/2025\/07\/Custom-Acrylic-Trophy-1-2.jpg\" alt=\"Individuelle Acryl-Troph\u00e4e (1)\" width=\"800\" height=\"800\" srcset=\"https:\/\/customacrylicproduct.com\/wp-content\/uploads\/2025\/07\/Custom-Acrylic-Trophy-1-2.jpg 800w, https:\/\/customacrylicproduct.com\/wp-content\/uploads\/2025\/07\/Custom-Acrylic-Trophy-1-2-300x300.jpg 300w, https:\/\/customacrylicproduct.com\/wp-content\/uploads\/2025\/07\/Custom-Acrylic-Trophy-1-2-150x150.jpg 150w, https:\/\/customacrylicproduct.com\/wp-content\/uploads\/2025\/07\/Custom-Acrylic-Trophy-1-2-768x768.jpg 768w, https:\/\/customacrylicproduct.com\/wp-content\/uploads\/2025\/07\/Custom-Acrylic-Trophy-1-2-600x600.jpg 600w, https:\/\/customacrylicproduct.com\/wp-content\/uploads\/2025\/07\/Custom-Acrylic-Trophy-1-2-100x100.jpg 100w\" sizes=\"(max-width: 800px) 100vw, 800px\" \/><\/p>\n<h4 id=\"-a-brand-new-measurement-in-honor-layout-\"><strong>Ein brandneues Ma\u00df f\u00fcr die Gestaltung von Ehren\u00e4mtern<\/strong><\/h4>\n<p>Was diese Preise schnell von anderen unterscheidet, ist ihr faszinierendes, vielschichtiges Layout. Jeder Artikel ist eine Meisterklasse im visuellen Geschichtenerz\u00e4hlen und kombiniert eine glatte, raffinierte Plakette mit einem lebendigen, dreidimensionalen Basiselement, das Tiefe, Pers\u00f6nlichkeit und Bedeutung beinhaltet.<\/p>\n<ul>\n<li><strong>Die dynamische Stiftung:\u00a0<\/strong>Schauen Sie sich die Basis dieser Auszeichnungen genau an. Im Gegensatz zu einem einfachen Block finden Sie hier aufw\u00e4ndig gestaltete Stadtlandschaften, aufsteigende S\u00e4ulen oder schie\u00dfende Prominente. Diese 3D-Komponenten sind nicht einfach nur dekorativ, sondern haben eine symbolische Bedeutung. Das Konzept des Horizonts steht f\u00fcr Leidenschaft, Wachstum und den Aufbau von Erfolg von Grund auf - am besten f\u00fcr Leistungen im Unternehmen oder Auszeichnungen in der Abteilung. Die S\u00e4ulen mit den Sternen an der Spitze vermitteln das Gef\u00fchl, nach den Sternen zu greifen und die besten Entertainer zu w\u00fcrdigen. Dieses fundamentale Kunstwerk ist in einer Reihe von Stilen erh\u00e4ltlich und kann in reichhaltigen, koordinierenden Farbt\u00f6nen (wie dem tiefen Saphirblau oder Rubinrot) oder in einer raffinierten, gefrorenen, klaren Ausf\u00fchrung geliefert werden, die einen wunderbaren Kontrast zur gro\u00dfen Plakette bildet.<\/li>\n<li><strong>Eine Leinwand aus leuchtenden Farben:\u00a0<\/strong>Der Text des Preises wirkt wie eine dynamische Leinwand. Wir verwenden ein hochmodernes Farbmischverfahren f\u00fcr hochwertiges Acryl, das zu einem tiefen, klaren Farbton f\u00fchrt, der das Licht mit unglaublicher Raffinesse einf\u00e4ngt und bricht. Wie auf den Bildern zu sehen ist, sind die Farboptionen sowohl k\u00fchn als auch raffiniert. W\u00e4hlen Sie aus einer anregenden\u00a0<strong>Saphirblau\u00a0<\/strong>und Sicherheit, ein leidenschaftlicher\u00a0<strong>Rubinrot\u00a0<\/strong>die f\u00fcr Ausdauer und Management stehen, ein reibungsloses und modernes\u00a0<strong>Onyx Schwarz\u00a0<\/strong>f\u00fcr einen Hauch von klassischer Statur, oder vielleicht eine pr\u00e4chtige\u00a0<strong>Sonnenuntergang Orange Piste\u00a0<\/strong>die Phantasie und Dynamik verk\u00f6rpert. Diese Verwendung Farbe erm\u00f6glicht es Ihnen, die Auszeichnungen mit Ihrem Unternehmen Branding, Event-Thema, oder die Details Gef\u00fchl, das Sie w\u00fcnschen, zu vermitteln begradigen.<\/li>\n<li><strong>Anspruchsvolle Formen f\u00fcr jede einzelne Botschaft:\u00a0<\/strong>Die Form einer Ehrung gibt. Unsere Kollektion bietet eine Auswahl an Formen, die zum Ton Ihrer Ehrungsveranstaltung passen. Die milde\u00a0<strong>gebogene Spitze\u00a0<\/strong>bietet einen Sinn f\u00fcr Stil und Fluidit\u00e4t. Das Scharfe,\u00a0<strong>asymmetrische Schr\u00e4gf\u00fchrung\u00a0<\/strong>vermittelt ein Gef\u00fchl von zukunftsorientierter Dynamik und modernster Effizienz. Die zeitlose\u00a0<strong>rechteckige Plakette\u00a0<\/strong>bietet eine zeitlose und pr\u00e4chtige Grundlage f\u00fcr Ihre Botschaft. Jede Form ist pr\u00e4zisionsgeschnitten und diamantpoliert, um perfekt glatte Kanten und eine glasartige Beschichtung zu gew\u00e4hrleisten.<\/li>\n<\/ul>\n<p><img decoding=\"async\" class=\"size-full wp-image-1476\" src=\"https:\/\/customacrylicproduct.com\/wp-content\/uploads\/2025\/07\/Custom-Acrylic-Trophy-4-1.jpg\" alt=\"Individuelle Acryl-Troph\u00e4e (4)\" width=\"800\" height=\"800\" srcset=\"https:\/\/customacrylicproduct.com\/wp-content\/uploads\/2025\/07\/Custom-Acrylic-Trophy-4-1.jpg 800w, https:\/\/customacrylicproduct.com\/wp-content\/uploads\/2025\/07\/Custom-Acrylic-Trophy-4-1-300x300.jpg 300w, https:\/\/customacrylicproduct.com\/wp-content\/uploads\/2025\/07\/Custom-Acrylic-Trophy-4-1-150x150.jpg 150w, https:\/\/customacrylicproduct.com\/wp-content\/uploads\/2025\/07\/Custom-Acrylic-Trophy-4-1-768x768.jpg 768w, https:\/\/customacrylicproduct.com\/wp-content\/uploads\/2025\/07\/Custom-Acrylic-Trophy-4-1-600x600.jpg 600w, https:\/\/customacrylicproduct.com\/wp-content\/uploads\/2025\/07\/Custom-Acrylic-Trophy-4-1-100x100.jpg 100w\" sizes=\"(max-width: 800px) 100vw, 800px\" \/><\/p>\n<h4 id=\"-the-heart-of-the-matter-unrivaled-personalization-\"><strong>Der Kern der Sache: Un\u00fcbertroffene Personalisierung<\/strong><\/h4>\n<p>Eine Ehrung ist genauso zielf\u00fchrend wie die Botschaft, die sie vermittelt. Das ist der Punkt, an dem unsere individuellen Preise wirklich strahlen. Wir bieten eine umfassende Sammlung von Personalisierungsoptionen, um jede Troph\u00e4e in ein besonderes und pers\u00f6nliches Zeugnis der Leistung zu verwandeln.<\/p>\n<ul>\n<li><strong>Ma\u00dfgeschneiderter Text und Typografie:\u00a0<\/strong>Vom Namen des Empf\u00e4ngers bis zum Titel der Auszeichnung (\u201dBest Service\u201d, \u201cExcellent Department Award\u201d, \u201c\u5e74\u5ea6\u6700\u4f18\u79c0\u5458\u5de5\u201d - Annual Finest Employee) wird jedes Wort mit gestochen scharfer, sauberer Genauigkeit wiedergegeben. Sie haben die volle Kontrolle \u00fcber die Botschaft, die Schriftarten und das Design, um sicherzustellen, dass die Botschaft klar, eindrucksvoll und stilistisch ideal ist.<\/li>\n<li><strong>Hochaufl\u00f6sende Logo-Grafik-Kombination:\u00a0<\/strong>Ihre Marke ist Ihre Identifikation. Wir k\u00f6nnen Ihr Firmenlogo, Ihre Anlassinsignien oder Ihre pers\u00f6nlichen Grafiken direkt in das Design integrieren. Wie bei den Beispielen \u201cECOWATER\u201d und \u201cDr. AHN\u201d werden die Logos nicht nur auf der Oberfl\u00e4che platziert, sondern direkt in das allgemeine Erscheinungsbild integriert, so dass sie zu einem integralen Bestandteil der kreativen Komposition der Auszeichnung werden.<\/li>\n<li><strong>Das Gedenken an Meilensteine:\u00a0<\/strong>Kennzeichnen Sie das Ereignis mit Details wie \u201c2024 Ehrung\u201d oder \u201c2023-2024\u201d, um sicherzustellen, dass die Erinnerung an den Erfolg f\u00fcr immer erhalten bleibt. Egal, ob es sich um eine j\u00e4hrliche Gala, ein viertelj\u00e4hrliches Zeugnis oder einen einmaligen Abschluss handelt, der Tag setzt die Auszeichnung in einen besonderen Moment des Sieges.<\/li>\n<\/ul>\n<p>Unser Designverfahren ist gemeinschaftlich. Geben Sie uns einfach Ihre gew\u00fcnschte Botschaft, Ihr Logo und Ihre Designideen, und unsere Gruppe wird mit Ihnen zusammenarbeiten, um einen elektronischen Nachweis zu erstellen, der es Ihnen erm\u00f6glicht, jedes Detail zu \u00fcberpr\u00fcfen und zu akzeptieren, bevor die Produktion beginnt. Das Ergebnis ist ein wirklich ma\u00dfgeschneiderter Preis, der nur f\u00fcr Sie angefertigt wird.<\/p>\n<p><img decoding=\"async\" class=\"size-full wp-image-1475\" src=\"https:\/\/customacrylicproduct.com\/wp-content\/uploads\/2025\/07\/Custom-Acrylic-Trophy-3-2.jpg\" alt=\"Individuelle Acryl-Troph\u00e4e (3)\" width=\"800\" height=\"800\" srcset=\"https:\/\/customacrylicproduct.com\/wp-content\/uploads\/2025\/07\/Custom-Acrylic-Trophy-3-2.jpg 800w, https:\/\/customacrylicproduct.com\/wp-content\/uploads\/2025\/07\/Custom-Acrylic-Trophy-3-2-300x300.jpg 300w, https:\/\/customacrylicproduct.com\/wp-content\/uploads\/2025\/07\/Custom-Acrylic-Trophy-3-2-150x150.jpg 150w, https:\/\/customacrylicproduct.com\/wp-content\/uploads\/2025\/07\/Custom-Acrylic-Trophy-3-2-768x768.jpg 768w, https:\/\/customacrylicproduct.com\/wp-content\/uploads\/2025\/07\/Custom-Acrylic-Trophy-3-2-600x600.jpg 600w, https:\/\/customacrylicproduct.com\/wp-content\/uploads\/2025\/07\/Custom-Acrylic-Trophy-3-2-100x100.jpg 100w\" sizes=\"(max-width: 800px) 100vw, 800px\" \/><\/p>\n<h4 id=\"-crafted-from-costs-materials-for-long-lasting-stature-\"><strong>Gefertigt aus kostspieligen Materialien f\u00fcr eine lange Lebensdauer<\/strong><\/h4>\n<p>Diese Preise k\u00f6nnen mit zartem Kristall verwechselt werden, sind aber f\u00fcr dauerhafte Eleganz aus hochdichtem, erstklassigem Acryl gefertigt. Diese Produktoption bietet die effektivste aller Kugeln:.<\/p>\n<ul>\n<li><strong>Optische Klarheit:\u00a0<\/strong>Unser Acryl zeichnet sich durch eine kristallklare Transparenz aus, die der von feinstem Glas gleichkommt, und erm\u00f6glicht eine blendende Lichtdurchl\u00e4ssigkeit und einen lebendigen Farbausdruck.<\/li>\n<li><strong>Erhebliches Gewicht:\u00a0<\/strong>Diese Troph\u00e4en haben ein angenehmes Gewicht und ein solides, au\u00dfergew\u00f6hnliches Gef\u00fchl in der Hand, das dem Empf\u00e4nger Wert und Bedeutung vermittelt.<\/li>\n<li><strong>Z\u00e4higkeit und Sicherheit:\u00a0<\/strong>Im Gegensatz zu Glas oder Kristall ist Polymer bruchsicher, was es zu einer viel sichereren und haltbareren Alternative f\u00fcr Bildschirme in einer hektischen Arbeits- oder Wohnumgebung macht.<\/li>\n<li><strong>Genauigkeit in der Verarbeitung:\u00a0<\/strong>Jede Troph\u00e4e besteht zun\u00e4chst aus einem starken Acrylblock, der dann pr\u00e4zisionsgeschnitten, mit fachm\u00e4nnischer Behandlung verklebt und auf einen spiegelnden Glanz poliert wird. Der Druck wird durch fortschrittliche UV-Innovation erreicht, die die Tinte direkt auf das Material f\u00fcr eine scharfe, lebendige und kratzfeste Oberfl\u00e4che behandelt, die sicherlich nicht abbl\u00e4ttern oder im Laufe der Zeit verf\u00e4rben wird.<\/li>\n<\/ul>\n<h4 id=\"-the-perfect-award-for-every-single-celebration-\"><strong>Der perfekte Preis f\u00fcr jede einzelne Feierlichkeit<\/strong><\/h4>\n<p>Der gro\u00dfe Komfort dieses Layouts macht es zur idealen Option f\u00fcr eine Vielzahl von Anerkennungsanl\u00e4ssen:.<\/p>\n<ul>\n<li><strong>Gesch\u00e4ftliche Qualit\u00e4t:\u00a0<\/strong>Ehrung von Spitzenverk\u00e4ufern, herausragenden Abteilungen und Mitarbeitern des Jahres.<\/li>\n<li><strong>L\u00f6sung und Anerkennung der Partner:\u00a0<\/strong>Erkennen Sie \u201cFinest Service\u201d-Anbieter, \u201cSuperb Distributors\u201d und wichtige Unternehmenspartner an.<\/li>\n<li><strong>F\u00fchrung und Innovation:\u00a0<\/strong>Erinnern Sie sich an vision\u00e4re F\u00fchrungskr\u00e4fte und Gruppen, die die Grenzen Ihrer Branche verschieben.<\/li>\n<li><strong>Akademische und erzieherische Leistungen:\u00a0<\/strong>Anerkennung von f\u00fchrenden Auszubildenden und Absolventen von Berufszentren und Bildungseinrichtungen.<\/li>\n<li><strong>Einzigartige Ereignisse und Veranstaltungen:\u00a0<\/strong>Schaffen Sie eine unvergessliche und zeitgem\u00e4\u00dfe Belohnung f\u00fcr Wettbewerbe und Wettk\u00e4mpfe.<\/li>\n<\/ul>\n<p>Verleihen Sie nicht nur eine Auszeichnung, sondern eine Erkl\u00e4rung. Bieten Sie eine Ikone der Leistung, die so besonders, lebendig und dynamisch ist wie die Person, die sie erh\u00e4lt. Unsere ma\u00dfgefertigten Polymer-Troph\u00e4en sind mehr als eine Belohnung - sie sind eine dauerhafte Hommage an harte Arbeit, ein Anreiz f\u00fcr zuk\u00fcnftige Erfolge und ein atemberaubendes Kunstwerk, das viele Jahre lang mit Zufriedenheit pr\u00e4sentiert wird.<\/p>\n<p>Rufen Sie uns noch heute an, um eine Troph\u00e4e zu kreieren, die wirklich die Qualit\u00e4t widerspiegelt, die Sie w\u00fcrdigen m\u00f6chten.<\/p>","protected":false},"excerpt":{"rendered":"<p class=\"ng-star-inserted\"><span class=\"ng-star-inserted\">Erkennen Sie Gro\u00dfartigkeit mit unseren hochwertigen Acryl-Auszeichnungen an. Diese vollst\u00e4ndig mit Ihrem Text und Logo personalisierten Troph\u00e4en zeichnen sich durch leuchtende Farben und dynamische 3D-Designs aus. Eine elegante und moderne Wahl f\u00fcr die Anerkennung von Mitarbeitern, f\u00fcr Firmenveranstaltungen und zum Feiern von Erfolgen.<\/span><\/p>","protected":false},"featured_media":1473,"template":"","meta":{"_kad_post_transparent":"default","_kad_post_title":"","_kad_post_layout":"default","_kad_post_sidebar_id":"","_kad_post_content_style":"default","_kad_post_vertical_padding":"default","_kad_post_feature":"","_kad_post_feature_position":"","_kad_post_header":false,"_kad_post_footer":false,"_kad_post_classname":""},"product_brand":[],"product_cat":[19],"product_tag":[136],"class_list":{"0":"post-1472","1":"product","2":"type-product","3":"status-publish","4":"has-post-thumbnail","6":"product_cat-custom-acrylic-trophies-awards","7":"product_tag-custom-acrylic-trophy","9":"first","10":"instock","11":"shipping-taxable","12":"product-type-simple","13":"entry","14":"content-bg","15":"loop-entry"},"_links":{"self":[{"href":"https:\/\/customacrylicproduct.com\/de\/wp-json\/wp\/v2\/product\/1472","targetHints":{"allow":["GET"]}}],"collection":[{"href":"https:\/\/customacrylicproduct.com\/de\/wp-json\/wp\/v2\/product"}],"about":[{"href":"https:\/\/customacrylicproduct.com\/de\/wp-json\/wp\/v2\/types\/product"}],"wp:featuredmedia":[{"embeddable":true,"href":"https:\/\/customacrylicproduct.com\/de\/wp-json\/wp\/v2\/media\/1473"}],"wp:attachment":[{"href":"https:\/\/customacrylicproduct.com\/de\/wp-json\/wp\/v2\/media?parent=1472"}],"wp:term":[{"taxonomy":"product_brand","embeddable":true,"href":"https:\/\/customacrylicproduct.com\/de\/wp-json\/wp\/v2\/product_brand?post=1472"},{"taxonomy":"product_cat","embeddable":true,"href":"https:\/\/customacrylicproduct.com\/de\/wp-json\/wp\/v2\/product_cat?post=1472"},{"taxonomy":"product_tag","embeddable":true,"href":"https:\/\/customacrylicproduct.com\/de\/wp-json\/wp\/v2\/product_tag?post=1472"}],"curies":[{"name":"wp","href":"https:\/\/api.w.org\/{rel}","templated":true}]}}