{"id":1484,"date":"2025-07-21T09:50:46","date_gmt":"2025-07-21T09:50:46","guid":{"rendered":"https:\/\/customacrylicproduct.com\/?post_type=product&#038;p=1484"},"modified":"2025-07-21T09:50:46","modified_gmt":"2025-07-21T09:50:46","slug":"custom-acrylic-clear-acrylic-plastic-sheets-transparent","status":"publish","type":"product","link":"https:\/\/customacrylicproduct.com\/de\/custom-acrylic-clear-acrylic-plastic-sheets-transparent\/","title":{"rendered":"Benutzerdefinierte Acryl Klar Acryl Kunststoffplatten Transparent"},"content":{"rendered":"<h3 id=\"unleash-your-vision-premium-customized-transparent-acrylic-sheets-for-unmatched-quality-and-convenience\">Entfesseln Sie Ihre Vision: Hochwertige kundenspezifische transparente Acrylglasplatten f\u00fcr un\u00fcbertroffene Qualit\u00e4t und Bequemlichkeit<\/h3>\n<p>Stellen Sie sich ein Produkt vor, das die makellose Qualit\u00e4t von feinstem Glas aufweist und gleichzeitig die Ausdauer und Haltbarkeit besitzt, um dem Test der Zeit standzuhalten. Ein Material, das so vielseitig ist, dass es direkt in kunstvolle Kunstwerke, funktionale Gesch\u00e4ftsbildschirme oder robuste Heimkomponenten geformt werden kann. Willkommen in der Welt unserer ma\u00dfgefertigten klaren Acryl-Kunststoffplatten, der besten Wahl f\u00fcr Hersteller, Unternehmen und Trendsetter, die Spitzenleistungen verlangen. Ganz gleich, ob Sie einen stromlinienf\u00f6rmigen Bildschirm f\u00fcr den Einzelhandel herstellen, individuelle Geschenke anfertigen oder eine gro\u00df angelegte Bauaufgabe durchf\u00fchren, unsere klaren Acrylglasplatten bieten die ideale Grundlage, um Ihre Vision mit au\u00dfergew\u00f6hnlicher Qualit\u00e4t und Genauigkeit zum Leben zu erwecken.<\/p>\n<p><img fetchpriority=\"high\" decoding=\"async\" class=\"size-full wp-image-1485\" src=\"https:\/\/customacrylicproduct.com\/wp-content\/uploads\/2025\/07\/Acrylic-Plastic-Sheets-1.jpg\" alt=\"Acryl-Kunststoffplatten (1)\" width=\"850\" height=\"850\" srcset=\"https:\/\/customacrylicproduct.com\/wp-content\/uploads\/2025\/07\/Acrylic-Plastic-Sheets-1.jpg 850w, https:\/\/customacrylicproduct.com\/wp-content\/uploads\/2025\/07\/Acrylic-Plastic-Sheets-1-300x300.jpg 300w, https:\/\/customacrylicproduct.com\/wp-content\/uploads\/2025\/07\/Acrylic-Plastic-Sheets-1-150x150.jpg 150w, https:\/\/customacrylicproduct.com\/wp-content\/uploads\/2025\/07\/Acrylic-Plastic-Sheets-1-768x768.jpg 768w, https:\/\/customacrylicproduct.com\/wp-content\/uploads\/2025\/07\/Acrylic-Plastic-Sheets-1-600x600.jpg 600w, https:\/\/customacrylicproduct.com\/wp-content\/uploads\/2025\/07\/Acrylic-Plastic-Sheets-1-100x100.jpg 100w\" sizes=\"(max-width: 850px) 100vw, 850px\" \/><\/p>\n<h4 id=\"deep-dive-the-core-elements-of-our-polymer\">Tiefes Eintauchen: Die Kernelemente unseres Polymers<\/h4>\n<p><strong>1. Unerreichte optische Klarheit\u00a0<\/strong>. Das Herzst\u00fcck unseres Artikels ist seine au\u00dfergew\u00f6hnliche Transparenz. Unsere klaren Acrylglasplatten, die normalerweise unter Handelsnamen wie Plexiglas oder Lucite bekannt sind, weisen eine Lichtdurchl\u00e4ssigkeit von etwa 92% auf und \u00fcbertreffen damit die von Standardglas. Im Gegensatz zu Glas, das vor allem bei dickeren Scheiben eine raffinierte, umweltfreundliche F\u00e4rbung aufweisen kann, ist unser Polymer vollkommen klar und garantiert, dass Schattierungen und Gegenst\u00e4nde, die durch es hindurchgehen, lebendig bleiben. Diese kristallklare Qualit\u00e4t zeigt sich hervorragend in Anwendungen wie dem modernen, rahmenlosen Bild, das der Besitzer des Bildes erhalten hat, bei dem die dahinter liegende Sukkulente mit scharfen, unverzerrten Informationen dargestellt wird. Dies macht es zur perfekten Option f\u00fcr die Einrahmung in Museumsqualit\u00e4t und f\u00fcr alle Anwendungen, bei denen eine makellose Durchsicht des Produkts entscheidend ist.<\/p>\n<p><strong>2. \u00dcberlegene St\u00e4rke und leichte Z\u00e4higkeit\u00a0<\/strong>. Es sieht zwar zart und glasartig aus, ist aber alles andere als effizient. Polymer ist ein bemerkenswert haltbarer Thermoplast, der eine 10- bis 20-mal h\u00f6here Festigkeit als herk\u00f6mmliches Glas aufweist. Diese Bruchsicherheit macht es zu einer wesentlich sichereren Option, insbesondere in \u00f6ffentlichen R\u00e4umen, in Haushalten mit Kindern oder bei mobilen Anwendungen. Wenn eine Acrylglasplatte herunterf\u00e4llt, ist die Wahrscheinlichkeit, dass sie gef\u00e4hrliche Scherben hinterl\u00e4sst, wesentlich geringer. Au\u00dferdem ist Acrylglas weniger als halb so hoch wie eine vergleichbare Glasplatte, so dass es viel einfacher und kosteng\u00fcnstiger zu transportieren, zu handhaben und aufzustellen ist. Diese Mischung aus Widerstandsf\u00e4higkeit und geringem Gewicht er\u00f6ffnet eine Vielzahl von M\u00f6glichkeiten f\u00fcr gro\u00dfe Aufbauten ebenso wie f\u00fcr filigrane, leichte Entwicklungen.<\/p>\n<p><strong>3. M\u00fchelose Personalisierung und Konstruktion\u00a0<\/strong>. Der wahre Zauber unserer Acrylplatten liegt in ihrer unendlichen Anpassungsf\u00e4higkeit. Dieses Material ist ein Traum f\u00fcr Bastler und Do-it-yourself-Liebhaber. Es kann mit Lasern, S\u00e4gen oder Oberfr\u00e4sen in jede erdenkliche Form geschnitten werden - von einfachen, klar umrissenen Kreisen mit einer sch\u00fctzenden Papierunterlage, die Sie f\u00fcr Ihr n\u00e4chstes Projekt verwenden k\u00f6nnen, bis hin zu einfachen, verschachtelten Teilen. Die lebhafte Auswahl an individuell geschnittenen Anh\u00e4ngern auf dem Bild, die alle aus demselben Basisprodukt stammen, zeigt die M\u00f6glichkeit, Chargen von besonderen Dingen wie Schl\u00fcsselanh\u00e4ngern, Artikelanh\u00e4ngern oder attraktiven Anh\u00e4ngern zu erstellen. Unser Acrylglas kann auch durchbohrt werden, ohne dass es zu Rissen kommt, es kann mit Hitze gebogen werden, um St\u00e4nder und Halterungen zu entwickeln, und es kann nahtlos mit speziellen Zementen f\u00fcr solide, unsichtbare Verbindungen verbunden werden. Wir versehen unsere Platten auf beiden Seiten mit einem Sicherheitsfilm, um Kratzer w\u00e4hrend des Versands und der Handhabung zu verhindern. So wird sichergestellt, dass die Platten in ausgezeichnetem Zustand bei Ihnen ankommen und Sie Ihre Magie wirken lassen k\u00f6nnen.<\/p>\n<p><img decoding=\"async\" class=\"size-full wp-image-1486\" src=\"https:\/\/customacrylicproduct.com\/wp-content\/uploads\/2025\/07\/Acrylic-Plastic-Sheets-2.jpg\" alt=\"Acryl-Kunststoffplatten (2)\" width=\"800\" height=\"800\" srcset=\"https:\/\/customacrylicproduct.com\/wp-content\/uploads\/2025\/07\/Acrylic-Plastic-Sheets-2.jpg 800w, https:\/\/customacrylicproduct.com\/wp-content\/uploads\/2025\/07\/Acrylic-Plastic-Sheets-2-300x300.jpg 300w, https:\/\/customacrylicproduct.com\/wp-content\/uploads\/2025\/07\/Acrylic-Plastic-Sheets-2-150x150.jpg 150w, https:\/\/customacrylicproduct.com\/wp-content\/uploads\/2025\/07\/Acrylic-Plastic-Sheets-2-768x768.jpg 768w, https:\/\/customacrylicproduct.com\/wp-content\/uploads\/2025\/07\/Acrylic-Plastic-Sheets-2-600x600.jpg 600w, https:\/\/customacrylicproduct.com\/wp-content\/uploads\/2025\/07\/Acrylic-Plastic-Sheets-2-100x100.jpg 100w\" sizes=\"(max-width: 800px) 100vw, 800px\" \/><\/p>\n<h4 id=\"limitless-applications-a-canvas-for-every-imagination-\">Grenzenlose Anwendungen: Eine Leinwand f\u00fcr jede Fantasie<\/h4>\n<p>Die Anpassungsf\u00e4higkeit unserer ma\u00dfgefertigten klaren Acrylglasplatten zeigt, dass ihre Einsatzm\u00f6glichkeiten nur durch Ihre Kreativit\u00e4t begrenzt sind. Wir erf\u00fcllen eine Vielzahl von Anforderungen, von gro\u00dfen kommerziellen Auftr\u00e4gen bis hin zu einzelnen Platten f\u00fcr einen pers\u00f6nlichen Auftrag.<\/p>\n<p><strong>F\u00fcr Experten und Unternehmen:\u00a0<\/strong>.<\/p>\n<ul>\n<li><strong>Auff\u00e4llige Schilder:\u00a0<\/strong>Produzieren Sie pr\u00e4chtige Innen- und Au\u00dfenbeschriftungen, die witterungsbest\u00e4ndig sind und in der Sonne nicht vergilben. Legen Sie ausgeschnittene Buchstaben auf eine klare Geschichte f\u00fcr eine fortschrittliche, schwebende Wirkung.<\/li>\n<li><strong>Elegante Displays f\u00fcr den Einzelhandel:\u00a0<\/strong>Von einfachen Steigern, die Ihre Produkte anheben, bis hin zu gro\u00dfen, sicheren Vitrinen bietet Acryl ein hochwertiges, unaufdringliches Aussehen, das den Schwerpunkt direkt auf Ihr Produkt legt. Der gew\u00f6lbte Schildhalter auf dem Foto ist das beste Beispiel f\u00fcr ein einfaches, zuverl\u00e4ssiges Point-of-Sale-Display.<\/li>\n<li><strong>Sicherheitsl\u00f6sungen:\u00a0<\/strong>In der heutigen Welt ist Sicherheit der Schl\u00fcssel. Unsere Platten eignen sich am besten f\u00fcr die Herstellung von sanit\u00e4ren Hindernissen, Hustenschutz und Arbeitsplatzabtrennungen, die Schutz bieten, ohne die Sicht oder das Licht zu beeintr\u00e4chtigen.<\/li>\n<li><strong>Architektonische Elemente:\u00a0<\/strong>Nutzen Sie unsere dickeren Platten als sichere und leichte Alternative zu Glas f\u00fcr Balustraden, Oberlichter und attraktive Wandverkleidungen.<\/li>\n<\/ul>\n<p><strong>F\u00fcr Bastler und DIY-Liebhaber:\u00a0<\/strong>.<\/p>\n<ul>\n<li><strong>Individuell gestaltete Geschenke und Kunsthandwerk:\u00a0<\/strong>Die glatte, klare Oberfl\u00e4che eignet sich hervorragend zum Beschriften, Bemalen oder f\u00fcr die Verwendung von Plastik. Gestalten Sie individuelle Hochzeitsanzeigen, Tischnummern, Untersetzer (wie die abgebildeten klaren Scheiben) oder personalisierte Schl\u00fcsselanh\u00e4nger. Die M\u00f6glichkeiten f\u00fcr besondere, handgefertigte Dinge sind wirklich unz\u00e4hlig.<\/li>\n<li><strong>Funktionale Heimdekoration:\u00a0<\/strong>Gestalten Sie Ihre eigenen schwebenden Regale, tauschen Sie das Glas eines zerbrochenen Bilderrahmens aus oder fertigen Sie einen ma\u00dfgeschneiderten Tischplattenschutz f\u00fcr Ihren Ess- oder Couchtisch an. Seine Qualit\u00e4t l\u00e4sst die Eleganz Ihrer M\u00f6bel durchscheinen und sch\u00fctzt sie gleichzeitig vor Flecken und Kratzern.<\/li>\n<li><strong>Bastlerische Projekte:\u00a0<\/strong>Bauen Sie ma\u00dfgeschneiderte Geh\u00e4use f\u00fcr Elektronik, durchsichtige Abdeckungen f\u00fcr Aquarien und Terrarien oder Etuis f\u00fcr Ihre wertvollen Versionen und Antiquit\u00e4ten. Die Verarbeitbarkeit des Produkts macht komplizierte Projekte f\u00fcr den engagierten Bastler realisierbar.<\/li>\n<\/ul>\n<p><img decoding=\"async\" class=\"size-full wp-image-1487\" src=\"https:\/\/customacrylicproduct.com\/wp-content\/uploads\/2025\/07\/Acrylic-Plastic-Sheets-3.jpg\" alt=\"Kunststoffplatten aus Acryl (3)\" width=\"850\" height=\"850\" srcset=\"https:\/\/customacrylicproduct.com\/wp-content\/uploads\/2025\/07\/Acrylic-Plastic-Sheets-3.jpg 850w, https:\/\/customacrylicproduct.com\/wp-content\/uploads\/2025\/07\/Acrylic-Plastic-Sheets-3-300x300.jpg 300w, https:\/\/customacrylicproduct.com\/wp-content\/uploads\/2025\/07\/Acrylic-Plastic-Sheets-3-150x150.jpg 150w, https:\/\/customacrylicproduct.com\/wp-content\/uploads\/2025\/07\/Acrylic-Plastic-Sheets-3-768x768.jpg 768w, https:\/\/customacrylicproduct.com\/wp-content\/uploads\/2025\/07\/Acrylic-Plastic-Sheets-3-600x600.jpg 600w, https:\/\/customacrylicproduct.com\/wp-content\/uploads\/2025\/07\/Acrylic-Plastic-Sheets-3-100x100.jpg 100w\" sizes=\"(max-width: 850px) 100vw, 850px\" \/><\/p>\n<p><strong>F\u00fcr Musiker und Designer:<\/strong><\/p>\n<ul>\n<li><strong>Eine moderne Leinwand:\u00a0<\/strong>Viele zeitgen\u00f6ssische Musiker verwenden klare Acrylplatten als reine Malfl\u00e4che und schaffen so Werke mit unglaublicher Tiefe und Helligkeit. Es ist auch ein ausgezeichnetes Substrat f\u00fcr hochaufl\u00f6senden Digitaldruck.<\/li>\n<li><strong>Fotomontage:\u00a0<\/strong>Erzielen Sie das extrem gefragte \u201cFace-Mount\u201d-Design, indem Sie einen Fotodruck auf die R\u00fcckseite einer veredelten Acrylplatte kleben. Dieser Ansatz verst\u00e4rkt die Farbe, schlie\u00dft die Tiefe ein und bietet eine glatte, rahmenlose Pr\u00e4sentation.<\/li>\n<li><strong>Bildhauerisches Werkzeug:\u00a0<\/strong>Die F\u00e4higkeit, Acryl zu reduzieren, zu schichten und zu verkleben, erm\u00f6glicht die Entwicklung von detaillierten dreidimensionalen Skulpturen und Kunstinstallationen, die mit Licht, Dunkelheit und Offenheit spielen.<\/li>\n<\/ul>\n<h4 id=\"why-select-our-custom-made-acrylic-sheets-\">Warum sollten Sie unsere ma\u00dfgeschneiderten Acrylglasplatten w\u00e4hlen?<\/h4>\n<p>Wenn Sie sich f\u00fcr uns entscheiden, kaufen Sie nicht einfach ein St\u00fcck Kunststoff, sondern eine M\u00f6glichkeit. Wir haben es uns zur Aufgabe gemacht, die besten, optisch klaren, gegossenen Acrylplatten zu liefern, die genau nach Ihren Vorgaben gefertigt werden. Unsere hochmoderne Schneidetechnologie sorgt jedes Mal f\u00fcr saubere, glatte Seiten und Ma\u00dfgenauigkeit. Jede Platte wird sorgf\u00e4ltig gepr\u00fcft und mit intaktem Schutzfilm geliefert, um sicherzustellen, dass sie in bester Verfassung bei Ihnen ankommt. Ganz gleich, ob Sie ein einzelnes kleines St\u00fcck oder eine Massenbestellung komplizierter Formen ben\u00f6tigen, unser Team ist bestrebt, Ihnen eine reibungslose Erfahrung und ein bemerkenswertes Produkt zu bieten, das als idealer Startpunkt f\u00fcr Ihr fantasievolles oder gesch\u00e4ftliches Vorhaben fungiert.<\/p>\n<h4 id=\"bring-your-vision-to-life-\">Erwecken Sie Ihre Vision zum Leben<\/h4>\n<p>Von industriellen Anwendungen bis hin zu individuellen Interessen bieten unsere ma\u00dfgefertigten klaren Acrylglasplatten die Klarheit, Robustheit und Vielseitigkeit, die Sie ben\u00f6tigen. Gehen Sie keine Kompromisse mehr ein und beginnen Sie zu produzieren. Entdecken Sie die unbegrenzten M\u00f6glichkeiten und kaufen Sie noch heute Ihre individuell zugeschnittenen Platten, um Ihre fantastischen Konzepte in greifbare Realit\u00e4t umzusetzen.<\/p>","protected":false},"excerpt":{"rendered":"<p class=\"ng-star-inserted\"><span class=\"ng-star-inserted\">Hochwertige, klare Acrylglasplatten, individuell f\u00fcr Ihr Projekt zugeschnitten. Wir bieten Pr\u00e4zisions-Laserschnitt f\u00fcr jede Form. Erh\u00e4ltlich in kristallklarer, transparenter Ausf\u00fchrung und in einer Vielzahl von leuchtenden Volltonfarben. Perfekt f\u00fcr Displays, Schilder, Rahmen und kreative DIY-Projekte. Langlebiges und vielseitiges PMMA-Material.<\/span><\/p>","protected":false},"featured_media":1485,"template":"","meta":{"_kad_post_transparent":"default","_kad_post_title":"","_kad_post_layout":"default","_kad_post_sidebar_id":"","_kad_post_content_style":"default","_kad_post_vertical_padding":"default","_kad_post_feature":"","_kad_post_feature_position":"","_kad_post_header":false,"_kad_post_footer":false,"_kad_post_classname":""},"product_brand":[],"product_cat":[24],"product_tag":[153],"class_list":{"0":"post-1484","1":"product","2":"type-product","3":"status-publish","4":"has-post-thumbnail","6":"product_cat-custom-acrylic-sheets","7":"product_tag-acrylic-plastic-sheets","9":"first","10":"instock","11":"shipping-taxable","12":"product-type-simple","13":"entry","14":"content-bg","15":"loop-entry"},"_links":{"self":[{"href":"https:\/\/customacrylicproduct.com\/de\/wp-json\/wp\/v2\/product\/1484","targetHints":{"allow":["GET"]}}],"collection":[{"href":"https:\/\/customacrylicproduct.com\/de\/wp-json\/wp\/v2\/product"}],"about":[{"href":"https:\/\/customacrylicproduct.com\/de\/wp-json\/wp\/v2\/types\/product"}],"wp:featuredmedia":[{"embeddable":true,"href":"https:\/\/customacrylicproduct.com\/de\/wp-json\/wp\/v2\/media\/1485"}],"wp:attachment":[{"href":"https:\/\/customacrylicproduct.com\/de\/wp-json\/wp\/v2\/media?parent=1484"}],"wp:term":[{"taxonomy":"product_brand","embeddable":true,"href":"https:\/\/customacrylicproduct.com\/de\/wp-json\/wp\/v2\/product_brand?post=1484"},{"taxonomy":"product_cat","embeddable":true,"href":"https:\/\/customacrylicproduct.com\/de\/wp-json\/wp\/v2\/product_cat?post=1484"},{"taxonomy":"product_tag","embeddable":true,"href":"https:\/\/customacrylicproduct.com\/de\/wp-json\/wp\/v2\/product_tag?post=1484"}],"curies":[{"name":"wp","href":"https:\/\/api.w.org\/{rel}","templated":true}]}}