{"id":1493,"date":"2025-07-21T11:05:43","date_gmt":"2025-07-21T11:05:43","guid":{"rendered":"https:\/\/customacrylicproduct.com\/?post_type=product&#038;p=1493"},"modified":"2025-07-21T11:05:43","modified_gmt":"2025-07-21T11:05:43","slug":"acrylic-desk-ornaments-ornament-quicksand-design-desk-decor","status":"publish","type":"product","link":"https:\/\/customacrylicproduct.com\/de\/acrylic-desk-ornaments-ornament-quicksand-design-desk-decor\/","title":{"rendered":"Acryl Schreibtisch Ornamente Ornament Treibsand Design Schreibtisch Dekor"},"content":{"rendered":"<h3 id=\"transform-your-workspace-presenting-the-polymer-quicksand-desk-accessory\">Verwandeln Sie Ihren Arbeitsbereich: Wir pr\u00e4sentieren das Polymer Quicksand Schreibtischzubeh\u00f6r<\/h3>\n<p>In der Hektik unseres Alltags wird der Schreibtisch oft zu einer Landschaft des Stresses und der Angst - ein Zeugnis von Terminen, Auftr\u00e4gen und dem ununterbrochenen Fluss von Informationen. Es ist ein Ort der Leistung, aber er kann leicht zu einem Ort des Drucks werden. Wie w\u00e4re es, wenn Sie eine kleine Tasche der Ruhe einf\u00fchren k\u00f6nnten, eine Mini-Welt der Ruhe, die direkt an Ihren Fingerspitzen sitzt? Wir stellen Ihnen das fesselnde Acrylic Quicksand Desk Ornament vor, ein aufregendes Designobjekt, das mehr ist als nur ein Briefbeschwerer. Es ist ein \u00e4sthetischer R\u00fcckzugsort, ein Werkzeug f\u00fcr Achtsamkeit und ein Anreiz f\u00fcr Ihre kreative Vorstellungskraft, und das alles eingerahmt in einen attraktiven, kristallklaren Block.<\/p>\n<p><img fetchpriority=\"high\" decoding=\"async\" class=\"size-full wp-image-1495\" src=\"https:\/\/customacrylicproduct.com\/wp-content\/uploads\/2025\/07\/Acrylic-Desk-Ornaments-2.jpg\" alt=\"Acryl-Schreibtisch-Ornamente (2)\" width=\"800\" height=\"800\" srcset=\"https:\/\/customacrylicproduct.com\/wp-content\/uploads\/2025\/07\/Acrylic-Desk-Ornaments-2.jpg 800w, https:\/\/customacrylicproduct.com\/wp-content\/uploads\/2025\/07\/Acrylic-Desk-Ornaments-2-300x300.jpg 300w, https:\/\/customacrylicproduct.com\/wp-content\/uploads\/2025\/07\/Acrylic-Desk-Ornaments-2-150x150.jpg 150w, https:\/\/customacrylicproduct.com\/wp-content\/uploads\/2025\/07\/Acrylic-Desk-Ornaments-2-768x768.jpg 768w, https:\/\/customacrylicproduct.com\/wp-content\/uploads\/2025\/07\/Acrylic-Desk-Ornaments-2-600x600.jpg 600w, https:\/\/customacrylicproduct.com\/wp-content\/uploads\/2025\/07\/Acrylic-Desk-Ornaments-2-100x100.jpg 100w\" sizes=\"(max-width: 800px) 100vw, 800px\" \/><\/p>\n<p><strong>Ein faszinierender Globus im Kleinformat<\/strong><\/p>\n<p>In seinem Kern ist dieses Accessoire ein Wunderwerk der grundlegenden Physik und faszinierenden Virtuosit\u00e4t. Gefertigt aus erstklassigem, langlebigem Polymer, f\u00fchlt sich die transparente, rechteckige Form in Ihren H\u00e4nden signifikant und glatt an, wie ein Block aus starkem, gefangenem Wasser. Die Klarheit des Acryls ist hervorragend und gibt den Blick frei auf die magische Szene, die sich darin befindet. In dieser selbsttragenden Welt findet die wahre Magie statt.<\/p>\n<p>Das Ornament enth\u00e4lt zwei verschiedene, nicht mischbare Fl\u00fcssigkeiten. Die eine ist eine vollkommen klare, dicke Fl\u00fcssigkeit, die langsame, anmutige Bewegungen erm\u00f6glicht, w\u00e4hrend die zweite eine farbige oder perlmuttartige Fl\u00fcssigkeit ist, die als \u201cSumpf\u201d oder \u201cMeereswelle\u201d wirkt. Wenn Sie den Block drehen, verwandeln oder leicht sch\u00fctteln, tanzen diese beiden Fl\u00fcssigkeiten in einem faszinierenden, sich st\u00e4ndig ver\u00e4ndernden Schauspiel miteinander. Die gef\u00e4rbte Fl\u00fcssigkeit zerf\u00e4llt in Blasen und Wellen, die allm\u00e4hlich treiben und sich kaskadenf\u00f6rmig ausbreiten, bevor sie irgendwann wieder zur Ruhe kommen und jedes Mal eine ganz neue, besondere Landschaft entstehen lassen. Es ist ein langsamer, ruhiger und h\u00f6chst erfreulicher Vorgang.<\/p>\n<p>Doch das Ph\u00e4nomen endet nicht mit der Fl\u00fcssigkeit. In dieser lebendigen Umgebung schweben charmante Porzellanfiguren und attraktive Komponenten, die jedem Ornament seinen besonderen Charakter und sein Motiv verleihen.<\/p>\n<ul>\n<li><strong>Der Lebendige B\u00e4r:\u00a0<\/strong>In einer faszinierenden Variante sitzt ein fr\u00f6hlicher gelber B\u00e4r mit einem sympathischen Gesichtsausdruck und einer winzigen roten Schleife geduldig auf einem leuchtend blauen Ozean. Daneben d\u00fcmpelt ein lebendiger, vielschichtiger Schwimmer zart dahin. Kippt man dieses Ornament, gehen der B\u00e4r und sein Schwimmer auf eine launige Reise \u00fcber die wogenden blauen Wellen und wecken das Gef\u00fchl von unbeschwerten Sommertagen und einfachem Gl\u00fcck.<\/li>\n<li><strong>Der gelassene Ozean:\u00a0<\/strong>Ein weiterer Entwurf f\u00e4ngt die ruhige Eleganz der Tiefsee ein. Die untere Schicht ist kein fester Farbton, sondern ein spektakul\u00e4res, marmoriertes T\u00fcrkis, das die wirbelnden Str\u00f6mungen des Meeres imitiert. Wenn diese Fl\u00fcssigkeit aufgew\u00fchlt wird, entstehen beeindruckende Wellen und Strudel, die \u00fcberraschende Preise zum Vorschein bringen. In der klaren Fl\u00fcssigkeit dar\u00fcber befinden sich schillernde Muscheln, glitzernde Perlen, kleine Goldfische und zarte, konfettiartige Bl\u00fcten und Schneeflocken. Es ist, als hielte man ein St\u00fcck einer Traumk\u00fcste in der Hand, ein Depot, das man an einem vergessenen Strand entdeckt hat.<\/li>\n<li><strong>Der eigensinnige Hase:\u00a0<\/strong>F\u00fcr diejenigen, die einen Hauch von s\u00fc\u00dfer Fantasie lieben, ruht eine wei\u00dfe Hasenfigur mit leuchtenden Wangen friedlich auf einer wirbelnden, milchig-wei\u00dfen Welle, die mit umweltfreundlichen und blauen Spitzen akzentuiert ist. Diese Variante ist voll von glitzerndem Glanz und opalisierenden Reizen, die das Licht einfangen wie bezaubernder Schmutz. Das Kaninchen scheint der ruhige W\u00e4chter seiner perlmuttartigen Welt zu sein und sorgt f\u00fcr eine Minute friedlicher Fantasie inmitten eines hektischen Tages.<\/li>\n<\/ul>\n<p><img decoding=\"async\" class=\"size-full wp-image-1494\" src=\"https:\/\/customacrylicproduct.com\/wp-content\/uploads\/2025\/07\/Acrylic-Desk-Ornaments-1.jpg\" alt=\"Acryl-Schreibtisch-Ornamente (1)\" width=\"800\" height=\"800\" srcset=\"https:\/\/customacrylicproduct.com\/wp-content\/uploads\/2025\/07\/Acrylic-Desk-Ornaments-1.jpg 800w, https:\/\/customacrylicproduct.com\/wp-content\/uploads\/2025\/07\/Acrylic-Desk-Ornaments-1-300x300.jpg 300w, https:\/\/customacrylicproduct.com\/wp-content\/uploads\/2025\/07\/Acrylic-Desk-Ornaments-1-150x150.jpg 150w, https:\/\/customacrylicproduct.com\/wp-content\/uploads\/2025\/07\/Acrylic-Desk-Ornaments-1-768x768.jpg 768w, https:\/\/customacrylicproduct.com\/wp-content\/uploads\/2025\/07\/Acrylic-Desk-Ornaments-1-600x600.jpg 600w, https:\/\/customacrylicproduct.com\/wp-content\/uploads\/2025\/07\/Acrylic-Desk-Ornaments-1-100x100.jpg 100w\" sizes=\"(max-width: 800px) 100vw, 800px\" \/><\/p>\n<p><strong>Mehr als nur ein Ornament: Ein Werkzeug f\u00fcr das Wohlbefinden<\/strong><\/p>\n<p>In einer Welt, die st\u00e4ndig unsere Aufmerksamkeit beansprucht, l\u00e4dt das Ornament \"Quicksand Workdesk\" aus Acryl dazu ein, das Gegenteil zu tun: innezuhalten, zu atmen und einfach nur zu schauen. Es ist nicht nur ein dekorativer Gegenstand, sondern auch ein wirksames Mittel zum Abbau von \u00c4ngsten und zur F\u00f6rderung der Achtsamkeit.<\/p>\n<p>Die langsame, vorhersehbare, aber sich st\u00e4ndig ver\u00e4ndernde Bewegung der Fl\u00fcssigkeit und ihres Inhalts ist sehr entspannend. Es hat etwas Meditatives, vergleichbar mit dem Betrachten eines Aquariums, einer Lavalampe oder einer flackernden Kerze. Wenn Sie sich \u00fcberfordert f\u00fchlen oder mit einem Problem nicht weiterkommen, k\u00f6nnen Sie sich einen Moment Zeit nehmen, um das Zubeh\u00f6r umzudrehen und zu sehen, wie sich die Szene neu einstellt, um Ihre Gedanken zu ordnen. Es wirkt wie ein leichter Anker im Hier und Jetzt, der Ihre Aufmerksamkeit von nerv\u00f6sen Gedanken ablenkt und Sie in einer einfachen, wundersch\u00f6nen sensorischen Erfahrung erdet. Diese \u201cMikropause\u201d kann Ihre Herzfrequenz senken, Stress abbauen und Sie in die Lage versetzen, mit einer erfrischten Sichtweise an Ihre Arbeit zur\u00fcckzukehren.<\/p>\n<p>Dar\u00fcber hinaus kann sie ein bemerkenswerter Motor f\u00fcr kreatives Denken sein. Wenn Sie mit einer Denkblockade konfrontiert sind, kann eine Minute stiller, lebhafter St\u00f6rung genau das sein, was Ihr Gehirn braucht, um neue Verbindungen herzustellen. W\u00e4hrend Sie die kleinen Figuren treiben und den Glanz wirbeln sehen, lassen Sie Ihre Gedanken schweifen und tr\u00e4umen. In diesem Zustand des ungetr\u00fcbten Interesses entstehen oft die innovativsten Konzepte. Es ist ein kreativer Reset-Schalter, ein winziges Objekt, das helfen kann, gro\u00dfe Ideen freizusetzen.<\/p>\n<p><img decoding=\"async\" class=\"size-full wp-image-1497\" src=\"https:\/\/customacrylicproduct.com\/wp-content\/uploads\/2025\/07\/Acrylic-Desk-Ornaments-4.jpg\" alt=\"Acryl-Schreibtisch-Ornamente (4)\" width=\"800\" height=\"800\" srcset=\"https:\/\/customacrylicproduct.com\/wp-content\/uploads\/2025\/07\/Acrylic-Desk-Ornaments-4.jpg 800w, https:\/\/customacrylicproduct.com\/wp-content\/uploads\/2025\/07\/Acrylic-Desk-Ornaments-4-300x300.jpg 300w, https:\/\/customacrylicproduct.com\/wp-content\/uploads\/2025\/07\/Acrylic-Desk-Ornaments-4-150x150.jpg 150w, https:\/\/customacrylicproduct.com\/wp-content\/uploads\/2025\/07\/Acrylic-Desk-Ornaments-4-768x768.jpg 768w, https:\/\/customacrylicproduct.com\/wp-content\/uploads\/2025\/07\/Acrylic-Desk-Ornaments-4-600x600.jpg 600w, https:\/\/customacrylicproduct.com\/wp-content\/uploads\/2025\/07\/Acrylic-Desk-Ornaments-4-100x100.jpg 100w\" sizes=\"(max-width: 800px) 100vw, 800px\" \/><\/p>\n<p><strong>Der perfekte Akzent f\u00fcr jeden Raum<\/strong><\/p>\n<p>Mit seinen klaren Linien und seinem fesselnden Inneren ist dieses Schreibtischornament ein vielseitiges St\u00fcck, das zu jedem Designstil passt. In einem minimalistischen B\u00fcro sorgt es f\u00fcr einen einsamen Farbklecks und lebendige Leidenschaft, ohne Unordnung zu schaffen. In einem eklektischeren oder innovativeren Raum tr\u00e4gt es zu der Sammlung pers\u00f6nlicher Sch\u00e4tze bei, die ein B\u00fcro zu einem ganz eigenen Ort machen.<\/p>\n<p>Stellen Sie es auf den Schreibtisch Ihres Arbeitsplatzes, auf den Recherchetisch zu Hause oder sogar auf den Nachttisch, um sich f\u00fcr den Tag zu entspannen. Es ist eine wunderbare Bereicherung f\u00fcr eine Unterrichtsstunde, da es als stilles \u201cBeruhigungsmittel\u201d f\u00fcr Auszubildende dient, die eine Minute brauchen, um sich zu sammeln. Es kann auch einen Empfangsarbeitsplatz oder einen Wartebereich versch\u00f6nern, indem es den Besuchern der Website eine angenehme und faszinierende Herausforderung bietet.<\/p>\n<p><strong>Ein durchdachtes und einzigartiges Geschenk<\/strong><\/p>\n<p>F\u00e4llt es Ihnen schwer, das ideale Geschenk f\u00fcr einen Kollegen, Studenten, Ausbilder oder engen Freund zu finden? Das Mire Ornament aus Acryl ist eine attraktive und durchdachte Wahl. Es erfordert keine Batterien, keine Konfiguration und keine Wartung - seine Sch\u00f6nheit ist schnell und dauerhaft. Es ist ein Geschenk, das immer wieder Freude bereitet und zahlreiche Momente der Ruhe und des Vergn\u00fcgens bietet. Es ist ideal f\u00fcr ein neues Arbeitsereignis, eine Geburtstagsfeier, eine Urlaubsausstattung oder einfach nur als eine Geste, um einer Person zu zeigen, dass Sie sich um ihr Wohlbefinden sorgen. Jeder Stil bietet eine andere Pers\u00f6nlichkeit, so dass Sie einen ausw\u00e4hlen k\u00f6nnen, der perfekt zum Empf\u00e4nger passt.<\/p>\n<p>Zusammenfassend l\u00e4sst sich sagen, dass das Acrylic Quicksand Workdesk Ornament weit mehr ist als das, was es zu sein scheint. Es ist ein Kunstwerk, ein Hilfsmittel zum Stressabbau, eine Betonungshilfe und eine Quelle unbegrenzter Faszination. Es ist eine Erinnerung daran, den Reiz der kleinen Dinge zu entdecken und sich eine Minute Zeit f\u00fcr sich selbst zu nehmen. Bringen Sie diese kleine Wunderkugel auf Ihren Schreibtisch und beobachten Sie, wie sie Ihren Raum und Ihren Gem\u00fctszustand ver\u00e4ndert, eine sanfte Welle nach der anderen.<\/p>","protected":false},"excerpt":{"rendered":"<p class=\"ng-star-inserted\"><span class=\"ng-star-inserted\">Bringen Sie mit diesem charmanten Treibsand-Ornament aus Acryl einen Hauch von Spa\u00df auf Ihren Schreibtisch. Beobachten Sie, wie niedliche Figuren in der beruhigenden Fl\u00fcssigkeit schwimmen und treiben. Diese fesselnde Schreibtischdekoration bietet eine entspannende visuelle Flucht, perfekt um Stress abzubauen und den Tag aufzuhellen. Ein entz\u00fcckendes Geschenk f\u00fcr jede Gelegenheit<\/span><\/p>","protected":false},"featured_media":1494,"template":"","meta":{"_kad_post_transparent":"default","_kad_post_title":"","_kad_post_layout":"default","_kad_post_sidebar_id":"","_kad_post_content_style":"default","_kad_post_vertical_padding":"default","_kad_post_feature":"","_kad_post_feature_position":"","_kad_post_header":false,"_kad_post_footer":false,"_kad_post_classname":""},"product_brand":[],"product_cat":[20],"product_tag":[129],"class_list":{"0":"post-1493","1":"product","2":"type-product","3":"status-publish","4":"has-post-thumbnail","6":"product_cat-custom-acrylic-crafts","7":"product_tag-acrylic-crafts","9":"first","10":"instock","11":"shipping-taxable","12":"product-type-simple","13":"entry","14":"content-bg","15":"loop-entry"},"_links":{"self":[{"href":"https:\/\/customacrylicproduct.com\/de\/wp-json\/wp\/v2\/product\/1493","targetHints":{"allow":["GET"]}}],"collection":[{"href":"https:\/\/customacrylicproduct.com\/de\/wp-json\/wp\/v2\/product"}],"about":[{"href":"https:\/\/customacrylicproduct.com\/de\/wp-json\/wp\/v2\/types\/product"}],"wp:featuredmedia":[{"embeddable":true,"href":"https:\/\/customacrylicproduct.com\/de\/wp-json\/wp\/v2\/media\/1494"}],"wp:attachment":[{"href":"https:\/\/customacrylicproduct.com\/de\/wp-json\/wp\/v2\/media?parent=1493"}],"wp:term":[{"taxonomy":"product_brand","embeddable":true,"href":"https:\/\/customacrylicproduct.com\/de\/wp-json\/wp\/v2\/product_brand?post=1493"},{"taxonomy":"product_cat","embeddable":true,"href":"https:\/\/customacrylicproduct.com\/de\/wp-json\/wp\/v2\/product_cat?post=1493"},{"taxonomy":"product_tag","embeddable":true,"href":"https:\/\/customacrylicproduct.com\/de\/wp-json\/wp\/v2\/product_tag?post=1493"}],"curies":[{"name":"wp","href":"https:\/\/api.w.org\/{rel}","templated":true}]}}