{"id":1498,"date":"2025-07-22T01:14:31","date_gmt":"2025-07-22T01:14:31","guid":{"rendered":"https:\/\/customacrylicproduct.com\/?post_type=product&#038;p=1498"},"modified":"2025-07-22T01:14:31","modified_gmt":"2025-07-22T01:14:31","slug":"clear-custom-acrylic-key-holder-acrylic-key-holder","status":"publish","type":"product","link":"https:\/\/customacrylicproduct.com\/de\/clear-custom-acrylic-key-holder-acrylic-key-holder\/","title":{"rendered":"Clear Custom Acryl Schl\u00fcsselhalter Acryl Schl\u00fcsselhalter"},"content":{"rendered":"<h3 id=\"-release-your-imagination-the-ultimate-guide-to-personalized-polymer-trick-holders-\"><strong>Lassen Sie Ihrer Fantasie freien Lauf: Der ultimative Leitfaden f\u00fcr personalisierte Polymer-Trickhalter<\/strong><\/h3>\n<p>In einer Welt der Massenware hebt sich die Kraft der Personalisierung deutlich ab. Es ist die F\u00e4higkeit, ein fl\u00fcchtiges Konzept, einen gesch\u00e4tzten Charakter oder die Identit\u00e4t einer Marke zu nehmen und es in ein substantielles, erstklassiges Ding zu verwandeln, das man halten, benutzen und teilen kann. Wir stellen Ihnen unsere kostenfreien, personalisierten Acryl-Trickhalter vor - die perfekte Leinwand f\u00fcr Ihre Fantasie. Mehr als nur ein einfaches Ger\u00e4t, diese wesentlichen Besitzer sind Mini-Kunstwerke, robuste Werbe-Tools und echte Symbole der Zuneigung, die alle nach Ihren genauen Spezifikationen gefertigt werden.<\/p>\n<p>Wie die verschiedenen Beispiele zeigen - vom liebenswerten, mehrteiligen\u00a0<em>Chiikawa\u00a0<\/em>setzt auf die kultige\u00a0<em>Doraemon\u00a0<\/em>und\u00a0<em>Hallo, Katze\u00a0<\/em>Sch\u00f6nheiten, die lebendige\u00a0<em>Haikyuu!\u00a0<\/em>Anime-Waren, und die stilvollen\u00a0<em>Investigativer Conan\u00a0<\/em>Designs - die M\u00f6glichkeiten sind praktisch grenzenlos. Sehen wir uns an, wie Sie Ihre Visionen mit unseren ma\u00dfgeschneiderten Acryl-Essenzhaltern zum Leben erwecken k\u00f6nnen.<\/p>\n<p><img fetchpriority=\"high\" decoding=\"async\" class=\"size-full wp-image-1501\" src=\"https:\/\/customacrylicproduct.com\/wp-content\/uploads\/2025\/07\/Custom-Acrylic-Key-Holder-3.jpg\" alt=\"Schl\u00fcsselanh\u00e4nger aus Acryl (3)\" width=\"1000\" height=\"1000\" srcset=\"https:\/\/customacrylicproduct.com\/wp-content\/uploads\/2025\/07\/Custom-Acrylic-Key-Holder-3.jpg 1000w, https:\/\/customacrylicproduct.com\/wp-content\/uploads\/2025\/07\/Custom-Acrylic-Key-Holder-3-300x300.jpg 300w, https:\/\/customacrylicproduct.com\/wp-content\/uploads\/2025\/07\/Custom-Acrylic-Key-Holder-3-150x150.jpg 150w, https:\/\/customacrylicproduct.com\/wp-content\/uploads\/2025\/07\/Custom-Acrylic-Key-Holder-3-768x768.jpg 768w, https:\/\/customacrylicproduct.com\/wp-content\/uploads\/2025\/07\/Custom-Acrylic-Key-Holder-3-600x600.jpg 600w, https:\/\/customacrylicproduct.com\/wp-content\/uploads\/2025\/07\/Custom-Acrylic-Key-Holder-3-100x100.jpg 100w\" sizes=\"(max-width: 1000px) 100vw, 1000px\" \/><\/p>\n<h4 id=\"-the-core-of-quality-crystal-clear-sturdy-polymer-\"><strong>Der Kern der Qualit\u00e4t: Kristallklares, robustes Polymer<\/strong><\/h4>\n<p>Die Grundlage eines jeden hervorragenden Schl\u00fcsselanh\u00e4ngers ist das Produkt selbst. Wir verwenden hochwertiges, transparentes Acryl, das ein perfektes Gleichgewicht zwischen Widerstandsf\u00e4higkeit und optischer Attraktivit\u00e4t bietet.<\/p>\n<ul>\n<li><strong>Klarheit und Lebendigkeit:\u00a0<\/strong>Unser Acrylglas ist kristallklar und l\u00e4sst die wahren Farben Ihres Kunstwerks mit ph\u00e4nomenalem Glanz durchschimmern. Im Gegensatz zu preiswerteren Kunststoffen vergilbt es nicht allm\u00e4hlich, so dass Ihr Design immer noch so schillernd ist wie am Tag des Drucks.<\/li>\n<li><strong>Leicht und stark:\u00a0<\/strong>Trotz seiner robusten, kratzfesten Beschaffenheit ist Acryl bemerkenswert leicht. Daher eignet es sich f\u00fcr Schl\u00fcsselanh\u00e4nger, die nicht auf Ihrem Rucksack oder Ihrer Handtasche lasten, aber dennoch den allt\u00e4glichen St\u00f6\u00dfen und Kratzern des Lebens unterwegs standhalten.<\/li>\n<li><strong>Pr\u00e4zises Stanzen:\u00a0<\/strong>Ihr Layout muss nicht auf ein einfaches Quadrat oder einen Kreis beschr\u00e4nkt sein. Mithilfe der fortschrittlichen Laserschneidetechnik k\u00f6nnen wir das Acrylglas so zuschneiden, dass es genau der Form Ihres Kunstwerks entspricht. Egal, ob es sich um die ausgefeilte Form einer Figur wie\u00a0<em>Doraemon\u00a0<\/em>oder eine personalisierte Form, die zu Ihrem Markenlogo passt, ist das Ergebnis eine saubere, spezialisierte Beschichtung, die Ihren Stil zur Geltung bringt.<\/li>\n<\/ul>\n<p><img decoding=\"async\" class=\"size-full wp-image-1502\" src=\"https:\/\/customacrylicproduct.com\/wp-content\/uploads\/2025\/07\/Custom-Acrylic-Key-Holder-4.jpg\" alt=\"Schl\u00fcsselanh\u00e4nger aus Acryl (4)\" width=\"800\" height=\"800\" srcset=\"https:\/\/customacrylicproduct.com\/wp-content\/uploads\/2025\/07\/Custom-Acrylic-Key-Holder-4.jpg 800w, https:\/\/customacrylicproduct.com\/wp-content\/uploads\/2025\/07\/Custom-Acrylic-Key-Holder-4-300x300.jpg 300w, https:\/\/customacrylicproduct.com\/wp-content\/uploads\/2025\/07\/Custom-Acrylic-Key-Holder-4-150x150.jpg 150w, https:\/\/customacrylicproduct.com\/wp-content\/uploads\/2025\/07\/Custom-Acrylic-Key-Holder-4-768x768.jpg 768w, https:\/\/customacrylicproduct.com\/wp-content\/uploads\/2025\/07\/Custom-Acrylic-Key-Holder-4-600x600.jpg 600w, https:\/\/customacrylicproduct.com\/wp-content\/uploads\/2025\/07\/Custom-Acrylic-Key-Holder-4-100x100.jpg 100w\" sizes=\"(max-width: 800px) 100vw, 800px\" \/><\/p>\n<h4 id=\"-your-layout-your-tale-unmatched-modification-\"><strong>Ihr Layout, Ihre Geschichte: Un\u00fcbertroffene Modifikation<\/strong><\/h4>\n<p>Hier steht Ihre Fantasie im Mittelpunkt. Unser hochmodernes UV-Druckverfahren verbindet die Tinte dauerhaft mit dem Acryl, was zu einem Stil f\u00fchrt, der wasserfest, lichtecht und unglaublich gut beschrieben ist.<\/p>\n<ul>\n<li><strong>Einseitiger vs. beidseitiger Druck:\u00a0<\/strong>Entscheiden Sie sich f\u00fcr eine einseitige Gestaltung, um ein klassisches Erscheinungsbild zu erhalten, oder w\u00e4hlen Sie den beidseitigen Druck. Sie k\u00f6nnen das gleiche Layout auf beiden Seiten verwenden oder eine einzigartige Vorder- und R\u00fcckseite mit verschiedenen Bildern, Ausdr\u00fccken oder Botschaften gestalten.<\/li>\n<li><strong>Schutz durch doppelte Bretter:\u00a0<\/strong>F\u00fcr maximale Widerstandsf\u00e4higkeit empfehlen wir unsere Doppelplatten- (oder \u201cSandwich\u201d-) Konstruktion. Ihr Kunstwerk wird auf die R\u00fcckseite der vorderen Acrylplatte gedruckt und anschlie\u00dfend mit einer zweiten Acrylplatte befestigt. Auf diese Weise wird das Layout eingekapselt und kann weder von der Vorder- noch von der R\u00fcckseite zerkratzt oder abgetragen werden.<\/li>\n<li><strong>Spezielle Beschichtungen f\u00fcr einen \u201cWow\u201d-Aspekt:\u00a0<\/strong>Erh\u00f6hen Sie Ihren Stil \u00fcber den Standard hinaus mit unserer Auswahl an speziellen Oberfl\u00e4chen.<\/li>\n<li><strong>Gl\u00e4nzendes Polymer:\u00a0<\/strong>Wie in dem pr\u00e4chtigen Rosa zu sehen\u00a0<em>Ermittler Conan\u00a0<\/em>Durch das Einbetten von Glitter in das Acrylglas entsteht ein bezaubernder, attraktiver Schimmer, der sich mit dem Licht ver\u00e4ndert.<\/li>\n<li><strong>Holografisches Ergebnis:\u00a0<\/strong>Erzeugen Sie einen aufregenden Regenbogenglanz, der sich bewegt und schimmert, wenn der Schl\u00fcsselbund Schritte macht. Dies ist am besten f\u00fcr Traum, Sci-Fi, oder jeder Stil, der einen zus\u00e4tzlichen Hauch von Magie braucht.<\/li>\n<li><strong>Epoxid-Kuppel:\u00a0<\/strong>F\u00fcgen Sie eine glatte, abgerundete und gl\u00e4nzende Epoxidharzschicht \u00fcber Ihr Design. Dies wertet nicht nur die Farben auf und sorgt f\u00fcr eine angenehme Haptik, sondern bietet auch eine zus\u00e4tzliche Schutzschicht.<\/li>\n<li><strong>Farbverlauf &amp; Transluzente Farben:\u00a0<\/strong>Wie in der\u00a0<em>Haikyuu!!\u00a0<\/em>Schl\u00fcsselanh\u00e4nger k\u00f6nnen wir sch\u00f6ne Farbverl\u00e4ufe entwickeln oder transparente Farben verwenden, um Ihrem Stil Tiefe und eine einzigartige, moderne \u00c4sthetik zu verleihen.<\/li>\n<\/ul>\n<p><img decoding=\"async\" class=\"size-full wp-image-1499\" src=\"https:\/\/customacrylicproduct.com\/wp-content\/uploads\/2025\/07\/Custom-Acrylic-Key-Holder-1.jpg\" alt=\"Schl\u00fcsselanh\u00e4nger aus Acryl (1)\" width=\"800\" height=\"800\" srcset=\"https:\/\/customacrylicproduct.com\/wp-content\/uploads\/2025\/07\/Custom-Acrylic-Key-Holder-1.jpg 800w, https:\/\/customacrylicproduct.com\/wp-content\/uploads\/2025\/07\/Custom-Acrylic-Key-Holder-1-300x300.jpg 300w, https:\/\/customacrylicproduct.com\/wp-content\/uploads\/2025\/07\/Custom-Acrylic-Key-Holder-1-150x150.jpg 150w, https:\/\/customacrylicproduct.com\/wp-content\/uploads\/2025\/07\/Custom-Acrylic-Key-Holder-1-768x768.jpg 768w, https:\/\/customacrylicproduct.com\/wp-content\/uploads\/2025\/07\/Custom-Acrylic-Key-Holder-1-600x600.jpg 600w, https:\/\/customacrylicproduct.com\/wp-content\/uploads\/2025\/07\/Custom-Acrylic-Key-Holder-1-100x100.jpg 100w\" sizes=\"(max-width: 800px) 100vw, 800px\" \/><\/p>\n<h4 id=\"-the-perfect-attachment-a-world-of-hardware-options-\"><strong>Die perfekte Halterung: Eine Welt von Hardware-Optionen<\/strong><\/h4>\n<p>Ein Schl\u00fcsselbund ist ohne seine Ausstattung unzureichend. Wir bieten eine gro\u00dfe Auswahl an Zubeh\u00f6r, das zu Stil, Funktion und Qualit\u00e4t Ihrer Anlage passt.<\/p>\n<ul>\n<li><strong>Klassische Schl\u00fcsselanh\u00e4nger:\u00a0<\/strong>Der zeitlose silberne oder vergoldete Spaltring ist eine robuste und bew\u00e4hrte Wahl f\u00fcr jede Sammlung von Geheimnissen.<\/li>\n<li><strong>Trendy Clasps:\u00a0<\/strong>Entscheiden Sie sich f\u00fcr attraktivere und n\u00fctzlichere Verschl\u00fcsse wie Karabinerhaken, sternf\u00f6rmige Verschl\u00fcsse oder herzf\u00f6rmige Verschl\u00fcsse. Damit k\u00f6nnen Sie Ihre Sch\u00f6nheit ganz einfach an Rei\u00dfverschl\u00fcssen, Taschenschl\u00f6ssern und Planern befestigen. Die lebendigen Kunststoffverschl\u00fcsse der\u00a0<em>Chiikawa\u00a0<\/em>Schl\u00fcsselanh\u00e4nger sind ein perfektes Beispiel f\u00fcr die Anpassung der Hardware an die \u00c4sthetik des Layouts.<\/li>\n<li><strong>Ma\u00dfgeschneiderte &amp; n\u00fctzliche Ausr\u00fcstung:\u00a0<\/strong>Bringen Sie Ihren Stil mit individuellen Beschl\u00e4gen auf die n\u00e4chste Stufe. Die\u00a0<em>Haikyuu!\u00a0<\/em>Schl\u00fcsselanh\u00e4nger enth\u00e4lt einen individuell gestalteten und bekannten Karabiner, der ein einfaches Accessoire in ein n\u00fctzliches und zugleich begehrtes Sammelobjekt verwandelt.<\/li>\n<li><strong>Multi-Charm-Baugruppen:\u00a0<\/strong>Warum sollten Sie sich mit einem einzigen Anh\u00e4nger zufrieden geben, wenn Sie ein ganzes Set haben k\u00f6nnen? Wir k\u00f6nnen mehrere kleinere Sch\u00f6nheiten auf einem einzigen Element der Hardware zusammenf\u00fcgen und so ein lebendiges und klimperndes Ger\u00e4t wie das\u00a0<em>Chiikawa\u00a0<\/em>und\u00a0<em>Detektiv Conan\u00a0<\/em>Instanzen. F\u00fcgen Sie eine kleine Glocke f\u00fcr einen besonderen Reiz oder ein zweites Acrylteil mit einem Namen oder Logo hinzu.<\/li>\n<\/ul>\n<h4 id=\"-applications-from-enthusiasm-projects-to-expert-promotions-\"><strong>Anwendungen: Von Enthusiasmus-Projekten bis zur Expertenf\u00f6rderung<\/strong><\/h4>\n<p>Unsere ma\u00dfgeschneiderten Acryl-Entscheidungstr\u00e4ger sind \u00e4u\u00dferst flexibel und bieten eine gro\u00dfe Auswahl an Zielen.<\/p>\n<ul>\n<li><strong>F\u00fcr K\u00fcnstler und Macher:\u00a0<\/strong>Verwandeln Sie Ihre elektronischen Bilder in profitable Waren. Sie sind ein Grundnahrungsmittel f\u00fcr jede Art von Musikertisch auf Kongressen und eignen sich hervorragend f\u00fcr das Angebot auf Etsy, Shopify oder Ihrem pers\u00f6nlichen Online-Shop.<\/li>\n<li><strong>F\u00fcr Unternehmen und Markennamen:\u00a0<\/strong>Erstellen Sie bemerkenswerte Werbeprodukte, die die Menschen wirklich benutzen werden. Verschenken Sie sie auf Messen, legen Sie sie als Geschenk beim Kauf bei oder bieten Sie sie als Teil der Produktlinie Ihrer Marke an.<\/li>\n<li><strong>F\u00fcr Fannachbarschaften und Vereine:\u00a0<\/strong>Entwerfen Sie Schl\u00fcsselanh\u00e4nger f\u00fcr Ihren Anime-Club, Ihr Sportteam oder Ihre Online-Nachbarschaft. Sie sind ein fantastisches Mittel, um die gemeinsame Begeisterung zur Schau zu stellen und ein Gef\u00fchl der Zugeh\u00f6rigkeit zu erzeugen.<\/li>\n<li><strong>F\u00fcr Einzelgeschenke und Veranstaltungen:\u00a0<\/strong>Erinnern Sie sich an ein einzigartiges Fest wie eine Hochzeit, einen Schulabschluss oder einen Geburtstag mit einem individuellen Schl\u00fcsselanh\u00e4nger. Sie sind ein unverwechselbares, individuelles und nachhaltiges Geschenk f\u00fcr eine Feier.<\/li>\n<\/ul>\n<h4 id=\"-retail-ready-packaging-\"><strong>Einzelhandelsgerechte Verpackung<\/strong><\/h4>\n<p>Fragen der Pr\u00e4sentation. Um Ihren wichtigen Tr\u00e4gern eine professionelle, verkaufsfertige Oberfl\u00e4che zu geben, bieten wir personalisierte Produktverpackungen an. Wie bei der\u00a0<em>Chiikawa\u00a0<\/em>Schl\u00fcsselanh\u00e4nger, besteht diese aus einem individuell bedruckten Karton Backer-Karte, die Ihre Branding, Pers\u00f6nlichkeit Kunst-Funktion kann, und soziale Netzwerke k\u00fcmmert, die alle ordentlich in einem klaren Polybeutel eingeschlossen.<\/p>\n<p>Von einer einzelnen, stilvollen Sch\u00f6nheit bis hin zu einer komplexen Ansammlung gl\u00e4nzender, facettenreicher Elemente bieten unsere ma\u00dfgefertigten Acryl-Essenzhalter das h\u00f6chste System f\u00fcr den Ausdruck. Wir verwenden hochwertige Materialien, sorgf\u00e4ltige Fertigung und eine Vielzahl von Personalisierungsm\u00f6glichkeiten, um sicherzustellen, dass Ihre Vision perfekt umgesetzt wird.\u00a0<strong>Beginnen Sie noch heute mit der Erstellung und verwandeln Sie Ihre Konzepte in Ger\u00e4te, die die Menschen sicherlich gerne \u00fcberallhin mitnehmen werden.\u00a0<\/strong>.<\/p>","protected":false},"excerpt":{"rendered":"<p class=\"ng-star-inserted\"><span class=\"ng-star-inserted\">Erstellen Sie Ihre eigenen Schl\u00fcsselanh\u00e4nger aus Acryl! Hergestellt aus haltbarem, klarem Acryl mit lebendigem, hochwertigem Druck. Perfekt f\u00fcr die Personalisierung von Schl\u00fcsseln, Taschen oder die Gestaltung einzigartiger Artikel. Es sind verschiedene Formen, Gr\u00f6\u00dfen und Beschl\u00e4ge erh\u00e4ltlich, um Ihre Designs zum Leben zu erwecken.<\/span><\/p>","protected":false},"featured_media":1502,"template":"","meta":{"_kad_post_transparent":"default","_kad_post_title":"","_kad_post_layout":"default","_kad_post_sidebar_id":"","_kad_post_content_style":"default","_kad_post_vertical_padding":"default","_kad_post_feature":"","_kad_post_feature_position":"","_kad_post_header":false,"_kad_post_footer":false,"_kad_post_classname":""},"product_brand":[],"product_cat":[20],"product_tag":[65],"class_list":{"0":"post-1498","1":"product","2":"type-product","3":"status-publish","4":"has-post-thumbnail","6":"product_cat-custom-acrylic-crafts","7":"product_tag-custom-acrylic-crafts","9":"first","10":"instock","11":"shipping-taxable","12":"product-type-simple","13":"entry","14":"content-bg","15":"loop-entry"},"_links":{"self":[{"href":"https:\/\/customacrylicproduct.com\/de\/wp-json\/wp\/v2\/product\/1498","targetHints":{"allow":["GET"]}}],"collection":[{"href":"https:\/\/customacrylicproduct.com\/de\/wp-json\/wp\/v2\/product"}],"about":[{"href":"https:\/\/customacrylicproduct.com\/de\/wp-json\/wp\/v2\/types\/product"}],"wp:featuredmedia":[{"embeddable":true,"href":"https:\/\/customacrylicproduct.com\/de\/wp-json\/wp\/v2\/media\/1502"}],"wp:attachment":[{"href":"https:\/\/customacrylicproduct.com\/de\/wp-json\/wp\/v2\/media?parent=1498"}],"wp:term":[{"taxonomy":"product_brand","embeddable":true,"href":"https:\/\/customacrylicproduct.com\/de\/wp-json\/wp\/v2\/product_brand?post=1498"},{"taxonomy":"product_cat","embeddable":true,"href":"https:\/\/customacrylicproduct.com\/de\/wp-json\/wp\/v2\/product_cat?post=1498"},{"taxonomy":"product_tag","embeddable":true,"href":"https:\/\/customacrylicproduct.com\/de\/wp-json\/wp\/v2\/product_tag?post=1498"}],"curies":[{"name":"wp","href":"https:\/\/api.w.org\/{rel}","templated":true}]}}