{"id":1510,"date":"2025-07-22T01:39:13","date_gmt":"2025-07-22T01:39:13","guid":{"rendered":"https:\/\/customacrylicproduct.com\/?post_type=product&#038;p=1510"},"modified":"2025-07-22T01:39:13","modified_gmt":"2025-07-22T01:39:13","slug":"acrylic-wedding-place-cards-acrylic-table-number-sign","status":"publish","type":"product","link":"https:\/\/customacrylicproduct.com\/de\/acrylic-wedding-place-cards-acrylic-table-number-sign\/","title":{"rendered":"Acryl Hochzeit Tischkarten Acryl Tischnummer Zeichen"},"content":{"rendered":"<h3 id=\"elevate-your-occasion-with-classic-beauty-introducing-our-premium-polymer-hexagon-signs\">Erh\u00f6hen Sie Ihren Anlass mit klassischer Sch\u00f6nheit: Unsere Premium-Polymer-Sechseckschilder stellen sich vor<\/h3>\n<p>In der Kunst der Veranstaltungsplanung sind es genau die Details, die eine attraktive Veranstaltung in ein unvergessliches Erlebnis verwandeln. Es ist der raffinierte Hauch von Eleganz in der Dekoration, die pers\u00f6nliche Note, die jedem Gast das Gef\u00fchl gibt, gesehen zu werden, und der nat\u00fcrliche Stil, der mit jedem Element flie\u00dft. Wir laden Sie ein, das beste Accessoire f\u00fcr den modernen Gastgeber, die Koordinatorin und die Braut zu finden: unsere eleganten\u00a0<strong>Sechseckige Karten und Tischnummernanzeigen aus klarem Acrylglas\u00a0<\/strong>.<\/p>\n<p>Diese funktionalen Sechsecke aus Acryl sind mehr als nur n\u00fctzliche Gegenst\u00e4nde - sie sind eine Leinwand f\u00fcr Ihre Fantasie und ein Grundstein f\u00fcr eine beeindruckende Tischdekoration - und wurden f\u00fcr Menschen mit einem kritischen Auge f\u00fcr modernes Layout und zeitlose Eleganz geschaffen. Stellen Sie sich vor, wie Ihre G\u00e4ste hier ankommen und ihre Namen in kristallklarer Sch\u00f6nheit schweben sehen, oder wie sie zu ihren Tischen gehen, begleitet von eleganten, minimalistischen Zahlen, die Ihre sch\u00f6nen Tafelaufs\u00e4tze unterstreichen, anstatt sie zu verdecken. Dies ist die brandneue Anforderung an die Gestaltung von Anl\u00e4ssen, und sie beginnt genau hier.<\/p>\n<p><img fetchpriority=\"high\" decoding=\"async\" class=\"size-full wp-image-1511\" src=\"https:\/\/customacrylicproduct.com\/wp-content\/uploads\/2025\/07\/Table-Number-Sign-1.jpg\" alt=\"Tischnummernschild (1)\" width=\"1000\" height=\"1000\" srcset=\"https:\/\/customacrylicproduct.com\/wp-content\/uploads\/2025\/07\/Table-Number-Sign-1.jpg 1000w, https:\/\/customacrylicproduct.com\/wp-content\/uploads\/2025\/07\/Table-Number-Sign-1-300x300.jpg 300w, https:\/\/customacrylicproduct.com\/wp-content\/uploads\/2025\/07\/Table-Number-Sign-1-150x150.jpg 150w, https:\/\/customacrylicproduct.com\/wp-content\/uploads\/2025\/07\/Table-Number-Sign-1-768x768.jpg 768w, https:\/\/customacrylicproduct.com\/wp-content\/uploads\/2025\/07\/Table-Number-Sign-1-600x600.jpg 600w, https:\/\/customacrylicproduct.com\/wp-content\/uploads\/2025\/07\/Table-Number-Sign-1-100x100.jpg 100w\" sizes=\"(max-width: 1000px) 100vw, 1000px\" \/><\/p>\n<h4 id=\"the-appeal-of-flawless-design-material-and-workmanship\">Die Anziehungskraft eines makellosen Designs: Material und Verarbeitung<\/h4>\n<p>Unsere sechseckigen Blinker werden aus hochwertigem, widerstandsf\u00e4higem und kristallklarem Acryl pr\u00e4zisionsgeschnitten. Im Gegensatz zu Glas, das empfindlich und unsicher sein kann, bietet unser Acryl genau die gleiche leuchtende Offenheit mit bemerkenswerter St\u00e4rke und einem leichten Gef\u00fchl. Jedes Produkt verf\u00fcgt \u00fcber fehlerfrei aufgehellte, lasergeschnittene Seiten, die eine glatte, risikofreie und glamour\u00f6se Beschichtung garantieren, die sich wunderbar anf\u00fchlt.<\/p>\n<p>Die Form des Sechsecks wurde absichtlich und inspiriert gew\u00e4hlt. Als Liebhaber des modernen geometrischen Stils bietet das Sechseck einen ausgepr\u00e4gten architektonischen Schwung, der Ihren Anlass von denen abhebt, die typische rechteckige oder runde Karten verwenden. Es ist ein Symbol f\u00fcr Best\u00e4ndigkeit, Ausgewogenheit und Verbindung - die ideale Ansicht f\u00fcr eine Hochzeit, einen Hochzeitstag oder jede Art von Zusammenkunft, die Menschen zusammenbringen soll. Um sicherzustellen, dass sie in einem ausgezeichneten, kratzfreien Zustand bei Ihnen ankommen, wird jedes einzelne Acrylsechseck mit einem Sicherheitsfilm auf beiden Seiten ausgeliefert. Ziehen Sie diese vor der Verwendung einfach ab, um eine ausgezeichnete, bemerkenswert klare Oberfl\u00e4che freizulegen, die f\u00fcr Ihre individuelle Note bereit ist.<\/p>\n<p><img decoding=\"async\" class=\"wp-image-1512 size-large\" src=\"https:\/\/customacrylicproduct.com\/wp-content\/uploads\/2025\/07\/Table-Number-Sign-2-1024x1024.jpg\" alt=\"Tischnummernschild (2)\" width=\"1024\" height=\"1024\" srcset=\"https:\/\/customacrylicproduct.com\/wp-content\/uploads\/2025\/07\/Table-Number-Sign-2-1024x1024.jpg 1024w, https:\/\/customacrylicproduct.com\/wp-content\/uploads\/2025\/07\/Table-Number-Sign-2-300x300.jpg 300w, https:\/\/customacrylicproduct.com\/wp-content\/uploads\/2025\/07\/Table-Number-Sign-2-150x150.jpg 150w, https:\/\/customacrylicproduct.com\/wp-content\/uploads\/2025\/07\/Table-Number-Sign-2-768x768.jpg 768w, https:\/\/customacrylicproduct.com\/wp-content\/uploads\/2025\/07\/Table-Number-Sign-2-600x600.jpg 600w, https:\/\/customacrylicproduct.com\/wp-content\/uploads\/2025\/07\/Table-Number-Sign-2-100x100.jpg 100w, https:\/\/customacrylicproduct.com\/wp-content\/uploads\/2025\/07\/Table-Number-Sign-2.jpg 1500w\" sizes=\"(max-width: 1024px) 100vw, 1024px\" \/><\/p>\n<h4 id=\"a-canvas-for-your-distinct-vision-unmatched-versatility\">Eine Leinwand f\u00fcr Ihre unverwechselbare Vision: Unerreichte Vielseitigkeit<\/h4>\n<p>Der wahre Zauber dieser Acryl-Sechsecke liegt in ihrer grenzenlosen Vielseitigkeit. Sie werden als hervorragende leere Schiefertafeln angeboten, so dass Sie Ihrer Fantasie freien Lauf lassen und sie perfekt an den besonderen Stil und das Farbschema Ihrer Veranstaltung anpassen k\u00f6nnen.<\/p>\n<p><strong>1. Stilvolle Tischkarten:\u00a0<\/strong>. Verwandeln Sie Ihre Sitzordnung in ein Meisterwerk. Mit einem Stift auf \u00d6lbasis (in Gold, Silber, Wei\u00df, erh\u00f6htem Gold oder Schwarz) k\u00f6nnen Sie den Namen eines jeden Gastes in wundersch\u00f6ner Kalligraphie von Hand schreiben. Der Name scheint in der Luft zu schweben und erzeugt eine sensationelle \u00e4sthetische Wirkung auf jeder Tischw\u00e4sche oder Ladeplatte. Wie auf den Bildern zu sehen, k\u00f6nnen Sie sie direkt auf die Papierserviette legen, sie in einem kleinen St\u00e4nder platzieren oder sie \u00fcber eine Papierkarte legen, um ein reichhaltiges, mehrdimensionales Erscheinungsbild zu erzielen. So werden sie nicht nur zu einer einfachen Tischmarkierung, sondern auch zu einem ma\u00dfgeschneiderten Andenken, das Ihre G\u00e4ste mit nach Hause nehmen k\u00f6nnen.<\/p>\n<p><strong>2. Schicke Tischfiguren:\u00a0<\/strong>. Verabschieden Sie sich von sperrigen, sichtbehindernden Tischnummern. Unsere durchsichtigen Sechsecke aus Acryl bieten klare Unterst\u00fctzung, ohne Ihre Dekoration zu gef\u00e4hrden. Eine k\u00fchne, stilvolle Zahl, die mit Vinyl oder Farbe aufgetragen wird, zieht die Aufmerksamkeit wunderbar auf sich, w\u00e4hrend der transparente Hintergrund Ihren Blumenpl\u00e4nen und Tafelaufs\u00e4tzen erlaubt, der Star des Programms zu bleiben. Stellen Sie die Sechsecke in einen einfachen Holz-, Acryl- oder Metallhalter (je nach Wunsch), damit sie sich nahtlos in jede Art von Stil einf\u00fcgen, von rustikalem Charme bis zu moderner Sch\u00f6nheit.<\/p>\n<p><strong>3. Jenseits des Tisches:\u00a0<\/strong>. Ihr Nutzen geht weit \u00fcber das Aufstellen von Tischen und Tischnummern hinaus. Ber\u00fccksichtigen Sie diese verschiedenen anderen phantasievollen Anwendungen:.<\/p>\n<ul>\n<li><strong>Etiketten f\u00fcr Buffet und Leckerbissen:\u00a0<\/strong>Beschriften Sie Gerichte, Leckereien oder K\u00e4sesorten, die im Trend liegen.<\/li>\n<li><strong>Bar &amp; alkoholische Getr\u00e4nke Indikationen:\u00a0<\/strong>Stellen Sie Ihre typischen Mixgetr\u00e4nke vor oder listen Sie die verf\u00fcgbaren Wei\u00dfweine und Biere auf.<\/li>\n<li><strong>Wenig aussagekr\u00e4ftige Indikatoren:\u00a0<\/strong>Verwenden Sie sie f\u00fcr Ihren Gabentisch, Ihre G\u00e4stebuchstation oder um Ihren Hochzeits-Hashtag anzuzeigen.<\/li>\n<li><strong>\u201d Gebucht\u201d-Indikatoren:\u00a0<\/strong>Markieren Sie auf elegante Weise besondere Pl\u00e4tze f\u00fcr die Familie oder die Hochzeitsfeier.<\/li>\n<li><strong>DIY Hochzeitsfeier bevorzugt:\u00a0<\/strong>Gravieren oder malen Sie eine Danksagung oder ein Monogramm f\u00fcr Ihre Hochzeitsfeier, um einen sch\u00f6nen und unvergesslichen Anh\u00e4nger zu erhalten.<\/li>\n<\/ul>\n<p><img decoding=\"async\" class=\"wp-image-1513 size-large aligncenter\" src=\"https:\/\/customacrylicproduct.com\/wp-content\/uploads\/2025\/07\/Table-Number-Sign-3-1024x1024.jpg\" alt=\"Tischnummernschild (3)\" width=\"1024\" height=\"1024\" srcset=\"https:\/\/customacrylicproduct.com\/wp-content\/uploads\/2025\/07\/Table-Number-Sign-3-1024x1024.jpg 1024w, https:\/\/customacrylicproduct.com\/wp-content\/uploads\/2025\/07\/Table-Number-Sign-3-300x300.jpg 300w, https:\/\/customacrylicproduct.com\/wp-content\/uploads\/2025\/07\/Table-Number-Sign-3-150x150.jpg 150w, https:\/\/customacrylicproduct.com\/wp-content\/uploads\/2025\/07\/Table-Number-Sign-3-768x768.jpg 768w, https:\/\/customacrylicproduct.com\/wp-content\/uploads\/2025\/07\/Table-Number-Sign-3-600x600.jpg 600w, https:\/\/customacrylicproduct.com\/wp-content\/uploads\/2025\/07\/Table-Number-Sign-3-100x100.jpg 100w, https:\/\/customacrylicproduct.com\/wp-content\/uploads\/2025\/07\/Table-Number-Sign-3.jpg 1500w\" sizes=\"(max-width: 1024px) 100vw, 1024px\" \/><\/p>\n<h4 id=\"perfectly-fit-for-any-theme-\">Passt perfekt zu jedem Thema<\/h4>\n<p>Die minimalistische, cham\u00e4leonartige Qualit\u00e4t dieser klaren Acrylschilder erm\u00f6glicht es, dass sie sich problemlos in jede Art von \u00c4sthetik einf\u00fcgen. Sie bestimmen ein Design nicht, sondern werten es auf.<\/p>\n<ul>\n<li><strong>Modern &amp; Minimalistisch:\u00a0<\/strong>Ihre klaren Linien und geometrischen Formen sind wie geschaffen f\u00fcr eine moderne Feier. Kombinieren Sie sie mit einfacher Typografie und schwarz-wei\u00dfen Details f\u00fcr einen klaren, innovativen Look.<\/li>\n<li><strong>Charmant &amp; Garten:\u00a0<\/strong>Vor einem Hintergrund aus \u00fcppigen Blumen, Gr\u00fcnpflanzen wie Eukalyptus und sanftem Kerzenlicht verleihen die Acrylblinker dem Raum einen Hauch von moderner Magie, indem sie das Licht einfangen und ihm eine zus\u00e4tzliche Tiefe verleihen.<\/li>\n<li><strong>Altmodisch &amp; Hippie:\u00a0<\/strong>Kontrastieren Sie das stromlinienf\u00f6rmige Acryl mit nat\u00fcrlichen Strukturen. Legen Sie sie in rohe Holzhalter, binden Sie sie mit Bindfaden zusammen und kombinieren Sie sie mit getrockneten Blumen, um eine wunderbare Verbindung von modern und organisch zu schaffen.<\/li>\n<li><strong>Glamour\u00f6s und Art Deco:\u00a0<\/strong>Verziert mit silbernen oder goldenen Kalligraphien aus Metall und an opulenten Brennpunkten platziert, strahlen diese Anzeiger eine luxuri\u00f6se und hochwertige Sch\u00f6nheit aus.<\/li>\n<\/ul>\n<h4 id=\"greater-than-a-wedding-information-\">Mehr als nur eine Hochzeitsinformation<\/h4>\n<p>Der zeitlose Charme dieser Sechsecke aus Acryl macht sie zu einem unverzichtbaren Element f\u00fcr eine Vielzahl von Veranstaltungen. Heben Sie eine anspruchsvolle Gesch\u00e4ftsgala hervor, verleihen Sie einer Geburtstagsparty eine pers\u00f6nliche Note, verschaffen Sie den Besuchern einer Hochzeit oder einer Babyparty einen \u00dcberblick oder verleihen Sie Ihren Festtagstischen zu Thanksgiving oder Weihnachten einen Hauch von Nat\u00fcrlichkeit. F\u00fcr Gesch\u00e4ftsinhaber k\u00f6nnen sie sogar als stilvolle, wiederverwertbare Preisschilder oder Artikelkennzeichnungen verwendet werden.<\/p>\n<p>Kaufen Sie einen Artikel, den Sie immer wieder verwenden k\u00f6nnen. Das robuste Acryl ist mit einem weichen Stoff leicht zu reinigen und kann f\u00fcr alle zuk\u00fcnftigen Ereignisse des Lebens aufbewahrt und wiederverwendet werden.<\/p>\n<h4 id=\"your-event-your-work-of-art-\">Ihr Event, Ihr Kunstwerk<\/h4>\n<p>Sie haben wirklich jedes Detail Ihres besonderen Tages mit viel Herzblut geplant. Von den Blumen bis zur Musik - jede Auswahl erz\u00e4hlt einen Teil Ihrer Geschichte. Lassen Sie Ihre Tischdekoration mit demselben Ma\u00df an Absicht und Stil gestalten. Diese Sechseckschilder aus Acryl sind nicht nur ein logistisches Hilfsmittel, sondern auch ein stilistisches Statement, eine Anspielung auf zeitgen\u00f6ssische Romantik und ein Detail, das Ihre G\u00e4ste sicherlich zu sch\u00e4tzen wissen und in Erinnerung behalten werden.<\/p>\n<p>F\u00fcgen Sie dieses wichtige Element zu Ihrem Stil hinzu und beginnen Sie mit der sch\u00f6nen Prozedur, sie zu Ihrem eigenen zu machen. Erzeugen Sie ein koh\u00e4rentes, hochwertiges Erscheinungsbild, das sowohl individuell als auch gekonnt kuratiert wirkt. Bestellen Sie Ihr Set aus\u00a0<strong>Kosten Polymer-Sechseck-Indikatoren\u00a0<\/strong>heute und schaffen ein Ambiente von reiner, unvergesslicher Sch\u00f6nheit.<\/p>","protected":false},"excerpt":{"rendered":"<p class=\"ng-star-inserted\"><span class=\"ng-star-inserted\">Peppen Sie Ihre Veranstaltung mit diesen schicken sechseckigen Acrylschildern auf. Sie eignen sich perfekt als elegante Tischkarten oder moderne Tischnummern und verleihen mit ihrem kristallklaren Design jeder Hochzeit oder Partydekoration einen raffinierten, minimalistischen Touch. Eine sch\u00f6ne, wiederverwendbare Option, um Ihre G\u00e4ste stilvoll zu f\u00fchren.<\/span><\/p>","protected":false},"featured_media":1511,"template":"","meta":{"_kad_post_transparent":"default","_kad_post_title":"","_kad_post_layout":"default","_kad_post_sidebar_id":"","_kad_post_content_style":"default","_kad_post_vertical_padding":"default","_kad_post_feature":"","_kad_post_feature_position":"","_kad_post_header":false,"_kad_post_footer":false,"_kad_post_classname":""},"product_brand":[],"product_cat":[18],"product_tag":[51],"class_list":{"0":"post-1510","1":"product","2":"type-product","3":"status-publish","4":"has-post-thumbnail","6":"product_cat-custom-acrylic-signs","7":"product_tag-custom-acrylic-signs","9":"first","10":"instock","11":"shipping-taxable","12":"product-type-simple","13":"entry","14":"content-bg","15":"loop-entry"},"_links":{"self":[{"href":"https:\/\/customacrylicproduct.com\/de\/wp-json\/wp\/v2\/product\/1510","targetHints":{"allow":["GET"]}}],"collection":[{"href":"https:\/\/customacrylicproduct.com\/de\/wp-json\/wp\/v2\/product"}],"about":[{"href":"https:\/\/customacrylicproduct.com\/de\/wp-json\/wp\/v2\/types\/product"}],"wp:featuredmedia":[{"embeddable":true,"href":"https:\/\/customacrylicproduct.com\/de\/wp-json\/wp\/v2\/media\/1511"}],"wp:attachment":[{"href":"https:\/\/customacrylicproduct.com\/de\/wp-json\/wp\/v2\/media?parent=1510"}],"wp:term":[{"taxonomy":"product_brand","embeddable":true,"href":"https:\/\/customacrylicproduct.com\/de\/wp-json\/wp\/v2\/product_brand?post=1510"},{"taxonomy":"product_cat","embeddable":true,"href":"https:\/\/customacrylicproduct.com\/de\/wp-json\/wp\/v2\/product_cat?post=1510"},{"taxonomy":"product_tag","embeddable":true,"href":"https:\/\/customacrylicproduct.com\/de\/wp-json\/wp\/v2\/product_tag?post=1510"}],"curies":[{"name":"wp","href":"https:\/\/api.w.org\/{rel}","templated":true}]}}