{"id":1519,"date":"2025-07-22T02:10:17","date_gmt":"2025-07-22T02:10:17","guid":{"rendered":"https:\/\/customacrylicproduct.com\/?post_type=product&#038;p=1519"},"modified":"2025-07-22T02:10:17","modified_gmt":"2025-07-22T02:10:17","slug":"simplicity-custom-clear-acrylic-digital-photo-frame-standing","status":"publish","type":"product","link":"https:\/\/customacrylicproduct.com\/de\/simplicity-custom-clear-acrylic-digital-photo-frame-standing\/","title":{"rendered":"Einfachheit benutzerdefinierte klar Acryl digitale Fotorahmen Stehend"},"content":{"rendered":"<h3 id=\"-showcase-your-memories-in-flawless-clearness-the-simpleness-personalized-clear-polymer-image-framework-\"><strong>Pr\u00e4sentieren Sie Ihre Erinnerungen in makelloser Klarheit: Der Simpleness Personalized Clear Polymer Image Framework<\/strong><\/h3>\n<p>In einer von elektronischen Bildern ges\u00e4ttigten Welt, in der unsere wertvollsten Minuten oft auf das kurzfristige Leuchten eines Bildschirms beschr\u00e4nkt sind, liegt eine gro\u00dfe und dauerhafte Kraft darin, ein Foto in der realen Welt zum Leben zu erwecken. Ein ver\u00f6ffentlichtes Foto ist eine wichtige Verbindung zu einer Erinnerung, eine Geschichte, die in der Zeit festgehalten wird. Doch wie kann man diese kostbaren Minuten zeigen, ohne von ihrem Charme abzulenken? Wie erkennt man eine Erinnerung auf eine Weise, die sowohl modern als auch zeitlos ist?<\/p>\n<p>Die Pr\u00e4sentation der\u00a0<strong>Simplicity Custom-made Clear Polymer Bilderrahmen\u00a0<\/strong>- eine Meisterklasse in minimalistischem Design und die ultimative Pr\u00e4sentation f\u00fcr Ihre wertvollsten Fotos, Kunstwerke und Auszeichnungen. Dies ist mehr als nur ein Rahmen; es ist eine kristallklare B\u00fchne, die Ihre Erinnerungen in unvergleichlichem Glanz erstrahlen l\u00e4sst und sie in jeder Umgebung ins Rampenlicht stellt. Vernachl\u00e4ssigen Sie sperrige, verschn\u00f6rkelte Rahmen, die um Aufmerksamkeit buhlen. Unser Acrylrahmen wurde mit einem Konzept im Hinterkopf entworfen: Ihr Foto zum Helden zu machen.<\/p>\n<p><img fetchpriority=\"high\" decoding=\"async\" class=\"size-full wp-image-1522\" src=\"https:\/\/customacrylicproduct.com\/wp-content\/uploads\/2025\/07\/Custom-Clear-Acrylic-Digital-Photo-Frame-3.jpg\" alt=\"Individueller digitaler Fotorahmen aus klarem Acryl (3)\" width=\"800\" height=\"800\" srcset=\"https:\/\/customacrylicproduct.com\/wp-content\/uploads\/2025\/07\/Custom-Clear-Acrylic-Digital-Photo-Frame-3.jpg 800w, https:\/\/customacrylicproduct.com\/wp-content\/uploads\/2025\/07\/Custom-Clear-Acrylic-Digital-Photo-Frame-3-300x300.jpg 300w, https:\/\/customacrylicproduct.com\/wp-content\/uploads\/2025\/07\/Custom-Clear-Acrylic-Digital-Photo-Frame-3-150x150.jpg 150w, https:\/\/customacrylicproduct.com\/wp-content\/uploads\/2025\/07\/Custom-Clear-Acrylic-Digital-Photo-Frame-3-768x768.jpg 768w, https:\/\/customacrylicproduct.com\/wp-content\/uploads\/2025\/07\/Custom-Clear-Acrylic-Digital-Photo-Frame-3-600x600.jpg 600w, https:\/\/customacrylicproduct.com\/wp-content\/uploads\/2025\/07\/Custom-Clear-Acrylic-Digital-Photo-Frame-3-100x100.jpg 100w\" sizes=\"(max-width: 800px) 100vw, 800px\" \/><\/p>\n<p><strong>Die Reinheit des Designs: Ein Fenster zum Globus f\u00fcr Ihr Zuhause<\/strong><\/p>\n<p>Unser Rahmen besteht aus 2 dicken, hochwertigen, kristallklaren Acrylplatten, zwischen denen Ihr Foto oder Ihre Datei eingebettet ist. Dieser raffinierte, rahmenlose Stil entfaltet eine sensationelle \u201cschwebende\u201d Wirkung, die Ihr Bild so erscheinen l\u00e4sst, als ob es in der Luft schweben w\u00fcrde. Das Licht bricht sich wundersch\u00f6n an den polierten Seiten und erzeugt ein raffiniertes, leuchtendes Strahlen, das den Blick direkt auf das Herzst\u00fcck des Displays lenkt - Ihre Erinnerung.<\/p>\n<p>Die Konstruktion ist ein Wunderwerk der Technik. Die beiden Paneele werden von erstklassigen metallenen Abstandshaltern zusammengehalten, die ebenso \u00e4sthetisch wie praktisch sind. Diese raffinierten Stahlakzente, die in verschiedenen Beschichtungen erh\u00e4ltlich sind, verleihen einen Hauch von industriellem Schick. Die Montage ist m\u00fchelos: Schrauben Sie einfach die Pfosten ab, platzieren Sie Ihr Bild zwischen den Paneelen und befestigen Sie sie wieder. Es gibt keine l\u00e4stigen Metalllaschen, die geknickt werden m\u00fcssen, und es besteht auch keine Gefahr, dass das Glas besch\u00e4digt wird. Das \u00c4ndern von Fotos ist ein einfacher, angenehmer Vorgang, der nur Sekunden dauert und Sie dazu motiviert, Ihr Display frisch und aktuell zu halten.<\/p>\n<p><img decoding=\"async\" class=\"wp-image-1523 size-large aligncenter\" src=\"https:\/\/customacrylicproduct.com\/wp-content\/uploads\/2025\/07\/Custom-Clear-Acrylic-Digital-Photo-Frame-4-1024x1024.jpg\" alt=\"Individueller digitaler Fotorahmen aus klarem Acryl (4)\" width=\"1024\" height=\"1024\" srcset=\"https:\/\/customacrylicproduct.com\/wp-content\/uploads\/2025\/07\/Custom-Clear-Acrylic-Digital-Photo-Frame-4-1024x1024.jpg 1024w, https:\/\/customacrylicproduct.com\/wp-content\/uploads\/2025\/07\/Custom-Clear-Acrylic-Digital-Photo-Frame-4-300x300.jpg 300w, https:\/\/customacrylicproduct.com\/wp-content\/uploads\/2025\/07\/Custom-Clear-Acrylic-Digital-Photo-Frame-4-150x150.jpg 150w, https:\/\/customacrylicproduct.com\/wp-content\/uploads\/2025\/07\/Custom-Clear-Acrylic-Digital-Photo-Frame-4-768x768.jpg 768w, https:\/\/customacrylicproduct.com\/wp-content\/uploads\/2025\/07\/Custom-Clear-Acrylic-Digital-Photo-Frame-4-1536x1536.jpg 1536w, https:\/\/customacrylicproduct.com\/wp-content\/uploads\/2025\/07\/Custom-Clear-Acrylic-Digital-Photo-Frame-4-600x600.jpg 600w, https:\/\/customacrylicproduct.com\/wp-content\/uploads\/2025\/07\/Custom-Clear-Acrylic-Digital-Photo-Frame-4-100x100.jpg 100w, https:\/\/customacrylicproduct.com\/wp-content\/uploads\/2025\/07\/Custom-Clear-Acrylic-Digital-Photo-Frame-4.jpg 1920w\" sizes=\"(max-width: 1024px) 100vw, 1024px\" \/><\/p>\n<p><strong>Unerreichte Klarheit und Langzeitstabilit\u00e4t<\/strong><\/p>\n<p>Wir verwenden nur das beste, gegossene Acryl, das f\u00fcr seine \u00fcberragende optische Klarheit bekannt ist, die sich mit dem sch\u00f6nsten Glas messen kann, ohne jedoch zerbrechlich zu sein. Im Gegensatz zu billigerem, ausgepresstem Acryl sind unsere Paneele immun gegen ein allm\u00e4hliches Vergilben und garantieren, dass Ihr Display so klar und dynamisch bleibt wie an dem Tag, an dem Sie es zum ersten Mal aufstellten. Dar\u00fcber hinaus bietet das Acrylglas einen nat\u00fcrlichen UV-Schutz, der Ihre unbezahlbaren Fotos vor dem Ausbleichen durch Sonneneinstrahlung sch\u00fctzt und ihre Schattierungen und Details f\u00fcr viele Jahre bewahrt.<\/p>\n<p>Die betr\u00e4chtliche Dicke der Paneele verleiht der Struktur ein erfreuliches Gewicht und ein hochwertiges Gef\u00fchl. Dank der intelligent konstruierten Standf\u00fc\u00dfe steht es sicher von selbst, entweder hoch und runter oder flach. So k\u00f6nnen Sie mit einer einfachen Drehung sowohl Fotos im Hoch- als auch im Querformat zeigen, was es anpassungsf\u00e4hig f\u00fcr jede Art von Foto oder Bereich macht.<\/p>\n<p><img decoding=\"async\" class=\"size-full wp-image-1521\" src=\"https:\/\/customacrylicproduct.com\/wp-content\/uploads\/2025\/07\/Custom-Clear-Acrylic-Digital-Photo-Frame-2.jpg\" alt=\"Individueller digitaler Fotorahmen aus klarem Acryl (2)\" width=\"800\" height=\"800\" srcset=\"https:\/\/customacrylicproduct.com\/wp-content\/uploads\/2025\/07\/Custom-Clear-Acrylic-Digital-Photo-Frame-2.jpg 800w, https:\/\/customacrylicproduct.com\/wp-content\/uploads\/2025\/07\/Custom-Clear-Acrylic-Digital-Photo-Frame-2-300x300.jpg 300w, https:\/\/customacrylicproduct.com\/wp-content\/uploads\/2025\/07\/Custom-Clear-Acrylic-Digital-Photo-Frame-2-150x150.jpg 150w, https:\/\/customacrylicproduct.com\/wp-content\/uploads\/2025\/07\/Custom-Clear-Acrylic-Digital-Photo-Frame-2-768x768.jpg 768w, https:\/\/customacrylicproduct.com\/wp-content\/uploads\/2025\/07\/Custom-Clear-Acrylic-Digital-Photo-Frame-2-600x600.jpg 600w, https:\/\/customacrylicproduct.com\/wp-content\/uploads\/2025\/07\/Custom-Clear-Acrylic-Digital-Photo-Frame-2-100x100.jpg 100w\" sizes=\"(max-width: 800px) 100vw, 800px\" \/><\/p>\n<p><strong>Eine Leinwand f\u00fcr jedes M\u00e4rchen<\/strong><\/p>\n<p>Die wahre Eleganz des Simpleness Polymer Framework liegt in seiner unglaublichen Bequemlichkeit. Es ist eine leere Leinwand, die auf Ihre Erz\u00e4hlung wartet.<\/p>\n<ul>\n<li><strong>Fotografien:\u00a0<\/strong>Von speziellen Familienportr\u00e4ts \u00fcber sensationelle Landschaftsaufnahmen bis hin zu Schnappsch\u00fcssen von Ihrem Smartger\u00e4t - dieser Rahmen verleiht jedem Foto eine Diskussion in Galeriequalit\u00e4t. Die Klarheit des Rahmens hebt jedes Detail hervor, so dass Farben leuchten und Schwarz-Wei\u00df-Fotos wirklich reich und tief wirken.<\/li>\n<li><strong>Kunstwerke und Illustrationen:\u00a0<\/strong>Pr\u00e4sentieren Sie das erste Meisterwerk Ihres Kindes, eine beliebte Postkarte oder ein skurriles Bild (wie die bezaubernde Ente auf dem Bild). Das rahmenlose Design sch\u00e4tzt die Integrit\u00e4t des Kunstwerks und pr\u00e4sentiert es vollst\u00e4ndig, ohne es zu beschneiden oder irgendeine Komponente der Kreation zu verbergen.<\/li>\n<li><strong>Urkunden und Auszeichnungen:\u00a0<\/strong>Geben Sie Ihren hart erarbeiteten Leistungen die Anerkennung, die sie verdienen. Egal, ob es sich um einen Hochschulabschluss, eine fachliche Anerkennung oder eine Unternehmensauszeichnung handelt, dieser Rahmen verleiht dem Ganzen einen modernen Stil und Autorit\u00e4t, was ihn zu einer idealen Erg\u00e4nzung f\u00fcr jede Art von Heim- oder Gesch\u00e4ftsarbeitsplatz macht.<\/li>\n<li><strong>Mementos:\u00a0<\/strong>Lassen Sie Ihre Erinnerungen nicht in einer Schachtel verstauben. Verwenden Sie den Rahmen, um andere flache Preise zu zeigen - einen Ticketabriss von einer lebensver\u00e4ndernden Auff\u00fchrung, eine gepresste Bl\u00fcte von einem Hochzeitsstrau\u00df, eine abgeschriebene Notiz von einem geliebten Menschen. Die Acrylplatten sch\u00fctzen diese zerbrechlichen Produkte und halten sie perfekt auf dem Bildschirm.<\/li>\n<\/ul>\n<p><strong>Reibungslose Integration in jede Art von Dekoration<\/strong><\/p>\n<p>Die minimalistische Optik der Simpleness Acrylic Structure garantiert, dass sie jede Art von Einrichtungsstil aufwertet.<\/p>\n<ul>\n<li><strong>Im modernen Haus:\u00a0<\/strong>Seine klaren Linien und seine Klarheit f\u00fcgen sich perfekt in modernes, skandinavisches oder kommerzielles Design ein. Stellen Sie ihn auf einen minimalistischen Kaminsims, einen glatten B\u00fcrotisch oder einen Nachttisch, um ihm einen Hauch von schlichter Eleganz zu verleihen.<\/li>\n<li><strong>Im konventionellen Raum:\u00a0<\/strong>Der Rahmen bietet einen erfrischenden, zeitgen\u00f6ssischen Kontrapunkt in viel konventionelleren Umgebungen. Indem er das Bild \u201cschweben\u201d l\u00e4sst, vermeidet er die \u00e4sthetische Unordnung, die mit wuchtigen, klassischen Strukturen einhergehen kann, und gibt dem Bild Raum zum Durchatmen.<\/li>\n<li><strong>Am Arbeitsplatz der Experten:\u00a0<\/strong>Projizieren Sie ein Bild von moderner Leistung und Design. Nutzen Sie es, um Unternehmenswerte, Gruppenbilder oder Ehrungen zu pr\u00e4sentieren. Sein klares, unauff\u00e4lliges Layout sorgt f\u00fcr ein sachkundiges Ambiente und verleiht ihm eine pers\u00f6nliche Note.<\/li>\n<\/ul>\n<p><strong>Das perfekte Geschenk, personalisiert und durchdacht\u00a0<\/strong>.<\/p>\n<p>Sie suchen ein Geschenk, das sowohl pers\u00f6nlich als auch allgemein ansprechend ist? Suchen Sie nicht weiter. Der Simplicity-Acrylrahmen ist eine ph\u00e4nomenale Wahl f\u00fcr jede Art von Anlass - Hochzeitsfeiern, Jubil\u00e4en, Abschlussfeiern, Geburtstage, Muttertag oder als Einweihungsgeschenk. Best\u00fccken Sie ihn mit einem aussagekr\u00e4ftigen Foto f\u00fcr eine wirklich echte Bewegung. Es ist ein Geschenk, das R\u00fccksichtnahme und Anerkennung sowohl f\u00fcr die Erinnerung als auch f\u00fcr das Design ausdr\u00fcckt.<\/p>\n<p><strong>Vom Digitalen zur Show: Br\u00fcckenschlag zwischen den Welten<\/strong><\/p>\n<p>Obwohl es sich bei unserem Artikel um einen physischen Rahmen handelt, nennen wir ihn im Geiste eine \u201cDigital Image Structure\u201d. Es ist das perfekte Ziel f\u00fcr die zahlreichen wundersch\u00f6nen Bilder, die von unseren elektronischen Kameras und Smartger\u00e4ten aufgenommen werden. Es bietet die passende Br\u00fccke, indem es Ihre idealen digitalen Minuten aufnimmt und sie direkt in langfristige, physische Kunst f\u00fcr Ihr Zuhause oder B\u00fcro verwandelt. Es motiviert Sie dazu, Ihr Leben zu kuratieren, die besonderen Bilder auszuw\u00e4hlen, die einen Moment kennzeichnen und einen Ort der Ehre bieten.<\/p>\n<p>H\u00f6ren Sie auf zu wischen und fangen Sie an zu zeigen. Befreien Sie Ihre Erinnerungen von den Grenzen Ihres Laufwerks. Lassen Sie das Kichern aus dem Urlaub, die Romantik eines besonderen Tages oder den Stolz auf eine Errungenschaft in Ihren Speicher laden.<\/p>\n<p>Bestellen Sie Ihr\u00a0<strong>Einfachheit kundenspezifische klare Acryl Foto Struktur\u00a0<\/strong>und bieten Sie Ihren Geschichten die gro\u00dfartige, attraktive Pr\u00e4sentation, die ihnen absolut zusteht.<\/p>","protected":false},"excerpt":{"rendered":"<p class=\"ng-star-inserted\"><span class=\"ng-star-inserted\">Pr\u00e4sentieren Sie Ihre Erinnerungen mit moderner Schlichtheit. Unser stehender Rahmen aus klarem Acryl verleiht Fotos und Urkunden einen atemberaubenden \u201cschwebenden\u201d Effekt. Das rahmenlose, doppelwandige Design ist perfekt f\u00fcr jeden Schreibtisch oder jedes Regal.<\/span><\/p>","protected":false},"featured_media":1522,"template":"","meta":{"_kad_post_transparent":"default","_kad_post_title":"","_kad_post_layout":"default","_kad_post_sidebar_id":"","_kad_post_content_style":"default","_kad_post_vertical_padding":"default","_kad_post_feature":"","_kad_post_feature_position":"","_kad_post_header":false,"_kad_post_footer":false,"_kad_post_classname":""},"product_brand":[],"product_cat":[20],"product_tag":[65],"class_list":{"0":"post-1519","1":"product","2":"type-product","3":"status-publish","4":"has-post-thumbnail","6":"product_cat-custom-acrylic-crafts","7":"product_tag-custom-acrylic-crafts","9":"first","10":"instock","11":"shipping-taxable","12":"product-type-simple","13":"entry","14":"content-bg","15":"loop-entry"},"_links":{"self":[{"href":"https:\/\/customacrylicproduct.com\/de\/wp-json\/wp\/v2\/product\/1519","targetHints":{"allow":["GET"]}}],"collection":[{"href":"https:\/\/customacrylicproduct.com\/de\/wp-json\/wp\/v2\/product"}],"about":[{"href":"https:\/\/customacrylicproduct.com\/de\/wp-json\/wp\/v2\/types\/product"}],"wp:featuredmedia":[{"embeddable":true,"href":"https:\/\/customacrylicproduct.com\/de\/wp-json\/wp\/v2\/media\/1522"}],"wp:attachment":[{"href":"https:\/\/customacrylicproduct.com\/de\/wp-json\/wp\/v2\/media?parent=1519"}],"wp:term":[{"taxonomy":"product_brand","embeddable":true,"href":"https:\/\/customacrylicproduct.com\/de\/wp-json\/wp\/v2\/product_brand?post=1519"},{"taxonomy":"product_cat","embeddable":true,"href":"https:\/\/customacrylicproduct.com\/de\/wp-json\/wp\/v2\/product_cat?post=1519"},{"taxonomy":"product_tag","embeddable":true,"href":"https:\/\/customacrylicproduct.com\/de\/wp-json\/wp\/v2\/product_tag?post=1519"}],"curies":[{"name":"wp","href":"https:\/\/api.w.org\/{rel}","templated":true}]}}